{"id":9396,"date":"2020-10-02T17:33:04","date_gmt":"2020-10-02T13:33:04","guid":{"rendered":"https:\/\/merritt.ae\/?page_id=9396"},"modified":"2025-01-21T14:12:47","modified_gmt":"2025-01-21T10:12:47","slug":"societe-free-zone-dubai","status":"publish","type":"page","link":"https:\/\/merritt.ae\/fr\/societe\/type-de-societes\/societe-free-zone-dubai\/","title":{"rendered":"La soci\u00e9t\u00e9 Free-zone"},"content":{"rendered":"<div id='full_slider_1'  class='avia-fullwidth-slider main_color avia-shadow   avia-builder-el-0  el_before_av_heading  avia-builder-el-first   container_wrap sidebar_right'  >\n<style type=\"text\/css\" data-created_by=\"avia_inline_auto\" id=\"style-css-av-1elbghp-0a382789006a55c9d31b215621063f32\">\n#top #wrap_all .avia-slideshow .av-slideshow-caption.av-1elbghp-0a382789006a55c9d31b215621063f32__0 .avia-caption-title{\ncolor:#ffffff;\n}\n<\/style>\n<div  class='avia-slideshow av-1elbghp-0a382789006a55c9d31b215621063f32 avia-slideshow-featured av_slideshow_full avia-slide-slider av-slideshow-ui av-control-default av-slideshow-manual av-loop-once av-loop-manual-endless av-default-height-applied   avia-slideshow-1' data-slideshow-options=\"{&quot;animation&quot;:&quot;slide&quot;,&quot;autoplay&quot;:false,&quot;loop_autoplay&quot;:&quot;once&quot;,&quot;interval&quot;:5,&quot;loop_manual&quot;:&quot;manual-endless&quot;,&quot;autoplay_stopper&quot;:false,&quot;noNavigation&quot;:false,&quot;bg_slider&quot;:false,&quot;keep_padding&quot;:false,&quot;hoverpause&quot;:false,&quot;show_slide_delay&quot;:0}\"  itemprop=\"image\" itemscope=\"itemscope\" itemtype=\"https:\/\/schema.org\/ImageObject\" ><ul class='avia-slideshow-inner ' style='padding-bottom: 28.666666666667%;'><li  class='avia-slideshow-slide av-1elbghp-0a382789006a55c9d31b215621063f32__0  av-single-slide slide-1 slide-odd'><div data-rel='slideshow-1' class='avia-slide-wrap '   ><div class='av-slideshow-caption av-1elbghp-0a382789006a55c9d31b215621063f32__0 caption_fullwidth caption_center caption_center_framed caption_framed'><div class=\"container caption_container\"><div class=\"slideshow_caption\"><div class=\"slideshow_inner_caption\"><div class=\"slideshow_align_caption\"><h2 class='avia-caption-title '  itemprop=\"name\" >La soci\u00e9t\u00e9 Free-zone<\/h2><\/div><\/div><\/div><\/div><\/div><img decoding=\"async\" fetchpriority=\"high\" class=\"wp-image-5697 avia-img-lazy-loading-not-5697\"  src=\"https:\/\/merritt.ae\/wp-content\/uploads\/2019\/12\/Marina-1500x430.jpg\" width=\"1500\" height=\"430\" title='Marina' alt=''  itemprop=\"thumbnailUrl\"   \/><\/div><\/li><\/ul><\/div><\/div><div id='after_full_slider_1'  class='main_color av_default_container_wrap container_wrap sidebar_right'  ><div class='container av-section-cont-open' ><div class='template-page content  av-content-small alpha units'><div class='post-entry post-entry-type-page post-entry-9396'><div class='entry-content-wrapper clearfix'>\n\n<style type=\"text\/css\" data-created_by=\"avia_inline_auto\" id=\"style-css-av-6dv8hg-c32947d16b36bda0b41f77ea51950e7a\">\n#top .av-special-heading.av-6dv8hg-c32947d16b36bda0b41f77ea51950e7a{\npadding-bottom:10px;\n}\nbody .av-special-heading.av-6dv8hg-c32947d16b36bda0b41f77ea51950e7a .av-special-heading-tag .heading-char{\nfont-size:25px;\n}\n.av-special-heading.av-6dv8hg-c32947d16b36bda0b41f77ea51950e7a .av-subheading{\nfont-size:15px;\n}\n<\/style>\n<div  class='av-special-heading av-6dv8hg-c32947d16b36bda0b41f77ea51950e7a av-special-heading-h2  avia-builder-el-1  el_after_av_slideshow_full  el_before_av_textblock  avia-builder-el-first '><h2 class='av-special-heading-tag '  itemprop=\"headline\"  >Pr\u00e9sentation g\u00e9n\u00e9rale<\/h2><div class=\"special-heading-border\"><div class=\"special-heading-inner-border\"><\/div><\/div><\/div>\n<section  class='av_textblock_section av-k444riwg-a596bda5ffd41b69e0033839a83de3cc '   itemscope=\"itemscope\" itemtype=\"https:\/\/schema.org\/CreativeWork\" ><div class='avia_textblock'  itemprop=\"text\" ><p>Les <strong>free zones \u00e0 Dubai<\/strong>\u00a0offrent de nombreux avantages pour les entreprises, qu&#8217;il s&#8217;agisse de la flexibilit\u00e9 administrative ou de la simplification des d\u00e9marches pour les investisseurs \u00e9trangers. Toutefois, chaque zone pr\u00e9sente ses propres caract\u00e9ristiques, et il est essentiel de bien comprendre les forces, faiblesses, opportunit\u00e9s et menaces avant de s&#8217;engager dans cette voie.<\/p>\n<h4>Forces des free zones \u00e0 Dubai<\/h4>\n<ol>\n<li><strong>Pas d&#8217;associ\u00e9 \u00e9mirati requis<\/strong> : Contrairement \u00e0 d&#8217;autres formes d&#8217;entreprises, les entreprises bas\u00e9es dans une <strong>free zone \u00e0 Dubai<\/strong>\u00a0n&#8217;ont pas besoin de partenaires locaux \u00e9miratis. Cela permet aux entrepreneurs \u00e9trangers de conserver un contr\u00f4le total sur leur soci\u00e9t\u00e9.<\/li>\n<li><strong>Common law<\/strong> : Le syst\u00e8me juridique utilis\u00e9 dans les <strong>free zones \u00e0 Dubai<\/strong> est bas\u00e9 sur le common law, ce qui est souvent plus familier et compr\u00e9hensible pour les investisseurs internationaux.<\/li>\n<li><strong>Simplicit\u00e9 administrative<\/strong> : Les d\u00e9marches administratives dans une <strong>freezone \u00e0 Dubai<\/strong>\u00a0sont simplifi\u00e9es, ce qui facilite la cr\u00e9ation et la gestion d\u2019une entreprise.<\/li>\n<li><strong>Large choix d\u2019implantation<\/strong> : Les <strong>free zones<\/strong> offrent une vari\u00e9t\u00e9 d&#8217;emplacements strat\u00e9giques pour implanter votre entreprise, vous permettant de choisir la zone qui correspond le mieux \u00e0 vos besoins sp\u00e9cifiques.<\/li>\n<li><strong>Bureaux avec des salari\u00e9s<\/strong> : Les entreprises peuvent b\u00e9n\u00e9ficier de bureaux dans la <strong>free zone<\/strong>, avec la possibilit\u00e9 de recruter des salari\u00e9s, ce qui facilite l&#8217;op\u00e9ration de l&#8217;entreprise.<\/li>\n<\/ol>\n<h4>Faiblesses des f<strong>ree zones \u00e0 Dubai<\/strong><\/h4>\n<ol>\n<li><strong>Co\u00fbt des bureaux<\/strong> : Dans certaines <strong>freezones \u00e0 Dubai<\/strong>, les co\u00fbts des bureaux peuvent \u00eatre \u00e9lev\u00e9s, ce qui peut \u00eatre un obstacle pour certaines entreprises, en particulier celles ayant un budget limit\u00e9.<\/li>\n<li><strong>Activit\u00e9s limit\u00e9es<\/strong> : Certaines activit\u00e9s commerciales ne sont pas autoris\u00e9es dans certaines <strong>free zones<\/strong>, ce qui limite les possibilit\u00e9s pour certaines entreprises.<\/li>\n<li><strong>Pas de code pour importer<\/strong> : Il n\u2019est pas possible de b\u00e9n\u00e9ficier du \u00ab\u00a0importer code\u00a0\u00bb dans une <strong>free zone \u00e0 Dubai<\/strong>, ce qui peut compliquer les op\u00e9rations commerciales pour certaines entreprises.<\/li>\n<li><strong>Localisation restreinte<\/strong> : Les bureaux doivent \u00eatre localis\u00e9s dans la <strong>freezone \u00e0 Dubai<\/strong>, ce qui peut ne pas \u00eatre id\u00e9al pour les entreprises cherchant \u00e0 se d\u00e9velopper dans d&#8217;autres parties de Dubai.<\/li>\n<\/ol>\n<h4>Opportunit\u00e9s des <strong>Free Zones \u00e0 Duba\u00ef<\/strong><\/h4>\n<ol>\n<li><strong>Conventions fiscales de non-double imposition<\/strong> : Les <strong>free zones \u00e0 Dubai<\/strong>\u00a0b\u00e9n\u00e9ficient des accords fiscaux internationaux permettant de r\u00e9duire les charges fiscales en \u00e9vitant la double imposition.<\/li>\n<li><strong>Substance \u00e9conomique<\/strong> : En choisissant une <strong>free zone \u00e0 Dubai<\/strong>, les entreprises peuvent d\u00e9montrer une substance \u00e9conomique r\u00e9elle, ce qui peut renforcer leur cr\u00e9dibilit\u00e9 sur le march\u00e9 international.<\/li>\n<li><strong>Dual licence<\/strong> : Certaines <strong>free zones<\/strong> permettent d&#8217;obtenir une <strong>&#8220;dual licence&#8221;<\/strong>, ce qui autorise une entreprise \u00e0 exercer des activit\u00e9s \u00e0 la fois dans une <strong>freezone<\/strong> et dans le <strong>mainland<\/strong>, offrant ainsi une plus grande flexibilit\u00e9.<\/li>\n<\/ol>\n<h4>Menaces des <strong>Free Zones \u00e0 Duba\u00ef<\/strong><\/h4>\n<ol>\n<li><strong>Pas d&#8217;activit\u00e9 en dehors de la free zone<\/strong> : Les entreprises bas\u00e9es dans une <strong>free zone \u00e0 Dubai<\/strong> ne peuvent pas mener d&#8217;activit\u00e9s commerciales en dehors de la zone sans une licence sp\u00e9cifique.<\/li>\n<li><strong>Probl\u00e8mes de r\u00e9putation de certaines<\/strong> <strong>free zones<\/strong> : Certaines <strong>freezones<\/strong> peuvent avoir une mauvaise r\u00e9putation, ce qui peut rendre difficile l&#8217;ouverture de comptes bancaires ou la collaboration avec des partenaires commerciaux.<\/li>\n<\/ol>\n<\/div><\/section>\n\n<style type=\"text\/css\" data-created_by=\"avia_inline_auto\" id=\"style-css-av-4dy2lw-b81d3d9b8f10518763234dea243212f9\">\n#top .av-special-heading.av-4dy2lw-b81d3d9b8f10518763234dea243212f9{\npadding-bottom:10px;\n}\nbody .av-special-heading.av-4dy2lw-b81d3d9b8f10518763234dea243212f9 .av-special-heading-tag .heading-char{\nfont-size:25px;\n}\n.av-special-heading.av-4dy2lw-b81d3d9b8f10518763234dea243212f9 .av-subheading{\nfont-size:15px;\n}\n<\/style>\n<div  class='av-special-heading av-4dy2lw-b81d3d9b8f10518763234dea243212f9 av-special-heading-h2  avia-builder-el-3  el_after_av_textblock  el_before_av_table '><h2 class='av-special-heading-tag '  itemprop=\"headline\"  >Caract\u00e9ristiques principales<\/h2><div class=\"special-heading-border\"><div class=\"special-heading-inner-border\"><\/div><\/div><\/div>\n<div class='avia-data-table-wrap av-1lff9p9-8c1c2f709343f6fa8abc4f48ecec9f53 avia_responsive_table avia-table-1'><table  class='avia-table avia-data-table avia_pricing_default  avia-builder-el-4  el_after_av_heading  el_before_av_heading '  itemscope=\"itemscope\" itemtype=\"https:\/\/schema.org\/Table\" ><tbody><tr class=''><td class='avia-center-col'>Registre<\/td><td class=''>Plus d\u2019une quarantaine de Registres dans tous les Emirats: DMCC, DWC, Meydan, IFZA, DIC, etc.<br \/>\n<\/td><\/tr><tr class=''><td class='avia-center-col'>Activit\u00e9s autoris\u00e9es<\/td><td class=''>Consultancy, Trading, Holding.<br \/>\n<\/td><\/tr><tr class=''><td class='avia-center-col'>Capital minimum<\/td><td class=''>D\u00e9pend de la Free-zone.<br \/>\n<\/td><\/tr><tr class=''><td class='avia-center-col'>Lib\u00e9ration du capital<\/td><td class=''>D\u00e9pend de la Free-zone<\/td><\/tr><tr class=''><td class='avia-center-col'>Manager<\/td><td class=''>Minimum un. Peut \u00eatre une personne physique ou morale (dans ce cas un Manager personne physique doit \u00eatre aussi nomm\u00e9).<br \/>\n<\/td><\/tr><tr class=''><td class='avia-center-col'>Associ\u00e9(s)<\/td><td class=''>Toute personne physique (particulier \u2013 minimum 18 ans) ou morale (soci\u00e9t\u00e9).<br \/>\n<\/td><\/tr><tr class=''><td class='avia-center-col'>Obligation d\u2019avoir un actionnaire \u00e9mirati<\/td><td class=''>Non.<br \/>\n<\/td><\/tr><tr class=''><td class='avia-center-col'>Compte bancaire<\/td><td class=''>Compte bancaire professionnel.<br \/>\n<\/td><\/tr><tr class=''><td class='avia-center-col'>Comptabilit\u00e9<\/td><td class=''>Obligatoire.<br \/>\n<\/td><\/tr><tr class=''><td class='avia-center-col'>Audit<\/td><td class=''>Obligatoire (parfois non exig\u00e9 par le Registre).<br \/>\n<\/td><\/tr><tr class=''><td class='avia-center-col'>D\u00e9lai pour s\u2019enregistrer<\/td><td class=''>De 7 jours \u00e0 1 mois et demi selon le Registre.<br \/>\n<\/td><\/tr><\/tbody><\/table><\/div>\n\n<style type=\"text\/css\" data-created_by=\"avia_inline_auto\" id=\"style-css-av-2clwb8-295458eb57fb55993d7f32aa39c0af2a\">\n#top .av-special-heading.av-2clwb8-295458eb57fb55993d7f32aa39c0af2a{\npadding-bottom:10px;\n}\nbody .av-special-heading.av-2clwb8-295458eb57fb55993d7f32aa39c0af2a .av-special-heading-tag .heading-char{\nfont-size:25px;\n}\n.av-special-heading.av-2clwb8-295458eb57fb55993d7f32aa39c0af2a .av-subheading{\nfont-size:15px;\n}\n<\/style>\n<div  class='av-special-heading av-2clwb8-295458eb57fb55993d7f32aa39c0af2a av-special-heading-h2  avia-builder-el-5  el_after_av_table  el_before_av_textblock '><h2 class='av-special-heading-tag '  itemprop=\"headline\"  >Quelle Free-zone choisir?<\/h2><div class=\"special-heading-border\"><div class=\"special-heading-inner-border\"><\/div><\/div><\/div>\n<section  class='av_textblock_section av-k444riwg-a596bda5ffd41b69e0033839a83de3cc '   itemscope=\"itemscope\" itemtype=\"https:\/\/schema.org\/CreativeWork\" ><div class='avia_textblock'  itemprop=\"text\" ><p>Il existe plusieurs dizaines de Registres Free-zone aux Emirats. Nous pr\u00e9sentons sur notre site quatre\u00a0 Registres qui r\u00e9pondent habituellement aux besoins de la plupart de nos clients:<\/p>\n<ul>\n<li>Registre <a href=\"https:\/\/merritt.ae\/fr\/societe\/type-de-societes\/societe-free-zone-dubai\/meydan\/\">Free-zone de Meydan<\/a> (situ\u00e9 \u00e0 Meydan, Dubai)<\/li>\n<li>Registre <a href=\"https:\/\/merritt.ae\/fr\/societe\/type-de-societes\/societe-free-zone-dubai\/free-zone-ifza-dubai-silicon-oasis-dubai\/\">Free-zone de IFZA<\/a> (situ\u00e9 \u00e0 Dubai Silicon Oasis, Dubai)<\/li>\n<li>Registre <a href=\"https:\/\/merritt.ae\/fr\/societe\/type-de-societes\/societe-free-zone-dubai\/free-zone-dwc-dubai-south\/\">Free-zone de DWC<\/a> (situ\u00e9 \u00e0 Dubai South, Dubai)<\/li>\n<li>Registre <a href=\"https:\/\/merritt.ae\/fr\/societe\/type-de-societes\/societe-free-zone-dubai\/free-zone-dmcc-jumeirah-lake-towers-dubai\/\">Free-zone de DMCC<\/a> (situ\u00e9 \u00e0 Jumeirah Lakes Towers &#8211; JLT, Dubai)<\/li>\n<li>Registre <a href=\"https:\/\/merritt.ae\/fr\/societe\/type-de-societes\/societe-free-zone-dubai\/dic-dubai-internet-city\/\">Free-zone de DIC<\/a> (situ\u00e9 \u00e0 Dubai Internet City, Dubai)<\/li>\n<li>Registre <a href=\"https:\/\/merritt.ae\/fr\/societe\/type-de-societes\/societe-free-zone-dubai\/societe-free-zone-ajman-nuventures-anc\/\">Free-zone de ANCFZ<\/a> (situ\u00e9 \u00e0 Ajman NuVentures Centre Free Zone, Ajman)<\/li>\n<\/ul>\n<\/div><\/section>\n","protected":false},"excerpt":{"rendered":"","protected":false},"author":3,"featured_media":0,"parent":5325,"menu_order":3,"comment_status":"closed","ping_status":"closed","template":"","meta":{"inline_featured_image":false,"footnotes":""},"class_list":["post-9396","page","type-page","status-publish","hentry"],"yoast_head":"<!-- This site is optimized with the Yoast SEO plugin v26.9 - https:\/\/yoast.com\/product\/yoast-seo-wordpress\/ -->\n<title>Tout savoir sur la soci\u00e9t\u00e9 Free zone \u00e0 Dubai, Emirats Arabes Unis<\/title>\n<meta name=\"description\" content=\"D\u00e9couvrez les avantages et inconv\u00e9nients des free zones \u00e0 Duba\u00ef : simplification administrative, co\u00fbts des bureaux, 100% propri\u00e9t\u00e9, etc.\" \/>\n<meta name=\"robots\" content=\"index, follow, max-snippet:-1, max-image-preview:large, max-video-preview:-1\" \/>\n<link rel=\"canonical\" href=\"https:\/\/merritt.ae\/fr\/societe\/type-de-societes\/societe-free-zone-dubai\/\" \/>\n<meta property=\"og:locale\" content=\"fr_FR\" \/>\n<meta property=\"og:type\" content=\"article\" \/>\n<meta property=\"og:title\" content=\"Tout savoir sur la soci\u00e9t\u00e9 Free zone \u00e0 Dubai, Emirats Arabes Unis\" \/>\n<meta property=\"og:description\" content=\"D\u00e9couvrez les avantages et inconv\u00e9nients des free zones \u00e0 Duba\u00ef : simplification administrative, co\u00fbts des bureaux, 100% propri\u00e9t\u00e9, etc.\" \/>\n<meta property=\"og:url\" content=\"https:\/\/merritt.ae\/fr\/societe\/type-de-societes\/societe-free-zone-dubai\/\" \/>\n<meta property=\"og:site_name\" content=\"merritt.ae\" \/>\n<meta property=\"article:modified_time\" content=\"2025-01-21T10:12:47+00:00\" \/>\n<meta property=\"og:image\" content=\"https:\/\/merritt.ae\/wp-content\/uploads\/2021\/11\/ME-new-featured.jpg\" \/>\n\t<meta property=\"og:image:width\" content=\"1200\" \/>\n\t<meta property=\"og:image:height\" content=\"630\" \/>\n\t<meta property=\"og:image:type\" content=\"image\/jpeg\" \/>\n<meta name=\"twitter:card\" content=\"summary_large_image\" \/>\n<script type=\"application\/ld+json\" class=\"yoast-schema-graph\">{\"@context\":\"https:\/\/schema.org\",\"@graph\":[{\"@type\":\"WebPage\",\"@id\":\"https:\/\/merritt.ae\/fr\/societe\/type-de-societes\/societe-free-zone-dubai\/\",\"url\":\"https:\/\/merritt.ae\/fr\/societe\/type-de-societes\/societe-free-zone-dubai\/\",\"name\":\"Tout savoir sur la soci\u00e9t\u00e9 Free zone \u00e0 Dubai, Emirats Arabes Unis\",\"isPartOf\":{\"@id\":\"https:\/\/merritt.ae\/#website\"},\"datePublished\":\"2020-10-02T13:33:04+00:00\",\"dateModified\":\"2025-01-21T10:12:47+00:00\",\"description\":\"D\u00e9couvrez les avantages et inconv\u00e9nients des free zones \u00e0 Duba\u00ef : simplification administrative, co\u00fbts des bureaux, 100% propri\u00e9t\u00e9, etc.\",\"breadcrumb\":{\"@id\":\"https:\/\/merritt.ae\/fr\/societe\/type-de-societes\/societe-free-zone-dubai\/#breadcrumb\"},\"inLanguage\":\"fr-FR\",\"potentialAction\":[{\"@type\":\"ReadAction\",\"target\":[\"https:\/\/merritt.ae\/fr\/societe\/type-de-societes\/societe-free-zone-dubai\/\"]}]},{\"@type\":\"BreadcrumbList\",\"@id\":\"https:\/\/merritt.ae\/fr\/societe\/type-de-societes\/societe-free-zone-dubai\/#breadcrumb\",\"itemListElement\":[{\"@type\":\"ListItem\",\"position\":1,\"name\":\"Home\",\"item\":\"https:\/\/merritt.ae\/fr\/accueil\/\"},{\"@type\":\"ListItem\",\"position\":2,\"name\":\"Soci\u00e9t\u00e9 \u00e0 Dubai\",\"item\":\"https:\/\/merritt.ae\/fr\/societe\/\"},{\"@type\":\"ListItem\",\"position\":3,\"name\":\"Type de soci\u00e9t\u00e9s\",\"item\":\"https:\/\/merritt.ae\/fr\/societe\/type-de-societes\/\"},{\"@type\":\"ListItem\",\"position\":4,\"name\":\"La soci\u00e9t\u00e9 Free-zone\"}]},{\"@type\":\"WebSite\",\"@id\":\"https:\/\/merritt.ae\/#website\",\"url\":\"https:\/\/merritt.ae\/\",\"name\":\"merritt.ae\",\"description\":\"\",\"publisher\":{\"@id\":\"https:\/\/merritt.ae\/#organization\"},\"potentialAction\":[{\"@type\":\"SearchAction\",\"target\":{\"@type\":\"EntryPoint\",\"urlTemplate\":\"https:\/\/merritt.ae\/?s={search_term_string}\"},\"query-input\":{\"@type\":\"PropertyValueSpecification\",\"valueRequired\":true,\"valueName\":\"search_term_string\"}}],\"inLanguage\":\"fr-FR\"},{\"@type\":\"Organization\",\"@id\":\"https:\/\/merritt.ae\/#organization\",\"name\":\"merritt.ae\",\"url\":\"https:\/\/merritt.ae\/\",\"logo\":{\"@type\":\"ImageObject\",\"inLanguage\":\"fr-FR\",\"@id\":\"https:\/\/merritt.ae\/#\/schema\/logo\/image\/\",\"url\":\"https:\/\/merritt.ae\/wp-content\/uploads\/2021\/11\/ME-new-featured.jpg\",\"contentUrl\":\"https:\/\/merritt.ae\/wp-content\/uploads\/2021\/11\/ME-new-featured.jpg\",\"width\":1200,\"height\":630,\"caption\":\"merritt.ae\"},\"image\":{\"@id\":\"https:\/\/merritt.ae\/#\/schema\/logo\/image\/\"}}]}<\/script>\n<!-- \/ Yoast SEO plugin. -->","yoast_head_json":{"title":"Tout savoir sur la soci\u00e9t\u00e9 Free zone \u00e0 Dubai, Emirats Arabes Unis","description":"D\u00e9couvrez les avantages et inconv\u00e9nients des free zones \u00e0 Duba\u00ef : simplification administrative, co\u00fbts des bureaux, 100% propri\u00e9t\u00e9, etc.","robots":{"index":"index","follow":"follow","max-snippet":"max-snippet:-1","max-image-preview":"max-image-preview:large","max-video-preview":"max-video-preview:-1"},"canonical":"https:\/\/merritt.ae\/fr\/societe\/type-de-societes\/societe-free-zone-dubai\/","og_locale":"fr_FR","og_type":"article","og_title":"Tout savoir sur la soci\u00e9t\u00e9 Free zone \u00e0 Dubai, Emirats Arabes Unis","og_description":"D\u00e9couvrez les avantages et inconv\u00e9nients des free zones \u00e0 Duba\u00ef : simplification administrative, co\u00fbts des bureaux, 100% propri\u00e9t\u00e9, etc.","og_url":"https:\/\/merritt.ae\/fr\/societe\/type-de-societes\/societe-free-zone-dubai\/","og_site_name":"merritt.ae","article_modified_time":"2025-01-21T10:12:47+00:00","og_image":[{"width":1200,"height":630,"url":"https:\/\/merritt.ae\/wp-content\/uploads\/2021\/11\/ME-new-featured.jpg","type":"image\/jpeg"}],"twitter_card":"summary_large_image","schema":{"@context":"https:\/\/schema.org","@graph":[{"@type":"WebPage","@id":"https:\/\/merritt.ae\/fr\/societe\/type-de-societes\/societe-free-zone-dubai\/","url":"https:\/\/merritt.ae\/fr\/societe\/type-de-societes\/societe-free-zone-dubai\/","name":"Tout savoir sur la soci\u00e9t\u00e9 Free zone \u00e0 Dubai, Emirats Arabes Unis","isPartOf":{"@id":"https:\/\/merritt.ae\/#website"},"datePublished":"2020-10-02T13:33:04+00:00","dateModified":"2025-01-21T10:12:47+00:00","description":"D\u00e9couvrez les avantages et inconv\u00e9nients des free zones \u00e0 Duba\u00ef : simplification administrative, co\u00fbts des bureaux, 100% propri\u00e9t\u00e9, etc.","breadcrumb":{"@id":"https:\/\/merritt.ae\/fr\/societe\/type-de-societes\/societe-free-zone-dubai\/#breadcrumb"},"inLanguage":"fr-FR","potentialAction":[{"@type":"ReadAction","target":["https:\/\/merritt.ae\/fr\/societe\/type-de-societes\/societe-free-zone-dubai\/"]}]},{"@type":"BreadcrumbList","@id":"https:\/\/merritt.ae\/fr\/societe\/type-de-societes\/societe-free-zone-dubai\/#breadcrumb","itemListElement":[{"@type":"ListItem","position":1,"name":"Home","item":"https:\/\/merritt.ae\/fr\/accueil\/"},{"@type":"ListItem","position":2,"name":"Soci\u00e9t\u00e9 \u00e0 Dubai","item":"https:\/\/merritt.ae\/fr\/societe\/"},{"@type":"ListItem","position":3,"name":"Type de soci\u00e9t\u00e9s","item":"https:\/\/merritt.ae\/fr\/societe\/type-de-societes\/"},{"@type":"ListItem","position":4,"name":"La soci\u00e9t\u00e9 Free-zone"}]},{"@type":"WebSite","@id":"https:\/\/merritt.ae\/#website","url":"https:\/\/merritt.ae\/","name":"merritt.ae","description":"","publisher":{"@id":"https:\/\/merritt.ae\/#organization"},"potentialAction":[{"@type":"SearchAction","target":{"@type":"EntryPoint","urlTemplate":"https:\/\/merritt.ae\/?s={search_term_string}"},"query-input":{"@type":"PropertyValueSpecification","valueRequired":true,"valueName":"search_term_string"}}],"inLanguage":"fr-FR"},{"@type":"Organization","@id":"https:\/\/merritt.ae\/#organization","name":"merritt.ae","url":"https:\/\/merritt.ae\/","logo":{"@type":"ImageObject","inLanguage":"fr-FR","@id":"https:\/\/merritt.ae\/#\/schema\/logo\/image\/","url":"https:\/\/merritt.ae\/wp-content\/uploads\/2021\/11\/ME-new-featured.jpg","contentUrl":"https:\/\/merritt.ae\/wp-content\/uploads\/2021\/11\/ME-new-featured.jpg","width":1200,"height":630,"caption":"merritt.ae"},"image":{"@id":"https:\/\/merritt.ae\/#\/schema\/logo\/image\/"}}]}},"_links":{"self":[{"href":"https:\/\/merritt.ae\/fr\/wp-json\/wp\/v2\/pages\/9396","targetHints":{"allow":["GET"]}}],"collection":[{"href":"https:\/\/merritt.ae\/fr\/wp-json\/wp\/v2\/pages"}],"about":[{"href":"https:\/\/merritt.ae\/fr\/wp-json\/wp\/v2\/types\/page"}],"author":[{"embeddable":true,"href":"https:\/\/merritt.ae\/fr\/wp-json\/wp\/v2\/users\/3"}],"replies":[{"embeddable":true,"href":"https:\/\/merritt.ae\/fr\/wp-json\/wp\/v2\/comments?post=9396"}],"version-history":[{"count":15,"href":"https:\/\/merritt.ae\/fr\/wp-json\/wp\/v2\/pages\/9396\/revisions"}],"predecessor-version":[{"id":17670,"href":"https:\/\/merritt.ae\/fr\/wp-json\/wp\/v2\/pages\/9396\/revisions\/17670"}],"up":[{"embeddable":true,"href":"https:\/\/merritt.ae\/fr\/wp-json\/wp\/v2\/pages\/5325"}],"wp:attachment":[{"href":"https:\/\/merritt.ae\/fr\/wp-json\/wp\/v2\/media?parent=9396"}],"curies":[{"name":"wp","href":"https:\/\/api.w.org\/{rel}","templated":true}]}}