{"id":7314,"date":"2020-01-13T12:58:38","date_gmt":"2020-01-13T12:58:38","guid":{"rendered":"https:\/\/merritt.ae\/?page_id=7314"},"modified":"2020-05-14T18:26:12","modified_gmt":"2020-05-14T18:26:12","slug":"faq-concernant-executeur","status":"publish","type":"page","link":"https:\/\/merritt.ae\/fr\/juridique\/succession\/faq-concernant-executeur\/","title":{"rendered":"FAQ concernant l\u2019ex\u00e9cuteur"},"content":{"rendered":"<div id='full_slider_1'  class='avia-fullwidth-slider main_color avia-shadow   avia-builder-el-0  el_before_av_textblock  avia-builder-el-first   container_wrap sidebar_right'  >\n<style type=\"text\/css\" data-created_by=\"avia_inline_auto\" id=\"style-css-av-k4mm6kp0-073a9117ece6cf17eae07fd9f32a9d04\">\n#top #wrap_all .avia-slideshow .av-slideshow-caption.av-k4mm6kp0-073a9117ece6cf17eae07fd9f32a9d04__0 .avia-caption-title{\ncolor:#ffffff;\n}\n<\/style>\n<div  class='avia-slideshow av-k4mm6kp0-073a9117ece6cf17eae07fd9f32a9d04 avia-slideshow-featured av_slideshow_full avia-slide-slider av-slideshow-ui av-control-default av-slideshow-manual av-loop-once av-loop-manual-endless av-default-height-applied   avia-slideshow-1' data-slideshow-options=\"{&quot;animation&quot;:&quot;slide&quot;,&quot;autoplay&quot;:false,&quot;loop_autoplay&quot;:&quot;once&quot;,&quot;interval&quot;:5,&quot;loop_manual&quot;:&quot;manual-endless&quot;,&quot;autoplay_stopper&quot;:false,&quot;noNavigation&quot;:false,&quot;bg_slider&quot;:false,&quot;keep_padding&quot;:false,&quot;hoverpause&quot;:false,&quot;show_slide_delay&quot;:0}\"  itemprop=\"image\" itemscope=\"itemscope\" itemtype=\"https:\/\/schema.org\/ImageObject\" ><ul class='avia-slideshow-inner ' style='padding-bottom: 28.666666666667%;'><li  class='avia-slideshow-slide av-k4mm6kp0-073a9117ece6cf17eae07fd9f32a9d04__0  av-single-slide slide-1 slide-odd'><div data-rel='slideshow-1' class='avia-slide-wrap '   ><div class='av-slideshow-caption av-k4mm6kp0-073a9117ece6cf17eae07fd9f32a9d04__0 caption_fullwidth caption_center caption_center_framed caption_framed'><div class=\"container caption_container\"><div class=\"slideshow_caption\"><div class=\"slideshow_inner_caption\"><div class=\"slideshow_align_caption\"><h2 class='avia-caption-title '  itemprop=\"name\" >FAQ concernant l\u2019ex\u00e9cuteur<\/h2><\/div><\/div><\/div><\/div><\/div><img decoding=\"async\" fetchpriority=\"high\" class=\"wp-image-5700 avia-img-lazy-loading-not-5700\"  src=\"https:\/\/merritt.ae\/wp-content\/uploads\/2019\/12\/skyline-1500x430.jpg\" width=\"1500\" height=\"430\" title='skyline' alt=''  itemprop=\"thumbnailUrl\"   \/><\/div><\/li><\/ul><\/div><\/div><div id='after_full_slider_1'  class='main_color av_default_container_wrap container_wrap sidebar_right'  ><div class='container av-section-cont-open' ><div class='template-page content  av-content-small alpha units'><div class='post-entry post-entry-type-page post-entry-7314'><div class='entry-content-wrapper clearfix'>\n<section  class='av_textblock_section av-k4jv7nsi-b9aa070377a8d7e289cb7c82c53cfdd2 '   itemscope=\"itemscope\" itemtype=\"https:\/\/schema.org\/CreativeWork\" ><div class='avia_textblock'  itemprop=\"text\" ><section class=\"av_textblock_section \">\n<div class=\"avia_textblock \">\n<p><em>Toutes les prestations juridiques sont r\u00e9alis\u00e9es exclusivement par Merritt Legal Consultants FZ LLC.<\/em><br \/>\n<em>All legal services are provided exclusively by Merritt Legal Consultants FZ LLC.<\/em><\/p>\n<\/div>\n<\/section>\n<\/div><\/section>\n\n<style type=\"text\/css\" data-created_by=\"avia_inline_auto\" id=\"style-css-av-av_heading-5cfac96cb6d695d89c4a3cdd5b6f549e\">\n#top .av-special-heading.av-av_heading-5cfac96cb6d695d89c4a3cdd5b6f549e{\npadding-bottom:10px;\n}\nbody .av-special-heading.av-av_heading-5cfac96cb6d695d89c4a3cdd5b6f549e .av-special-heading-tag .heading-char{\nfont-size:25px;\n}\n.av-special-heading.av-av_heading-5cfac96cb6d695d89c4a3cdd5b6f549e .av-subheading{\nfont-size:15px;\n}\n<\/style>\n<div  class='av-special-heading av-av_heading-5cfac96cb6d695d89c4a3cdd5b6f549e av-special-heading-h2  avia-builder-el-2  el_after_av_textblock  el_before_av_one_full '><h2 class='av-special-heading-tag '  itemprop=\"headline\"  >Qui peut \u00eatre ex\u00e9cuteur du testament ?<\/h2><div class=\"special-heading-border\"><div class=\"special-heading-inner-border\"><\/div><\/div><\/div>\n\n<style type=\"text\/css\" data-created_by=\"avia_inline_auto\" id=\"style-css-av-23rb5w-ea5b793103d62f07bdb738d9fea70e8f\">\n.flex_column.av-23rb5w-ea5b793103d62f07bdb738d9fea70e8f{\nborder-radius:0px 0px 0px 0px;\npadding:0px 0px 0px 0px;\n}\n<\/style>\n<div  class='flex_column av-23rb5w-ea5b793103d62f07bdb738d9fea70e8f av_one_full  avia-builder-el-3  el_after_av_heading  el_before_av_heading  first flex_column_div av-zero-column-padding  '     ><section  class='av_textblock_section av-k4jv7nsi-b9aa070377a8d7e289cb7c82c53cfdd2 '   itemscope=\"itemscope\" itemtype=\"https:\/\/schema.org\/CreativeWork\" ><div class='avia_textblock'  itemprop=\"text\" ><p>Un membre de la famille, un ami, un repr\u00e9sentant l\u00e9gal ou un trust peuvent \u00eatre nomm\u00e9s ex\u00e9cuteur d\u2019un testament.<\/p>\n<\/div><\/section><\/div>\n<style type=\"text\/css\" data-created_by=\"avia_inline_auto\" id=\"style-css-av-av_heading-54f77785045bf59d07bdfa747faa1643\">\n#top .av-special-heading.av-av_heading-54f77785045bf59d07bdfa747faa1643{\npadding-bottom:10px;\n}\nbody .av-special-heading.av-av_heading-54f77785045bf59d07bdfa747faa1643 .av-special-heading-tag .heading-char{\nfont-size:25px;\n}\n.av-special-heading.av-av_heading-54f77785045bf59d07bdfa747faa1643 .av-subheading{\nfont-size:15px;\n}\n<\/style>\n<div  class='av-special-heading av-av_heading-54f77785045bf59d07bdfa747faa1643 av-special-heading-h2  avia-builder-el-5  el_after_av_one_full  el_before_av_textblock '><h2 class='av-special-heading-tag '  itemprop=\"headline\"  >L\u2019ex\u00e9cuteur d\u2019un testament peut-il \u00eatre non r\u00e9sident des Emirats ?<\/h2><div class=\"special-heading-border\"><div class=\"special-heading-inner-border\"><\/div><\/div><\/div><\/p>\n<section  class='av_textblock_section av-k4sf2h9a-6d44dd1fcc88ff2e4fdbfee339536bff '   itemscope=\"itemscope\" itemtype=\"https:\/\/schema.org\/CreativeWork\" ><div class='avia_textblock'  itemprop=\"text\" ><p>Oui tout \u00e0 fait, l\u2019ex\u00e9cuteur peut \u00eatre non r\u00e9sident des Emirats.<\/p>\n<\/div><\/section>\n\n<style type=\"text\/css\" data-created_by=\"avia_inline_auto\" id=\"style-css-av-av_heading-08da528ec78ccff83ae20ace60452e3e\">\n#top .av-special-heading.av-av_heading-08da528ec78ccff83ae20ace60452e3e{\npadding-bottom:10px;\n}\nbody .av-special-heading.av-av_heading-08da528ec78ccff83ae20ace60452e3e .av-special-heading-tag .heading-char{\nfont-size:25px;\n}\n.av-special-heading.av-av_heading-08da528ec78ccff83ae20ace60452e3e .av-subheading{\nfont-size:15px;\n}\n<\/style>\n<div  class='av-special-heading av-av_heading-08da528ec78ccff83ae20ace60452e3e av-special-heading-h2  avia-builder-el-7  el_after_av_textblock  el_before_av_textblock '><h2 class='av-special-heading-tag '  itemprop=\"headline\"  >Est-il possible de changer l\u2019ex\u00e9cuteur d\u2019un testament ?<\/h2><div class=\"special-heading-border\"><div class=\"special-heading-inner-border\"><\/div><\/div><\/div>\n<section  class='av_textblock_section av-k4sf39gn-39d98103342665f59be765af64f2afb4 '   itemscope=\"itemscope\" itemtype=\"https:\/\/schema.org\/CreativeWork\" ><div class='avia_textblock'  itemprop=\"text\" ><p>Il est possible de changer l\u2019ex\u00e9cuteur d\u2019un testament quand vous le souhaitez et sans condition. Ceci entraine toutefois une modification de votre testament qui viendra remplacer celui pr\u00e9c\u00e9demment enregistr\u00e9.<\/p>\n<\/div><\/section>\n\n<style type=\"text\/css\" data-created_by=\"avia_inline_auto\" id=\"style-css-av-av_heading-5c50a1b7e89e1c5988c1403648e58957\">\n#top .av-special-heading.av-av_heading-5c50a1b7e89e1c5988c1403648e58957{\npadding-bottom:10px;\n}\nbody .av-special-heading.av-av_heading-5c50a1b7e89e1c5988c1403648e58957 .av-special-heading-tag .heading-char{\nfont-size:25px;\n}\n.av-special-heading.av-av_heading-5c50a1b7e89e1c5988c1403648e58957 .av-subheading{\nfont-size:15px;\n}\n<\/style>\n<div  class='av-special-heading av-av_heading-5c50a1b7e89e1c5988c1403648e58957 av-special-heading-h2  avia-builder-el-9  el_after_av_textblock  el_before_av_textblock '><h2 class='av-special-heading-tag '  itemprop=\"headline\"  >L\u2019ex\u00e9cuteur peut-il \u00eatre le t\u00e9moin lors de l\u2019enregistrement du testament ?<\/h2><div class=\"special-heading-border\"><div class=\"special-heading-inner-border\"><\/div><\/div><\/div>\n<section  class='av_textblock_section av-k4sf3z7e-6992ff08966bba24b1c3afd6d264ba2c '   itemscope=\"itemscope\" itemtype=\"https:\/\/schema.org\/CreativeWork\" ><div class='avia_textblock'  itemprop=\"text\" ><p>Oui, l\u2019executeur peut \u00eatre le t\u00e9moin lors de l\u2019enregistrement du testament.<\/p>\n<\/div><\/section>\n\n<style type=\"text\/css\" data-created_by=\"avia_inline_auto\" id=\"style-css-av-av_heading-96c2530886382e6f7bd79055d9b6f9e2\">\n#top .av-special-heading.av-av_heading-96c2530886382e6f7bd79055d9b6f9e2{\npadding-bottom:10px;\n}\nbody .av-special-heading.av-av_heading-96c2530886382e6f7bd79055d9b6f9e2 .av-special-heading-tag .heading-char{\nfont-size:25px;\n}\n.av-special-heading.av-av_heading-96c2530886382e6f7bd79055d9b6f9e2 .av-subheading{\nfont-size:15px;\n}\n<\/style>\n<div  class='av-special-heading av-av_heading-96c2530886382e6f7bd79055d9b6f9e2 av-special-heading-h2  avia-builder-el-11  el_after_av_textblock  el_before_av_textblock '><h2 class='av-special-heading-tag '  itemprop=\"headline\"  >L\u2019ex\u00e9cuteur doit-il savoir parler anglais ou arabe ?<\/h2><div class=\"special-heading-border\"><div class=\"special-heading-inner-border\"><\/div><\/div><\/div>\n<section  class='av_textblock_section av-k4sf56pv-f470e5ecc3a4303b27e0b45e1c8e1328 '   itemscope=\"itemscope\" itemtype=\"https:\/\/schema.org\/CreativeWork\" ><div class='avia_textblock'  itemprop=\"text\" ><p>Il n\u2019est pas requis de savoir parler anglais ou arabe pour \u00eatre ex\u00e9cuteur. Toutefois nous d\u00e9conseillons que cet ex\u00e9cuteur ne parle pas du tout anglais car ceci risque de rendre plus compliqu\u00e9 l\u2019ex\u00e9cution du testament qui est r\u00e9dig\u00e9 en anglais et\/ou arabe.<\/p>\n<\/div><\/section>\n\n<style type=\"text\/css\" data-created_by=\"avia_inline_auto\" id=\"style-css-av-av_heading-6bb2ffb9f8d90e194911fe811fdf2427\">\n#top .av-special-heading.av-av_heading-6bb2ffb9f8d90e194911fe811fdf2427{\npadding-bottom:10px;\n}\nbody .av-special-heading.av-av_heading-6bb2ffb9f8d90e194911fe811fdf2427 .av-special-heading-tag .heading-char{\nfont-size:25px;\n}\n.av-special-heading.av-av_heading-6bb2ffb9f8d90e194911fe811fdf2427 .av-subheading{\nfont-size:15px;\n}\n<\/style>\n<div  class='av-special-heading av-av_heading-6bb2ffb9f8d90e194911fe811fdf2427 av-special-heading-h2  avia-builder-el-13  el_after_av_textblock  el_before_av_textblock '><h2 class='av-special-heading-tag '  itemprop=\"headline\"  >Faut-il l\u2019accord de l\u2019ex\u00e9cuteur pour \u00eatre nomm\u00e9 ex\u00e9cuteur d\u2019un testament ?<\/h2><div class=\"special-heading-border\"><div class=\"special-heading-inner-border\"><\/div><\/div><\/div>\n<section  class='av_textblock_section av-k4sf9sqk-02dc39b93e7a950621635bbbd504fe6c '   itemscope=\"itemscope\" itemtype=\"https:\/\/schema.org\/CreativeWork\" ><div class='avia_textblock'  itemprop=\"text\" ><p>Oui, m\u00eame si l\u2019acceptation n&#8217;est pas formellement requise pour proc\u00e9der \u00e0 l&#8217;enregistrement du testament.<\/p>\n<\/div><\/section>\n\n<style type=\"text\/css\" data-created_by=\"avia_inline_auto\" id=\"style-css-av-av_heading-17ba23cf0f20146276f6a90aa7020093\">\n#top .av-special-heading.av-av_heading-17ba23cf0f20146276f6a90aa7020093{\npadding-bottom:10px;\n}\nbody .av-special-heading.av-av_heading-17ba23cf0f20146276f6a90aa7020093 .av-special-heading-tag .heading-char{\nfont-size:25px;\n}\n.av-special-heading.av-av_heading-17ba23cf0f20146276f6a90aa7020093 .av-subheading{\nfont-size:15px;\n}\n<\/style>\n<div  class='av-special-heading av-av_heading-17ba23cf0f20146276f6a90aa7020093 av-special-heading-h2  avia-builder-el-15  el_after_av_textblock  el_before_av_textblock '><h2 class='av-special-heading-tag '  itemprop=\"headline\"  >L\u2019ex\u00e9cuteur doit-il \u00eatre pr\u00e9sent lors de l\u2019enregistrement du testament ?<\/h2><div class=\"special-heading-border\"><div class=\"special-heading-inner-border\"><\/div><\/div><\/div>\n<section  class='av_textblock_section av-k4sfa9o0-378266162fb61f3e441b7c7339284c9d '   itemscope=\"itemscope\" itemtype=\"https:\/\/schema.org\/CreativeWork\" ><div class='avia_textblock'  itemprop=\"text\" ><p>Non, sa pr\u00e9sence n\u2019est pas obligatoire.<\/p>\n<\/div><\/section>\n","protected":false},"excerpt":{"rendered":"","protected":false},"author":3,"featured_media":0,"parent":5380,"menu_order":5,"comment_status":"closed","ping_status":"closed","template":"","meta":{"inline_featured_image":false,"footnotes":""},"class_list":["post-7314","page","type-page","status-publish","hentry"],"yoast_head":"<!-- This site is optimized with the Yoast SEO plugin v26.9 - https:\/\/yoast.com\/product\/yoast-seo-wordpress\/ -->\n<title>FAQ concernant l&#039;ex\u00e9cuteur testamentaire - Le droit \u00e0 Duba\u00ef.<\/title>\n<meta name=\"description\" content=\"Vous avez compris que la loi locale est diff\u00e9rente de la loi occidentale et vous souhaitez r\u00e9diger un testament. FAQ concernant l&#039;ex\u00e9cuteur testamentaire.\" \/>\n<meta name=\"robots\" content=\"index, follow, max-snippet:-1, max-image-preview:large, max-video-preview:-1\" \/>\n<link rel=\"canonical\" href=\"https:\/\/merritt.ae\/fr\/juridique\/succession\/faq-concernant-executeur\/\" \/>\n<meta property=\"og:locale\" content=\"fr_FR\" \/>\n<meta property=\"og:type\" content=\"article\" \/>\n<meta property=\"og:title\" content=\"FAQ concernant l&#039;ex\u00e9cuteur testamentaire - Le droit \u00e0 Duba\u00ef.\" \/>\n<meta property=\"og:description\" content=\"Vous avez compris que la loi locale est diff\u00e9rente de la loi occidentale et vous souhaitez r\u00e9diger un testament. FAQ concernant l&#039;ex\u00e9cuteur testamentaire.\" \/>\n<meta property=\"og:url\" content=\"https:\/\/merritt.ae\/fr\/juridique\/succession\/faq-concernant-executeur\/\" \/>\n<meta property=\"og:site_name\" content=\"merritt.ae\" \/>\n<meta property=\"article:modified_time\" content=\"2020-05-14T18:26:12+00:00\" \/>\n<meta property=\"og:image\" content=\"https:\/\/merritt.ae\/wp-content\/uploads\/2021\/11\/ME-new-featured.jpg\" \/>\n\t<meta property=\"og:image:width\" content=\"1200\" \/>\n\t<meta property=\"og:image:height\" content=\"630\" \/>\n\t<meta property=\"og:image:type\" content=\"image\/jpeg\" \/>\n<meta name=\"twitter:card\" content=\"summary_large_image\" \/>\n<meta name=\"twitter:label1\" content=\"Dur\u00e9e de lecture estim\u00e9e\" \/>\n\t<meta name=\"twitter:data1\" content=\"6 minutes\" \/>\n<script type=\"application\/ld+json\" class=\"yoast-schema-graph\">{\"@context\":\"https:\/\/schema.org\",\"@graph\":[{\"@type\":\"WebPage\",\"@id\":\"https:\/\/merritt.ae\/fr\/juridique\/succession\/faq-concernant-executeur\/\",\"url\":\"https:\/\/merritt.ae\/fr\/juridique\/succession\/faq-concernant-executeur\/\",\"name\":\"FAQ concernant l'ex\u00e9cuteur testamentaire - Le droit \u00e0 Duba\u00ef.\",\"isPartOf\":{\"@id\":\"https:\/\/merritt.ae\/#website\"},\"datePublished\":\"2020-01-13T12:58:38+00:00\",\"dateModified\":\"2020-05-14T18:26:12+00:00\",\"description\":\"Vous avez compris que la loi locale est diff\u00e9rente de la loi occidentale et vous souhaitez r\u00e9diger un testament. FAQ concernant l'ex\u00e9cuteur testamentaire.\",\"breadcrumb\":{\"@id\":\"https:\/\/merritt.ae\/fr\/juridique\/succession\/faq-concernant-executeur\/#breadcrumb\"},\"inLanguage\":\"fr-FR\",\"potentialAction\":[{\"@type\":\"ReadAction\",\"target\":[\"https:\/\/merritt.ae\/fr\/juridique\/succession\/faq-concernant-executeur\/\"]}]},{\"@type\":\"BreadcrumbList\",\"@id\":\"https:\/\/merritt.ae\/fr\/juridique\/succession\/faq-concernant-executeur\/#breadcrumb\",\"itemListElement\":[{\"@type\":\"ListItem\",\"position\":1,\"name\":\"Home\",\"item\":\"https:\/\/merritt.ae\/fr\/accueil\/\"},{\"@type\":\"ListItem\",\"position\":2,\"name\":\"Services Juridiques\",\"item\":\"https:\/\/merritt.ae\/fr\/juridique\/\"},{\"@type\":\"ListItem\",\"position\":3,\"name\":\"Succession\",\"item\":\"https:\/\/merritt.ae\/fr\/juridique\/succession\/\"},{\"@type\":\"ListItem\",\"position\":4,\"name\":\"FAQ concernant l\u2019ex\u00e9cuteur\"}]},{\"@type\":\"WebSite\",\"@id\":\"https:\/\/merritt.ae\/#website\",\"url\":\"https:\/\/merritt.ae\/\",\"name\":\"merritt.ae\",\"description\":\"\",\"publisher\":{\"@id\":\"https:\/\/merritt.ae\/#organization\"},\"potentialAction\":[{\"@type\":\"SearchAction\",\"target\":{\"@type\":\"EntryPoint\",\"urlTemplate\":\"https:\/\/merritt.ae\/?s={search_term_string}\"},\"query-input\":{\"@type\":\"PropertyValueSpecification\",\"valueRequired\":true,\"valueName\":\"search_term_string\"}}],\"inLanguage\":\"fr-FR\"},{\"@type\":\"Organization\",\"@id\":\"https:\/\/merritt.ae\/#organization\",\"name\":\"merritt.ae\",\"url\":\"https:\/\/merritt.ae\/\",\"logo\":{\"@type\":\"ImageObject\",\"inLanguage\":\"fr-FR\",\"@id\":\"https:\/\/merritt.ae\/#\/schema\/logo\/image\/\",\"url\":\"https:\/\/merritt.ae\/wp-content\/uploads\/2021\/11\/ME-new-featured.jpg\",\"contentUrl\":\"https:\/\/merritt.ae\/wp-content\/uploads\/2021\/11\/ME-new-featured.jpg\",\"width\":1200,\"height\":630,\"caption\":\"merritt.ae\"},\"image\":{\"@id\":\"https:\/\/merritt.ae\/#\/schema\/logo\/image\/\"}}]}<\/script>\n<!-- \/ Yoast SEO plugin. -->","yoast_head_json":{"title":"FAQ concernant l'ex\u00e9cuteur testamentaire - Le droit \u00e0 Duba\u00ef.","description":"Vous avez compris que la loi locale est diff\u00e9rente de la loi occidentale et vous souhaitez r\u00e9diger un testament. FAQ concernant l'ex\u00e9cuteur testamentaire.","robots":{"index":"index","follow":"follow","max-snippet":"max-snippet:-1","max-image-preview":"max-image-preview:large","max-video-preview":"max-video-preview:-1"},"canonical":"https:\/\/merritt.ae\/fr\/juridique\/succession\/faq-concernant-executeur\/","og_locale":"fr_FR","og_type":"article","og_title":"FAQ concernant l'ex\u00e9cuteur testamentaire - Le droit \u00e0 Duba\u00ef.","og_description":"Vous avez compris que la loi locale est diff\u00e9rente de la loi occidentale et vous souhaitez r\u00e9diger un testament. FAQ concernant l'ex\u00e9cuteur testamentaire.","og_url":"https:\/\/merritt.ae\/fr\/juridique\/succession\/faq-concernant-executeur\/","og_site_name":"merritt.ae","article_modified_time":"2020-05-14T18:26:12+00:00","og_image":[{"width":1200,"height":630,"url":"https:\/\/merritt.ae\/wp-content\/uploads\/2021\/11\/ME-new-featured.jpg","type":"image\/jpeg"}],"twitter_card":"summary_large_image","twitter_misc":{"Dur\u00e9e de lecture estim\u00e9e":"6 minutes"},"schema":{"@context":"https:\/\/schema.org","@graph":[{"@type":"WebPage","@id":"https:\/\/merritt.ae\/fr\/juridique\/succession\/faq-concernant-executeur\/","url":"https:\/\/merritt.ae\/fr\/juridique\/succession\/faq-concernant-executeur\/","name":"FAQ concernant l'ex\u00e9cuteur testamentaire - Le droit \u00e0 Duba\u00ef.","isPartOf":{"@id":"https:\/\/merritt.ae\/#website"},"datePublished":"2020-01-13T12:58:38+00:00","dateModified":"2020-05-14T18:26:12+00:00","description":"Vous avez compris que la loi locale est diff\u00e9rente de la loi occidentale et vous souhaitez r\u00e9diger un testament. FAQ concernant l'ex\u00e9cuteur testamentaire.","breadcrumb":{"@id":"https:\/\/merritt.ae\/fr\/juridique\/succession\/faq-concernant-executeur\/#breadcrumb"},"inLanguage":"fr-FR","potentialAction":[{"@type":"ReadAction","target":["https:\/\/merritt.ae\/fr\/juridique\/succession\/faq-concernant-executeur\/"]}]},{"@type":"BreadcrumbList","@id":"https:\/\/merritt.ae\/fr\/juridique\/succession\/faq-concernant-executeur\/#breadcrumb","itemListElement":[{"@type":"ListItem","position":1,"name":"Home","item":"https:\/\/merritt.ae\/fr\/accueil\/"},{"@type":"ListItem","position":2,"name":"Services Juridiques","item":"https:\/\/merritt.ae\/fr\/juridique\/"},{"@type":"ListItem","position":3,"name":"Succession","item":"https:\/\/merritt.ae\/fr\/juridique\/succession\/"},{"@type":"ListItem","position":4,"name":"FAQ concernant l\u2019ex\u00e9cuteur"}]},{"@type":"WebSite","@id":"https:\/\/merritt.ae\/#website","url":"https:\/\/merritt.ae\/","name":"merritt.ae","description":"","publisher":{"@id":"https:\/\/merritt.ae\/#organization"},"potentialAction":[{"@type":"SearchAction","target":{"@type":"EntryPoint","urlTemplate":"https:\/\/merritt.ae\/?s={search_term_string}"},"query-input":{"@type":"PropertyValueSpecification","valueRequired":true,"valueName":"search_term_string"}}],"inLanguage":"fr-FR"},{"@type":"Organization","@id":"https:\/\/merritt.ae\/#organization","name":"merritt.ae","url":"https:\/\/merritt.ae\/","logo":{"@type":"ImageObject","inLanguage":"fr-FR","@id":"https:\/\/merritt.ae\/#\/schema\/logo\/image\/","url":"https:\/\/merritt.ae\/wp-content\/uploads\/2021\/11\/ME-new-featured.jpg","contentUrl":"https:\/\/merritt.ae\/wp-content\/uploads\/2021\/11\/ME-new-featured.jpg","width":1200,"height":630,"caption":"merritt.ae"},"image":{"@id":"https:\/\/merritt.ae\/#\/schema\/logo\/image\/"}}]}},"_links":{"self":[{"href":"https:\/\/merritt.ae\/fr\/wp-json\/wp\/v2\/pages\/7314","targetHints":{"allow":["GET"]}}],"collection":[{"href":"https:\/\/merritt.ae\/fr\/wp-json\/wp\/v2\/pages"}],"about":[{"href":"https:\/\/merritt.ae\/fr\/wp-json\/wp\/v2\/types\/page"}],"author":[{"embeddable":true,"href":"https:\/\/merritt.ae\/fr\/wp-json\/wp\/v2\/users\/3"}],"replies":[{"embeddable":true,"href":"https:\/\/merritt.ae\/fr\/wp-json\/wp\/v2\/comments?post=7314"}],"version-history":[{"count":3,"href":"https:\/\/merritt.ae\/fr\/wp-json\/wp\/v2\/pages\/7314\/revisions"}],"predecessor-version":[{"id":17698,"href":"https:\/\/merritt.ae\/fr\/wp-json\/wp\/v2\/pages\/7314\/revisions\/17698"}],"up":[{"embeddable":true,"href":"https:\/\/merritt.ae\/fr\/wp-json\/wp\/v2\/pages\/5380"}],"wp:attachment":[{"href":"https:\/\/merritt.ae\/fr\/wp-json\/wp\/v2\/media?parent=7314"}],"curies":[{"name":"wp","href":"https:\/\/api.w.org\/{rel}","templated":true}]}}