{"id":5929,"date":"2019-12-30T16:43:20","date_gmt":"2019-12-30T16:43:20","guid":{"rendered":"https:\/\/merritt.ae\/?page_id=5929"},"modified":"2022-02-11T10:48:04","modified_gmt":"2022-02-11T06:48:04","slug":"droit-des-societes-gouvernance-dentreprise","status":"publish","type":"page","link":"https:\/\/merritt.ae\/fr\/juridique\/droit-des-societes-gouvernance-dentreprise\/","title":{"rendered":"Droit des soci\u00e9t\u00e9s \/ gouvernance d\u2019entreprise"},"content":{"rendered":"<div id='full_slider_1'  class='avia-fullwidth-slider main_color avia-shadow   avia-builder-el-0  el_before_av_one_full  avia-builder-el-first   container_wrap sidebar_right'  >\n<style type=\"text\/css\" data-created_by=\"avia_inline_auto\" id=\"style-css-av-2pbueg-dd0e1747d52f84c219e50578169fa958\">\n#top #wrap_all .avia-slideshow .av-slideshow-caption.av-2pbueg-dd0e1747d52f84c219e50578169fa958__0 .avia-caption-title{\ncolor:#ffffff;\n}\n<\/style>\n<div  class='avia-slideshow av-2pbueg-dd0e1747d52f84c219e50578169fa958 avia-slideshow-featured av_slideshow_full avia-slide-slider av-slideshow-ui av-control-default av-slideshow-manual av-loop-once av-loop-manual-endless av-default-height-applied   avia-slideshow-1' data-slideshow-options=\"{&quot;animation&quot;:&quot;slide&quot;,&quot;autoplay&quot;:false,&quot;loop_autoplay&quot;:&quot;once&quot;,&quot;interval&quot;:5,&quot;loop_manual&quot;:&quot;manual-endless&quot;,&quot;autoplay_stopper&quot;:false,&quot;noNavigation&quot;:false,&quot;bg_slider&quot;:false,&quot;keep_padding&quot;:false,&quot;hoverpause&quot;:false,&quot;show_slide_delay&quot;:0}\"  itemprop=\"image\" itemscope=\"itemscope\" itemtype=\"https:\/\/schema.org\/ImageObject\" ><ul class='avia-slideshow-inner ' style='padding-bottom: 28.666666666667%;'><li  class='avia-slideshow-slide av-2pbueg-dd0e1747d52f84c219e50578169fa958__0  av-single-slide slide-1 slide-odd'><div data-rel='slideshow-1' class='avia-slide-wrap '   ><div class='av-slideshow-caption av-2pbueg-dd0e1747d52f84c219e50578169fa958__0 caption_fullwidth caption_center caption_center_framed caption_framed'><div class=\"container caption_container\"><div class=\"slideshow_caption\"><div class=\"slideshow_inner_caption\"><div class=\"slideshow_align_caption\"><h2 class='avia-caption-title '  itemprop=\"name\" >Droit des soci\u00e9t\u00e9s \/ gouvernance d\u2019entreprise<\/h2><\/div><\/div><\/div><\/div><\/div><img decoding=\"async\" fetchpriority=\"high\" class=\"wp-image-5700 avia-img-lazy-loading-not-5700\"  src=\"https:\/\/merritt.ae\/wp-content\/uploads\/2019\/12\/skyline-1500x430.jpg\" width=\"1500\" height=\"430\" title='skyline' alt=''  itemprop=\"thumbnailUrl\"   \/><\/div><\/li><\/ul><\/div><\/div><div id='after_full_slider_1'  class='main_color av_default_container_wrap container_wrap sidebar_right'  ><div class='container av-section-cont-open' ><div class='template-page content  av-content-small alpha units'><div class='post-entry post-entry-type-page post-entry-5929'><div class='entry-content-wrapper clearfix'>\n\n<style type=\"text\/css\" data-created_by=\"avia_inline_auto\" id=\"style-css-av-7awpg8-d2e8a2f9d2a04280df6042bb46b7a702\">\n.flex_column.av-7awpg8-d2e8a2f9d2a04280df6042bb46b7a702{\nborder-radius:0px 0px 0px 0px;\npadding:0px 0px 0px 0px;\n}\n<\/style>\n<div  class='flex_column av-7awpg8-d2e8a2f9d2a04280df6042bb46b7a702 av_one_full  avia-builder-el-1  el_after_av_slideshow_full  avia-builder-el-no-sibling  first flex_column_div av-zero-column-padding  '     ><p>\n<style type=\"text\/css\" data-created_by=\"avia_inline_auto\" id=\"style-css-av-kuqkfk0g-2028a4e6cc9aeee35f8822f51c3f82d6\">\n#top .av-special-heading.av-kuqkfk0g-2028a4e6cc9aeee35f8822f51c3f82d6{\npadding-bottom:10px;\n}\nbody .av-special-heading.av-kuqkfk0g-2028a4e6cc9aeee35f8822f51c3f82d6 .av-special-heading-tag .heading-char{\nfont-size:25px;\n}\n.av-special-heading.av-kuqkfk0g-2028a4e6cc9aeee35f8822f51c3f82d6 .av-subheading{\nfont-size:15px;\n}\n<\/style>\n<div  class='av-special-heading av-kuqkfk0g-2028a4e6cc9aeee35f8822f51c3f82d6 av-special-heading-h2  avia-builder-el-2  el_before_av_textblock  avia-builder-el-first '><h2 class='av-special-heading-tag '  itemprop=\"headline\"  >GOUVERNANCE D\u2019ENTREPRISE <\/h2><div class=\"special-heading-border\"><div class=\"special-heading-inner-border\"><\/div><\/div><\/div><br \/>\n<section  class='av_textblock_section av-k4josl09-13e7cb30da54fb15f179e2ea0956cad6 '   itemscope=\"itemscope\" itemtype=\"https:\/\/schema.org\/CreativeWork\" ><div class='avia_textblock'  itemprop=\"text\" ><p>Le droit des soci\u00e9t\u00e9s est une branche du droit des affaires. Il s\u2019adresse particuli\u00e8rement aux entrepreneurs individuels et \u00e0 tous les types d\u2019entreprises quelle que soit leur taille.<\/p>\n<p>En qualit\u00e9 d\u2019avocats sp\u00e9cialis\u00e9s en droit des affaires et droit des soci\u00e9t\u00e9s, notre r\u00f4le est de vous conseiller et de vous repr\u00e9senter dans toutes les d\u00e9marches et dans toutes les phases de la vie de la soci\u00e9t\u00e9, depuis sa cr\u00e9ation et jusqu\u2019\u00e0 sa cessation ou transmission.<\/p>\n<\/div><\/section><br \/>\n<section  class='av_textblock_section av-kuqkhohk-b9262ab891361e04449f402b60ddeead '   itemscope=\"itemscope\" itemtype=\"https:\/\/schema.org\/CreativeWork\" ><div class='avia_textblock'  itemprop=\"text\" ><h3><strong>Vous souhaitez vous implanter aux Emirats Arabes Unis\u00a0et vous vous demandez quelle forme sociale choisir ?<\/strong><\/h3>\n<p>Les Emirats Arabes Unis offrent une gamme tr\u00e8s vari\u00e9e de soci\u00e9t\u00e9s\u00a0: 45 zones franches actuellement, soci\u00e9t\u00e9s onshore ou encore soci\u00e9t\u00e9s offshores. Le choix s\u2019av\u00e8re souvent compliqu\u00e9 pour les entrepreneurs \u00e9trangers souhaitant s\u2019\u00e9tablir aux Emirats Arabes Unis.<\/p>\n<p>Notre cabinet sp\u00e9cialis\u00e9 en droit des soci\u00e9t\u00e9s vous conseille en amont sur la structure de la soci\u00e9t\u00e9 \u00e0 mettre en place, sur le choix de la forme sociale, le capital social \u00e0 verser, la nature de la licence correspondant \u00e0 l\u2019activit\u00e9 que vous souhaitez entreprendre.<\/p>\n<p>Notre \u00e9quipe est \u00e0 l\u2019\u00e9coute de votre projet professionnel et vous accompagne dans la constitution de votre soci\u00e9t\u00e9, en accomplissant toutes les formalit\u00e9s administratives li\u00e9es \u00e0 la cr\u00e9ation de votre soci\u00e9t\u00e9.<\/p>\n<h3><strong>Notre \u00e9quipe de juristes sp\u00e9cialis\u00e9s en droit des soci\u00e9t\u00e9s est \u00e0 vos c\u00f4t\u00e9s pour vous accompagner et vous conseiller dans toutes les d\u00e9marches de la gestion courante de votre soci\u00e9t\u00e9. <\/strong><\/h3>\n<p>En qualit\u00e9 d\u2019avocats sp\u00e9cialis\u00e9s en droit des soci\u00e9t\u00e9s nous sommes \u00e9galement en mesure de conseiller les dirigeants, associ\u00e9s et actionnaires dans toutes les d\u00e9marches que ce soit au moment de la cr\u00e9ation de la soci\u00e9t\u00e9, par la r\u00e9daction de pactes d\u2019associ\u00e9s ou d\u2019actionnaires, et tout au long de la vie de la soci\u00e9t\u00e9 pour des d\u00e9marches sp\u00e9cifiques tel que le transfert de parts sociales et la r\u00e9daction des accords de cessions et\/ou rachat des parts sociales.<\/p>\n<p>Nous accompagnons les dirigeants de la soci\u00e9t\u00e9 au niveau de la gestion courante de l\u2019entreprise, en intervenant si besoin au Conseil d\u2019administration de la soci\u00e9t\u00e9 afin de garantir et assurer tous les actes li\u00e9s \u00e0 la gouvernance de la soci\u00e9t\u00e9\u00a0: la r\u00e9daction des proc\u00e8s-verbaux des r\u00e9unions du conseil d\u2019administration ou des d\u2019associ\u00e9s, r\u00e9daction des proc\u00e8s-verbaux d\u2019assembl\u00e9e et des r\u00e9solutions adopt\u00e9es par les directeurs ou les associ\u00e9s.<\/p>\n<p>Enfin, notre \u00e9quipe de juristes d\u2019entreprise effectue pour vous une veille juridique pour vous informer de toutes les nouveaut\u00e9s r\u00e8glementaires et l\u00e9gislatives concernant le droit des soci\u00e9t\u00e9s et la gouvernance d\u2019entreprise.<\/p>\n<\/div><\/section><\/p><\/div>\n","protected":false},"excerpt":{"rendered":"","protected":false},"author":3,"featured_media":0,"parent":11480,"menu_order":2,"comment_status":"closed","ping_status":"closed","template":"","meta":{"inline_featured_image":false,"footnotes":""},"class_list":["post-5929","page","type-page","status-publish","hentry"],"yoast_head":"<!-- This site is optimized with the Yoast SEO plugin v26.9 - https:\/\/yoast.com\/product\/yoast-seo-wordpress\/ -->\n<title>Droit - Accompagnement et assistance \u00e0 l\u2019implantation de l&#039;entreprise aux EAU.<\/title>\n<meta name=\"description\" content=\"Nous fournissons une activit\u00e9 de conseil dans tous les domaines concernant la vie de la soci\u00e9t\u00e9. Egalement droit du travail, droit de propri\u00e9t\u00e9, fiscalit\u00e9.\" \/>\n<meta name=\"robots\" content=\"index, follow, max-snippet:-1, max-image-preview:large, max-video-preview:-1\" \/>\n<link rel=\"canonical\" href=\"https:\/\/merritt.ae\/fr\/juridique\/droit-des-societes-gouvernance-dentreprise\/\" \/>\n<meta property=\"og:locale\" content=\"fr_FR\" \/>\n<meta property=\"og:type\" content=\"article\" \/>\n<meta property=\"og:title\" content=\"Droit - Accompagnement et assistance \u00e0 l\u2019implantation de l&#039;entreprise aux EAU.\" \/>\n<meta property=\"og:description\" content=\"Nous fournissons une activit\u00e9 de conseil dans tous les domaines concernant la vie de la soci\u00e9t\u00e9. Egalement droit du travail, droit de propri\u00e9t\u00e9, fiscalit\u00e9.\" \/>\n<meta property=\"og:url\" content=\"https:\/\/merritt.ae\/fr\/juridique\/droit-des-societes-gouvernance-dentreprise\/\" \/>\n<meta property=\"og:site_name\" content=\"merritt.ae\" \/>\n<meta property=\"article:modified_time\" content=\"2022-02-11T06:48:04+00:00\" \/>\n<meta property=\"og:image\" content=\"https:\/\/merritt.ae\/wp-content\/uploads\/2021\/11\/ME-new-featured.jpg\" \/>\n\t<meta property=\"og:image:width\" content=\"1200\" \/>\n\t<meta property=\"og:image:height\" content=\"630\" \/>\n\t<meta property=\"og:image:type\" content=\"image\/jpeg\" \/>\n<meta name=\"twitter:card\" content=\"summary_large_image\" \/>\n<meta name=\"twitter:label1\" content=\"Dur\u00e9e de lecture estim\u00e9e\" \/>\n\t<meta name=\"twitter:data1\" content=\"5 minutes\" \/>\n<script type=\"application\/ld+json\" class=\"yoast-schema-graph\">{\"@context\":\"https:\/\/schema.org\",\"@graph\":[{\"@type\":\"WebPage\",\"@id\":\"https:\/\/merritt.ae\/fr\/juridique\/droit-des-societes-gouvernance-dentreprise\/\",\"url\":\"https:\/\/merritt.ae\/fr\/juridique\/droit-des-societes-gouvernance-dentreprise\/\",\"name\":\"Droit - Accompagnement et assistance \u00e0 l\u2019implantation de l'entreprise aux EAU.\",\"isPartOf\":{\"@id\":\"https:\/\/merritt.ae\/#website\"},\"datePublished\":\"2019-12-30T16:43:20+00:00\",\"dateModified\":\"2022-02-11T06:48:04+00:00\",\"description\":\"Nous fournissons une activit\u00e9 de conseil dans tous les domaines concernant la vie de la soci\u00e9t\u00e9. Egalement droit du travail, droit de propri\u00e9t\u00e9, fiscalit\u00e9.\",\"breadcrumb\":{\"@id\":\"https:\/\/merritt.ae\/fr\/juridique\/droit-des-societes-gouvernance-dentreprise\/#breadcrumb\"},\"inLanguage\":\"fr-FR\",\"potentialAction\":[{\"@type\":\"ReadAction\",\"target\":[\"https:\/\/merritt.ae\/fr\/juridique\/droit-des-societes-gouvernance-dentreprise\/\"]}]},{\"@type\":\"BreadcrumbList\",\"@id\":\"https:\/\/merritt.ae\/fr\/juridique\/droit-des-societes-gouvernance-dentreprise\/#breadcrumb\",\"itemListElement\":[{\"@type\":\"ListItem\",\"position\":1,\"name\":\"Home\",\"item\":\"https:\/\/merritt.ae\/fr\/accueil\/\"},{\"@type\":\"ListItem\",\"position\":2,\"name\":\"Services Juridiques\",\"item\":\"https:\/\/merritt.ae\/fr\/juridique\/\"},{\"@type\":\"ListItem\",\"position\":3,\"name\":\"Droit des soci\u00e9t\u00e9s \/ gouvernance d\u2019entreprise\"}]},{\"@type\":\"WebSite\",\"@id\":\"https:\/\/merritt.ae\/#website\",\"url\":\"https:\/\/merritt.ae\/\",\"name\":\"merritt.ae\",\"description\":\"\",\"publisher\":{\"@id\":\"https:\/\/merritt.ae\/#organization\"},\"potentialAction\":[{\"@type\":\"SearchAction\",\"target\":{\"@type\":\"EntryPoint\",\"urlTemplate\":\"https:\/\/merritt.ae\/?s={search_term_string}\"},\"query-input\":{\"@type\":\"PropertyValueSpecification\",\"valueRequired\":true,\"valueName\":\"search_term_string\"}}],\"inLanguage\":\"fr-FR\"},{\"@type\":\"Organization\",\"@id\":\"https:\/\/merritt.ae\/#organization\",\"name\":\"merritt.ae\",\"url\":\"https:\/\/merritt.ae\/\",\"logo\":{\"@type\":\"ImageObject\",\"inLanguage\":\"fr-FR\",\"@id\":\"https:\/\/merritt.ae\/#\/schema\/logo\/image\/\",\"url\":\"https:\/\/merritt.ae\/wp-content\/uploads\/2021\/11\/ME-new-featured.jpg\",\"contentUrl\":\"https:\/\/merritt.ae\/wp-content\/uploads\/2021\/11\/ME-new-featured.jpg\",\"width\":1200,\"height\":630,\"caption\":\"merritt.ae\"},\"image\":{\"@id\":\"https:\/\/merritt.ae\/#\/schema\/logo\/image\/\"}}]}<\/script>\n<!-- \/ Yoast SEO plugin. -->","yoast_head_json":{"title":"Droit - Accompagnement et assistance \u00e0 l\u2019implantation de l'entreprise aux EAU.","description":"Nous fournissons une activit\u00e9 de conseil dans tous les domaines concernant la vie de la soci\u00e9t\u00e9. Egalement droit du travail, droit de propri\u00e9t\u00e9, fiscalit\u00e9.","robots":{"index":"index","follow":"follow","max-snippet":"max-snippet:-1","max-image-preview":"max-image-preview:large","max-video-preview":"max-video-preview:-1"},"canonical":"https:\/\/merritt.ae\/fr\/juridique\/droit-des-societes-gouvernance-dentreprise\/","og_locale":"fr_FR","og_type":"article","og_title":"Droit - Accompagnement et assistance \u00e0 l\u2019implantation de l'entreprise aux EAU.","og_description":"Nous fournissons une activit\u00e9 de conseil dans tous les domaines concernant la vie de la soci\u00e9t\u00e9. Egalement droit du travail, droit de propri\u00e9t\u00e9, fiscalit\u00e9.","og_url":"https:\/\/merritt.ae\/fr\/juridique\/droit-des-societes-gouvernance-dentreprise\/","og_site_name":"merritt.ae","article_modified_time":"2022-02-11T06:48:04+00:00","og_image":[{"width":1200,"height":630,"url":"https:\/\/merritt.ae\/wp-content\/uploads\/2021\/11\/ME-new-featured.jpg","type":"image\/jpeg"}],"twitter_card":"summary_large_image","twitter_misc":{"Dur\u00e9e de lecture estim\u00e9e":"5 minutes"},"schema":{"@context":"https:\/\/schema.org","@graph":[{"@type":"WebPage","@id":"https:\/\/merritt.ae\/fr\/juridique\/droit-des-societes-gouvernance-dentreprise\/","url":"https:\/\/merritt.ae\/fr\/juridique\/droit-des-societes-gouvernance-dentreprise\/","name":"Droit - Accompagnement et assistance \u00e0 l\u2019implantation de l'entreprise aux EAU.","isPartOf":{"@id":"https:\/\/merritt.ae\/#website"},"datePublished":"2019-12-30T16:43:20+00:00","dateModified":"2022-02-11T06:48:04+00:00","description":"Nous fournissons une activit\u00e9 de conseil dans tous les domaines concernant la vie de la soci\u00e9t\u00e9. Egalement droit du travail, droit de propri\u00e9t\u00e9, fiscalit\u00e9.","breadcrumb":{"@id":"https:\/\/merritt.ae\/fr\/juridique\/droit-des-societes-gouvernance-dentreprise\/#breadcrumb"},"inLanguage":"fr-FR","potentialAction":[{"@type":"ReadAction","target":["https:\/\/merritt.ae\/fr\/juridique\/droit-des-societes-gouvernance-dentreprise\/"]}]},{"@type":"BreadcrumbList","@id":"https:\/\/merritt.ae\/fr\/juridique\/droit-des-societes-gouvernance-dentreprise\/#breadcrumb","itemListElement":[{"@type":"ListItem","position":1,"name":"Home","item":"https:\/\/merritt.ae\/fr\/accueil\/"},{"@type":"ListItem","position":2,"name":"Services Juridiques","item":"https:\/\/merritt.ae\/fr\/juridique\/"},{"@type":"ListItem","position":3,"name":"Droit des soci\u00e9t\u00e9s \/ gouvernance d\u2019entreprise"}]},{"@type":"WebSite","@id":"https:\/\/merritt.ae\/#website","url":"https:\/\/merritt.ae\/","name":"merritt.ae","description":"","publisher":{"@id":"https:\/\/merritt.ae\/#organization"},"potentialAction":[{"@type":"SearchAction","target":{"@type":"EntryPoint","urlTemplate":"https:\/\/merritt.ae\/?s={search_term_string}"},"query-input":{"@type":"PropertyValueSpecification","valueRequired":true,"valueName":"search_term_string"}}],"inLanguage":"fr-FR"},{"@type":"Organization","@id":"https:\/\/merritt.ae\/#organization","name":"merritt.ae","url":"https:\/\/merritt.ae\/","logo":{"@type":"ImageObject","inLanguage":"fr-FR","@id":"https:\/\/merritt.ae\/#\/schema\/logo\/image\/","url":"https:\/\/merritt.ae\/wp-content\/uploads\/2021\/11\/ME-new-featured.jpg","contentUrl":"https:\/\/merritt.ae\/wp-content\/uploads\/2021\/11\/ME-new-featured.jpg","width":1200,"height":630,"caption":"merritt.ae"},"image":{"@id":"https:\/\/merritt.ae\/#\/schema\/logo\/image\/"}}]}},"_links":{"self":[{"href":"https:\/\/merritt.ae\/fr\/wp-json\/wp\/v2\/pages\/5929","targetHints":{"allow":["GET"]}}],"collection":[{"href":"https:\/\/merritt.ae\/fr\/wp-json\/wp\/v2\/pages"}],"about":[{"href":"https:\/\/merritt.ae\/fr\/wp-json\/wp\/v2\/types\/page"}],"author":[{"embeddable":true,"href":"https:\/\/merritt.ae\/fr\/wp-json\/wp\/v2\/users\/3"}],"replies":[{"embeddable":true,"href":"https:\/\/merritt.ae\/fr\/wp-json\/wp\/v2\/comments?post=5929"}],"version-history":[{"count":7,"href":"https:\/\/merritt.ae\/fr\/wp-json\/wp\/v2\/pages\/5929\/revisions"}],"predecessor-version":[{"id":16527,"href":"https:\/\/merritt.ae\/fr\/wp-json\/wp\/v2\/pages\/5929\/revisions\/16527"}],"up":[{"embeddable":true,"href":"https:\/\/merritt.ae\/fr\/wp-json\/wp\/v2\/pages\/11480"}],"wp:attachment":[{"href":"https:\/\/merritt.ae\/fr\/wp-json\/wp\/v2\/media?parent=5929"}],"curies":[{"name":"wp","href":"https:\/\/api.w.org\/{rel}","templated":true}]}}