{"id":5926,"date":"2019-12-30T16:42:02","date_gmt":"2019-12-30T16:42:02","guid":{"rendered":"https:\/\/merritt.ae\/?page_id=5926"},"modified":"2022-02-11T10:47:52","modified_gmt":"2022-02-11T06:47:52","slug":"droit-des-affaires-et-contrats-internationaux","status":"publish","type":"page","link":"https:\/\/merritt.ae\/fr\/juridique\/droit-des-affaires-et-contrats-internationaux\/","title":{"rendered":"Droit des affaires et contrats internationaux"},"content":{"rendered":"<div id='full_slider_1'  class='avia-fullwidth-slider main_color avia-shadow   avia-builder-el-0  el_before_av_one_full  avia-builder-el-first   container_wrap sidebar_right'  >\n<style type=\"text\/css\" data-created_by=\"avia_inline_auto\" id=\"style-css-av-2pbueg-dd0e1747d52f84c219e50578169fa958\">\n#top #wrap_all .avia-slideshow .av-slideshow-caption.av-2pbueg-dd0e1747d52f84c219e50578169fa958__0 .avia-caption-title{\ncolor:#ffffff;\n}\n<\/style>\n<div  class='avia-slideshow av-2pbueg-dd0e1747d52f84c219e50578169fa958 avia-slideshow-featured av_slideshow_full avia-slide-slider av-slideshow-ui av-control-default av-slideshow-manual av-loop-once av-loop-manual-endless av-default-height-applied   avia-slideshow-1' data-slideshow-options=\"{&quot;animation&quot;:&quot;slide&quot;,&quot;autoplay&quot;:false,&quot;loop_autoplay&quot;:&quot;once&quot;,&quot;interval&quot;:5,&quot;loop_manual&quot;:&quot;manual-endless&quot;,&quot;autoplay_stopper&quot;:false,&quot;noNavigation&quot;:false,&quot;bg_slider&quot;:false,&quot;keep_padding&quot;:false,&quot;hoverpause&quot;:false,&quot;show_slide_delay&quot;:0}\"  itemprop=\"image\" itemscope=\"itemscope\" itemtype=\"https:\/\/schema.org\/ImageObject\" ><ul class='avia-slideshow-inner ' style='padding-bottom: 28.666666666667%;'><li  class='avia-slideshow-slide av-2pbueg-dd0e1747d52f84c219e50578169fa958__0  av-single-slide slide-1 slide-odd'><div data-rel='slideshow-1' class='avia-slide-wrap '   ><div class='av-slideshow-caption av-2pbueg-dd0e1747d52f84c219e50578169fa958__0 caption_fullwidth caption_center caption_center_framed caption_framed'><div class=\"container caption_container\"><div class=\"slideshow_caption\"><div class=\"slideshow_inner_caption\"><div class=\"slideshow_align_caption\"><h2 class='avia-caption-title '  itemprop=\"name\" >Droit des affaires et contrats internationaux<\/h2><\/div><\/div><\/div><\/div><\/div><img decoding=\"async\" fetchpriority=\"high\" class=\"wp-image-5700 avia-img-lazy-loading-not-5700\"  src=\"https:\/\/merritt.ae\/wp-content\/uploads\/2019\/12\/skyline-1500x430.jpg\" width=\"1500\" height=\"430\" title='skyline' alt=''  itemprop=\"thumbnailUrl\"   \/><\/div><\/li><\/ul><\/div><\/div><div id='after_full_slider_1'  class='main_color av_default_container_wrap container_wrap sidebar_right'  ><div class='container av-section-cont-open' ><div class='template-page content  av-content-small alpha units'><div class='post-entry post-entry-type-page post-entry-5926'><div class='entry-content-wrapper clearfix'>\n\n<style type=\"text\/css\" data-created_by=\"avia_inline_auto\" id=\"style-css-av-k4shp4i5-cf6aab50a18a5770d8c0823ef9700eb6\">\n.flex_column.av-k4shp4i5-cf6aab50a18a5770d8c0823ef9700eb6{\nborder-radius:0px 0px 0px 0px;\npadding:0px 0px 0px 0px;\n}\n<\/style>\n<div  class='flex_column av-k4shp4i5-cf6aab50a18a5770d8c0823ef9700eb6 av_one_full  avia-builder-el-1  el_after_av_slideshow_full  avia-builder-el-no-sibling  first flex_column_div av-zero-column-padding  '     ><p>\n<style type=\"text\/css\" data-created_by=\"avia_inline_auto\" id=\"style-css-av-kuqjsdea-1cf666b48af0e4de2061a83a7adcd6a3\">\n#top .av-special-heading.av-kuqjsdea-1cf666b48af0e4de2061a83a7adcd6a3{\npadding-bottom:10px;\n}\nbody .av-special-heading.av-kuqjsdea-1cf666b48af0e4de2061a83a7adcd6a3 .av-special-heading-tag .heading-char{\nfont-size:25px;\n}\n.av-special-heading.av-kuqjsdea-1cf666b48af0e4de2061a83a7adcd6a3 .av-subheading{\nfont-size:15px;\n}\n<\/style>\n<div  class='av-special-heading av-kuqjsdea-1cf666b48af0e4de2061a83a7adcd6a3 av-special-heading-h2  avia-builder-el-2  el_before_av_textblock  avia-builder-el-first '><h2 class='av-special-heading-tag '  itemprop=\"headline\"  >Droit des Contrats Commerciaux et Internationaux <\/h2><div class=\"special-heading-border\"><div class=\"special-heading-inner-border\"><\/div><\/div><\/div><br \/>\n<section  class='av_textblock_section av-k4jos165-c5101f771ba55272942b33a90f0ac1a6 '   itemscope=\"itemscope\" itemtype=\"https:\/\/schema.org\/CreativeWork\" ><div class='avia_textblock'  itemprop=\"text\" ><p>Cabinet d\u2019avocat en droit des affaires, nous sommes avant tout des professionnels du droit, ayant pour mission premi\u00e8re de fournir des conseils juridiques \u00e0 nos clients, notamment chefs d\u2019entreprises dans la conduite d\u2019op\u00e9rations transnationales et dans le cadre de partenariats commerciaux.<\/p>\n<p>Aussi, d\u00e8s lors qu\u2019un \u00e9l\u00e9ment d\u2019extran\u00e9it\u00e9 intervient, il est n\u00e9cessaire de recourir aux r\u00e8gles de droit international priv\u00e9, et de respecter les termes des conventions internationales, des protocoles et des trait\u00e9s internationaux qui ont \u00e9t\u00e9 ratifi\u00e9s par les diff\u00e9rents pays, dont les Emirats Arabes Unis.<\/p>\n<p>Dans un contexte de mondialisation et de d\u00e9veloppement des relations commerciales entres les Pays du Golfe et l\u2019Europe, le droit des affaires internationales est tr\u00e8s largement appliqu\u00e9.<\/p>\n<p>En qualit\u00e9 d\u2019avocats en droit des affaires, sp\u00e9cialis\u00e9s dans la r\u00e9daction des contrats commerciaux et internationaux, nous vous assistons dans la n\u00e9gociation, la r\u00e9daction et la r\u00e9vision de tous vos contrats commerciaux locaux et internationaux.<\/p>\n<p><strong><em>Votre soci\u00e9t\u00e9 est bas\u00e9e en France et vous souhaitez \u00eatre accompagn\u00e9s pour d\u00e9finir la meilleure strat\u00e9gie de coop\u00e9ration avec vos partenaires aux Emirats Arabes Unis\u00a0? Ou vous \u00eates d\u00e9j\u00e0 implant\u00e9s aux Emirats Arabes Unis et souhaitez \u00eatre accompagn\u00e9s afin de prot\u00e9ger au mieux vos int\u00e9r\u00eats dans la n\u00e9gociation des contrats avec vos partenaires\u00a0? <\/em><\/strong><\/p>\n<p>Nous sommes l\u00e0 pour vous conseiller et vous accompagner dans la structuration de partenariats commerciaux et dans la r\u00e9daction de vos contrats commerciaux et internationaux tels que, notamment, les contrats de joint-venture, contrats de vente, distribution et transport.<\/p>\n<p>Nous sommes \u00e9galement sp\u00e9cialis\u00e9s dans la r\u00e9daction de contrats de consultant, prestations de services ainsi que pour la r\u00e9daction de tout autre document juridique (protocole d\u2019accord, procurations, ect\u2026) et contractuel, selon vos besoins et les sp\u00e9cificit\u00e9s de votre secteur d\u2019activit\u00e9.<\/p>\n<p>Nos contrats sont \u00e9tudi\u00e9s et pr\u00e9par\u00e9s \u00ab\u00a0sur mesure\u00a0\u00bb pour chaque client.<\/p>\n<\/div><\/section><\/p><\/div>\n","protected":false},"excerpt":{"rendered":"","protected":false},"author":3,"featured_media":0,"parent":11480,"menu_order":1,"comment_status":"closed","ping_status":"closed","template":"","meta":{"inline_featured_image":false,"footnotes":""},"class_list":["post-5926","page","type-page","status-publish","hentry"],"yoast_head":"<!-- This site is optimized with the Yoast SEO plugin v26.9 - https:\/\/yoast.com\/product\/yoast-seo-wordpress\/ -->\n<title>Conseils en droit du travail, de propri\u00e9t\u00e9, propri\u00e9t\u00e9 intellectuelle et fiscalit\u00e9.<\/title>\n<meta name=\"description\" content=\"Conseil aux entreprises ayant des int\u00e9r\u00eats strat\u00e9giques au Moyen-Orient en droit des affaires et contrat international-local, n\u00e9gociation, pacte d\u2019actionnaire-d\u2019associ\u00e9.\" \/>\n<meta name=\"robots\" content=\"index, follow, max-snippet:-1, max-image-preview:large, max-video-preview:-1\" \/>\n<link rel=\"canonical\" href=\"https:\/\/merritt.ae\/fr\/juridique\/droit-des-affaires-et-contrats-internationaux\/\" \/>\n<meta property=\"og:locale\" content=\"fr_FR\" \/>\n<meta property=\"og:type\" content=\"article\" \/>\n<meta property=\"og:title\" content=\"Conseils en droit du travail, de propri\u00e9t\u00e9, propri\u00e9t\u00e9 intellectuelle et fiscalit\u00e9.\" \/>\n<meta property=\"og:description\" content=\"Conseil aux entreprises ayant des int\u00e9r\u00eats strat\u00e9giques au Moyen-Orient en droit des affaires et contrat international-local, n\u00e9gociation, pacte d\u2019actionnaire-d\u2019associ\u00e9.\" \/>\n<meta property=\"og:url\" content=\"https:\/\/merritt.ae\/fr\/juridique\/droit-des-affaires-et-contrats-internationaux\/\" \/>\n<meta property=\"og:site_name\" content=\"merritt.ae\" \/>\n<meta property=\"article:modified_time\" content=\"2022-02-11T06:47:52+00:00\" \/>\n<meta property=\"og:image\" content=\"https:\/\/merritt.ae\/wp-content\/uploads\/2021\/11\/ME-new-featured.jpg\" \/>\n\t<meta property=\"og:image:width\" content=\"1200\" \/>\n\t<meta property=\"og:image:height\" content=\"630\" \/>\n\t<meta property=\"og:image:type\" content=\"image\/jpeg\" \/>\n<meta name=\"twitter:card\" content=\"summary_large_image\" \/>\n<meta name=\"twitter:label1\" content=\"Dur\u00e9e de lecture estim\u00e9e\" \/>\n\t<meta name=\"twitter:data1\" content=\"4 minutes\" \/>\n<script type=\"application\/ld+json\" class=\"yoast-schema-graph\">{\"@context\":\"https:\/\/schema.org\",\"@graph\":[{\"@type\":\"WebPage\",\"@id\":\"https:\/\/merritt.ae\/fr\/juridique\/droit-des-affaires-et-contrats-internationaux\/\",\"url\":\"https:\/\/merritt.ae\/fr\/juridique\/droit-des-affaires-et-contrats-internationaux\/\",\"name\":\"Conseils en droit du travail, de propri\u00e9t\u00e9, propri\u00e9t\u00e9 intellectuelle et fiscalit\u00e9.\",\"isPartOf\":{\"@id\":\"https:\/\/merritt.ae\/#website\"},\"datePublished\":\"2019-12-30T16:42:02+00:00\",\"dateModified\":\"2022-02-11T06:47:52+00:00\",\"description\":\"Conseil aux entreprises ayant des int\u00e9r\u00eats strat\u00e9giques au Moyen-Orient en droit des affaires et contrat international-local, n\u00e9gociation, pacte d\u2019actionnaire-d\u2019associ\u00e9.\",\"breadcrumb\":{\"@id\":\"https:\/\/merritt.ae\/fr\/juridique\/droit-des-affaires-et-contrats-internationaux\/#breadcrumb\"},\"inLanguage\":\"fr-FR\",\"potentialAction\":[{\"@type\":\"ReadAction\",\"target\":[\"https:\/\/merritt.ae\/fr\/juridique\/droit-des-affaires-et-contrats-internationaux\/\"]}]},{\"@type\":\"BreadcrumbList\",\"@id\":\"https:\/\/merritt.ae\/fr\/juridique\/droit-des-affaires-et-contrats-internationaux\/#breadcrumb\",\"itemListElement\":[{\"@type\":\"ListItem\",\"position\":1,\"name\":\"Home\",\"item\":\"https:\/\/merritt.ae\/fr\/accueil\/\"},{\"@type\":\"ListItem\",\"position\":2,\"name\":\"Services Juridiques\",\"item\":\"https:\/\/merritt.ae\/fr\/juridique\/\"},{\"@type\":\"ListItem\",\"position\":3,\"name\":\"Droit des affaires et contrats internationaux\"}]},{\"@type\":\"WebSite\",\"@id\":\"https:\/\/merritt.ae\/#website\",\"url\":\"https:\/\/merritt.ae\/\",\"name\":\"merritt.ae\",\"description\":\"\",\"publisher\":{\"@id\":\"https:\/\/merritt.ae\/#organization\"},\"potentialAction\":[{\"@type\":\"SearchAction\",\"target\":{\"@type\":\"EntryPoint\",\"urlTemplate\":\"https:\/\/merritt.ae\/?s={search_term_string}\"},\"query-input\":{\"@type\":\"PropertyValueSpecification\",\"valueRequired\":true,\"valueName\":\"search_term_string\"}}],\"inLanguage\":\"fr-FR\"},{\"@type\":\"Organization\",\"@id\":\"https:\/\/merritt.ae\/#organization\",\"name\":\"merritt.ae\",\"url\":\"https:\/\/merritt.ae\/\",\"logo\":{\"@type\":\"ImageObject\",\"inLanguage\":\"fr-FR\",\"@id\":\"https:\/\/merritt.ae\/#\/schema\/logo\/image\/\",\"url\":\"https:\/\/merritt.ae\/wp-content\/uploads\/2021\/11\/ME-new-featured.jpg\",\"contentUrl\":\"https:\/\/merritt.ae\/wp-content\/uploads\/2021\/11\/ME-new-featured.jpg\",\"width\":1200,\"height\":630,\"caption\":\"merritt.ae\"},\"image\":{\"@id\":\"https:\/\/merritt.ae\/#\/schema\/logo\/image\/\"}}]}<\/script>\n<!-- \/ Yoast SEO plugin. -->","yoast_head_json":{"title":"Conseils en droit du travail, de propri\u00e9t\u00e9, propri\u00e9t\u00e9 intellectuelle et fiscalit\u00e9.","description":"Conseil aux entreprises ayant des int\u00e9r\u00eats strat\u00e9giques au Moyen-Orient en droit des affaires et contrat international-local, n\u00e9gociation, pacte d\u2019actionnaire-d\u2019associ\u00e9.","robots":{"index":"index","follow":"follow","max-snippet":"max-snippet:-1","max-image-preview":"max-image-preview:large","max-video-preview":"max-video-preview:-1"},"canonical":"https:\/\/merritt.ae\/fr\/juridique\/droit-des-affaires-et-contrats-internationaux\/","og_locale":"fr_FR","og_type":"article","og_title":"Conseils en droit du travail, de propri\u00e9t\u00e9, propri\u00e9t\u00e9 intellectuelle et fiscalit\u00e9.","og_description":"Conseil aux entreprises ayant des int\u00e9r\u00eats strat\u00e9giques au Moyen-Orient en droit des affaires et contrat international-local, n\u00e9gociation, pacte d\u2019actionnaire-d\u2019associ\u00e9.","og_url":"https:\/\/merritt.ae\/fr\/juridique\/droit-des-affaires-et-contrats-internationaux\/","og_site_name":"merritt.ae","article_modified_time":"2022-02-11T06:47:52+00:00","og_image":[{"width":1200,"height":630,"url":"https:\/\/merritt.ae\/wp-content\/uploads\/2021\/11\/ME-new-featured.jpg","type":"image\/jpeg"}],"twitter_card":"summary_large_image","twitter_misc":{"Dur\u00e9e de lecture estim\u00e9e":"4 minutes"},"schema":{"@context":"https:\/\/schema.org","@graph":[{"@type":"WebPage","@id":"https:\/\/merritt.ae\/fr\/juridique\/droit-des-affaires-et-contrats-internationaux\/","url":"https:\/\/merritt.ae\/fr\/juridique\/droit-des-affaires-et-contrats-internationaux\/","name":"Conseils en droit du travail, de propri\u00e9t\u00e9, propri\u00e9t\u00e9 intellectuelle et fiscalit\u00e9.","isPartOf":{"@id":"https:\/\/merritt.ae\/#website"},"datePublished":"2019-12-30T16:42:02+00:00","dateModified":"2022-02-11T06:47:52+00:00","description":"Conseil aux entreprises ayant des int\u00e9r\u00eats strat\u00e9giques au Moyen-Orient en droit des affaires et contrat international-local, n\u00e9gociation, pacte d\u2019actionnaire-d\u2019associ\u00e9.","breadcrumb":{"@id":"https:\/\/merritt.ae\/fr\/juridique\/droit-des-affaires-et-contrats-internationaux\/#breadcrumb"},"inLanguage":"fr-FR","potentialAction":[{"@type":"ReadAction","target":["https:\/\/merritt.ae\/fr\/juridique\/droit-des-affaires-et-contrats-internationaux\/"]}]},{"@type":"BreadcrumbList","@id":"https:\/\/merritt.ae\/fr\/juridique\/droit-des-affaires-et-contrats-internationaux\/#breadcrumb","itemListElement":[{"@type":"ListItem","position":1,"name":"Home","item":"https:\/\/merritt.ae\/fr\/accueil\/"},{"@type":"ListItem","position":2,"name":"Services Juridiques","item":"https:\/\/merritt.ae\/fr\/juridique\/"},{"@type":"ListItem","position":3,"name":"Droit des affaires et contrats internationaux"}]},{"@type":"WebSite","@id":"https:\/\/merritt.ae\/#website","url":"https:\/\/merritt.ae\/","name":"merritt.ae","description":"","publisher":{"@id":"https:\/\/merritt.ae\/#organization"},"potentialAction":[{"@type":"SearchAction","target":{"@type":"EntryPoint","urlTemplate":"https:\/\/merritt.ae\/?s={search_term_string}"},"query-input":{"@type":"PropertyValueSpecification","valueRequired":true,"valueName":"search_term_string"}}],"inLanguage":"fr-FR"},{"@type":"Organization","@id":"https:\/\/merritt.ae\/#organization","name":"merritt.ae","url":"https:\/\/merritt.ae\/","logo":{"@type":"ImageObject","inLanguage":"fr-FR","@id":"https:\/\/merritt.ae\/#\/schema\/logo\/image\/","url":"https:\/\/merritt.ae\/wp-content\/uploads\/2021\/11\/ME-new-featured.jpg","contentUrl":"https:\/\/merritt.ae\/wp-content\/uploads\/2021\/11\/ME-new-featured.jpg","width":1200,"height":630,"caption":"merritt.ae"},"image":{"@id":"https:\/\/merritt.ae\/#\/schema\/logo\/image\/"}}]}},"_links":{"self":[{"href":"https:\/\/merritt.ae\/fr\/wp-json\/wp\/v2\/pages\/5926","targetHints":{"allow":["GET"]}}],"collection":[{"href":"https:\/\/merritt.ae\/fr\/wp-json\/wp\/v2\/pages"}],"about":[{"href":"https:\/\/merritt.ae\/fr\/wp-json\/wp\/v2\/types\/page"}],"author":[{"embeddable":true,"href":"https:\/\/merritt.ae\/fr\/wp-json\/wp\/v2\/users\/3"}],"replies":[{"embeddable":true,"href":"https:\/\/merritt.ae\/fr\/wp-json\/wp\/v2\/comments?post=5926"}],"version-history":[{"count":6,"href":"https:\/\/merritt.ae\/fr\/wp-json\/wp\/v2\/pages\/5926\/revisions"}],"predecessor-version":[{"id":16526,"href":"https:\/\/merritt.ae\/fr\/wp-json\/wp\/v2\/pages\/5926\/revisions\/16526"}],"up":[{"embeddable":true,"href":"https:\/\/merritt.ae\/fr\/wp-json\/wp\/v2\/pages\/11480"}],"wp:attachment":[{"href":"https:\/\/merritt.ae\/fr\/wp-json\/wp\/v2\/media?parent=5926"}],"curies":[{"name":"wp","href":"https:\/\/api.w.org\/{rel}","templated":true}]}}