{"id":5890,"date":"2019-12-30T12:55:29","date_gmt":"2019-12-30T12:55:29","guid":{"rendered":"https:\/\/merritt.ae\/?page_id=5890"},"modified":"2021-08-19T14:30:58","modified_gmt":"2021-08-19T10:30:58","slug":"faq-concernant-notre-prestation","status":"publish","type":"page","link":"https:\/\/merritt.ae\/fr\/juridique\/succession\/faq-concernant-notre-prestation\/","title":{"rendered":"FAQ concernant notre prestation"},"content":{"rendered":"<div id='full_slider_1'  class='avia-fullwidth-slider main_color avia-shadow   avia-builder-el-0  el_before_av_textblock  avia-builder-el-first   container_wrap sidebar_right'  >\n<style type=\"text\/css\" data-created_by=\"avia_inline_auto\" id=\"style-css-av-k4mm6kp0-073a9117ece6cf17eae07fd9f32a9d04\">\n#top #wrap_all .avia-slideshow .av-slideshow-caption.av-k4mm6kp0-073a9117ece6cf17eae07fd9f32a9d04__0 .avia-caption-title{\ncolor:#ffffff;\n}\n<\/style>\n<div  class='avia-slideshow av-k4mm6kp0-073a9117ece6cf17eae07fd9f32a9d04 avia-slideshow-featured av_slideshow_full avia-slide-slider av-slideshow-ui av-control-default av-slideshow-manual av-loop-once av-loop-manual-endless av-default-height-applied   avia-slideshow-1' data-slideshow-options=\"{&quot;animation&quot;:&quot;slide&quot;,&quot;autoplay&quot;:false,&quot;loop_autoplay&quot;:&quot;once&quot;,&quot;interval&quot;:5,&quot;loop_manual&quot;:&quot;manual-endless&quot;,&quot;autoplay_stopper&quot;:false,&quot;noNavigation&quot;:false,&quot;bg_slider&quot;:false,&quot;keep_padding&quot;:false,&quot;hoverpause&quot;:false,&quot;show_slide_delay&quot;:0}\"  itemprop=\"image\" itemscope=\"itemscope\" itemtype=\"https:\/\/schema.org\/ImageObject\" ><ul class='avia-slideshow-inner ' style='padding-bottom: 28.666666666667%;'><li  class='avia-slideshow-slide av-k4mm6kp0-073a9117ece6cf17eae07fd9f32a9d04__0  av-single-slide slide-1 slide-odd'><div data-rel='slideshow-1' class='avia-slide-wrap '   ><div class='av-slideshow-caption av-k4mm6kp0-073a9117ece6cf17eae07fd9f32a9d04__0 caption_fullwidth caption_center caption_center_framed caption_framed'><div class=\"container caption_container\"><div class=\"slideshow_caption\"><div class=\"slideshow_inner_caption\"><div class=\"slideshow_align_caption\"><h2 class='avia-caption-title '  itemprop=\"name\" >FAQ concernant notre prestation<\/h2><\/div><\/div><\/div><\/div><\/div><img decoding=\"async\" fetchpriority=\"high\" class=\"wp-image-5700 avia-img-lazy-loading-not-5700\"  src=\"https:\/\/merritt.ae\/wp-content\/uploads\/2019\/12\/skyline-1500x430.jpg\" width=\"1500\" height=\"430\" title='skyline' alt=''  itemprop=\"thumbnailUrl\"   \/><\/div><\/li><\/ul><\/div><\/div><div id='after_full_slider_1'  class='main_color av_default_container_wrap container_wrap sidebar_right'  ><div class='container av-section-cont-open' ><div class='template-page content  av-content-small alpha units'><div class='post-entry post-entry-type-page post-entry-5890'><div class='entry-content-wrapper clearfix'>\n<section  class='av_textblock_section av-k4jv7nsi-b9aa070377a8d7e289cb7c82c53cfdd2 '   itemscope=\"itemscope\" itemtype=\"https:\/\/schema.org\/CreativeWork\" ><div class='avia_textblock'  itemprop=\"text\" ><section class=\"av_textblock_section \">\n<div class=\"avia_textblock \">\n<p><em>Toutes les prestations juridiques sont r\u00e9alis\u00e9es exclusivement par Merritt Legal Consultants FZ LLC.<\/em><br \/>\n<em>All legal services are provided exclusively by Merritt Legal Consultants FZ LLC.<\/em><\/p>\n<\/div>\n<\/section>\n<\/div><\/section>\n\n<style type=\"text\/css\" data-created_by=\"avia_inline_auto\" id=\"style-css-av-av_heading-5f47a8d3860f14d8a278ade1da794bf1\">\n#top .av-special-heading.av-av_heading-5f47a8d3860f14d8a278ade1da794bf1{\npadding-bottom:10px;\n}\nbody .av-special-heading.av-av_heading-5f47a8d3860f14d8a278ade1da794bf1 .av-special-heading-tag .heading-char{\nfont-size:25px;\n}\n.av-special-heading.av-av_heading-5f47a8d3860f14d8a278ade1da794bf1 .av-subheading{\nfont-size:15px;\n}\n<\/style>\n<div  class='av-special-heading av-av_heading-5f47a8d3860f14d8a278ade1da794bf1 av-special-heading-h2  avia-builder-el-2  el_after_av_textblock  el_before_av_one_full '><h2 class='av-special-heading-tag '  itemprop=\"headline\"  >Comment se d\u00e9roulera l\u2019enregistrement de mon testament ?<\/h2><div class=\"special-heading-border\"><div class=\"special-heading-inner-border\"><\/div><\/div><\/div>\n\n<style type=\"text\/css\" data-created_by=\"avia_inline_auto\" id=\"style-css-av-23rb5w-ea5b793103d62f07bdb738d9fea70e8f\">\n.flex_column.av-23rb5w-ea5b793103d62f07bdb738d9fea70e8f{\nborder-radius:0px 0px 0px 0px;\npadding:0px 0px 0px 0px;\n}\n<\/style>\n<div  class='flex_column av-23rb5w-ea5b793103d62f07bdb738d9fea70e8f av_one_full  avia-builder-el-3  el_after_av_heading  el_before_av_heading  first flex_column_div av-zero-column-padding  '     ><section  class='av_textblock_section av-k4jv7nsi-b9aa070377a8d7e289cb7c82c53cfdd2 '   itemscope=\"itemscope\" itemtype=\"https:\/\/schema.org\/CreativeWork\" ><div class='avia_textblock'  itemprop=\"text\" ><p>La premi\u00e8re \u00e9tape est de nous rencontrer dans notre bureau de Dubai pour \u00e9tudier votre situation (r\u00e9sident, non r\u00e9sident, mari\u00e9 ou c\u00e9libataire, avec ou sans enfant, etc.), vos actifs et vos volont\u00e9s en cas de d\u00e9c\u00e8s.<\/p>\n<p>Puis votre testament sera r\u00e9dig\u00e9 en anglais selon vos volont\u00e9s par notre avocat enregistr\u00e9 au DIFC, dans le respect de votre loi nationale.<\/p>\n<p>Vous serez ensuite accompagn\u00e9 aupr\u00e8s du DIFC pour son enregistrement.<\/p>\n<\/div><\/section><\/div>\n\n<style type=\"text\/css\" data-created_by=\"avia_inline_auto\" id=\"style-css-av-av_heading-f5d8cdcb77447b41cb893abebc3ac3e2\">\n#top .av-special-heading.av-av_heading-f5d8cdcb77447b41cb893abebc3ac3e2{\npadding-bottom:10px;\n}\nbody .av-special-heading.av-av_heading-f5d8cdcb77447b41cb893abebc3ac3e2 .av-special-heading-tag .heading-char{\nfont-size:25px;\n}\n.av-special-heading.av-av_heading-f5d8cdcb77447b41cb893abebc3ac3e2 .av-subheading{\nfont-size:15px;\n}\n<\/style>\n<div  class='av-special-heading av-av_heading-f5d8cdcb77447b41cb893abebc3ac3e2 av-special-heading-h2  avia-builder-el-5  el_after_av_one_full  el_before_av_textblock '><h2 class='av-special-heading-tag '  itemprop=\"headline\"  >Qui s\u2019occupera de mon dossier ?<\/h2><div class=\"special-heading-border\"><div class=\"special-heading-inner-border\"><\/div><\/div><\/div>\n<section  class='av_textblock_section av-k4sf2h9a-6d44dd1fcc88ff2e4fdbfee339536bff '   itemscope=\"itemscope\" itemtype=\"https:\/\/schema.org\/CreativeWork\" ><div class='avia_textblock'  itemprop=\"text\" ><p>Un avocat de notre cabinet se chargera de votre dossier. Il est enregistr\u00e9 aupr\u00e8s du DIFC.<\/p>\n<\/div><\/section>\n\n<style type=\"text\/css\" data-created_by=\"avia_inline_auto\" id=\"style-css-av-av_heading-0a07b5826cb0ee6af921bf8dbe31b1fc\">\n#top .av-special-heading.av-av_heading-0a07b5826cb0ee6af921bf8dbe31b1fc{\npadding-bottom:10px;\n}\nbody .av-special-heading.av-av_heading-0a07b5826cb0ee6af921bf8dbe31b1fc .av-special-heading-tag .heading-char{\nfont-size:25px;\n}\n.av-special-heading.av-av_heading-0a07b5826cb0ee6af921bf8dbe31b1fc .av-subheading{\nfont-size:15px;\n}\n<\/style>\n<div  class='av-special-heading av-av_heading-0a07b5826cb0ee6af921bf8dbe31b1fc av-special-heading-h2  avia-builder-el-7  el_after_av_textblock  el_before_av_textblock '><h2 class='av-special-heading-tag '  itemprop=\"headline\"  >Quels sont les co\u00fbts \u00e0 pr\u00e9voir ?<\/h2><div class=\"special-heading-border\"><div class=\"special-heading-inner-border\"><\/div><\/div><\/div>\n<section  class='av_textblock_section av-k4sf39gn-39d98103342665f59be765af64f2afb4 '   itemscope=\"itemscope\" itemtype=\"https:\/\/schema.org\/CreativeWork\" ><div class='avia_textblock'  itemprop=\"text\" ><p>Nous vous invitons \u00e0 lire <a href=\"https:\/\/merritt.ae\/fr\/juridique\/succession\/tarifs-enregistrement-testament-dubai\/\">cette page pour conna\u00eetre tous les co\u00fbts<\/a>.<\/p>\n<\/div><\/section>\n\n<style type=\"text\/css\" data-created_by=\"avia_inline_auto\" id=\"style-css-av-av_heading-958de50457945d6545ffd93a88107502\">\n#top .av-special-heading.av-av_heading-958de50457945d6545ffd93a88107502{\npadding-bottom:10px;\n}\nbody .av-special-heading.av-av_heading-958de50457945d6545ffd93a88107502 .av-special-heading-tag .heading-char{\nfont-size:25px;\n}\n.av-special-heading.av-av_heading-958de50457945d6545ffd93a88107502 .av-subheading{\nfont-size:15px;\n}\n<\/style>\n<div  class='av-special-heading av-av_heading-958de50457945d6545ffd93a88107502 av-special-heading-h2  avia-builder-el-9  el_after_av_textblock  el_before_av_textblock '><h2 class='av-special-heading-tag '  itemprop=\"headline\"  >Quel est le d\u00e9lai \u00e0 pr\u00e9voir pour r\u00e9diger un testament ?<\/h2><div class=\"special-heading-border\"><div class=\"special-heading-inner-border\"><\/div><\/div><\/div>\n<section  class='av_textblock_section av-k4sf3z7e-6992ff08966bba24b1c3afd6d264ba2c '   itemscope=\"itemscope\" itemtype=\"https:\/\/schema.org\/CreativeWork\" ><div class='avia_textblock'  itemprop=\"text\" ><p>Le d\u00e9lai d\u00e9pendra de votre situation patrimoniale (actifs mobiliers, immobiliers, etc.), familiale (enfants mineurs ou non) et de vos souhaits concernant la r\u00e9daction du testament. Il faut habituellement compter une semaine pour finaliser un testament suite au RDV avec le client.<\/p>\n<\/div><\/section>\n","protected":false},"excerpt":{"rendered":"","protected":false},"author":3,"featured_media":0,"parent":5380,"menu_order":5,"comment_status":"closed","ping_status":"closed","template":"","meta":{"inline_featured_image":false,"footnotes":""},"class_list":["post-5890","page","type-page","status-publish","hentry"],"yoast_head":"<!-- This site is optimized with the Yoast SEO plugin v26.9 - https:\/\/yoast.com\/product\/yoast-seo-wordpress\/ -->\n<title>FAQ concernant notre prestation - O\u00f9, quand, comment, qui et combien.<\/title>\n<meta name=\"description\" content=\"Vous avez compris que le droit local est diff\u00e9rent du droit occidental et vous souhaitez r\u00e9diger un testament. FAQ concernant notre prestation.\" \/>\n<meta name=\"robots\" content=\"index, follow, max-snippet:-1, max-image-preview:large, max-video-preview:-1\" \/>\n<link rel=\"canonical\" href=\"https:\/\/merritt.ae\/fr\/juridique\/succession\/faq-concernant-notre-prestation\/\" \/>\n<meta property=\"og:locale\" content=\"fr_FR\" \/>\n<meta property=\"og:type\" content=\"article\" \/>\n<meta property=\"og:title\" content=\"FAQ concernant notre prestation - O\u00f9, quand, comment, qui et combien.\" \/>\n<meta property=\"og:description\" content=\"Vous avez compris que le droit local est diff\u00e9rent du droit occidental et vous souhaitez r\u00e9diger un testament. FAQ concernant notre prestation.\" \/>\n<meta property=\"og:url\" content=\"https:\/\/merritt.ae\/fr\/juridique\/succession\/faq-concernant-notre-prestation\/\" \/>\n<meta property=\"og:site_name\" content=\"merritt.ae\" \/>\n<meta property=\"article:modified_time\" content=\"2021-08-19T10:30:58+00:00\" \/>\n<meta property=\"og:image\" content=\"https:\/\/merritt.ae\/wp-content\/uploads\/2021\/11\/ME-new-featured.jpg\" \/>\n\t<meta property=\"og:image:width\" content=\"1200\" \/>\n\t<meta property=\"og:image:height\" content=\"630\" \/>\n\t<meta property=\"og:image:type\" content=\"image\/jpeg\" \/>\n<meta name=\"twitter:card\" content=\"summary_large_image\" \/>\n<meta name=\"twitter:label1\" content=\"Dur\u00e9e de lecture estim\u00e9e\" \/>\n\t<meta name=\"twitter:data1\" content=\"5 minutes\" \/>\n<script type=\"application\/ld+json\" class=\"yoast-schema-graph\">{\"@context\":\"https:\/\/schema.org\",\"@graph\":[{\"@type\":\"WebPage\",\"@id\":\"https:\/\/merritt.ae\/fr\/juridique\/succession\/faq-concernant-notre-prestation\/\",\"url\":\"https:\/\/merritt.ae\/fr\/juridique\/succession\/faq-concernant-notre-prestation\/\",\"name\":\"FAQ concernant notre prestation - O\u00f9, quand, comment, qui et combien.\",\"isPartOf\":{\"@id\":\"https:\/\/merritt.ae\/#website\"},\"datePublished\":\"2019-12-30T12:55:29+00:00\",\"dateModified\":\"2021-08-19T10:30:58+00:00\",\"description\":\"Vous avez compris que le droit local est diff\u00e9rent du droit occidental et vous souhaitez r\u00e9diger un testament. FAQ concernant notre prestation.\",\"breadcrumb\":{\"@id\":\"https:\/\/merritt.ae\/fr\/juridique\/succession\/faq-concernant-notre-prestation\/#breadcrumb\"},\"inLanguage\":\"fr-FR\",\"potentialAction\":[{\"@type\":\"ReadAction\",\"target\":[\"https:\/\/merritt.ae\/fr\/juridique\/succession\/faq-concernant-notre-prestation\/\"]}]},{\"@type\":\"BreadcrumbList\",\"@id\":\"https:\/\/merritt.ae\/fr\/juridique\/succession\/faq-concernant-notre-prestation\/#breadcrumb\",\"itemListElement\":[{\"@type\":\"ListItem\",\"position\":1,\"name\":\"Home\",\"item\":\"https:\/\/merritt.ae\/fr\/accueil\/\"},{\"@type\":\"ListItem\",\"position\":2,\"name\":\"Services Juridiques\",\"item\":\"https:\/\/merritt.ae\/fr\/juridique\/\"},{\"@type\":\"ListItem\",\"position\":3,\"name\":\"Succession\",\"item\":\"https:\/\/merritt.ae\/fr\/juridique\/succession\/\"},{\"@type\":\"ListItem\",\"position\":4,\"name\":\"FAQ concernant notre prestation\"}]},{\"@type\":\"WebSite\",\"@id\":\"https:\/\/merritt.ae\/#website\",\"url\":\"https:\/\/merritt.ae\/\",\"name\":\"merritt.ae\",\"description\":\"\",\"publisher\":{\"@id\":\"https:\/\/merritt.ae\/#organization\"},\"potentialAction\":[{\"@type\":\"SearchAction\",\"target\":{\"@type\":\"EntryPoint\",\"urlTemplate\":\"https:\/\/merritt.ae\/?s={search_term_string}\"},\"query-input\":{\"@type\":\"PropertyValueSpecification\",\"valueRequired\":true,\"valueName\":\"search_term_string\"}}],\"inLanguage\":\"fr-FR\"},{\"@type\":\"Organization\",\"@id\":\"https:\/\/merritt.ae\/#organization\",\"name\":\"merritt.ae\",\"url\":\"https:\/\/merritt.ae\/\",\"logo\":{\"@type\":\"ImageObject\",\"inLanguage\":\"fr-FR\",\"@id\":\"https:\/\/merritt.ae\/#\/schema\/logo\/image\/\",\"url\":\"https:\/\/merritt.ae\/wp-content\/uploads\/2021\/11\/ME-new-featured.jpg\",\"contentUrl\":\"https:\/\/merritt.ae\/wp-content\/uploads\/2021\/11\/ME-new-featured.jpg\",\"width\":1200,\"height\":630,\"caption\":\"merritt.ae\"},\"image\":{\"@id\":\"https:\/\/merritt.ae\/#\/schema\/logo\/image\/\"}}]}<\/script>\n<!-- \/ Yoast SEO plugin. -->","yoast_head_json":{"title":"FAQ concernant notre prestation - O\u00f9, quand, comment, qui et combien.","description":"Vous avez compris que le droit local est diff\u00e9rent du droit occidental et vous souhaitez r\u00e9diger un testament. FAQ concernant notre prestation.","robots":{"index":"index","follow":"follow","max-snippet":"max-snippet:-1","max-image-preview":"max-image-preview:large","max-video-preview":"max-video-preview:-1"},"canonical":"https:\/\/merritt.ae\/fr\/juridique\/succession\/faq-concernant-notre-prestation\/","og_locale":"fr_FR","og_type":"article","og_title":"FAQ concernant notre prestation - O\u00f9, quand, comment, qui et combien.","og_description":"Vous avez compris que le droit local est diff\u00e9rent du droit occidental et vous souhaitez r\u00e9diger un testament. FAQ concernant notre prestation.","og_url":"https:\/\/merritt.ae\/fr\/juridique\/succession\/faq-concernant-notre-prestation\/","og_site_name":"merritt.ae","article_modified_time":"2021-08-19T10:30:58+00:00","og_image":[{"width":1200,"height":630,"url":"https:\/\/merritt.ae\/wp-content\/uploads\/2021\/11\/ME-new-featured.jpg","type":"image\/jpeg"}],"twitter_card":"summary_large_image","twitter_misc":{"Dur\u00e9e de lecture estim\u00e9e":"5 minutes"},"schema":{"@context":"https:\/\/schema.org","@graph":[{"@type":"WebPage","@id":"https:\/\/merritt.ae\/fr\/juridique\/succession\/faq-concernant-notre-prestation\/","url":"https:\/\/merritt.ae\/fr\/juridique\/succession\/faq-concernant-notre-prestation\/","name":"FAQ concernant notre prestation - O\u00f9, quand, comment, qui et combien.","isPartOf":{"@id":"https:\/\/merritt.ae\/#website"},"datePublished":"2019-12-30T12:55:29+00:00","dateModified":"2021-08-19T10:30:58+00:00","description":"Vous avez compris que le droit local est diff\u00e9rent du droit occidental et vous souhaitez r\u00e9diger un testament. FAQ concernant notre prestation.","breadcrumb":{"@id":"https:\/\/merritt.ae\/fr\/juridique\/succession\/faq-concernant-notre-prestation\/#breadcrumb"},"inLanguage":"fr-FR","potentialAction":[{"@type":"ReadAction","target":["https:\/\/merritt.ae\/fr\/juridique\/succession\/faq-concernant-notre-prestation\/"]}]},{"@type":"BreadcrumbList","@id":"https:\/\/merritt.ae\/fr\/juridique\/succession\/faq-concernant-notre-prestation\/#breadcrumb","itemListElement":[{"@type":"ListItem","position":1,"name":"Home","item":"https:\/\/merritt.ae\/fr\/accueil\/"},{"@type":"ListItem","position":2,"name":"Services Juridiques","item":"https:\/\/merritt.ae\/fr\/juridique\/"},{"@type":"ListItem","position":3,"name":"Succession","item":"https:\/\/merritt.ae\/fr\/juridique\/succession\/"},{"@type":"ListItem","position":4,"name":"FAQ concernant notre prestation"}]},{"@type":"WebSite","@id":"https:\/\/merritt.ae\/#website","url":"https:\/\/merritt.ae\/","name":"merritt.ae","description":"","publisher":{"@id":"https:\/\/merritt.ae\/#organization"},"potentialAction":[{"@type":"SearchAction","target":{"@type":"EntryPoint","urlTemplate":"https:\/\/merritt.ae\/?s={search_term_string}"},"query-input":{"@type":"PropertyValueSpecification","valueRequired":true,"valueName":"search_term_string"}}],"inLanguage":"fr-FR"},{"@type":"Organization","@id":"https:\/\/merritt.ae\/#organization","name":"merritt.ae","url":"https:\/\/merritt.ae\/","logo":{"@type":"ImageObject","inLanguage":"fr-FR","@id":"https:\/\/merritt.ae\/#\/schema\/logo\/image\/","url":"https:\/\/merritt.ae\/wp-content\/uploads\/2021\/11\/ME-new-featured.jpg","contentUrl":"https:\/\/merritt.ae\/wp-content\/uploads\/2021\/11\/ME-new-featured.jpg","width":1200,"height":630,"caption":"merritt.ae"},"image":{"@id":"https:\/\/merritt.ae\/#\/schema\/logo\/image\/"}}]}},"_links":{"self":[{"href":"https:\/\/merritt.ae\/fr\/wp-json\/wp\/v2\/pages\/5890","targetHints":{"allow":["GET"]}}],"collection":[{"href":"https:\/\/merritt.ae\/fr\/wp-json\/wp\/v2\/pages"}],"about":[{"href":"https:\/\/merritt.ae\/fr\/wp-json\/wp\/v2\/types\/page"}],"author":[{"embeddable":true,"href":"https:\/\/merritt.ae\/fr\/wp-json\/wp\/v2\/users\/3"}],"replies":[{"embeddable":true,"href":"https:\/\/merritt.ae\/fr\/wp-json\/wp\/v2\/comments?post=5890"}],"version-history":[{"count":7,"href":"https:\/\/merritt.ae\/fr\/wp-json\/wp\/v2\/pages\/5890\/revisions"}],"predecessor-version":[{"id":17713,"href":"https:\/\/merritt.ae\/fr\/wp-json\/wp\/v2\/pages\/5890\/revisions\/17713"}],"up":[{"embeddable":true,"href":"https:\/\/merritt.ae\/fr\/wp-json\/wp\/v2\/pages\/5380"}],"wp:attachment":[{"href":"https:\/\/merritt.ae\/fr\/wp-json\/wp\/v2\/media?parent=5890"}],"curies":[{"name":"wp","href":"https:\/\/api.w.org\/{rel}","templated":true}]}}