{"id":5882,"date":"2019-12-30T12:44:29","date_gmt":"2019-12-30T12:44:29","guid":{"rendered":"https:\/\/merritt.ae\/?page_id=5882"},"modified":"2020-05-14T18:27:45","modified_gmt":"2020-05-14T18:27:45","slug":"faq-concernant-beneficiaires-testament","status":"publish","type":"page","link":"https:\/\/merritt.ae\/fr\/juridique\/succession\/faq-concernant-beneficiaires-testament\/","title":{"rendered":"FAQ concernant les b\u00e9n\u00e9ficiaires du testament"},"content":{"rendered":"<div id='full_slider_1'  class='avia-fullwidth-slider main_color avia-shadow   avia-builder-el-0  el_before_av_textblock  avia-builder-el-first   container_wrap sidebar_right'  >\n<style type=\"text\/css\" data-created_by=\"avia_inline_auto\" id=\"style-css-av-k4mm6kp0-073a9117ece6cf17eae07fd9f32a9d04\">\n#top #wrap_all .avia-slideshow .av-slideshow-caption.av-k4mm6kp0-073a9117ece6cf17eae07fd9f32a9d04__0 .avia-caption-title{\ncolor:#ffffff;\n}\n<\/style>\n<div  class='avia-slideshow av-k4mm6kp0-073a9117ece6cf17eae07fd9f32a9d04 avia-slideshow-featured av_slideshow_full avia-slide-slider av-slideshow-ui av-control-default av-slideshow-manual av-loop-once av-loop-manual-endless av-default-height-applied   avia-slideshow-1' data-slideshow-options=\"{&quot;animation&quot;:&quot;slide&quot;,&quot;autoplay&quot;:false,&quot;loop_autoplay&quot;:&quot;once&quot;,&quot;interval&quot;:5,&quot;loop_manual&quot;:&quot;manual-endless&quot;,&quot;autoplay_stopper&quot;:false,&quot;noNavigation&quot;:false,&quot;bg_slider&quot;:false,&quot;keep_padding&quot;:false,&quot;hoverpause&quot;:false,&quot;show_slide_delay&quot;:0}\"  itemprop=\"image\" itemscope=\"itemscope\" itemtype=\"https:\/\/schema.org\/ImageObject\" ><ul class='avia-slideshow-inner ' style='padding-bottom: 28.666666666667%;'><li  class='avia-slideshow-slide av-k4mm6kp0-073a9117ece6cf17eae07fd9f32a9d04__0  av-single-slide slide-1 slide-odd'><div data-rel='slideshow-1' class='avia-slide-wrap '   ><div class='av-slideshow-caption av-k4mm6kp0-073a9117ece6cf17eae07fd9f32a9d04__0 caption_fullwidth caption_center caption_center_framed caption_framed'><div class=\"container caption_container\"><div class=\"slideshow_caption\"><div class=\"slideshow_inner_caption\"><div class=\"slideshow_align_caption\"><h2 class='avia-caption-title '  itemprop=\"name\" >FAQ concernant les b\u00e9n\u00e9ficiaires du testament<\/h2><\/div><\/div><\/div><\/div><\/div><img decoding=\"async\" fetchpriority=\"high\" class=\"wp-image-5700 avia-img-lazy-loading-not-5700\"  src=\"https:\/\/merritt.ae\/wp-content\/uploads\/2019\/12\/skyline-1500x430.jpg\" width=\"1500\" height=\"430\" title='skyline' alt=''  itemprop=\"thumbnailUrl\"   \/><\/div><\/li><\/ul><\/div><\/div><div id='after_full_slider_1'  class='main_color av_default_container_wrap container_wrap sidebar_right'  ><div class='container av-section-cont-open' ><div class='template-page content  av-content-small alpha units'><div class='post-entry post-entry-type-page post-entry-5882'><div class='entry-content-wrapper clearfix'>\n<section  class='av_textblock_section av-k4jv7nsi-b9aa070377a8d7e289cb7c82c53cfdd2 '   itemscope=\"itemscope\" itemtype=\"https:\/\/schema.org\/CreativeWork\" ><div class='avia_textblock'  itemprop=\"text\" ><section class=\"av_textblock_section \">\n<div class=\"avia_textblock \">\n<p><em>Toutes les prestations juridiques sont r\u00e9alis\u00e9es exclusivement par Merritt Legal Consultants FZ LLC.<\/em><br \/>\n<em>All legal services are provided exclusively by Merritt Legal Consultants FZ LLC.<\/em><\/p>\n<\/div>\n<\/section>\n<\/div><\/section>\n\n<style type=\"text\/css\" data-created_by=\"avia_inline_auto\" id=\"style-css-av-av_heading-1b15e49b293782ff1137af2ee8b43f87\">\n#top .av-special-heading.av-av_heading-1b15e49b293782ff1137af2ee8b43f87{\npadding-bottom:10px;\n}\nbody .av-special-heading.av-av_heading-1b15e49b293782ff1137af2ee8b43f87 .av-special-heading-tag .heading-char{\nfont-size:25px;\n}\n.av-special-heading.av-av_heading-1b15e49b293782ff1137af2ee8b43f87 .av-subheading{\nfont-size:15px;\n}\n<\/style>\n<div  class='av-special-heading av-av_heading-1b15e49b293782ff1137af2ee8b43f87 av-special-heading-h2  avia-builder-el-2  el_after_av_textblock  el_before_av_one_full '><h2 class='av-special-heading-tag '  itemprop=\"headline\"  >Est-il possible de pr\u00e9voir la garde des enfants en cas de d\u00e9c\u00e8s ?<\/h2><div class=\"special-heading-border\"><div class=\"special-heading-inner-border\"><\/div><\/div><\/div>\n\n<style type=\"text\/css\" data-created_by=\"avia_inline_auto\" id=\"style-css-av-23rb5w-ea5b793103d62f07bdb738d9fea70e8f\">\n.flex_column.av-23rb5w-ea5b793103d62f07bdb738d9fea70e8f{\nborder-radius:0px 0px 0px 0px;\npadding:0px 0px 0px 0px;\n}\n<\/style>\n<div  class='flex_column av-23rb5w-ea5b793103d62f07bdb738d9fea70e8f av_one_full  avia-builder-el-3  el_after_av_heading  el_before_av_heading  first flex_column_div av-zero-column-padding  '     ><section  class='av_textblock_section av-k4jv7nsi-b9aa070377a8d7e289cb7c82c53cfdd2 '   itemscope=\"itemscope\" itemtype=\"https:\/\/schema.org\/CreativeWork\" ><div class='avia_textblock'  itemprop=\"text\" ><p>Le testament permet en effet de pr\u00e9voir qui aura la garde, temporaire et\/ou d\u00e9finitive, des enfants mineurs de moins de 21 ans en cas de d\u00e9c\u00e8s des 2 parents.<\/p>\n<\/div><\/section><\/div>\n<style type=\"text\/css\" data-created_by=\"avia_inline_auto\" id=\"style-css-av-av_heading-8c4d743a0ad5395249fe6df4d7e2bf44\">\n#top .av-special-heading.av-av_heading-8c4d743a0ad5395249fe6df4d7e2bf44{\npadding-bottom:10px;\n}\nbody .av-special-heading.av-av_heading-8c4d743a0ad5395249fe6df4d7e2bf44 .av-special-heading-tag .heading-char{\nfont-size:25px;\n}\n.av-special-heading.av-av_heading-8c4d743a0ad5395249fe6df4d7e2bf44 .av-subheading{\nfont-size:15px;\n}\n<\/style>\n<div  class='av-special-heading av-av_heading-8c4d743a0ad5395249fe6df4d7e2bf44 av-special-heading-h2  avia-builder-el-5  el_after_av_one_full  el_before_av_textblock '><h2 class='av-special-heading-tag '  itemprop=\"headline\"  >Quel est l\u2019\u00e2ge de la majorit\u00e9 aux Emirats ?<\/h2><div class=\"special-heading-border\"><div class=\"special-heading-inner-border\"><\/div><\/div><\/div><\/p>\n<section  class='av_textblock_section av-k4sf2h9a-6d44dd1fcc88ff2e4fdbfee339536bff '   itemscope=\"itemscope\" itemtype=\"https:\/\/schema.org\/CreativeWork\" ><div class='avia_textblock'  itemprop=\"text\" ><p>L\u2019\u00e2ge de la majorit\u00e9 aux Emirats est de 21 ans.<\/p>\n<\/div><\/section>\n\n<style type=\"text\/css\" data-created_by=\"avia_inline_auto\" id=\"style-css-av-av_heading-fc3446dacf9410731c8340164a8db3c7\">\n#top .av-special-heading.av-av_heading-fc3446dacf9410731c8340164a8db3c7{\npadding-bottom:10px;\n}\nbody .av-special-heading.av-av_heading-fc3446dacf9410731c8340164a8db3c7 .av-special-heading-tag .heading-char{\nfont-size:25px;\n}\n.av-special-heading.av-av_heading-fc3446dacf9410731c8340164a8db3c7 .av-subheading{\nfont-size:15px;\n}\n<\/style>\n<div  class='av-special-heading av-av_heading-fc3446dacf9410731c8340164a8db3c7 av-special-heading-h2  avia-builder-el-7  el_after_av_textblock  el_before_av_textblock '><h2 class='av-special-heading-tag '  itemprop=\"headline\"  >Suis-je libre de la r\u00e9partition de mes actifs selon mes derni\u00e8res volont\u00e9s ?<\/h2><div class=\"special-heading-border\"><div class=\"special-heading-inner-border\"><\/div><\/div><\/div>\n<section  class='av_textblock_section av-k4sf39gn-39d98103342665f59be765af64f2afb4 '   itemscope=\"itemscope\" itemtype=\"https:\/\/schema.org\/CreativeWork\" ><div class='avia_textblock'  itemprop=\"text\" ><p>Oui tout \u00e0 fait : vous pouvez r\u00e9partir vos actifs situ\u00e9s aux Emirats comme vous le souhaitez, aux personnes de votre choix (famille ou tiers). Il n\u2019y a donc pas de r\u00e9serve h\u00e9r\u00e9ditaire ni donc de quotit\u00e9 disponible comme en France.<\/p>\n<p>Il est toutefois recommand\u00e9 de respecter sa loi nationale afin d&#8217;\u00e9viter des contestations futures de la part d&#8217;h\u00e9ritiers qui sont qualifi\u00e9s de r\u00e9servataires par votre loi nationale.<\/p>\n<\/div><\/section>\n\n<style type=\"text\/css\" data-created_by=\"avia_inline_auto\" id=\"style-css-av-av_heading-a88ba1edf6a674e005d1ea1c987383e7\">\n#top .av-special-heading.av-av_heading-a88ba1edf6a674e005d1ea1c987383e7{\npadding-bottom:10px;\n}\nbody .av-special-heading.av-av_heading-a88ba1edf6a674e005d1ea1c987383e7 .av-special-heading-tag .heading-char{\nfont-size:25px;\n}\n.av-special-heading.av-av_heading-a88ba1edf6a674e005d1ea1c987383e7 .av-subheading{\nfont-size:15px;\n}\n<\/style>\n<div  class='av-special-heading av-av_heading-a88ba1edf6a674e005d1ea1c987383e7 av-special-heading-h2  avia-builder-el-9  el_after_av_textblock  el_before_av_textblock '><h2 class='av-special-heading-tag '  itemprop=\"headline\"  >Comment se passe l\u2019acc\u00e8s au compte bancaire en cas de d\u00e9c\u00e8s ?<\/h2><div class=\"special-heading-border\"><div class=\"special-heading-inner-border\"><\/div><\/div><\/div>\n<section  class='av_textblock_section av-k4sf3z7e-6992ff08966bba24b1c3afd6d264ba2c '   itemscope=\"itemscope\" itemtype=\"https:\/\/schema.org\/CreativeWork\" ><div class='avia_textblock'  itemprop=\"text\" ><p>Les fonds disponibles sur un compte bancaire sont bloqu\u00e9s d\u00e8s la notification du d\u00e9c\u00e8s \u00e0 la banque (y compris en cas de compte joint).<br \/>\nIl faudra une ordonnance de la Cour qui autorisera l\u2019ex\u00e9cuteur testamentaire \u00e0 acceder au compte bancaire. Il commencera par payer les dettes, frais des fun\u00e9railles etc. puis r\u00e9partira la somme restante selon les dispositions du testament.<\/p>\n<\/div><\/section>\n\n<style type=\"text\/css\" data-created_by=\"avia_inline_auto\" id=\"style-css-av-av_heading-7df6e9c83b3f939462558b2d75e60b05\">\n#top .av-special-heading.av-av_heading-7df6e9c83b3f939462558b2d75e60b05{\npadding-bottom:10px;\n}\nbody .av-special-heading.av-av_heading-7df6e9c83b3f939462558b2d75e60b05 .av-special-heading-tag .heading-char{\nfont-size:25px;\n}\n.av-special-heading.av-av_heading-7df6e9c83b3f939462558b2d75e60b05 .av-subheading{\nfont-size:15px;\n}\n<\/style>\n<div  class='av-special-heading av-av_heading-7df6e9c83b3f939462558b2d75e60b05 av-special-heading-h2  avia-builder-el-11  el_after_av_textblock  el_before_av_textblock '><h2 class='av-special-heading-tag '  itemprop=\"headline\"  >Un b\u00e9n\u00e9ficiaire du testament peut-il \u00eatre un tiers de la famille ?<\/h2><div class=\"special-heading-border\"><div class=\"special-heading-inner-border\"><\/div><\/div><\/div>\n<section  class='av_textblock_section av-k4sf56pv-f470e5ecc3a4303b27e0b45e1c8e1328 '   itemscope=\"itemscope\" itemtype=\"https:\/\/schema.org\/CreativeWork\" ><div class='avia_textblock'  itemprop=\"text\" ><p>Vous pouvez nommer qui vous le souhaitez en tant que b\u00e9n\u00e9ficiaire(s) de votre testament, m\u00eame si cette personne n\u2019est pas un membre de famille. Ce peut \u00eatre aussi une entit\u00e9 (fondation, soci\u00e9t\u00e9, etc.).<\/p>\n<\/div><\/section>\n\n<style type=\"text\/css\" data-created_by=\"avia_inline_auto\" id=\"style-css-av-av_heading-c1dbb4eb80b334fbae29dfa7338576a8\">\n#top .av-special-heading.av-av_heading-c1dbb4eb80b334fbae29dfa7338576a8{\npadding-bottom:10px;\n}\nbody .av-special-heading.av-av_heading-c1dbb4eb80b334fbae29dfa7338576a8 .av-special-heading-tag .heading-char{\nfont-size:25px;\n}\n.av-special-heading.av-av_heading-c1dbb4eb80b334fbae29dfa7338576a8 .av-subheading{\nfont-size:15px;\n}\n<\/style>\n<div  class='av-special-heading av-av_heading-c1dbb4eb80b334fbae29dfa7338576a8 av-special-heading-h2  avia-builder-el-13  el_after_av_textblock  el_before_av_textblock '><h2 class='av-special-heading-tag '  itemprop=\"headline\"  >Que se passe-t-il en cas de contestation de la part d\u2019un b\u00e9n\u00e9ficiaire ou d\u2019un tiers ?<\/h2><div class=\"special-heading-border\"><div class=\"special-heading-inner-border\"><\/div><\/div><\/div>\n<section  class='av_textblock_section av-k4sf9sqk-02dc39b93e7a950621635bbbd504fe6c '   itemscope=\"itemscope\" itemtype=\"https:\/\/schema.org\/CreativeWork\" ><div class='avia_textblock'  itemprop=\"text\" ><p>Dans le cas d\u2019une contestation, un juge du DIFC sera nomm\u00e9 et \u00e9tudiera le dossier selon les \u00e9l\u00e9ments apport\u00e9s par toutes les parties.<\/p>\n<\/div><\/section>\n\n<style type=\"text\/css\" data-created_by=\"avia_inline_auto\" id=\"style-css-av-av_heading-8f90c8814bac6b1835690c97f946bfb0\">\n#top .av-special-heading.av-av_heading-8f90c8814bac6b1835690c97f946bfb0{\npadding-bottom:10px;\n}\nbody .av-special-heading.av-av_heading-8f90c8814bac6b1835690c97f946bfb0 .av-special-heading-tag .heading-char{\nfont-size:25px;\n}\n.av-special-heading.av-av_heading-8f90c8814bac6b1835690c97f946bfb0 .av-subheading{\nfont-size:15px;\n}\n<\/style>\n<div  class='av-special-heading av-av_heading-8f90c8814bac6b1835690c97f946bfb0 av-special-heading-h2  avia-builder-el-15  el_after_av_textblock  el_before_av_textblock '><h2 class='av-special-heading-tag '  itemprop=\"headline\"  >Le b\u00e9n\u00e9ficiaire du testament peut-il \u00eatre musulman ?<\/h2><div class=\"special-heading-border\"><div class=\"special-heading-inner-border\"><\/div><\/div><\/div>\n<section  class='av_textblock_section av-k4sfa9o0-378266162fb61f3e441b7c7339284c9d '   itemscope=\"itemscope\" itemtype=\"https:\/\/schema.org\/CreativeWork\" ><div class='avia_textblock'  itemprop=\"text\" ><p>Oui ceci est tout \u00e0 fait possible et ne pose aucun probl\u00e8me. C\u2019est l\u2019\u00e9metteur du testament qui ne peut pas \u00eatre musulman.<\/p>\n<\/div><\/section>\n\n<style type=\"text\/css\" data-created_by=\"avia_inline_auto\" id=\"style-css-av-av_heading-236fbe8b570e41ef34eec155f34d8226\">\n#top .av-special-heading.av-av_heading-236fbe8b570e41ef34eec155f34d8226{\npadding-bottom:10px;\n}\nbody .av-special-heading.av-av_heading-236fbe8b570e41ef34eec155f34d8226 .av-special-heading-tag .heading-char{\nfont-size:25px;\n}\n.av-special-heading.av-av_heading-236fbe8b570e41ef34eec155f34d8226 .av-subheading{\nfont-size:15px;\n}\n<\/style>\n<div  class='av-special-heading av-av_heading-236fbe8b570e41ef34eec155f34d8226 av-special-heading-h2  avia-builder-el-17  el_after_av_textblock  el_before_av_textblock '><h2 class='av-special-heading-tag '  itemprop=\"headline\"  >Comment faire connaitre l\u2019existence d\u2019un testament aupr\u00e8s des b\u00e9n\u00e9ficiaires ?<\/h2><div class=\"special-heading-border\"><div class=\"special-heading-inner-border\"><\/div><\/div><\/div>\n<section  class='av_textblock_section av-k4sfgq99-1bc55cf0191ac8ba4949742596455051 '   itemscope=\"itemscope\" itemtype=\"https:\/\/schema.org\/CreativeWork\" ><div class='avia_textblock'  itemprop=\"text\" ><p>Lors de la succession, vos b\u00e9n\u00e9ficiaires seront recherch\u00e9s. C\u2019est notamment l\u2019ex\u00e9cuteur de votre testament qui s\u2019en occupera. Nous vous conseillons donc de donner toutes les informations \u00e0 votre ex\u00e9cuteur pour qu\u2019il puisse ainsi r\u00e9gler la succession au plus vite en retrouvant ais\u00e9ment tous les b\u00e9n\u00e9ficiaires.<\/p>\n<\/div><\/section>\n","protected":false},"excerpt":{"rendered":"","protected":false},"author":3,"featured_media":0,"parent":5380,"menu_order":5,"comment_status":"closed","ping_status":"closed","template":"","meta":{"inline_featured_image":false,"footnotes":""},"class_list":["post-5882","page","type-page","status-publish","hentry"],"yoast_head":"<!-- This site is optimized with the Yoast SEO plugin v26.9 - https:\/\/yoast.com\/product\/yoast-seo-wordpress\/ -->\n<title>FAQ qui est b\u00e9n\u00e9ficiaire d&#039;un testament - Le droit \u00e0 Duba\u00ef.<\/title>\n<meta name=\"description\" content=\"Le droit local est diff\u00e9rent du droit occidental et vous souhaitez r\u00e9diger un testament, mais qui peut \u00eatre le b\u00e9n\u00e9ficiaire? FAQ: les b\u00e9n\u00e9ficiaires.\" \/>\n<meta name=\"robots\" content=\"index, follow, max-snippet:-1, max-image-preview:large, max-video-preview:-1\" \/>\n<link rel=\"canonical\" href=\"https:\/\/merritt.ae\/fr\/juridique\/succession\/faq-concernant-beneficiaires-testament\/\" \/>\n<meta property=\"og:locale\" content=\"fr_FR\" \/>\n<meta property=\"og:type\" content=\"article\" \/>\n<meta property=\"og:title\" content=\"FAQ qui est b\u00e9n\u00e9ficiaire d&#039;un testament - Le droit \u00e0 Duba\u00ef.\" \/>\n<meta property=\"og:description\" content=\"Le droit local est diff\u00e9rent du droit occidental et vous souhaitez r\u00e9diger un testament, mais qui peut \u00eatre le b\u00e9n\u00e9ficiaire? FAQ: les b\u00e9n\u00e9ficiaires.\" \/>\n<meta property=\"og:url\" content=\"https:\/\/merritt.ae\/fr\/juridique\/succession\/faq-concernant-beneficiaires-testament\/\" \/>\n<meta property=\"og:site_name\" content=\"merritt.ae\" \/>\n<meta property=\"article:modified_time\" content=\"2020-05-14T18:27:45+00:00\" \/>\n<meta property=\"og:image\" content=\"https:\/\/merritt.ae\/wp-content\/uploads\/2021\/11\/ME-new-featured.jpg\" \/>\n\t<meta property=\"og:image:width\" content=\"1200\" \/>\n\t<meta property=\"og:image:height\" content=\"630\" \/>\n\t<meta property=\"og:image:type\" content=\"image\/jpeg\" \/>\n<meta name=\"twitter:card\" content=\"summary_large_image\" \/>\n<meta name=\"twitter:label1\" content=\"Dur\u00e9e de lecture estim\u00e9e\" \/>\n\t<meta name=\"twitter:data1\" content=\"8 minutes\" \/>\n<script type=\"application\/ld+json\" class=\"yoast-schema-graph\">{\"@context\":\"https:\/\/schema.org\",\"@graph\":[{\"@type\":\"WebPage\",\"@id\":\"https:\/\/merritt.ae\/fr\/juridique\/succession\/faq-concernant-beneficiaires-testament\/\",\"url\":\"https:\/\/merritt.ae\/fr\/juridique\/succession\/faq-concernant-beneficiaires-testament\/\",\"name\":\"FAQ qui est b\u00e9n\u00e9ficiaire d'un testament - Le droit \u00e0 Duba\u00ef.\",\"isPartOf\":{\"@id\":\"https:\/\/merritt.ae\/#website\"},\"datePublished\":\"2019-12-30T12:44:29+00:00\",\"dateModified\":\"2020-05-14T18:27:45+00:00\",\"description\":\"Le droit local est diff\u00e9rent du droit occidental et vous souhaitez r\u00e9diger un testament, mais qui peut \u00eatre le b\u00e9n\u00e9ficiaire? FAQ: les b\u00e9n\u00e9ficiaires.\",\"breadcrumb\":{\"@id\":\"https:\/\/merritt.ae\/fr\/juridique\/succession\/faq-concernant-beneficiaires-testament\/#breadcrumb\"},\"inLanguage\":\"fr-FR\",\"potentialAction\":[{\"@type\":\"ReadAction\",\"target\":[\"https:\/\/merritt.ae\/fr\/juridique\/succession\/faq-concernant-beneficiaires-testament\/\"]}]},{\"@type\":\"BreadcrumbList\",\"@id\":\"https:\/\/merritt.ae\/fr\/juridique\/succession\/faq-concernant-beneficiaires-testament\/#breadcrumb\",\"itemListElement\":[{\"@type\":\"ListItem\",\"position\":1,\"name\":\"Home\",\"item\":\"https:\/\/merritt.ae\/fr\/accueil\/\"},{\"@type\":\"ListItem\",\"position\":2,\"name\":\"Services Juridiques\",\"item\":\"https:\/\/merritt.ae\/fr\/juridique\/\"},{\"@type\":\"ListItem\",\"position\":3,\"name\":\"Succession\",\"item\":\"https:\/\/merritt.ae\/fr\/juridique\/succession\/\"},{\"@type\":\"ListItem\",\"position\":4,\"name\":\"FAQ concernant les b\u00e9n\u00e9ficiaires du testament\"}]},{\"@type\":\"WebSite\",\"@id\":\"https:\/\/merritt.ae\/#website\",\"url\":\"https:\/\/merritt.ae\/\",\"name\":\"merritt.ae\",\"description\":\"\",\"publisher\":{\"@id\":\"https:\/\/merritt.ae\/#organization\"},\"potentialAction\":[{\"@type\":\"SearchAction\",\"target\":{\"@type\":\"EntryPoint\",\"urlTemplate\":\"https:\/\/merritt.ae\/?s={search_term_string}\"},\"query-input\":{\"@type\":\"PropertyValueSpecification\",\"valueRequired\":true,\"valueName\":\"search_term_string\"}}],\"inLanguage\":\"fr-FR\"},{\"@type\":\"Organization\",\"@id\":\"https:\/\/merritt.ae\/#organization\",\"name\":\"merritt.ae\",\"url\":\"https:\/\/merritt.ae\/\",\"logo\":{\"@type\":\"ImageObject\",\"inLanguage\":\"fr-FR\",\"@id\":\"https:\/\/merritt.ae\/#\/schema\/logo\/image\/\",\"url\":\"https:\/\/merritt.ae\/wp-content\/uploads\/2021\/11\/ME-new-featured.jpg\",\"contentUrl\":\"https:\/\/merritt.ae\/wp-content\/uploads\/2021\/11\/ME-new-featured.jpg\",\"width\":1200,\"height\":630,\"caption\":\"merritt.ae\"},\"image\":{\"@id\":\"https:\/\/merritt.ae\/#\/schema\/logo\/image\/\"}}]}<\/script>\n<!-- \/ Yoast SEO plugin. -->","yoast_head_json":{"title":"FAQ qui est b\u00e9n\u00e9ficiaire d'un testament - Le droit \u00e0 Duba\u00ef.","description":"Le droit local est diff\u00e9rent du droit occidental et vous souhaitez r\u00e9diger un testament, mais qui peut \u00eatre le b\u00e9n\u00e9ficiaire? FAQ: les b\u00e9n\u00e9ficiaires.","robots":{"index":"index","follow":"follow","max-snippet":"max-snippet:-1","max-image-preview":"max-image-preview:large","max-video-preview":"max-video-preview:-1"},"canonical":"https:\/\/merritt.ae\/fr\/juridique\/succession\/faq-concernant-beneficiaires-testament\/","og_locale":"fr_FR","og_type":"article","og_title":"FAQ qui est b\u00e9n\u00e9ficiaire d'un testament - Le droit \u00e0 Duba\u00ef.","og_description":"Le droit local est diff\u00e9rent du droit occidental et vous souhaitez r\u00e9diger un testament, mais qui peut \u00eatre le b\u00e9n\u00e9ficiaire? FAQ: les b\u00e9n\u00e9ficiaires.","og_url":"https:\/\/merritt.ae\/fr\/juridique\/succession\/faq-concernant-beneficiaires-testament\/","og_site_name":"merritt.ae","article_modified_time":"2020-05-14T18:27:45+00:00","og_image":[{"width":1200,"height":630,"url":"https:\/\/merritt.ae\/wp-content\/uploads\/2021\/11\/ME-new-featured.jpg","type":"image\/jpeg"}],"twitter_card":"summary_large_image","twitter_misc":{"Dur\u00e9e de lecture estim\u00e9e":"8 minutes"},"schema":{"@context":"https:\/\/schema.org","@graph":[{"@type":"WebPage","@id":"https:\/\/merritt.ae\/fr\/juridique\/succession\/faq-concernant-beneficiaires-testament\/","url":"https:\/\/merritt.ae\/fr\/juridique\/succession\/faq-concernant-beneficiaires-testament\/","name":"FAQ qui est b\u00e9n\u00e9ficiaire d'un testament - Le droit \u00e0 Duba\u00ef.","isPartOf":{"@id":"https:\/\/merritt.ae\/#website"},"datePublished":"2019-12-30T12:44:29+00:00","dateModified":"2020-05-14T18:27:45+00:00","description":"Le droit local est diff\u00e9rent du droit occidental et vous souhaitez r\u00e9diger un testament, mais qui peut \u00eatre le b\u00e9n\u00e9ficiaire? FAQ: les b\u00e9n\u00e9ficiaires.","breadcrumb":{"@id":"https:\/\/merritt.ae\/fr\/juridique\/succession\/faq-concernant-beneficiaires-testament\/#breadcrumb"},"inLanguage":"fr-FR","potentialAction":[{"@type":"ReadAction","target":["https:\/\/merritt.ae\/fr\/juridique\/succession\/faq-concernant-beneficiaires-testament\/"]}]},{"@type":"BreadcrumbList","@id":"https:\/\/merritt.ae\/fr\/juridique\/succession\/faq-concernant-beneficiaires-testament\/#breadcrumb","itemListElement":[{"@type":"ListItem","position":1,"name":"Home","item":"https:\/\/merritt.ae\/fr\/accueil\/"},{"@type":"ListItem","position":2,"name":"Services Juridiques","item":"https:\/\/merritt.ae\/fr\/juridique\/"},{"@type":"ListItem","position":3,"name":"Succession","item":"https:\/\/merritt.ae\/fr\/juridique\/succession\/"},{"@type":"ListItem","position":4,"name":"FAQ concernant les b\u00e9n\u00e9ficiaires du testament"}]},{"@type":"WebSite","@id":"https:\/\/merritt.ae\/#website","url":"https:\/\/merritt.ae\/","name":"merritt.ae","description":"","publisher":{"@id":"https:\/\/merritt.ae\/#organization"},"potentialAction":[{"@type":"SearchAction","target":{"@type":"EntryPoint","urlTemplate":"https:\/\/merritt.ae\/?s={search_term_string}"},"query-input":{"@type":"PropertyValueSpecification","valueRequired":true,"valueName":"search_term_string"}}],"inLanguage":"fr-FR"},{"@type":"Organization","@id":"https:\/\/merritt.ae\/#organization","name":"merritt.ae","url":"https:\/\/merritt.ae\/","logo":{"@type":"ImageObject","inLanguage":"fr-FR","@id":"https:\/\/merritt.ae\/#\/schema\/logo\/image\/","url":"https:\/\/merritt.ae\/wp-content\/uploads\/2021\/11\/ME-new-featured.jpg","contentUrl":"https:\/\/merritt.ae\/wp-content\/uploads\/2021\/11\/ME-new-featured.jpg","width":1200,"height":630,"caption":"merritt.ae"},"image":{"@id":"https:\/\/merritt.ae\/#\/schema\/logo\/image\/"}}]}},"_links":{"self":[{"href":"https:\/\/merritt.ae\/fr\/wp-json\/wp\/v2\/pages\/5882","targetHints":{"allow":["GET"]}}],"collection":[{"href":"https:\/\/merritt.ae\/fr\/wp-json\/wp\/v2\/pages"}],"about":[{"href":"https:\/\/merritt.ae\/fr\/wp-json\/wp\/v2\/types\/page"}],"author":[{"embeddable":true,"href":"https:\/\/merritt.ae\/fr\/wp-json\/wp\/v2\/users\/3"}],"replies":[{"embeddable":true,"href":"https:\/\/merritt.ae\/fr\/wp-json\/wp\/v2\/comments?post=5882"}],"version-history":[{"count":5,"href":"https:\/\/merritt.ae\/fr\/wp-json\/wp\/v2\/pages\/5882\/revisions"}],"predecessor-version":[{"id":17710,"href":"https:\/\/merritt.ae\/fr\/wp-json\/wp\/v2\/pages\/5882\/revisions\/17710"}],"up":[{"embeddable":true,"href":"https:\/\/merritt.ae\/fr\/wp-json\/wp\/v2\/pages\/5380"}],"wp:attachment":[{"href":"https:\/\/merritt.ae\/fr\/wp-json\/wp\/v2\/media?parent=5882"}],"curies":[{"name":"wp","href":"https:\/\/api.w.org\/{rel}","templated":true}]}}