{"id":5517,"date":"2019-12-12T13:02:21","date_gmt":"2019-12-12T13:02:21","guid":{"rendered":"https:\/\/merritt.ae\/?page_id=5517"},"modified":"2026-04-14T02:34:07","modified_gmt":"2026-04-13T22:34:07","slug":"qui-sommes-nous","status":"publish","type":"page","link":"https:\/\/merritt.ae\/fr\/qui-sommes-nous\/","title":{"rendered":"Qui sommes-nous?"},"content":{"rendered":"<div id='full_slider_1'  class='avia-fullwidth-slider main_color avia-shadow   avia-builder-el-0  el_before_av_textblock  avia-builder-el-first   container_wrap sidebar_right'  >\n<style type=\"text\/css\" data-created_by=\"avia_inline_auto\" id=\"style-css-av-23xbbh-95332a853e66316f33b9f4fd218cddf7\">\n#top #wrap_all .avia-slideshow .av-slideshow-caption.av-23xbbh-95332a853e66316f33b9f4fd218cddf7__0 .avia-caption-title{\nfont-size:40px;\ncolor:#ffffff;\n}\n#top .avia-slideshow .av-slideshow-caption.av-23xbbh-95332a853e66316f33b9f4fd218cddf7__0 .avia-caption-content{\nfont-size:22px;\n}\n#top .avia-slideshow .av-slideshow-caption.av-23xbbh-95332a853e66316f33b9f4fd218cddf7__0 .avia-caption-content p{\nfont-size:22px;\n}\n<\/style>\n<div  class='avia-slideshow av-23xbbh-95332a853e66316f33b9f4fd218cddf7 avia-slideshow-featured av_slideshow_full avia-slide-slider av-slideshow-ui av-control-default av-slideshow-manual av-loop-once av-loop-manual-endless av-default-height-applied   avia-slideshow-1' data-slideshow-options=\"{&quot;animation&quot;:&quot;slide&quot;,&quot;autoplay&quot;:false,&quot;loop_autoplay&quot;:&quot;once&quot;,&quot;interval&quot;:5,&quot;loop_manual&quot;:&quot;manual-endless&quot;,&quot;autoplay_stopper&quot;:false,&quot;noNavigation&quot;:false,&quot;bg_slider&quot;:false,&quot;keep_padding&quot;:false,&quot;hoverpause&quot;:false,&quot;show_slide_delay&quot;:0}\"  itemprop=\"image\" itemscope=\"itemscope\" itemtype=\"https:\/\/schema.org\/ImageObject\" ><ul class='avia-slideshow-inner ' style='padding-bottom: 28.666666666667%;'><li  class='avia-slideshow-slide av-23xbbh-95332a853e66316f33b9f4fd218cddf7__0  av-single-slide slide-1 slide-odd'><div data-rel='slideshow-1' class='avia-slide-wrap '   ><div class='av-slideshow-caption av-23xbbh-95332a853e66316f33b9f4fd218cddf7__0 caption_fullwidth caption_center caption_center_framed caption_framed'><div class=\"container caption_container\"><div class=\"slideshow_caption\"><div class=\"slideshow_inner_caption\"><div class=\"slideshow_align_caption\"><h2 class='avia-caption-title '  itemprop=\"name\" >Qui sommes-nous?<\/h2><\/div><\/div><\/div><\/div><\/div><img decoding=\"async\" fetchpriority=\"high\" class=\"wp-image-10455 avia-img-lazy-loading-not-10455\"  src=\"https:\/\/merritt.ae\/wp-content\/uploads\/2021\/06\/2-1500x430.png\" width=\"1500\" height=\"430\" title='2' alt=''  itemprop=\"thumbnailUrl\"   \/><\/div><\/li><\/ul><\/div><\/div><div id='after_full_slider_1'  class='main_color av_default_container_wrap container_wrap sidebar_right'  ><div class='container av-section-cont-open' ><div class='template-page content  av-content-small alpha units'><div class='post-entry post-entry-type-page post-entry-5517'><div class='entry-content-wrapper clearfix'>\n<section  class='av_textblock_section av-k56rdga1-f0bacbcc4108df5fdee0d19dcf15c8ed '   itemscope=\"itemscope\" itemtype=\"https:\/\/schema.org\/CreativeWork\" ><div class='avia_textblock'  itemprop=\"text\" ><p>Ce site Internet est un portail g\u00e9r\u00e9 par plusieurs soci\u00e9t\u00e9s du <strong><a href=\"https:\/\/merritt.group\/\">groupe Merritt<\/a><\/strong>. Nous sommes pr\u00e9sents aux Emirats depuis 2009, faisant de Merritt l&#8217;un des plus anciens prestataires francophones.<\/p>\n<p>Toutes les prestations administratives (&#8220;corporates services&#8221;) sont r\u00e9alis\u00e9es par Merritt Middle East DMCC. Toutes les prestations juridiques (&#8220;legal services&#8221;) sont r\u00e9alis\u00e9es exclusivement par Merritt Legal Consultants FZ LLC.<\/p>\n<\/div><\/section>\n\n<style type=\"text\/css\" data-created_by=\"avia_inline_auto\" id=\"style-css-av-av_heading-0048f69abd520a7cf3468e3255d3ddc7\">\n#top .av-special-heading.av-av_heading-0048f69abd520a7cf3468e3255d3ddc7{\npadding-bottom:10px;\n}\nbody .av-special-heading.av-av_heading-0048f69abd520a7cf3468e3255d3ddc7 .av-special-heading-tag .heading-char{\nfont-size:25px;\n}\n.av-special-heading.av-av_heading-0048f69abd520a7cf3468e3255d3ddc7 .av-subheading{\nfont-size:15px;\n}\n<\/style>\n<div  class='av-special-heading av-av_heading-0048f69abd520a7cf3468e3255d3ddc7 av-special-heading-h2  avia-builder-el-2  el_after_av_textblock  el_before_av_textblock '><h2 class='av-special-heading-tag '  itemprop=\"headline\"  ><\/p>\n<div id=\"historique\">Historique<\/div>\n<p><\/h2><div class=\"special-heading-border\"><div class=\"special-heading-inner-border\"><\/div><\/div><\/div>\n<section  class='av_textblock_section av-k56rcssl-a37f014d9597526bacd9a20e96920c3c '   itemscope=\"itemscope\" itemtype=\"https:\/\/schema.org\/CreativeWork\" ><div class='avia_textblock'  itemprop=\"text\" ><p>Historique du groupe:<br \/>\n&#8211; 1998: La premi\u00e8re soci\u00e9t\u00e9 du groupe est immatricul\u00e9e \u00e0 Hong Kong.<br \/>\n&#8211; 2004: Le service francophone est mis en place avec une \u00e9quipe d\u00e9di\u00e9e.<br \/>\n&#8211; 2009: Ouverture de nos bureaux de Dubai aux Emirats Arabes Unis.<br \/>\n&#8211; 2012: Tous les services francophones et hispanophones sont regroup\u00e9s \u00e0 Duba\u00ef pour b\u00e9n\u00e9ficier d\u2019un d\u00e9calage horaire plus proche avec l\u2019Europe.<br \/>\n&#8211; 2017: ouverture de nos bureaux d\u2019Orlando en Floride (USA).<br \/>\n&#8211; 2019: Une fondation est mise en place pour structurer toutes les entit\u00e9s du groupe. Merritt Group devient alors le nom principal de toutes nos soci\u00e9t\u00e9s aux Emirats, \u00e0 Hong Kong et aux USA.<\/p>\n<\/div><\/section>\n\n<style type=\"text\/css\" data-created_by=\"avia_inline_auto\" id=\"style-css-av-av_heading-3322bd1b9dbe4d9dd8936ce94515f441\">\n#top .av-special-heading.av-av_heading-3322bd1b9dbe4d9dd8936ce94515f441{\npadding-bottom:10px;\n}\nbody .av-special-heading.av-av_heading-3322bd1b9dbe4d9dd8936ce94515f441 .av-special-heading-tag .heading-char{\nfont-size:25px;\n}\n.av-special-heading.av-av_heading-3322bd1b9dbe4d9dd8936ce94515f441 .av-subheading{\nfont-size:15px;\n}\n<\/style>\n<div  class='av-special-heading av-av_heading-3322bd1b9dbe4d9dd8936ce94515f441 av-special-heading-h2  avia-builder-el-4  el_after_av_textblock  el_before_av_textblock '><h2 class='av-special-heading-tag '  itemprop=\"headline\"  ><\/p>\n<div id=\"competences\">Nos comp\u00e9tences<\/div>\n<p><\/h2><div class=\"special-heading-border\"><div class=\"special-heading-inner-border\"><\/div><\/div><\/div>\n<section  class='av_textblock_section av-k42qd1z6-6f5d3cc780c53dc1bd55f798e568da77 '   itemscope=\"itemscope\" itemtype=\"https:\/\/schema.org\/CreativeWork\" ><div class='avia_textblock'  itemprop=\"text\" ><p>Nous proposons aux Emirats les services suivants:<br \/>\n\u2013 Services aux soci\u00e9t\u00e9s (\u201cCorporate services\u201d)<br \/>\n\u2013 Services aux r\u00e9sidents (\u201cResident services\u201d)<br \/>\n\u2013 Expertises juridiques (\u201cLegal consultancy\u201d)<br \/>\n\u2013 Solutions d\u2019externalisation (\u201cOutsourcing solutions\u201d)<\/p>\n<\/div><\/section>\n\n<style type=\"text\/css\" data-created_by=\"avia_inline_auto\" id=\"style-css-av-av_heading-7f1a3dc447dbe4a623c767aceca93ff2\">\n#top .av-special-heading.av-av_heading-7f1a3dc447dbe4a623c767aceca93ff2{\npadding-bottom:10px;\n}\nbody .av-special-heading.av-av_heading-7f1a3dc447dbe4a623c767aceca93ff2 .av-special-heading-tag .heading-char{\nfont-size:25px;\n}\n.av-special-heading.av-av_heading-7f1a3dc447dbe4a623c767aceca93ff2 .av-subheading{\nfont-size:15px;\n}\n<\/style>\n<div  class='av-special-heading av-av_heading-7f1a3dc447dbe4a623c767aceca93ff2 av-special-heading-h2  avia-builder-el-6  el_after_av_textblock  el_before_av_textblock '><h2 class='av-special-heading-tag '  itemprop=\"headline\"  ><\/p>\n<div id=\"vision\">Notre vision <span class='special_amp'>&amp;<\/span> nos valeurs<\/div>\n<p><\/h2><div class=\"special-heading-border\"><div class=\"special-heading-inner-border\"><\/div><\/div><\/div>\n<section  class='av_textblock_section av-k42qeb5x-769e4898c189f82f88fb7d942d597899 '   itemscope=\"itemscope\" itemtype=\"https:\/\/schema.org\/CreativeWork\" ><div class='avia_textblock'  itemprop=\"text\" ><h3>Notre vision<\/h3>\n<p>Rester le leader francophone de la cr\u00e9ation de soci\u00e9t\u00e9s aux Emirates Arabes Unis pour les entrepreneurs et les PME en innovant en permanence et en restant \u00e0 l&#8217;\u00e9coute de nos clients. Ainsi:<\/p>\n<ul>\n<li>Nous effectuons une <strong>veille locale et internationale<\/strong> en permanence pour conna\u00eetre les nouvelles l\u00e9gislations (conventions fiscales, droit national, etc.) pour proposer \u00e0 nos clients des solutions p\u00e9rennes et fiables;<\/li>\n<li>Nous restons une <strong>entreprise \u00e0 taille humaine<\/strong>: chaque client b\u00e9n\u00e9ficie d&#8217;un charg\u00e9 de compte personnel et notre objectif est la qualit\u00e9 avant la quantit\u00e9;<\/li>\n<li>Nous ajoutons tous les ans de <strong>nouveaux services\/produits<\/strong> \u00e0 nos packages pour r\u00e9pondre au mieux aux attentes de nos clients.<\/li>\n<\/ul>\n<h3>Nos valeurs<\/h3>\n<p>Nos valeurs sont les suivantes:<\/p>\n<table class=\"table-style style-colorheader footable\" align=\"center\">\n<thead>\n<tr>\n<th><strong>Nos valeurs<\/strong><\/th>\n<th><strong>Nos engagements<\/strong><\/th>\n<th><strong>Valeur ajout\u00e9e pour nos clients<\/strong><\/th>\n<\/tr>\n<\/thead>\n<tbody>\n<tr>\n<td><strong>Expertise<\/strong><\/td>\n<td>Nous sommes des sp\u00e9cialistes des Emirates Arabes Unis et nos charg\u00e9s de compte sont des juristes ou des comptables connaissant le droit local et international.<\/td>\n<td>Avoir un interlocuteur comp\u00e9tent qui connait la r\u00e9glementation.<\/td>\n<\/tr>\n<tr>\n<td><strong>R\u00e9activit\u00e9<\/strong><\/td>\n<td>Nous r\u00e9pondons \u00e0 nos clients dans les 4h maximum, 6 jours sur 7.<\/td>\n<td>R\u00e9pondre \u00e0 toutes vos questions dans les meilleurs d\u00e9lais par email, t\u00e9l\u00e9phone, Skype, WhatsApp et Telegram.<\/td>\n<\/tr>\n<tr>\n<td><strong>P\u00e9rennit\u00e9<\/strong><\/td>\n<td>Nous sommes pr\u00e9sents dans cette activit\u00e9 depuis 1998 et nous sommes propri\u00e9taires de nos bureaux.<\/td>\n<td>Proposer un service \u00e0 long terme, gage de fiabilit\u00e9 pour le d\u00e9veloppement de votre soci\u00e9t\u00e9.<\/td>\n<\/tr>\n<tr>\n<td><strong>Innovation<\/strong><\/td>\n<td>Nous effectuons une veille permanente de l&#8217;actualit\u00e9 locale et internationale.<\/td>\n<td>Etre r\u00e9actif \u00e0 tout changement l\u00e9gislatif pour trouver la meilleure solution r\u00e9pondant \u00e0 vos besoins.<\/td>\n<\/tr>\n<\/tbody>\n<\/table>\n<\/div><\/section>\n\n<style type=\"text\/css\" data-created_by=\"avia_inline_auto\" id=\"style-css-av-av_heading-793de9802c78edb5b3cb55bc17070cb4\">\n#top .av-special-heading.av-av_heading-793de9802c78edb5b3cb55bc17070cb4{\npadding-bottom:10px;\n}\nbody .av-special-heading.av-av_heading-793de9802c78edb5b3cb55bc17070cb4 .av-special-heading-tag .heading-char{\nfont-size:25px;\n}\n.av-special-heading.av-av_heading-793de9802c78edb5b3cb55bc17070cb4 .av-subheading{\nfont-size:15px;\n}\n<\/style>\n<div  class='av-special-heading av-av_heading-793de9802c78edb5b3cb55bc17070cb4 av-special-heading-h2  avia-builder-el-8  el_after_av_textblock  el_before_av_textblock '><h2 class='av-special-heading-tag '  itemprop=\"headline\"  ><\/p>\n<div id=\"center\">Merritt.center<\/div>\n<p><\/h2><div class=\"special-heading-border\"><div class=\"special-heading-inner-border\"><\/div><\/div><\/div>\n<section  class='av_textblock_section av-k42qd1z6-edc1169510fcbf7b4632ae00bf1c63bb '   itemscope=\"itemscope\" itemtype=\"https:\/\/schema.org\/CreativeWork\" ><div class='avia_textblock'  itemprop=\"text\" ><p><a href=\"https:\/\/merritt.center\/\" target=\"_blank\" rel=\"noopener\"><strong>Merritt Center<\/strong><\/a> est le portail des clients Merritt. Il permet de retrouver en ligne 24h\/24h tous les documents de votre soci\u00e9t\u00e9, ses bilans et comptes de r\u00e9sultat, ses rapports d&#8217;audit annuel des comptes, acc\u00e8s au support clients, etc.<\/p>\n<p>Il est s\u00e9curis\u00e9 par une double authentification. Son acc\u00e8s est illimit\u00e9 pour tous nos clients.<\/p>\n<\/div><\/section>\n\n<style type=\"text\/css\" data-created_by=\"avia_inline_auto\" id=\"style-css-av-av_heading-c5464f460ae301c5885b056d3eee24d2\">\n#top .av-special-heading.av-av_heading-c5464f460ae301c5885b056d3eee24d2{\npadding-bottom:10px;\n}\nbody .av-special-heading.av-av_heading-c5464f460ae301c5885b056d3eee24d2 .av-special-heading-tag .heading-char{\nfont-size:25px;\n}\n.av-special-heading.av-av_heading-c5464f460ae301c5885b056d3eee24d2 .av-subheading{\nfont-size:15px;\n}\n<\/style>\n<div  class='av-special-heading av-av_heading-c5464f460ae301c5885b056d3eee24d2 av-special-heading-h2  avia-builder-el-10  el_after_av_textblock  el_before_av_textblock '><h2 class='av-special-heading-tag '  itemprop=\"headline\"  ><\/p>\n<div id=\"updates\">Merritt Updates<\/div>\n<p><\/h2><div class=\"special-heading-border\"><div class=\"special-heading-inner-border\"><\/div><\/div><\/div>\n<section  class='av_textblock_section av-k42qd1z6-6f5d3cc780c53dc1bd55f798e568da77 '   itemscope=\"itemscope\" itemtype=\"https:\/\/schema.org\/CreativeWork\" ><div class='avia_textblock'  itemprop=\"text\" ><p>&#8220;Merritt Updates&#8221; est une service de veille pour nos clients. Nous envoyons par email \u00e0 tous nos clients les informations utiles pour leur soci\u00e9t\u00e9 concernant le juridique, l&#8217;administratif, le fiscal, etc. Vous \u00eates ainsi s\u00fbr de ne pas passer \u00e0 c\u00f4t\u00e9 d&#8217;une information importante!<\/p>\n<\/div><\/section>\n\n<style type=\"text\/css\" data-created_by=\"avia_inline_auto\" id=\"style-css-av-av_heading-77ce01d5949b7211d0e59ce5ded39190\">\n#top .av-special-heading.av-av_heading-77ce01d5949b7211d0e59ce5ded39190{\npadding-bottom:10px;\n}\nbody .av-special-heading.av-av_heading-77ce01d5949b7211d0e59ce5ded39190 .av-special-heading-tag .heading-char{\nfont-size:25px;\n}\n.av-special-heading.av-av_heading-77ce01d5949b7211d0e59ce5ded39190 .av-subheading{\nfont-size:15px;\n}\n<\/style>\n<div  class='av-special-heading av-av_heading-77ce01d5949b7211d0e59ce5ded39190 av-special-heading-h2  avia-builder-el-12  el_after_av_textblock  el_before_av_textblock '><h2 class='av-special-heading-tag '  itemprop=\"headline\"  ><\/p>\n<div id=\"guide\">Merritt.guide<\/div>\n<p><\/h2><div class=\"special-heading-border\"><div class=\"special-heading-inner-border\"><\/div><\/div><\/div>\n<section  class='av_textblock_section av-k42qd1z6-edc1169510fcbf7b4632ae00bf1c63bb '   itemscope=\"itemscope\" itemtype=\"https:\/\/schema.org\/CreativeWork\" ><div class='avia_textblock'  itemprop=\"text\" ><p><a href=\"http:\/\/Merritt.Guide\" target=\"_blank\" rel=\"noopener\"><strong>Merritt.Guide<\/strong><\/a> a pour objet de vous donner des informations utiles concernant votre soci\u00e9t\u00e9 \u00e0 Dubai, votre d\u00e9m\u00e9nagement \u00e0 Dubai, votre vie sur place, etc.<\/p>\n<p>Le site est mis \u00e0 jour et aliment\u00e9 de nouvelles questions tr\u00e8s r\u00e9guli\u00e8rement.<\/p>\n<\/div><\/section>\n","protected":false},"excerpt":{"rendered":"","protected":false},"author":3,"featured_media":0,"parent":0,"menu_order":0,"comment_status":"closed","ping_status":"closed","template":"","meta":{"inline_featured_image":false,"footnotes":""},"class_list":["post-5517","page","type-page","status-publish","hentry"],"yoast_head":"<!-- This site is optimized with the Yoast SEO plugin v27.5 - https:\/\/yoast.com\/product\/yoast-seo-wordpress\/ -->\n<title>Qui nous sommes, de quels pays nous venons et pourquoi nous choisir.<\/title>\n<meta name=\"description\" content=\"Depuis 26 ans sur 3 continents, nous mettons nos comp\u00e9tences au service de nos clients avec un suivi rigoureux des lois et r\u00e9glementations internationales\" \/>\n<meta name=\"robots\" content=\"index, follow, max-snippet:-1, max-image-preview:large, max-video-preview:-1\" \/>\n<link rel=\"canonical\" href=\"https:\/\/merritt.ae\/fr\/qui-sommes-nous\/\" \/>\n<meta property=\"og:locale\" content=\"fr_FR\" \/>\n<meta property=\"og:type\" content=\"article\" \/>\n<meta property=\"og:title\" content=\"Qui nous sommes, de quels pays nous venons et pourquoi nous choisir.\" \/>\n<meta property=\"og:description\" content=\"Depuis 26 ans sur 3 continents, nous mettons nos comp\u00e9tences au service de nos clients avec un suivi rigoureux des lois et r\u00e9glementations internationales\" \/>\n<meta property=\"og:url\" content=\"https:\/\/merritt.ae\/fr\/qui-sommes-nous\/\" \/>\n<meta property=\"og:site_name\" content=\"merritt.ae\" \/>\n<meta property=\"article:modified_time\" content=\"2026-04-13T22:34:07+00:00\" \/>\n<meta property=\"og:image\" content=\"https:\/\/merritt.ae\/wp-content\/uploads\/2021\/11\/ME-new-featured.jpg\" \/>\n\t<meta property=\"og:image:width\" content=\"1200\" \/>\n\t<meta property=\"og:image:height\" content=\"630\" \/>\n\t<meta property=\"og:image:type\" content=\"image\/jpeg\" \/>\n<meta name=\"twitter:card\" content=\"summary_large_image\" \/>\n<meta name=\"twitter:label1\" content=\"Dur\u00e9e de lecture estim\u00e9e\" \/>\n\t<meta name=\"twitter:data1\" content=\"3 minutes\" \/>\n<script type=\"application\/ld+json\" class=\"yoast-schema-graph\">{\"@context\":\"https:\\\/\\\/schema.org\",\"@graph\":[{\"@type\":\"WebPage\",\"@id\":\"https:\\\/\\\/merritt.ae\\\/fr\\\/qui-sommes-nous\\\/\",\"url\":\"https:\\\/\\\/merritt.ae\\\/fr\\\/qui-sommes-nous\\\/\",\"name\":\"Qui nous sommes, de quels pays nous venons et pourquoi nous choisir.\",\"isPartOf\":{\"@id\":\"https:\\\/\\\/merritt.ae\\\/#website\"},\"datePublished\":\"2019-12-12T13:02:21+00:00\",\"dateModified\":\"2026-04-13T22:34:07+00:00\",\"description\":\"Depuis 26 ans sur 3 continents, nous mettons nos comp\u00e9tences au service de nos clients avec un suivi rigoureux des lois et r\u00e9glementations internationales\",\"breadcrumb\":{\"@id\":\"https:\\\/\\\/merritt.ae\\\/fr\\\/qui-sommes-nous\\\/#breadcrumb\"},\"inLanguage\":\"fr-FR\",\"potentialAction\":[{\"@type\":\"ReadAction\",\"target\":[\"https:\\\/\\\/merritt.ae\\\/fr\\\/qui-sommes-nous\\\/\"]}]},{\"@type\":\"BreadcrumbList\",\"@id\":\"https:\\\/\\\/merritt.ae\\\/fr\\\/qui-sommes-nous\\\/#breadcrumb\",\"itemListElement\":[{\"@type\":\"ListItem\",\"position\":1,\"name\":\"Home\",\"item\":\"https:\\\/\\\/merritt.ae\\\/fr\\\/accueil\\\/\"},{\"@type\":\"ListItem\",\"position\":2,\"name\":\"Qui sommes-nous?\"}]},{\"@type\":\"WebSite\",\"@id\":\"https:\\\/\\\/merritt.ae\\\/#website\",\"url\":\"https:\\\/\\\/merritt.ae\\\/\",\"name\":\"merritt.ae\",\"description\":\"\",\"publisher\":{\"@id\":\"https:\\\/\\\/merritt.ae\\\/#organization\"},\"potentialAction\":[{\"@type\":\"SearchAction\",\"target\":{\"@type\":\"EntryPoint\",\"urlTemplate\":\"https:\\\/\\\/merritt.ae\\\/?s={search_term_string}\"},\"query-input\":{\"@type\":\"PropertyValueSpecification\",\"valueRequired\":true,\"valueName\":\"search_term_string\"}}],\"inLanguage\":\"fr-FR\"},{\"@type\":\"Organization\",\"@id\":\"https:\\\/\\\/merritt.ae\\\/#organization\",\"name\":\"merritt.ae\",\"url\":\"https:\\\/\\\/merritt.ae\\\/\",\"logo\":{\"@type\":\"ImageObject\",\"inLanguage\":\"fr-FR\",\"@id\":\"https:\\\/\\\/merritt.ae\\\/#\\\/schema\\\/logo\\\/image\\\/\",\"url\":\"https:\\\/\\\/merritt.ae\\\/wp-content\\\/uploads\\\/2021\\\/11\\\/ME-new-featured.jpg\",\"contentUrl\":\"https:\\\/\\\/merritt.ae\\\/wp-content\\\/uploads\\\/2021\\\/11\\\/ME-new-featured.jpg\",\"width\":1200,\"height\":630,\"caption\":\"merritt.ae\"},\"image\":{\"@id\":\"https:\\\/\\\/merritt.ae\\\/#\\\/schema\\\/logo\\\/image\\\/\"}}]}<\/script>\n<!-- \/ Yoast SEO plugin. -->","yoast_head_json":{"title":"Qui nous sommes, de quels pays nous venons et pourquoi nous choisir.","description":"Depuis 26 ans sur 3 continents, nous mettons nos comp\u00e9tences au service de nos clients avec un suivi rigoureux des lois et r\u00e9glementations internationales","robots":{"index":"index","follow":"follow","max-snippet":"max-snippet:-1","max-image-preview":"max-image-preview:large","max-video-preview":"max-video-preview:-1"},"canonical":"https:\/\/merritt.ae\/fr\/qui-sommes-nous\/","og_locale":"fr_FR","og_type":"article","og_title":"Qui nous sommes, de quels pays nous venons et pourquoi nous choisir.","og_description":"Depuis 26 ans sur 3 continents, nous mettons nos comp\u00e9tences au service de nos clients avec un suivi rigoureux des lois et r\u00e9glementations internationales","og_url":"https:\/\/merritt.ae\/fr\/qui-sommes-nous\/","og_site_name":"merritt.ae","article_modified_time":"2026-04-13T22:34:07+00:00","og_image":[{"width":1200,"height":630,"url":"https:\/\/merritt.ae\/wp-content\/uploads\/2021\/11\/ME-new-featured.jpg","type":"image\/jpeg"}],"twitter_card":"summary_large_image","twitter_misc":{"Dur\u00e9e de lecture estim\u00e9e":"3 minutes"},"schema":{"@context":"https:\/\/schema.org","@graph":[{"@type":"WebPage","@id":"https:\/\/merritt.ae\/fr\/qui-sommes-nous\/","url":"https:\/\/merritt.ae\/fr\/qui-sommes-nous\/","name":"Qui nous sommes, de quels pays nous venons et pourquoi nous choisir.","isPartOf":{"@id":"https:\/\/merritt.ae\/#website"},"datePublished":"2019-12-12T13:02:21+00:00","dateModified":"2026-04-13T22:34:07+00:00","description":"Depuis 26 ans sur 3 continents, nous mettons nos comp\u00e9tences au service de nos clients avec un suivi rigoureux des lois et r\u00e9glementations internationales","breadcrumb":{"@id":"https:\/\/merritt.ae\/fr\/qui-sommes-nous\/#breadcrumb"},"inLanguage":"fr-FR","potentialAction":[{"@type":"ReadAction","target":["https:\/\/merritt.ae\/fr\/qui-sommes-nous\/"]}]},{"@type":"BreadcrumbList","@id":"https:\/\/merritt.ae\/fr\/qui-sommes-nous\/#breadcrumb","itemListElement":[{"@type":"ListItem","position":1,"name":"Home","item":"https:\/\/merritt.ae\/fr\/accueil\/"},{"@type":"ListItem","position":2,"name":"Qui sommes-nous?"}]},{"@type":"WebSite","@id":"https:\/\/merritt.ae\/#website","url":"https:\/\/merritt.ae\/","name":"merritt.ae","description":"","publisher":{"@id":"https:\/\/merritt.ae\/#organization"},"potentialAction":[{"@type":"SearchAction","target":{"@type":"EntryPoint","urlTemplate":"https:\/\/merritt.ae\/?s={search_term_string}"},"query-input":{"@type":"PropertyValueSpecification","valueRequired":true,"valueName":"search_term_string"}}],"inLanguage":"fr-FR"},{"@type":"Organization","@id":"https:\/\/merritt.ae\/#organization","name":"merritt.ae","url":"https:\/\/merritt.ae\/","logo":{"@type":"ImageObject","inLanguage":"fr-FR","@id":"https:\/\/merritt.ae\/#\/schema\/logo\/image\/","url":"https:\/\/merritt.ae\/wp-content\/uploads\/2021\/11\/ME-new-featured.jpg","contentUrl":"https:\/\/merritt.ae\/wp-content\/uploads\/2021\/11\/ME-new-featured.jpg","width":1200,"height":630,"caption":"merritt.ae"},"image":{"@id":"https:\/\/merritt.ae\/#\/schema\/logo\/image\/"}}]}},"_links":{"self":[{"href":"https:\/\/merritt.ae\/fr\/wp-json\/wp\/v2\/pages\/5517","targetHints":{"allow":["GET"]}}],"collection":[{"href":"https:\/\/merritt.ae\/fr\/wp-json\/wp\/v2\/pages"}],"about":[{"href":"https:\/\/merritt.ae\/fr\/wp-json\/wp\/v2\/types\/page"}],"author":[{"embeddable":true,"href":"https:\/\/merritt.ae\/fr\/wp-json\/wp\/v2\/users\/3"}],"replies":[{"embeddable":true,"href":"https:\/\/merritt.ae\/fr\/wp-json\/wp\/v2\/comments?post=5517"}],"version-history":[{"count":22,"href":"https:\/\/merritt.ae\/fr\/wp-json\/wp\/v2\/pages\/5517\/revisions"}],"predecessor-version":[{"id":18472,"href":"https:\/\/merritt.ae\/fr\/wp-json\/wp\/v2\/pages\/5517\/revisions\/18472"}],"wp:attachment":[{"href":"https:\/\/merritt.ae\/fr\/wp-json\/wp\/v2\/media?parent=5517"}],"curies":[{"name":"wp","href":"https:\/\/api.w.org\/{rel}","templated":true}]}}