{"id":5420,"date":"2019-12-09T13:00:37","date_gmt":"2019-12-09T13:00:37","guid":{"rendered":"https:\/\/merritt.ae\/?page_id=5420"},"modified":"2022-06-07T12:03:29","modified_gmt":"2022-06-07T08:03:29","slug":"tva","status":"publish","type":"page","link":"https:\/\/merritt.ae\/fr\/societe\/outsourcing-sous-traitance\/tva\/","title":{"rendered":"TVA"},"content":{"rendered":"<div id='full_slider_1'  class='avia-fullwidth-slider main_color avia-shadow   avia-builder-el-0  el_before_av_heading  avia-builder-el-first   container_wrap sidebar_right'  >\n<style type=\"text\/css\" data-created_by=\"avia_inline_auto\" id=\"style-css-av-59t3u4-d28aac1edb3b07e579b78cf958b28b1d\">\n#top #wrap_all .avia-slideshow .av-slideshow-caption.av-59t3u4-d28aac1edb3b07e579b78cf958b28b1d__0 .avia-caption-title{\ncolor:#ffffff;\n}\n<\/style>\n<div  class='avia-slideshow av-59t3u4-d28aac1edb3b07e579b78cf958b28b1d avia-slideshow-featured av_slideshow_full avia-slide-slider av-slideshow-ui av-control-default av-slideshow-manual av-loop-once av-loop-manual-endless av-default-height-applied   avia-slideshow-1' data-slideshow-options=\"{&quot;animation&quot;:&quot;slide&quot;,&quot;autoplay&quot;:false,&quot;loop_autoplay&quot;:&quot;once&quot;,&quot;interval&quot;:5,&quot;loop_manual&quot;:&quot;manual-endless&quot;,&quot;autoplay_stopper&quot;:false,&quot;noNavigation&quot;:false,&quot;bg_slider&quot;:false,&quot;keep_padding&quot;:false,&quot;hoverpause&quot;:false,&quot;show_slide_delay&quot;:0}\"  itemprop=\"image\" itemscope=\"itemscope\" itemtype=\"https:\/\/schema.org\/ImageObject\" ><ul class='avia-slideshow-inner ' style='padding-bottom: 28.666666666667%;'><li  class='avia-slideshow-slide av-59t3u4-d28aac1edb3b07e579b78cf958b28b1d__0  av-single-slide slide-1 slide-odd'><div data-rel='slideshow-1' class='avia-slide-wrap '   ><div class='av-slideshow-caption av-59t3u4-d28aac1edb3b07e579b78cf958b28b1d__0 caption_fullwidth caption_center caption_center_framed caption_framed'><div class=\"container caption_container\"><div class=\"slideshow_caption\"><div class=\"slideshow_inner_caption\"><div class=\"slideshow_align_caption\"><h2 class='avia-caption-title '  itemprop=\"name\" >TVA<\/h2><\/div><\/div><\/div><\/div><\/div><img decoding=\"async\" fetchpriority=\"high\" class=\"wp-image-5697 avia-img-lazy-loading-not-5697\"  src=\"https:\/\/merritt.ae\/wp-content\/uploads\/2019\/12\/Marina-1500x430.jpg\" width=\"1500\" height=\"430\" title='Marina' alt=''  itemprop=\"thumbnailUrl\"   \/><\/div><\/li><\/ul><\/div><\/div><div id='after_full_slider_1'  class='main_color av_default_container_wrap container_wrap sidebar_right'  ><div class='container av-section-cont-open' ><div class='template-page content  av-content-small alpha units'><div class='post-entry post-entry-type-page post-entry-5420'><div class='entry-content-wrapper clearfix'>\n\n<style type=\"text\/css\" data-created_by=\"avia_inline_auto\" id=\"style-css-av-3m9bws-f9a831d90ffc322ec682eb8f6af4555f\">\n#top .av-special-heading.av-3m9bws-f9a831d90ffc322ec682eb8f6af4555f{\npadding-bottom:10px;\n}\nbody .av-special-heading.av-3m9bws-f9a831d90ffc322ec682eb8f6af4555f .av-special-heading-tag .heading-char{\nfont-size:25px;\n}\n.av-special-heading.av-3m9bws-f9a831d90ffc322ec682eb8f6af4555f .av-subheading{\nfont-size:15px;\n}\n<\/style>\n<div  class='av-special-heading av-3m9bws-f9a831d90ffc322ec682eb8f6af4555f av-special-heading-h2  avia-builder-el-1  el_after_av_slideshow_full  el_before_av_textblock  avia-builder-el-first '><h2 class='av-special-heading-tag '  itemprop=\"headline\"  >Que proposons-nous?<\/h2><div class=\"special-heading-border\"><div class=\"special-heading-inner-border\"><\/div><\/div><\/div>\n<section  class='av_textblock_section av-3vxmho-cc345c16abaadae450890b71df053972 '   itemscope=\"itemscope\" itemtype=\"https:\/\/schema.org\/CreativeWork\" ><div class='avia_textblock'  itemprop=\"text\" ><p>La TVA a \u00e9t\u00e9 mise en place \u00e0 compter du 1er janvier 2018 aux \u00c9mirats.<\/p>\n<p>Pour plus d&#8217;informations sur la TVA, nous vous invitons \u00e0 lire cette page concernant l&#8217;<a href=\"https:\/\/merritt.ae\/fr\/societe\/tva-aux-emirats\/\" target=\"_blank\" rel=\"noopener\">application de la TVA aux Emirats<\/a>.<\/p>\n<p>Nous conseillons \u00e0 nos clients la nomination d&#8217;un tax agent qui sera le repr\u00e9sentant de votre soci\u00e9t\u00e9 aupr\u00e8s de l&#8217;Autorit\u00e9 fiscale (<em>FTA<\/em>). Outre la responsabilit\u00e9, le tax agent permet une veille permanente sur la TVA (qui est un sujet nouveau donc avec des pr\u00e9cisions et de nouvelles jurisprudences tr\u00e8s r\u00e9guli\u00e8rement).<\/p>\n<p>Veuillez noter que notre cabinet n&#8217;est pas tax agent. Nous coordonnons gratuitement nos clients avec un tax agent partenaire de notre cabinet.<\/p>\n<\/div><\/section>\n\n<style type=\"text\/css\" data-created_by=\"avia_inline_auto\" id=\"style-css-av-2izd4s-3e6419f61cfebc8a17695aa049cd7946\">\n#top .av-special-heading.av-2izd4s-3e6419f61cfebc8a17695aa049cd7946{\npadding-bottom:10px;\n}\nbody .av-special-heading.av-2izd4s-3e6419f61cfebc8a17695aa049cd7946 .av-special-heading-tag .heading-char{\nfont-size:25px;\n}\n.av-special-heading.av-2izd4s-3e6419f61cfebc8a17695aa049cd7946 .av-subheading{\nfont-size:15px;\n}\n<\/style>\n<div  class='av-special-heading av-2izd4s-3e6419f61cfebc8a17695aa049cd7946 av-special-heading-h2  avia-builder-el-3  el_after_av_textblock  el_before_av_textblock '><h2 class='av-special-heading-tag '  itemprop=\"headline\"  >Tarifs<\/h2><div class=\"special-heading-border\"><div class=\"special-heading-inner-border\"><\/div><\/div><\/div>\n<section  class='av_textblock_section av-363eu4-a97b509eca5c09aa6b2c331de22e5e72 '   itemscope=\"itemscope\" itemtype=\"https:\/\/schema.org\/CreativeWork\" ><div class='avia_textblock'  itemprop=\"text\" ><p>Voici les tarifs li\u00e9s \u00e0 la TVA (factur\u00e9s directement par le tax agent et non pas nos services):<\/p>\n<ul>\n<li>Enregistrement \u00e0 la TVA: AED 1525<\/li>\n<li>D\u00e9s-enregistrement \u00e0 la TVA: AED 1525<\/li>\n<li>D\u00e9claration trimestrielle: AED 525<\/li>\n<li>Coordination entre le service comptable et le tax agent: <strong>gratuit<\/strong> (uniquement pour nos clients dont nous g\u00e9rons la comptabilit\u00e9)<\/li>\n<\/ul>\n<\/div><\/section>\n","protected":false},"excerpt":{"rendered":"","protected":false},"author":2,"featured_media":0,"parent":5401,"menu_order":7,"comment_status":"closed","ping_status":"closed","template":"","meta":{"inline_featured_image":false,"footnotes":""},"class_list":["post-5420","page","type-page","status-publish","hentry"],"yoast_head":"<!-- This site is optimized with the Yoast SEO plugin v27.5 - https:\/\/yoast.com\/product\/yoast-seo-wordpress\/ -->\n<title>La TVA en vigueur \u00e0 Dubai, tout ce qu&#039;il faut savoir et faire.<\/title>\n<meta name=\"description\" content=\"Nous coordonnons gratuitement nos clients avec un tax agent local, ce qui permet un suivi permanent de la TVA (jurisprudences, \u00e9volution,...)\" \/>\n<meta name=\"robots\" content=\"index, follow, max-snippet:-1, max-image-preview:large, max-video-preview:-1\" \/>\n<link rel=\"canonical\" href=\"https:\/\/merritt.ae\/company\/outsourcing\/vat\/\" \/>\n<meta property=\"og:locale\" content=\"fr_FR\" \/>\n<meta property=\"og:type\" content=\"article\" \/>\n<meta property=\"og:title\" content=\"La TVA en vigueur \u00e0 Dubai, tout ce qu&#039;il faut savoir et faire.\" \/>\n<meta property=\"og:description\" content=\"Nous coordonnons gratuitement nos clients avec un tax agent local, ce qui permet un suivi permanent de la TVA (jurisprudences, \u00e9volution,...)\" \/>\n<meta property=\"og:url\" content=\"https:\/\/merritt.ae\/company\/outsourcing\/vat\/\" \/>\n<meta property=\"og:site_name\" content=\"merritt.ae\" \/>\n<meta property=\"article:modified_time\" content=\"2022-06-07T08:03:29+00:00\" \/>\n<meta property=\"og:image\" content=\"https:\/\/merritt.ae\/wp-content\/uploads\/2021\/11\/ME-new-featured.jpg\" \/>\n\t<meta property=\"og:image:width\" content=\"1200\" \/>\n\t<meta property=\"og:image:height\" content=\"630\" \/>\n\t<meta property=\"og:image:type\" content=\"image\/jpeg\" \/>\n<meta name=\"twitter:card\" content=\"summary_large_image\" \/>\n<meta name=\"twitter:label1\" content=\"Dur\u00e9e de lecture estim\u00e9e\" \/>\n\t<meta name=\"twitter:data1\" content=\"3 minutes\" \/>\n<script type=\"application\/ld+json\" class=\"yoast-schema-graph\">{\"@context\":\"https:\\\/\\\/schema.org\",\"@graph\":[{\"@type\":\"WebPage\",\"@id\":\"https:\\\/\\\/merritt.ae\\\/company\\\/outsourcing\\\/vat\\\/\",\"url\":\"https:\\\/\\\/merritt.ae\\\/company\\\/outsourcing\\\/vat\\\/\",\"name\":\"La TVA en vigueur \u00e0 Dubai, tout ce qu'il faut savoir et faire.\",\"isPartOf\":{\"@id\":\"https:\\\/\\\/merritt.ae\\\/#website\"},\"datePublished\":\"2019-12-09T13:00:37+00:00\",\"dateModified\":\"2022-06-07T08:03:29+00:00\",\"description\":\"Nous coordonnons gratuitement nos clients avec un tax agent local, ce qui permet un suivi permanent de la TVA (jurisprudences, \u00e9volution,...)\",\"breadcrumb\":{\"@id\":\"https:\\\/\\\/merritt.ae\\\/company\\\/outsourcing\\\/vat\\\/#breadcrumb\"},\"inLanguage\":\"fr-FR\",\"potentialAction\":[{\"@type\":\"ReadAction\",\"target\":[\"https:\\\/\\\/merritt.ae\\\/company\\\/outsourcing\\\/vat\\\/\"]}]},{\"@type\":\"BreadcrumbList\",\"@id\":\"https:\\\/\\\/merritt.ae\\\/company\\\/outsourcing\\\/vat\\\/#breadcrumb\",\"itemListElement\":[{\"@type\":\"ListItem\",\"position\":1,\"name\":\"Home\",\"item\":\"https:\\\/\\\/merritt.ae\\\/fr\\\/accueil\\\/\"},{\"@type\":\"ListItem\",\"position\":2,\"name\":\"Soci\u00e9t\u00e9 \u00e0 Dubai\",\"item\":\"https:\\\/\\\/merritt.ae\\\/fr\\\/societe\\\/\"},{\"@type\":\"ListItem\",\"position\":3,\"name\":\"Outsourcing (sous-traintance)\",\"item\":\"https:\\\/\\\/merritt.ae\\\/fr\\\/societe\\\/outsourcing-sous-traitance\\\/\"},{\"@type\":\"ListItem\",\"position\":4,\"name\":\"TVA\"}]},{\"@type\":\"WebSite\",\"@id\":\"https:\\\/\\\/merritt.ae\\\/#website\",\"url\":\"https:\\\/\\\/merritt.ae\\\/\",\"name\":\"merritt.ae\",\"description\":\"\",\"publisher\":{\"@id\":\"https:\\\/\\\/merritt.ae\\\/#organization\"},\"potentialAction\":[{\"@type\":\"SearchAction\",\"target\":{\"@type\":\"EntryPoint\",\"urlTemplate\":\"https:\\\/\\\/merritt.ae\\\/?s={search_term_string}\"},\"query-input\":{\"@type\":\"PropertyValueSpecification\",\"valueRequired\":true,\"valueName\":\"search_term_string\"}}],\"inLanguage\":\"fr-FR\"},{\"@type\":\"Organization\",\"@id\":\"https:\\\/\\\/merritt.ae\\\/#organization\",\"name\":\"merritt.ae\",\"url\":\"https:\\\/\\\/merritt.ae\\\/\",\"logo\":{\"@type\":\"ImageObject\",\"inLanguage\":\"fr-FR\",\"@id\":\"https:\\\/\\\/merritt.ae\\\/#\\\/schema\\\/logo\\\/image\\\/\",\"url\":\"https:\\\/\\\/merritt.ae\\\/wp-content\\\/uploads\\\/2021\\\/11\\\/ME-new-featured.jpg\",\"contentUrl\":\"https:\\\/\\\/merritt.ae\\\/wp-content\\\/uploads\\\/2021\\\/11\\\/ME-new-featured.jpg\",\"width\":1200,\"height\":630,\"caption\":\"merritt.ae\"},\"image\":{\"@id\":\"https:\\\/\\\/merritt.ae\\\/#\\\/schema\\\/logo\\\/image\\\/\"}}]}<\/script>\n<!-- \/ Yoast SEO plugin. -->","yoast_head_json":{"title":"La TVA en vigueur \u00e0 Dubai, tout ce qu'il faut savoir et faire.","description":"Nous coordonnons gratuitement nos clients avec un tax agent local, ce qui permet un suivi permanent de la TVA (jurisprudences, \u00e9volution,...)","robots":{"index":"index","follow":"follow","max-snippet":"max-snippet:-1","max-image-preview":"max-image-preview:large","max-video-preview":"max-video-preview:-1"},"canonical":"https:\/\/merritt.ae\/company\/outsourcing\/vat\/","og_locale":"fr_FR","og_type":"article","og_title":"La TVA en vigueur \u00e0 Dubai, tout ce qu'il faut savoir et faire.","og_description":"Nous coordonnons gratuitement nos clients avec un tax agent local, ce qui permet un suivi permanent de la TVA (jurisprudences, \u00e9volution,...)","og_url":"https:\/\/merritt.ae\/company\/outsourcing\/vat\/","og_site_name":"merritt.ae","article_modified_time":"2022-06-07T08:03:29+00:00","og_image":[{"width":1200,"height":630,"url":"https:\/\/merritt.ae\/wp-content\/uploads\/2021\/11\/ME-new-featured.jpg","type":"image\/jpeg"}],"twitter_card":"summary_large_image","twitter_misc":{"Dur\u00e9e de lecture estim\u00e9e":"3 minutes"},"schema":{"@context":"https:\/\/schema.org","@graph":[{"@type":"WebPage","@id":"https:\/\/merritt.ae\/company\/outsourcing\/vat\/","url":"https:\/\/merritt.ae\/company\/outsourcing\/vat\/","name":"La TVA en vigueur \u00e0 Dubai, tout ce qu'il faut savoir et faire.","isPartOf":{"@id":"https:\/\/merritt.ae\/#website"},"datePublished":"2019-12-09T13:00:37+00:00","dateModified":"2022-06-07T08:03:29+00:00","description":"Nous coordonnons gratuitement nos clients avec un tax agent local, ce qui permet un suivi permanent de la TVA (jurisprudences, \u00e9volution,...)","breadcrumb":{"@id":"https:\/\/merritt.ae\/company\/outsourcing\/vat\/#breadcrumb"},"inLanguage":"fr-FR","potentialAction":[{"@type":"ReadAction","target":["https:\/\/merritt.ae\/company\/outsourcing\/vat\/"]}]},{"@type":"BreadcrumbList","@id":"https:\/\/merritt.ae\/company\/outsourcing\/vat\/#breadcrumb","itemListElement":[{"@type":"ListItem","position":1,"name":"Home","item":"https:\/\/merritt.ae\/fr\/accueil\/"},{"@type":"ListItem","position":2,"name":"Soci\u00e9t\u00e9 \u00e0 Dubai","item":"https:\/\/merritt.ae\/fr\/societe\/"},{"@type":"ListItem","position":3,"name":"Outsourcing (sous-traintance)","item":"https:\/\/merritt.ae\/fr\/societe\/outsourcing-sous-traitance\/"},{"@type":"ListItem","position":4,"name":"TVA"}]},{"@type":"WebSite","@id":"https:\/\/merritt.ae\/#website","url":"https:\/\/merritt.ae\/","name":"merritt.ae","description":"","publisher":{"@id":"https:\/\/merritt.ae\/#organization"},"potentialAction":[{"@type":"SearchAction","target":{"@type":"EntryPoint","urlTemplate":"https:\/\/merritt.ae\/?s={search_term_string}"},"query-input":{"@type":"PropertyValueSpecification","valueRequired":true,"valueName":"search_term_string"}}],"inLanguage":"fr-FR"},{"@type":"Organization","@id":"https:\/\/merritt.ae\/#organization","name":"merritt.ae","url":"https:\/\/merritt.ae\/","logo":{"@type":"ImageObject","inLanguage":"fr-FR","@id":"https:\/\/merritt.ae\/#\/schema\/logo\/image\/","url":"https:\/\/merritt.ae\/wp-content\/uploads\/2021\/11\/ME-new-featured.jpg","contentUrl":"https:\/\/merritt.ae\/wp-content\/uploads\/2021\/11\/ME-new-featured.jpg","width":1200,"height":630,"caption":"merritt.ae"},"image":{"@id":"https:\/\/merritt.ae\/#\/schema\/logo\/image\/"}}]}},"_links":{"self":[{"href":"https:\/\/merritt.ae\/fr\/wp-json\/wp\/v2\/pages\/5420","targetHints":{"allow":["GET"]}}],"collection":[{"href":"https:\/\/merritt.ae\/fr\/wp-json\/wp\/v2\/pages"}],"about":[{"href":"https:\/\/merritt.ae\/fr\/wp-json\/wp\/v2\/types\/page"}],"author":[{"embeddable":true,"href":"https:\/\/merritt.ae\/fr\/wp-json\/wp\/v2\/users\/2"}],"replies":[{"embeddable":true,"href":"https:\/\/merritt.ae\/fr\/wp-json\/wp\/v2\/comments?post=5420"}],"version-history":[{"count":12,"href":"https:\/\/merritt.ae\/fr\/wp-json\/wp\/v2\/pages\/5420\/revisions"}],"predecessor-version":[{"id":17285,"href":"https:\/\/merritt.ae\/fr\/wp-json\/wp\/v2\/pages\/5420\/revisions\/17285"}],"up":[{"embeddable":true,"href":"https:\/\/merritt.ae\/fr\/wp-json\/wp\/v2\/pages\/5401"}],"wp:attachment":[{"href":"https:\/\/merritt.ae\/fr\/wp-json\/wp\/v2\/media?parent=5420"}],"curies":[{"name":"wp","href":"https:\/\/api.w.org\/{rel}","templated":true}]}}