{"id":5417,"date":"2019-12-09T13:00:18","date_gmt":"2019-12-09T13:00:18","guid":{"rendered":"https:\/\/merritt.ae\/?page_id=5417"},"modified":"2020-06-08T12:50:53","modified_gmt":"2020-06-08T12:50:53","slug":"direction","status":"publish","type":"page","link":"https:\/\/merritt.ae\/fr\/societe\/outsourcing-sous-traitance\/direction\/","title":{"rendered":"Direction"},"content":{"rendered":"<div id='full_slider_1'  class='avia-fullwidth-slider main_color avia-shadow   avia-builder-el-0  el_before_av_heading  avia-builder-el-first   container_wrap sidebar_right'  >\n<style type=\"text\/css\" data-created_by=\"avia_inline_auto\" id=\"style-css-av-4redt5-aaa1af10453b6701cb228b618698cd91\">\n#top #wrap_all .avia-slideshow .av-slideshow-caption.av-4redt5-aaa1af10453b6701cb228b618698cd91__0 .avia-caption-title{\ncolor:#ffffff;\n}\n<\/style>\n<div  class='avia-slideshow av-4redt5-aaa1af10453b6701cb228b618698cd91 avia-slideshow-featured av_slideshow_full avia-slide-slider av-slideshow-ui av-control-default av-slideshow-manual av-loop-once av-loop-manual-endless av-default-height-applied   avia-slideshow-1' data-slideshow-options=\"{&quot;animation&quot;:&quot;slide&quot;,&quot;autoplay&quot;:false,&quot;loop_autoplay&quot;:&quot;once&quot;,&quot;interval&quot;:5,&quot;loop_manual&quot;:&quot;manual-endless&quot;,&quot;autoplay_stopper&quot;:false,&quot;noNavigation&quot;:false,&quot;bg_slider&quot;:false,&quot;keep_padding&quot;:false,&quot;hoverpause&quot;:false,&quot;show_slide_delay&quot;:0}\"  itemprop=\"image\" itemscope=\"itemscope\" itemtype=\"https:\/\/schema.org\/ImageObject\" ><ul class='avia-slideshow-inner ' style='padding-bottom: 28.666666666667%;'><li  class='avia-slideshow-slide av-4redt5-aaa1af10453b6701cb228b618698cd91__0  av-single-slide slide-1 slide-odd'><div data-rel='slideshow-1' class='avia-slide-wrap '   ><div class='av-slideshow-caption av-4redt5-aaa1af10453b6701cb228b618698cd91__0 caption_fullwidth caption_center caption_center_framed caption_framed'><div class=\"container caption_container\"><div class=\"slideshow_caption\"><div class=\"slideshow_inner_caption\"><div class=\"slideshow_align_caption\"><h2 class='avia-caption-title '  itemprop=\"name\" >Direction d\u2019une soci\u00e9t\u00e9<\/h2><\/div><\/div><\/div><\/div><\/div><img decoding=\"async\" fetchpriority=\"high\" class=\"wp-image-5697 avia-img-lazy-loading-not-5697\"  src=\"https:\/\/merritt.ae\/wp-content\/uploads\/2019\/12\/Marina-1500x430.jpg\" width=\"1500\" height=\"430\" title='Marina' alt=''  itemprop=\"thumbnailUrl\"   \/><\/div><\/li><\/ul><\/div><\/div><div id='after_full_slider_1'  class='main_color av_default_container_wrap container_wrap sidebar_right'  ><div class='container av-section-cont-open' ><div class='template-page content  av-content-small alpha units'><div class='post-entry post-entry-type-page post-entry-5417'><div class='entry-content-wrapper clearfix'>\n\n<style type=\"text\/css\" data-created_by=\"avia_inline_auto\" id=\"style-css-av-av_heading-a93074358a35ce5f3597500d8698469d\">\n#top .av-special-heading.av-av_heading-a93074358a35ce5f3597500d8698469d{\npadding-bottom:10px;\n}\nbody .av-special-heading.av-av_heading-a93074358a35ce5f3597500d8698469d .av-special-heading-tag .heading-char{\nfont-size:25px;\n}\n.av-special-heading.av-av_heading-a93074358a35ce5f3597500d8698469d .av-subheading{\nfont-size:15px;\n}\n<\/style>\n<div  class='av-special-heading av-av_heading-a93074358a35ce5f3597500d8698469d av-special-heading-h2  avia-builder-el-1  el_after_av_slideshow_full  el_before_av_textblock  avia-builder-el-first '><h2 class='av-special-heading-tag '  itemprop=\"headline\"  >Que proposons-nous?<\/h2><div class=\"special-heading-border\"><div class=\"special-heading-inner-border\"><\/div><\/div><\/div>\n<section  class='av_textblock_section av-2oz76x-11947a9e8f8bf05609a98be539629035 '   itemscope=\"itemscope\" itemtype=\"https:\/\/schema.org\/CreativeWork\" ><div class='avia_textblock'  itemprop=\"text\" ><p>Il s&#8217;agit de nommer un manager pour votre soci\u00e9t\u00e9.<\/p>\n<p>ATTENTION: il ne s&#8217;agit pas d&#8217;un &#8220;nomin\u00e9e&#8221; car outre que ce type de mandat n&#8217;est pas reconnu aux Emirats, il s&#8217;agirait de contourner &#8220;l&#8217;esprit de la loi&#8221; sur la substance \u00e9conomique, ce que nous d\u00e9conseillons fortement. Bien au contraire, nous vous proposons d&#8217;\u00e9tudier vos besoins et vos attentes en vue de vous proposer un vrai manager qui agira selon les instructions fix\u00e9es par les associ\u00e9s de la soci\u00e9t\u00e9. Il pourra s&#8217;agir d&#8217;une fonction \u00e0 temps complet ou \u00e0 temps partiel mais il nous semble important que ce manager ait une vraie fonction au sein de votre entreprise en se chargeant de la signature des contrats, de la comptabilit\u00e9, de l&#8217;envoi de factures, de relances commerciales, etc.<\/p>\n<p>Nous proposons donc des managers selon le profil que vous recherchez (nationalit\u00e9\/langues) et assistons ce manager dans ces fonctions en assurant le r\u00f4le de conseiller.<\/p>\n<\/div><\/section>\n\n<style type=\"text\/css\" data-created_by=\"avia_inline_auto\" id=\"style-css-av-av_heading-c94ae6fded461ebfe9a97bd12c39143b\">\n#top .av-special-heading.av-av_heading-c94ae6fded461ebfe9a97bd12c39143b{\npadding-bottom:10px;\n}\nbody .av-special-heading.av-av_heading-c94ae6fded461ebfe9a97bd12c39143b .av-special-heading-tag .heading-char{\nfont-size:25px;\n}\n.av-special-heading.av-av_heading-c94ae6fded461ebfe9a97bd12c39143b .av-subheading{\nfont-size:15px;\n}\n<\/style>\n<div  class='av-special-heading av-av_heading-c94ae6fded461ebfe9a97bd12c39143b av-special-heading-h2  avia-builder-el-3  el_after_av_textblock  el_before_av_textblock '><h2 class='av-special-heading-tag '  itemprop=\"headline\"  >Tarifs<\/h2><div class=\"special-heading-border\"><div class=\"special-heading-inner-border\"><\/div><\/div><\/div>\n<section  class='av_textblock_section av-2am82x-cf5751828bd8344d8ac0a1688a1b9d91 '   itemscope=\"itemscope\" itemtype=\"https:\/\/schema.org\/CreativeWork\" ><div class='avia_textblock'  itemprop=\"text\" ><p>Le co\u00fbt d\u00e9pend du profil recherch\u00e9 et de ses comp\u00e9tences: salaire \u00e0 partir de AED 5000 par mois.<\/p>\n<\/div><\/section>\n","protected":false},"excerpt":{"rendered":"","protected":false},"author":2,"featured_media":0,"parent":5401,"menu_order":6,"comment_status":"closed","ping_status":"closed","template":"","meta":{"inline_featured_image":false,"footnotes":""},"class_list":["post-5417","page","type-page","status-publish","hentry"],"yoast_head":"<!-- This site is optimized with the Yoast SEO plugin v26.9 - https:\/\/yoast.com\/product\/yoast-seo-wordpress\/ -->\n<title>Besoin d&#039;un vrai manager pour votre soci\u00e9t\u00e9?<\/title>\n<meta name=\"description\" content=\"Nous proposons des managers selon le profil que vous recherchez (nationalit\u00e9\/langues) et l&#039;assistons dans ces fonctions en assurant le r\u00f4le de conseiller.\" \/>\n<meta name=\"robots\" content=\"index, follow, max-snippet:-1, max-image-preview:large, max-video-preview:-1\" \/>\n<link rel=\"canonical\" href=\"https:\/\/merritt.ae\/company\/outsourcing\/management-services\/\" \/>\n<meta property=\"og:locale\" content=\"fr_FR\" \/>\n<meta property=\"og:type\" content=\"article\" \/>\n<meta property=\"og:title\" content=\"Besoin d&#039;un vrai manager pour votre soci\u00e9t\u00e9?\" \/>\n<meta property=\"og:description\" content=\"Nous proposons des managers selon le profil que vous recherchez (nationalit\u00e9\/langues) et l&#039;assistons dans ces fonctions en assurant le r\u00f4le de conseiller.\" \/>\n<meta property=\"og:url\" content=\"https:\/\/merritt.ae\/company\/outsourcing\/management-services\/\" \/>\n<meta property=\"og:site_name\" content=\"merritt.ae\" \/>\n<meta property=\"article:modified_time\" content=\"2020-06-08T12:50:53+00:00\" \/>\n<meta property=\"og:image\" content=\"https:\/\/merritt.ae\/wp-content\/uploads\/2021\/11\/ME-new-featured.jpg\" \/>\n\t<meta property=\"og:image:width\" content=\"1200\" \/>\n\t<meta property=\"og:image:height\" content=\"630\" \/>\n\t<meta property=\"og:image:type\" content=\"image\/jpeg\" \/>\n<meta name=\"twitter:card\" content=\"summary_large_image\" \/>\n<meta name=\"twitter:label1\" content=\"Dur\u00e9e de lecture estim\u00e9e\" \/>\n\t<meta name=\"twitter:data1\" content=\"3 minutes\" \/>\n<script type=\"application\/ld+json\" class=\"yoast-schema-graph\">{\"@context\":\"https:\/\/schema.org\",\"@graph\":[{\"@type\":\"WebPage\",\"@id\":\"https:\/\/merritt.ae\/company\/outsourcing\/management-services\/\",\"url\":\"https:\/\/merritt.ae\/company\/outsourcing\/management-services\/\",\"name\":\"Besoin d'un vrai manager pour votre soci\u00e9t\u00e9?\",\"isPartOf\":{\"@id\":\"https:\/\/merritt.ae\/#website\"},\"datePublished\":\"2019-12-09T13:00:18+00:00\",\"dateModified\":\"2020-06-08T12:50:53+00:00\",\"description\":\"Nous proposons des managers selon le profil que vous recherchez (nationalit\u00e9\/langues) et l'assistons dans ces fonctions en assurant le r\u00f4le de conseiller.\",\"breadcrumb\":{\"@id\":\"https:\/\/merritt.ae\/company\/outsourcing\/management-services\/#breadcrumb\"},\"inLanguage\":\"fr-FR\",\"potentialAction\":[{\"@type\":\"ReadAction\",\"target\":[\"https:\/\/merritt.ae\/company\/outsourcing\/management-services\/\"]}]},{\"@type\":\"BreadcrumbList\",\"@id\":\"https:\/\/merritt.ae\/company\/outsourcing\/management-services\/#breadcrumb\",\"itemListElement\":[{\"@type\":\"ListItem\",\"position\":1,\"name\":\"Home\",\"item\":\"https:\/\/merritt.ae\/fr\/accueil\/\"},{\"@type\":\"ListItem\",\"position\":2,\"name\":\"Soci\u00e9t\u00e9 \u00e0 Dubai\",\"item\":\"https:\/\/merritt.ae\/fr\/societe\/\"},{\"@type\":\"ListItem\",\"position\":3,\"name\":\"Outsourcing (sous-traintance)\",\"item\":\"https:\/\/merritt.ae\/fr\/societe\/outsourcing-sous-traitance\/\"},{\"@type\":\"ListItem\",\"position\":4,\"name\":\"Direction\"}]},{\"@type\":\"WebSite\",\"@id\":\"https:\/\/merritt.ae\/#website\",\"url\":\"https:\/\/merritt.ae\/\",\"name\":\"merritt.ae\",\"description\":\"\",\"publisher\":{\"@id\":\"https:\/\/merritt.ae\/#organization\"},\"potentialAction\":[{\"@type\":\"SearchAction\",\"target\":{\"@type\":\"EntryPoint\",\"urlTemplate\":\"https:\/\/merritt.ae\/?s={search_term_string}\"},\"query-input\":{\"@type\":\"PropertyValueSpecification\",\"valueRequired\":true,\"valueName\":\"search_term_string\"}}],\"inLanguage\":\"fr-FR\"},{\"@type\":\"Organization\",\"@id\":\"https:\/\/merritt.ae\/#organization\",\"name\":\"merritt.ae\",\"url\":\"https:\/\/merritt.ae\/\",\"logo\":{\"@type\":\"ImageObject\",\"inLanguage\":\"fr-FR\",\"@id\":\"https:\/\/merritt.ae\/#\/schema\/logo\/image\/\",\"url\":\"https:\/\/merritt.ae\/wp-content\/uploads\/2021\/11\/ME-new-featured.jpg\",\"contentUrl\":\"https:\/\/merritt.ae\/wp-content\/uploads\/2021\/11\/ME-new-featured.jpg\",\"width\":1200,\"height\":630,\"caption\":\"merritt.ae\"},\"image\":{\"@id\":\"https:\/\/merritt.ae\/#\/schema\/logo\/image\/\"}}]}<\/script>\n<!-- \/ Yoast SEO plugin. -->","yoast_head_json":{"title":"Besoin d'un vrai manager pour votre soci\u00e9t\u00e9?","description":"Nous proposons des managers selon le profil que vous recherchez (nationalit\u00e9\/langues) et l'assistons dans ces fonctions en assurant le r\u00f4le de conseiller.","robots":{"index":"index","follow":"follow","max-snippet":"max-snippet:-1","max-image-preview":"max-image-preview:large","max-video-preview":"max-video-preview:-1"},"canonical":"https:\/\/merritt.ae\/company\/outsourcing\/management-services\/","og_locale":"fr_FR","og_type":"article","og_title":"Besoin d'un vrai manager pour votre soci\u00e9t\u00e9?","og_description":"Nous proposons des managers selon le profil que vous recherchez (nationalit\u00e9\/langues) et l'assistons dans ces fonctions en assurant le r\u00f4le de conseiller.","og_url":"https:\/\/merritt.ae\/company\/outsourcing\/management-services\/","og_site_name":"merritt.ae","article_modified_time":"2020-06-08T12:50:53+00:00","og_image":[{"width":1200,"height":630,"url":"https:\/\/merritt.ae\/wp-content\/uploads\/2021\/11\/ME-new-featured.jpg","type":"image\/jpeg"}],"twitter_card":"summary_large_image","twitter_misc":{"Dur\u00e9e de lecture estim\u00e9e":"3 minutes"},"schema":{"@context":"https:\/\/schema.org","@graph":[{"@type":"WebPage","@id":"https:\/\/merritt.ae\/company\/outsourcing\/management-services\/","url":"https:\/\/merritt.ae\/company\/outsourcing\/management-services\/","name":"Besoin d'un vrai manager pour votre soci\u00e9t\u00e9?","isPartOf":{"@id":"https:\/\/merritt.ae\/#website"},"datePublished":"2019-12-09T13:00:18+00:00","dateModified":"2020-06-08T12:50:53+00:00","description":"Nous proposons des managers selon le profil que vous recherchez (nationalit\u00e9\/langues) et l'assistons dans ces fonctions en assurant le r\u00f4le de conseiller.","breadcrumb":{"@id":"https:\/\/merritt.ae\/company\/outsourcing\/management-services\/#breadcrumb"},"inLanguage":"fr-FR","potentialAction":[{"@type":"ReadAction","target":["https:\/\/merritt.ae\/company\/outsourcing\/management-services\/"]}]},{"@type":"BreadcrumbList","@id":"https:\/\/merritt.ae\/company\/outsourcing\/management-services\/#breadcrumb","itemListElement":[{"@type":"ListItem","position":1,"name":"Home","item":"https:\/\/merritt.ae\/fr\/accueil\/"},{"@type":"ListItem","position":2,"name":"Soci\u00e9t\u00e9 \u00e0 Dubai","item":"https:\/\/merritt.ae\/fr\/societe\/"},{"@type":"ListItem","position":3,"name":"Outsourcing (sous-traintance)","item":"https:\/\/merritt.ae\/fr\/societe\/outsourcing-sous-traitance\/"},{"@type":"ListItem","position":4,"name":"Direction"}]},{"@type":"WebSite","@id":"https:\/\/merritt.ae\/#website","url":"https:\/\/merritt.ae\/","name":"merritt.ae","description":"","publisher":{"@id":"https:\/\/merritt.ae\/#organization"},"potentialAction":[{"@type":"SearchAction","target":{"@type":"EntryPoint","urlTemplate":"https:\/\/merritt.ae\/?s={search_term_string}"},"query-input":{"@type":"PropertyValueSpecification","valueRequired":true,"valueName":"search_term_string"}}],"inLanguage":"fr-FR"},{"@type":"Organization","@id":"https:\/\/merritt.ae\/#organization","name":"merritt.ae","url":"https:\/\/merritt.ae\/","logo":{"@type":"ImageObject","inLanguage":"fr-FR","@id":"https:\/\/merritt.ae\/#\/schema\/logo\/image\/","url":"https:\/\/merritt.ae\/wp-content\/uploads\/2021\/11\/ME-new-featured.jpg","contentUrl":"https:\/\/merritt.ae\/wp-content\/uploads\/2021\/11\/ME-new-featured.jpg","width":1200,"height":630,"caption":"merritt.ae"},"image":{"@id":"https:\/\/merritt.ae\/#\/schema\/logo\/image\/"}}]}},"_links":{"self":[{"href":"https:\/\/merritt.ae\/fr\/wp-json\/wp\/v2\/pages\/5417","targetHints":{"allow":["GET"]}}],"collection":[{"href":"https:\/\/merritt.ae\/fr\/wp-json\/wp\/v2\/pages"}],"about":[{"href":"https:\/\/merritt.ae\/fr\/wp-json\/wp\/v2\/types\/page"}],"author":[{"embeddable":true,"href":"https:\/\/merritt.ae\/fr\/wp-json\/wp\/v2\/users\/2"}],"replies":[{"embeddable":true,"href":"https:\/\/merritt.ae\/fr\/wp-json\/wp\/v2\/comments?post=5417"}],"version-history":[{"count":11,"href":"https:\/\/merritt.ae\/fr\/wp-json\/wp\/v2\/pages\/5417\/revisions"}],"predecessor-version":[{"id":9111,"href":"https:\/\/merritt.ae\/fr\/wp-json\/wp\/v2\/pages\/5417\/revisions\/9111"}],"up":[{"embeddable":true,"href":"https:\/\/merritt.ae\/fr\/wp-json\/wp\/v2\/pages\/5401"}],"wp:attachment":[{"href":"https:\/\/merritt.ae\/fr\/wp-json\/wp\/v2\/media?parent=5417"}],"curies":[{"name":"wp","href":"https:\/\/api.w.org\/{rel}","templated":true}]}}