{"id":5412,"date":"2019-12-09T12:59:36","date_gmt":"2019-12-09T12:59:36","guid":{"rendered":"https:\/\/merritt.ae\/?page_id=5412"},"modified":"2020-02-26T12:25:04","modified_gmt":"2020-02-26T12:25:04","slug":"ressources-humaines","status":"publish","type":"page","link":"https:\/\/merritt.ae\/fr\/societe\/outsourcing-sous-traitance\/ressources-humaines\/","title":{"rendered":"Ressources humaines"},"content":{"rendered":"<div id='full_slider_1'  class='avia-fullwidth-slider main_color avia-shadow   avia-builder-el-0  el_before_av_heading  avia-builder-el-first   container_wrap sidebar_right'  >\n<style type=\"text\/css\" data-created_by=\"avia_inline_auto\" id=\"style-css-av-2fnc50-5d37e3d37a61f2ce35025d9fb981a032\">\n#top #wrap_all .avia-slideshow .av-slideshow-caption.av-2fnc50-5d37e3d37a61f2ce35025d9fb981a032__0 .avia-caption-title{\ncolor:#ffffff;\n}\n<\/style>\n<div  class='avia-slideshow av-2fnc50-5d37e3d37a61f2ce35025d9fb981a032 avia-slideshow-featured av_slideshow_full avia-slide-slider av-slideshow-ui av-control-default av-slideshow-manual av-loop-once av-loop-manual-endless av-default-height-applied   avia-slideshow-1' data-slideshow-options=\"{&quot;animation&quot;:&quot;slide&quot;,&quot;autoplay&quot;:false,&quot;loop_autoplay&quot;:&quot;once&quot;,&quot;interval&quot;:5,&quot;loop_manual&quot;:&quot;manual-endless&quot;,&quot;autoplay_stopper&quot;:false,&quot;noNavigation&quot;:false,&quot;bg_slider&quot;:false,&quot;keep_padding&quot;:false,&quot;hoverpause&quot;:false,&quot;show_slide_delay&quot;:0}\"  itemprop=\"image\" itemscope=\"itemscope\" itemtype=\"https:\/\/schema.org\/ImageObject\" ><ul class='avia-slideshow-inner ' style='padding-bottom: 28.666666666667%;'><li  class='avia-slideshow-slide av-2fnc50-5d37e3d37a61f2ce35025d9fb981a032__0  av-single-slide slide-1 slide-odd'><div data-rel='slideshow-1' class='avia-slide-wrap '   ><div class='av-slideshow-caption av-2fnc50-5d37e3d37a61f2ce35025d9fb981a032__0 caption_fullwidth caption_center caption_center_framed caption_framed'><div class=\"container caption_container\"><div class=\"slideshow_caption\"><div class=\"slideshow_inner_caption\"><div class=\"slideshow_align_caption\"><h2 class='avia-caption-title '  itemprop=\"name\" >Ressources humaines<\/h2><\/div><\/div><\/div><\/div><\/div><img decoding=\"async\" fetchpriority=\"high\" class=\"wp-image-5699 avia-img-lazy-loading-not-5699\"  src=\"https:\/\/merritt.ae\/wp-content\/uploads\/2019\/12\/roundabout-1500x430.jpg\" width=\"1500\" height=\"430\" title='roundabout' alt=''  itemprop=\"thumbnailUrl\"   \/><\/div><\/li><\/ul><\/div><\/div><div id='after_full_slider_1'  class='main_color av_default_container_wrap container_wrap sidebar_right'  ><div class='container av-section-cont-open' ><div class='template-page content  av-content-small alpha units'><div class='post-entry post-entry-type-page post-entry-5412'><div class='entry-content-wrapper clearfix'>\n\n<style type=\"text\/css\" data-created_by=\"avia_inline_auto\" id=\"style-css-av-av_heading-a93074358a35ce5f3597500d8698469d\">\n#top .av-special-heading.av-av_heading-a93074358a35ce5f3597500d8698469d{\npadding-bottom:10px;\n}\nbody .av-special-heading.av-av_heading-a93074358a35ce5f3597500d8698469d .av-special-heading-tag .heading-char{\nfont-size:25px;\n}\n.av-special-heading.av-av_heading-a93074358a35ce5f3597500d8698469d .av-subheading{\nfont-size:15px;\n}\n<\/style>\n<div  class='av-special-heading av-av_heading-a93074358a35ce5f3597500d8698469d av-special-heading-h2  avia-builder-el-1  el_after_av_slideshow_full  el_before_av_textblock  avia-builder-el-first '><h2 class='av-special-heading-tag '  itemprop=\"headline\"  >Que proposons-nous?<\/h2><div class=\"special-heading-border\"><div class=\"special-heading-inner-border\"><\/div><\/div><\/div>\n<section  class='av_textblock_section av-k475wfad-ce691564a2b219ae43505a45439a6997 '   itemscope=\"itemscope\" itemtype=\"https:\/\/schema.org\/CreativeWork\" ><div class='avia_textblock'  itemprop=\"text\" ><p><em>Cette prestation r\u00e9pond au besoin de <a href=\"https:\/\/merritt.ae\/societe\/loi-sur-la-substance-economique\/\" target=\"_blank\" rel=\"noopener noreferrer\">substance \u00e9conomique aux Emirats<\/a>.<\/em><\/p>\n<p>Nous vous proposons un service &#8220;\u00e0 la carte&#8221; de ressources humaines selon vos besoins:<\/p>\n<ul>\n<li>R\u00e9daction et diffusion de vos offres d&#8217;embauches (r\u00e9seaux sociaux, sites sp\u00e9cialis\u00e9s, etc.)<\/li>\n<li>Entretiens dans nos bureaux<\/li>\n<li>R\u00e9daction de l&#8217;offre de travail (<em>offer letter<\/em>)<\/li>\n<li>R\u00e9daction du contrat de travail<\/li>\n<li>Pr\u00e9paration et \u00e9mission du contrat de travail<\/li>\n<li>Versement du salaire (virement, WPS, cash, ch\u00e8que) et \u00e9mission du bulletin de paye (<em>payroll<\/em>)<\/li>\n<li>Gestion des cong\u00e9s et des arr\u00eats maladies<\/li>\n<li>D\u00e9marches pour l&#8217;obtention du visa de travail (medical check, etc.) et de l&#8217;EmiratesID<\/li>\n<li>Obtention de l&#8217;assurance sant\u00e9 obligatoire (et n\u00e9gocation du premium avec l&#8217;assureur le cas \u00e9ch\u00e9ant)<\/li>\n<li>Proc\u00e9dure de licenciement (et annulation du visa de travail)<\/li>\n<\/ul>\n<\/div><\/section>\n\n<style type=\"text\/css\" data-created_by=\"avia_inline_auto\" id=\"style-css-av-av_heading-c94ae6fded461ebfe9a97bd12c39143b\">\n#top .av-special-heading.av-av_heading-c94ae6fded461ebfe9a97bd12c39143b{\npadding-bottom:10px;\n}\nbody .av-special-heading.av-av_heading-c94ae6fded461ebfe9a97bd12c39143b .av-special-heading-tag .heading-char{\nfont-size:25px;\n}\n.av-special-heading.av-av_heading-c94ae6fded461ebfe9a97bd12c39143b .av-subheading{\nfont-size:15px;\n}\n<\/style>\n<div  class='av-special-heading av-av_heading-c94ae6fded461ebfe9a97bd12c39143b av-special-heading-h2  avia-builder-el-3  el_after_av_textblock  el_before_av_textblock '><h2 class='av-special-heading-tag '  itemprop=\"headline\"  >Tarifs<\/h2><div class=\"special-heading-border\"><div class=\"special-heading-inner-border\"><\/div><\/div><\/div>\n<section  class='av_textblock_section av-2ajnhg-a087990ceee0b4536d7f675436f93a28 '   itemscope=\"itemscope\" itemtype=\"https:\/\/schema.org\/CreativeWork\" ><div class='avia_textblock'  itemprop=\"text\" ><p>Nous vous invitons \u00e0 <a href=\"https:\/\/merritt.ae\/nous-contacter\/\" target=\"_blank\" rel=\"noopener noreferrer\">nous contacter<\/a> pour vous proposer un tarif personnalis\u00e9 selon vos besoins.<\/p>\n<\/div><\/section>\n","protected":false},"excerpt":{"rendered":"","protected":false},"author":2,"featured_media":0,"parent":5401,"menu_order":4,"comment_status":"closed","ping_status":"closed","template":"","meta":{"inline_featured_image":false,"footnotes":""},"class_list":["post-5412","page","type-page","status-publish","hentry"],"yoast_head":"<!-- This site is optimized with the Yoast SEO plugin v26.9 - https:\/\/yoast.com\/product\/yoast-seo-wordpress\/ -->\n<title>Nous externalisons pour vous tous les besoins en ressources humaines.<\/title>\n<meta name=\"description\" content=\"Nous recrutons pour vous! Nous proposons un service complet de ressources humaines, nous vous accompagnons dans le recrutement, le licenciement,...\" \/>\n<meta name=\"robots\" content=\"index, follow, max-snippet:-1, max-image-preview:large, max-video-preview:-1\" \/>\n<link rel=\"canonical\" href=\"https:\/\/merritt.ae\/company\/outsourcing\/human-ressources\/\" \/>\n<meta property=\"og:locale\" content=\"fr_FR\" \/>\n<meta property=\"og:type\" content=\"article\" \/>\n<meta property=\"og:title\" content=\"Nous externalisons pour vous tous les besoins en ressources humaines.\" \/>\n<meta property=\"og:description\" content=\"Nous recrutons pour vous! Nous proposons un service complet de ressources humaines, nous vous accompagnons dans le recrutement, le licenciement,...\" \/>\n<meta property=\"og:url\" content=\"https:\/\/merritt.ae\/company\/outsourcing\/human-ressources\/\" \/>\n<meta property=\"og:site_name\" content=\"merritt.ae\" \/>\n<meta property=\"article:modified_time\" content=\"2020-02-26T12:25:04+00:00\" \/>\n<meta property=\"og:image\" content=\"https:\/\/merritt.ae\/wp-content\/uploads\/2021\/11\/ME-new-featured.jpg\" \/>\n\t<meta property=\"og:image:width\" content=\"1200\" \/>\n\t<meta property=\"og:image:height\" content=\"630\" \/>\n\t<meta property=\"og:image:type\" content=\"image\/jpeg\" \/>\n<meta name=\"twitter:card\" content=\"summary_large_image\" \/>\n<meta name=\"twitter:label1\" content=\"Dur\u00e9e de lecture estim\u00e9e\" \/>\n\t<meta name=\"twitter:data1\" content=\"3 minutes\" \/>\n<script type=\"application\/ld+json\" class=\"yoast-schema-graph\">{\"@context\":\"https:\/\/schema.org\",\"@graph\":[{\"@type\":\"WebPage\",\"@id\":\"https:\/\/merritt.ae\/company\/outsourcing\/human-ressources\/\",\"url\":\"https:\/\/merritt.ae\/company\/outsourcing\/human-ressources\/\",\"name\":\"Nous externalisons pour vous tous les besoins en ressources humaines.\",\"isPartOf\":{\"@id\":\"https:\/\/merritt.ae\/#website\"},\"datePublished\":\"2019-12-09T12:59:36+00:00\",\"dateModified\":\"2020-02-26T12:25:04+00:00\",\"description\":\"Nous recrutons pour vous! Nous proposons un service complet de ressources humaines, nous vous accompagnons dans le recrutement, le licenciement,...\",\"breadcrumb\":{\"@id\":\"https:\/\/merritt.ae\/company\/outsourcing\/human-ressources\/#breadcrumb\"},\"inLanguage\":\"fr-FR\",\"potentialAction\":[{\"@type\":\"ReadAction\",\"target\":[\"https:\/\/merritt.ae\/company\/outsourcing\/human-ressources\/\"]}]},{\"@type\":\"BreadcrumbList\",\"@id\":\"https:\/\/merritt.ae\/company\/outsourcing\/human-ressources\/#breadcrumb\",\"itemListElement\":[{\"@type\":\"ListItem\",\"position\":1,\"name\":\"Home\",\"item\":\"https:\/\/merritt.ae\/fr\/accueil\/\"},{\"@type\":\"ListItem\",\"position\":2,\"name\":\"Soci\u00e9t\u00e9 \u00e0 Dubai\",\"item\":\"https:\/\/merritt.ae\/fr\/societe\/\"},{\"@type\":\"ListItem\",\"position\":3,\"name\":\"Outsourcing (sous-traintance)\",\"item\":\"https:\/\/merritt.ae\/fr\/societe\/outsourcing-sous-traitance\/\"},{\"@type\":\"ListItem\",\"position\":4,\"name\":\"Ressources humaines\"}]},{\"@type\":\"WebSite\",\"@id\":\"https:\/\/merritt.ae\/#website\",\"url\":\"https:\/\/merritt.ae\/\",\"name\":\"merritt.ae\",\"description\":\"\",\"publisher\":{\"@id\":\"https:\/\/merritt.ae\/#organization\"},\"potentialAction\":[{\"@type\":\"SearchAction\",\"target\":{\"@type\":\"EntryPoint\",\"urlTemplate\":\"https:\/\/merritt.ae\/?s={search_term_string}\"},\"query-input\":{\"@type\":\"PropertyValueSpecification\",\"valueRequired\":true,\"valueName\":\"search_term_string\"}}],\"inLanguage\":\"fr-FR\"},{\"@type\":\"Organization\",\"@id\":\"https:\/\/merritt.ae\/#organization\",\"name\":\"merritt.ae\",\"url\":\"https:\/\/merritt.ae\/\",\"logo\":{\"@type\":\"ImageObject\",\"inLanguage\":\"fr-FR\",\"@id\":\"https:\/\/merritt.ae\/#\/schema\/logo\/image\/\",\"url\":\"https:\/\/merritt.ae\/wp-content\/uploads\/2021\/11\/ME-new-featured.jpg\",\"contentUrl\":\"https:\/\/merritt.ae\/wp-content\/uploads\/2021\/11\/ME-new-featured.jpg\",\"width\":1200,\"height\":630,\"caption\":\"merritt.ae\"},\"image\":{\"@id\":\"https:\/\/merritt.ae\/#\/schema\/logo\/image\/\"}}]}<\/script>\n<!-- \/ Yoast SEO plugin. -->","yoast_head_json":{"title":"Nous externalisons pour vous tous les besoins en ressources humaines.","description":"Nous recrutons pour vous! Nous proposons un service complet de ressources humaines, nous vous accompagnons dans le recrutement, le licenciement,...","robots":{"index":"index","follow":"follow","max-snippet":"max-snippet:-1","max-image-preview":"max-image-preview:large","max-video-preview":"max-video-preview:-1"},"canonical":"https:\/\/merritt.ae\/company\/outsourcing\/human-ressources\/","og_locale":"fr_FR","og_type":"article","og_title":"Nous externalisons pour vous tous les besoins en ressources humaines.","og_description":"Nous recrutons pour vous! Nous proposons un service complet de ressources humaines, nous vous accompagnons dans le recrutement, le licenciement,...","og_url":"https:\/\/merritt.ae\/company\/outsourcing\/human-ressources\/","og_site_name":"merritt.ae","article_modified_time":"2020-02-26T12:25:04+00:00","og_image":[{"width":1200,"height":630,"url":"https:\/\/merritt.ae\/wp-content\/uploads\/2021\/11\/ME-new-featured.jpg","type":"image\/jpeg"}],"twitter_card":"summary_large_image","twitter_misc":{"Dur\u00e9e de lecture estim\u00e9e":"3 minutes"},"schema":{"@context":"https:\/\/schema.org","@graph":[{"@type":"WebPage","@id":"https:\/\/merritt.ae\/company\/outsourcing\/human-ressources\/","url":"https:\/\/merritt.ae\/company\/outsourcing\/human-ressources\/","name":"Nous externalisons pour vous tous les besoins en ressources humaines.","isPartOf":{"@id":"https:\/\/merritt.ae\/#website"},"datePublished":"2019-12-09T12:59:36+00:00","dateModified":"2020-02-26T12:25:04+00:00","description":"Nous recrutons pour vous! Nous proposons un service complet de ressources humaines, nous vous accompagnons dans le recrutement, le licenciement,...","breadcrumb":{"@id":"https:\/\/merritt.ae\/company\/outsourcing\/human-ressources\/#breadcrumb"},"inLanguage":"fr-FR","potentialAction":[{"@type":"ReadAction","target":["https:\/\/merritt.ae\/company\/outsourcing\/human-ressources\/"]}]},{"@type":"BreadcrumbList","@id":"https:\/\/merritt.ae\/company\/outsourcing\/human-ressources\/#breadcrumb","itemListElement":[{"@type":"ListItem","position":1,"name":"Home","item":"https:\/\/merritt.ae\/fr\/accueil\/"},{"@type":"ListItem","position":2,"name":"Soci\u00e9t\u00e9 \u00e0 Dubai","item":"https:\/\/merritt.ae\/fr\/societe\/"},{"@type":"ListItem","position":3,"name":"Outsourcing (sous-traintance)","item":"https:\/\/merritt.ae\/fr\/societe\/outsourcing-sous-traitance\/"},{"@type":"ListItem","position":4,"name":"Ressources humaines"}]},{"@type":"WebSite","@id":"https:\/\/merritt.ae\/#website","url":"https:\/\/merritt.ae\/","name":"merritt.ae","description":"","publisher":{"@id":"https:\/\/merritt.ae\/#organization"},"potentialAction":[{"@type":"SearchAction","target":{"@type":"EntryPoint","urlTemplate":"https:\/\/merritt.ae\/?s={search_term_string}"},"query-input":{"@type":"PropertyValueSpecification","valueRequired":true,"valueName":"search_term_string"}}],"inLanguage":"fr-FR"},{"@type":"Organization","@id":"https:\/\/merritt.ae\/#organization","name":"merritt.ae","url":"https:\/\/merritt.ae\/","logo":{"@type":"ImageObject","inLanguage":"fr-FR","@id":"https:\/\/merritt.ae\/#\/schema\/logo\/image\/","url":"https:\/\/merritt.ae\/wp-content\/uploads\/2021\/11\/ME-new-featured.jpg","contentUrl":"https:\/\/merritt.ae\/wp-content\/uploads\/2021\/11\/ME-new-featured.jpg","width":1200,"height":630,"caption":"merritt.ae"},"image":{"@id":"https:\/\/merritt.ae\/#\/schema\/logo\/image\/"}}]}},"_links":{"self":[{"href":"https:\/\/merritt.ae\/fr\/wp-json\/wp\/v2\/pages\/5412","targetHints":{"allow":["GET"]}}],"collection":[{"href":"https:\/\/merritt.ae\/fr\/wp-json\/wp\/v2\/pages"}],"about":[{"href":"https:\/\/merritt.ae\/fr\/wp-json\/wp\/v2\/types\/page"}],"author":[{"embeddable":true,"href":"https:\/\/merritt.ae\/fr\/wp-json\/wp\/v2\/users\/2"}],"replies":[{"embeddable":true,"href":"https:\/\/merritt.ae\/fr\/wp-json\/wp\/v2\/comments?post=5412"}],"version-history":[{"count":8,"href":"https:\/\/merritt.ae\/fr\/wp-json\/wp\/v2\/pages\/5412\/revisions"}],"predecessor-version":[{"id":17277,"href":"https:\/\/merritt.ae\/fr\/wp-json\/wp\/v2\/pages\/5412\/revisions\/17277"}],"up":[{"embeddable":true,"href":"https:\/\/merritt.ae\/fr\/wp-json\/wp\/v2\/pages\/5401"}],"wp:attachment":[{"href":"https:\/\/merritt.ae\/fr\/wp-json\/wp\/v2\/media?parent=5412"}],"curies":[{"name":"wp","href":"https:\/\/api.w.org\/{rel}","templated":true}]}}