{"id":5398,"date":"2019-12-09T12:58:02","date_gmt":"2019-12-09T12:58:02","guid":{"rendered":"https:\/\/merritt.ae\/?page_id=5398"},"modified":"2020-02-04T12:39:52","modified_gmt":"2020-02-04T12:39:52","slug":"aeronautique-aerospatiale","status":"publish","type":"page","link":"https:\/\/merritt.ae\/fr\/societe\/solutions-metiers\/aeronautique-aerospatiale\/","title":{"rendered":"Industrie a\u00e9ronautique et a\u00e9rospatiale"},"content":{"rendered":"<div id='full_slider_1'  class='avia-fullwidth-slider main_color avia-shadow   avia-builder-el-0  el_before_av_textblock  avia-builder-el-first   container_wrap sidebar_right'  >\n<style type=\"text\/css\" data-created_by=\"avia_inline_auto\" id=\"style-css-av-2157ty-9c5f5369d451e1e102c1030ea0daea09\">\n#top #wrap_all .avia-slideshow .av-slideshow-caption.av-2157ty-9c5f5369d451e1e102c1030ea0daea09__0 .avia-caption-title{\ncolor:#ffffff;\n}\n<\/style>\n<div  class='avia-slideshow av-2157ty-9c5f5369d451e1e102c1030ea0daea09 avia-slideshow-featured av_slideshow_full avia-slide-slider av-slideshow-ui av-control-default av-slideshow-manual av-loop-once av-loop-manual-endless av-default-height-applied   avia-slideshow-1' data-slideshow-options=\"{&quot;animation&quot;:&quot;slide&quot;,&quot;autoplay&quot;:false,&quot;loop_autoplay&quot;:&quot;once&quot;,&quot;interval&quot;:5,&quot;loop_manual&quot;:&quot;manual-endless&quot;,&quot;autoplay_stopper&quot;:false,&quot;noNavigation&quot;:false,&quot;bg_slider&quot;:false,&quot;keep_padding&quot;:false,&quot;hoverpause&quot;:false,&quot;show_slide_delay&quot;:0}\"  itemprop=\"image\" itemscope=\"itemscope\" itemtype=\"https:\/\/schema.org\/ImageObject\" ><ul class='avia-slideshow-inner ' style='padding-bottom: 28.666666666667%;'><li  class='avia-slideshow-slide av-2157ty-9c5f5369d451e1e102c1030ea0daea09__0  av-single-slide slide-1 slide-odd'><div data-rel='slideshow-1' class='avia-slide-wrap '   ><div class='av-slideshow-caption av-2157ty-9c5f5369d451e1e102c1030ea0daea09__0 caption_fullwidth caption_center caption_center_framed caption_framed'><div class=\"container caption_container\"><div class=\"slideshow_caption\"><div class=\"slideshow_inner_caption\"><div class=\"slideshow_align_caption\"><h2 class='avia-caption-title '  itemprop=\"name\" >Industrie a\u00e9ronautique et a\u00e9rospatiale<\/h2><\/div><\/div><\/div><\/div><\/div><img decoding=\"async\" fetchpriority=\"high\" class=\"wp-image-5697 avia-img-lazy-loading-not-5697\"  src=\"https:\/\/merritt.ae\/wp-content\/uploads\/2019\/12\/Marina-1500x430.jpg\" width=\"1500\" height=\"430\" title='Marina' alt=''  itemprop=\"thumbnailUrl\"   \/><\/div><\/li><\/ul><\/div><\/div><div id='after_full_slider_1'  class='main_color av_default_container_wrap container_wrap sidebar_right'  ><div class='container av-section-cont-open' ><div class='template-page content  av-content-small alpha units'><div class='post-entry post-entry-type-page post-entry-5398'><div class='entry-content-wrapper clearfix'>\n<section  class='av_textblock_section av-k4h3lrkf-22e7d5f7a87e688dc446f34496cead93 '   itemscope=\"itemscope\" itemtype=\"https:\/\/schema.org\/CreativeWork\" ><div class='avia_textblock'  itemprop=\"text\" ><p>Notre cabinet a d\u00e9velopp\u00e9 une comp\u00e9tence aupr\u00e8s de l&#8217;industrie a\u00e9ronautique et a\u00e9rospatiale.<\/p>\n<\/div><\/section>\n\n<style type=\"text\/css\" data-created_by=\"avia_inline_auto\" id=\"style-css-av-av_heading-6b9084bff74534ac577696ce2fbf6567\">\n#top .av-special-heading.av-av_heading-6b9084bff74534ac577696ce2fbf6567{\npadding-bottom:10px;\n}\nbody .av-special-heading.av-av_heading-6b9084bff74534ac577696ce2fbf6567 .av-special-heading-tag .heading-char{\nfont-size:25px;\n}\n.av-special-heading.av-av_heading-6b9084bff74534ac577696ce2fbf6567 .av-subheading{\nfont-size:15px;\n}\n<\/style>\n<div  class='av-special-heading av-av_heading-6b9084bff74534ac577696ce2fbf6567 av-special-heading-h2  avia-builder-el-2  el_after_av_textblock  el_before_av_textblock '><h2 class='av-special-heading-tag '  itemprop=\"headline\"  >USA-UAE<\/h2><div class=\"special-heading-border\"><div class=\"special-heading-inner-border\"><\/div><\/div><\/div>\n<section  class='av_textblock_section av-5v9zw6-768d7258f07bd73f41d380793d3adbaa '   itemscope=\"itemscope\" itemtype=\"https:\/\/schema.org\/CreativeWork\" ><div class='avia_textblock'  itemprop=\"text\" ><p>Notre cabinet est pr\u00e9sent aux USA (Floride) et aux Emirats.<\/p>\n<p>Nous mettons donc \u00e0 disposition de nos clients nos comp\u00e9tences dans ces 2 pays:<\/p>\n<ul>\n<li>La Floride b\u00e9n\u00e9ficie d&#8217;une grand comp\u00e9tence et historique dans la recherche et le d\u00e9veloppement sp\u00e9cial avec le site de lancement de Cap Canaveral.<\/li>\n<li>Les Emirats investissent \u00e9norm\u00e9ment dans leur capacit\u00e9 a\u00e9roportuaire et leurs compagnies a\u00e9riennes. Ils souhaitent aussi d\u00e9velopper un savoir- faire dans l&#8217;industrie spatiale.<\/li>\n<\/ul>\n<\/div><\/section>\n\n<style type=\"text\/css\" data-created_by=\"avia_inline_auto\" id=\"style-css-av-k53rvr2d-8034c71e906bc66aaf69d33997658704\">\n#top .av-special-heading.av-k53rvr2d-8034c71e906bc66aaf69d33997658704{\npadding-bottom:10px;\n}\nbody .av-special-heading.av-k53rvr2d-8034c71e906bc66aaf69d33997658704 .av-special-heading-tag .heading-char{\nfont-size:25px;\n}\n.av-special-heading.av-k53rvr2d-8034c71e906bc66aaf69d33997658704 .av-subheading{\nfont-size:15px;\n}\n<\/style>\n<div  class='av-special-heading av-k53rvr2d-8034c71e906bc66aaf69d33997658704 av-special-heading-h2  avia-builder-el-4  el_after_av_textblock  el_before_av_textblock '><h2 class='av-special-heading-tag '  itemprop=\"headline\"  >D\u00e9velopper votre activit\u00e9 aux Emirats<\/h2><div class=\"special-heading-border\"><div class=\"special-heading-inner-border\"><\/div><\/div><\/div>\n<section  class='av_textblock_section av-1tm312-2cdc9f9a7f34245b398ecc027cf297a6 '   itemscope=\"itemscope\" itemtype=\"https:\/\/schema.org\/CreativeWork\" ><div class='avia_textblock'  itemprop=\"text\" ><p>Nous vous assistons dans votre d\u00e9veloppement aux Emirats.<\/p>\n<p>Que ce soit pour cr\u00e9er une soci\u00e9t\u00e9, trouver un bureau, embaucher du personnel, nouer des partenariats avec les soci\u00e9t\u00e9s locales ou les Autorites: nous avons toutes les comp\u00e9tences pour vous aider dans votre projet.<\/p>\n<\/div><\/section>\n","protected":false},"excerpt":{"rendered":"","protected":false},"author":2,"featured_media":0,"parent":5386,"menu_order":4,"comment_status":"closed","ping_status":"closed","template":"","meta":{"inline_featured_image":false,"footnotes":""},"class_list":["post-5398","page","type-page","status-publish","hentry"],"yoast_head":"<!-- This site is optimized with the Yoast SEO plugin v27.5 - https:\/\/yoast.com\/product\/yoast-seo-wordpress\/ -->\n<title>Industrie a\u00e9ronautique et a\u00e9rospatiale USA et EAU<\/title>\n<meta name=\"description\" content=\"Nous avons cr\u00e9\u00e9 un package &quot;solutions m\u00e9tiers air et espace &quot;, clair, simple et cl\u00e9 en main: votre entreprise commence rapidement avec les bons acteurs !\" \/>\n<meta name=\"robots\" content=\"index, follow, max-snippet:-1, max-image-preview:large, max-video-preview:-1\" \/>\n<link rel=\"canonical\" href=\"https:\/\/merritt.ae\/company\/industry-solutions\/aeronautical-and-aerospace-industry\/\" \/>\n<meta property=\"og:locale\" content=\"fr_FR\" \/>\n<meta property=\"og:type\" content=\"article\" \/>\n<meta property=\"og:title\" content=\"Industrie a\u00e9ronautique et a\u00e9rospatiale USA et EAU\" \/>\n<meta property=\"og:description\" content=\"Nous avons cr\u00e9\u00e9 un package &quot;solutions m\u00e9tiers air et espace &quot;, clair, simple et cl\u00e9 en main: votre entreprise commence rapidement avec les bons acteurs !\" \/>\n<meta property=\"og:url\" content=\"https:\/\/merritt.ae\/company\/industry-solutions\/aeronautical-and-aerospace-industry\/\" \/>\n<meta property=\"og:site_name\" content=\"merritt.ae\" \/>\n<meta property=\"article:modified_time\" content=\"2020-02-04T12:39:52+00:00\" \/>\n<meta property=\"og:image\" content=\"https:\/\/merritt.ae\/wp-content\/uploads\/2021\/11\/ME-new-featured.jpg\" \/>\n\t<meta property=\"og:image:width\" content=\"1200\" \/>\n\t<meta property=\"og:image:height\" content=\"630\" \/>\n\t<meta property=\"og:image:type\" content=\"image\/jpeg\" \/>\n<meta name=\"twitter:card\" content=\"summary_large_image\" \/>\n<meta name=\"twitter:label1\" content=\"Dur\u00e9e de lecture estim\u00e9e\" \/>\n\t<meta name=\"twitter:data1\" content=\"3 minutes\" \/>\n<script type=\"application\/ld+json\" class=\"yoast-schema-graph\">{\"@context\":\"https:\\\/\\\/schema.org\",\"@graph\":[{\"@type\":\"WebPage\",\"@id\":\"https:\\\/\\\/merritt.ae\\\/company\\\/industry-solutions\\\/aeronautical-and-aerospace-industry\\\/\",\"url\":\"https:\\\/\\\/merritt.ae\\\/company\\\/industry-solutions\\\/aeronautical-and-aerospace-industry\\\/\",\"name\":\"Industrie a\u00e9ronautique et a\u00e9rospatiale USA et EAU\",\"isPartOf\":{\"@id\":\"https:\\\/\\\/merritt.ae\\\/#website\"},\"datePublished\":\"2019-12-09T12:58:02+00:00\",\"dateModified\":\"2020-02-04T12:39:52+00:00\",\"description\":\"Nous avons cr\u00e9\u00e9 un package \\\"solutions m\u00e9tiers air et espace \\\", clair, simple et cl\u00e9 en main: votre entreprise commence rapidement avec les bons acteurs !\",\"breadcrumb\":{\"@id\":\"https:\\\/\\\/merritt.ae\\\/company\\\/industry-solutions\\\/aeronautical-and-aerospace-industry\\\/#breadcrumb\"},\"inLanguage\":\"fr-FR\",\"potentialAction\":[{\"@type\":\"ReadAction\",\"target\":[\"https:\\\/\\\/merritt.ae\\\/company\\\/industry-solutions\\\/aeronautical-and-aerospace-industry\\\/\"]}]},{\"@type\":\"BreadcrumbList\",\"@id\":\"https:\\\/\\\/merritt.ae\\\/company\\\/industry-solutions\\\/aeronautical-and-aerospace-industry\\\/#breadcrumb\",\"itemListElement\":[{\"@type\":\"ListItem\",\"position\":1,\"name\":\"Home\",\"item\":\"https:\\\/\\\/merritt.ae\\\/fr\\\/accueil\\\/\"},{\"@type\":\"ListItem\",\"position\":2,\"name\":\"Soci\u00e9t\u00e9 \u00e0 Dubai\",\"item\":\"https:\\\/\\\/merritt.ae\\\/fr\\\/societe\\\/\"},{\"@type\":\"ListItem\",\"position\":3,\"name\":\"Solutions m\u00e9tiers\",\"item\":\"https:\\\/\\\/merritt.ae\\\/fr\\\/societe\\\/solutions-metiers\\\/\"},{\"@type\":\"ListItem\",\"position\":4,\"name\":\"Industrie a\u00e9ronautique et a\u00e9rospatiale\"}]},{\"@type\":\"WebSite\",\"@id\":\"https:\\\/\\\/merritt.ae\\\/#website\",\"url\":\"https:\\\/\\\/merritt.ae\\\/\",\"name\":\"merritt.ae\",\"description\":\"\",\"publisher\":{\"@id\":\"https:\\\/\\\/merritt.ae\\\/#organization\"},\"potentialAction\":[{\"@type\":\"SearchAction\",\"target\":{\"@type\":\"EntryPoint\",\"urlTemplate\":\"https:\\\/\\\/merritt.ae\\\/?s={search_term_string}\"},\"query-input\":{\"@type\":\"PropertyValueSpecification\",\"valueRequired\":true,\"valueName\":\"search_term_string\"}}],\"inLanguage\":\"fr-FR\"},{\"@type\":\"Organization\",\"@id\":\"https:\\\/\\\/merritt.ae\\\/#organization\",\"name\":\"merritt.ae\",\"url\":\"https:\\\/\\\/merritt.ae\\\/\",\"logo\":{\"@type\":\"ImageObject\",\"inLanguage\":\"fr-FR\",\"@id\":\"https:\\\/\\\/merritt.ae\\\/#\\\/schema\\\/logo\\\/image\\\/\",\"url\":\"https:\\\/\\\/merritt.ae\\\/wp-content\\\/uploads\\\/2021\\\/11\\\/ME-new-featured.jpg\",\"contentUrl\":\"https:\\\/\\\/merritt.ae\\\/wp-content\\\/uploads\\\/2021\\\/11\\\/ME-new-featured.jpg\",\"width\":1200,\"height\":630,\"caption\":\"merritt.ae\"},\"image\":{\"@id\":\"https:\\\/\\\/merritt.ae\\\/#\\\/schema\\\/logo\\\/image\\\/\"}}]}<\/script>\n<!-- \/ Yoast SEO plugin. -->","yoast_head_json":{"title":"Industrie a\u00e9ronautique et a\u00e9rospatiale USA et EAU","description":"Nous avons cr\u00e9\u00e9 un package \"solutions m\u00e9tiers air et espace \", clair, simple et cl\u00e9 en main: votre entreprise commence rapidement avec les bons acteurs !","robots":{"index":"index","follow":"follow","max-snippet":"max-snippet:-1","max-image-preview":"max-image-preview:large","max-video-preview":"max-video-preview:-1"},"canonical":"https:\/\/merritt.ae\/company\/industry-solutions\/aeronautical-and-aerospace-industry\/","og_locale":"fr_FR","og_type":"article","og_title":"Industrie a\u00e9ronautique et a\u00e9rospatiale USA et EAU","og_description":"Nous avons cr\u00e9\u00e9 un package \"solutions m\u00e9tiers air et espace \", clair, simple et cl\u00e9 en main: votre entreprise commence rapidement avec les bons acteurs !","og_url":"https:\/\/merritt.ae\/company\/industry-solutions\/aeronautical-and-aerospace-industry\/","og_site_name":"merritt.ae","article_modified_time":"2020-02-04T12:39:52+00:00","og_image":[{"width":1200,"height":630,"url":"https:\/\/merritt.ae\/wp-content\/uploads\/2021\/11\/ME-new-featured.jpg","type":"image\/jpeg"}],"twitter_card":"summary_large_image","twitter_misc":{"Dur\u00e9e de lecture estim\u00e9e":"3 minutes"},"schema":{"@context":"https:\/\/schema.org","@graph":[{"@type":"WebPage","@id":"https:\/\/merritt.ae\/company\/industry-solutions\/aeronautical-and-aerospace-industry\/","url":"https:\/\/merritt.ae\/company\/industry-solutions\/aeronautical-and-aerospace-industry\/","name":"Industrie a\u00e9ronautique et a\u00e9rospatiale USA et EAU","isPartOf":{"@id":"https:\/\/merritt.ae\/#website"},"datePublished":"2019-12-09T12:58:02+00:00","dateModified":"2020-02-04T12:39:52+00:00","description":"Nous avons cr\u00e9\u00e9 un package \"solutions m\u00e9tiers air et espace \", clair, simple et cl\u00e9 en main: votre entreprise commence rapidement avec les bons acteurs !","breadcrumb":{"@id":"https:\/\/merritt.ae\/company\/industry-solutions\/aeronautical-and-aerospace-industry\/#breadcrumb"},"inLanguage":"fr-FR","potentialAction":[{"@type":"ReadAction","target":["https:\/\/merritt.ae\/company\/industry-solutions\/aeronautical-and-aerospace-industry\/"]}]},{"@type":"BreadcrumbList","@id":"https:\/\/merritt.ae\/company\/industry-solutions\/aeronautical-and-aerospace-industry\/#breadcrumb","itemListElement":[{"@type":"ListItem","position":1,"name":"Home","item":"https:\/\/merritt.ae\/fr\/accueil\/"},{"@type":"ListItem","position":2,"name":"Soci\u00e9t\u00e9 \u00e0 Dubai","item":"https:\/\/merritt.ae\/fr\/societe\/"},{"@type":"ListItem","position":3,"name":"Solutions m\u00e9tiers","item":"https:\/\/merritt.ae\/fr\/societe\/solutions-metiers\/"},{"@type":"ListItem","position":4,"name":"Industrie a\u00e9ronautique et a\u00e9rospatiale"}]},{"@type":"WebSite","@id":"https:\/\/merritt.ae\/#website","url":"https:\/\/merritt.ae\/","name":"merritt.ae","description":"","publisher":{"@id":"https:\/\/merritt.ae\/#organization"},"potentialAction":[{"@type":"SearchAction","target":{"@type":"EntryPoint","urlTemplate":"https:\/\/merritt.ae\/?s={search_term_string}"},"query-input":{"@type":"PropertyValueSpecification","valueRequired":true,"valueName":"search_term_string"}}],"inLanguage":"fr-FR"},{"@type":"Organization","@id":"https:\/\/merritt.ae\/#organization","name":"merritt.ae","url":"https:\/\/merritt.ae\/","logo":{"@type":"ImageObject","inLanguage":"fr-FR","@id":"https:\/\/merritt.ae\/#\/schema\/logo\/image\/","url":"https:\/\/merritt.ae\/wp-content\/uploads\/2021\/11\/ME-new-featured.jpg","contentUrl":"https:\/\/merritt.ae\/wp-content\/uploads\/2021\/11\/ME-new-featured.jpg","width":1200,"height":630,"caption":"merritt.ae"},"image":{"@id":"https:\/\/merritt.ae\/#\/schema\/logo\/image\/"}}]}},"_links":{"self":[{"href":"https:\/\/merritt.ae\/fr\/wp-json\/wp\/v2\/pages\/5398","targetHints":{"allow":["GET"]}}],"collection":[{"href":"https:\/\/merritt.ae\/fr\/wp-json\/wp\/v2\/pages"}],"about":[{"href":"https:\/\/merritt.ae\/fr\/wp-json\/wp\/v2\/types\/page"}],"author":[{"embeddable":true,"href":"https:\/\/merritt.ae\/fr\/wp-json\/wp\/v2\/users\/2"}],"replies":[{"embeddable":true,"href":"https:\/\/merritt.ae\/fr\/wp-json\/wp\/v2\/comments?post=5398"}],"version-history":[{"count":8,"href":"https:\/\/merritt.ae\/fr\/wp-json\/wp\/v2\/pages\/5398\/revisions"}],"predecessor-version":[{"id":17228,"href":"https:\/\/merritt.ae\/fr\/wp-json\/wp\/v2\/pages\/5398\/revisions\/17228"}],"up":[{"embeddable":true,"href":"https:\/\/merritt.ae\/fr\/wp-json\/wp\/v2\/pages\/5386"}],"wp:attachment":[{"href":"https:\/\/merritt.ae\/fr\/wp-json\/wp\/v2\/media?parent=5398"}],"curies":[{"name":"wp","href":"https:\/\/api.w.org\/{rel}","templated":true}]}}