{"id":5395,"date":"2019-12-09T12:57:44","date_gmt":"2019-12-09T12:57:44","guid":{"rendered":"https:\/\/merritt.ae\/?page_id=5395"},"modified":"2020-02-04T12:39:59","modified_gmt":"2020-02-04T12:39:59","slug":"sportifs-internationaux","status":"publish","type":"page","link":"https:\/\/merritt.ae\/fr\/societe\/solutions-metiers\/sportifs-internationaux\/","title":{"rendered":"Sportifs internationaux"},"content":{"rendered":"<div id='full_slider_1'  class='avia-fullwidth-slider main_color avia-shadow   avia-builder-el-0  el_before_av_textblock  avia-builder-el-first   container_wrap sidebar_right'  >\n<style type=\"text\/css\" data-created_by=\"avia_inline_auto\" id=\"style-css-av-1tl85v-808e5a840fb57ea6b8f144e582d4c317\">\n#top #wrap_all .avia-slideshow .av-slideshow-caption.av-1tl85v-808e5a840fb57ea6b8f144e582d4c317__0 .avia-caption-title{\ncolor:#ffffff;\n}\n<\/style>\n<div  class='avia-slideshow av-1tl85v-808e5a840fb57ea6b8f144e582d4c317 avia-slideshow-featured av_slideshow_full avia-slide-slider av-slideshow-ui av-control-default av-slideshow-manual av-loop-once av-loop-manual-endless av-default-height-applied   avia-slideshow-1' data-slideshow-options=\"{&quot;animation&quot;:&quot;slide&quot;,&quot;autoplay&quot;:false,&quot;loop_autoplay&quot;:&quot;once&quot;,&quot;interval&quot;:5,&quot;loop_manual&quot;:&quot;manual-endless&quot;,&quot;autoplay_stopper&quot;:false,&quot;noNavigation&quot;:false,&quot;bg_slider&quot;:false,&quot;keep_padding&quot;:false,&quot;hoverpause&quot;:false,&quot;show_slide_delay&quot;:0}\"  itemprop=\"image\" itemscope=\"itemscope\" itemtype=\"https:\/\/schema.org\/ImageObject\" ><ul class='avia-slideshow-inner ' style='padding-bottom: 28.666666666667%;'><li  class='avia-slideshow-slide av-1tl85v-808e5a840fb57ea6b8f144e582d4c317__0  av-single-slide slide-1 slide-odd'><div data-rel='slideshow-1' class='avia-slide-wrap '   ><div class='av-slideshow-caption av-1tl85v-808e5a840fb57ea6b8f144e582d4c317__0 caption_fullwidth caption_center caption_center_framed caption_framed'><div class=\"container caption_container\"><div class=\"slideshow_caption\"><div class=\"slideshow_inner_caption\"><div class=\"slideshow_align_caption\"><h2 class='avia-caption-title '  itemprop=\"name\" >Sportifs internationaux<\/h2><\/div><\/div><\/div><\/div><\/div><img decoding=\"async\" fetchpriority=\"high\" class=\"wp-image-5697 avia-img-lazy-loading-not-5697\"  src=\"https:\/\/merritt.ae\/wp-content\/uploads\/2019\/12\/Marina-1500x430.jpg\" width=\"1500\" height=\"430\" title='Marina' alt=''  itemprop=\"thumbnailUrl\"   \/><\/div><\/li><\/ul><\/div><\/div><div id='after_full_slider_1'  class='main_color av_default_container_wrap container_wrap sidebar_right'  ><div class='container av-section-cont-open' ><div class='template-page content  av-content-small alpha units'><div class='post-entry post-entry-type-page post-entry-5395'><div class='entry-content-wrapper clearfix'>\n<section  class='av_textblock_section av-k4h24hvj-3a3f3985d07bb4e0139eddefb4754bdb '   itemscope=\"itemscope\" itemtype=\"https:\/\/schema.org\/CreativeWork\" ><div class='avia_textblock'  itemprop=\"text\" ><section class=\"av_textblock_section \">\n<div class=\"avia_textblock \">\n<p>Notre cabinet est le premier accompagnateur des sportifs de haut niveau francophones (en activit\u00e9 ou en &#8220;retraite&#8221;) qui r\u00e9sident \u00e0 Duba\u00ef.<\/p>\n<p>Nous avons donc mis en place une solution sp\u00e9cialement con\u00e7us pour eux.<\/p>\n<\/div>\n<\/section>\n<\/div><\/section>\n\n<style type=\"text\/css\" data-created_by=\"avia_inline_auto\" id=\"style-css-av-av_heading-300ee2393c2985d312de1e4ddd3be9dd\">\n#top .av-special-heading.av-av_heading-300ee2393c2985d312de1e4ddd3be9dd{\npadding-bottom:10px;\n}\nbody .av-special-heading.av-av_heading-300ee2393c2985d312de1e4ddd3be9dd .av-special-heading-tag .heading-char{\nfont-size:25px;\n}\n.av-special-heading.av-av_heading-300ee2393c2985d312de1e4ddd3be9dd .av-subheading{\nfont-size:15px;\n}\n<\/style>\n<div  class='av-special-heading av-av_heading-300ee2393c2985d312de1e4ddd3be9dd av-special-heading-h2  avia-builder-el-2  el_after_av_textblock  el_before_av_textblock '><h2 class='av-special-heading-tag '  itemprop=\"headline\"  >Cr\u00e9er et d\u00e9velopper sa soci\u00e9t\u00e9<\/h2><div class=\"special-heading-border\"><div class=\"special-heading-inner-border\"><\/div><\/div><\/div>\n<section  class='av_textblock_section av-k4h24y1w-be16b290ec766a73690c31dcd03be5dd '   itemscope=\"itemscope\" itemtype=\"https:\/\/schema.org\/CreativeWork\" ><div class='avia_textblock'  itemprop=\"text\" ><section class=\"av_textblock_section \">\n<div class=\"avia_textblock \">\n<p>Nous cr\u00e9ons une soci\u00e9t\u00e9 Free-zone qui permettra aux sportifs de facturer leurs prestations (marketing, placement de marques) ou de recevoir le produit de leurs ventes (commission, interm\u00e9diation).<\/p>\n<p>Nous accompagnons aussi le sportif pour l\u2019ouverture d\u2019un compte bancaire professionnel.<\/p>\n<p>Nous pouvons aussi intervenir pour la r\u00e9daction et la validation des contrats commerciaux.<\/p>\n<p>Nous nous chargeons de la comptabilit\u00e9 et le cas \u00e9ch\u00e9ant de l\u2019audit annuel des comptes et des d\u00e9clarations TVA (si applicables).<\/p>\n<\/div>\n<\/section>\n<\/div><\/section>\n\n<style type=\"text\/css\" data-created_by=\"avia_inline_auto\" id=\"style-css-av-av_heading-48573c08ec21df1273e3cee4b8f85f8c\">\n#top .av-special-heading.av-av_heading-48573c08ec21df1273e3cee4b8f85f8c{\npadding-bottom:10px;\n}\nbody .av-special-heading.av-av_heading-48573c08ec21df1273e3cee4b8f85f8c .av-special-heading-tag .heading-char{\nfont-size:25px;\n}\n.av-special-heading.av-av_heading-48573c08ec21df1273e3cee4b8f85f8c .av-subheading{\nfont-size:15px;\n}\n<\/style>\n<div  class='av-special-heading av-av_heading-48573c08ec21df1273e3cee4b8f85f8c av-special-heading-h2  avia-builder-el-4  el_after_av_textblock  el_before_av_textblock '><h2 class='av-special-heading-tag '  itemprop=\"headline\"  >R\u00e9sider \u00e0 Duba\u00ef<\/h2><div class=\"special-heading-border\"><div class=\"special-heading-inner-border\"><\/div><\/div><\/div>\n<section  class='av_textblock_section av-k4h27qji-41b12fa74d8c50830c3baff6511a262c '   itemscope=\"itemscope\" itemtype=\"https:\/\/schema.org\/CreativeWork\" ><div class='avia_textblock'  itemprop=\"text\" ><section class=\"av_textblock_section \">\n<div class=\"avia_textblock \">\n<p>La cr\u00e9ation d\u2019une soci\u00e9t\u00e9 Free-zone permettra d\u2019obtenir un visa de r\u00e9sidence, une EmiratesID (carte d\u2019identit\u00e9 des Emirats) et un permis de conduire local.<\/p>\n<p>Nous accompagnons aussi le sportif pour l\u2019ouverture d\u2019un compte bancaire personnel.<\/p>\n<p>Nous conseillons aussi sur le choix de l\u2019assurance sant\u00e9, logement et voiture.<\/p>\n<p>Si n\u00e9cessaire, nous pouvons aussi mettre en relation avec un agent immobilier pour le recherche d\u2019un bien \u00e0 Duba\u00ef.<\/p>\n<\/div>\n<\/section>\n<\/div><\/section>\n\n<style type=\"text\/css\" data-created_by=\"avia_inline_auto\" id=\"style-css-av-av_heading-76a76d95f3692d2f16bb2c65c0147137\">\n#top .av-special-heading.av-av_heading-76a76d95f3692d2f16bb2c65c0147137{\npadding-bottom:10px;\n}\nbody .av-special-heading.av-av_heading-76a76d95f3692d2f16bb2c65c0147137 .av-special-heading-tag .heading-char{\nfont-size:25px;\n}\n.av-special-heading.av-av_heading-76a76d95f3692d2f16bb2c65c0147137 .av-subheading{\nfont-size:15px;\n}\n<\/style>\n<div  class='av-special-heading av-av_heading-76a76d95f3692d2f16bb2c65c0147137 av-special-heading-h2  avia-builder-el-6  el_after_av_textblock  el_before_av_textblock '><h2 class='av-special-heading-tag '  itemprop=\"headline\"  >Placer sur le long terme<\/h2><div class=\"special-heading-border\"><div class=\"special-heading-inner-border\"><\/div><\/div><\/div>\n<section  class='av_textblock_section av-k4h28g6i-d85bed18f14cc6ea3f89323e87cff564 '   itemscope=\"itemscope\" itemtype=\"https:\/\/schema.org\/CreativeWork\" ><div class='avia_textblock'  itemprop=\"text\" ><section class=\"av_textblock_section \">\n<div class=\"avia_textblock \">\n<p>Les sportifs sont souvent jeunes et leurs revenus futurs n\u2019offrent parfois pas de visibilit\u00e9 sur le long-terme. Ou bien ils ont termin\u00e9 leur carri\u00e8re sportive et doivent assurer leur avenir avec les gains per\u00e7us.<\/p>\n<p>Nous les formons pour constituer des placements financiers dont ils ont la ma\u00eetrise totale (pas d\u2019interm\u00e9diaire). Les placements sont simples et liquides. Nous appliquons pour cela les recommandations de John C. Bogle (fondateur de <em>The Vanguard Group<\/em>, class\u00e9e deuxi\u00e8me soci\u00e9t\u00e9 de gestion en ce qui concerne les actifs sous gestion, et consid\u00e9r\u00e9 comme le p\u00e8re des fonds indiciels).<\/p>\n<p>Un compte titre aupr\u00e8s d\u2019une soci\u00e9t\u00e9 de courtage reconnue (Interactive Broker, Saxo Bank, Internaxx, SwissQuote) sera ouvert au nom de l\u2019influenceur (encore une fois pas d\u2019interm\u00e9diaire). Le portefeuille sera constitu\u00e9 de titres liquides (appel\u00e9s ETF) cot\u00e9s en Irlande (fiscalit\u00e9 optimis\u00e9e pour les r\u00e9sidents des Emirats). Les titres \u00e0 s\u00e9lectionner et leur r\u00e9partition (actions\/obligations) seront expliqu\u00e9s pour que l\u2019influenceur d\u00e9cide par lui-m\u00eame en comprenant ses investissements.<\/p>\n<p>Il ne s\u2019agit aucunement de sp\u00e9culation, la philosophie de base de John C. Bogle est que sur le long terme il est impossible de battre le march\u00e9. La seule fa\u00e7on qui peut faire fructifier son argent sur le long terme est de suivre une strat\u00e9gie \u201cAcheter et conserver\u201d.<\/p>\n<p>Cette approche nous semble pertinente pour des sportifs jeunes qui cherchent un placement fiable \u00e0 long terme sans avoir une formation en finance.<\/p>\n<\/div>\n<\/section>\n<\/div><\/section>\n\n<style type=\"text\/css\" data-created_by=\"avia_inline_auto\" id=\"style-css-av-av_heading-936f7262722850beb89181f489f08329\">\n#top .av-special-heading.av-av_heading-936f7262722850beb89181f489f08329{\npadding-bottom:10px;\n}\nbody .av-special-heading.av-av_heading-936f7262722850beb89181f489f08329 .av-special-heading-tag .heading-char{\nfont-size:25px;\n}\n.av-special-heading.av-av_heading-936f7262722850beb89181f489f08329 .av-subheading{\nfont-size:15px;\n}\n<\/style>\n<div  class='av-special-heading av-av_heading-936f7262722850beb89181f489f08329 av-special-heading-h2  avia-builder-el-8  el_after_av_textblock  el_before_av_textblock '><h2 class='av-special-heading-tag '  itemprop=\"headline\"  >Synth\u00e8se du package<\/h2><div class=\"special-heading-border\"><div class=\"special-heading-inner-border\"><\/div><\/div><\/div>\n<section  class='av_textblock_section av-k4h28g6i-d85bed18f14cc6ea3f89323e87cff564 '   itemscope=\"itemscope\" itemtype=\"https:\/\/schema.org\/CreativeWork\" ><div class='avia_textblock'  itemprop=\"text\" ><section class=\"av_textblock_section \">\n<div class=\"avia_textblock \">\n<p><img loading=\"lazy\" decoding=\"async\" class=\"aligncenter wp-image-8224 size-full\" src=\"https:\/\/merritt.ae\/wp-content\/uploads\/2020\/01\/solution-Influenceurs-sport.jpg\" alt=\"\" width=\"2559\" height=\"1440\" srcset=\"https:\/\/merritt.ae\/wp-content\/uploads\/2020\/01\/solution-Influenceurs-sport.jpg 2559w, https:\/\/merritt.ae\/wp-content\/uploads\/2020\/01\/solution-Influenceurs-sport-300x169.jpg 300w, https:\/\/merritt.ae\/wp-content\/uploads\/2020\/01\/solution-Influenceurs-sport-1030x580.jpg 1030w, https:\/\/merritt.ae\/wp-content\/uploads\/2020\/01\/solution-Influenceurs-sport-768x432.jpg 768w, https:\/\/merritt.ae\/wp-content\/uploads\/2020\/01\/solution-Influenceurs-sport-1536x864.jpg 1536w, https:\/\/merritt.ae\/wp-content\/uploads\/2020\/01\/solution-Influenceurs-sport-2048x1152.jpg 2048w, https:\/\/merritt.ae\/wp-content\/uploads\/2020\/01\/solution-Influenceurs-sport-1500x844.jpg 1500w, https:\/\/merritt.ae\/wp-content\/uploads\/2020\/01\/solution-Influenceurs-sport-705x397.jpg 705w, https:\/\/merritt.ae\/wp-content\/uploads\/2020\/01\/solution-Influenceurs-sport-450x253.jpg 450w\" sizes=\"auto, (max-width: 2559px) 100vw, 2559px\" \/><\/p>\n<\/div>\n<\/section>\n<\/div><\/section>\n","protected":false},"excerpt":{"rendered":"","protected":false},"author":2,"featured_media":0,"parent":5386,"menu_order":3,"comment_status":"closed","ping_status":"closed","template":"","meta":{"inline_featured_image":false,"footnotes":""},"class_list":["post-5395","page","type-page","status-publish","hentry"],"yoast_head":"<!-- This site is optimized with the Yoast SEO plugin v26.9 - https:\/\/yoast.com\/product\/yoast-seo-wordpress\/ -->\n<title>Sportif professionnel internationnal: venez vivre \u00e0 Duba\u00ef !<\/title>\n<meta name=\"description\" content=\"Nous avons cr\u00e9\u00e9 un package &quot;solutions m\u00e9tiers du sport&quot;, clair, simple et pr\u00eat: avoir votre entreprise, vivre \u00e0 Duba\u00ef et faire fructifier votre argent.\" \/>\n<meta name=\"robots\" content=\"index, follow, max-snippet:-1, max-image-preview:large, max-video-preview:-1\" \/>\n<link rel=\"canonical\" href=\"https:\/\/merritt.ae\/company\/industry-solutions\/international-athletes\/\" \/>\n<meta property=\"og:locale\" content=\"fr_FR\" \/>\n<meta property=\"og:type\" content=\"article\" \/>\n<meta property=\"og:title\" content=\"Sportif professionnel internationnal: venez vivre \u00e0 Duba\u00ef !\" \/>\n<meta property=\"og:description\" content=\"Nous avons cr\u00e9\u00e9 un package &quot;solutions m\u00e9tiers du sport&quot;, clair, simple et pr\u00eat: avoir votre entreprise, vivre \u00e0 Duba\u00ef et faire fructifier votre argent.\" \/>\n<meta property=\"og:url\" content=\"https:\/\/merritt.ae\/company\/industry-solutions\/international-athletes\/\" \/>\n<meta property=\"og:site_name\" content=\"merritt.ae\" \/>\n<meta property=\"article:modified_time\" content=\"2020-02-04T12:39:59+00:00\" \/>\n<meta property=\"og:image\" content=\"https:\/\/merritt.ae\/wp-content\/uploads\/2020\/01\/solution-Influenceurs-sport.jpg\" \/>\n<meta name=\"twitter:card\" content=\"summary_large_image\" \/>\n<meta name=\"twitter:label1\" content=\"Dur\u00e9e de lecture estim\u00e9e\" \/>\n\t<meta name=\"twitter:data1\" content=\"5 minutes\" \/>\n<script type=\"application\/ld+json\" class=\"yoast-schema-graph\">{\"@context\":\"https:\/\/schema.org\",\"@graph\":[{\"@type\":\"WebPage\",\"@id\":\"https:\/\/merritt.ae\/company\/industry-solutions\/international-athletes\/\",\"url\":\"https:\/\/merritt.ae\/company\/industry-solutions\/international-athletes\/\",\"name\":\"Sportif professionnel internationnal: venez vivre \u00e0 Duba\u00ef !\",\"isPartOf\":{\"@id\":\"https:\/\/merritt.ae\/#website\"},\"primaryImageOfPage\":{\"@id\":\"https:\/\/merritt.ae\/company\/industry-solutions\/international-athletes\/#primaryimage\"},\"image\":{\"@id\":\"https:\/\/merritt.ae\/company\/industry-solutions\/international-athletes\/#primaryimage\"},\"thumbnailUrl\":\"https:\/\/merritt.ae\/wp-content\/uploads\/2020\/01\/solution-Influenceurs-sport.jpg\",\"datePublished\":\"2019-12-09T12:57:44+00:00\",\"dateModified\":\"2020-02-04T12:39:59+00:00\",\"description\":\"Nous avons cr\u00e9\u00e9 un package \\\"solutions m\u00e9tiers du sport\\\", clair, simple et pr\u00eat: avoir votre entreprise, vivre \u00e0 Duba\u00ef et faire fructifier votre argent.\",\"breadcrumb\":{\"@id\":\"https:\/\/merritt.ae\/company\/industry-solutions\/international-athletes\/#breadcrumb\"},\"inLanguage\":\"fr-FR\",\"potentialAction\":[{\"@type\":\"ReadAction\",\"target\":[\"https:\/\/merritt.ae\/company\/industry-solutions\/international-athletes\/\"]}]},{\"@type\":\"ImageObject\",\"inLanguage\":\"fr-FR\",\"@id\":\"https:\/\/merritt.ae\/company\/industry-solutions\/international-athletes\/#primaryimage\",\"url\":\"https:\/\/merritt.ae\/wp-content\/uploads\/2020\/01\/solution-Influenceurs-sport.jpg\",\"contentUrl\":\"https:\/\/merritt.ae\/wp-content\/uploads\/2020\/01\/solution-Influenceurs-sport.jpg\"},{\"@type\":\"BreadcrumbList\",\"@id\":\"https:\/\/merritt.ae\/company\/industry-solutions\/international-athletes\/#breadcrumb\",\"itemListElement\":[{\"@type\":\"ListItem\",\"position\":1,\"name\":\"Home\",\"item\":\"https:\/\/merritt.ae\/fr\/accueil\/\"},{\"@type\":\"ListItem\",\"position\":2,\"name\":\"Soci\u00e9t\u00e9 \u00e0 Dubai\",\"item\":\"https:\/\/merritt.ae\/fr\/societe\/\"},{\"@type\":\"ListItem\",\"position\":3,\"name\":\"Solutions m\u00e9tiers\",\"item\":\"https:\/\/merritt.ae\/fr\/societe\/solutions-metiers\/\"},{\"@type\":\"ListItem\",\"position\":4,\"name\":\"Sportifs internationaux\"}]},{\"@type\":\"WebSite\",\"@id\":\"https:\/\/merritt.ae\/#website\",\"url\":\"https:\/\/merritt.ae\/\",\"name\":\"merritt.ae\",\"description\":\"\",\"publisher\":{\"@id\":\"https:\/\/merritt.ae\/#organization\"},\"potentialAction\":[{\"@type\":\"SearchAction\",\"target\":{\"@type\":\"EntryPoint\",\"urlTemplate\":\"https:\/\/merritt.ae\/?s={search_term_string}\"},\"query-input\":{\"@type\":\"PropertyValueSpecification\",\"valueRequired\":true,\"valueName\":\"search_term_string\"}}],\"inLanguage\":\"fr-FR\"},{\"@type\":\"Organization\",\"@id\":\"https:\/\/merritt.ae\/#organization\",\"name\":\"merritt.ae\",\"url\":\"https:\/\/merritt.ae\/\",\"logo\":{\"@type\":\"ImageObject\",\"inLanguage\":\"fr-FR\",\"@id\":\"https:\/\/merritt.ae\/#\/schema\/logo\/image\/\",\"url\":\"https:\/\/merritt.ae\/wp-content\/uploads\/2021\/11\/ME-new-featured.jpg\",\"contentUrl\":\"https:\/\/merritt.ae\/wp-content\/uploads\/2021\/11\/ME-new-featured.jpg\",\"width\":1200,\"height\":630,\"caption\":\"merritt.ae\"},\"image\":{\"@id\":\"https:\/\/merritt.ae\/#\/schema\/logo\/image\/\"}}]}<\/script>\n<!-- \/ Yoast SEO plugin. -->","yoast_head_json":{"title":"Sportif professionnel internationnal: venez vivre \u00e0 Duba\u00ef !","description":"Nous avons cr\u00e9\u00e9 un package \"solutions m\u00e9tiers du sport\", clair, simple et pr\u00eat: avoir votre entreprise, vivre \u00e0 Duba\u00ef et faire fructifier votre argent.","robots":{"index":"index","follow":"follow","max-snippet":"max-snippet:-1","max-image-preview":"max-image-preview:large","max-video-preview":"max-video-preview:-1"},"canonical":"https:\/\/merritt.ae\/company\/industry-solutions\/international-athletes\/","og_locale":"fr_FR","og_type":"article","og_title":"Sportif professionnel internationnal: venez vivre \u00e0 Duba\u00ef !","og_description":"Nous avons cr\u00e9\u00e9 un package \"solutions m\u00e9tiers du sport\", clair, simple et pr\u00eat: avoir votre entreprise, vivre \u00e0 Duba\u00ef et faire fructifier votre argent.","og_url":"https:\/\/merritt.ae\/company\/industry-solutions\/international-athletes\/","og_site_name":"merritt.ae","article_modified_time":"2020-02-04T12:39:59+00:00","og_image":[{"url":"https:\/\/merritt.ae\/wp-content\/uploads\/2020\/01\/solution-Influenceurs-sport.jpg","type":"","width":"","height":""}],"twitter_card":"summary_large_image","twitter_misc":{"Dur\u00e9e de lecture estim\u00e9e":"5 minutes"},"schema":{"@context":"https:\/\/schema.org","@graph":[{"@type":"WebPage","@id":"https:\/\/merritt.ae\/company\/industry-solutions\/international-athletes\/","url":"https:\/\/merritt.ae\/company\/industry-solutions\/international-athletes\/","name":"Sportif professionnel internationnal: venez vivre \u00e0 Duba\u00ef !","isPartOf":{"@id":"https:\/\/merritt.ae\/#website"},"primaryImageOfPage":{"@id":"https:\/\/merritt.ae\/company\/industry-solutions\/international-athletes\/#primaryimage"},"image":{"@id":"https:\/\/merritt.ae\/company\/industry-solutions\/international-athletes\/#primaryimage"},"thumbnailUrl":"https:\/\/merritt.ae\/wp-content\/uploads\/2020\/01\/solution-Influenceurs-sport.jpg","datePublished":"2019-12-09T12:57:44+00:00","dateModified":"2020-02-04T12:39:59+00:00","description":"Nous avons cr\u00e9\u00e9 un package \"solutions m\u00e9tiers du sport\", clair, simple et pr\u00eat: avoir votre entreprise, vivre \u00e0 Duba\u00ef et faire fructifier votre argent.","breadcrumb":{"@id":"https:\/\/merritt.ae\/company\/industry-solutions\/international-athletes\/#breadcrumb"},"inLanguage":"fr-FR","potentialAction":[{"@type":"ReadAction","target":["https:\/\/merritt.ae\/company\/industry-solutions\/international-athletes\/"]}]},{"@type":"ImageObject","inLanguage":"fr-FR","@id":"https:\/\/merritt.ae\/company\/industry-solutions\/international-athletes\/#primaryimage","url":"https:\/\/merritt.ae\/wp-content\/uploads\/2020\/01\/solution-Influenceurs-sport.jpg","contentUrl":"https:\/\/merritt.ae\/wp-content\/uploads\/2020\/01\/solution-Influenceurs-sport.jpg"},{"@type":"BreadcrumbList","@id":"https:\/\/merritt.ae\/company\/industry-solutions\/international-athletes\/#breadcrumb","itemListElement":[{"@type":"ListItem","position":1,"name":"Home","item":"https:\/\/merritt.ae\/fr\/accueil\/"},{"@type":"ListItem","position":2,"name":"Soci\u00e9t\u00e9 \u00e0 Dubai","item":"https:\/\/merritt.ae\/fr\/societe\/"},{"@type":"ListItem","position":3,"name":"Solutions m\u00e9tiers","item":"https:\/\/merritt.ae\/fr\/societe\/solutions-metiers\/"},{"@type":"ListItem","position":4,"name":"Sportifs internationaux"}]},{"@type":"WebSite","@id":"https:\/\/merritt.ae\/#website","url":"https:\/\/merritt.ae\/","name":"merritt.ae","description":"","publisher":{"@id":"https:\/\/merritt.ae\/#organization"},"potentialAction":[{"@type":"SearchAction","target":{"@type":"EntryPoint","urlTemplate":"https:\/\/merritt.ae\/?s={search_term_string}"},"query-input":{"@type":"PropertyValueSpecification","valueRequired":true,"valueName":"search_term_string"}}],"inLanguage":"fr-FR"},{"@type":"Organization","@id":"https:\/\/merritt.ae\/#organization","name":"merritt.ae","url":"https:\/\/merritt.ae\/","logo":{"@type":"ImageObject","inLanguage":"fr-FR","@id":"https:\/\/merritt.ae\/#\/schema\/logo\/image\/","url":"https:\/\/merritt.ae\/wp-content\/uploads\/2021\/11\/ME-new-featured.jpg","contentUrl":"https:\/\/merritt.ae\/wp-content\/uploads\/2021\/11\/ME-new-featured.jpg","width":1200,"height":630,"caption":"merritt.ae"},"image":{"@id":"https:\/\/merritt.ae\/#\/schema\/logo\/image\/"}}]}},"_links":{"self":[{"href":"https:\/\/merritt.ae\/fr\/wp-json\/wp\/v2\/pages\/5395","targetHints":{"allow":["GET"]}}],"collection":[{"href":"https:\/\/merritt.ae\/fr\/wp-json\/wp\/v2\/pages"}],"about":[{"href":"https:\/\/merritt.ae\/fr\/wp-json\/wp\/v2\/types\/page"}],"author":[{"embeddable":true,"href":"https:\/\/merritt.ae\/fr\/wp-json\/wp\/v2\/users\/2"}],"replies":[{"embeddable":true,"href":"https:\/\/merritt.ae\/fr\/wp-json\/wp\/v2\/comments?post=5395"}],"version-history":[{"count":10,"href":"https:\/\/merritt.ae\/fr\/wp-json\/wp\/v2\/pages\/5395\/revisions"}],"predecessor-version":[{"id":17222,"href":"https:\/\/merritt.ae\/fr\/wp-json\/wp\/v2\/pages\/5395\/revisions\/17222"}],"up":[{"embeddable":true,"href":"https:\/\/merritt.ae\/fr\/wp-json\/wp\/v2\/pages\/5386"}],"wp:attachment":[{"href":"https:\/\/merritt.ae\/fr\/wp-json\/wp\/v2\/media?parent=5395"}],"curies":[{"name":"wp","href":"https:\/\/api.w.org\/{rel}","templated":true}]}}