{"id":5380,"date":"2019-12-09T12:55:52","date_gmt":"2019-12-09T12:55:52","guid":{"rendered":"https:\/\/merritt.ae\/?page_id=5380"},"modified":"2022-08-25T13:54:01","modified_gmt":"2022-08-25T09:54:01","slug":"succession","status":"publish","type":"page","link":"https:\/\/merritt.ae\/fr\/juridique\/succession\/","title":{"rendered":"Succession"},"content":{"rendered":"<div id='full_slider_1'  class='avia-fullwidth-slider main_color avia-shadow   avia-builder-el-0  el_before_av_textblock  avia-builder-el-first   container_wrap sidebar_right'  >\n<style type=\"text\/css\" data-created_by=\"avia_inline_auto\" id=\"style-css-av-k4mm6kp0-fc65da1ef6fc787ae7cce4d537261183\">\n#top #wrap_all .avia-slideshow .av-slideshow-caption.av-k4mm6kp0-fc65da1ef6fc787ae7cce4d537261183__0 .avia-caption-title{\ncolor:#ffffff;\n}\n<\/style>\n<div  class='avia-slideshow av-k4mm6kp0-fc65da1ef6fc787ae7cce4d537261183 avia-slideshow-featured av_slideshow_full avia-slide-slider av-slideshow-ui av-control-default av-slideshow-manual av-loop-once av-loop-manual-endless av-default-height-applied   avia-slideshow-1' data-slideshow-options=\"{&quot;animation&quot;:&quot;slide&quot;,&quot;autoplay&quot;:false,&quot;loop_autoplay&quot;:&quot;once&quot;,&quot;interval&quot;:5,&quot;loop_manual&quot;:&quot;manual-endless&quot;,&quot;autoplay_stopper&quot;:false,&quot;noNavigation&quot;:false,&quot;bg_slider&quot;:false,&quot;keep_padding&quot;:false,&quot;hoverpause&quot;:false,&quot;show_slide_delay&quot;:0}\"  itemprop=\"image\" itemscope=\"itemscope\" itemtype=\"https:\/\/schema.org\/ImageObject\" ><ul class='avia-slideshow-inner ' style='padding-bottom: 28.666666666667%;'><li  class='avia-slideshow-slide av-k4mm6kp0-fc65da1ef6fc787ae7cce4d537261183__0  av-single-slide slide-1 slide-odd'><div data-rel='slideshow-1' class='avia-slide-wrap '   ><div class='av-slideshow-caption av-k4mm6kp0-fc65da1ef6fc787ae7cce4d537261183__0 caption_fullwidth caption_center caption_center_framed caption_framed'><div class=\"container caption_container\"><div class=\"slideshow_caption\"><div class=\"slideshow_inner_caption\"><div class=\"slideshow_align_caption\"><h2 class='avia-caption-title '  itemprop=\"name\" >Loi sur les successions \u00e0 Duba\u00ef (aux \u00c9mirats Arabes Unis) pour les expatri\u00e9s non-musulmans (testament \u00e0 Dubai)<\/h2><\/div><\/div><\/div><\/div><\/div><img decoding=\"async\" fetchpriority=\"high\" class=\"wp-image-5700 avia-img-lazy-loading-not-5700\"  src=\"https:\/\/merritt.ae\/wp-content\/uploads\/2019\/12\/skyline-1500x430.jpg\" width=\"1500\" height=\"430\" title='skyline' alt=''  itemprop=\"thumbnailUrl\"   \/><\/div><\/li><\/ul><\/div><\/div><div id='after_full_slider_1'  class='main_color av_default_container_wrap container_wrap sidebar_right'  ><div class='container av-section-cont-open' ><div class='template-page content  av-content-small alpha units'><div class='post-entry post-entry-type-page post-entry-5380'><div class='entry-content-wrapper clearfix'>\n<section  class='av_textblock_section av-k4sogi8k-a691ef53c61aad1a3ba87874755318d5 '   itemscope=\"itemscope\" itemtype=\"https:\/\/schema.org\/CreativeWork\" ><div class='avia_textblock'  itemprop=\"text\" ><p>Nous avons une exp\u00e9rience consolid\u00e9e et une connaissance approfondie des lois f\u00e9d\u00e9rales en vigueur aux Emirats arabes unis en mati\u00e8re de succession pour les non-musulmans ainsi que du droit successoral en France et en Italie et de la normative Europ\u00e9enne.<\/p>\n<p>C\u2019est pourquoi nous sommes qualifi\u00e9s pour conseiller et assister nos clients dans le processus de transmission et gestion de leurs biens en cas de d\u00e9c\u00e8s, afin d\u2019assurer au mieux la protection de la famille.<\/p>\n<p>Nous fournissons un service juridique complet et personnalis\u00e9 : analyse de la situation familiale et patrimoniale, r\u00e9daction du testament, conform\u00e9ment \u00e0 la loi nationale du testateur (par exemple la loi fran\u00e7aise) et aux lois locales, et enregistrement \u00e0 la Cour de Duba\u00ef et au DIFC.<\/p>\n<p>Nous sommes enregistr\u00e9s au DIFC comme cabinet d\u2019avocats habilit\u00e9 \u00e0 la r\u00e9daction des testaments (Draftsmen Will).<\/p>\n<p>Nous pouvons aussi vous r\u00e9pondre concernant les lois sur les h\u00e9ritages (y compris la nouvelle loi), les obligations relatives au tuteur concernant le d\u00e9c\u00e8s des parents (ce point pouvant \u00eatre pr\u00e9vus dans les testaments enregistr\u00e9s aupr\u00e8s du DIFC) et concernant l&#8217;ex\u00e9cuteur testamentaire<strong>.<\/strong><\/p>\n<\/div><\/section>\n\n<style type=\"text\/css\" data-created_by=\"avia_inline_auto\" id=\"style-css-av-7h9tx0-4a923fd865e9fafdb6dc5abf872a8f23\">\n#top .av-special-heading.av-7h9tx0-4a923fd865e9fafdb6dc5abf872a8f23{\npadding-bottom:10px;\n}\nbody .av-special-heading.av-7h9tx0-4a923fd865e9fafdb6dc5abf872a8f23 .av-special-heading-tag .heading-char{\nfont-size:25px;\n}\n.av-special-heading.av-7h9tx0-4a923fd865e9fafdb6dc5abf872a8f23 .av-subheading{\nfont-size:15px;\n}\n<\/style>\n<div  class='av-special-heading av-7h9tx0-4a923fd865e9fafdb6dc5abf872a8f23 av-special-heading-h2  avia-builder-el-2  el_after_av_textblock  el_before_av_textblock  av-linked-heading'><h2 class='av-special-heading-tag '  itemprop=\"headline\"  >Pourquoi enregistrer un testament \u00e0 dubai?<\/h2><div class=\"special-heading-border\"><div class=\"special-heading-inner-border\"><\/div><\/div><\/div>\n<section  class='av_textblock_section av-k4jv7nsi-a3503330ce2204ca112a98401167b21d '   itemscope=\"itemscope\" itemtype=\"https:\/\/schema.org\/CreativeWork\" ><div class='avia_textblock'  itemprop=\"text\" ><p>Si vous vivez aux Emirats, il est n\u00e9cessaire de penser aux probl\u00e9matiques successorales avant votre d\u00e9part et d&#8217; \u00e9tablir un testament. En l\u2019absence de testament et en cas de d\u00e9c\u00e8s, les r\u00e8gles appliqu\u00e9es seront celles du pays, ce qui n\u2019est pas forc\u00e9ment ce que vous souhaitez. En effet, dans les \u00e9mirats, les r\u00e8gles \u00e9tablies sont celles de l\u2019Islam (Sharia, Charia) : si vous \u00eates un expatri\u00e9 non-musulman et conform\u00e9ment \u00e0 la charia, ces r\u00e8gles peuvent poser probl\u00e8me aupr\u00e8s de vos h\u00e9ritiers.<\/p>\n<p>L\u2019enregistrement de testaments pour les non-musulmans (wills) enregistr\u00e9s \u00e0 duba\u00ef aupr\u00e8s du DIFC (nom du &#8220;registry&#8221;) est conseill\u00e9 dans les deux cas suivants:<\/p>\n<p>\u2013 Vous n\u2019\u00eates pas musulman et\/ou vous n\u2019\u00eates pas n\u00e9(e) musulman;<\/p>\n<p>\u2013 Vous avez des actifs situ\u00e9s aux Emirats Arabes Unis bien immobilier, compte bancaire, compte titres, voiture, bateau, etc., que vous soyez r\u00e9sident ou non r\u00e9sident des Emirats;<\/p>\n<p>\u2013 Vous avez des enfants mineurs (moins de 21 ans) qui r\u00e9sident \u00e0 duba\u00ef.<\/p>\n<p>Vous pouvez \u00e9galement avoir votre testament enregistr\u00e9 aupr\u00e8s de la Cour de Dubai (Notary Public), notamment si vous ne disposez pas de biens immobiliers.<\/p>\n<p>Si vous n\u2019avez pas enregistr\u00e9 de testament \u00e0 duba\u00ef aupr\u00e8s du DIFC, en cas de d\u00e9c\u00e8s:<\/p>\n<p>\u2013 C\u2019est la Sharia qui s\u2019appliquera pour r\u00e9gler votre succession aux Emirats et donc pour la r\u00e9partition de vos actifs. Outre la dur\u00e9e et le co\u00fbt de la proc\u00e9dure (jusqu\u2019\u00e0 plusieurs ann\u00e9es en cas de contentieux avec les h\u00e9ritiers, tous les actifs \u00e9tant bloqu\u00e9s le temps de la d\u00e9cision d\u2019un juge), une r\u00e9partition selon les r\u00e8gles de la Sharia peut ne pas convenir aux volont\u00e9s du d\u00e9funt et de ses h\u00e9ritiers (le conjoint survivant dispose d\u20191\/8e , les fils ont vocation \u00e0 obtenir le double des parts des filles, les parents\/oncles\/etc. peuvent obtenir une partie de l\u2019h\u00e9ritage, etc.).<\/p>\n<p>\u2013 Les enfants mineurs (moins de 21 ans) pourraient \u00eatre confi\u00e9s \u00e0 un membre de la famille diff\u00e9rent de celui souhait\u00e9 (ce sont les hommes qui disposent de l\u2019autorit\u00e9 parentale selon la Sharia) ou, en cas extr\u00eame, plac\u00e9s sous la protection des services de Dubai Municipality le temps qu\u2019un juge de Dubai nomme un gardien.<\/p>\n<p>Si vous \u00eates mari\u00e9(e), il est possible d\u2019enregistrer un \u201cmirror will\u201d qui permettra de transf\u00e9rer vos actifs d\u2019un conjoint \u00e0 l\u2019autre et r\u00e9ciproquement.<\/p>\n<p>Pour les expatri\u00e9s aux UAE et si vous avez des actifs (les biens immobiliers, etc.) dans l\u2019Union Europ\u00e9enne, nous vous conseillons aussi de faire un testament aupr\u00e8s d&#8217;un Registre dans le pays de votre nationalit\u00e9 (France, Belgique, Suisse, etc.), afin d\u2019\u00e9viter l\u2019application de la loi locale pour vos actifs situ\u00e9s en Europe. En effet, Depuis le 17 aout 2015 le seul et unique crit\u00e8re utilis\u00e9 pour d\u00e9terminer la loi applicable \u00e0 la succession des ressortissants de l\u2019Union Europ\u00e9enne, est celui de la r\u00e9sidence habituelle du d\u00e9funt.<\/p>\n<\/div><\/section>\n\n<style type=\"text\/css\" data-created_by=\"avia_inline_auto\" id=\"style-css-av-l78v6obp-da4b4cf4fc5d8313883f325d0f01d4ba\">\n#top .av-special-heading.av-l78v6obp-da4b4cf4fc5d8313883f325d0f01d4ba{\npadding-bottom:10px;\n}\nbody .av-special-heading.av-l78v6obp-da4b4cf4fc5d8313883f325d0f01d4ba .av-special-heading-tag .heading-char{\nfont-size:25px;\n}\n.av-special-heading.av-l78v6obp-da4b4cf4fc5d8313883f325d0f01d4ba .av-subheading{\nfont-size:15px;\n}\n<\/style>\n<div  class='av-special-heading av-l78v6obp-da4b4cf4fc5d8313883f325d0f01d4ba av-special-heading-h2  avia-builder-el-4  el_after_av_textblock  el_before_av_textblock  av-linked-heading'><h2 class='av-special-heading-tag '  itemprop=\"headline\"  >Nos comp\u00e9tences<\/h2><div class=\"special-heading-border\"><div class=\"special-heading-inner-border\"><\/div><\/div><\/div>\n<section  class='av_textblock_section av-l78v76i1-298f6b4beb8a6fd0e6f7221111ef42af '   itemscope=\"itemscope\" itemtype=\"https:\/\/schema.org\/CreativeWork\" ><div class='avia_textblock'  itemprop=\"text\" ><p>Nous pouvons vous assister pour:<\/p>\n<ul>\n<li>Pour r\u00e9diger le testament pour vos actifs situ\u00e9s aux Emirats en vous conseillant notamment au sujet de:<br \/>\n\u2013 La r\u00e9partition de vos actifs en cas de succession selon vos volont\u00e9s et en accord avec les r\u00e8gles successorales \u00e0 appliquer pour \u00e9viter tout contentieux \u00e0 terme;<br \/>\n\u2013 Le choix de l\u2019ex\u00e9cuteur du testament;<br \/>\n\u2013 La garde des enfants (temporaire et d\u00e9finitive);<\/li>\n<li>R\u00e9diger le testament pour vos actifs situ\u00e9s dans l\u2019Union Europ\u00e9enne;<\/li>\n<li>Proc\u00e9der \u00e0 l\u2019enregistrement de ce testament \u00e0 Dubai aupr\u00e8s du DIFC ou de la Cour de Dubai (Notary Public).<\/li>\n<\/ul>\n<p>L\u2019avocat du Groupe Merritt, Me Josephine D\u2019Angelo, est inscrite au Registre des avocats habilit\u00e9s a la r\u00e9daction des testaments au DIFC (Draftmen Wills).<\/p>\n<\/div><\/section>\n\n<style type=\"text\/css\" data-created_by=\"avia_inline_auto\" id=\"style-css-av-3uce9w-3712f50b1d3f49eee7192bb36e69b556\">\n#top .av-special-heading.av-3uce9w-3712f50b1d3f49eee7192bb36e69b556{\npadding-bottom:10px;\n}\nbody .av-special-heading.av-3uce9w-3712f50b1d3f49eee7192bb36e69b556 .av-special-heading-tag .heading-char{\nfont-size:25px;\n}\n.av-special-heading.av-3uce9w-3712f50b1d3f49eee7192bb36e69b556 .av-subheading{\nfont-size:15px;\n}\n<\/style>\n<div  class='av-special-heading av-3uce9w-3712f50b1d3f49eee7192bb36e69b556 av-special-heading-h2  avia-builder-el-6  el_after_av_textblock  el_before_av_textblock '><h2 class='av-special-heading-tag '  itemprop=\"headline\"  >Tout savoir sur le testament<\/h2><div class=\"special-heading-border\"><div class=\"special-heading-inner-border\"><\/div><\/div><\/div>\n<section  class='av_textblock_section av-k4sg8sp4-caed7b16472bf89f686dfaa3efe649b4 '   itemscope=\"itemscope\" itemtype=\"https:\/\/schema.org\/CreativeWork\" ><div class='avia_textblock'  itemprop=\"text\" ><p>Nous vous invitons \u00e0 lire notre Foire Aux Questions (FAQ):<\/p>\n<ul>\n<li><a href=\"https:\/\/merritt.ae\/fr\/juridique\/succession\/faq-concernant-executeur\/\">Concernant l\u2019ex\u00e9cuteur du testament<\/a><\/li>\n<li><a href=\"https:\/\/merritt.ae\/fr\/juridique\/succession\/faq-concernant-garde-enfants\/\">Concernant la garde des enfants<\/a><\/li>\n<li><a href=\"https:\/\/merritt.ae\/fr\/juridique\/succession\/faq-contenu-testament\/\">Concernant le contenu d\u2019un testament enregistr\u00e9 \u00e0 Duba\u00ef<\/a><\/li>\n<li><a href=\"https:\/\/merritt.ae\/fr\/juridique\/succession\/faq-concernant-registre\/\">Concernant le Registre de DIFC<\/a><\/li>\n<li><a href=\"https:\/\/merritt.ae\/fr\/juridique\/succession\/faq-concernant-beneficiaires-testament\/\">Concernant les b\u00e9n\u00e9ficiaires du testament<\/a><\/li>\n<li><a href=\"https:\/\/merritt.ae\/fr\/juridique\/succession\/faq-concernant-notre-prestation\/\">Concernant notre prestation<\/a><\/li>\n<\/ul>\n<\/div><\/section>\n\n<style type=\"text\/css\" data-created_by=\"avia_inline_auto\" id=\"style-css-av-2mg3uc-1dcd7eae848e41877d03f2255bd9e3e2\">\n#top .av-special-heading.av-2mg3uc-1dcd7eae848e41877d03f2255bd9e3e2{\npadding-bottom:10px;\n}\nbody .av-special-heading.av-2mg3uc-1dcd7eae848e41877d03f2255bd9e3e2 .av-special-heading-tag .heading-char{\nfont-size:25px;\n}\n.av-special-heading.av-2mg3uc-1dcd7eae848e41877d03f2255bd9e3e2 .av-subheading{\nfont-size:15px;\n}\n<\/style>\n<div  class='av-special-heading av-2mg3uc-1dcd7eae848e41877d03f2255bd9e3e2 av-special-heading-h2  avia-builder-el-8  el_after_av_textblock  el_before_av_textblock '><h2 class='av-special-heading-tag '  itemprop=\"headline\"  >Nos tarifs<\/h2><div class=\"special-heading-border\"><div class=\"special-heading-inner-border\"><\/div><\/div><\/div>\n<section  class='av_textblock_section av-k4sgaz43-c7d1ee4f79b2eede290ec8254a4dfc6c '   itemscope=\"itemscope\" itemtype=\"https:\/\/schema.org\/CreativeWork\" ><div class='avia_textblock'  itemprop=\"text\" ><p>Voici la liste de nos <a href=\"https:\/\/merritt.ae\/fr\/juridique\/succession\/tarifs-enregistrement-testament-dubai\/\">tarifs concernant un testament \u00e0 Duba\u00ef<\/a>.<\/p>\n<\/div><\/section>\n","protected":false},"excerpt":{"rendered":"","protected":false},"author":2,"featured_media":0,"parent":11480,"menu_order":4,"comment_status":"closed","ping_status":"closed","template":"","meta":{"inline_featured_image":false,"footnotes":""},"class_list":["post-5380","page","type-page","status-publish","hentry"],"yoast_head":"<!-- This site is optimized with the Yoast SEO plugin v26.9 - https:\/\/yoast.com\/product\/yoast-seo-wordpress\/ -->\n<title>Loi sur les successions et testament \u00e0 duba\u00ef aux \u00e9mirats arabes unis pour les expatri\u00e9s<\/title>\n<meta name=\"description\" content=\"Tout savoir sur la succession et testament \u00e0 duba\u00ef aux emirats arabes unis pour les expatri\u00e9s\" \/>\n<meta name=\"robots\" content=\"index, follow, max-snippet:-1, max-image-preview:large, max-video-preview:-1\" \/>\n<link rel=\"canonical\" href=\"https:\/\/merritt.ae\/fr\/juridique\/succession\/\" \/>\n<meta property=\"og:locale\" content=\"fr_FR\" \/>\n<meta property=\"og:type\" content=\"article\" \/>\n<meta property=\"og:title\" content=\"Loi sur les successions et testament \u00e0 duba\u00ef aux \u00e9mirats arabes unis pour les expatri\u00e9s\" \/>\n<meta property=\"og:description\" content=\"Tout savoir sur la succession et testament \u00e0 duba\u00ef aux emirats arabes unis pour les expatri\u00e9s\" \/>\n<meta property=\"og:url\" content=\"https:\/\/merritt.ae\/fr\/juridique\/succession\/\" \/>\n<meta property=\"og:site_name\" content=\"merritt.ae\" \/>\n<meta property=\"article:modified_time\" content=\"2022-08-25T09:54:01+00:00\" \/>\n<meta property=\"og:image\" content=\"https:\/\/merritt.ae\/wp-content\/uploads\/2021\/11\/ME-new-featured.jpg\" \/>\n\t<meta property=\"og:image:width\" content=\"1200\" \/>\n\t<meta property=\"og:image:height\" content=\"630\" \/>\n\t<meta property=\"og:image:type\" content=\"image\/jpeg\" \/>\n<meta name=\"twitter:card\" content=\"summary_large_image\" \/>\n<meta name=\"twitter:label1\" content=\"Dur\u00e9e de lecture estim\u00e9e\" \/>\n\t<meta name=\"twitter:data1\" content=\"5 minutes\" \/>\n<script type=\"application\/ld+json\" class=\"yoast-schema-graph\">{\"@context\":\"https:\/\/schema.org\",\"@graph\":[{\"@type\":\"WebPage\",\"@id\":\"https:\/\/merritt.ae\/fr\/juridique\/succession\/\",\"url\":\"https:\/\/merritt.ae\/fr\/juridique\/succession\/\",\"name\":\"Loi sur les successions et testament \u00e0 duba\u00ef aux \u00e9mirats arabes unis pour les expatri\u00e9s\",\"isPartOf\":{\"@id\":\"https:\/\/merritt.ae\/#website\"},\"datePublished\":\"2019-12-09T12:55:52+00:00\",\"dateModified\":\"2022-08-25T09:54:01+00:00\",\"description\":\"Tout savoir sur la succession et testament \u00e0 duba\u00ef aux emirats arabes unis pour les expatri\u00e9s\",\"breadcrumb\":{\"@id\":\"https:\/\/merritt.ae\/fr\/juridique\/succession\/#breadcrumb\"},\"inLanguage\":\"fr-FR\",\"potentialAction\":[{\"@type\":\"ReadAction\",\"target\":[\"https:\/\/merritt.ae\/fr\/juridique\/succession\/\"]}]},{\"@type\":\"BreadcrumbList\",\"@id\":\"https:\/\/merritt.ae\/fr\/juridique\/succession\/#breadcrumb\",\"itemListElement\":[{\"@type\":\"ListItem\",\"position\":1,\"name\":\"Home\",\"item\":\"https:\/\/merritt.ae\/fr\/accueil\/\"},{\"@type\":\"ListItem\",\"position\":2,\"name\":\"Services Juridiques\",\"item\":\"https:\/\/merritt.ae\/fr\/juridique\/\"},{\"@type\":\"ListItem\",\"position\":3,\"name\":\"Succession\"}]},{\"@type\":\"WebSite\",\"@id\":\"https:\/\/merritt.ae\/#website\",\"url\":\"https:\/\/merritt.ae\/\",\"name\":\"merritt.ae\",\"description\":\"\",\"publisher\":{\"@id\":\"https:\/\/merritt.ae\/#organization\"},\"potentialAction\":[{\"@type\":\"SearchAction\",\"target\":{\"@type\":\"EntryPoint\",\"urlTemplate\":\"https:\/\/merritt.ae\/?s={search_term_string}\"},\"query-input\":{\"@type\":\"PropertyValueSpecification\",\"valueRequired\":true,\"valueName\":\"search_term_string\"}}],\"inLanguage\":\"fr-FR\"},{\"@type\":\"Organization\",\"@id\":\"https:\/\/merritt.ae\/#organization\",\"name\":\"merritt.ae\",\"url\":\"https:\/\/merritt.ae\/\",\"logo\":{\"@type\":\"ImageObject\",\"inLanguage\":\"fr-FR\",\"@id\":\"https:\/\/merritt.ae\/#\/schema\/logo\/image\/\",\"url\":\"https:\/\/merritt.ae\/wp-content\/uploads\/2021\/11\/ME-new-featured.jpg\",\"contentUrl\":\"https:\/\/merritt.ae\/wp-content\/uploads\/2021\/11\/ME-new-featured.jpg\",\"width\":1200,\"height\":630,\"caption\":\"merritt.ae\"},\"image\":{\"@id\":\"https:\/\/merritt.ae\/#\/schema\/logo\/image\/\"}}]}<\/script>\n<!-- \/ Yoast SEO plugin. -->","yoast_head_json":{"title":"Loi sur les successions et testament \u00e0 duba\u00ef aux \u00e9mirats arabes unis pour les expatri\u00e9s","description":"Tout savoir sur la succession et testament \u00e0 duba\u00ef aux emirats arabes unis pour les expatri\u00e9s","robots":{"index":"index","follow":"follow","max-snippet":"max-snippet:-1","max-image-preview":"max-image-preview:large","max-video-preview":"max-video-preview:-1"},"canonical":"https:\/\/merritt.ae\/fr\/juridique\/succession\/","og_locale":"fr_FR","og_type":"article","og_title":"Loi sur les successions et testament \u00e0 duba\u00ef aux \u00e9mirats arabes unis pour les expatri\u00e9s","og_description":"Tout savoir sur la succession et testament \u00e0 duba\u00ef aux emirats arabes unis pour les expatri\u00e9s","og_url":"https:\/\/merritt.ae\/fr\/juridique\/succession\/","og_site_name":"merritt.ae","article_modified_time":"2022-08-25T09:54:01+00:00","og_image":[{"width":1200,"height":630,"url":"https:\/\/merritt.ae\/wp-content\/uploads\/2021\/11\/ME-new-featured.jpg","type":"image\/jpeg"}],"twitter_card":"summary_large_image","twitter_misc":{"Dur\u00e9e de lecture estim\u00e9e":"5 minutes"},"schema":{"@context":"https:\/\/schema.org","@graph":[{"@type":"WebPage","@id":"https:\/\/merritt.ae\/fr\/juridique\/succession\/","url":"https:\/\/merritt.ae\/fr\/juridique\/succession\/","name":"Loi sur les successions et testament \u00e0 duba\u00ef aux \u00e9mirats arabes unis pour les expatri\u00e9s","isPartOf":{"@id":"https:\/\/merritt.ae\/#website"},"datePublished":"2019-12-09T12:55:52+00:00","dateModified":"2022-08-25T09:54:01+00:00","description":"Tout savoir sur la succession et testament \u00e0 duba\u00ef aux emirats arabes unis pour les expatri\u00e9s","breadcrumb":{"@id":"https:\/\/merritt.ae\/fr\/juridique\/succession\/#breadcrumb"},"inLanguage":"fr-FR","potentialAction":[{"@type":"ReadAction","target":["https:\/\/merritt.ae\/fr\/juridique\/succession\/"]}]},{"@type":"BreadcrumbList","@id":"https:\/\/merritt.ae\/fr\/juridique\/succession\/#breadcrumb","itemListElement":[{"@type":"ListItem","position":1,"name":"Home","item":"https:\/\/merritt.ae\/fr\/accueil\/"},{"@type":"ListItem","position":2,"name":"Services Juridiques","item":"https:\/\/merritt.ae\/fr\/juridique\/"},{"@type":"ListItem","position":3,"name":"Succession"}]},{"@type":"WebSite","@id":"https:\/\/merritt.ae\/#website","url":"https:\/\/merritt.ae\/","name":"merritt.ae","description":"","publisher":{"@id":"https:\/\/merritt.ae\/#organization"},"potentialAction":[{"@type":"SearchAction","target":{"@type":"EntryPoint","urlTemplate":"https:\/\/merritt.ae\/?s={search_term_string}"},"query-input":{"@type":"PropertyValueSpecification","valueRequired":true,"valueName":"search_term_string"}}],"inLanguage":"fr-FR"},{"@type":"Organization","@id":"https:\/\/merritt.ae\/#organization","name":"merritt.ae","url":"https:\/\/merritt.ae\/","logo":{"@type":"ImageObject","inLanguage":"fr-FR","@id":"https:\/\/merritt.ae\/#\/schema\/logo\/image\/","url":"https:\/\/merritt.ae\/wp-content\/uploads\/2021\/11\/ME-new-featured.jpg","contentUrl":"https:\/\/merritt.ae\/wp-content\/uploads\/2021\/11\/ME-new-featured.jpg","width":1200,"height":630,"caption":"merritt.ae"},"image":{"@id":"https:\/\/merritt.ae\/#\/schema\/logo\/image\/"}}]}},"_links":{"self":[{"href":"https:\/\/merritt.ae\/fr\/wp-json\/wp\/v2\/pages\/5380","targetHints":{"allow":["GET"]}}],"collection":[{"href":"https:\/\/merritt.ae\/fr\/wp-json\/wp\/v2\/pages"}],"about":[{"href":"https:\/\/merritt.ae\/fr\/wp-json\/wp\/v2\/types\/page"}],"author":[{"embeddable":true,"href":"https:\/\/merritt.ae\/fr\/wp-json\/wp\/v2\/users\/2"}],"replies":[{"embeddable":true,"href":"https:\/\/merritt.ae\/fr\/wp-json\/wp\/v2\/comments?post=5380"}],"version-history":[{"count":18,"href":"https:\/\/merritt.ae\/fr\/wp-json\/wp\/v2\/pages\/5380\/revisions"}],"predecessor-version":[{"id":18071,"href":"https:\/\/merritt.ae\/fr\/wp-json\/wp\/v2\/pages\/5380\/revisions\/18071"}],"up":[{"embeddable":true,"href":"https:\/\/merritt.ae\/fr\/wp-json\/wp\/v2\/pages\/11480"}],"wp:attachment":[{"href":"https:\/\/merritt.ae\/fr\/wp-json\/wp\/v2\/media?parent=5380"}],"curies":[{"name":"wp","href":"https:\/\/api.w.org\/{rel}","templated":true}]}}