{"id":5362,"date":"2019-12-09T12:53:40","date_gmt":"2019-12-09T12:53:40","guid":{"rendered":"https:\/\/merritt.ae\/?page_id=5362"},"modified":"2022-02-14T16:04:43","modified_gmt":"2022-02-14T12:04:43","slug":"faq","status":"publish","type":"page","link":"https:\/\/merritt.ae\/fr\/faq\/","title":{"rendered":"FAQ"},"content":{"rendered":"","protected":false},"excerpt":{"rendered":"","protected":false},"author":2,"featured_media":0,"parent":0,"menu_order":7,"comment_status":"closed","ping_status":"closed","template":"","meta":{"inline_featured_image":false,"footnotes":""},"class_list":["post-5362","page","type-page","status-publish","hentry"],"yoast_head":"<!-- This site is optimized with the Yoast SEO plugin v26.9 - https:\/\/yoast.com\/product\/yoast-seo-wordpress\/ -->\n<title>R\u00e9sidence aux \u00c9mirats Arabes Unis - Vivre \u00e0 Duba\u00ef : conseils pratiques.<\/title>\n<meta name=\"description\" content=\"Notre Foire Aux Questions est compl\u00e8te et riche de nos 10ans de retour d&#039;exp\u00e9riences \u00e0 Duba\u00ef. Vous avez une question personnelle, r\u00e9ponse en 4 heures !\" \/>\n<meta name=\"robots\" content=\"index, follow, max-snippet:-1, max-image-preview:large, max-video-preview:-1\" \/>\n<link rel=\"canonical\" href=\"https:\/\/merritt.ae\/fr\/faq\/\" \/>\n<meta property=\"og:locale\" content=\"fr_FR\" \/>\n<meta property=\"og:type\" content=\"article\" \/>\n<meta property=\"og:title\" content=\"R\u00e9sidence aux \u00c9mirats Arabes Unis - Vivre \u00e0 Duba\u00ef : conseils pratiques.\" \/>\n<meta property=\"og:description\" content=\"Notre Foire Aux Questions est compl\u00e8te et riche de nos 10ans de retour d&#039;exp\u00e9riences \u00e0 Duba\u00ef. Vous avez une question personnelle, r\u00e9ponse en 4 heures !\" \/>\n<meta property=\"og:url\" content=\"https:\/\/merritt.ae\/fr\/faq\/\" \/>\n<meta property=\"og:site_name\" content=\"merritt.ae\" \/>\n<meta property=\"article:modified_time\" content=\"2022-02-14T12:04:43+00:00\" \/>\n<meta property=\"og:image\" content=\"https:\/\/merritt.ae\/wp-content\/uploads\/2021\/11\/ME-new-featured.jpg\" \/>\n\t<meta property=\"og:image:width\" content=\"1200\" \/>\n\t<meta property=\"og:image:height\" content=\"630\" \/>\n\t<meta property=\"og:image:type\" content=\"image\/jpeg\" \/>\n<meta name=\"twitter:card\" content=\"summary_large_image\" \/>\n<script type=\"application\/ld+json\" class=\"yoast-schema-graph\">{\"@context\":\"https:\/\/schema.org\",\"@graph\":[{\"@type\":\"WebPage\",\"@id\":\"https:\/\/merritt.ae\/fr\/faq\/\",\"url\":\"https:\/\/merritt.ae\/fr\/faq\/\",\"name\":\"R\u00e9sidence aux \u00c9mirats Arabes Unis - Vivre \u00e0 Duba\u00ef : conseils pratiques.\",\"isPartOf\":{\"@id\":\"https:\/\/merritt.ae\/#website\"},\"datePublished\":\"2019-12-09T12:53:40+00:00\",\"dateModified\":\"2022-02-14T12:04:43+00:00\",\"description\":\"Notre Foire Aux Questions est compl\u00e8te et riche de nos 10ans de retour d'exp\u00e9riences \u00e0 Duba\u00ef. Vous avez une question personnelle, r\u00e9ponse en 4 heures !\",\"breadcrumb\":{\"@id\":\"https:\/\/merritt.ae\/fr\/faq\/#breadcrumb\"},\"inLanguage\":\"fr-FR\",\"potentialAction\":[{\"@type\":\"ReadAction\",\"target\":[\"https:\/\/merritt.ae\/fr\/faq\/\"]}]},{\"@type\":\"BreadcrumbList\",\"@id\":\"https:\/\/merritt.ae\/fr\/faq\/#breadcrumb\",\"itemListElement\":[{\"@type\":\"ListItem\",\"position\":1,\"name\":\"Home\",\"item\":\"https:\/\/merritt.ae\/fr\/accueil\/\"},{\"@type\":\"ListItem\",\"position\":2,\"name\":\"FAQ\"}]},{\"@type\":\"WebSite\",\"@id\":\"https:\/\/merritt.ae\/#website\",\"url\":\"https:\/\/merritt.ae\/\",\"name\":\"merritt.ae\",\"description\":\"\",\"publisher\":{\"@id\":\"https:\/\/merritt.ae\/#organization\"},\"potentialAction\":[{\"@type\":\"SearchAction\",\"target\":{\"@type\":\"EntryPoint\",\"urlTemplate\":\"https:\/\/merritt.ae\/?s={search_term_string}\"},\"query-input\":{\"@type\":\"PropertyValueSpecification\",\"valueRequired\":true,\"valueName\":\"search_term_string\"}}],\"inLanguage\":\"fr-FR\"},{\"@type\":\"Organization\",\"@id\":\"https:\/\/merritt.ae\/#organization\",\"name\":\"merritt.ae\",\"url\":\"https:\/\/merritt.ae\/\",\"logo\":{\"@type\":\"ImageObject\",\"inLanguage\":\"fr-FR\",\"@id\":\"https:\/\/merritt.ae\/#\/schema\/logo\/image\/\",\"url\":\"https:\/\/merritt.ae\/wp-content\/uploads\/2021\/11\/ME-new-featured.jpg\",\"contentUrl\":\"https:\/\/merritt.ae\/wp-content\/uploads\/2021\/11\/ME-new-featured.jpg\",\"width\":1200,\"height\":630,\"caption\":\"merritt.ae\"},\"image\":{\"@id\":\"https:\/\/merritt.ae\/#\/schema\/logo\/image\/\"}}]}<\/script>\n<!-- \/ Yoast SEO plugin. -->","yoast_head_json":{"title":"R\u00e9sidence aux \u00c9mirats Arabes Unis - Vivre \u00e0 Duba\u00ef : conseils pratiques.","description":"Notre Foire Aux Questions est compl\u00e8te et riche de nos 10ans de retour d'exp\u00e9riences \u00e0 Duba\u00ef. Vous avez une question personnelle, r\u00e9ponse en 4 heures !","robots":{"index":"index","follow":"follow","max-snippet":"max-snippet:-1","max-image-preview":"max-image-preview:large","max-video-preview":"max-video-preview:-1"},"canonical":"https:\/\/merritt.ae\/fr\/faq\/","og_locale":"fr_FR","og_type":"article","og_title":"R\u00e9sidence aux \u00c9mirats Arabes Unis - Vivre \u00e0 Duba\u00ef : conseils pratiques.","og_description":"Notre Foire Aux Questions est compl\u00e8te et riche de nos 10ans de retour d'exp\u00e9riences \u00e0 Duba\u00ef. Vous avez une question personnelle, r\u00e9ponse en 4 heures !","og_url":"https:\/\/merritt.ae\/fr\/faq\/","og_site_name":"merritt.ae","article_modified_time":"2022-02-14T12:04:43+00:00","og_image":[{"width":1200,"height":630,"url":"https:\/\/merritt.ae\/wp-content\/uploads\/2021\/11\/ME-new-featured.jpg","type":"image\/jpeg"}],"twitter_card":"summary_large_image","schema":{"@context":"https:\/\/schema.org","@graph":[{"@type":"WebPage","@id":"https:\/\/merritt.ae\/fr\/faq\/","url":"https:\/\/merritt.ae\/fr\/faq\/","name":"R\u00e9sidence aux \u00c9mirats Arabes Unis - Vivre \u00e0 Duba\u00ef : conseils pratiques.","isPartOf":{"@id":"https:\/\/merritt.ae\/#website"},"datePublished":"2019-12-09T12:53:40+00:00","dateModified":"2022-02-14T12:04:43+00:00","description":"Notre Foire Aux Questions est compl\u00e8te et riche de nos 10ans de retour d'exp\u00e9riences \u00e0 Duba\u00ef. Vous avez une question personnelle, r\u00e9ponse en 4 heures !","breadcrumb":{"@id":"https:\/\/merritt.ae\/fr\/faq\/#breadcrumb"},"inLanguage":"fr-FR","potentialAction":[{"@type":"ReadAction","target":["https:\/\/merritt.ae\/fr\/faq\/"]}]},{"@type":"BreadcrumbList","@id":"https:\/\/merritt.ae\/fr\/faq\/#breadcrumb","itemListElement":[{"@type":"ListItem","position":1,"name":"Home","item":"https:\/\/merritt.ae\/fr\/accueil\/"},{"@type":"ListItem","position":2,"name":"FAQ"}]},{"@type":"WebSite","@id":"https:\/\/merritt.ae\/#website","url":"https:\/\/merritt.ae\/","name":"merritt.ae","description":"","publisher":{"@id":"https:\/\/merritt.ae\/#organization"},"potentialAction":[{"@type":"SearchAction","target":{"@type":"EntryPoint","urlTemplate":"https:\/\/merritt.ae\/?s={search_term_string}"},"query-input":{"@type":"PropertyValueSpecification","valueRequired":true,"valueName":"search_term_string"}}],"inLanguage":"fr-FR"},{"@type":"Organization","@id":"https:\/\/merritt.ae\/#organization","name":"merritt.ae","url":"https:\/\/merritt.ae\/","logo":{"@type":"ImageObject","inLanguage":"fr-FR","@id":"https:\/\/merritt.ae\/#\/schema\/logo\/image\/","url":"https:\/\/merritt.ae\/wp-content\/uploads\/2021\/11\/ME-new-featured.jpg","contentUrl":"https:\/\/merritt.ae\/wp-content\/uploads\/2021\/11\/ME-new-featured.jpg","width":1200,"height":630,"caption":"merritt.ae"},"image":{"@id":"https:\/\/merritt.ae\/#\/schema\/logo\/image\/"}}]}},"_links":{"self":[{"href":"https:\/\/merritt.ae\/fr\/wp-json\/wp\/v2\/pages\/5362","targetHints":{"allow":["GET"]}}],"collection":[{"href":"https:\/\/merritt.ae\/fr\/wp-json\/wp\/v2\/pages"}],"about":[{"href":"https:\/\/merritt.ae\/fr\/wp-json\/wp\/v2\/types\/page"}],"author":[{"embeddable":true,"href":"https:\/\/merritt.ae\/fr\/wp-json\/wp\/v2\/users\/2"}],"replies":[{"embeddable":true,"href":"https:\/\/merritt.ae\/fr\/wp-json\/wp\/v2\/comments?post=5362"}],"version-history":[{"count":19,"href":"https:\/\/merritt.ae\/fr\/wp-json\/wp\/v2\/pages\/5362\/revisions"}],"predecessor-version":[{"id":16474,"href":"https:\/\/merritt.ae\/fr\/wp-json\/wp\/v2\/pages\/5362\/revisions\/16474"}],"wp:attachment":[{"href":"https:\/\/merritt.ae\/fr\/wp-json\/wp\/v2\/media?parent=5362"}],"curies":[{"name":"wp","href":"https:\/\/api.w.org\/{rel}","templated":true}]}}