{"id":5350,"date":"2019-12-09T12:52:17","date_gmt":"2019-12-09T12:52:17","guid":{"rendered":"https:\/\/merritt.ae\/?page_id=5350"},"modified":"2022-04-18T16:38:16","modified_gmt":"2022-04-18T12:38:16","slug":"taxes-applicables-personnes-physiques","status":"publish","type":"page","link":"https:\/\/merritt.ae\/fr\/residence\/taxes-applicables-personnes-physiques\/","title":{"rendered":"Taxes applicables sur les personnes physiques"},"content":{"rendered":"<div id='full_slider_1'  class='avia-fullwidth-slider main_color avia-shadow   avia-builder-el-0  el_before_av_heading  avia-builder-el-first   container_wrap sidebar_right'  >\n<style type=\"text\/css\" data-created_by=\"avia_inline_auto\" id=\"style-css-av-39xvcm-9edacfb9fd6987240dd53685c4172941\">\n#top #wrap_all .avia-slideshow .av-slideshow-caption.av-39xvcm-9edacfb9fd6987240dd53685c4172941__0 .avia-caption-title{\ncolor:#ffffff;\n}\n<\/style>\n<div  class='avia-slideshow av-39xvcm-9edacfb9fd6987240dd53685c4172941 avia-slideshow-featured av_slideshow_full avia-slide-slider av-slideshow-ui av-control-default av-slideshow-manual av-loop-once av-loop-manual-endless av-default-height-applied   avia-slideshow-1' data-slideshow-options=\"{&quot;animation&quot;:&quot;slide&quot;,&quot;autoplay&quot;:false,&quot;loop_autoplay&quot;:&quot;once&quot;,&quot;interval&quot;:5,&quot;loop_manual&quot;:&quot;manual-endless&quot;,&quot;autoplay_stopper&quot;:false,&quot;noNavigation&quot;:false,&quot;bg_slider&quot;:false,&quot;keep_padding&quot;:false,&quot;hoverpause&quot;:false,&quot;show_slide_delay&quot;:0}\"  itemprop=\"image\" itemscope=\"itemscope\" itemtype=\"https:\/\/schema.org\/ImageObject\" ><ul class='avia-slideshow-inner ' style='padding-bottom: 28.666666666667%;'><li  class='avia-slideshow-slide av-39xvcm-9edacfb9fd6987240dd53685c4172941__0  av-single-slide slide-1 slide-odd'><div data-rel='slideshow-1' class='avia-slide-wrap '   ><div class='av-slideshow-caption av-39xvcm-9edacfb9fd6987240dd53685c4172941__0 caption_fullwidth caption_center caption_center_framed caption_framed'><div class=\"container caption_container\"><div class=\"slideshow_caption\"><div class=\"slideshow_inner_caption\"><div class=\"slideshow_align_caption\"><h2 class='avia-caption-title '  itemprop=\"name\" >Taxes applicables sur les personnes physiques<\/h2><\/div><\/div><\/div><\/div><\/div><img decoding=\"async\" fetchpriority=\"high\" class=\"wp-image-5696 avia-img-lazy-loading-not-5696\"  src=\"https:\/\/merritt.ae\/wp-content\/uploads\/2019\/12\/iStock_000079988733_Large-1500x430.jpg\" width=\"1500\" height=\"430\" title='iStock_000079988733_Large' alt=''  itemprop=\"thumbnailUrl\"   \/><\/div><\/li><\/ul><\/div><\/div><div id='after_full_slider_1'  class='main_color av_default_container_wrap container_wrap sidebar_right'  ><div class='container av-section-cont-open' ><div class='template-page content  av-content-small alpha units'><div class='post-entry post-entry-type-page post-entry-5350'><div class='entry-content-wrapper clearfix'>\n\n<style type=\"text\/css\" data-created_by=\"avia_inline_auto\" id=\"style-css-av-av_heading-b55430cd45f5cb7bf241b0207f05d0ae\">\n#top .av-special-heading.av-av_heading-b55430cd45f5cb7bf241b0207f05d0ae{\npadding-bottom:10px;\n}\nbody .av-special-heading.av-av_heading-b55430cd45f5cb7bf241b0207f05d0ae .av-special-heading-tag .heading-char{\nfont-size:25px;\n}\n.av-special-heading.av-av_heading-b55430cd45f5cb7bf241b0207f05d0ae .av-subheading{\nfont-size:15px;\n}\n<\/style>\n<div  class='av-special-heading av-av_heading-b55430cd45f5cb7bf241b0207f05d0ae av-special-heading-h2  avia-builder-el-1  el_after_av_slideshow_full  el_before_av_textblock  avia-builder-el-first '><h2 class='av-special-heading-tag '  itemprop=\"headline\"  >Taxe sur les revenus<\/h2><div class=\"special-heading-border\"><div class=\"special-heading-inner-border\"><\/div><\/div><\/div>\n<section  class='av_textblock_section av-k448mtvr-4da1cd1475c91c57fc8926cdc0e34c9e '   itemscope=\"itemscope\" itemtype=\"https:\/\/schema.org\/CreativeWork\" ><div class='avia_textblock'  itemprop=\"text\" ><p>Il n\u2019y a pas d\u2019imposition sur les revenus personnels aux Emirats, ni de taxe sur les plus-values et autres revenus du capital.<\/p>\n<p>Par cons\u00e9quent, un r\u00e9sident des Emirats percevant un salaire, des dividendes ou des plus-values, ne subira aucune taxation.<\/p>\n<\/div><\/section>\n\n<style type=\"text\/css\" data-created_by=\"avia_inline_auto\" id=\"style-css-av-av_heading-8bb404f0ff3044bfa63f6f6270a40435\">\n#top .av-special-heading.av-av_heading-8bb404f0ff3044bfa63f6f6270a40435{\npadding-bottom:10px;\n}\nbody .av-special-heading.av-av_heading-8bb404f0ff3044bfa63f6f6270a40435 .av-special-heading-tag .heading-char{\nfont-size:25px;\n}\n.av-special-heading.av-av_heading-8bb404f0ff3044bfa63f6f6270a40435 .av-subheading{\nfont-size:15px;\n}\n<\/style>\n<div  class='av-special-heading av-av_heading-8bb404f0ff3044bfa63f6f6270a40435 av-special-heading-h2  avia-builder-el-3  el_after_av_textblock  el_before_av_textblock '><h2 class='av-special-heading-tag '  itemprop=\"headline\"  >Imposition sur la fortune<\/h2><div class=\"special-heading-border\"><div class=\"special-heading-inner-border\"><\/div><\/div><\/div>\n<section  class='av_textblock_section av-k448p0y5-4661e8a9fc74386b3c38958a17421e6d '   itemscope=\"itemscope\" itemtype=\"https:\/\/schema.org\/CreativeWork\" ><div class='avia_textblock'  itemprop=\"text\" ><p>Il n&#8217;y a pas d&#8217;imposition sur la fortune aux Emirats.<\/p>\n<\/div><\/section>\n\n<style type=\"text\/css\" data-created_by=\"avia_inline_auto\" id=\"style-css-av-av_heading-51bb7cf0463f0ce57ba40f510f53e119\">\n#top .av-special-heading.av-av_heading-51bb7cf0463f0ce57ba40f510f53e119{\npadding-bottom:10px;\n}\nbody .av-special-heading.av-av_heading-51bb7cf0463f0ce57ba40f510f53e119 .av-special-heading-tag .heading-char{\nfont-size:25px;\n}\n.av-special-heading.av-av_heading-51bb7cf0463f0ce57ba40f510f53e119 .av-subheading{\nfont-size:15px;\n}\n<\/style>\n<div  class='av-special-heading av-av_heading-51bb7cf0463f0ce57ba40f510f53e119 av-special-heading-h2  avia-builder-el-5  el_after_av_textblock  el_before_av_textblock '><h2 class='av-special-heading-tag '  itemprop=\"headline\"  >Charges sociales<\/h2><div class=\"special-heading-border\"><div class=\"special-heading-inner-border\"><\/div><\/div><\/div>\n<section  class='av_textblock_section av-k588jt0y-5713f99ce12df18748913dada92afd8b '   itemscope=\"itemscope\" itemtype=\"https:\/\/schema.org\/CreativeWork\" ><div class='avia_textblock'  itemprop=\"text\" ><p>Il n&#8217;y a pas de charge sociale (ni salariale, ni patronale) aux Emirats.<\/p>\n<p>Il est toutefois requis d&#8217;avoir une <a href=\"https:\/\/merritt.ae\/residence\/assurances\/\" target=\"_blank\" rel=\"noopener noreferrer\">assurance sant\u00e9<\/a> d\u00e8s que vous avez un visa de r\u00e9sidence.<\/p>\n<\/div><\/section>\n\n<style type=\"text\/css\" data-created_by=\"avia_inline_auto\" id=\"style-css-av-l24p8op9-0200231b6524bcbe547e4148746c4dd6\">\n#top .av-special-heading.av-l24p8op9-0200231b6524bcbe547e4148746c4dd6{\npadding-bottom:10px;\n}\nbody .av-special-heading.av-l24p8op9-0200231b6524bcbe547e4148746c4dd6 .av-special-heading-tag .heading-char{\nfont-size:25px;\n}\n.av-special-heading.av-l24p8op9-0200231b6524bcbe547e4148746c4dd6 .av-subheading{\nfont-size:15px;\n}\n<\/style>\n<div  class='av-special-heading av-l24p8op9-0200231b6524bcbe547e4148746c4dd6 av-special-heading-h2  avia-builder-el-7  el_after_av_textblock  el_before_av_textblock  av-linked-heading'><h2 class='av-special-heading-tag '  itemprop=\"headline\"  >Taxe sur les donations<\/h2><div class=\"special-heading-border\"><div class=\"special-heading-inner-border\"><\/div><\/div><\/div>\n<section  class='av_textblock_section av-l24p9y9i-26f8eb873ef35880b405b5ee043b9666 '   itemscope=\"itemscope\" itemtype=\"https:\/\/schema.org\/CreativeWork\" ><div class='avia_textblock'  itemprop=\"text\" ><p>Il n&#8217;y a pas de taxe sur les donations aux Emirats.<\/p>\n<p>Si un bien immobilier situ\u00e9 \u00e0 Dubai est donn\u00e9, il y 0,125% de taxe (calcul\u00e9e sur la valeur v\u00e9nal du bien donn\u00e9) si le bien est transmis \u00e0 une personne qui est &#8220;blood relative&#8221;. Dans le cas contraire, la taxe est de 4%.<\/p>\n<\/div><\/section>\n\n<style type=\"text\/css\" data-created_by=\"avia_inline_auto\" id=\"style-css-av-l24pa7qb-2ef9cfb86780b948545e99df970e1c58\">\n#top .av-special-heading.av-l24pa7qb-2ef9cfb86780b948545e99df970e1c58{\npadding-bottom:10px;\n}\nbody .av-special-heading.av-l24pa7qb-2ef9cfb86780b948545e99df970e1c58 .av-special-heading-tag .heading-char{\nfont-size:25px;\n}\n.av-special-heading.av-l24pa7qb-2ef9cfb86780b948545e99df970e1c58 .av-subheading{\nfont-size:15px;\n}\n<\/style>\n<div  class='av-special-heading av-l24pa7qb-2ef9cfb86780b948545e99df970e1c58 av-special-heading-h2  avia-builder-el-9  el_after_av_textblock  el_before_av_textblock  av-linked-heading'><h2 class='av-special-heading-tag '  itemprop=\"headline\"  >Taxe sur les successions<\/h2><div class=\"special-heading-border\"><div class=\"special-heading-inner-border\"><\/div><\/div><\/div>\n<section  class='av_textblock_section av-l24pbixb-09167d43549bf8313ff95cfd3ae59694 '   itemscope=\"itemscope\" itemtype=\"https:\/\/schema.org\/CreativeWork\" ><div class='avia_textblock'  itemprop=\"text\" ><p>Il n&#8217;y a pas de taxe sur les sucesssions aux Emirats.<\/p>\n<p>Si un bien immobilier situ\u00e9 \u00e0 Dubai est transmis dans le cadre d&#8217;une succession, il y 0,125% de taxe (calcul\u00e9e sur la valeur v\u00e9nal du bien donn\u00e9) si le bien est transmis \u00e0 une personne qui est &#8220;blood relative&#8221;. Dans le cas contraire, la taxe est de 4%.<\/p>\n<\/div><\/section>\n","protected":false},"excerpt":{"rendered":"","protected":false},"author":2,"featured_media":0,"parent":11127,"menu_order":3,"comment_status":"closed","ping_status":"closed","template":"","meta":{"inline_featured_image":false,"footnotes":""},"class_list":["post-5350","page","type-page","status-publish","hentry"],"yoast_head":"<!-- This site is optimized with the Yoast SEO plugin v26.9 - https:\/\/yoast.com\/product\/yoast-seo-wordpress\/ -->\n<title>Les taxes applicables sur les personnes physiques<\/title>\n<meta name=\"description\" content=\"TRES IMPORTANT. Cette page a pour objet de lister et de vous pr\u00e9senter toutes les taxes existantes aux Emirats. BONNE LECTURE.\" \/>\n<meta name=\"robots\" content=\"index, follow, max-snippet:-1, max-image-preview:large, max-video-preview:-1\" \/>\n<link rel=\"canonical\" href=\"https:\/\/merritt.ae\/fr\/residence\/taxes-applicables-personnes-physiques\/\" \/>\n<meta property=\"og:locale\" content=\"fr_FR\" \/>\n<meta property=\"og:type\" content=\"article\" \/>\n<meta property=\"og:title\" content=\"Les taxes applicables sur les personnes physiques\" \/>\n<meta property=\"og:description\" content=\"TRES IMPORTANT. Cette page a pour objet de lister et de vous pr\u00e9senter toutes les taxes existantes aux Emirats. BONNE LECTURE.\" \/>\n<meta property=\"og:url\" content=\"https:\/\/merritt.ae\/fr\/residence\/taxes-applicables-personnes-physiques\/\" \/>\n<meta property=\"og:site_name\" content=\"merritt.ae\" \/>\n<meta property=\"article:modified_time\" content=\"2022-04-18T12:38:16+00:00\" \/>\n<meta property=\"og:image\" content=\"https:\/\/merritt.ae\/wp-content\/uploads\/2021\/11\/ME-new-featured.jpg\" \/>\n\t<meta property=\"og:image:width\" content=\"1200\" \/>\n\t<meta property=\"og:image:height\" content=\"630\" \/>\n\t<meta property=\"og:image:type\" content=\"image\/jpeg\" \/>\n<meta name=\"twitter:card\" content=\"summary_large_image\" \/>\n<meta name=\"twitter:label1\" content=\"Dur\u00e9e de lecture estim\u00e9e\" \/>\n\t<meta name=\"twitter:data1\" content=\"5 minutes\" \/>\n<script type=\"application\/ld+json\" class=\"yoast-schema-graph\">{\"@context\":\"https:\/\/schema.org\",\"@graph\":[{\"@type\":\"WebPage\",\"@id\":\"https:\/\/merritt.ae\/fr\/residence\/taxes-applicables-personnes-physiques\/\",\"url\":\"https:\/\/merritt.ae\/fr\/residence\/taxes-applicables-personnes-physiques\/\",\"name\":\"Les taxes applicables sur les personnes physiques\",\"isPartOf\":{\"@id\":\"https:\/\/merritt.ae\/#website\"},\"datePublished\":\"2019-12-09T12:52:17+00:00\",\"dateModified\":\"2022-04-18T12:38:16+00:00\",\"description\":\"TRES IMPORTANT. Cette page a pour objet de lister et de vous pr\u00e9senter toutes les taxes existantes aux Emirats. BONNE LECTURE.\",\"breadcrumb\":{\"@id\":\"https:\/\/merritt.ae\/fr\/residence\/taxes-applicables-personnes-physiques\/#breadcrumb\"},\"inLanguage\":\"fr-FR\",\"potentialAction\":[{\"@type\":\"ReadAction\",\"target\":[\"https:\/\/merritt.ae\/fr\/residence\/taxes-applicables-personnes-physiques\/\"]}]},{\"@type\":\"BreadcrumbList\",\"@id\":\"https:\/\/merritt.ae\/fr\/residence\/taxes-applicables-personnes-physiques\/#breadcrumb\",\"itemListElement\":[{\"@type\":\"ListItem\",\"position\":1,\"name\":\"Home\",\"item\":\"https:\/\/merritt.ae\/fr\/accueil\/\"},{\"@type\":\"ListItem\",\"position\":2,\"name\":\"R\u00e9sidence \u00e0 Dubai\",\"item\":\"https:\/\/merritt.ae\/fr\/residence\/\"},{\"@type\":\"ListItem\",\"position\":3,\"name\":\"Taxes applicables sur les personnes physiques\"}]},{\"@type\":\"WebSite\",\"@id\":\"https:\/\/merritt.ae\/#website\",\"url\":\"https:\/\/merritt.ae\/\",\"name\":\"merritt.ae\",\"description\":\"\",\"publisher\":{\"@id\":\"https:\/\/merritt.ae\/#organization\"},\"potentialAction\":[{\"@type\":\"SearchAction\",\"target\":{\"@type\":\"EntryPoint\",\"urlTemplate\":\"https:\/\/merritt.ae\/?s={search_term_string}\"},\"query-input\":{\"@type\":\"PropertyValueSpecification\",\"valueRequired\":true,\"valueName\":\"search_term_string\"}}],\"inLanguage\":\"fr-FR\"},{\"@type\":\"Organization\",\"@id\":\"https:\/\/merritt.ae\/#organization\",\"name\":\"merritt.ae\",\"url\":\"https:\/\/merritt.ae\/\",\"logo\":{\"@type\":\"ImageObject\",\"inLanguage\":\"fr-FR\",\"@id\":\"https:\/\/merritt.ae\/#\/schema\/logo\/image\/\",\"url\":\"https:\/\/merritt.ae\/wp-content\/uploads\/2021\/11\/ME-new-featured.jpg\",\"contentUrl\":\"https:\/\/merritt.ae\/wp-content\/uploads\/2021\/11\/ME-new-featured.jpg\",\"width\":1200,\"height\":630,\"caption\":\"merritt.ae\"},\"image\":{\"@id\":\"https:\/\/merritt.ae\/#\/schema\/logo\/image\/\"}}]}<\/script>\n<!-- \/ Yoast SEO plugin. -->","yoast_head_json":{"title":"Les taxes applicables sur les personnes physiques","description":"TRES IMPORTANT. Cette page a pour objet de lister et de vous pr\u00e9senter toutes les taxes existantes aux Emirats. BONNE LECTURE.","robots":{"index":"index","follow":"follow","max-snippet":"max-snippet:-1","max-image-preview":"max-image-preview:large","max-video-preview":"max-video-preview:-1"},"canonical":"https:\/\/merritt.ae\/fr\/residence\/taxes-applicables-personnes-physiques\/","og_locale":"fr_FR","og_type":"article","og_title":"Les taxes applicables sur les personnes physiques","og_description":"TRES IMPORTANT. Cette page a pour objet de lister et de vous pr\u00e9senter toutes les taxes existantes aux Emirats. BONNE LECTURE.","og_url":"https:\/\/merritt.ae\/fr\/residence\/taxes-applicables-personnes-physiques\/","og_site_name":"merritt.ae","article_modified_time":"2022-04-18T12:38:16+00:00","og_image":[{"width":1200,"height":630,"url":"https:\/\/merritt.ae\/wp-content\/uploads\/2021\/11\/ME-new-featured.jpg","type":"image\/jpeg"}],"twitter_card":"summary_large_image","twitter_misc":{"Dur\u00e9e de lecture estim\u00e9e":"5 minutes"},"schema":{"@context":"https:\/\/schema.org","@graph":[{"@type":"WebPage","@id":"https:\/\/merritt.ae\/fr\/residence\/taxes-applicables-personnes-physiques\/","url":"https:\/\/merritt.ae\/fr\/residence\/taxes-applicables-personnes-physiques\/","name":"Les taxes applicables sur les personnes physiques","isPartOf":{"@id":"https:\/\/merritt.ae\/#website"},"datePublished":"2019-12-09T12:52:17+00:00","dateModified":"2022-04-18T12:38:16+00:00","description":"TRES IMPORTANT. Cette page a pour objet de lister et de vous pr\u00e9senter toutes les taxes existantes aux Emirats. BONNE LECTURE.","breadcrumb":{"@id":"https:\/\/merritt.ae\/fr\/residence\/taxes-applicables-personnes-physiques\/#breadcrumb"},"inLanguage":"fr-FR","potentialAction":[{"@type":"ReadAction","target":["https:\/\/merritt.ae\/fr\/residence\/taxes-applicables-personnes-physiques\/"]}]},{"@type":"BreadcrumbList","@id":"https:\/\/merritt.ae\/fr\/residence\/taxes-applicables-personnes-physiques\/#breadcrumb","itemListElement":[{"@type":"ListItem","position":1,"name":"Home","item":"https:\/\/merritt.ae\/fr\/accueil\/"},{"@type":"ListItem","position":2,"name":"R\u00e9sidence \u00e0 Dubai","item":"https:\/\/merritt.ae\/fr\/residence\/"},{"@type":"ListItem","position":3,"name":"Taxes applicables sur les personnes physiques"}]},{"@type":"WebSite","@id":"https:\/\/merritt.ae\/#website","url":"https:\/\/merritt.ae\/","name":"merritt.ae","description":"","publisher":{"@id":"https:\/\/merritt.ae\/#organization"},"potentialAction":[{"@type":"SearchAction","target":{"@type":"EntryPoint","urlTemplate":"https:\/\/merritt.ae\/?s={search_term_string}"},"query-input":{"@type":"PropertyValueSpecification","valueRequired":true,"valueName":"search_term_string"}}],"inLanguage":"fr-FR"},{"@type":"Organization","@id":"https:\/\/merritt.ae\/#organization","name":"merritt.ae","url":"https:\/\/merritt.ae\/","logo":{"@type":"ImageObject","inLanguage":"fr-FR","@id":"https:\/\/merritt.ae\/#\/schema\/logo\/image\/","url":"https:\/\/merritt.ae\/wp-content\/uploads\/2021\/11\/ME-new-featured.jpg","contentUrl":"https:\/\/merritt.ae\/wp-content\/uploads\/2021\/11\/ME-new-featured.jpg","width":1200,"height":630,"caption":"merritt.ae"},"image":{"@id":"https:\/\/merritt.ae\/#\/schema\/logo\/image\/"}}]}},"_links":{"self":[{"href":"https:\/\/merritt.ae\/fr\/wp-json\/wp\/v2\/pages\/5350","targetHints":{"allow":["GET"]}}],"collection":[{"href":"https:\/\/merritt.ae\/fr\/wp-json\/wp\/v2\/pages"}],"about":[{"href":"https:\/\/merritt.ae\/fr\/wp-json\/wp\/v2\/types\/page"}],"author":[{"embeddable":true,"href":"https:\/\/merritt.ae\/fr\/wp-json\/wp\/v2\/users\/2"}],"replies":[{"embeddable":true,"href":"https:\/\/merritt.ae\/fr\/wp-json\/wp\/v2\/comments?post=5350"}],"version-history":[{"count":8,"href":"https:\/\/merritt.ae\/fr\/wp-json\/wp\/v2\/pages\/5350\/revisions"}],"predecessor-version":[{"id":16514,"href":"https:\/\/merritt.ae\/fr\/wp-json\/wp\/v2\/pages\/5350\/revisions\/16514"}],"up":[{"embeddable":true,"href":"https:\/\/merritt.ae\/fr\/wp-json\/wp\/v2\/pages\/11127"}],"wp:attachment":[{"href":"https:\/\/merritt.ae\/fr\/wp-json\/wp\/v2\/media?parent=5350"}],"curies":[{"name":"wp","href":"https:\/\/api.w.org\/{rel}","templated":true}]}}