{"id":5336,"date":"2019-12-09T12:50:39","date_gmt":"2019-12-09T12:50:39","guid":{"rendered":"https:\/\/merritt.ae\/?page_id=5336"},"modified":"2023-06-01T12:41:48","modified_gmt":"2023-06-01T08:41:48","slug":"package-exclusif-societe-emirats","status":"publish","type":"page","link":"https:\/\/merritt.ae\/fr\/societe\/package-exclusif-societe-emirats\/","title":{"rendered":"Notre package exclusif pour le suivi de votre soci\u00e9t\u00e9 aux Emirats"},"content":{"rendered":"<div id='full_slider_1'  class='avia-fullwidth-slider main_color avia-shadow   avia-builder-el-0  el_before_av_textblock  avia-builder-el-first   container_wrap sidebar_right'  >\n<style type=\"text\/css\" data-created_by=\"avia_inline_auto\" id=\"style-css-av-k4h1ry94-4726c920e5c2f38998ccb07a8eb3cca0\">\n#top #wrap_all .avia-slideshow .av-slideshow-caption.av-k4h1ry94-4726c920e5c2f38998ccb07a8eb3cca0__0 .avia-caption-title{\ncolor:#ffffff;\n}\n<\/style>\n<div  class='avia-slideshow av-k4h1ry94-4726c920e5c2f38998ccb07a8eb3cca0 avia-slideshow-featured av_slideshow_full avia-slide-slider av-slideshow-ui av-control-default av-slideshow-manual av-loop-once av-loop-manual-endless av-default-height-applied   avia-slideshow-1' data-slideshow-options=\"{&quot;animation&quot;:&quot;slide&quot;,&quot;autoplay&quot;:false,&quot;loop_autoplay&quot;:&quot;once&quot;,&quot;interval&quot;:5,&quot;loop_manual&quot;:&quot;manual-endless&quot;,&quot;autoplay_stopper&quot;:false,&quot;noNavigation&quot;:false,&quot;bg_slider&quot;:false,&quot;keep_padding&quot;:false,&quot;hoverpause&quot;:false,&quot;show_slide_delay&quot;:0}\"  itemprop=\"image\" itemscope=\"itemscope\" itemtype=\"https:\/\/schema.org\/ImageObject\" ><ul class='avia-slideshow-inner ' style='padding-bottom: 28.666666666667%;'><li  class='avia-slideshow-slide av-k4h1ry94-4726c920e5c2f38998ccb07a8eb3cca0__0  av-single-slide slide-1 slide-odd'><div data-rel='slideshow-1' class='avia-slide-wrap '   ><div class='av-slideshow-caption av-k4h1ry94-4726c920e5c2f38998ccb07a8eb3cca0__0 caption_fullwidth caption_center caption_center_framed caption_framed'><div class=\"container caption_container\"><div class=\"slideshow_caption\"><div class=\"slideshow_inner_caption\"><div class=\"slideshow_align_caption\"><h2 class='avia-caption-title '  itemprop=\"name\" >Notre package exclusif pour le suivi de votre soci\u00e9t\u00e9 aux Emirats!<\/h2><div class='avia-caption-content av_inherit_color'  itemprop=\"description\" ><p>Nous vous proposons un package complet avec le meilleur rapport qualit\u00e9-prix-services des Emirats!<\/p>\n<\/div><\/div><\/div><\/div><\/div><\/div><img decoding=\"async\" fetchpriority=\"high\" class=\"wp-image-5697 avia-img-lazy-loading-not-5697\"  src=\"https:\/\/merritt.ae\/wp-content\/uploads\/2019\/12\/Marina-1500x430.jpg\" width=\"1500\" height=\"430\" title='Marina' alt=''  itemprop=\"thumbnailUrl\"   \/><\/div><\/li><\/ul><\/div><\/div><div id='after_full_slider_1'  class='main_color av_default_container_wrap container_wrap sidebar_right'  ><div class='container av-section-cont-open' ><div class='template-page content  av-content-small alpha units'><div class='post-entry post-entry-type-page post-entry-5336'><div class='entry-content-wrapper clearfix'>\n<section  class='av_textblock_section av-k5b01wrs-87bba944d451cf2b6feb3615a1172d30 '   itemscope=\"itemscope\" itemtype=\"https:\/\/schema.org\/CreativeWork\" ><div class='avia_textblock'  itemprop=\"text\" ><p>Pour b\u00e9n\u00e9ficier des services et de toutes les comp\u00e9tences de notre cabinet, nous proposons un package unique sur le march\u00e9\u00a0comprenant:<br \/>\n&#8211; <strong>Company license renewal assistance<\/strong> -&gt; assistance pour le renouvellement de votre soci\u00e9t\u00e9 aupr\u00e8s des Autorit\u00e9s<br \/>\n&#8211; <strong>Relationship with third parties<\/strong> -&gt; gestion des relations avec les tiers (Registre, Service de l\u2019immigration, bailleur, etc.)<br \/>\n&#8211; <strong>Annual general meeting (AGM)<\/strong> -&gt; r\u00e9daction du PV d\u2019Assembl\u00e9e g\u00e9n\u00e9rale (obligation l\u00e9gale)<br \/>\n&#8211; <strong>Company Records<\/strong> -&gt; archivage des documents de votre soci\u00e9t\u00e9 pendant 5 ans (obligation l\u00e9gale)<br \/>\n&#8211; <strong>UNLIMITED after-sale support concerning your company in the UAE<\/strong> -&gt; support client illimit\u00e9 pour r\u00e9pondre \u00e0 toutes vos questions<br \/>\n&#8211; <strong>Coordination with Accountant &amp; Auditor<\/strong> -&gt; coordination avec le comptable et le Commissaire aux comptes de votre soci\u00e9t\u00e9<br \/>\n&#8211; <strong>Subscription to Merritt Update<\/strong> -&gt; veille juridique, fiscale et sociale sur les Emirats envoy\u00e9e par email<br \/>\n&#8211; <strong>UNLIMITED access to Merritt.guide<\/strong> -&gt; informations utiles pour votre soci\u00e9t\u00e9 et votre r\u00e9sidence aux Emirats<br \/>\n&#8211; <strong>Maintenance of UBO Register<\/strong> -&gt; suivi du Registre des b\u00e9n\u00e9ficiaires finaux (obligation l\u00e9gale)<br \/>\n&#8211; <strong>Correspondence address in Dubai (including UNLIMITED scan and forward of your mails and courier)<\/strong> -&gt; scan\/renvoi\/archivage de votre courrier d\u00e8s qu\u2019il arrive selon vos instructions<br \/>\n&#8211; <strong>FREE shared telephone number in the UAE (with answering in English and Arabic)<\/strong> -&gt; num\u00e9ro de t\u00e9l\u00e9phone partag\u00e9 avec secr\u00e9tariat t\u00e9l\u00e9phonique en anglais et en arabe<br \/>\n&#8211; <strong>FREE domain name + WordPress pre-installed + emails<\/strong> -&gt; nom de domaine + installation d\u2019un site vitrine WordPress + adresses email sur un serveur situ\u00e9 \u00e0 Duba\u00ef<\/p>\n<p><strong>Son co\u00fbt est de AED 5000 par an!<br \/>\n<\/strong><em>Ce co\u00fbt est forfaitaire quelque soit le type de soci\u00e9t\u00e9 (Free-zone, Mainland) et le Registre (IFZA, DMCC, DED, etc.).<\/em><strong><br \/>\n<\/strong><\/p>\n<p>Cette prestation est factur\u00e9e 1 fois par \u00e0 la date d&#8217;anniversaire d&#8217;immatricualtion de votre soci\u00e9t\u00e9.<\/p>\n<p>Si vous avez plusieurs soci\u00e9t\u00e9s, nous proposons les remises suivantes:<br \/>\n&#8211; 1 soci\u00e9t\u00e9: non applicable;<br \/>\n&#8211; 2 soci\u00e9t\u00e9s: 10% de remise sur les 2 soci\u00e9t\u00e9s;<br \/>\n&#8211; 3 soci\u00e9t\u00e9s: 20% de remise sur les 3 soci\u00e9t\u00e9s;<br \/>\n&#8211; 4 soci\u00e9t\u00e9s: 30% de remise sur les 4 soci\u00e9t\u00e9s;<br \/>\n&#8211; \u00e0 partir de 5 soci\u00e9t\u00e9s: 40% de sur chaque soci\u00e9t\u00e9.<\/p>\n<p>Pour en savoir plus et souscrire \u00e0 notre service, nous vous invitons \u00e0 nous contacter \u00e0 <a href=\"mailto:support@merritt.group\">support@merritt.group<\/a>.<\/p>\n<\/div><\/section>\n","protected":false},"excerpt":{"rendered":"","protected":false},"author":2,"featured_media":0,"parent":11084,"menu_order":8,"comment_status":"closed","ping_status":"closed","template":"","meta":{"inline_featured_image":false,"footnotes":""},"class_list":["post-5336","page","type-page","status-publish","hentry"],"yoast_head":"<!-- This site is optimized with the Yoast SEO plugin v26.9 - https:\/\/yoast.com\/product\/yoast-seo-wordpress\/ -->\n<title>Notre package exclusif pour votre soci\u00e9t\u00e9 \u00e0 Duba\u00ef!<\/title>\n<meta name=\"description\" content=\"Le meilleur rapport qualit\u00e9-prix-services des Emirats: notre package exclusif pour la cr\u00e9ation et le renouvellement de votre soci\u00e9t\u00e9 aux Emirats!\" \/>\n<meta name=\"robots\" content=\"index, follow, max-snippet:-1, max-image-preview:large, max-video-preview:-1\" \/>\n<link rel=\"canonical\" href=\"https:\/\/merritt.ae\/company\/our-exclusive-package-for-the-maintenance-of-your-company-in-the-emirates\/\" \/>\n<meta property=\"og:locale\" content=\"fr_FR\" \/>\n<meta property=\"og:type\" content=\"article\" \/>\n<meta property=\"og:title\" content=\"Notre package exclusif pour votre soci\u00e9t\u00e9 \u00e0 Duba\u00ef!\" \/>\n<meta property=\"og:description\" content=\"Le meilleur rapport qualit\u00e9-prix-services des Emirats: notre package exclusif pour la cr\u00e9ation et le renouvellement de votre soci\u00e9t\u00e9 aux Emirats!\" \/>\n<meta property=\"og:url\" content=\"https:\/\/merritt.ae\/company\/our-exclusive-package-for-the-maintenance-of-your-company-in-the-emirates\/\" \/>\n<meta property=\"og:site_name\" content=\"merritt.ae\" \/>\n<meta property=\"article:modified_time\" content=\"2023-06-01T08:41:48+00:00\" \/>\n<meta property=\"og:image\" content=\"https:\/\/merritt.ae\/wp-content\/uploads\/2021\/11\/ME-new-featured.jpg\" \/>\n\t<meta property=\"og:image:width\" content=\"1200\" \/>\n\t<meta property=\"og:image:height\" content=\"630\" \/>\n\t<meta property=\"og:image:type\" content=\"image\/jpeg\" \/>\n<meta name=\"twitter:card\" content=\"summary_large_image\" \/>\n<meta name=\"twitter:label1\" content=\"Dur\u00e9e de lecture estim\u00e9e\" \/>\n\t<meta name=\"twitter:data1\" content=\"2 minutes\" \/>\n<script type=\"application\/ld+json\" class=\"yoast-schema-graph\">{\"@context\":\"https:\/\/schema.org\",\"@graph\":[{\"@type\":\"WebPage\",\"@id\":\"https:\/\/merritt.ae\/company\/our-exclusive-package-for-the-maintenance-of-your-company-in-the-emirates\/\",\"url\":\"https:\/\/merritt.ae\/company\/our-exclusive-package-for-the-maintenance-of-your-company-in-the-emirates\/\",\"name\":\"Notre package exclusif pour votre soci\u00e9t\u00e9 \u00e0 Duba\u00ef!\",\"isPartOf\":{\"@id\":\"https:\/\/merritt.ae\/#website\"},\"datePublished\":\"2019-12-09T12:50:39+00:00\",\"dateModified\":\"2023-06-01T08:41:48+00:00\",\"description\":\"Le meilleur rapport qualit\u00e9-prix-services des Emirats: notre package exclusif pour la cr\u00e9ation et le renouvellement de votre soci\u00e9t\u00e9 aux Emirats!\",\"breadcrumb\":{\"@id\":\"https:\/\/merritt.ae\/company\/our-exclusive-package-for-the-maintenance-of-your-company-in-the-emirates\/#breadcrumb\"},\"inLanguage\":\"fr-FR\",\"potentialAction\":[{\"@type\":\"ReadAction\",\"target\":[\"https:\/\/merritt.ae\/company\/our-exclusive-package-for-the-maintenance-of-your-company-in-the-emirates\/\"]}]},{\"@type\":\"BreadcrumbList\",\"@id\":\"https:\/\/merritt.ae\/company\/our-exclusive-package-for-the-maintenance-of-your-company-in-the-emirates\/#breadcrumb\",\"itemListElement\":[{\"@type\":\"ListItem\",\"position\":1,\"name\":\"Home\",\"item\":\"https:\/\/merritt.ae\/fr\/accueil\/\"},{\"@type\":\"ListItem\",\"position\":2,\"name\":\"Soci\u00e9t\u00e9 \u00e0 Dubai\",\"item\":\"https:\/\/merritt.ae\/fr\/societe\/\"},{\"@type\":\"ListItem\",\"position\":3,\"name\":\"Notre package exclusif pour le suivi de votre soci\u00e9t\u00e9 aux Emirats\"}]},{\"@type\":\"WebSite\",\"@id\":\"https:\/\/merritt.ae\/#website\",\"url\":\"https:\/\/merritt.ae\/\",\"name\":\"merritt.ae\",\"description\":\"\",\"publisher\":{\"@id\":\"https:\/\/merritt.ae\/#organization\"},\"potentialAction\":[{\"@type\":\"SearchAction\",\"target\":{\"@type\":\"EntryPoint\",\"urlTemplate\":\"https:\/\/merritt.ae\/?s={search_term_string}\"},\"query-input\":{\"@type\":\"PropertyValueSpecification\",\"valueRequired\":true,\"valueName\":\"search_term_string\"}}],\"inLanguage\":\"fr-FR\"},{\"@type\":\"Organization\",\"@id\":\"https:\/\/merritt.ae\/#organization\",\"name\":\"merritt.ae\",\"url\":\"https:\/\/merritt.ae\/\",\"logo\":{\"@type\":\"ImageObject\",\"inLanguage\":\"fr-FR\",\"@id\":\"https:\/\/merritt.ae\/#\/schema\/logo\/image\/\",\"url\":\"https:\/\/merritt.ae\/wp-content\/uploads\/2021\/11\/ME-new-featured.jpg\",\"contentUrl\":\"https:\/\/merritt.ae\/wp-content\/uploads\/2021\/11\/ME-new-featured.jpg\",\"width\":1200,\"height\":630,\"caption\":\"merritt.ae\"},\"image\":{\"@id\":\"https:\/\/merritt.ae\/#\/schema\/logo\/image\/\"}}]}<\/script>\n<!-- \/ Yoast SEO plugin. -->","yoast_head_json":{"title":"Notre package exclusif pour votre soci\u00e9t\u00e9 \u00e0 Duba\u00ef!","description":"Le meilleur rapport qualit\u00e9-prix-services des Emirats: notre package exclusif pour la cr\u00e9ation et le renouvellement de votre soci\u00e9t\u00e9 aux Emirats!","robots":{"index":"index","follow":"follow","max-snippet":"max-snippet:-1","max-image-preview":"max-image-preview:large","max-video-preview":"max-video-preview:-1"},"canonical":"https:\/\/merritt.ae\/company\/our-exclusive-package-for-the-maintenance-of-your-company-in-the-emirates\/","og_locale":"fr_FR","og_type":"article","og_title":"Notre package exclusif pour votre soci\u00e9t\u00e9 \u00e0 Duba\u00ef!","og_description":"Le meilleur rapport qualit\u00e9-prix-services des Emirats: notre package exclusif pour la cr\u00e9ation et le renouvellement de votre soci\u00e9t\u00e9 aux Emirats!","og_url":"https:\/\/merritt.ae\/company\/our-exclusive-package-for-the-maintenance-of-your-company-in-the-emirates\/","og_site_name":"merritt.ae","article_modified_time":"2023-06-01T08:41:48+00:00","og_image":[{"width":1200,"height":630,"url":"https:\/\/merritt.ae\/wp-content\/uploads\/2021\/11\/ME-new-featured.jpg","type":"image\/jpeg"}],"twitter_card":"summary_large_image","twitter_misc":{"Dur\u00e9e de lecture estim\u00e9e":"2 minutes"},"schema":{"@context":"https:\/\/schema.org","@graph":[{"@type":"WebPage","@id":"https:\/\/merritt.ae\/company\/our-exclusive-package-for-the-maintenance-of-your-company-in-the-emirates\/","url":"https:\/\/merritt.ae\/company\/our-exclusive-package-for-the-maintenance-of-your-company-in-the-emirates\/","name":"Notre package exclusif pour votre soci\u00e9t\u00e9 \u00e0 Duba\u00ef!","isPartOf":{"@id":"https:\/\/merritt.ae\/#website"},"datePublished":"2019-12-09T12:50:39+00:00","dateModified":"2023-06-01T08:41:48+00:00","description":"Le meilleur rapport qualit\u00e9-prix-services des Emirats: notre package exclusif pour la cr\u00e9ation et le renouvellement de votre soci\u00e9t\u00e9 aux Emirats!","breadcrumb":{"@id":"https:\/\/merritt.ae\/company\/our-exclusive-package-for-the-maintenance-of-your-company-in-the-emirates\/#breadcrumb"},"inLanguage":"fr-FR","potentialAction":[{"@type":"ReadAction","target":["https:\/\/merritt.ae\/company\/our-exclusive-package-for-the-maintenance-of-your-company-in-the-emirates\/"]}]},{"@type":"BreadcrumbList","@id":"https:\/\/merritt.ae\/company\/our-exclusive-package-for-the-maintenance-of-your-company-in-the-emirates\/#breadcrumb","itemListElement":[{"@type":"ListItem","position":1,"name":"Home","item":"https:\/\/merritt.ae\/fr\/accueil\/"},{"@type":"ListItem","position":2,"name":"Soci\u00e9t\u00e9 \u00e0 Dubai","item":"https:\/\/merritt.ae\/fr\/societe\/"},{"@type":"ListItem","position":3,"name":"Notre package exclusif pour le suivi de votre soci\u00e9t\u00e9 aux Emirats"}]},{"@type":"WebSite","@id":"https:\/\/merritt.ae\/#website","url":"https:\/\/merritt.ae\/","name":"merritt.ae","description":"","publisher":{"@id":"https:\/\/merritt.ae\/#organization"},"potentialAction":[{"@type":"SearchAction","target":{"@type":"EntryPoint","urlTemplate":"https:\/\/merritt.ae\/?s={search_term_string}"},"query-input":{"@type":"PropertyValueSpecification","valueRequired":true,"valueName":"search_term_string"}}],"inLanguage":"fr-FR"},{"@type":"Organization","@id":"https:\/\/merritt.ae\/#organization","name":"merritt.ae","url":"https:\/\/merritt.ae\/","logo":{"@type":"ImageObject","inLanguage":"fr-FR","@id":"https:\/\/merritt.ae\/#\/schema\/logo\/image\/","url":"https:\/\/merritt.ae\/wp-content\/uploads\/2021\/11\/ME-new-featured.jpg","contentUrl":"https:\/\/merritt.ae\/wp-content\/uploads\/2021\/11\/ME-new-featured.jpg","width":1200,"height":630,"caption":"merritt.ae"},"image":{"@id":"https:\/\/merritt.ae\/#\/schema\/logo\/image\/"}}]}},"_links":{"self":[{"href":"https:\/\/merritt.ae\/fr\/wp-json\/wp\/v2\/pages\/5336","targetHints":{"allow":["GET"]}}],"collection":[{"href":"https:\/\/merritt.ae\/fr\/wp-json\/wp\/v2\/pages"}],"about":[{"href":"https:\/\/merritt.ae\/fr\/wp-json\/wp\/v2\/types\/page"}],"author":[{"embeddable":true,"href":"https:\/\/merritt.ae\/fr\/wp-json\/wp\/v2\/users\/2"}],"replies":[{"embeddable":true,"href":"https:\/\/merritt.ae\/fr\/wp-json\/wp\/v2\/comments?post=5336"}],"version-history":[{"count":26,"href":"https:\/\/merritt.ae\/fr\/wp-json\/wp\/v2\/pages\/5336\/revisions"}],"predecessor-version":[{"id":16962,"href":"https:\/\/merritt.ae\/fr\/wp-json\/wp\/v2\/pages\/5336\/revisions\/16962"}],"up":[{"embeddable":true,"href":"https:\/\/merritt.ae\/fr\/wp-json\/wp\/v2\/pages\/11084"}],"wp:attachment":[{"href":"https:\/\/merritt.ae\/fr\/wp-json\/wp\/v2\/media?parent=5336"}],"curies":[{"name":"wp","href":"https:\/\/api.w.org\/{rel}","templated":true}]}}