{"id":5333,"date":"2019-12-09T12:50:15","date_gmt":"2019-12-09T12:50:15","guid":{"rendered":"https:\/\/merritt.ae\/?page_id=5333"},"modified":"2024-01-08T17:06:50","modified_gmt":"2024-01-08T13:06:50","slug":"banque-pro","status":"publish","type":"page","link":"https:\/\/merritt.ae\/fr\/compte-bancaire-dubai\/banque-pro\/","title":{"rendered":"Le compte bancaire professionnel"},"content":{"rendered":"<div id='full_slider_1'  class='avia-fullwidth-slider main_color avia-shadow   avia-builder-el-0  el_before_av_textblock  avia-builder-el-first   container_wrap sidebar_right'  >\n<style type=\"text\/css\" data-created_by=\"avia_inline_auto\" id=\"style-css-av-32po1x-353bc45e291a718da12f5178de59ab81\">\n#top #wrap_all .avia-slideshow .av-slideshow-caption.av-32po1x-353bc45e291a718da12f5178de59ab81__0 .avia-caption-title{\ncolor:#ffffff;\n}\n<\/style>\n<div  class='avia-slideshow av-32po1x-353bc45e291a718da12f5178de59ab81 avia-slideshow-featured av_slideshow_full avia-slide-slider av-slideshow-ui av-control-default av-slideshow-manual av-loop-once av-loop-manual-endless av-default-height-applied   avia-slideshow-1' data-slideshow-options=\"{&quot;animation&quot;:&quot;slide&quot;,&quot;autoplay&quot;:false,&quot;loop_autoplay&quot;:&quot;once&quot;,&quot;interval&quot;:5,&quot;loop_manual&quot;:&quot;manual-endless&quot;,&quot;autoplay_stopper&quot;:false,&quot;noNavigation&quot;:false,&quot;bg_slider&quot;:false,&quot;keep_padding&quot;:false,&quot;hoverpause&quot;:false,&quot;show_slide_delay&quot;:0}\"  itemprop=\"image\" itemscope=\"itemscope\" itemtype=\"https:\/\/schema.org\/ImageObject\" ><ul class='avia-slideshow-inner ' style='padding-bottom: 28.666666666667%;'><li  class='avia-slideshow-slide av-32po1x-353bc45e291a718da12f5178de59ab81__0  av-single-slide slide-1 slide-odd'><div data-rel='slideshow-1' class='avia-slide-wrap '   ><div class='av-slideshow-caption av-32po1x-353bc45e291a718da12f5178de59ab81__0 caption_fullwidth caption_center caption_center_framed caption_framed'><div class=\"container caption_container\"><div class=\"slideshow_caption\"><div class=\"slideshow_inner_caption\"><div class=\"slideshow_align_caption\"><h2 class='avia-caption-title '  itemprop=\"name\" >Compte bancaire professionnel \u00e0 Dubai<\/h2><\/div><\/div><\/div><\/div><\/div><img decoding=\"async\" fetchpriority=\"high\" class=\"wp-image-5697 avia-img-lazy-loading-not-5697\"  src=\"https:\/\/merritt.ae\/wp-content\/uploads\/2019\/12\/Marina-1500x430.jpg\" width=\"1500\" height=\"430\" title='Marina' alt=''  itemprop=\"thumbnailUrl\"   \/><\/div><\/li><\/ul><\/div><\/div><div id='after_full_slider_1'  class='main_color av_default_container_wrap container_wrap sidebar_right'  ><div class='container av-section-cont-open' ><div class='template-page content  av-content-small alpha units'><div class='post-entry post-entry-type-page post-entry-5333'><div class='entry-content-wrapper clearfix'>\n<section  class='av_textblock_section av-k447ikvs-eceba49324d1942fe564fdd5debb9018 '   itemscope=\"itemscope\" itemtype=\"https:\/\/schema.org\/CreativeWork\" ><div class='avia_textblock'  itemprop=\"text\" ><p>Nous travaillons avec plusieurs banques aux \u00c9mirats pour l&#8217;ouverture de compte bancaire pour les soci\u00e9t\u00e9s de nos clients. Une ouverture de compte reste compliqu\u00e9e, quelque soit la taille de la soci\u00e9t\u00e9. Il est donc conseill\u00e9 de pr\u00e9parer au mieux le dossier d&#8217;ouverture du compte pour que la banque classe cette demande d&#8217;ouverture en risque &#8220;faible&#8221;.<\/p>\n<p>Un client sera class\u00e9 par une banque \u00e0 \u00ab risqu\u00e9 \u00e9lev\u00e9 \u00bb si:<br \/>\n&#8211; Si sa soci\u00e9t\u00e9 est enregistr\u00e9e aupr\u00e8s d&#8217;un Registre aux \u00c9mirats mal r\u00e9put\u00e9;<br \/>\n&#8211; L&#8217;associ\u00e9 n\u2019est pas r\u00e9sident des \u00c9mirats;<br \/>\n&#8211; La future activit\u00e9 de la soci\u00e9t\u00e9 n\u2019est pas claire ou trop g\u00e9n\u00e9rale;<br \/>\n&#8211; Le client n\u2019a aucune exp\u00e9rience professionnelle ou une source des fonds non claires;<br \/>\n&#8211; Les relev\u00e9s bancaires personnels pr\u00e9sent\u00e9s montre un solde n\u00e9gatif, faible ou incoh\u00e9rent avec la future activit\u00e9 de la soci\u00e9t\u00e9.<br \/>\nDans ces cas, il y a un risque <u>r\u00e9el<\/u> que le banquier refuse l\u2019ouverture d\u2019un compte ou demande des pr\u00e9cisions compl\u00e9mentaires, ce qui n\u00e9cessitera alors plus de temps pour ouvrir un compte (minimum 1 mois et demi\u2026).<\/p>\n<p>Vous trouverez ci-dessous un descriptif de plusieurs banques situ\u00e9es \u00e0 Duba\u00ef acceptant l\u2019ouverture de compte pour des soci\u00e9t\u00e9s immatricul\u00e9es aux \u00c9mirats. Leurs noms ne sont pas cit\u00e9s mais n\u2019h\u00e9sitez pas \u00e0 <a href=\"https:\/\/merritt.ae\/fr\/qui-sommes-nous\/\" target=\"_blank\" rel=\"noopener\">nous contacter<\/a> pour conna\u00eetre leur nom.<\/p>\n<\/div><\/section>\n<div class='avia-data-table-wrap av-lqf4gl-9cfcaa303df46561655bfe711e57b3fc avia_responsive_table avia-table-1'><table  class='avia-table avia-data-table avia_pricing_default  avia-builder-el-2  el_after_av_textblock  el_before_av_textblock '  itemscope=\"itemscope\" itemtype=\"https:\/\/schema.org\/Table\" ><tbody><tr class=''><td class=''>Nom de la banque<\/td><td class=''>Profil de la banque<\/td><td class=''>Ouverture \u00e0 distance<br \/>\n<\/td><td class=''>Conditions<\/td><td class=''>Deposit<\/td><td class=''>D\u00e9lais pour ouverture d\u2019un compte<\/td><\/tr><tr class=''><td class=''>Banque A<\/td><td class=''>Banque traditionnelle aux Emirats<\/td><td class=''>Non<\/td><td class=''>Documents de la soci\u00e9t\u00e9 + EmiratesID + tenancy contract ou Ejari (bail) d\u2019un bureau + justificatifs professionnels<\/td><td class=''>AED 50 000<\/td><td class=''>1 mois<\/td><\/tr><tr class=''><td class=''>Banque B<\/td><td class=''>Banque traditionnelle aux Emirats<\/td><td class=''>Non<\/td><td class=''>Documents de la soci\u00e9t\u00e9 + EmiratesID + bail de location d\u2019un domicile priv\u00e9 \u00abEjari \u00bb ou un titre de propri\u00e9t\u00e9 + tenancy contract ou Ejari (bail) d\u2019un bureau + justificatifs professionnels<\/td><td class=''>AED 200 000<\/td><td class=''>3 semaines<\/td><\/tr><tr class=''><td class=''>Banque C<\/td><td class=''>Banque traditionnelle aux Emirats<\/td><td class=''>Non<\/td><td class=''>Documents de la soci\u00e9t\u00e9 + EmiratesID + tenancy contract ou Ejari (bail) d\u2019un bureau + justificatifs professionnels*<\/td><td class=''>AED 25 000<\/td><td class=''>1 mois<\/td><\/tr><tr class=''><td class=''>Banque D<\/td><td class=''>Banque en ligne aux Emirats<\/td><td class=''>Non<\/td><td class=''>Documents de la soci\u00e9t\u00e9 + EmiratesID + tenancy contract ou Ejari (bail) d\u2019un bureau<\/td><td class=''>Pas de minimum<\/td><td class=''>3 semaines<\/td><\/tr><tr class=''><td class=''>Banque E<\/td><td class=''>Banque en ligne aux Emirats<\/td><td class=''>Oui<\/td><td class=''>Documents de la soci\u00e9t\u00e9 + EmiratesID + Ejari (bail) d\u2019un domicile priv\u00e9 ou un titre de propri\u00e9t\u00e9 aux Emirats ou, tenancy contract ou Ejari (bail) d\u2019un bureau<\/td><td class=''>Pas de minimum<\/td><td class=''>1 semaine<\/td><\/tr><tr class=''><td class=''>Banque F<\/td><td class=''>Banque en ligne hors Emirats<\/td><td class=''>Oui<\/td><td class=''>Documents de la soci\u00e9t\u00e9 + site web op\u00e9rationnel<\/td><td class=''>Pas de minimum<\/td><td class=''>1 semaine<\/td><\/tr><tr class=''><td class=''>Banque G<\/td><td class=''>Banque en ligne hors Emirats<\/td><td class=''>Oui<\/td><td class=''>Documents de la soci\u00e9t\u00e9<\/td><td class=''>Pas de minimum<\/td><td class=''>1 semaine<\/td><\/tr><\/tbody><\/table><\/div>\n<section  class='av_textblock_section av-lfc9aae0-a5a1a0ca5eb1fd3c0dd0e4ce618f21e1 '   itemscope=\"itemscope\" itemtype=\"https:\/\/schema.org\/CreativeWork\" ><div class='avia_textblock'  itemprop=\"text\" ><p>Nous vous assistons <strong>gratuitement<\/strong> pour l&#8217;ouverture d&#8217;un ou de plusieurs comptes bancaires professionnels pour votre soci\u00e9t\u00e9.<\/p>\n<p><em>Vous \u00eates le SEUL \u00e0 avoir acc\u00e8s au compte bancaire de la soci\u00e9t\u00e9. Nous n\u2019avons pas signature ni acc\u00e8s ni aucune vision de vos comptes. La relation bancaire, si elle est accept\u00e9e, est uniquement entre la banque et vous.<\/em><\/p>\n<\/div><\/section>\n","protected":false},"excerpt":{"rendered":"","protected":false},"author":2,"featured_media":0,"parent":15781,"menu_order":7,"comment_status":"closed","ping_status":"closed","template":"","meta":{"inline_featured_image":false,"footnotes":""},"class_list":["post-5333","page","type-page","status-publish","hentry"],"yoast_head":"<!-- This site is optimized with the Yoast SEO plugin v26.9 - https:\/\/yoast.com\/product\/yoast-seo-wordpress\/ -->\n<title>Compte bancaire : accompagnement et conseils<\/title>\n<meta name=\"description\" content=\"Nous vous conseillons, accompagnons et assitons pour vos ouvertures de comptes bancaires aux \u00c9mirats. Conseils, assistance, support pour votre compte bancaire \u00e0 Duba\u00efPour optimiser\" \/>\n<meta name=\"robots\" content=\"index, follow, max-snippet:-1, max-image-preview:large, max-video-preview:-1\" \/>\n<link rel=\"canonical\" href=\"https:\/\/merritt.ae\/fr\/compte-bancaire-dubai\/banque-pro\/\" \/>\n<meta property=\"og:locale\" content=\"fr_FR\" \/>\n<meta property=\"og:type\" content=\"article\" \/>\n<meta property=\"og:title\" content=\"Compte bancaire : accompagnement et conseils\" \/>\n<meta property=\"og:description\" content=\"Nous vous conseillons, accompagnons et assitons pour vos ouvertures de comptes bancaires aux \u00c9mirats. Conseils, assistance, support pour votre compte bancaire \u00e0 Duba\u00efPour optimiser\" \/>\n<meta property=\"og:url\" content=\"https:\/\/merritt.ae\/fr\/compte-bancaire-dubai\/banque-pro\/\" \/>\n<meta property=\"og:site_name\" content=\"merritt.ae\" \/>\n<meta property=\"article:modified_time\" content=\"2024-01-08T13:06:50+00:00\" \/>\n<meta property=\"og:image\" content=\"https:\/\/merritt.ae\/wp-content\/uploads\/2021\/11\/ME-new-featured.jpg\" \/>\n\t<meta property=\"og:image:width\" content=\"1200\" \/>\n\t<meta property=\"og:image:height\" content=\"630\" \/>\n\t<meta property=\"og:image:type\" content=\"image\/jpeg\" \/>\n<meta name=\"twitter:card\" content=\"summary_large_image\" \/>\n<meta name=\"twitter:label1\" content=\"Dur\u00e9e de lecture estim\u00e9e\" \/>\n\t<meta name=\"twitter:data1\" content=\"3 minutes\" \/>\n<script type=\"application\/ld+json\" class=\"yoast-schema-graph\">{\"@context\":\"https:\/\/schema.org\",\"@graph\":[{\"@type\":\"WebPage\",\"@id\":\"https:\/\/merritt.ae\/fr\/compte-bancaire-dubai\/banque-pro\/\",\"url\":\"https:\/\/merritt.ae\/fr\/compte-bancaire-dubai\/banque-pro\/\",\"name\":\"Compte bancaire : accompagnement et conseils\",\"isPartOf\":{\"@id\":\"https:\/\/merritt.ae\/#website\"},\"datePublished\":\"2019-12-09T12:50:15+00:00\",\"dateModified\":\"2024-01-08T13:06:50+00:00\",\"description\":\"Nous vous conseillons, accompagnons et assitons pour vos ouvertures de comptes bancaires aux \u00c9mirats. Conseils, assistance, support pour votre compte bancaire \u00e0 Duba\u00efPour optimiser\",\"breadcrumb\":{\"@id\":\"https:\/\/merritt.ae\/fr\/compte-bancaire-dubai\/banque-pro\/#breadcrumb\"},\"inLanguage\":\"fr-FR\",\"potentialAction\":[{\"@type\":\"ReadAction\",\"target\":[\"https:\/\/merritt.ae\/fr\/compte-bancaire-dubai\/banque-pro\/\"]}]},{\"@type\":\"BreadcrumbList\",\"@id\":\"https:\/\/merritt.ae\/fr\/compte-bancaire-dubai\/banque-pro\/#breadcrumb\",\"itemListElement\":[{\"@type\":\"ListItem\",\"position\":1,\"name\":\"Home\",\"item\":\"https:\/\/merritt.ae\/fr\/accueil\/\"},{\"@type\":\"ListItem\",\"position\":2,\"name\":\"Banque \u00e0 Dubai\",\"item\":\"https:\/\/merritt.ae\/fr\/compte-bancaire-dubai\/\"},{\"@type\":\"ListItem\",\"position\":3,\"name\":\"Le compte bancaire professionnel\"}]},{\"@type\":\"WebSite\",\"@id\":\"https:\/\/merritt.ae\/#website\",\"url\":\"https:\/\/merritt.ae\/\",\"name\":\"merritt.ae\",\"description\":\"\",\"publisher\":{\"@id\":\"https:\/\/merritt.ae\/#organization\"},\"potentialAction\":[{\"@type\":\"SearchAction\",\"target\":{\"@type\":\"EntryPoint\",\"urlTemplate\":\"https:\/\/merritt.ae\/?s={search_term_string}\"},\"query-input\":{\"@type\":\"PropertyValueSpecification\",\"valueRequired\":true,\"valueName\":\"search_term_string\"}}],\"inLanguage\":\"fr-FR\"},{\"@type\":\"Organization\",\"@id\":\"https:\/\/merritt.ae\/#organization\",\"name\":\"merritt.ae\",\"url\":\"https:\/\/merritt.ae\/\",\"logo\":{\"@type\":\"ImageObject\",\"inLanguage\":\"fr-FR\",\"@id\":\"https:\/\/merritt.ae\/#\/schema\/logo\/image\/\",\"url\":\"https:\/\/merritt.ae\/wp-content\/uploads\/2021\/11\/ME-new-featured.jpg\",\"contentUrl\":\"https:\/\/merritt.ae\/wp-content\/uploads\/2021\/11\/ME-new-featured.jpg\",\"width\":1200,\"height\":630,\"caption\":\"merritt.ae\"},\"image\":{\"@id\":\"https:\/\/merritt.ae\/#\/schema\/logo\/image\/\"}}]}<\/script>\n<!-- \/ Yoast SEO plugin. -->","yoast_head_json":{"title":"Compte bancaire : accompagnement et conseils","description":"Nous vous conseillons, accompagnons et assitons pour vos ouvertures de comptes bancaires aux \u00c9mirats. Conseils, assistance, support pour votre compte bancaire \u00e0 Duba\u00efPour optimiser","robots":{"index":"index","follow":"follow","max-snippet":"max-snippet:-1","max-image-preview":"max-image-preview:large","max-video-preview":"max-video-preview:-1"},"canonical":"https:\/\/merritt.ae\/fr\/compte-bancaire-dubai\/banque-pro\/","og_locale":"fr_FR","og_type":"article","og_title":"Compte bancaire : accompagnement et conseils","og_description":"Nous vous conseillons, accompagnons et assitons pour vos ouvertures de comptes bancaires aux \u00c9mirats. Conseils, assistance, support pour votre compte bancaire \u00e0 Duba\u00efPour optimiser","og_url":"https:\/\/merritt.ae\/fr\/compte-bancaire-dubai\/banque-pro\/","og_site_name":"merritt.ae","article_modified_time":"2024-01-08T13:06:50+00:00","og_image":[{"width":1200,"height":630,"url":"https:\/\/merritt.ae\/wp-content\/uploads\/2021\/11\/ME-new-featured.jpg","type":"image\/jpeg"}],"twitter_card":"summary_large_image","twitter_misc":{"Dur\u00e9e de lecture estim\u00e9e":"3 minutes"},"schema":{"@context":"https:\/\/schema.org","@graph":[{"@type":"WebPage","@id":"https:\/\/merritt.ae\/fr\/compte-bancaire-dubai\/banque-pro\/","url":"https:\/\/merritt.ae\/fr\/compte-bancaire-dubai\/banque-pro\/","name":"Compte bancaire : accompagnement et conseils","isPartOf":{"@id":"https:\/\/merritt.ae\/#website"},"datePublished":"2019-12-09T12:50:15+00:00","dateModified":"2024-01-08T13:06:50+00:00","description":"Nous vous conseillons, accompagnons et assitons pour vos ouvertures de comptes bancaires aux \u00c9mirats. Conseils, assistance, support pour votre compte bancaire \u00e0 Duba\u00efPour optimiser","breadcrumb":{"@id":"https:\/\/merritt.ae\/fr\/compte-bancaire-dubai\/banque-pro\/#breadcrumb"},"inLanguage":"fr-FR","potentialAction":[{"@type":"ReadAction","target":["https:\/\/merritt.ae\/fr\/compte-bancaire-dubai\/banque-pro\/"]}]},{"@type":"BreadcrumbList","@id":"https:\/\/merritt.ae\/fr\/compte-bancaire-dubai\/banque-pro\/#breadcrumb","itemListElement":[{"@type":"ListItem","position":1,"name":"Home","item":"https:\/\/merritt.ae\/fr\/accueil\/"},{"@type":"ListItem","position":2,"name":"Banque \u00e0 Dubai","item":"https:\/\/merritt.ae\/fr\/compte-bancaire-dubai\/"},{"@type":"ListItem","position":3,"name":"Le compte bancaire professionnel"}]},{"@type":"WebSite","@id":"https:\/\/merritt.ae\/#website","url":"https:\/\/merritt.ae\/","name":"merritt.ae","description":"","publisher":{"@id":"https:\/\/merritt.ae\/#organization"},"potentialAction":[{"@type":"SearchAction","target":{"@type":"EntryPoint","urlTemplate":"https:\/\/merritt.ae\/?s={search_term_string}"},"query-input":{"@type":"PropertyValueSpecification","valueRequired":true,"valueName":"search_term_string"}}],"inLanguage":"fr-FR"},{"@type":"Organization","@id":"https:\/\/merritt.ae\/#organization","name":"merritt.ae","url":"https:\/\/merritt.ae\/","logo":{"@type":"ImageObject","inLanguage":"fr-FR","@id":"https:\/\/merritt.ae\/#\/schema\/logo\/image\/","url":"https:\/\/merritt.ae\/wp-content\/uploads\/2021\/11\/ME-new-featured.jpg","contentUrl":"https:\/\/merritt.ae\/wp-content\/uploads\/2021\/11\/ME-new-featured.jpg","width":1200,"height":630,"caption":"merritt.ae"},"image":{"@id":"https:\/\/merritt.ae\/#\/schema\/logo\/image\/"}}]}},"_links":{"self":[{"href":"https:\/\/merritt.ae\/fr\/wp-json\/wp\/v2\/pages\/5333","targetHints":{"allow":["GET"]}}],"collection":[{"href":"https:\/\/merritt.ae\/fr\/wp-json\/wp\/v2\/pages"}],"about":[{"href":"https:\/\/merritt.ae\/fr\/wp-json\/wp\/v2\/types\/page"}],"author":[{"embeddable":true,"href":"https:\/\/merritt.ae\/fr\/wp-json\/wp\/v2\/users\/2"}],"replies":[{"embeddable":true,"href":"https:\/\/merritt.ae\/fr\/wp-json\/wp\/v2\/comments?post=5333"}],"version-history":[{"count":18,"href":"https:\/\/merritt.ae\/fr\/wp-json\/wp\/v2\/pages\/5333\/revisions"}],"predecessor-version":[{"id":16522,"href":"https:\/\/merritt.ae\/fr\/wp-json\/wp\/v2\/pages\/5333\/revisions\/16522"}],"up":[{"embeddable":true,"href":"https:\/\/merritt.ae\/fr\/wp-json\/wp\/v2\/pages\/15781"}],"wp:attachment":[{"href":"https:\/\/merritt.ae\/fr\/wp-json\/wp\/v2\/media?parent=5333"}],"curies":[{"name":"wp","href":"https:\/\/api.w.org\/{rel}","templated":true}]}}