{"id":5330,"date":"2019-12-09T12:49:55","date_gmt":"2019-12-09T12:49:55","guid":{"rendered":"https:\/\/merritt.ae\/?page_id=5330"},"modified":"2022-06-07T13:55:02","modified_gmt":"2022-06-07T09:55:02","slug":"taxes-applicables-societes","status":"publish","type":"page","link":"https:\/\/merritt.ae\/fr\/societe\/taxes-applicables-societes\/","title":{"rendered":"Taxes applicables sur les soci\u00e9t\u00e9s"},"content":{"rendered":"<div id='full_slider_1'  class='avia-fullwidth-slider main_color avia-shadow   avia-builder-el-0  el_before_av_textblock  avia-builder-el-first   container_wrap sidebar_right'  >\n<style type=\"text\/css\" data-created_by=\"avia_inline_auto\" id=\"style-css-av-2giuc2-1aaf7fa3563c1ca6e99dbe78387517e7\">\n#top #wrap_all .avia-slideshow .av-slideshow-caption.av-2giuc2-1aaf7fa3563c1ca6e99dbe78387517e7__0 .avia-caption-title{\ncolor:#ffffff;\n}\n<\/style>\n<div  class='avia-slideshow av-2giuc2-1aaf7fa3563c1ca6e99dbe78387517e7 avia-slideshow-featured av_slideshow_full avia-slide-slider av-slideshow-ui av-control-default av-slideshow-manual av-loop-once av-loop-manual-endless av-default-height-applied   avia-slideshow-1' data-slideshow-options=\"{&quot;animation&quot;:&quot;slide&quot;,&quot;autoplay&quot;:false,&quot;loop_autoplay&quot;:&quot;once&quot;,&quot;interval&quot;:5,&quot;loop_manual&quot;:&quot;manual-endless&quot;,&quot;autoplay_stopper&quot;:false,&quot;noNavigation&quot;:false,&quot;bg_slider&quot;:false,&quot;keep_padding&quot;:false,&quot;hoverpause&quot;:false,&quot;show_slide_delay&quot;:0}\"  itemprop=\"image\" itemscope=\"itemscope\" itemtype=\"https:\/\/schema.org\/ImageObject\" ><ul class='avia-slideshow-inner ' style='padding-bottom: 28.666666666667%;'><li  class='avia-slideshow-slide av-2giuc2-1aaf7fa3563c1ca6e99dbe78387517e7__0  av-single-slide slide-1 slide-odd'><div data-rel='slideshow-1' class='avia-slide-wrap '   ><div class='av-slideshow-caption av-2giuc2-1aaf7fa3563c1ca6e99dbe78387517e7__0 caption_fullwidth caption_center caption_center_framed caption_framed'><div class=\"container caption_container\"><div class=\"slideshow_caption\"><div class=\"slideshow_inner_caption\"><div class=\"slideshow_align_caption\"><h2 class='avia-caption-title '  itemprop=\"name\" >Taxes applicables<\/h2><\/div><\/div><\/div><\/div><\/div><img decoding=\"async\" fetchpriority=\"high\" class=\"wp-image-5697 avia-img-lazy-loading-not-5697\"  src=\"https:\/\/merritt.ae\/wp-content\/uploads\/2019\/12\/Marina-1500x430.jpg\" width=\"1500\" height=\"430\" title='Marina' alt=''  itemprop=\"thumbnailUrl\"   \/><\/div><\/li><\/ul><\/div><\/div><div id='after_full_slider_1'  class='main_color av_default_container_wrap container_wrap sidebar_right'  ><div class='container av-section-cont-open' ><div class='template-page content  av-content-small alpha units'><div class='post-entry post-entry-type-page post-entry-5330'><div class='entry-content-wrapper clearfix'>\n<section  class='av_textblock_section av-k446eyj1-73a9ec1166a509e701cc1adc110dcbc9 '   itemscope=\"itemscope\" itemtype=\"https:\/\/schema.org\/CreativeWork\" ><div class='avia_textblock'  itemprop=\"text\" ><p>Cette page a pour objet de lister les taxes principales pr\u00e9sentes aux \u00c9mirats.<\/p>\n<\/div><\/section>\n\n<style type=\"text\/css\" data-created_by=\"avia_inline_auto\" id=\"style-css-av-l43vn0kx-453638f6970697896fe6708a77f9f235\">\n#top .av-special-heading.av-l43vn0kx-453638f6970697896fe6708a77f9f235{\npadding-bottom:10px;\n}\nbody .av-special-heading.av-l43vn0kx-453638f6970697896fe6708a77f9f235 .av-special-heading-tag .heading-char{\nfont-size:25px;\n}\n.av-special-heading.av-l43vn0kx-453638f6970697896fe6708a77f9f235 .av-subheading{\nfont-size:15px;\n}\n<\/style>\n<div  class='av-special-heading av-l43vn0kx-453638f6970697896fe6708a77f9f235 av-special-heading-h2  avia-builder-el-2  el_after_av_textblock  el_before_av_textblock  av-linked-heading'><h2 class='av-special-heading-tag '  itemprop=\"headline\"  >Taxe sur la valeur ajout\u00e9e (TVA)<\/h2><div class=\"special-heading-border\"><div class=\"special-heading-inner-border\"><\/div><\/div><\/div>\n<section  class='av_textblock_section av-k446kzhd-ba2eb32840f350455f55f9ecf9270ae0 '   itemscope=\"itemscope\" itemtype=\"https:\/\/schema.org\/CreativeWork\" ><div class='avia_textblock'  itemprop=\"text\" ><p>Les Emirats ont introduit la TVA \u00e0 partir du 1er janvier 2018. Les taux applicables sont de 0% et de 5%. Nous vous invitons \u00e0 lire cette page concernant la <a href=\"https:\/\/merritt.ae\/fr\/societe\/tva-aux-emirats\/\" target=\"_blank\" rel=\"noopener\">TVA aux Emirats<\/a>.<\/p>\n<\/div><\/section>\n\n<style type=\"text\/css\" data-created_by=\"avia_inline_auto\" id=\"style-css-av-av_heading-1ee7122bf2d8208b593fa7e2aa4d28db\">\n#top .av-special-heading.av-av_heading-1ee7122bf2d8208b593fa7e2aa4d28db{\npadding-bottom:10px;\n}\nbody .av-special-heading.av-av_heading-1ee7122bf2d8208b593fa7e2aa4d28db .av-special-heading-tag .heading-char{\nfont-size:25px;\n}\n.av-special-heading.av-av_heading-1ee7122bf2d8208b593fa7e2aa4d28db .av-subheading{\nfont-size:15px;\n}\n<\/style>\n<div  class='av-special-heading av-av_heading-1ee7122bf2d8208b593fa7e2aa4d28db av-special-heading-h2  avia-builder-el-4  el_after_av_textblock  el_before_av_textblock '><h2 class='av-special-heading-tag '  itemprop=\"headline\"  >Taxe sur les b\u00e9n\u00e9fices (imp\u00f4t sur les soci\u00e9t\u00e9s)<\/h2><div class=\"special-heading-border\"><div class=\"special-heading-inner-border\"><\/div><\/div><\/div>\n<section  class='av_textblock_section av-l43vt5pl-522a1b38d2080794e5c4b69556a2877e '   itemscope=\"itemscope\" itemtype=\"https:\/\/schema.org\/CreativeWork\" ><div class='avia_textblock'  itemprop=\"text\" ><p>Une Coporate Tax (CT) sera introduite aux Emirats \u00e0 partir de 2024. Ses taux sont de 0% et de 9% \u00e0 partir de AED 375 000 de b\u00e9n\u00e9fices annuels.<\/p>\n<p>Nous vous invitons \u00e0 lire cette page concernant l&#8217;<a href=\"https:\/\/merritt.ae\/fr\/impot-societes-emirats-2023\/\" target=\"_blank\" rel=\"noopener\">imp\u00f4t sur les soci\u00e9t\u00e9s aux Emirats<\/a>.<\/p>\n<\/div><\/section>\n\n<style type=\"text\/css\" data-created_by=\"avia_inline_auto\" id=\"style-css-av-av_heading-02072375c35804e2baf240e3c456cc91\">\n#top .av-special-heading.av-av_heading-02072375c35804e2baf240e3c456cc91{\npadding-bottom:10px;\n}\nbody .av-special-heading.av-av_heading-02072375c35804e2baf240e3c456cc91 .av-special-heading-tag .heading-char{\nfont-size:25px;\n}\n.av-special-heading.av-av_heading-02072375c35804e2baf240e3c456cc91 .av-subheading{\nfont-size:15px;\n}\n<\/style>\n<div  class='av-special-heading av-av_heading-02072375c35804e2baf240e3c456cc91 av-special-heading-h2  avia-builder-el-6  el_after_av_textblock  el_before_av_textblock '><h2 class='av-special-heading-tag '  itemprop=\"headline\"  >Retenue \u00e0 la source sur les dividendes distribu\u00e9s<\/h2><div class=\"special-heading-border\"><div class=\"special-heading-inner-border\"><\/div><\/div><\/div>\n<section  class='av_textblock_section av-k446kzhd-b0a9c979fcc0ec3c648bc2fb0259b6c8 '   itemscope=\"itemscope\" itemtype=\"https:\/\/schema.org\/CreativeWork\" ><div class='avia_textblock'  itemprop=\"text\" ><p>Il n&#8217;y a pas de retenue \u00e0 la source sur les dividendes distribu\u00e9s (aux Emirats et dans le reste du monde).<\/p>\n<\/div><\/section>\n\n<style type=\"text\/css\" data-created_by=\"avia_inline_auto\" id=\"style-css-av-av_heading-51bb7cf0463f0ce57ba40f510f53e119\">\n#top .av-special-heading.av-av_heading-51bb7cf0463f0ce57ba40f510f53e119{\npadding-bottom:10px;\n}\nbody .av-special-heading.av-av_heading-51bb7cf0463f0ce57ba40f510f53e119 .av-special-heading-tag .heading-char{\nfont-size:25px;\n}\n.av-special-heading.av-av_heading-51bb7cf0463f0ce57ba40f510f53e119 .av-subheading{\nfont-size:15px;\n}\n<\/style>\n<div  class='av-special-heading av-av_heading-51bb7cf0463f0ce57ba40f510f53e119 av-special-heading-h2  avia-builder-el-8  el_after_av_textblock  el_before_av_textblock '><h2 class='av-special-heading-tag '  itemprop=\"headline\"  >Charges sociales<\/h2><div class=\"special-heading-border\"><div class=\"special-heading-inner-border\"><\/div><\/div><\/div>\n<section  class='av_textblock_section av-k446obmg-e4a0b96b1445d86e79fc1c557ddf2901 '   itemscope=\"itemscope\" itemtype=\"https:\/\/schema.org\/CreativeWork\" ><div class='avia_textblock'  itemprop=\"text\" ><p>Il n&#8217;y a pas de charge sociale aux Emirats.<\/p>\n<p>Toutefois il est d\u00e9sormais requis que tous les r\u00e9sidents aux Emirats souscrivent \u00e0 une assurance sant\u00e9 locale (\u00e0 partir de AED 1000 par an).<\/p>\n<p>Il n&#8217;y a pas de cotisation retraite. Il n&#8217;y a donc aucun droit \u00e0 la retraite plus tard.<\/p>\n<\/div><\/section>\n\n<style type=\"text\/css\" data-created_by=\"avia_inline_auto\" id=\"style-css-av-av_heading-7d787b9a47da03acd02bf7178a0355ae\">\n#top .av-special-heading.av-av_heading-7d787b9a47da03acd02bf7178a0355ae{\npadding-bottom:10px;\n}\nbody .av-special-heading.av-av_heading-7d787b9a47da03acd02bf7178a0355ae .av-special-heading-tag .heading-char{\nfont-size:25px;\n}\n.av-special-heading.av-av_heading-7d787b9a47da03acd02bf7178a0355ae .av-subheading{\nfont-size:15px;\n}\n<\/style>\n<div  class='av-special-heading av-av_heading-7d787b9a47da03acd02bf7178a0355ae av-special-heading-h2  avia-builder-el-10  el_after_av_textblock  el_before_av_textblock '><h2 class='av-special-heading-tag '  itemprop=\"headline\"  >Droits de douanes<\/h2><div class=\"special-heading-border\"><div class=\"special-heading-inner-border\"><\/div><\/div><\/div>\n<section  class='av_textblock_section av-k446obmg-112acd61a6e3146fc00c5230145ee41a '   itemscope=\"itemscope\" itemtype=\"https:\/\/schema.org\/CreativeWork\" ><div class='avia_textblock'  itemprop=\"text\" ><p>Les droits de douane (&#8220;customs duty&#8221;) sur les biens import\u00e9s aux Emirats sont de 5%.<\/p>\n<p>Ils sont de 50% sur l&#8217;alcool et de 100% sur les cigarettes.<\/p>\n<p>Plus de d\u00e9tails sur le <a href=\"https:\/\/u.ae\/#\/\" target=\"_blank\" rel=\"noopener noreferrer\">site officiel des Emirats<\/a>.<\/p>\n<\/div><\/section>\n\n<style type=\"text\/css\" data-created_by=\"avia_inline_auto\" id=\"style-css-av-av_heading-e63001b6b843db68198d5b6bdf96145a\">\n#top .av-special-heading.av-av_heading-e63001b6b843db68198d5b6bdf96145a{\npadding-bottom:10px;\n}\nbody .av-special-heading.av-av_heading-e63001b6b843db68198d5b6bdf96145a .av-special-heading-tag .heading-char{\nfont-size:25px;\n}\n.av-special-heading.av-av_heading-e63001b6b843db68198d5b6bdf96145a .av-subheading{\nfont-size:15px;\n}\n<\/style>\n<div  class='av-special-heading av-av_heading-e63001b6b843db68198d5b6bdf96145a av-special-heading-h2  avia-builder-el-12  el_after_av_textblock  el_before_av_textblock '><h2 class='av-special-heading-tag '  itemprop=\"headline\"  >Excise tax<\/h2><div class=\"special-heading-border\"><div class=\"special-heading-inner-border\"><\/div><\/div><\/div>\n<section  class='av_textblock_section av-k446obmg-112acd61a6e3146fc00c5230145ee41a '   itemscope=\"itemscope\" itemtype=\"https:\/\/schema.org\/CreativeWork\" ><div class='avia_textblock'  itemprop=\"text\" ><p>Depuis 2019, il y a une taxe sur les produits suivants:<br \/>\n&#8211; 50% sur les boissons gazeuses (carbonated drinks);<br \/>\n&#8211; 100% sur les boissons \u00e9nergisantes;<br \/>\n&#8211; 100% sur les appareils \u00e9lectroniques \u00e0 fumer (e-cigarette);<br \/>\n&#8211; 100% sur les liquides utilis\u00e9s les e-cigarettes;<br \/>\n&#8211; 50% sur tout produit additionn\u00e9 de sucre ou d&#8217;autres \u00e9dulcorants.<\/p>\n<p>Plus de d\u00e9tails sur le <a href=\"https:\/\/government.ae\/en\/information-and-services\/finance-and-investment\/taxation\/excise-tax\" target=\"_blank\" rel=\"noopener noreferrer\">site officiel des Emirats<\/a>.<\/p>\n<\/div><\/section>\n","protected":false},"excerpt":{"rendered":"","protected":false},"author":2,"featured_media":0,"parent":11084,"menu_order":3,"comment_status":"closed","ping_status":"closed","template":"","meta":{"inline_featured_image":false,"footnotes":""},"class_list":["post-5330","page","type-page","status-publish","hentry"],"yoast_head":"<!-- This site is optimized with the Yoast SEO plugin v26.9 - https:\/\/yoast.com\/product\/yoast-seo-wordpress\/ -->\n<title>Tout ce qu&#039;il faut savoir sur les taxes en vigueur aux \u00c9mirats.<\/title>\n<meta name=\"description\" content=\"TRES IMPORTANT. Cette page a pour objet de lister et de vous pr\u00e9senter toutes les taxes existantes aux \u00c9mirats Arabes Unis.\" \/>\n<meta name=\"robots\" content=\"index, follow, max-snippet:-1, max-image-preview:large, max-video-preview:-1\" \/>\n<link rel=\"canonical\" href=\"https:\/\/merritt.ae\/fr\/societe\/taxes-applicables-societes\/\" \/>\n<meta property=\"og:locale\" content=\"fr_FR\" \/>\n<meta property=\"og:type\" content=\"article\" \/>\n<meta property=\"og:title\" content=\"Tout ce qu&#039;il faut savoir sur les taxes en vigueur aux \u00c9mirats.\" \/>\n<meta property=\"og:description\" content=\"TRES IMPORTANT. Cette page a pour objet de lister et de vous pr\u00e9senter toutes les taxes existantes aux \u00c9mirats Arabes Unis.\" \/>\n<meta property=\"og:url\" content=\"https:\/\/merritt.ae\/fr\/societe\/taxes-applicables-societes\/\" \/>\n<meta property=\"og:site_name\" content=\"merritt.ae\" \/>\n<meta property=\"article:modified_time\" content=\"2022-06-07T09:55:02+00:00\" \/>\n<meta property=\"og:image\" content=\"https:\/\/merritt.ae\/wp-content\/uploads\/2021\/11\/ME-new-featured.jpg\" \/>\n\t<meta property=\"og:image:width\" content=\"1200\" \/>\n\t<meta property=\"og:image:height\" content=\"630\" \/>\n\t<meta property=\"og:image:type\" content=\"image\/jpeg\" \/>\n<meta name=\"twitter:card\" content=\"summary_large_image\" \/>\n<meta name=\"twitter:label1\" content=\"Dur\u00e9e de lecture estim\u00e9e\" \/>\n\t<meta name=\"twitter:data1\" content=\"6 minutes\" \/>\n<script type=\"application\/ld+json\" class=\"yoast-schema-graph\">{\"@context\":\"https:\/\/schema.org\",\"@graph\":[{\"@type\":\"WebPage\",\"@id\":\"https:\/\/merritt.ae\/fr\/societe\/taxes-applicables-societes\/\",\"url\":\"https:\/\/merritt.ae\/fr\/societe\/taxes-applicables-societes\/\",\"name\":\"Tout ce qu'il faut savoir sur les taxes en vigueur aux \u00c9mirats.\",\"isPartOf\":{\"@id\":\"https:\/\/merritt.ae\/#website\"},\"datePublished\":\"2019-12-09T12:49:55+00:00\",\"dateModified\":\"2022-06-07T09:55:02+00:00\",\"description\":\"TRES IMPORTANT. Cette page a pour objet de lister et de vous pr\u00e9senter toutes les taxes existantes aux \u00c9mirats Arabes Unis.\",\"breadcrumb\":{\"@id\":\"https:\/\/merritt.ae\/fr\/societe\/taxes-applicables-societes\/#breadcrumb\"},\"inLanguage\":\"fr-FR\",\"potentialAction\":[{\"@type\":\"ReadAction\",\"target\":[\"https:\/\/merritt.ae\/fr\/societe\/taxes-applicables-societes\/\"]}]},{\"@type\":\"BreadcrumbList\",\"@id\":\"https:\/\/merritt.ae\/fr\/societe\/taxes-applicables-societes\/#breadcrumb\",\"itemListElement\":[{\"@type\":\"ListItem\",\"position\":1,\"name\":\"Home\",\"item\":\"https:\/\/merritt.ae\/fr\/accueil\/\"},{\"@type\":\"ListItem\",\"position\":2,\"name\":\"Soci\u00e9t\u00e9 \u00e0 Dubai\",\"item\":\"https:\/\/merritt.ae\/fr\/societe\/\"},{\"@type\":\"ListItem\",\"position\":3,\"name\":\"Taxes applicables sur les soci\u00e9t\u00e9s\"}]},{\"@type\":\"WebSite\",\"@id\":\"https:\/\/merritt.ae\/#website\",\"url\":\"https:\/\/merritt.ae\/\",\"name\":\"merritt.ae\",\"description\":\"\",\"publisher\":{\"@id\":\"https:\/\/merritt.ae\/#organization\"},\"potentialAction\":[{\"@type\":\"SearchAction\",\"target\":{\"@type\":\"EntryPoint\",\"urlTemplate\":\"https:\/\/merritt.ae\/?s={search_term_string}\"},\"query-input\":{\"@type\":\"PropertyValueSpecification\",\"valueRequired\":true,\"valueName\":\"search_term_string\"}}],\"inLanguage\":\"fr-FR\"},{\"@type\":\"Organization\",\"@id\":\"https:\/\/merritt.ae\/#organization\",\"name\":\"merritt.ae\",\"url\":\"https:\/\/merritt.ae\/\",\"logo\":{\"@type\":\"ImageObject\",\"inLanguage\":\"fr-FR\",\"@id\":\"https:\/\/merritt.ae\/#\/schema\/logo\/image\/\",\"url\":\"https:\/\/merritt.ae\/wp-content\/uploads\/2021\/11\/ME-new-featured.jpg\",\"contentUrl\":\"https:\/\/merritt.ae\/wp-content\/uploads\/2021\/11\/ME-new-featured.jpg\",\"width\":1200,\"height\":630,\"caption\":\"merritt.ae\"},\"image\":{\"@id\":\"https:\/\/merritt.ae\/#\/schema\/logo\/image\/\"}}]}<\/script>\n<!-- \/ Yoast SEO plugin. -->","yoast_head_json":{"title":"Tout ce qu'il faut savoir sur les taxes en vigueur aux \u00c9mirats.","description":"TRES IMPORTANT. Cette page a pour objet de lister et de vous pr\u00e9senter toutes les taxes existantes aux \u00c9mirats Arabes Unis.","robots":{"index":"index","follow":"follow","max-snippet":"max-snippet:-1","max-image-preview":"max-image-preview:large","max-video-preview":"max-video-preview:-1"},"canonical":"https:\/\/merritt.ae\/fr\/societe\/taxes-applicables-societes\/","og_locale":"fr_FR","og_type":"article","og_title":"Tout ce qu'il faut savoir sur les taxes en vigueur aux \u00c9mirats.","og_description":"TRES IMPORTANT. Cette page a pour objet de lister et de vous pr\u00e9senter toutes les taxes existantes aux \u00c9mirats Arabes Unis.","og_url":"https:\/\/merritt.ae\/fr\/societe\/taxes-applicables-societes\/","og_site_name":"merritt.ae","article_modified_time":"2022-06-07T09:55:02+00:00","og_image":[{"width":1200,"height":630,"url":"https:\/\/merritt.ae\/wp-content\/uploads\/2021\/11\/ME-new-featured.jpg","type":"image\/jpeg"}],"twitter_card":"summary_large_image","twitter_misc":{"Dur\u00e9e de lecture estim\u00e9e":"6 minutes"},"schema":{"@context":"https:\/\/schema.org","@graph":[{"@type":"WebPage","@id":"https:\/\/merritt.ae\/fr\/societe\/taxes-applicables-societes\/","url":"https:\/\/merritt.ae\/fr\/societe\/taxes-applicables-societes\/","name":"Tout ce qu'il faut savoir sur les taxes en vigueur aux \u00c9mirats.","isPartOf":{"@id":"https:\/\/merritt.ae\/#website"},"datePublished":"2019-12-09T12:49:55+00:00","dateModified":"2022-06-07T09:55:02+00:00","description":"TRES IMPORTANT. Cette page a pour objet de lister et de vous pr\u00e9senter toutes les taxes existantes aux \u00c9mirats Arabes Unis.","breadcrumb":{"@id":"https:\/\/merritt.ae\/fr\/societe\/taxes-applicables-societes\/#breadcrumb"},"inLanguage":"fr-FR","potentialAction":[{"@type":"ReadAction","target":["https:\/\/merritt.ae\/fr\/societe\/taxes-applicables-societes\/"]}]},{"@type":"BreadcrumbList","@id":"https:\/\/merritt.ae\/fr\/societe\/taxes-applicables-societes\/#breadcrumb","itemListElement":[{"@type":"ListItem","position":1,"name":"Home","item":"https:\/\/merritt.ae\/fr\/accueil\/"},{"@type":"ListItem","position":2,"name":"Soci\u00e9t\u00e9 \u00e0 Dubai","item":"https:\/\/merritt.ae\/fr\/societe\/"},{"@type":"ListItem","position":3,"name":"Taxes applicables sur les soci\u00e9t\u00e9s"}]},{"@type":"WebSite","@id":"https:\/\/merritt.ae\/#website","url":"https:\/\/merritt.ae\/","name":"merritt.ae","description":"","publisher":{"@id":"https:\/\/merritt.ae\/#organization"},"potentialAction":[{"@type":"SearchAction","target":{"@type":"EntryPoint","urlTemplate":"https:\/\/merritt.ae\/?s={search_term_string}"},"query-input":{"@type":"PropertyValueSpecification","valueRequired":true,"valueName":"search_term_string"}}],"inLanguage":"fr-FR"},{"@type":"Organization","@id":"https:\/\/merritt.ae\/#organization","name":"merritt.ae","url":"https:\/\/merritt.ae\/","logo":{"@type":"ImageObject","inLanguage":"fr-FR","@id":"https:\/\/merritt.ae\/#\/schema\/logo\/image\/","url":"https:\/\/merritt.ae\/wp-content\/uploads\/2021\/11\/ME-new-featured.jpg","contentUrl":"https:\/\/merritt.ae\/wp-content\/uploads\/2021\/11\/ME-new-featured.jpg","width":1200,"height":630,"caption":"merritt.ae"},"image":{"@id":"https:\/\/merritt.ae\/#\/schema\/logo\/image\/"}}]}},"_links":{"self":[{"href":"https:\/\/merritt.ae\/fr\/wp-json\/wp\/v2\/pages\/5330","targetHints":{"allow":["GET"]}}],"collection":[{"href":"https:\/\/merritt.ae\/fr\/wp-json\/wp\/v2\/pages"}],"about":[{"href":"https:\/\/merritt.ae\/fr\/wp-json\/wp\/v2\/types\/page"}],"author":[{"embeddable":true,"href":"https:\/\/merritt.ae\/fr\/wp-json\/wp\/v2\/users\/2"}],"replies":[{"embeddable":true,"href":"https:\/\/merritt.ae\/fr\/wp-json\/wp\/v2\/comments?post=5330"}],"version-history":[{"count":22,"href":"https:\/\/merritt.ae\/fr\/wp-json\/wp\/v2\/pages\/5330\/revisions"}],"predecessor-version":[{"id":17791,"href":"https:\/\/merritt.ae\/fr\/wp-json\/wp\/v2\/pages\/5330\/revisions\/17791"}],"up":[{"embeddable":true,"href":"https:\/\/merritt.ae\/fr\/wp-json\/wp\/v2\/pages\/11084"}],"wp:attachment":[{"href":"https:\/\/merritt.ae\/fr\/wp-json\/wp\/v2\/media?parent=5330"}],"curies":[{"name":"wp","href":"https:\/\/api.w.org\/{rel}","templated":true}]}}