{"id":5327,"date":"2019-12-09T12:49:22","date_gmt":"2019-12-09T12:49:22","guid":{"rendered":"https:\/\/merritt.ae\/?page_id=5327"},"modified":"2022-02-10T16:07:27","modified_gmt":"2022-02-10T12:07:27","slug":"bureaux","status":"publish","type":"page","link":"https:\/\/merritt.ae\/fr\/societe\/bureaux\/","title":{"rendered":"Les bureaux"},"content":{"rendered":"<div id='full_slider_1'  class='avia-fullwidth-slider main_color avia-shadow   avia-builder-el-0  el_before_av_textblock  avia-builder-el-first   container_wrap sidebar_right'  >\n<style type=\"text\/css\" data-created_by=\"avia_inline_auto\" id=\"style-css-av-snx67-cec65fdb3937a230c564178057471196\">\n#top #wrap_all .avia-slideshow .av-slideshow-caption.av-snx67-cec65fdb3937a230c564178057471196__0 .avia-caption-title{\ncolor:#ffffff;\n}\n<\/style>\n<div  class='avia-slideshow av-snx67-cec65fdb3937a230c564178057471196 avia-slideshow-featured av_slideshow_full avia-slide-slider av-slideshow-ui av-control-default av-slideshow-manual av-loop-once av-loop-manual-endless av-default-height-applied   avia-slideshow-1' data-slideshow-options=\"{&quot;animation&quot;:&quot;slide&quot;,&quot;autoplay&quot;:false,&quot;loop_autoplay&quot;:&quot;once&quot;,&quot;interval&quot;:5,&quot;loop_manual&quot;:&quot;manual-endless&quot;,&quot;autoplay_stopper&quot;:false,&quot;noNavigation&quot;:false,&quot;bg_slider&quot;:false,&quot;keep_padding&quot;:false,&quot;hoverpause&quot;:false,&quot;show_slide_delay&quot;:0}\"  itemprop=\"image\" itemscope=\"itemscope\" itemtype=\"https:\/\/schema.org\/ImageObject\" ><ul class='avia-slideshow-inner ' style='padding-bottom: 28.666666666667%;'><li  class='avia-slideshow-slide av-snx67-cec65fdb3937a230c564178057471196__0  av-single-slide slide-1 slide-odd'><div data-rel='slideshow-1' class='avia-slide-wrap '   ><div class='av-slideshow-caption av-snx67-cec65fdb3937a230c564178057471196__0 caption_fullwidth caption_center caption_center_framed caption_framed'><div class=\"container caption_container\"><div class=\"slideshow_caption\"><div class=\"slideshow_inner_caption\"><div class=\"slideshow_align_caption\"><h2 class='avia-caption-title '  itemprop=\"name\" >Bureaux<\/h2><\/div><\/div><\/div><\/div><\/div><img decoding=\"async\" fetchpriority=\"high\" class=\"wp-image-5697 avia-img-lazy-loading-not-5697\"  src=\"https:\/\/merritt.ae\/wp-content\/uploads\/2019\/12\/Marina-1500x430.jpg\" width=\"1500\" height=\"430\" title='Marina' alt=''  itemprop=\"thumbnailUrl\"   \/><\/div><\/li><\/ul><\/div><\/div><div id='after_full_slider_1'  class='main_color av_default_container_wrap container_wrap sidebar_right'  ><div class='container av-section-cont-open' ><div class='template-page content  av-content-small alpha units'><div class='post-entry post-entry-type-page post-entry-5327'><div class='entry-content-wrapper clearfix'>\n<section  class='av_textblock_section av-5i7be7-448c8970db36d6700bfac330d2bf89cc '   itemscope=\"itemscope\" itemtype=\"https:\/\/schema.org\/CreativeWork\" ><div class='avia_textblock'  itemprop=\"text\" ><p>Il est possible, que ce soit pour la soci\u00e9t\u00e9 Free-zone ou la soci\u00e9t\u00e9 Mainland de louer un bureau partag\u00e9 ou un bureau priv\u00e9.<\/p>\n<\/div><\/section>\n\n<style type=\"text\/css\" data-created_by=\"avia_inline_auto\" id=\"style-css-av-av_heading-ceb1c163b0c45f02f68a98415a5efa15\">\n#top .av-special-heading.av-av_heading-ceb1c163b0c45f02f68a98415a5efa15{\npadding-bottom:10px;\n}\nbody .av-special-heading.av-av_heading-ceb1c163b0c45f02f68a98415a5efa15 .av-special-heading-tag .heading-char{\nfont-size:25px;\n}\n.av-special-heading.av-av_heading-ceb1c163b0c45f02f68a98415a5efa15 .av-subheading{\nfont-size:15px;\n}\n<\/style>\n<div  class='av-special-heading av-av_heading-ceb1c163b0c45f02f68a98415a5efa15 av-special-heading-h2  avia-builder-el-2  el_after_av_textblock  el_before_av_textblock '><h2 class='av-special-heading-tag '  itemprop=\"headline\"  >Bureaux partag\u00e9s<\/h2><div class=\"special-heading-border\"><div class=\"special-heading-inner-border\"><\/div><\/div><\/div>\n<section  class='av_textblock_section av-47801r-1a0d389f4444cff31a0d586b52b65f6f '   itemscope=\"itemscope\" itemtype=\"https:\/\/schema.org\/CreativeWork\" ><div class='avia_textblock'  itemprop=\"text\" ><p>Pour une soci\u00e9t\u00e9 Free-zone, un bureau partag\u00e9 doit obligatoirement \u00eatre situ\u00e9 g\u00e9ographiquement dans la Free-zone. Il n&#8217;est pas autoris\u00e9 d&#8217;\u00eatre situ\u00e9 en dehors de la Free-zone.<\/p>\n<p>Pour une soci\u00e9t\u00e9 Mainland, il peut \u00eatre situ\u00e9 n&#8217;importe o\u00f9 dans l&#8217;Emirat o\u00f9 la soci\u00e9t\u00e9 est enregistr\u00e9e.<\/p>\n<p>Les conditions d&#8217;utilisation du bureau partag\u00e9 d\u00e9pendent du contrat sign\u00e9 (nombre d&#8217;heures par semaine).<\/p>\n<p>Il n&#8217;est pas possible d&#8217;avoir une &#8220;utility bill&#8221; avec un bureau partag\u00e9.<\/p>\n<\/div><\/section>\n\n<style type=\"text\/css\" data-created_by=\"avia_inline_auto\" id=\"style-css-av-av_heading-ee637683554176782fa3a80d390a1b03\">\n#top .av-special-heading.av-av_heading-ee637683554176782fa3a80d390a1b03{\npadding-bottom:10px;\n}\nbody .av-special-heading.av-av_heading-ee637683554176782fa3a80d390a1b03 .av-special-heading-tag .heading-char{\nfont-size:25px;\n}\n.av-special-heading.av-av_heading-ee637683554176782fa3a80d390a1b03 .av-subheading{\nfont-size:15px;\n}\n<\/style>\n<div  class='av-special-heading av-av_heading-ee637683554176782fa3a80d390a1b03 av-special-heading-h2  avia-builder-el-4  el_after_av_textblock  el_before_av_textblock '><h2 class='av-special-heading-tag '  itemprop=\"headline\"  >Bureaux priv\u00e9s<\/h2><div class=\"special-heading-border\"><div class=\"special-heading-inner-border\"><\/div><\/div><\/div>\n<section  class='av_textblock_section av-2hc7fj-a2f40351e3680ec7c9f09ca63a5d4e1f '   itemscope=\"itemscope\" itemtype=\"https:\/\/schema.org\/CreativeWork\" ><div class='avia_textblock'  itemprop=\"text\" ><p>Pour une soci\u00e9t\u00e9 Free-zone, un bureau priv\u00e9 doit obligatoirement \u00eatre situ\u00e9 g\u00e9ographiquement dans la Free-zone. Il n&#8217;est pas autoris\u00e9 d&#8217;\u00eatre situ\u00e9 en dehors de la Free-zone.<\/p>\n<p>Pour une soci\u00e9t\u00e9 Mainland, il peut \u00eatre situ\u00e9 n&#8217;importe o\u00f9 dans l&#8217;Emirat o\u00f9 la soci\u00e9t\u00e9 est enregistr\u00e9e.<\/p>\n<p>Un bureau priv\u00e9 n\u00e9cessite de prendre un abonnement \u00e9lectricit\u00e9, t\u00e9l\u00e9phone\/internet, climatisation. Ceci permet donc d&#8217;avoir une &#8220;utility bill&#8221;, ce qui est peut \u00eatre demand\u00e9 dans certains cas (par une banque, tax domicile certificate, etc.).<\/p>\n<\/div><\/section>\n","protected":false},"excerpt":{"rendered":"","protected":false},"author":2,"featured_media":0,"parent":11084,"menu_order":2,"comment_status":"closed","ping_status":"closed","template":"","meta":{"inline_featured_image":false,"footnotes":""},"class_list":["post-5327","page","type-page","status-publish","hentry"],"yoast_head":"<!-- This site is optimized with the Yoast SEO plugin v26.9 - https:\/\/yoast.com\/product\/yoast-seo-wordpress\/ -->\n<title>Pour votre entrepreprise: bureau priv\u00e9 individuel ou bureau partag\u00e9 ?<\/title>\n<meta name=\"description\" content=\"Aux Emirats et pour r\u00e9pondre aux obligations locales, il existe 2 types de bureau : Bureau partag\u00e9 et bureau priv\u00e9. A la suite les explications en d\u00e9tail;\" \/>\n<meta name=\"robots\" content=\"index, follow, max-snippet:-1, max-image-preview:large, max-video-preview:-1\" \/>\n<link rel=\"canonical\" href=\"https:\/\/merritt.ae\/fr\/societe\/bureaux\/\" \/>\n<meta property=\"og:locale\" content=\"fr_FR\" \/>\n<meta property=\"og:type\" content=\"article\" \/>\n<meta property=\"og:title\" content=\"Pour votre entrepreprise: bureau priv\u00e9 individuel ou bureau partag\u00e9 ?\" \/>\n<meta property=\"og:description\" content=\"Aux Emirats et pour r\u00e9pondre aux obligations locales, il existe 2 types de bureau : Bureau partag\u00e9 et bureau priv\u00e9. A la suite les explications en d\u00e9tail;\" \/>\n<meta property=\"og:url\" content=\"https:\/\/merritt.ae\/fr\/societe\/bureaux\/\" \/>\n<meta property=\"og:site_name\" content=\"merritt.ae\" \/>\n<meta property=\"article:modified_time\" content=\"2022-02-10T12:07:27+00:00\" \/>\n<meta property=\"og:image\" content=\"https:\/\/merritt.ae\/wp-content\/uploads\/2021\/11\/ME-new-featured.jpg\" \/>\n\t<meta property=\"og:image:width\" content=\"1200\" \/>\n\t<meta property=\"og:image:height\" content=\"630\" \/>\n\t<meta property=\"og:image:type\" content=\"image\/jpeg\" \/>\n<meta name=\"twitter:card\" content=\"summary_large_image\" \/>\n<meta name=\"twitter:label1\" content=\"Dur\u00e9e de lecture estim\u00e9e\" \/>\n\t<meta name=\"twitter:data1\" content=\"3 minutes\" \/>\n<script type=\"application\/ld+json\" class=\"yoast-schema-graph\">{\"@context\":\"https:\/\/schema.org\",\"@graph\":[{\"@type\":\"WebPage\",\"@id\":\"https:\/\/merritt.ae\/fr\/societe\/bureaux\/\",\"url\":\"https:\/\/merritt.ae\/fr\/societe\/bureaux\/\",\"name\":\"Pour votre entrepreprise: bureau priv\u00e9 individuel ou bureau partag\u00e9 ?\",\"isPartOf\":{\"@id\":\"https:\/\/merritt.ae\/#website\"},\"datePublished\":\"2019-12-09T12:49:22+00:00\",\"dateModified\":\"2022-02-10T12:07:27+00:00\",\"description\":\"Aux Emirats et pour r\u00e9pondre aux obligations locales, il existe 2 types de bureau : Bureau partag\u00e9 et bureau priv\u00e9. A la suite les explications en d\u00e9tail;\",\"breadcrumb\":{\"@id\":\"https:\/\/merritt.ae\/fr\/societe\/bureaux\/#breadcrumb\"},\"inLanguage\":\"fr-FR\",\"potentialAction\":[{\"@type\":\"ReadAction\",\"target\":[\"https:\/\/merritt.ae\/fr\/societe\/bureaux\/\"]}]},{\"@type\":\"BreadcrumbList\",\"@id\":\"https:\/\/merritt.ae\/fr\/societe\/bureaux\/#breadcrumb\",\"itemListElement\":[{\"@type\":\"ListItem\",\"position\":1,\"name\":\"Home\",\"item\":\"https:\/\/merritt.ae\/fr\/accueil\/\"},{\"@type\":\"ListItem\",\"position\":2,\"name\":\"Soci\u00e9t\u00e9 \u00e0 Dubai\",\"item\":\"https:\/\/merritt.ae\/fr\/societe\/\"},{\"@type\":\"ListItem\",\"position\":3,\"name\":\"Les bureaux\"}]},{\"@type\":\"WebSite\",\"@id\":\"https:\/\/merritt.ae\/#website\",\"url\":\"https:\/\/merritt.ae\/\",\"name\":\"merritt.ae\",\"description\":\"\",\"publisher\":{\"@id\":\"https:\/\/merritt.ae\/#organization\"},\"potentialAction\":[{\"@type\":\"SearchAction\",\"target\":{\"@type\":\"EntryPoint\",\"urlTemplate\":\"https:\/\/merritt.ae\/?s={search_term_string}\"},\"query-input\":{\"@type\":\"PropertyValueSpecification\",\"valueRequired\":true,\"valueName\":\"search_term_string\"}}],\"inLanguage\":\"fr-FR\"},{\"@type\":\"Organization\",\"@id\":\"https:\/\/merritt.ae\/#organization\",\"name\":\"merritt.ae\",\"url\":\"https:\/\/merritt.ae\/\",\"logo\":{\"@type\":\"ImageObject\",\"inLanguage\":\"fr-FR\",\"@id\":\"https:\/\/merritt.ae\/#\/schema\/logo\/image\/\",\"url\":\"https:\/\/merritt.ae\/wp-content\/uploads\/2021\/11\/ME-new-featured.jpg\",\"contentUrl\":\"https:\/\/merritt.ae\/wp-content\/uploads\/2021\/11\/ME-new-featured.jpg\",\"width\":1200,\"height\":630,\"caption\":\"merritt.ae\"},\"image\":{\"@id\":\"https:\/\/merritt.ae\/#\/schema\/logo\/image\/\"}}]}<\/script>\n<!-- \/ Yoast SEO plugin. -->","yoast_head_json":{"title":"Pour votre entrepreprise: bureau priv\u00e9 individuel ou bureau partag\u00e9 ?","description":"Aux Emirats et pour r\u00e9pondre aux obligations locales, il existe 2 types de bureau : Bureau partag\u00e9 et bureau priv\u00e9. A la suite les explications en d\u00e9tail;","robots":{"index":"index","follow":"follow","max-snippet":"max-snippet:-1","max-image-preview":"max-image-preview:large","max-video-preview":"max-video-preview:-1"},"canonical":"https:\/\/merritt.ae\/fr\/societe\/bureaux\/","og_locale":"fr_FR","og_type":"article","og_title":"Pour votre entrepreprise: bureau priv\u00e9 individuel ou bureau partag\u00e9 ?","og_description":"Aux Emirats et pour r\u00e9pondre aux obligations locales, il existe 2 types de bureau : Bureau partag\u00e9 et bureau priv\u00e9. A la suite les explications en d\u00e9tail;","og_url":"https:\/\/merritt.ae\/fr\/societe\/bureaux\/","og_site_name":"merritt.ae","article_modified_time":"2022-02-10T12:07:27+00:00","og_image":[{"width":1200,"height":630,"url":"https:\/\/merritt.ae\/wp-content\/uploads\/2021\/11\/ME-new-featured.jpg","type":"image\/jpeg"}],"twitter_card":"summary_large_image","twitter_misc":{"Dur\u00e9e de lecture estim\u00e9e":"3 minutes"},"schema":{"@context":"https:\/\/schema.org","@graph":[{"@type":"WebPage","@id":"https:\/\/merritt.ae\/fr\/societe\/bureaux\/","url":"https:\/\/merritt.ae\/fr\/societe\/bureaux\/","name":"Pour votre entrepreprise: bureau priv\u00e9 individuel ou bureau partag\u00e9 ?","isPartOf":{"@id":"https:\/\/merritt.ae\/#website"},"datePublished":"2019-12-09T12:49:22+00:00","dateModified":"2022-02-10T12:07:27+00:00","description":"Aux Emirats et pour r\u00e9pondre aux obligations locales, il existe 2 types de bureau : Bureau partag\u00e9 et bureau priv\u00e9. A la suite les explications en d\u00e9tail;","breadcrumb":{"@id":"https:\/\/merritt.ae\/fr\/societe\/bureaux\/#breadcrumb"},"inLanguage":"fr-FR","potentialAction":[{"@type":"ReadAction","target":["https:\/\/merritt.ae\/fr\/societe\/bureaux\/"]}]},{"@type":"BreadcrumbList","@id":"https:\/\/merritt.ae\/fr\/societe\/bureaux\/#breadcrumb","itemListElement":[{"@type":"ListItem","position":1,"name":"Home","item":"https:\/\/merritt.ae\/fr\/accueil\/"},{"@type":"ListItem","position":2,"name":"Soci\u00e9t\u00e9 \u00e0 Dubai","item":"https:\/\/merritt.ae\/fr\/societe\/"},{"@type":"ListItem","position":3,"name":"Les bureaux"}]},{"@type":"WebSite","@id":"https:\/\/merritt.ae\/#website","url":"https:\/\/merritt.ae\/","name":"merritt.ae","description":"","publisher":{"@id":"https:\/\/merritt.ae\/#organization"},"potentialAction":[{"@type":"SearchAction","target":{"@type":"EntryPoint","urlTemplate":"https:\/\/merritt.ae\/?s={search_term_string}"},"query-input":{"@type":"PropertyValueSpecification","valueRequired":true,"valueName":"search_term_string"}}],"inLanguage":"fr-FR"},{"@type":"Organization","@id":"https:\/\/merritt.ae\/#organization","name":"merritt.ae","url":"https:\/\/merritt.ae\/","logo":{"@type":"ImageObject","inLanguage":"fr-FR","@id":"https:\/\/merritt.ae\/#\/schema\/logo\/image\/","url":"https:\/\/merritt.ae\/wp-content\/uploads\/2021\/11\/ME-new-featured.jpg","contentUrl":"https:\/\/merritt.ae\/wp-content\/uploads\/2021\/11\/ME-new-featured.jpg","width":1200,"height":630,"caption":"merritt.ae"},"image":{"@id":"https:\/\/merritt.ae\/#\/schema\/logo\/image\/"}}]}},"_links":{"self":[{"href":"https:\/\/merritt.ae\/fr\/wp-json\/wp\/v2\/pages\/5327","targetHints":{"allow":["GET"]}}],"collection":[{"href":"https:\/\/merritt.ae\/fr\/wp-json\/wp\/v2\/pages"}],"about":[{"href":"https:\/\/merritt.ae\/fr\/wp-json\/wp\/v2\/types\/page"}],"author":[{"embeddable":true,"href":"https:\/\/merritt.ae\/fr\/wp-json\/wp\/v2\/users\/2"}],"replies":[{"embeddable":true,"href":"https:\/\/merritt.ae\/fr\/wp-json\/wp\/v2\/comments?post=5327"}],"version-history":[{"count":6,"href":"https:\/\/merritt.ae\/fr\/wp-json\/wp\/v2\/pages\/5327\/revisions"}],"predecessor-version":[{"id":16957,"href":"https:\/\/merritt.ae\/fr\/wp-json\/wp\/v2\/pages\/5327\/revisions\/16957"}],"up":[{"embeddable":true,"href":"https:\/\/merritt.ae\/fr\/wp-json\/wp\/v2\/pages\/11084"}],"wp:attachment":[{"href":"https:\/\/merritt.ae\/fr\/wp-json\/wp\/v2\/media?parent=5327"}],"curies":[{"name":"wp","href":"https:\/\/api.w.org\/{rel}","templated":true}]}}