{"id":5325,"date":"2019-12-09T12:49:01","date_gmt":"2019-12-09T12:49:01","guid":{"rendered":"https:\/\/merritt.ae\/?page_id=5325"},"modified":"2022-04-29T11:57:51","modified_gmt":"2022-04-29T07:57:51","slug":"type-de-societes","status":"publish","type":"page","link":"https:\/\/merritt.ae\/fr\/societe\/type-de-societes\/","title":{"rendered":"Type de soci\u00e9t\u00e9s"},"content":{"rendered":"<div id='full_slider_1'  class='avia-fullwidth-slider main_color avia-shadow   avia-builder-el-0  el_before_av_heading  avia-builder-el-first   container_wrap sidebar_right'  >\n<style type=\"text\/css\" data-created_by=\"avia_inline_auto\" id=\"style-css-av-1elbghp-0a382789006a55c9d31b215621063f32\">\n#top #wrap_all .avia-slideshow .av-slideshow-caption.av-1elbghp-0a382789006a55c9d31b215621063f32__0 .avia-caption-title{\ncolor:#ffffff;\n}\n<\/style>\n<div  class='avia-slideshow av-1elbghp-0a382789006a55c9d31b215621063f32 avia-slideshow-featured av_slideshow_full avia-slide-slider av-slideshow-ui av-control-default av-slideshow-manual av-loop-once av-loop-manual-endless av-default-height-applied   avia-slideshow-1' data-slideshow-options=\"{&quot;animation&quot;:&quot;slide&quot;,&quot;autoplay&quot;:false,&quot;loop_autoplay&quot;:&quot;once&quot;,&quot;interval&quot;:5,&quot;loop_manual&quot;:&quot;manual-endless&quot;,&quot;autoplay_stopper&quot;:false,&quot;noNavigation&quot;:false,&quot;bg_slider&quot;:false,&quot;keep_padding&quot;:false,&quot;hoverpause&quot;:false,&quot;show_slide_delay&quot;:0}\"  itemprop=\"image\" itemscope=\"itemscope\" itemtype=\"https:\/\/schema.org\/ImageObject\" ><ul class='avia-slideshow-inner ' style='padding-bottom: 28.666666666667%;'><li  class='avia-slideshow-slide av-1elbghp-0a382789006a55c9d31b215621063f32__0  av-single-slide slide-1 slide-odd'><div data-rel='slideshow-1' class='avia-slide-wrap '   ><div class='av-slideshow-caption av-1elbghp-0a382789006a55c9d31b215621063f32__0 caption_fullwidth caption_center caption_center_framed caption_framed'><div class=\"container caption_container\"><div class=\"slideshow_caption\"><div class=\"slideshow_inner_caption\"><div class=\"slideshow_align_caption\"><h2 class='avia-caption-title '  itemprop=\"name\" >Les diff\u00e9rents types de soci\u00e9t\u00e9s disponibles aux Emirats<\/h2><\/div><\/div><\/div><\/div><\/div><img decoding=\"async\" fetchpriority=\"high\" class=\"wp-image-5697 avia-img-lazy-loading-not-5697\"  src=\"https:\/\/merritt.ae\/wp-content\/uploads\/2019\/12\/Marina-1500x430.jpg\" width=\"1500\" height=\"430\" title='Marina' alt=''  itemprop=\"thumbnailUrl\"   \/><\/div><\/li><\/ul><\/div><\/div><div id='after_full_slider_1'  class='main_color av_default_container_wrap container_wrap sidebar_right'  ><div class='container av-section-cont-open' ><div class='template-page content  av-content-small alpha units'><div class='post-entry post-entry-type-page post-entry-5325'><div class='entry-content-wrapper clearfix'>\n\n<style type=\"text\/css\" data-created_by=\"avia_inline_auto\" id=\"style-css-av-3l9yot-1ed8863794208b898483710494fb07fe\">\n#top .av-special-heading.av-3l9yot-1ed8863794208b898483710494fb07fe{\npadding-bottom:10px;\n}\nbody .av-special-heading.av-3l9yot-1ed8863794208b898483710494fb07fe .av-special-heading-tag .heading-char{\nfont-size:25px;\n}\n.av-special-heading.av-3l9yot-1ed8863794208b898483710494fb07fe .av-subheading{\nfont-size:15px;\n}\n<\/style>\n<div  class='av-special-heading av-3l9yot-1ed8863794208b898483710494fb07fe av-special-heading-h2  avia-builder-el-1  el_after_av_slideshow_full  el_before_av_textblock  avia-builder-el-first '><h2 class='av-special-heading-tag '  itemprop=\"headline\"  >Pr\u00e9sentation g\u00e9n\u00e9rale<\/h2><div class=\"special-heading-border\"><div class=\"special-heading-inner-border\"><\/div><\/div><\/div>\n<section  class='av_textblock_section av-k444riwg-83804b868c139fb8465f77aed5f31681 '   itemscope=\"itemscope\" itemtype=\"https:\/\/schema.org\/CreativeWork\" ><div class='avia_textblock'  itemprop=\"text\" ><p>Il y a plusieurs types d&#8217;entit\u00e9s aux Emirats:<br \/>\n&#8211; Le <a href=\"https:\/\/merritt.ae\/fr\/societe\/type-de-societes\/permis-free-lance\/\">permis Free-lance<\/a><br \/>\n&#8211; La <a href=\"https:\/\/merritt.ae\/fr\/societe\/type-de-societes\/societe-offshore\/\">soci\u00e9t\u00e9 Offshore<\/a><br \/>\n&#8211; La <a href=\"https:\/\/merritt.ae\/fr\/societe\/type-de-societes\/societe-free-zone-dubai\/\">soci\u00e9t\u00e9 Free-zone<\/a><br \/>\n&#8211; La <a href=\"https:\/\/merritt.ae\/fr\/societe\/type-de-societes\/societe-mainland\/\">soci\u00e9t\u00e9 Mainland<\/a><br \/>\n&#8211; La <a href=\"https:\/\/merritt.ae\/fr\/societe\/type-de-societes\/fondation\/\">fondation<\/a><\/p>\n<p><img loading=\"lazy\" decoding=\"async\" class=\"alignnone wp-image-10646 size-large\" src=\"https:\/\/merritt.ae\/wp-content\/uploads\/2021\/10\/type-des-societes-1030x489.jpg\" alt=\"\" width=\"1030\" height=\"489\" srcset=\"https:\/\/merritt.ae\/wp-content\/uploads\/2021\/10\/type-des-societes-1030x489.jpg 1030w, https:\/\/merritt.ae\/wp-content\/uploads\/2021\/10\/type-des-societes-300x142.jpg 300w, https:\/\/merritt.ae\/wp-content\/uploads\/2021\/10\/type-des-societes-768x364.jpg 768w, https:\/\/merritt.ae\/wp-content\/uploads\/2021\/10\/type-des-societes-705x335.jpg 705w, https:\/\/merritt.ae\/wp-content\/uploads\/2021\/10\/type-des-societes.jpg 1431w\" sizes=\"auto, (max-width: 1030px) 100vw, 1030px\" \/><\/p>\n<\/div><\/section>\n<section  class='av_textblock_section av-l2k573rs-6adfc569e6e70a8ad49b3356552c3993 '   itemscope=\"itemscope\" itemtype=\"https:\/\/schema.org\/CreativeWork\" ><div class='avia_textblock'  itemprop=\"text\" ><p>Il est parfois compliqu\u00e9 de comprendre les diff\u00e9rences entre une soci\u00e9t\u00e9 Free-zone et une soci\u00e9t\u00e9 Mainland, d&#8217;autant plus que depuis 2021 il n&#8217;est plus requis d&#8217;avoir un associ\u00e9 \u00e9mirati pour une soci\u00e9t\u00e9 Mainland.<\/p>\n<p>Nous vous invitons \u00e0 lire cette page de notre blog qui explique les <a href=\"https:\/\/merritt.ae\/fr\/creer-une-societe-en-free-zone-ou-en-mainland\/\" target=\"_blank\" rel=\"noopener\">diff\u00e9rences entre une soci\u00e9t\u00e9 Free-zone et une soci\u00e9t\u00e9 Mainland<\/a>.<\/p>\n<\/div><\/section>\n\n<style type=\"text\/css\" data-created_by=\"avia_inline_auto\" id=\"style-css-av-24lqst-650f65e793bc85484772e5c0e4b9c0b6\">\n#top .av-special-heading.av-24lqst-650f65e793bc85484772e5c0e4b9c0b6{\npadding-bottom:10px;\n}\nbody .av-special-heading.av-24lqst-650f65e793bc85484772e5c0e4b9c0b6 .av-special-heading-tag .heading-char{\nfont-size:25px;\n}\n.av-special-heading.av-24lqst-650f65e793bc85484772e5c0e4b9c0b6 .av-subheading{\nfont-size:15px;\n}\n<\/style>\n<div  class='av-special-heading av-24lqst-650f65e793bc85484772e5c0e4b9c0b6 av-special-heading-h2  avia-builder-el-4  el_after_av_textblock  el_before_av_textblock '><h2 class='av-special-heading-tag '  itemprop=\"headline\"  >Arbre de d\u00e9cision simplifi\u00e9 pour choisir le registre et la licence ad\u00e9quats<\/h2><div class=\"special-heading-border\"><div class=\"special-heading-inner-border\"><\/div><\/div><\/div>\n<section  class='av_textblock_section av-k7o93aqy-c02f9e68b3f75c3db0f897b74235b40e '   itemscope=\"itemscope\" itemtype=\"https:\/\/schema.org\/CreativeWork\" ><div class='avia_textblock'  itemprop=\"text\" ><p><img loading=\"lazy\" decoding=\"async\" class=\"alignnone wp-image-10609 size-large\" src=\"https:\/\/merritt.ae\/wp-content\/uploads\/2021\/10\/arbre-decision-1030x728.jpg\" alt=\"\" width=\"1030\" height=\"728\" srcset=\"https:\/\/merritt.ae\/wp-content\/uploads\/2021\/10\/arbre-decision-1030x728.jpg 1030w, https:\/\/merritt.ae\/wp-content\/uploads\/2021\/10\/arbre-decision-300x212.jpg 300w, https:\/\/merritt.ae\/wp-content\/uploads\/2021\/10\/arbre-decision-768x543.jpg 768w, https:\/\/merritt.ae\/wp-content\/uploads\/2021\/10\/arbre-decision-260x185.jpg 260w, https:\/\/merritt.ae\/wp-content\/uploads\/2021\/10\/arbre-decision-705x498.jpg 705w, https:\/\/merritt.ae\/wp-content\/uploads\/2021\/10\/arbre-decision.jpg 1408w\" sizes=\"auto, (max-width: 1030px) 100vw, 1030px\" \/><\/p>\n<\/div><\/section>\n","protected":false},"excerpt":{"rendered":"","protected":false},"author":2,"featured_media":0,"parent":11084,"menu_order":1,"comment_status":"closed","ping_status":"closed","template":"","meta":{"inline_featured_image":false,"footnotes":""},"class_list":["post-5325","page","type-page","status-publish","hentry"],"yoast_head":"<!-- This site is optimized with the Yoast SEO plugin v26.9 - https:\/\/yoast.com\/product\/yoast-seo-wordpress\/ -->\n<title>Selon votre activit\u00e9 et vos besoins - Diff\u00e9rents types d&#039;entreprises.<\/title>\n<meta name=\"description\" content=\"Il existe 3 types de soci\u00e9t\u00e9 : Offshore - Mainland - FreeZone. Nous vous expliquons absolument tout en d\u00e9tail. Sinon, nous r\u00e9pondons en 4 heures !\" \/>\n<meta name=\"robots\" content=\"index, follow, max-snippet:-1, max-image-preview:large, max-video-preview:-1\" \/>\n<link rel=\"canonical\" href=\"https:\/\/merritt.ae\/fr\/societe\/type-de-societes\/\" \/>\n<meta property=\"og:locale\" content=\"fr_FR\" \/>\n<meta property=\"og:type\" content=\"article\" \/>\n<meta property=\"og:title\" content=\"Selon votre activit\u00e9 et vos besoins - Diff\u00e9rents types d&#039;entreprises.\" \/>\n<meta property=\"og:description\" content=\"Il existe 3 types de soci\u00e9t\u00e9 : Offshore - Mainland - FreeZone. Nous vous expliquons absolument tout en d\u00e9tail. Sinon, nous r\u00e9pondons en 4 heures !\" \/>\n<meta property=\"og:url\" content=\"https:\/\/merritt.ae\/fr\/societe\/type-de-societes\/\" \/>\n<meta property=\"og:site_name\" content=\"merritt.ae\" \/>\n<meta property=\"article:modified_time\" content=\"2022-04-29T07:57:51+00:00\" \/>\n<meta property=\"og:image\" content=\"https:\/\/merritt.ae\/wp-content\/uploads\/2021\/10\/type-des-societes-1030x489.jpg\" \/>\n<meta name=\"twitter:card\" content=\"summary_large_image\" \/>\n<meta name=\"twitter:label1\" content=\"Dur\u00e9e de lecture estim\u00e9e\" \/>\n\t<meta name=\"twitter:data1\" content=\"3 minutes\" \/>\n<script type=\"application\/ld+json\" class=\"yoast-schema-graph\">{\"@context\":\"https:\/\/schema.org\",\"@graph\":[{\"@type\":\"WebPage\",\"@id\":\"https:\/\/merritt.ae\/fr\/societe\/type-de-societes\/\",\"url\":\"https:\/\/merritt.ae\/fr\/societe\/type-de-societes\/\",\"name\":\"Selon votre activit\u00e9 et vos besoins - Diff\u00e9rents types d'entreprises.\",\"isPartOf\":{\"@id\":\"https:\/\/merritt.ae\/#website\"},\"primaryImageOfPage\":{\"@id\":\"https:\/\/merritt.ae\/fr\/societe\/type-de-societes\/#primaryimage\"},\"image\":{\"@id\":\"https:\/\/merritt.ae\/fr\/societe\/type-de-societes\/#primaryimage\"},\"thumbnailUrl\":\"https:\/\/merritt.ae\/wp-content\/uploads\/2021\/10\/type-des-societes-1030x489.jpg\",\"datePublished\":\"2019-12-09T12:49:01+00:00\",\"dateModified\":\"2022-04-29T07:57:51+00:00\",\"description\":\"Il existe 3 types de soci\u00e9t\u00e9 : Offshore - Mainland - FreeZone. Nous vous expliquons absolument tout en d\u00e9tail. Sinon, nous r\u00e9pondons en 4 heures !\",\"breadcrumb\":{\"@id\":\"https:\/\/merritt.ae\/fr\/societe\/type-de-societes\/#breadcrumb\"},\"inLanguage\":\"fr-FR\",\"potentialAction\":[{\"@type\":\"ReadAction\",\"target\":[\"https:\/\/merritt.ae\/fr\/societe\/type-de-societes\/\"]}]},{\"@type\":\"ImageObject\",\"inLanguage\":\"fr-FR\",\"@id\":\"https:\/\/merritt.ae\/fr\/societe\/type-de-societes\/#primaryimage\",\"url\":\"https:\/\/merritt.ae\/wp-content\/uploads\/2021\/10\/type-des-societes-1030x489.jpg\",\"contentUrl\":\"https:\/\/merritt.ae\/wp-content\/uploads\/2021\/10\/type-des-societes-1030x489.jpg\"},{\"@type\":\"BreadcrumbList\",\"@id\":\"https:\/\/merritt.ae\/fr\/societe\/type-de-societes\/#breadcrumb\",\"itemListElement\":[{\"@type\":\"ListItem\",\"position\":1,\"name\":\"Home\",\"item\":\"https:\/\/merritt.ae\/fr\/accueil\/\"},{\"@type\":\"ListItem\",\"position\":2,\"name\":\"Soci\u00e9t\u00e9 \u00e0 Dubai\",\"item\":\"https:\/\/merritt.ae\/fr\/societe\/\"},{\"@type\":\"ListItem\",\"position\":3,\"name\":\"Type de soci\u00e9t\u00e9s\"}]},{\"@type\":\"WebSite\",\"@id\":\"https:\/\/merritt.ae\/#website\",\"url\":\"https:\/\/merritt.ae\/\",\"name\":\"merritt.ae\",\"description\":\"\",\"publisher\":{\"@id\":\"https:\/\/merritt.ae\/#organization\"},\"potentialAction\":[{\"@type\":\"SearchAction\",\"target\":{\"@type\":\"EntryPoint\",\"urlTemplate\":\"https:\/\/merritt.ae\/?s={search_term_string}\"},\"query-input\":{\"@type\":\"PropertyValueSpecification\",\"valueRequired\":true,\"valueName\":\"search_term_string\"}}],\"inLanguage\":\"fr-FR\"},{\"@type\":\"Organization\",\"@id\":\"https:\/\/merritt.ae\/#organization\",\"name\":\"merritt.ae\",\"url\":\"https:\/\/merritt.ae\/\",\"logo\":{\"@type\":\"ImageObject\",\"inLanguage\":\"fr-FR\",\"@id\":\"https:\/\/merritt.ae\/#\/schema\/logo\/image\/\",\"url\":\"https:\/\/merritt.ae\/wp-content\/uploads\/2021\/11\/ME-new-featured.jpg\",\"contentUrl\":\"https:\/\/merritt.ae\/wp-content\/uploads\/2021\/11\/ME-new-featured.jpg\",\"width\":1200,\"height\":630,\"caption\":\"merritt.ae\"},\"image\":{\"@id\":\"https:\/\/merritt.ae\/#\/schema\/logo\/image\/\"}}]}<\/script>\n<!-- \/ Yoast SEO plugin. -->","yoast_head_json":{"title":"Selon votre activit\u00e9 et vos besoins - Diff\u00e9rents types d'entreprises.","description":"Il existe 3 types de soci\u00e9t\u00e9 : Offshore - Mainland - FreeZone. Nous vous expliquons absolument tout en d\u00e9tail. Sinon, nous r\u00e9pondons en 4 heures !","robots":{"index":"index","follow":"follow","max-snippet":"max-snippet:-1","max-image-preview":"max-image-preview:large","max-video-preview":"max-video-preview:-1"},"canonical":"https:\/\/merritt.ae\/fr\/societe\/type-de-societes\/","og_locale":"fr_FR","og_type":"article","og_title":"Selon votre activit\u00e9 et vos besoins - Diff\u00e9rents types d'entreprises.","og_description":"Il existe 3 types de soci\u00e9t\u00e9 : Offshore - Mainland - FreeZone. Nous vous expliquons absolument tout en d\u00e9tail. Sinon, nous r\u00e9pondons en 4 heures !","og_url":"https:\/\/merritt.ae\/fr\/societe\/type-de-societes\/","og_site_name":"merritt.ae","article_modified_time":"2022-04-29T07:57:51+00:00","og_image":[{"url":"https:\/\/merritt.ae\/wp-content\/uploads\/2021\/10\/type-des-societes-1030x489.jpg","type":"","width":"","height":""}],"twitter_card":"summary_large_image","twitter_misc":{"Dur\u00e9e de lecture estim\u00e9e":"3 minutes"},"schema":{"@context":"https:\/\/schema.org","@graph":[{"@type":"WebPage","@id":"https:\/\/merritt.ae\/fr\/societe\/type-de-societes\/","url":"https:\/\/merritt.ae\/fr\/societe\/type-de-societes\/","name":"Selon votre activit\u00e9 et vos besoins - Diff\u00e9rents types d'entreprises.","isPartOf":{"@id":"https:\/\/merritt.ae\/#website"},"primaryImageOfPage":{"@id":"https:\/\/merritt.ae\/fr\/societe\/type-de-societes\/#primaryimage"},"image":{"@id":"https:\/\/merritt.ae\/fr\/societe\/type-de-societes\/#primaryimage"},"thumbnailUrl":"https:\/\/merritt.ae\/wp-content\/uploads\/2021\/10\/type-des-societes-1030x489.jpg","datePublished":"2019-12-09T12:49:01+00:00","dateModified":"2022-04-29T07:57:51+00:00","description":"Il existe 3 types de soci\u00e9t\u00e9 : Offshore - Mainland - FreeZone. Nous vous expliquons absolument tout en d\u00e9tail. Sinon, nous r\u00e9pondons en 4 heures !","breadcrumb":{"@id":"https:\/\/merritt.ae\/fr\/societe\/type-de-societes\/#breadcrumb"},"inLanguage":"fr-FR","potentialAction":[{"@type":"ReadAction","target":["https:\/\/merritt.ae\/fr\/societe\/type-de-societes\/"]}]},{"@type":"ImageObject","inLanguage":"fr-FR","@id":"https:\/\/merritt.ae\/fr\/societe\/type-de-societes\/#primaryimage","url":"https:\/\/merritt.ae\/wp-content\/uploads\/2021\/10\/type-des-societes-1030x489.jpg","contentUrl":"https:\/\/merritt.ae\/wp-content\/uploads\/2021\/10\/type-des-societes-1030x489.jpg"},{"@type":"BreadcrumbList","@id":"https:\/\/merritt.ae\/fr\/societe\/type-de-societes\/#breadcrumb","itemListElement":[{"@type":"ListItem","position":1,"name":"Home","item":"https:\/\/merritt.ae\/fr\/accueil\/"},{"@type":"ListItem","position":2,"name":"Soci\u00e9t\u00e9 \u00e0 Dubai","item":"https:\/\/merritt.ae\/fr\/societe\/"},{"@type":"ListItem","position":3,"name":"Type de soci\u00e9t\u00e9s"}]},{"@type":"WebSite","@id":"https:\/\/merritt.ae\/#website","url":"https:\/\/merritt.ae\/","name":"merritt.ae","description":"","publisher":{"@id":"https:\/\/merritt.ae\/#organization"},"potentialAction":[{"@type":"SearchAction","target":{"@type":"EntryPoint","urlTemplate":"https:\/\/merritt.ae\/?s={search_term_string}"},"query-input":{"@type":"PropertyValueSpecification","valueRequired":true,"valueName":"search_term_string"}}],"inLanguage":"fr-FR"},{"@type":"Organization","@id":"https:\/\/merritt.ae\/#organization","name":"merritt.ae","url":"https:\/\/merritt.ae\/","logo":{"@type":"ImageObject","inLanguage":"fr-FR","@id":"https:\/\/merritt.ae\/#\/schema\/logo\/image\/","url":"https:\/\/merritt.ae\/wp-content\/uploads\/2021\/11\/ME-new-featured.jpg","contentUrl":"https:\/\/merritt.ae\/wp-content\/uploads\/2021\/11\/ME-new-featured.jpg","width":1200,"height":630,"caption":"merritt.ae"},"image":{"@id":"https:\/\/merritt.ae\/#\/schema\/logo\/image\/"}}]}},"_links":{"self":[{"href":"https:\/\/merritt.ae\/fr\/wp-json\/wp\/v2\/pages\/5325","targetHints":{"allow":["GET"]}}],"collection":[{"href":"https:\/\/merritt.ae\/fr\/wp-json\/wp\/v2\/pages"}],"about":[{"href":"https:\/\/merritt.ae\/fr\/wp-json\/wp\/v2\/types\/page"}],"author":[{"embeddable":true,"href":"https:\/\/merritt.ae\/fr\/wp-json\/wp\/v2\/users\/2"}],"replies":[{"embeddable":true,"href":"https:\/\/merritt.ae\/fr\/wp-json\/wp\/v2\/comments?post=5325"}],"version-history":[{"count":22,"href":"https:\/\/merritt.ae\/fr\/wp-json\/wp\/v2\/pages\/5325\/revisions"}],"predecessor-version":[{"id":17766,"href":"https:\/\/merritt.ae\/fr\/wp-json\/wp\/v2\/pages\/5325\/revisions\/17766"}],"up":[{"embeddable":true,"href":"https:\/\/merritt.ae\/fr\/wp-json\/wp\/v2\/pages\/11084"}],"wp:attachment":[{"href":"https:\/\/merritt.ae\/fr\/wp-json\/wp\/v2\/media?parent=5325"}],"curies":[{"name":"wp","href":"https:\/\/api.w.org\/{rel}","templated":true}]}}