{"id":3464,"date":"2018-11-06T09:48:09","date_gmt":"2018-11-06T09:48:09","guid":{"rendered":"https:\/\/merritt-accounting.com\/?page_id=3464"},"modified":"2023-05-18T14:10:23","modified_gmt":"2023-05-18T10:10:23","slug":"nous-contacter","status":"publish","type":"page","link":"https:\/\/merritt.ae\/fr\/nous-contacter\/","title":{"rendered":"Nous contacter"},"content":{"rendered":"<div id='full_slider_1'  class='avia-fullwidth-slider main_color avia-shadow   avia-builder-el-0  el_before_av_heading  avia-builder-el-first   container_wrap sidebar_right'  >\n<style type=\"text\/css\" data-created_by=\"avia_inline_auto\" id=\"style-css-av-k2j40jxd-efe56f230ab7b03b917d137de34e92dd\">\n#top #wrap_all .avia-slideshow .av-slideshow-caption.av-k2j40jxd-efe56f230ab7b03b917d137de34e92dd__0 .avia-caption-title{\nfont-size:50px;\ncolor:#ffffff;\n}\n#top .avia-slideshow .av-slideshow-caption.av-k2j40jxd-efe56f230ab7b03b917d137de34e92dd__0 .avia-caption-content{\nfont-size:22px;\n}\n#top .avia-slideshow .av-slideshow-caption.av-k2j40jxd-efe56f230ab7b03b917d137de34e92dd__0 .avia-caption-content p{\nfont-size:22px;\n}\n<\/style>\n<div  class='avia-slideshow av-k2j40jxd-efe56f230ab7b03b917d137de34e92dd avia-slideshow-featured av_slideshow_full avia-slide-slider av-slideshow-ui av-control-default av-slideshow-manual av-loop-once av-loop-manual-endless av-default-height-applied   avia-slideshow-1' data-slideshow-options=\"{&quot;animation&quot;:&quot;slide&quot;,&quot;autoplay&quot;:false,&quot;loop_autoplay&quot;:&quot;once&quot;,&quot;interval&quot;:5,&quot;loop_manual&quot;:&quot;manual-endless&quot;,&quot;autoplay_stopper&quot;:false,&quot;noNavigation&quot;:false,&quot;bg_slider&quot;:false,&quot;keep_padding&quot;:false,&quot;hoverpause&quot;:false,&quot;show_slide_delay&quot;:0}\"  itemprop=\"image\" itemscope=\"itemscope\" itemtype=\"https:\/\/schema.org\/ImageObject\" ><ul class='avia-slideshow-inner ' style='padding-bottom: 28.666666666667%;'><li  class='avia-slideshow-slide av-k2j40jxd-efe56f230ab7b03b917d137de34e92dd__0  av-single-slide slide-1 slide-odd'><div data-rel='slideshow-1' class='avia-slide-wrap '   ><img decoding=\"async\" fetchpriority=\"high\" class=\"wp-image-10469 avia-img-lazy-loading-not-10469\"  src=\"https:\/\/merritt.ae\/wp-content\/uploads\/2021\/07\/16-1500x430.png\" width=\"1500\" height=\"430\" title='16' alt=''  itemprop=\"thumbnailUrl\"   \/><\/div><\/li><\/ul><div class='av-slideshow-caption av-k2j40jxd-efe56f230ab7b03b917d137de34e92dd__0 caption_fullwidth caption_center caption_center_framed caption_framed'><div class=\"container caption_container\"><div class=\"slideshow_caption\"><div class=\"slideshow_inner_caption\"><div class=\"slideshow_align_caption\"><h2 class='avia-caption-title '  itemprop=\"name\" >Nous contacter<\/h2><\/div><\/div><\/div><\/div><\/div><\/div><\/div><div id='after_full_slider_1'  class='main_color av_default_container_wrap container_wrap sidebar_right'  ><div class='container av-section-cont-open' ><div class='template-page content  av-content-small alpha units'><div class='post-entry post-entry-type-page post-entry-3464'><div class='entry-content-wrapper clearfix'>\n\n<style type=\"text\/css\" data-created_by=\"avia_inline_auto\" id=\"style-css-av-25xprc-08c0c8db9fa37935e478d1900eb649b1\">\n#top .av-special-heading.av-25xprc-08c0c8db9fa37935e478d1900eb649b1{\npadding-bottom:10px;\ncolor:#2b3990;\n}\nbody .av-special-heading.av-25xprc-08c0c8db9fa37935e478d1900eb649b1 .av-special-heading-tag .heading-char{\nfont-size:25px;\n}\n.av-special-heading.av-25xprc-08c0c8db9fa37935e478d1900eb649b1 .special-heading-inner-border{\nborder-color:#2b3990;\n}\n.av-special-heading.av-25xprc-08c0c8db9fa37935e478d1900eb649b1 .av-subheading{\nfont-size:15px;\n}\n<\/style>\n<div  class='av-special-heading av-25xprc-08c0c8db9fa37935e478d1900eb649b1 av-special-heading-h2 custom-color-heading  avia-builder-el-1  el_after_av_slideshow_full  el_before_av_section  avia-builder-el-no-sibling '><h2 class='av-special-heading-tag '  itemprop=\"headline\"  >Nous contacter<\/h2><div class=\"special-heading-border\"><div class=\"special-heading-inner-border\"><\/div><\/div><\/div>\n<\/div><\/div><\/div><!-- close content main div --><\/div><\/div>\n<style type=\"text\/css\" data-created_by=\"avia_inline_auto\" id=\"style-css-av-jo5k04qt-78adb9975cdae123229b24e9dc6aa082\">\n.avia-section.av-jo5k04qt-78adb9975cdae123229b24e9dc6aa082{\nmargin-top:0px;\nmargin-bottom:0px;\n}\n<\/style>\n<div id='map'  class='avia-section av-jo5k04qt-78adb9975cdae123229b24e9dc6aa082 main_color avia-section-no-padding avia-no-border-styling  avia-builder-el-2  el_after_av_heading  el_before_av_one_half  avia-bg-style-scroll container_wrap sidebar_right'  ><div class='container av-section-cont-open' ><div class='template-page content  av-content-small alpha units'><div class='post-entry post-entry-type-page post-entry-3464'><div class='entry-content-wrapper clearfix'>\n<section  class='av_textblock_section av-jo5jyy50-3050b13d5aacadd8b51d07ac32152e97 '   itemscope=\"itemscope\" itemtype=\"https:\/\/schema.org\/CreativeWork\" ><div class='avia_textblock'  itemprop=\"text\" ><p><iframe loading=\"lazy\" style=\"border: 0;\" src=\"https:\/\/www.google.com\/maps\/embed?pb=!1m14!1m8!1m3!1d18540.728534471808!2d55.141852!3d25.066961!3m2!1i1024!2i768!4f13.1!3m3!1m2!1s0x3e5f6cad0c544ddf%3A0xb4536e62614a3596!2sGold+Crest+Executive%2C+Cluster+C+-+Dubai+-+%C3%89mirats+arabes+unis!5e1!3m2!1sfr!2sus!4v1449153413888\" width=\"100%\" height=\"400\" frameborder=\"0\" allowfullscreen=\"allowfullscreen\">&lt;\/ifr<iframe><br \/>\n<\/iframe><\/iframe><\/p>\n<\/div><\/section>\n<\/div><\/div><\/div><!-- close content main div --><\/div><\/div><div id='after_section_1'  class='main_color av_default_container_wrap container_wrap sidebar_right'  ><div class='container av-section-cont-open' ><div class='template-page content  av-content-small alpha units'><div class='post-entry post-entry-type-page post-entry-3464'><div class='entry-content-wrapper clearfix'>\n\n<style type=\"text\/css\" data-created_by=\"avia_inline_auto\" id=\"style-css-av-4msnso-cd9cbeca18d80597de5254a486afe50a\">\n.flex_column.av-4msnso-cd9cbeca18d80597de5254a486afe50a{\nborder-radius:0px 0px 0px 0px;\npadding:0px 0px 0px 0px;\n}\n<\/style>\n<div  class='flex_column av-4msnso-cd9cbeca18d80597de5254a486afe50a av_one_half  avia-builder-el-4  el_after_av_section  el_before_av_one_half  avia-builder-el-first  first flex_column_div av-zero-column-padding  '     ><section  class='av_textblock_section av-jo5ka5w8-6e10cfd55c724434184f7be68e7de37e '   itemscope=\"itemscope\" itemtype=\"https:\/\/schema.org\/CreativeWork\" ><div class='avia_textblock'  itemprop=\"text\" ><h2>Merritt Middle East DMCC<\/h2>\n<p>Bureau n\u00b01005 &#8211; 10i\u00e8me \u00e9tage<br \/>\nGoldcrest Executive Tower &#8211; Cluster C<br \/>\nJumeirah Lakes Towers<br \/>\nDubai<br \/>\nUnited Arab Emirates<\/p>\n<p>T\u00e9l\u00e9phone: <a href=\"tel:+97144221345\">+971 4 422 1345<\/a> \/ <a href=\"tel:044221345\">04 422 1345<\/a><br \/>\nWhatsApps: <a href=\"https:\/\/wa.me\/971585931005\">+971 58 593 1005<\/a><br \/>\nEmail: <a href=\"mailto:support@merritt.group\">support@merritt.group<\/a><\/p>\n<h2>Merritt Legal Consultants FZ LLC<\/h2>\n<p>Bureau n\u00b0809A \u2013 8i\u00e8me \u00e9tage<br \/>\nAmenity Center Tower 2<br \/>\nAl Jazeera Al Hamra<br \/>\nRas Al Khaimah<br \/>\nUnited Arab Emirates<\/p>\n<p>T\u00e9l\u00e9phone: <a href=\"tel:+97144221345\">+971 4 422 1345<\/a> \/ <a href=\"tel:044221345\">04 422 1345<\/a><br \/>\nWhatsApps: <a href=\"https:\/\/wa.me\/971569537401\">+971 56 9537 401<\/a><br \/>\nEmail: <a href=\"mailto:info@merritt-legal.com\">info@merritt-legal.com<\/a><\/p>\n<\/div><\/section><br \/>\n<section  class='av_textblock_section av-jo5ka5w8-1cd517e745d480c189bb6b71fc9af73f '   itemscope=\"itemscope\" itemtype=\"https:\/\/schema.org\/CreativeWork\" ><div class='avia_textblock'  itemprop=\"text\" ><p><em>Toutes les prestations juridiques sont r\u00e9alis\u00e9es exclusivement par Merritt Legal Consultants FZ LLC.<\/em><br \/>\n<em>All legal services are provided exclusively by Merritt Legal Consultants FZ LLC.<\/em><\/p>\n<\/div><\/section><\/p><\/div>\n\n<style type=\"text\/css\" data-created_by=\"avia_inline_auto\" id=\"style-css-av-a0dco-93d01c3228b6cedfd75975b7982e2dcb\">\n.flex_column.av-a0dco-93d01c3228b6cedfd75975b7982e2dcb{\nborder-radius:0px 0px 0px 0px;\npadding:0px 0px 0px 0px;\n}\n<\/style>\n<div  class='flex_column av-a0dco-93d01c3228b6cedfd75975b7982e2dcb av_one_half  avia-builder-el-7  el_after_av_one_half  avia-builder-el-last  flex_column_div av-zero-column-padding  '     ><section  class='av_textblock_section av-jo5kcxwm-c53a743c6aefb0b55232f0db07331689 '   itemscope=\"itemscope\" itemtype=\"https:\/\/schema.org\/CreativeWork\" ><div class='avia_textblock'  itemprop=\"text\" ><h2>Formulaire de contact:<\/h2>\n<div data-getsitecontrol-inline=\"347095\"><\/div>\n<\/div><\/section><\/div>\n","protected":false},"excerpt":{"rendered":"","protected":false},"author":2,"featured_media":0,"parent":0,"menu_order":0,"comment_status":"closed","ping_status":"closed","template":"","meta":{"inline_featured_image":false,"footnotes":""},"class_list":["post-3464","page","type-page","status-publish","hentry"],"yoast_head":"<!-- This site is optimized with the Yoast SEO plugin v26.9 - https:\/\/yoast.com\/product\/yoast-seo-wordpress\/ -->\n<title>Nous r\u00e9pondons en 4 heures et sommes disponibles pour un rendez-vous.<\/title>\n<meta name=\"description\" content=\"En num\u00e9rique ou en physique, nous sommes connect\u00e9s et pr\u00e9sents, contactez-nous comme vous souhaitez !\" \/>\n<meta name=\"robots\" content=\"index, follow, max-snippet:-1, max-image-preview:large, max-video-preview:-1\" \/>\n<link rel=\"canonical\" href=\"https:\/\/merritt.ae\/fr\/nous-contacter\/\" \/>\n<meta property=\"og:locale\" content=\"fr_FR\" \/>\n<meta property=\"og:type\" content=\"article\" \/>\n<meta property=\"og:title\" content=\"Nous r\u00e9pondons en 4 heures et sommes disponibles pour un rendez-vous.\" \/>\n<meta property=\"og:description\" content=\"En num\u00e9rique ou en physique, nous sommes connect\u00e9s et pr\u00e9sents, contactez-nous comme vous souhaitez !\" \/>\n<meta property=\"og:url\" content=\"https:\/\/merritt.ae\/fr\/nous-contacter\/\" \/>\n<meta property=\"og:site_name\" content=\"merritt.ae\" \/>\n<meta property=\"article:modified_time\" content=\"2023-05-18T10:10:23+00:00\" \/>\n<meta property=\"og:image\" content=\"https:\/\/merritt.ae\/wp-content\/uploads\/2021\/11\/ME-new-featured.jpg\" \/>\n\t<meta property=\"og:image:width\" content=\"1200\" \/>\n\t<meta property=\"og:image:height\" content=\"630\" \/>\n\t<meta property=\"og:image:type\" content=\"image\/jpeg\" \/>\n<meta name=\"twitter:card\" content=\"summary_large_image\" \/>\n<meta name=\"twitter:label1\" content=\"Dur\u00e9e de lecture estim\u00e9e\" \/>\n\t<meta name=\"twitter:data1\" content=\"2 minutes\" \/>\n<script type=\"application\/ld+json\" class=\"yoast-schema-graph\">{\"@context\":\"https:\/\/schema.org\",\"@graph\":[{\"@type\":\"WebPage\",\"@id\":\"https:\/\/merritt.ae\/fr\/nous-contacter\/\",\"url\":\"https:\/\/merritt.ae\/fr\/nous-contacter\/\",\"name\":\"Nous r\u00e9pondons en 4 heures et sommes disponibles pour un rendez-vous.\",\"isPartOf\":{\"@id\":\"https:\/\/merritt.ae\/#website\"},\"datePublished\":\"2018-11-06T09:48:09+00:00\",\"dateModified\":\"2023-05-18T10:10:23+00:00\",\"description\":\"En num\u00e9rique ou en physique, nous sommes connect\u00e9s et pr\u00e9sents, contactez-nous comme vous souhaitez !\",\"breadcrumb\":{\"@id\":\"https:\/\/merritt.ae\/fr\/nous-contacter\/#breadcrumb\"},\"inLanguage\":\"fr-FR\",\"potentialAction\":[{\"@type\":\"ReadAction\",\"target\":[\"https:\/\/merritt.ae\/fr\/nous-contacter\/\"]}]},{\"@type\":\"BreadcrumbList\",\"@id\":\"https:\/\/merritt.ae\/fr\/nous-contacter\/#breadcrumb\",\"itemListElement\":[{\"@type\":\"ListItem\",\"position\":1,\"name\":\"Home\",\"item\":\"https:\/\/merritt.ae\/fr\/accueil\/\"},{\"@type\":\"ListItem\",\"position\":2,\"name\":\"Nous contacter\"}]},{\"@type\":\"WebSite\",\"@id\":\"https:\/\/merritt.ae\/#website\",\"url\":\"https:\/\/merritt.ae\/\",\"name\":\"merritt.ae\",\"description\":\"\",\"publisher\":{\"@id\":\"https:\/\/merritt.ae\/#organization\"},\"potentialAction\":[{\"@type\":\"SearchAction\",\"target\":{\"@type\":\"EntryPoint\",\"urlTemplate\":\"https:\/\/merritt.ae\/?s={search_term_string}\"},\"query-input\":{\"@type\":\"PropertyValueSpecification\",\"valueRequired\":true,\"valueName\":\"search_term_string\"}}],\"inLanguage\":\"fr-FR\"},{\"@type\":\"Organization\",\"@id\":\"https:\/\/merritt.ae\/#organization\",\"name\":\"merritt.ae\",\"url\":\"https:\/\/merritt.ae\/\",\"logo\":{\"@type\":\"ImageObject\",\"inLanguage\":\"fr-FR\",\"@id\":\"https:\/\/merritt.ae\/#\/schema\/logo\/image\/\",\"url\":\"https:\/\/merritt.ae\/wp-content\/uploads\/2021\/11\/ME-new-featured.jpg\",\"contentUrl\":\"https:\/\/merritt.ae\/wp-content\/uploads\/2021\/11\/ME-new-featured.jpg\",\"width\":1200,\"height\":630,\"caption\":\"merritt.ae\"},\"image\":{\"@id\":\"https:\/\/merritt.ae\/#\/schema\/logo\/image\/\"}}]}<\/script>\n<!-- \/ Yoast SEO plugin. -->","yoast_head_json":{"title":"Nous r\u00e9pondons en 4 heures et sommes disponibles pour un rendez-vous.","description":"En num\u00e9rique ou en physique, nous sommes connect\u00e9s et pr\u00e9sents, contactez-nous comme vous souhaitez !","robots":{"index":"index","follow":"follow","max-snippet":"max-snippet:-1","max-image-preview":"max-image-preview:large","max-video-preview":"max-video-preview:-1"},"canonical":"https:\/\/merritt.ae\/fr\/nous-contacter\/","og_locale":"fr_FR","og_type":"article","og_title":"Nous r\u00e9pondons en 4 heures et sommes disponibles pour un rendez-vous.","og_description":"En num\u00e9rique ou en physique, nous sommes connect\u00e9s et pr\u00e9sents, contactez-nous comme vous souhaitez !","og_url":"https:\/\/merritt.ae\/fr\/nous-contacter\/","og_site_name":"merritt.ae","article_modified_time":"2023-05-18T10:10:23+00:00","og_image":[{"width":1200,"height":630,"url":"https:\/\/merritt.ae\/wp-content\/uploads\/2021\/11\/ME-new-featured.jpg","type":"image\/jpeg"}],"twitter_card":"summary_large_image","twitter_misc":{"Dur\u00e9e de lecture estim\u00e9e":"2 minutes"},"schema":{"@context":"https:\/\/schema.org","@graph":[{"@type":"WebPage","@id":"https:\/\/merritt.ae\/fr\/nous-contacter\/","url":"https:\/\/merritt.ae\/fr\/nous-contacter\/","name":"Nous r\u00e9pondons en 4 heures et sommes disponibles pour un rendez-vous.","isPartOf":{"@id":"https:\/\/merritt.ae\/#website"},"datePublished":"2018-11-06T09:48:09+00:00","dateModified":"2023-05-18T10:10:23+00:00","description":"En num\u00e9rique ou en physique, nous sommes connect\u00e9s et pr\u00e9sents, contactez-nous comme vous souhaitez !","breadcrumb":{"@id":"https:\/\/merritt.ae\/fr\/nous-contacter\/#breadcrumb"},"inLanguage":"fr-FR","potentialAction":[{"@type":"ReadAction","target":["https:\/\/merritt.ae\/fr\/nous-contacter\/"]}]},{"@type":"BreadcrumbList","@id":"https:\/\/merritt.ae\/fr\/nous-contacter\/#breadcrumb","itemListElement":[{"@type":"ListItem","position":1,"name":"Home","item":"https:\/\/merritt.ae\/fr\/accueil\/"},{"@type":"ListItem","position":2,"name":"Nous contacter"}]},{"@type":"WebSite","@id":"https:\/\/merritt.ae\/#website","url":"https:\/\/merritt.ae\/","name":"merritt.ae","description":"","publisher":{"@id":"https:\/\/merritt.ae\/#organization"},"potentialAction":[{"@type":"SearchAction","target":{"@type":"EntryPoint","urlTemplate":"https:\/\/merritt.ae\/?s={search_term_string}"},"query-input":{"@type":"PropertyValueSpecification","valueRequired":true,"valueName":"search_term_string"}}],"inLanguage":"fr-FR"},{"@type":"Organization","@id":"https:\/\/merritt.ae\/#organization","name":"merritt.ae","url":"https:\/\/merritt.ae\/","logo":{"@type":"ImageObject","inLanguage":"fr-FR","@id":"https:\/\/merritt.ae\/#\/schema\/logo\/image\/","url":"https:\/\/merritt.ae\/wp-content\/uploads\/2021\/11\/ME-new-featured.jpg","contentUrl":"https:\/\/merritt.ae\/wp-content\/uploads\/2021\/11\/ME-new-featured.jpg","width":1200,"height":630,"caption":"merritt.ae"},"image":{"@id":"https:\/\/merritt.ae\/#\/schema\/logo\/image\/"}}]}},"_links":{"self":[{"href":"https:\/\/merritt.ae\/fr\/wp-json\/wp\/v2\/pages\/3464","targetHints":{"allow":["GET"]}}],"collection":[{"href":"https:\/\/merritt.ae\/fr\/wp-json\/wp\/v2\/pages"}],"about":[{"href":"https:\/\/merritt.ae\/fr\/wp-json\/wp\/v2\/types\/page"}],"author":[{"embeddable":true,"href":"https:\/\/merritt.ae\/fr\/wp-json\/wp\/v2\/users\/2"}],"replies":[{"embeddable":true,"href":"https:\/\/merritt.ae\/fr\/wp-json\/wp\/v2\/comments?post=3464"}],"version-history":[{"count":73,"href":"https:\/\/merritt.ae\/fr\/wp-json\/wp\/v2\/pages\/3464\/revisions"}],"predecessor-version":[{"id":17785,"href":"https:\/\/merritt.ae\/fr\/wp-json\/wp\/v2\/pages\/3464\/revisions\/17785"}],"wp:attachment":[{"href":"https:\/\/merritt.ae\/fr\/wp-json\/wp\/v2\/media?parent=3464"}],"curies":[{"name":"wp","href":"https:\/\/api.w.org\/{rel}","templated":true}]}}