{"id":18067,"date":"2025-09-15T19:39:57","date_gmt":"2025-09-15T15:39:57","guid":{"rendered":"https:\/\/merritt.ae\/?page_id=18067"},"modified":"2025-09-15T19:43:10","modified_gmt":"2025-09-15T15:43:10","slug":"guide-trading-or-bijoux-dubai","status":"publish","type":"page","link":"https:\/\/merritt.ae\/fr\/societe\/solutions-metiers\/guide-trading-or-bijoux-dubai\/","title":{"rendered":"Guide pour le trading d&#8217;or et de pierres pr\u00e9cieuses, bijoux"},"content":{"rendered":"<div id='full_slider_1'  class='avia-fullwidth-slider main_color avia-shadow   avia-builder-el-0  el_before_av_textblock  avia-builder-el-first   container_wrap sidebar_right'  >\n<style type=\"text\/css\" data-created_by=\"avia_inline_auto\" id=\"style-css-av-2157ty-26fb0c45638842c38e59069ecabc2f24\">\n#top #wrap_all .avia-slideshow .av-slideshow-caption.av-2157ty-26fb0c45638842c38e59069ecabc2f24__0 .avia-caption-title{\ncolor:#ffffff;\n}\n<\/style>\n<div  class='avia-slideshow av-2157ty-26fb0c45638842c38e59069ecabc2f24 avia-slideshow-featured av_slideshow_full avia-slide-slider av-slideshow-ui av-control-default av-slideshow-manual av-loop-once av-loop-manual-endless av-default-height-applied   avia-slideshow-1' data-slideshow-options=\"{&quot;animation&quot;:&quot;slide&quot;,&quot;autoplay&quot;:false,&quot;loop_autoplay&quot;:&quot;once&quot;,&quot;interval&quot;:5,&quot;loop_manual&quot;:&quot;manual-endless&quot;,&quot;autoplay_stopper&quot;:false,&quot;noNavigation&quot;:false,&quot;bg_slider&quot;:false,&quot;keep_padding&quot;:false,&quot;hoverpause&quot;:false,&quot;show_slide_delay&quot;:0}\"  itemprop=\"image\" itemscope=\"itemscope\" itemtype=\"https:\/\/schema.org\/ImageObject\" ><ul class='avia-slideshow-inner ' style='padding-bottom: 28.666666666667%;'><li  class='avia-slideshow-slide av-2157ty-26fb0c45638842c38e59069ecabc2f24__0  av-single-slide slide-1 slide-odd'><div data-rel='slideshow-1' class='avia-slide-wrap '   ><div class='av-slideshow-caption av-2157ty-26fb0c45638842c38e59069ecabc2f24__0 caption_fullwidth caption_center caption_center_framed caption_framed'><div class=\"container caption_container\"><div class=\"slideshow_caption\"><div class=\"slideshow_inner_caption\"><div class=\"slideshow_align_caption\"><h2 class='avia-caption-title '  itemprop=\"name\" >Guide pour le trading d\u2019or et de pierres pr\u00e9cieuses, bijoux<\/h2><\/div><\/div><\/div><\/div><\/div><img decoding=\"async\" fetchpriority=\"high\" class=\"wp-image-5697 avia-img-lazy-loading-not-5697\"  src=\"https:\/\/merritt.ae\/wp-content\/uploads\/2019\/12\/Marina-1500x430.jpg\" width=\"1500\" height=\"430\" title='Marina' alt=''  itemprop=\"thumbnailUrl\"   \/><\/div><\/li><\/ul><\/div><\/div><div id='after_full_slider_1'  class='main_color av_default_container_wrap container_wrap sidebar_right'  ><div class='container av-section-cont-open' ><div class='template-page content  av-content-small alpha units'><div class='post-entry post-entry-type-page post-entry-18067'><div class='entry-content-wrapper clearfix'>\n<section  class='av_textblock_section av-k4h3lrkf-b4a1e6ee547a89409bb95c064782db58 '   itemscope=\"itemscope\" itemtype=\"https:\/\/schema.org\/CreativeWork\" ><div class='avia_textblock'  itemprop=\"text\" ><p>Dubai est une place r\u00e9put\u00e9e pour le trading d&#8217;or et de pierres pr\u00e9cieuses.<\/p>\n<p>Il est \u00e0 noter que cette activit\u00e9 n\u00e9cessite:<br \/>\n&#8211; Une autorisation du SIRA (<em>Security Industry Regulatory Agency<\/em>) qui doit donner son accord pour agr\u00e9er les bureaux de votre soci\u00e9t\u00e9. Les bureaux partag\u00e9s peuvent b\u00e9n\u00e9ficier d&#8217;une exemption. Les bureaux priv\u00e9s n\u00e9cessiteront le cas \u00e9ch\u00e9ant d&#8217;une installation de cam\u00e9ra, d&#8217;un coffre fort, etc.<br \/>\n&#8211; Il sera requis de vous inscrire (gratuit) aupr\u00e8s de <a href=\"https:\/\/www.moec.gov.ae\/en\/registering-companies-in-goaml\" target=\"_blank\" rel=\"noopener\">GoAML<\/a>, cf. . Il sera alors requis d&#8217;appliquer la <a href=\"https:\/\/merritt.ae\/wp-content\/uploads\/2025\/09\/AMLCFT-Guidance-for-DNFBPs.pdf\" target=\"_blank\" rel=\"noopener\">r\u00e9glementation relative \u00e0 la lutte contre le blanchiment d&#8217;argent sale<\/a> (&#8220;identify customers, to report suspicious transactions, to perform a risk assessment, to appoint a compliance officer&#8221;, etc.).<\/p>\n<\/div><\/section>\n\n<style type=\"text\/css\" data-created_by=\"avia_inline_auto\" id=\"style-css-av-26q1rq-150584aa4c3b56cbf56a7f0bb458623a\">\n#top .av-special-heading.av-26q1rq-150584aa4c3b56cbf56a7f0bb458623a{\npadding-bottom:10px;\n}\nbody .av-special-heading.av-26q1rq-150584aa4c3b56cbf56a7f0bb458623a .av-special-heading-tag .heading-char{\nfont-size:25px;\n}\n.av-special-heading.av-26q1rq-150584aa4c3b56cbf56a7f0bb458623a .av-subheading{\nfont-size:15px;\n}\n<\/style>\n<div  class='av-special-heading av-26q1rq-150584aa4c3b56cbf56a7f0bb458623a av-special-heading-h2  avia-builder-el-2  el_after_av_textblock  el_before_av_textblock  av-linked-heading'><h2 class='av-special-heading-tag '  itemprop=\"headline\"  >Les \u00e9tapes<\/h2><div class=\"special-heading-border\"><div class=\"special-heading-inner-border\"><\/div><\/div><\/div>\n<section  class='av_textblock_section av-5v9zw6-e3714ce74674c4c4de5a6e1b9df2fb32 '   itemscope=\"itemscope\" itemtype=\"https:\/\/schema.org\/CreativeWork\" ><div class='avia_textblock'  itemprop=\"text\" ><p>Voici les \u00e9tapes pour cr\u00e9er une soci\u00e9t\u00e9 dans le trading d&#8217;or et de pierres pr\u00e9cieuses \u00e0 Dubai:<br \/>\n1. Choisir le Registre pour votre activit\u00e9. C&#8217;est la premi\u00e8re \u00e9tape et la plus importante!<br \/>\n2. Choisir l&#8217;activit\u00e9 ou les activit\u00e9s qui seront indiqu\u00e9es sur la licence (Non-Manufactured Precious Metal Trading, Pearls &amp; Precious Stones Trading, Jewellery Trading, etc.).<br \/>\n3. Choisir le bureau (partag\u00e9 ou priv\u00e9) pour domicilier le si\u00e8ge de votre soci\u00e9t\u00e9. Un NoC (<em>Non-objection Certificate<\/em>) du SIRA peut \u00eatre requis.<br \/>\n4. Immatriculation de la soci\u00e9t\u00e9.<br \/>\n5. Demande de visa de r\u00e9sidence (si n\u00e9cessaire) pour Manager\/associ\u00e9\/salari\u00e9 de la soci\u00e9t\u00e9.<br \/>\n6. Ouverture du compte bancaire professionnel.<br \/>\n7. Enregistrement aupr\u00e8s de GoAML.<br \/>\n8. Enregistrement \u00e0 la VAT\/CIT le cas \u00e9ch\u00e9ant.<br \/>\n9. Installation d&#8217;un logiciel de facturation agr\u00e9e par la FTA.<\/p>\n<\/div><\/section>\n\n<style type=\"text\/css\" data-created_by=\"avia_inline_auto\" id=\"style-css-av-k53rvr2d-85330a0479b852902079ae351a10cc8f\">\n#top .av-special-heading.av-k53rvr2d-85330a0479b852902079ae351a10cc8f{\npadding-bottom:10px;\n}\nbody .av-special-heading.av-k53rvr2d-85330a0479b852902079ae351a10cc8f .av-special-heading-tag .heading-char{\nfont-size:25px;\n}\n.av-special-heading.av-k53rvr2d-85330a0479b852902079ae351a10cc8f .av-subheading{\nfont-size:15px;\n}\n<\/style>\n<div  class='av-special-heading av-k53rvr2d-85330a0479b852902079ae351a10cc8f av-special-heading-h2  avia-builder-el-4  el_after_av_textblock  el_before_av_textblock  av-linked-heading'><h2 class='av-special-heading-tag '  itemprop=\"headline\"  >Comment nous pouvons vous aider?<\/h2><div class=\"special-heading-border\"><div class=\"special-heading-inner-border\"><\/div><\/div><\/div>\n<section  class='av_textblock_section av-mflagxhl-70ef09df57917b7f3c83b3b10184201b '   itemscope=\"itemscope\" itemtype=\"https:\/\/schema.org\/CreativeWork\" ><div class='avia_textblock'  itemprop=\"text\" ><p>Notre cabinet est habitu\u00e9 \u00e0 assister des clients dans le trading d&#8217;or et de pierres pr\u00e9cieuses. Il est d&#8217;ailleurs \u00e0 noter que nos <a href=\"https:\/\/merritt.ae\/fr\/nous-contacter\/\" target=\"_blank\" rel=\"noopener\">bureaux sont situ\u00e9s<\/a> dans le quartier de Jumeirah Lake Towers (JLT) dans lequel se trouve le Registre de DMCC qui est justement sp\u00e9cialis\u00e9 dans cette activit\u00e9. On y trouve aussi la plupart des fonderies d&#8217;or et des tailleurs de pierre.<\/p>\n<p>Nous vous assisterons donc pour identifier le Registre ad\u00e9quat. <a href=\"https:\/\/merritt.ae\/fr\/societe\/type-de-societes\/societe-free-zone-dubai\/dmcc-jumeirah-lake-towers\/\" target=\"_blank\" rel=\"noopener\">DMCC<\/a> est le Registre Free-zone le plus connu pour cette activit\u00e9 en raison de sa sp\u00e9cialisation dans l&#8217;or et les pierres pr\u00e9cieuses. Mais d&#8217;autres Registres comme <a href=\"https:\/\/merritt.ae\/fr\/societe\/type-de-societes\/societe-free-zone-dubai\/ifza-dubai-silicon-oasis\/\" target=\"_blank\" rel=\"noopener\">IFZA-DSO<\/a> ou <a href=\"https:\/\/merritt.ae\/fr\/societe\/type-de-societes\/societe-mainland\/\" target=\"_blank\" rel=\"noopener\">DET<\/a> (soci\u00e9t\u00e9 Mainland) sont aussi possibles.<\/p>\n<\/div><\/section>\n","protected":false},"excerpt":{"rendered":"","protected":false},"author":2,"featured_media":0,"parent":5386,"menu_order":4,"comment_status":"closed","ping_status":"closed","template":"","meta":{"inline_featured_image":false,"footnotes":""},"class_list":["post-18067","page","type-page","status-publish","hentry"],"yoast_head":"<!-- This site is optimized with the Yoast SEO plugin v26.9 - https:\/\/yoast.com\/product\/yoast-seo-wordpress\/ -->\n<title>Guide pour le trading d&#039;or et de pierres pr\u00e9cieuses, bijoux \u00e0 Dubai<\/title>\n<meta name=\"description\" content=\"Guide complet pour cr\u00e9er une soci\u00e9t\u00e9 \u00e0 Dubai dans le trading d&#039;or et de pierres pr\u00e9cieuses, bijoux. Les 9 \u00e9tapes requises pour cette activit\u00e9.\" \/>\n<meta name=\"robots\" content=\"index, follow, max-snippet:-1, max-image-preview:large, max-video-preview:-1\" \/>\n<link rel=\"canonical\" href=\"https:\/\/merritt.ae\/fr\/societe\/solutions-metiers\/guide-trading-or-bijoux-dubai\/\" \/>\n<meta property=\"og:locale\" content=\"fr_FR\" \/>\n<meta property=\"og:type\" content=\"article\" \/>\n<meta property=\"og:title\" content=\"Guide pour le trading d&#039;or et de pierres pr\u00e9cieuses, bijoux \u00e0 Dubai\" \/>\n<meta property=\"og:description\" content=\"Guide complet pour cr\u00e9er une soci\u00e9t\u00e9 \u00e0 Dubai dans le trading d&#039;or et de pierres pr\u00e9cieuses, bijoux. Les 9 \u00e9tapes requises pour cette activit\u00e9.\" \/>\n<meta property=\"og:url\" content=\"https:\/\/merritt.ae\/fr\/societe\/solutions-metiers\/guide-trading-or-bijoux-dubai\/\" \/>\n<meta property=\"og:site_name\" content=\"merritt.ae\" \/>\n<meta property=\"article:modified_time\" content=\"2025-09-15T15:43:10+00:00\" \/>\n<meta property=\"og:image\" content=\"https:\/\/merritt.ae\/wp-content\/uploads\/2021\/11\/ME-new-featured.jpg\" \/>\n\t<meta property=\"og:image:width\" content=\"1200\" \/>\n\t<meta property=\"og:image:height\" content=\"630\" \/>\n\t<meta property=\"og:image:type\" content=\"image\/jpeg\" \/>\n<meta name=\"twitter:card\" content=\"summary_large_image\" \/>\n<meta name=\"twitter:label1\" content=\"Dur\u00e9e de lecture estim\u00e9e\" \/>\n\t<meta name=\"twitter:data1\" content=\"2 minutes\" \/>\n<script type=\"application\/ld+json\" class=\"yoast-schema-graph\">{\"@context\":\"https:\/\/schema.org\",\"@graph\":[{\"@type\":\"WebPage\",\"@id\":\"https:\/\/merritt.ae\/fr\/societe\/solutions-metiers\/guide-trading-or-bijoux-dubai\/\",\"url\":\"https:\/\/merritt.ae\/fr\/societe\/solutions-metiers\/guide-trading-or-bijoux-dubai\/\",\"name\":\"Guide pour le trading d'or et de pierres pr\u00e9cieuses, bijoux \u00e0 Dubai\",\"isPartOf\":{\"@id\":\"https:\/\/merritt.ae\/#website\"},\"datePublished\":\"2025-09-15T15:39:57+00:00\",\"dateModified\":\"2025-09-15T15:43:10+00:00\",\"description\":\"Guide complet pour cr\u00e9er une soci\u00e9t\u00e9 \u00e0 Dubai dans le trading d'or et de pierres pr\u00e9cieuses, bijoux. Les 9 \u00e9tapes requises pour cette activit\u00e9.\",\"breadcrumb\":{\"@id\":\"https:\/\/merritt.ae\/fr\/societe\/solutions-metiers\/guide-trading-or-bijoux-dubai\/#breadcrumb\"},\"inLanguage\":\"fr-FR\",\"potentialAction\":[{\"@type\":\"ReadAction\",\"target\":[\"https:\/\/merritt.ae\/fr\/societe\/solutions-metiers\/guide-trading-or-bijoux-dubai\/\"]}]},{\"@type\":\"BreadcrumbList\",\"@id\":\"https:\/\/merritt.ae\/fr\/societe\/solutions-metiers\/guide-trading-or-bijoux-dubai\/#breadcrumb\",\"itemListElement\":[{\"@type\":\"ListItem\",\"position\":1,\"name\":\"Home\",\"item\":\"https:\/\/merritt.ae\/fr\/accueil\/\"},{\"@type\":\"ListItem\",\"position\":2,\"name\":\"Soci\u00e9t\u00e9 \u00e0 Dubai\",\"item\":\"https:\/\/merritt.ae\/fr\/societe\/\"},{\"@type\":\"ListItem\",\"position\":3,\"name\":\"Solutions m\u00e9tiers\",\"item\":\"https:\/\/merritt.ae\/fr\/societe\/solutions-metiers\/\"},{\"@type\":\"ListItem\",\"position\":4,\"name\":\"Guide pour le trading d&#8217;or et de pierres pr\u00e9cieuses, bijoux\"}]},{\"@type\":\"WebSite\",\"@id\":\"https:\/\/merritt.ae\/#website\",\"url\":\"https:\/\/merritt.ae\/\",\"name\":\"merritt.ae\",\"description\":\"\",\"publisher\":{\"@id\":\"https:\/\/merritt.ae\/#organization\"},\"potentialAction\":[{\"@type\":\"SearchAction\",\"target\":{\"@type\":\"EntryPoint\",\"urlTemplate\":\"https:\/\/merritt.ae\/?s={search_term_string}\"},\"query-input\":{\"@type\":\"PropertyValueSpecification\",\"valueRequired\":true,\"valueName\":\"search_term_string\"}}],\"inLanguage\":\"fr-FR\"},{\"@type\":\"Organization\",\"@id\":\"https:\/\/merritt.ae\/#organization\",\"name\":\"merritt.ae\",\"url\":\"https:\/\/merritt.ae\/\",\"logo\":{\"@type\":\"ImageObject\",\"inLanguage\":\"fr-FR\",\"@id\":\"https:\/\/merritt.ae\/#\/schema\/logo\/image\/\",\"url\":\"https:\/\/merritt.ae\/wp-content\/uploads\/2021\/11\/ME-new-featured.jpg\",\"contentUrl\":\"https:\/\/merritt.ae\/wp-content\/uploads\/2021\/11\/ME-new-featured.jpg\",\"width\":1200,\"height\":630,\"caption\":\"merritt.ae\"},\"image\":{\"@id\":\"https:\/\/merritt.ae\/#\/schema\/logo\/image\/\"}}]}<\/script>\n<!-- \/ Yoast SEO plugin. -->","yoast_head_json":{"title":"Guide pour le trading d'or et de pierres pr\u00e9cieuses, bijoux \u00e0 Dubai","description":"Guide complet pour cr\u00e9er une soci\u00e9t\u00e9 \u00e0 Dubai dans le trading d'or et de pierres pr\u00e9cieuses, bijoux. Les 9 \u00e9tapes requises pour cette activit\u00e9.","robots":{"index":"index","follow":"follow","max-snippet":"max-snippet:-1","max-image-preview":"max-image-preview:large","max-video-preview":"max-video-preview:-1"},"canonical":"https:\/\/merritt.ae\/fr\/societe\/solutions-metiers\/guide-trading-or-bijoux-dubai\/","og_locale":"fr_FR","og_type":"article","og_title":"Guide pour le trading d'or et de pierres pr\u00e9cieuses, bijoux \u00e0 Dubai","og_description":"Guide complet pour cr\u00e9er une soci\u00e9t\u00e9 \u00e0 Dubai dans le trading d'or et de pierres pr\u00e9cieuses, bijoux. Les 9 \u00e9tapes requises pour cette activit\u00e9.","og_url":"https:\/\/merritt.ae\/fr\/societe\/solutions-metiers\/guide-trading-or-bijoux-dubai\/","og_site_name":"merritt.ae","article_modified_time":"2025-09-15T15:43:10+00:00","og_image":[{"width":1200,"height":630,"url":"https:\/\/merritt.ae\/wp-content\/uploads\/2021\/11\/ME-new-featured.jpg","type":"image\/jpeg"}],"twitter_card":"summary_large_image","twitter_misc":{"Dur\u00e9e de lecture estim\u00e9e":"2 minutes"},"schema":{"@context":"https:\/\/schema.org","@graph":[{"@type":"WebPage","@id":"https:\/\/merritt.ae\/fr\/societe\/solutions-metiers\/guide-trading-or-bijoux-dubai\/","url":"https:\/\/merritt.ae\/fr\/societe\/solutions-metiers\/guide-trading-or-bijoux-dubai\/","name":"Guide pour le trading d'or et de pierres pr\u00e9cieuses, bijoux \u00e0 Dubai","isPartOf":{"@id":"https:\/\/merritt.ae\/#website"},"datePublished":"2025-09-15T15:39:57+00:00","dateModified":"2025-09-15T15:43:10+00:00","description":"Guide complet pour cr\u00e9er une soci\u00e9t\u00e9 \u00e0 Dubai dans le trading d'or et de pierres pr\u00e9cieuses, bijoux. Les 9 \u00e9tapes requises pour cette activit\u00e9.","breadcrumb":{"@id":"https:\/\/merritt.ae\/fr\/societe\/solutions-metiers\/guide-trading-or-bijoux-dubai\/#breadcrumb"},"inLanguage":"fr-FR","potentialAction":[{"@type":"ReadAction","target":["https:\/\/merritt.ae\/fr\/societe\/solutions-metiers\/guide-trading-or-bijoux-dubai\/"]}]},{"@type":"BreadcrumbList","@id":"https:\/\/merritt.ae\/fr\/societe\/solutions-metiers\/guide-trading-or-bijoux-dubai\/#breadcrumb","itemListElement":[{"@type":"ListItem","position":1,"name":"Home","item":"https:\/\/merritt.ae\/fr\/accueil\/"},{"@type":"ListItem","position":2,"name":"Soci\u00e9t\u00e9 \u00e0 Dubai","item":"https:\/\/merritt.ae\/fr\/societe\/"},{"@type":"ListItem","position":3,"name":"Solutions m\u00e9tiers","item":"https:\/\/merritt.ae\/fr\/societe\/solutions-metiers\/"},{"@type":"ListItem","position":4,"name":"Guide pour le trading d&#8217;or et de pierres pr\u00e9cieuses, bijoux"}]},{"@type":"WebSite","@id":"https:\/\/merritt.ae\/#website","url":"https:\/\/merritt.ae\/","name":"merritt.ae","description":"","publisher":{"@id":"https:\/\/merritt.ae\/#organization"},"potentialAction":[{"@type":"SearchAction","target":{"@type":"EntryPoint","urlTemplate":"https:\/\/merritt.ae\/?s={search_term_string}"},"query-input":{"@type":"PropertyValueSpecification","valueRequired":true,"valueName":"search_term_string"}}],"inLanguage":"fr-FR"},{"@type":"Organization","@id":"https:\/\/merritt.ae\/#organization","name":"merritt.ae","url":"https:\/\/merritt.ae\/","logo":{"@type":"ImageObject","inLanguage":"fr-FR","@id":"https:\/\/merritt.ae\/#\/schema\/logo\/image\/","url":"https:\/\/merritt.ae\/wp-content\/uploads\/2021\/11\/ME-new-featured.jpg","contentUrl":"https:\/\/merritt.ae\/wp-content\/uploads\/2021\/11\/ME-new-featured.jpg","width":1200,"height":630,"caption":"merritt.ae"},"image":{"@id":"https:\/\/merritt.ae\/#\/schema\/logo\/image\/"}}]}},"_links":{"self":[{"href":"https:\/\/merritt.ae\/fr\/wp-json\/wp\/v2\/pages\/18067","targetHints":{"allow":["GET"]}}],"collection":[{"href":"https:\/\/merritt.ae\/fr\/wp-json\/wp\/v2\/pages"}],"about":[{"href":"https:\/\/merritt.ae\/fr\/wp-json\/wp\/v2\/types\/page"}],"author":[{"embeddable":true,"href":"https:\/\/merritt.ae\/fr\/wp-json\/wp\/v2\/users\/2"}],"replies":[{"embeddable":true,"href":"https:\/\/merritt.ae\/fr\/wp-json\/wp\/v2\/comments?post=18067"}],"version-history":[{"count":4,"href":"https:\/\/merritt.ae\/fr\/wp-json\/wp\/v2\/pages\/18067\/revisions"}],"predecessor-version":[{"id":18081,"href":"https:\/\/merritt.ae\/fr\/wp-json\/wp\/v2\/pages\/18067\/revisions\/18081"}],"up":[{"embeddable":true,"href":"https:\/\/merritt.ae\/fr\/wp-json\/wp\/v2\/pages\/5386"}],"wp:attachment":[{"href":"https:\/\/merritt.ae\/fr\/wp-json\/wp\/v2\/media?parent=18067"}],"curies":[{"name":"wp","href":"https:\/\/api.w.org\/{rel}","templated":true}]}}