{"id":18056,"date":"2025-09-05T12:01:09","date_gmt":"2025-09-05T08:01:09","guid":{"rendered":"https:\/\/merritt.ae\/?page_id=18056"},"modified":"2025-09-15T19:15:21","modified_gmt":"2025-09-15T15:15:21","slug":"immobilier-dubai","status":"publish","type":"page","link":"https:\/\/merritt.ae\/fr\/juridique\/immobilier-dubai\/","title":{"rendered":"Notre assistance dans vos probl\u00e9matiques immobili\u00e8res \u00e0 Dubai"},"content":{"rendered":"<div id='full_slider_1'  class='avia-fullwidth-slider main_color avia-shadow   avia-builder-el-0  el_before_av_heading  avia-builder-el-first   container_wrap sidebar_right'  ><div  class='avia-slideshow av-2fnc50-4fb2dfbbe0984079b4b7c8cf40223e3e avia-slideshow-featured av_slideshow_full avia-slide-slider av-slideshow-ui av-control-default av-slideshow-manual av-loop-once av-loop-manual-endless av-default-height-applied   avia-slideshow-1' data-slideshow-options=\"{&quot;animation&quot;:&quot;slide&quot;,&quot;autoplay&quot;:false,&quot;loop_autoplay&quot;:&quot;once&quot;,&quot;interval&quot;:5,&quot;loop_manual&quot;:&quot;manual-endless&quot;,&quot;autoplay_stopper&quot;:false,&quot;noNavigation&quot;:false,&quot;bg_slider&quot;:false,&quot;keep_padding&quot;:false,&quot;hoverpause&quot;:false,&quot;show_slide_delay&quot;:0}\"  itemprop=\"image\" itemscope=\"itemscope\" itemtype=\"https:\/\/schema.org\/ImageObject\" ><ul class='avia-slideshow-inner ' style='padding-bottom: 28.666666666667%;'><li  class='avia-slideshow-slide av-2fnc50-4fb2dfbbe0984079b4b7c8cf40223e3e__0  av-single-slide slide-1 slide-odd'><div data-rel='slideshow-1' class='avia-slide-wrap '   ><div class='av-slideshow-caption av-2fnc50-4fb2dfbbe0984079b4b7c8cf40223e3e__0 caption_fullwidth caption_center caption_center_framed caption_framed'><div class=\"container caption_container\"><div class=\"slideshow_caption\"><div class=\"slideshow_inner_caption\"><div class=\"slideshow_align_caption\"><h2 class='avia-caption-title '  itemprop=\"name\" >Notre assistance dans vos probl\u00e9matiques immobili\u00e8res \u00e0 Dubai<\/h2><\/div><\/div><\/div><\/div><\/div><img decoding=\"async\" fetchpriority=\"high\" class=\"wp-image-10461 avia-img-lazy-loading-not-10461\"  src=\"https:\/\/merritt.ae\/wp-content\/uploads\/2021\/06\/8-1500x430.png\" width=\"1500\" height=\"430\" title='8' alt=''  itemprop=\"thumbnailUrl\"   \/><\/div><\/li><\/ul><\/div><\/div><div id='after_full_slider_1'  class='main_color av_default_container_wrap container_wrap sidebar_right'  ><div class='container av-section-cont-open' ><div class='template-page content  av-content-small alpha units'><div class='post-entry post-entry-type-page post-entry-18056'><div class='entry-content-wrapper clearfix'>\n\n<style type=\"text\/css\" data-created_by=\"avia_inline_auto\" id=\"style-css-av-43c1j8-20009f4c600f34628236785ae5fb1efb\">\n#top .av-special-heading.av-43c1j8-20009f4c600f34628236785ae5fb1efb{\npadding-bottom:10px;\n}\nbody .av-special-heading.av-43c1j8-20009f4c600f34628236785ae5fb1efb .av-special-heading-tag .heading-char{\nfont-size:25px;\n}\n.av-special-heading.av-43c1j8-20009f4c600f34628236785ae5fb1efb .av-subheading{\nfont-size:15px;\n}\n<\/style>\n<div  class='av-special-heading av-43c1j8-20009f4c600f34628236785ae5fb1efb av-special-heading-h2  avia-builder-el-1  el_after_av_slideshow_full  el_before_av_textblock  avia-builder-el-first '><h2 class='av-special-heading-tag '  itemprop=\"headline\"  >Que proposons-nous?<\/h2><div class=\"special-heading-border\"><div class=\"special-heading-inner-border\"><\/div><\/div><\/div>\n<section  class='av_textblock_section av-k475wfad-711ffb478bc6674e37ace1d354389723 '   itemscope=\"itemscope\" itemtype=\"https:\/\/schema.org\/CreativeWork\" ><div class='avia_textblock'  itemprop=\"text\" ><p>Nous vous proposons les services suivants en lien avec une probl\u00e9matique immobili\u00e8re \u00e0 Dubai et dans tous les Emirats:<\/p>\n<ul>\n<li>V\u00e9rification\/re-lecture d&#8217;un contrat &#8220;Off-Plan&#8221; pour l&#8217;achat d&#8217;un bien immobilier sur place<\/li>\n<li>Assistance pour transf\u00e8rer un bien residentiel en bien commercial (et vice-vers\u00e0)<\/li>\n<li>Assistance dans la r\u00e9cup\u00e9ration des impay\u00e9s de loyer<\/li>\n<li>Assistance concernant la rupture anticip\u00e9e du contrat de bail<\/li>\n<li>R\u00e9daction dans la donation d&#8217;un bien immobilier (direct, via une soci\u00e9t\u00e9, etc.)<\/li>\n<li>R\u00e9daction et assistance \u00e0 l&#8217;ex\u00e9cution d&#8217;un testament (pour les musulmans et les non-musulmans)<\/li>\n<li>Assistance pour l&#8217;obtention d&#8217;un emprunt hypoth\u00e9caire sur un bien immobilier<\/li>\n<li>D\u00e9membrement d&#8217;un bien immobilier<\/li>\n<\/ul>\n<\/div><\/section>\n\n<style type=\"text\/css\" data-created_by=\"avia_inline_auto\" id=\"style-css-av-20q7pw-4ca413936d8a0b11cfc2e9423f7d00a0\">\n#top .av-special-heading.av-20q7pw-4ca413936d8a0b11cfc2e9423f7d00a0{\npadding-bottom:10px;\n}\nbody .av-special-heading.av-20q7pw-4ca413936d8a0b11cfc2e9423f7d00a0 .av-special-heading-tag .heading-char{\nfont-size:25px;\n}\n.av-special-heading.av-20q7pw-4ca413936d8a0b11cfc2e9423f7d00a0 .av-subheading{\nfont-size:15px;\n}\n<\/style>\n<div  class='av-special-heading av-20q7pw-4ca413936d8a0b11cfc2e9423f7d00a0 av-special-heading-h2  avia-builder-el-3  el_after_av_textblock  el_before_av_textblock '><h2 class='av-special-heading-tag '  itemprop=\"headline\"  >Tarifs<\/h2><div class=\"special-heading-border\"><div class=\"special-heading-inner-border\"><\/div><\/div><\/div>\n<section  class='av_textblock_section av-2ajnhg-5b09ffdd8684c514bfd1c9a28c813a21 '   itemscope=\"itemscope\" itemtype=\"https:\/\/schema.org\/CreativeWork\" ><div class='avia_textblock'  itemprop=\"text\" ><p>Nous vous invitons \u00e0 <a href=\"https:\/\/merritt.ae\/fr\/nous-contacter\/\" target=\"_blank\" rel=\"noopener\">nous contacter<\/a> pour vous proposer un tarif personnalis\u00e9 selon vos besoins.<\/p>\n<\/div><\/section>\n","protected":false},"excerpt":{"rendered":"","protected":false},"author":2,"featured_media":0,"parent":11480,"menu_order":4,"comment_status":"closed","ping_status":"closed","template":"","meta":{"inline_featured_image":false,"footnotes":""},"class_list":["post-18056","page","type-page","status-publish","hentry"],"yoast_head":"<!-- This site is optimized with the Yoast SEO plugin v27.5 - https:\/\/yoast.com\/product\/yoast-seo-wordpress\/ -->\n<title>Probl\u00e9matiques immobili\u00e8res \u00e0 Dubai<\/title>\n<meta name=\"description\" content=\"Nous vous assistons concernant toutes vos probl\u00e9matiques immobili\u00e8res \u00e0 Dubai et aux Emirats Arabes Unis.\" \/>\n<meta name=\"robots\" content=\"index, follow, max-snippet:-1, max-image-preview:large, max-video-preview:-1\" \/>\n<link rel=\"canonical\" href=\"https:\/\/merritt.ae\/fr\/juridique\/immobilier-dubai\/\" \/>\n<meta property=\"og:locale\" content=\"fr_FR\" \/>\n<meta property=\"og:type\" content=\"article\" \/>\n<meta property=\"og:title\" content=\"Probl\u00e9matiques immobili\u00e8res \u00e0 Dubai\" \/>\n<meta property=\"og:description\" content=\"Nous vous assistons concernant toutes vos probl\u00e9matiques immobili\u00e8res \u00e0 Dubai et aux Emirats Arabes Unis.\" \/>\n<meta property=\"og:url\" content=\"https:\/\/merritt.ae\/fr\/juridique\/immobilier-dubai\/\" \/>\n<meta property=\"og:site_name\" content=\"merritt.ae\" \/>\n<meta property=\"article:modified_time\" content=\"2025-09-15T15:15:21+00:00\" \/>\n<meta property=\"og:image\" content=\"https:\/\/merritt.ae\/wp-content\/uploads\/2021\/11\/ME-new-featured.jpg\" \/>\n\t<meta property=\"og:image:width\" content=\"1200\" \/>\n\t<meta property=\"og:image:height\" content=\"630\" \/>\n\t<meta property=\"og:image:type\" content=\"image\/jpeg\" \/>\n<meta name=\"twitter:card\" content=\"summary_large_image\" \/>\n<meta name=\"twitter:label1\" content=\"Dur\u00e9e de lecture estim\u00e9e\" \/>\n\t<meta name=\"twitter:data1\" content=\"1 minute\" \/>\n<script type=\"application\/ld+json\" class=\"yoast-schema-graph\">{\"@context\":\"https:\\\/\\\/schema.org\",\"@graph\":[{\"@type\":\"WebPage\",\"@id\":\"https:\\\/\\\/merritt.ae\\\/fr\\\/juridique\\\/immobilier-dubai\\\/\",\"url\":\"https:\\\/\\\/merritt.ae\\\/fr\\\/juridique\\\/immobilier-dubai\\\/\",\"name\":\"Probl\u00e9matiques immobili\u00e8res \u00e0 Dubai\",\"isPartOf\":{\"@id\":\"https:\\\/\\\/merritt.ae\\\/#website\"},\"datePublished\":\"2025-09-05T08:01:09+00:00\",\"dateModified\":\"2025-09-15T15:15:21+00:00\",\"description\":\"Nous vous assistons concernant toutes vos probl\u00e9matiques immobili\u00e8res \u00e0 Dubai et aux Emirats Arabes Unis.\",\"breadcrumb\":{\"@id\":\"https:\\\/\\\/merritt.ae\\\/fr\\\/juridique\\\/immobilier-dubai\\\/#breadcrumb\"},\"inLanguage\":\"fr-FR\",\"potentialAction\":[{\"@type\":\"ReadAction\",\"target\":[\"https:\\\/\\\/merritt.ae\\\/fr\\\/juridique\\\/immobilier-dubai\\\/\"]}]},{\"@type\":\"BreadcrumbList\",\"@id\":\"https:\\\/\\\/merritt.ae\\\/fr\\\/juridique\\\/immobilier-dubai\\\/#breadcrumb\",\"itemListElement\":[{\"@type\":\"ListItem\",\"position\":1,\"name\":\"Home\",\"item\":\"https:\\\/\\\/merritt.ae\\\/fr\\\/accueil\\\/\"},{\"@type\":\"ListItem\",\"position\":2,\"name\":\"Services Juridiques\",\"item\":\"https:\\\/\\\/merritt.ae\\\/fr\\\/juridique\\\/\"},{\"@type\":\"ListItem\",\"position\":3,\"name\":\"Notre assistance dans vos probl\u00e9matiques immobili\u00e8res \u00e0 Dubai\"}]},{\"@type\":\"WebSite\",\"@id\":\"https:\\\/\\\/merritt.ae\\\/#website\",\"url\":\"https:\\\/\\\/merritt.ae\\\/\",\"name\":\"merritt.ae\",\"description\":\"\",\"publisher\":{\"@id\":\"https:\\\/\\\/merritt.ae\\\/#organization\"},\"potentialAction\":[{\"@type\":\"SearchAction\",\"target\":{\"@type\":\"EntryPoint\",\"urlTemplate\":\"https:\\\/\\\/merritt.ae\\\/?s={search_term_string}\"},\"query-input\":{\"@type\":\"PropertyValueSpecification\",\"valueRequired\":true,\"valueName\":\"search_term_string\"}}],\"inLanguage\":\"fr-FR\"},{\"@type\":\"Organization\",\"@id\":\"https:\\\/\\\/merritt.ae\\\/#organization\",\"name\":\"merritt.ae\",\"url\":\"https:\\\/\\\/merritt.ae\\\/\",\"logo\":{\"@type\":\"ImageObject\",\"inLanguage\":\"fr-FR\",\"@id\":\"https:\\\/\\\/merritt.ae\\\/#\\\/schema\\\/logo\\\/image\\\/\",\"url\":\"https:\\\/\\\/merritt.ae\\\/wp-content\\\/uploads\\\/2021\\\/11\\\/ME-new-featured.jpg\",\"contentUrl\":\"https:\\\/\\\/merritt.ae\\\/wp-content\\\/uploads\\\/2021\\\/11\\\/ME-new-featured.jpg\",\"width\":1200,\"height\":630,\"caption\":\"merritt.ae\"},\"image\":{\"@id\":\"https:\\\/\\\/merritt.ae\\\/#\\\/schema\\\/logo\\\/image\\\/\"}}]}<\/script>\n<!-- \/ Yoast SEO plugin. -->","yoast_head_json":{"title":"Probl\u00e9matiques immobili\u00e8res \u00e0 Dubai","description":"Nous vous assistons concernant toutes vos probl\u00e9matiques immobili\u00e8res \u00e0 Dubai et aux Emirats Arabes Unis.","robots":{"index":"index","follow":"follow","max-snippet":"max-snippet:-1","max-image-preview":"max-image-preview:large","max-video-preview":"max-video-preview:-1"},"canonical":"https:\/\/merritt.ae\/fr\/juridique\/immobilier-dubai\/","og_locale":"fr_FR","og_type":"article","og_title":"Probl\u00e9matiques immobili\u00e8res \u00e0 Dubai","og_description":"Nous vous assistons concernant toutes vos probl\u00e9matiques immobili\u00e8res \u00e0 Dubai et aux Emirats Arabes Unis.","og_url":"https:\/\/merritt.ae\/fr\/juridique\/immobilier-dubai\/","og_site_name":"merritt.ae","article_modified_time":"2025-09-15T15:15:21+00:00","og_image":[{"width":1200,"height":630,"url":"https:\/\/merritt.ae\/wp-content\/uploads\/2021\/11\/ME-new-featured.jpg","type":"image\/jpeg"}],"twitter_card":"summary_large_image","twitter_misc":{"Dur\u00e9e de lecture estim\u00e9e":"1 minute"},"schema":{"@context":"https:\/\/schema.org","@graph":[{"@type":"WebPage","@id":"https:\/\/merritt.ae\/fr\/juridique\/immobilier-dubai\/","url":"https:\/\/merritt.ae\/fr\/juridique\/immobilier-dubai\/","name":"Probl\u00e9matiques immobili\u00e8res \u00e0 Dubai","isPartOf":{"@id":"https:\/\/merritt.ae\/#website"},"datePublished":"2025-09-05T08:01:09+00:00","dateModified":"2025-09-15T15:15:21+00:00","description":"Nous vous assistons concernant toutes vos probl\u00e9matiques immobili\u00e8res \u00e0 Dubai et aux Emirats Arabes Unis.","breadcrumb":{"@id":"https:\/\/merritt.ae\/fr\/juridique\/immobilier-dubai\/#breadcrumb"},"inLanguage":"fr-FR","potentialAction":[{"@type":"ReadAction","target":["https:\/\/merritt.ae\/fr\/juridique\/immobilier-dubai\/"]}]},{"@type":"BreadcrumbList","@id":"https:\/\/merritt.ae\/fr\/juridique\/immobilier-dubai\/#breadcrumb","itemListElement":[{"@type":"ListItem","position":1,"name":"Home","item":"https:\/\/merritt.ae\/fr\/accueil\/"},{"@type":"ListItem","position":2,"name":"Services Juridiques","item":"https:\/\/merritt.ae\/fr\/juridique\/"},{"@type":"ListItem","position":3,"name":"Notre assistance dans vos probl\u00e9matiques immobili\u00e8res \u00e0 Dubai"}]},{"@type":"WebSite","@id":"https:\/\/merritt.ae\/#website","url":"https:\/\/merritt.ae\/","name":"merritt.ae","description":"","publisher":{"@id":"https:\/\/merritt.ae\/#organization"},"potentialAction":[{"@type":"SearchAction","target":{"@type":"EntryPoint","urlTemplate":"https:\/\/merritt.ae\/?s={search_term_string}"},"query-input":{"@type":"PropertyValueSpecification","valueRequired":true,"valueName":"search_term_string"}}],"inLanguage":"fr-FR"},{"@type":"Organization","@id":"https:\/\/merritt.ae\/#organization","name":"merritt.ae","url":"https:\/\/merritt.ae\/","logo":{"@type":"ImageObject","inLanguage":"fr-FR","@id":"https:\/\/merritt.ae\/#\/schema\/logo\/image\/","url":"https:\/\/merritt.ae\/wp-content\/uploads\/2021\/11\/ME-new-featured.jpg","contentUrl":"https:\/\/merritt.ae\/wp-content\/uploads\/2021\/11\/ME-new-featured.jpg","width":1200,"height":630,"caption":"merritt.ae"},"image":{"@id":"https:\/\/merritt.ae\/#\/schema\/logo\/image\/"}}]}},"_links":{"self":[{"href":"https:\/\/merritt.ae\/fr\/wp-json\/wp\/v2\/pages\/18056","targetHints":{"allow":["GET"]}}],"collection":[{"href":"https:\/\/merritt.ae\/fr\/wp-json\/wp\/v2\/pages"}],"about":[{"href":"https:\/\/merritt.ae\/fr\/wp-json\/wp\/v2\/types\/page"}],"author":[{"embeddable":true,"href":"https:\/\/merritt.ae\/fr\/wp-json\/wp\/v2\/users\/2"}],"replies":[{"embeddable":true,"href":"https:\/\/merritt.ae\/fr\/wp-json\/wp\/v2\/comments?post=18056"}],"version-history":[{"count":6,"href":"https:\/\/merritt.ae\/fr\/wp-json\/wp\/v2\/pages\/18056\/revisions"}],"predecessor-version":[{"id":18078,"href":"https:\/\/merritt.ae\/fr\/wp-json\/wp\/v2\/pages\/18056\/revisions\/18078"}],"up":[{"embeddable":true,"href":"https:\/\/merritt.ae\/fr\/wp-json\/wp\/v2\/pages\/11480"}],"wp:attachment":[{"href":"https:\/\/merritt.ae\/fr\/wp-json\/wp\/v2\/media?parent=18056"}],"curies":[{"name":"wp","href":"https:\/\/api.w.org\/{rel}","templated":true}]}}