{"id":17839,"date":"2025-03-18T03:43:28","date_gmt":"2025-03-17T23:43:28","guid":{"rendered":"https:\/\/merritt.ae\/?page_id=17839"},"modified":"2025-06-09T08:52:20","modified_gmt":"2025-06-09T04:52:20","slug":"permis-free-lance-ded-etrader-dubai","status":"publish","type":"page","link":"https:\/\/merritt.ae\/fr\/societe\/type-de-societes\/permis-free-lance-ded-etrader-dubai\/","title":{"rendered":"Le permis Free-lance DED e-trader \u00e0 Dubai"},"content":{"rendered":"<div id='full_slider_1'  class='avia-fullwidth-slider main_color avia-shadow   avia-builder-el-0  el_before_av_heading  avia-builder-el-first   container_wrap sidebar_right'  >\n<style type=\"text\/css\" data-created_by=\"avia_inline_auto\" id=\"style-css-av-1elbghp-28a7aaa3fcaba8a21a7b04bc45a347e3\">\n#top #wrap_all .avia-slideshow .av-slideshow-caption.av-1elbghp-28a7aaa3fcaba8a21a7b04bc45a347e3__0 .avia-caption-title{\ncolor:#ffffff;\n}\n<\/style>\n<div  class='avia-slideshow av-1elbghp-28a7aaa3fcaba8a21a7b04bc45a347e3 avia-slideshow-featured av_slideshow_full avia-slide-slider av-slideshow-ui av-control-default av-slideshow-manual av-loop-once av-loop-manual-endless av-default-height-applied   avia-slideshow-1' data-slideshow-options=\"{&quot;animation&quot;:&quot;slide&quot;,&quot;autoplay&quot;:false,&quot;loop_autoplay&quot;:&quot;once&quot;,&quot;interval&quot;:5,&quot;loop_manual&quot;:&quot;manual-endless&quot;,&quot;autoplay_stopper&quot;:false,&quot;noNavigation&quot;:false,&quot;bg_slider&quot;:false,&quot;keep_padding&quot;:false,&quot;hoverpause&quot;:false,&quot;show_slide_delay&quot;:0}\"  itemprop=\"image\" itemscope=\"itemscope\" itemtype=\"https:\/\/schema.org\/ImageObject\" ><ul class='avia-slideshow-inner ' style='padding-bottom: 28.666666666667%;'><li  class='avia-slideshow-slide av-1elbghp-28a7aaa3fcaba8a21a7b04bc45a347e3__0  av-single-slide slide-1 slide-odd'><div data-rel='slideshow-1' class='avia-slide-wrap '   ><div class='av-slideshow-caption av-1elbghp-28a7aaa3fcaba8a21a7b04bc45a347e3__0 caption_fullwidth caption_center caption_center_framed caption_framed'><div class=\"container caption_container\"><div class=\"slideshow_caption\"><div class=\"slideshow_inner_caption\"><div class=\"slideshow_align_caption\"><h2 class='avia-caption-title '  itemprop=\"name\" >Le permis Free-lance DED e-trader \u00e0 Dubai<\/h2><\/div><\/div><\/div><\/div><\/div><img decoding=\"async\" fetchpriority=\"high\" class=\"wp-image-5697 avia-img-lazy-loading-not-5697\"  src=\"https:\/\/merritt.ae\/wp-content\/uploads\/2019\/12\/Marina-1500x430.jpg\" width=\"1500\" height=\"430\" title='Marina' alt=''  itemprop=\"thumbnailUrl\"   \/><\/div><\/li><\/ul><\/div><\/div><div id='after_full_slider_1'  class='main_color av_default_container_wrap container_wrap sidebar_right'  ><div class='container av-section-cont-open' ><div class='template-page content  av-content-small alpha units'><div class='post-entry post-entry-type-page post-entry-17839'><div class='entry-content-wrapper clearfix'>\n\n<style type=\"text\/css\" data-created_by=\"avia_inline_auto\" id=\"style-css-av-b5u2b1-56d374c7cbefd29c0200d5e6b2eacef2\">\n#top .av-special-heading.av-b5u2b1-56d374c7cbefd29c0200d5e6b2eacef2{\npadding-bottom:10px;\n}\nbody .av-special-heading.av-b5u2b1-56d374c7cbefd29c0200d5e6b2eacef2 .av-special-heading-tag .heading-char{\nfont-size:25px;\n}\n.av-special-heading.av-b5u2b1-56d374c7cbefd29c0200d5e6b2eacef2 .av-subheading{\nfont-size:15px;\n}\n<\/style>\n<div  class='av-special-heading av-b5u2b1-56d374c7cbefd29c0200d5e6b2eacef2 av-special-heading-h2  avia-builder-el-1  el_after_av_slideshow_full  el_before_av_textblock  avia-builder-el-first  av-linked-heading'><h2 class='av-special-heading-tag '  itemprop=\"headline\"  >Pr\u00e9sentation g\u00e9n\u00e9rale<\/h2><div class=\"special-heading-border\"><div class=\"special-heading-inner-border\"><\/div><\/div><\/div>\n<section  class='av_textblock_section av-m8dpkfxm-e62d7c1c6f0b5c378d3c23717aae5ad7 '   itemscope=\"itemscope\" itemtype=\"https:\/\/schema.org\/CreativeWork\" ><div class='avia_textblock'  itemprop=\"text\" ><p><img loading=\"lazy\" decoding=\"async\" class=\"alignnone size-full wp-image-10310\" src=\"https:\/\/merritt.ae\/wp-content\/uploads\/2019\/10\/ex.jpg\" alt=\"\" width=\"16\" height=\"16\" \/> Attention: le permis DED e-trader est seulement disponible <strong>si vous avez d\u00e9j\u00e0 un visa de r\u00e9sidence<\/strong> pour les Emirats! Si vous n&#8217;avez pas de visa et que vous souhaitez un permis Free-lance, il est n\u00e9cessaire de choisir un autre Registre: <a href=\"https:\/\/merritt.ae\/fr\/societe\/type-de-societes\/permis-free-lance-tecom-dubai\/\">TECOM<\/a> ou <a href=\"https:\/\/merritt.ae\/fr\/societe\/type-de-societes\/permis-free-lance-dmcc-dubai\/\">DMCC<\/a>.<\/p>\n<\/div><\/section>\n<div class='avia-data-table-wrap av-1lff9p9-8c1c2f709343f6fa8abc4f48ecec9f53 avia_responsive_table avia-table-1'><table  class='avia-table avia-data-table avia_pricing_default  avia-builder-el-3  el_after_av_textblock  el_before_av_heading '  itemscope=\"itemscope\" itemtype=\"https:\/\/schema.org\/Table\" ><tbody><tr class=''><td class='avia-center-col'>Registre<\/td><td class=''>Registre de DED (Dubai Economic Department) \u00e0 Dubai.<\/td><\/tr><tr class=''><td class='avia-center-col'>D\u00e9lai pour s\u2019enregistrer<\/td><td class=''>Max. 1 semaine.<\/td><\/tr><tr class=''><td class='avia-center-col'>Capital minimum<\/td><td class=''>Pas de capital \u00e0 d\u00e9poser.<\/td><\/tr><tr class=''><td class='avia-center-col'>Comptabilit\u00e9<\/td><td class=''>Il est requis de tenir une comptabilit\u00e9.<\/td><\/tr><tr class=''><td class='avia-center-col'>Justification des d\u00e9penses et des recettes<\/td><td class=''>Il est requis de conserver les justificatifs des recettes et des d\u00e9penses.<\/td><\/tr><tr class=''><td class='avia-center-col'>TVA (VAT)<\/td><td class=''>Applicable si clients situ\u00e9s aux Emirats.<\/td><\/tr><tr class=''><td class='avia-center-col'>Imposition sur les b\u00e9n\u00e9fices (CIT)<\/td><td class=''>Applicable si le chiffre d\u2019affaires annuel est sup\u00e9rieur \u00e0 AED 1 million<\/td><\/tr><tr class=''><td class='avia-center-col'>Audit<\/td><td class=''>Non requis.<\/td><\/tr><tr class=''><td class='avia-center-col'>Visa de r\u00e9sidence<\/td><td class=''>Une fois la licence obtenue, le visa de r\u00e9sidence peut \u00eatre demand\u00e9 imm\u00e9diatement.<\/td><\/tr><tr class=''><td class='avia-center-col'>Compte bancaire<\/td><td class=''>Une fois le visa de r\u00e9sidence obtenu, vous pouvez ouvrir un compte dans toutes les banques des Emirats.<\/td><\/tr><\/tbody><\/table><\/div>\n\n<style type=\"text\/css\" data-created_by=\"avia_inline_auto\" id=\"style-css-av-skxpej-3535e8e162a1a346b68686840fb1a19d\">\n#top .av-special-heading.av-skxpej-3535e8e162a1a346b68686840fb1a19d{\npadding-bottom:10px;\n}\nbody .av-special-heading.av-skxpej-3535e8e162a1a346b68686840fb1a19d .av-special-heading-tag .heading-char{\nfont-size:25px;\n}\n.av-special-heading.av-skxpej-3535e8e162a1a346b68686840fb1a19d .av-subheading{\nfont-size:15px;\n}\n<\/style>\n<div  class='av-special-heading av-skxpej-3535e8e162a1a346b68686840fb1a19d av-special-heading-h3  avia-builder-el-4  el_after_av_table  el_before_av_textblock  av-linked-heading'><h3 class='av-special-heading-tag '  itemprop=\"headline\"  >Quelles activit\u00e9s avec un permis Freelance?<\/h3><div class=\"special-heading-border\"><div class=\"special-heading-inner-border\"><\/div><\/div><\/div>\n<section  class='av_textblock_section av-k7sisxpw-de033bf3bcedd21702870b0870fc4899 '   itemscope=\"itemscope\" itemtype=\"https:\/\/schema.org\/CreativeWork\" ><div class='avia_textblock'  itemprop=\"text\" ><p>Voici la liste des activit\u00e9s possibles avec un permis Freelance DED e-trader \u00e0 Dubai:<br \/>\n&#8211; Selling products online (clothing, accessories, electronics, handmade crafts)<br \/>\n&#8211; Service-based Businesses (graphic design, writing, web development, consulting)<br \/>\n&#8211; Selling products or services through social media platforms<br \/>\n&#8211; Developing and selling online courses or educational materials<br \/>\n&#8211; Offering consulting or coaching services online<br \/>\n&#8211; Providing digital marketing services to clients<br \/>\n&#8211; Sale of any other digital products<\/p>\n<\/div><\/section>\n\n<style type=\"text\/css\" data-created_by=\"avia_inline_auto\" id=\"style-css-av-805k25-9b0087a490df01e658ed8a3443e7f20f\">\n#top .av-special-heading.av-805k25-9b0087a490df01e658ed8a3443e7f20f{\npadding-bottom:10px;\n}\nbody .av-special-heading.av-805k25-9b0087a490df01e658ed8a3443e7f20f .av-special-heading-tag .heading-char{\nfont-size:25px;\n}\n.av-special-heading.av-805k25-9b0087a490df01e658ed8a3443e7f20f .av-subheading{\nfont-size:15px;\n}\n<\/style>\n<div  class='av-special-heading av-805k25-9b0087a490df01e658ed8a3443e7f20f av-special-heading-h2  avia-builder-el-6  el_after_av_textblock  el_before_av_textblock  av-linked-heading'><h2 class='av-special-heading-tag '  itemprop=\"headline\"  >Tarifs pour le permis Free-lance<\/h2><div class=\"special-heading-border\"><div class=\"special-heading-inner-border\"><\/div><\/div><\/div>\n<section  class='av_textblock_section av-k7sisxpw-2-35c6724531a60b99b65e692712557ab2 '   itemscope=\"itemscope\" itemtype=\"https:\/\/schema.org\/CreativeWork\" ><div class='avia_textblock'  itemprop=\"text\" ><p>Son co\u00fbt est d&#8217;environ AED 1 080 par an.<\/p>\n<\/div><\/section>\n<div  class='hr av-j5t78i-a3d47692fcaa06141fc4ee9240f33804 hr-default  avia-builder-el-8  el_after_av_textblock  el_before_av_textblock '><span class='hr-inner '><span class=\"hr-inner-style\"><\/span><\/span><\/div>\n<section  class='av_textblock_section av-lfuoqd3c-7c91f6c79368c728a4c2b7ca7c7b4b03 '   itemscope=\"itemscope\" itemtype=\"https:\/\/schema.org\/CreativeWork\" ><div class='avia_textblock'  itemprop=\"text\" ><div data-getsitecontrol-inline=\"338719\"><\/div>\n<\/div><\/section>\n","protected":false},"excerpt":{"rendered":"","protected":false},"author":3,"featured_media":0,"parent":5325,"menu_order":1,"comment_status":"closed","ping_status":"closed","template":"","meta":{"inline_featured_image":false,"footnotes":""},"class_list":["post-17839","page","type-page","status-publish","hentry"],"yoast_head":"<!-- This site is optimized with the Yoast SEO plugin v26.9 - https:\/\/yoast.com\/product\/yoast-seo-wordpress\/ -->\n<title>Le permis Freelance DED e-trader \u00e0 Dubai<\/title>\n<meta name=\"description\" content=\"Toutes les informations concernant le permis Freelance DED e-trader \u00e0 Dubai: activit\u00e9s disponibles, co\u00fbts, etc.\" \/>\n<meta name=\"robots\" content=\"index, follow, max-snippet:-1, max-image-preview:large, max-video-preview:-1\" \/>\n<link rel=\"canonical\" href=\"https:\/\/merritt.ae\/fr\/societe\/type-de-societes\/permis-free-lance-ded-etrader-dubai\/\" \/>\n<meta property=\"og:locale\" content=\"fr_FR\" \/>\n<meta property=\"og:type\" content=\"article\" \/>\n<meta property=\"og:title\" content=\"Le permis Freelance DED e-trader \u00e0 Dubai\" \/>\n<meta property=\"og:description\" content=\"Toutes les informations concernant le permis Freelance DED e-trader \u00e0 Dubai: activit\u00e9s disponibles, co\u00fbts, etc.\" \/>\n<meta property=\"og:url\" content=\"https:\/\/merritt.ae\/fr\/societe\/type-de-societes\/permis-free-lance-ded-etrader-dubai\/\" \/>\n<meta property=\"og:site_name\" content=\"merritt.ae\" \/>\n<meta property=\"article:modified_time\" content=\"2025-06-09T04:52:20+00:00\" \/>\n<meta property=\"og:image\" content=\"https:\/\/merritt.ae\/wp-content\/uploads\/2019\/10\/ex.jpg\" \/>\n<meta name=\"twitter:card\" content=\"summary_large_image\" \/>\n<meta name=\"twitter:label1\" content=\"Dur\u00e9e de lecture estim\u00e9e\" \/>\n\t<meta name=\"twitter:data1\" content=\"2 minutes\" \/>\n<script type=\"application\/ld+json\" class=\"yoast-schema-graph\">{\"@context\":\"https:\/\/schema.org\",\"@graph\":[{\"@type\":\"WebPage\",\"@id\":\"https:\/\/merritt.ae\/fr\/societe\/type-de-societes\/permis-free-lance-ded-etrader-dubai\/\",\"url\":\"https:\/\/merritt.ae\/fr\/societe\/type-de-societes\/permis-free-lance-ded-etrader-dubai\/\",\"name\":\"Le permis Freelance DED e-trader \u00e0 Dubai\",\"isPartOf\":{\"@id\":\"https:\/\/merritt.ae\/#website\"},\"primaryImageOfPage\":{\"@id\":\"https:\/\/merritt.ae\/fr\/societe\/type-de-societes\/permis-free-lance-ded-etrader-dubai\/#primaryimage\"},\"image\":{\"@id\":\"https:\/\/merritt.ae\/fr\/societe\/type-de-societes\/permis-free-lance-ded-etrader-dubai\/#primaryimage\"},\"thumbnailUrl\":\"https:\/\/merritt.ae\/wp-content\/uploads\/2019\/10\/ex.jpg\",\"datePublished\":\"2025-03-17T23:43:28+00:00\",\"dateModified\":\"2025-06-09T04:52:20+00:00\",\"description\":\"Toutes les informations concernant le permis Freelance DED e-trader \u00e0 Dubai: activit\u00e9s disponibles, co\u00fbts, etc.\",\"breadcrumb\":{\"@id\":\"https:\/\/merritt.ae\/fr\/societe\/type-de-societes\/permis-free-lance-ded-etrader-dubai\/#breadcrumb\"},\"inLanguage\":\"fr-FR\",\"potentialAction\":[{\"@type\":\"ReadAction\",\"target\":[\"https:\/\/merritt.ae\/fr\/societe\/type-de-societes\/permis-free-lance-ded-etrader-dubai\/\"]}]},{\"@type\":\"ImageObject\",\"inLanguage\":\"fr-FR\",\"@id\":\"https:\/\/merritt.ae\/fr\/societe\/type-de-societes\/permis-free-lance-ded-etrader-dubai\/#primaryimage\",\"url\":\"https:\/\/merritt.ae\/wp-content\/uploads\/2019\/10\/ex.jpg\",\"contentUrl\":\"https:\/\/merritt.ae\/wp-content\/uploads\/2019\/10\/ex.jpg\"},{\"@type\":\"BreadcrumbList\",\"@id\":\"https:\/\/merritt.ae\/fr\/societe\/type-de-societes\/permis-free-lance-ded-etrader-dubai\/#breadcrumb\",\"itemListElement\":[{\"@type\":\"ListItem\",\"position\":1,\"name\":\"Home\",\"item\":\"https:\/\/merritt.ae\/fr\/accueil\/\"},{\"@type\":\"ListItem\",\"position\":2,\"name\":\"Soci\u00e9t\u00e9 \u00e0 Dubai\",\"item\":\"https:\/\/merritt.ae\/fr\/societe\/\"},{\"@type\":\"ListItem\",\"position\":3,\"name\":\"Type de soci\u00e9t\u00e9s\",\"item\":\"https:\/\/merritt.ae\/fr\/societe\/type-de-societes\/\"},{\"@type\":\"ListItem\",\"position\":4,\"name\":\"Le permis Free-lance DED e-trader \u00e0 Dubai\"}]},{\"@type\":\"WebSite\",\"@id\":\"https:\/\/merritt.ae\/#website\",\"url\":\"https:\/\/merritt.ae\/\",\"name\":\"merritt.ae\",\"description\":\"\",\"publisher\":{\"@id\":\"https:\/\/merritt.ae\/#organization\"},\"potentialAction\":[{\"@type\":\"SearchAction\",\"target\":{\"@type\":\"EntryPoint\",\"urlTemplate\":\"https:\/\/merritt.ae\/?s={search_term_string}\"},\"query-input\":{\"@type\":\"PropertyValueSpecification\",\"valueRequired\":true,\"valueName\":\"search_term_string\"}}],\"inLanguage\":\"fr-FR\"},{\"@type\":\"Organization\",\"@id\":\"https:\/\/merritt.ae\/#organization\",\"name\":\"merritt.ae\",\"url\":\"https:\/\/merritt.ae\/\",\"logo\":{\"@type\":\"ImageObject\",\"inLanguage\":\"fr-FR\",\"@id\":\"https:\/\/merritt.ae\/#\/schema\/logo\/image\/\",\"url\":\"https:\/\/merritt.ae\/wp-content\/uploads\/2021\/11\/ME-new-featured.jpg\",\"contentUrl\":\"https:\/\/merritt.ae\/wp-content\/uploads\/2021\/11\/ME-new-featured.jpg\",\"width\":1200,\"height\":630,\"caption\":\"merritt.ae\"},\"image\":{\"@id\":\"https:\/\/merritt.ae\/#\/schema\/logo\/image\/\"}}]}<\/script>\n<!-- \/ Yoast SEO plugin. -->","yoast_head_json":{"title":"Le permis Freelance DED e-trader \u00e0 Dubai","description":"Toutes les informations concernant le permis Freelance DED e-trader \u00e0 Dubai: activit\u00e9s disponibles, co\u00fbts, etc.","robots":{"index":"index","follow":"follow","max-snippet":"max-snippet:-1","max-image-preview":"max-image-preview:large","max-video-preview":"max-video-preview:-1"},"canonical":"https:\/\/merritt.ae\/fr\/societe\/type-de-societes\/permis-free-lance-ded-etrader-dubai\/","og_locale":"fr_FR","og_type":"article","og_title":"Le permis Freelance DED e-trader \u00e0 Dubai","og_description":"Toutes les informations concernant le permis Freelance DED e-trader \u00e0 Dubai: activit\u00e9s disponibles, co\u00fbts, etc.","og_url":"https:\/\/merritt.ae\/fr\/societe\/type-de-societes\/permis-free-lance-ded-etrader-dubai\/","og_site_name":"merritt.ae","article_modified_time":"2025-06-09T04:52:20+00:00","og_image":[{"url":"https:\/\/merritt.ae\/wp-content\/uploads\/2019\/10\/ex.jpg","type":"","width":"","height":""}],"twitter_card":"summary_large_image","twitter_misc":{"Dur\u00e9e de lecture estim\u00e9e":"2 minutes"},"schema":{"@context":"https:\/\/schema.org","@graph":[{"@type":"WebPage","@id":"https:\/\/merritt.ae\/fr\/societe\/type-de-societes\/permis-free-lance-ded-etrader-dubai\/","url":"https:\/\/merritt.ae\/fr\/societe\/type-de-societes\/permis-free-lance-ded-etrader-dubai\/","name":"Le permis Freelance DED e-trader \u00e0 Dubai","isPartOf":{"@id":"https:\/\/merritt.ae\/#website"},"primaryImageOfPage":{"@id":"https:\/\/merritt.ae\/fr\/societe\/type-de-societes\/permis-free-lance-ded-etrader-dubai\/#primaryimage"},"image":{"@id":"https:\/\/merritt.ae\/fr\/societe\/type-de-societes\/permis-free-lance-ded-etrader-dubai\/#primaryimage"},"thumbnailUrl":"https:\/\/merritt.ae\/wp-content\/uploads\/2019\/10\/ex.jpg","datePublished":"2025-03-17T23:43:28+00:00","dateModified":"2025-06-09T04:52:20+00:00","description":"Toutes les informations concernant le permis Freelance DED e-trader \u00e0 Dubai: activit\u00e9s disponibles, co\u00fbts, etc.","breadcrumb":{"@id":"https:\/\/merritt.ae\/fr\/societe\/type-de-societes\/permis-free-lance-ded-etrader-dubai\/#breadcrumb"},"inLanguage":"fr-FR","potentialAction":[{"@type":"ReadAction","target":["https:\/\/merritt.ae\/fr\/societe\/type-de-societes\/permis-free-lance-ded-etrader-dubai\/"]}]},{"@type":"ImageObject","inLanguage":"fr-FR","@id":"https:\/\/merritt.ae\/fr\/societe\/type-de-societes\/permis-free-lance-ded-etrader-dubai\/#primaryimage","url":"https:\/\/merritt.ae\/wp-content\/uploads\/2019\/10\/ex.jpg","contentUrl":"https:\/\/merritt.ae\/wp-content\/uploads\/2019\/10\/ex.jpg"},{"@type":"BreadcrumbList","@id":"https:\/\/merritt.ae\/fr\/societe\/type-de-societes\/permis-free-lance-ded-etrader-dubai\/#breadcrumb","itemListElement":[{"@type":"ListItem","position":1,"name":"Home","item":"https:\/\/merritt.ae\/fr\/accueil\/"},{"@type":"ListItem","position":2,"name":"Soci\u00e9t\u00e9 \u00e0 Dubai","item":"https:\/\/merritt.ae\/fr\/societe\/"},{"@type":"ListItem","position":3,"name":"Type de soci\u00e9t\u00e9s","item":"https:\/\/merritt.ae\/fr\/societe\/type-de-societes\/"},{"@type":"ListItem","position":4,"name":"Le permis Free-lance DED e-trader \u00e0 Dubai"}]},{"@type":"WebSite","@id":"https:\/\/merritt.ae\/#website","url":"https:\/\/merritt.ae\/","name":"merritt.ae","description":"","publisher":{"@id":"https:\/\/merritt.ae\/#organization"},"potentialAction":[{"@type":"SearchAction","target":{"@type":"EntryPoint","urlTemplate":"https:\/\/merritt.ae\/?s={search_term_string}"},"query-input":{"@type":"PropertyValueSpecification","valueRequired":true,"valueName":"search_term_string"}}],"inLanguage":"fr-FR"},{"@type":"Organization","@id":"https:\/\/merritt.ae\/#organization","name":"merritt.ae","url":"https:\/\/merritt.ae\/","logo":{"@type":"ImageObject","inLanguage":"fr-FR","@id":"https:\/\/merritt.ae\/#\/schema\/logo\/image\/","url":"https:\/\/merritt.ae\/wp-content\/uploads\/2021\/11\/ME-new-featured.jpg","contentUrl":"https:\/\/merritt.ae\/wp-content\/uploads\/2021\/11\/ME-new-featured.jpg","width":1200,"height":630,"caption":"merritt.ae"},"image":{"@id":"https:\/\/merritt.ae\/#\/schema\/logo\/image\/"}}]}},"_links":{"self":[{"href":"https:\/\/merritt.ae\/fr\/wp-json\/wp\/v2\/pages\/17839","targetHints":{"allow":["GET"]}}],"collection":[{"href":"https:\/\/merritt.ae\/fr\/wp-json\/wp\/v2\/pages"}],"about":[{"href":"https:\/\/merritt.ae\/fr\/wp-json\/wp\/v2\/types\/page"}],"author":[{"embeddable":true,"href":"https:\/\/merritt.ae\/fr\/wp-json\/wp\/v2\/users\/3"}],"replies":[{"embeddable":true,"href":"https:\/\/merritt.ae\/fr\/wp-json\/wp\/v2\/comments?post=17839"}],"version-history":[{"count":4,"href":"https:\/\/merritt.ae\/fr\/wp-json\/wp\/v2\/pages\/17839\/revisions"}],"predecessor-version":[{"id":17952,"href":"https:\/\/merritt.ae\/fr\/wp-json\/wp\/v2\/pages\/17839\/revisions\/17952"}],"up":[{"embeddable":true,"href":"https:\/\/merritt.ae\/fr\/wp-json\/wp\/v2\/pages\/5325"}],"wp:attachment":[{"href":"https:\/\/merritt.ae\/fr\/wp-json\/wp\/v2\/media?parent=17839"}],"curies":[{"name":"wp","href":"https:\/\/api.w.org\/{rel}","templated":true}]}}