{"id":15781,"date":"2024-01-03T10:22:09","date_gmt":"2024-01-03T06:22:09","guid":{"rendered":"https:\/\/merritt.ae\/?page_id=15781"},"modified":"2024-09-11T14:14:23","modified_gmt":"2024-09-11T10:14:23","slug":"compte-bancaire-dubai","status":"publish","type":"page","link":"https:\/\/merritt.ae\/fr\/compte-bancaire-dubai\/","title":{"rendered":"Banque \u00e0 Dubai"},"content":{"rendered":"<section  class='av_textblock_section av-2a7m4bp-bd1f05e9c9b94bdd200797ec5a43606e '   itemscope=\"itemscope\" itemtype=\"https:\/\/schema.org\/CreativeWork\" ><div class='avia_textblock'  itemprop=\"text\" ><\/div><\/section>\n\n<style type=\"text\/css\" data-created_by=\"avia_inline_auto\" id=\"style-css-av-2fd4oss-62f5b0e8c55852087bcec03165c502a7\">\n#top .av-special-heading.av-2fd4oss-62f5b0e8c55852087bcec03165c502a7{\npadding-bottom:10px;\n}\nbody .av-special-heading.av-2fd4oss-62f5b0e8c55852087bcec03165c502a7 .av-special-heading-tag .heading-char{\nfont-size:25px;\n}\n.av-special-heading.av-2fd4oss-62f5b0e8c55852087bcec03165c502a7 .av-subheading{\nfont-size:15px;\n}\n<\/style>\n<div  class='av-special-heading av-2fd4oss-62f5b0e8c55852087bcec03165c502a7 av-special-heading-h1  avia-builder-el-1  el_after_av_textblock  el_before_av_textblock '><h1 class='av-special-heading-tag '  itemprop=\"headline\"  >Tout savoir sur le compte bancaire \u00e0 Dubai<\/h1><div class=\"special-heading-border\"><div class=\"special-heading-inner-border\"><\/div><\/div><\/div>\n<section  class='av_textblock_section av-6cc2o5-12c4875df513bf898d67ed5d0c0baf3e '   itemscope=\"itemscope\" itemtype=\"https:\/\/schema.org\/CreativeWork\" ><div class='avia_textblock'  itemprop=\"text\" ><\/div><\/section>\n<div  class='flex_column av-3abbaa4-0b60ffdce2facaaaac4a729e9cf11130 av_one_half  avia-builder-el-3  el_after_av_textblock  el_before_av_one_half  first flex_column_div  column-top-margin'     ><style type=\"text\/css\" data-created_by=\"avia_inline_auto\" id=\"style-css-av-kzax1yli-9a11553b3ace2d059d5323df59aae5de\">\n.avia-image-container.av-kzax1yli-9a11553b3ace2d059d5323df59aae5de img.avia_image{\nbox-shadow:none;\n}\n.avia-image-container.av-kzax1yli-9a11553b3ace2d059d5323df59aae5de .av-image-caption-overlay-center{\ncolor:#ffffff;\n}\n<\/style>\n<div  class='avia-image-container av-kzax1yli-9a11553b3ace2d059d5323df59aae5de av-styling- avia-align-center  avia-builder-el-4  avia-builder-el-no-sibling '   itemprop=\"image\" itemscope=\"itemscope\" itemtype=\"https:\/\/schema.org\/ImageObject\" ><div class=\"avia-image-container-inner\"><div class=\"avia-image-overlay-wrap\"><img decoding=\"async\" fetchpriority=\"high\" class='wp-image-11100 avia-img-lazy-loading-not-11100 avia_image ' src=\"https:\/\/merritt.ae\/wp-content\/uploads\/2022\/02\/Business-People-Illustration-55-1030x579.png\" alt='' title='Business People Illustration 55'  height=\"579\" width=\"1030\"  itemprop=\"thumbnailUrl\" srcset=\"https:\/\/merritt.ae\/wp-content\/uploads\/2022\/02\/Business-People-Illustration-55-1030x579.png 1030w, https:\/\/merritt.ae\/wp-content\/uploads\/2022\/02\/Business-People-Illustration-55-300x169.png 300w, https:\/\/merritt.ae\/wp-content\/uploads\/2022\/02\/Business-People-Illustration-55-768x432.png 768w, https:\/\/merritt.ae\/wp-content\/uploads\/2022\/02\/Business-People-Illustration-55-1536x864.png 1536w, https:\/\/merritt.ae\/wp-content\/uploads\/2022\/02\/Business-People-Illustration-55-2048x1152.png 2048w, https:\/\/merritt.ae\/wp-content\/uploads\/2022\/02\/Business-People-Illustration-55-1500x844.png 1500w, https:\/\/merritt.ae\/wp-content\/uploads\/2022\/02\/Business-People-Illustration-55-705x397.png 705w\" sizes=\"(max-width: 1030px) 100vw, 1030px\" \/><\/div><\/div><\/div><\/div>\n<div  class='flex_column av-2zc1lrg-3f95bf8c6f4af40caf2524790bee32bd av_one_half  avia-builder-el-5  el_after_av_one_half  el_before_av_one_half  flex_column_div  column-top-margin'     ><p>\n<style type=\"text\/css\" data-created_by=\"avia_inline_auto\" id=\"style-css-av-kzawssb0-ed5e8555bc31b8954693f10d93d3b7b7\">\n#top .av-special-heading.av-kzawssb0-ed5e8555bc31b8954693f10d93d3b7b7{\npadding-bottom:10px;\n}\nbody .av-special-heading.av-kzawssb0-ed5e8555bc31b8954693f10d93d3b7b7 .av-special-heading-tag .heading-char{\nfont-size:25px;\n}\n.av-special-heading.av-kzawssb0-ed5e8555bc31b8954693f10d93d3b7b7 .av-subheading{\nfont-size:15px;\n}\n<\/style>\n<div  class='av-special-heading av-kzawssb0-ed5e8555bc31b8954693f10d93d3b7b7 av-special-heading-h2  avia-builder-el-6  el_before_av_textblock  avia-builder-el-first '><h2 class='av-special-heading-tag '  itemprop=\"headline\"  >Le compte bancaire professionnel<\/h2><div class=\"special-heading-border\"><div class=\"special-heading-inner-border\"><\/div><\/div><\/div><br \/>\n<section  class='av_textblock_section av-2i2tx64-98caba49b8ea2aa87cb5593bc0f67f1e '   itemscope=\"itemscope\" itemtype=\"https:\/\/schema.org\/CreativeWork\" ><div class='avia_textblock'  itemprop=\"text\" ><p>Nous vous assistons gratuitement pour ouvrir un compte bancaire professionnel aupr\u00e8s de banques en ligne (<em>fintech<\/em>) et de banques traditionnelles (avec agences). Une ouverture de compte est possible \u00e0 Duba\u00ef ainsi qu&#8217;\u00e0 l&#8217;\u00e9tranger.<\/p>\n<\/div><\/section><br \/>\n<div  class='avia-button-wrap av-269dka4-62a36f477b7aa7c9a3705e2e895b95d9-wrap avia-button-center  avia-builder-el-8  el_after_av_textblock  avia-builder-el-last '><a href='https:\/\/merritt.ae\/fr\/compte-bancaire-dubai\/banque-pro\/'  class='avia-button av-269dka4-62a36f477b7aa7c9a3705e2e895b95d9 av-link-btn avia-icon_select-no avia-size-small avia-position-center avia-color-theme-color'   aria-label=\"En savoir plus sur le compte bancaire professionnel \u00e0 Dubai\"><span class='avia_iconbox_title' >En savoir plus sur le compte bancaire professionnel \u00e0 Dubai<\/span><\/a><\/div><\/p><\/div><div  class='flex_column av-1avpsp1-9d5f7ba52a9f187fda4c871a7b2713b0 av_one_half  avia-builder-el-9  el_after_av_one_half  el_before_av_one_half  first flex_column_div  column-top-margin'     ><style type=\"text\/css\" data-created_by=\"avia_inline_auto\" id=\"style-css-av-lqxe0f6c-3711b43c3fbb2a1ea6cc29d28e8339fc\">\n.avia-image-container.av-lqxe0f6c-3711b43c3fbb2a1ea6cc29d28e8339fc img.avia_image{\nbox-shadow:none;\n}\n.avia-image-container.av-lqxe0f6c-3711b43c3fbb2a1ea6cc29d28e8339fc .av-image-caption-overlay-center{\ncolor:#ffffff;\n}\n<\/style>\n<div  class='avia-image-container av-lqxe0f6c-3711b43c3fbb2a1ea6cc29d28e8339fc av-styling- avia-align-center  avia-builder-el-10  avia-builder-el-no-sibling '   itemprop=\"image\" itemscope=\"itemscope\" itemtype=\"https:\/\/schema.org\/ImageObject\" ><div class=\"avia-image-container-inner\"><div class=\"avia-image-overlay-wrap\"><img decoding=\"async\" fetchpriority=\"high\" class='wp-image-11150 avia-img-lazy-loading-not-11150 avia_image ' src=\"https:\/\/merritt.ae\/wp-content\/uploads\/2022\/02\/Office-Scene-Illustration-29-1030x579.png\" alt='' title='Office Scene Illustration 29'  height=\"579\" width=\"1030\"  itemprop=\"thumbnailUrl\" srcset=\"https:\/\/merritt.ae\/wp-content\/uploads\/2022\/02\/Office-Scene-Illustration-29-1030x579.png 1030w, https:\/\/merritt.ae\/wp-content\/uploads\/2022\/02\/Office-Scene-Illustration-29-300x169.png 300w, https:\/\/merritt.ae\/wp-content\/uploads\/2022\/02\/Office-Scene-Illustration-29-768x432.png 768w, https:\/\/merritt.ae\/wp-content\/uploads\/2022\/02\/Office-Scene-Illustration-29-1536x864.png 1536w, https:\/\/merritt.ae\/wp-content\/uploads\/2022\/02\/Office-Scene-Illustration-29-2048x1151.png 2048w, https:\/\/merritt.ae\/wp-content\/uploads\/2022\/02\/Office-Scene-Illustration-29-1500x843.png 1500w, https:\/\/merritt.ae\/wp-content\/uploads\/2022\/02\/Office-Scene-Illustration-29-705x396.png 705w\" sizes=\"(max-width: 1030px) 100vw, 1030px\" \/><\/div><\/div><\/div><\/div><\/p>\n<div  class='flex_column av-37e57p-56553c6cd4a470435d65ec5a49160e70 av_one_half  avia-builder-el-11  el_after_av_one_half  avia-builder-el-last  flex_column_div  column-top-margin'     ><p>\n<style type=\"text\/css\" data-created_by=\"avia_inline_auto\" id=\"style-css-av-lqxe1gwq-ee7d4dab66c4d5bb7b8f929c074dcfea\">\n#top .av-special-heading.av-lqxe1gwq-ee7d4dab66c4d5bb7b8f929c074dcfea{\npadding-bottom:10px;\n}\nbody .av-special-heading.av-lqxe1gwq-ee7d4dab66c4d5bb7b8f929c074dcfea .av-special-heading-tag .heading-char{\nfont-size:25px;\n}\n.av-special-heading.av-lqxe1gwq-ee7d4dab66c4d5bb7b8f929c074dcfea .av-subheading{\nfont-size:15px;\n}\n<\/style>\n<div  class='av-special-heading av-lqxe1gwq-ee7d4dab66c4d5bb7b8f929c074dcfea av-special-heading-h2  avia-builder-el-12  el_before_av_textblock  avia-builder-el-first '><h2 class='av-special-heading-tag '  itemprop=\"headline\"  >Comptes et cartes bancaires personnels<\/h2><div class=\"special-heading-border\"><div class=\"special-heading-inner-border\"><\/div><\/div><\/div><br \/>\n<section  class='av_textblock_section av-lqxe1wm0-92c13fd8ca2c9e943f04e27b22f4f797 '   itemscope=\"itemscope\" itemtype=\"https:\/\/schema.org\/CreativeWork\" ><div class='avia_textblock'  itemprop=\"text\" ><p>L&#8217;ouverture d&#8217;un compte bancaire personnel est possible \u00e0 Dubai. Vous obtiendrez alors une carte bancaire.<\/p>\n<\/div><\/section><br \/>\n<div  class='avia-button-wrap av-lqxe2nvm-d9b25c063efae64bb8fa4fe4299756ee-wrap avia-button-center  avia-builder-el-14  el_after_av_textblock  avia-builder-el-last '><a href='https:\/\/merritt.ae\/fr\/compte-bancaire-dubai\/banque-perso\/'  class='avia-button av-lqxe2nvm-d9b25c063efae64bb8fa4fe4299756ee av-link-btn avia-icon_select-no avia-size-small avia-position-center avia-color-theme-color'   aria-label=\"En savoir plus sur le compte bancaire personnel \u00e0 Dubai\"><span class='avia_iconbox_title' >En savoir plus sur le compte bancaire personnel \u00e0 Dubai<\/span><\/a><\/div><\/p><\/div>\n","protected":false},"excerpt":{"rendered":"","protected":false},"author":2,"featured_media":0,"parent":0,"menu_order":0,"comment_status":"closed","ping_status":"closed","template":"","meta":{"inline_featured_image":false,"footnotes":""},"class_list":["post-15781","page","type-page","status-publish","hentry"],"yoast_head":"<!-- This site is optimized with the Yoast SEO plugin v27.5 - https:\/\/yoast.com\/product\/yoast-seo-wordpress\/ -->\n<title>Bienvenue - Merritt Middle East Cr\u00e9ation &amp; assistance aux entreprises<\/title>\n<meta name=\"description\" content=\"Des services aux entreprises pour rendre votre entreprise viable \u00e0 long terme. Tout ce que vous devez savoir pour d\u00e9marrer votre entreprise \u00e0 Duba\u00ef.\" \/>\n<meta name=\"robots\" content=\"index, follow, max-snippet:-1, max-image-preview:large, max-video-preview:-1\" \/>\n<link rel=\"canonical\" href=\"https:\/\/merritt.ae\/fr\/compte-bancaire-dubai\/\" \/>\n<meta property=\"og:locale\" content=\"fr_FR\" \/>\n<meta property=\"og:type\" content=\"article\" \/>\n<meta property=\"og:title\" content=\"Bienvenue - Merritt Middle East Cr\u00e9ation &amp; assistance aux entreprises\" \/>\n<meta property=\"og:description\" content=\"Des services aux entreprises pour rendre votre entreprise viable \u00e0 long terme. Tout ce que vous devez savoir pour d\u00e9marrer votre entreprise \u00e0 Duba\u00ef.\" \/>\n<meta property=\"og:url\" content=\"https:\/\/merritt.ae\/fr\/compte-bancaire-dubai\/\" \/>\n<meta property=\"og:site_name\" content=\"merritt.ae\" \/>\n<meta property=\"article:modified_time\" content=\"2024-09-11T10:14:23+00:00\" \/>\n<meta property=\"og:image\" content=\"https:\/\/merritt.ae\/wp-content\/uploads\/2021\/11\/ME-new-featured.jpg\" \/>\n\t<meta property=\"og:image:width\" content=\"1200\" \/>\n\t<meta property=\"og:image:height\" content=\"630\" \/>\n\t<meta property=\"og:image:type\" content=\"image\/jpeg\" \/>\n<meta name=\"twitter:card\" content=\"summary_large_image\" \/>\n<meta name=\"twitter:label1\" content=\"Dur\u00e9e de lecture estim\u00e9e\" \/>\n\t<meta name=\"twitter:data1\" content=\"5 minutes\" \/>\n<script type=\"application\/ld+json\" class=\"yoast-schema-graph\">{\"@context\":\"https:\\\/\\\/schema.org\",\"@graph\":[{\"@type\":\"WebPage\",\"@id\":\"https:\\\/\\\/merritt.ae\\\/fr\\\/compte-bancaire-dubai\\\/\",\"url\":\"https:\\\/\\\/merritt.ae\\\/fr\\\/compte-bancaire-dubai\\\/\",\"name\":\"Bienvenue - Merritt Middle East Cr\u00e9ation & assistance aux entreprises\",\"isPartOf\":{\"@id\":\"https:\\\/\\\/merritt.ae\\\/#website\"},\"datePublished\":\"2024-01-03T06:22:09+00:00\",\"dateModified\":\"2024-09-11T10:14:23+00:00\",\"description\":\"Des services aux entreprises pour rendre votre entreprise viable \u00e0 long terme. Tout ce que vous devez savoir pour d\u00e9marrer votre entreprise \u00e0 Duba\u00ef.\",\"breadcrumb\":{\"@id\":\"https:\\\/\\\/merritt.ae\\\/fr\\\/compte-bancaire-dubai\\\/#breadcrumb\"},\"inLanguage\":\"fr-FR\",\"potentialAction\":[{\"@type\":\"ReadAction\",\"target\":[\"https:\\\/\\\/merritt.ae\\\/fr\\\/compte-bancaire-dubai\\\/\"]}]},{\"@type\":\"BreadcrumbList\",\"@id\":\"https:\\\/\\\/merritt.ae\\\/fr\\\/compte-bancaire-dubai\\\/#breadcrumb\",\"itemListElement\":[{\"@type\":\"ListItem\",\"position\":1,\"name\":\"Home\",\"item\":\"https:\\\/\\\/merritt.ae\\\/fr\\\/accueil\\\/\"},{\"@type\":\"ListItem\",\"position\":2,\"name\":\"Banque \u00e0 Dubai\"}]},{\"@type\":\"WebSite\",\"@id\":\"https:\\\/\\\/merritt.ae\\\/#website\",\"url\":\"https:\\\/\\\/merritt.ae\\\/\",\"name\":\"merritt.ae\",\"description\":\"\",\"publisher\":{\"@id\":\"https:\\\/\\\/merritt.ae\\\/#organization\"},\"potentialAction\":[{\"@type\":\"SearchAction\",\"target\":{\"@type\":\"EntryPoint\",\"urlTemplate\":\"https:\\\/\\\/merritt.ae\\\/?s={search_term_string}\"},\"query-input\":{\"@type\":\"PropertyValueSpecification\",\"valueRequired\":true,\"valueName\":\"search_term_string\"}}],\"inLanguage\":\"fr-FR\"},{\"@type\":\"Organization\",\"@id\":\"https:\\\/\\\/merritt.ae\\\/#organization\",\"name\":\"merritt.ae\",\"url\":\"https:\\\/\\\/merritt.ae\\\/\",\"logo\":{\"@type\":\"ImageObject\",\"inLanguage\":\"fr-FR\",\"@id\":\"https:\\\/\\\/merritt.ae\\\/#\\\/schema\\\/logo\\\/image\\\/\",\"url\":\"https:\\\/\\\/merritt.ae\\\/wp-content\\\/uploads\\\/2021\\\/11\\\/ME-new-featured.jpg\",\"contentUrl\":\"https:\\\/\\\/merritt.ae\\\/wp-content\\\/uploads\\\/2021\\\/11\\\/ME-new-featured.jpg\",\"width\":1200,\"height\":630,\"caption\":\"merritt.ae\"},\"image\":{\"@id\":\"https:\\\/\\\/merritt.ae\\\/#\\\/schema\\\/logo\\\/image\\\/\"}}]}<\/script>\n<!-- \/ Yoast SEO plugin. -->","yoast_head_json":{"title":"Bienvenue - Merritt Middle East Cr\u00e9ation & assistance aux entreprises","description":"Des services aux entreprises pour rendre votre entreprise viable \u00e0 long terme. Tout ce que vous devez savoir pour d\u00e9marrer votre entreprise \u00e0 Duba\u00ef.","robots":{"index":"index","follow":"follow","max-snippet":"max-snippet:-1","max-image-preview":"max-image-preview:large","max-video-preview":"max-video-preview:-1"},"canonical":"https:\/\/merritt.ae\/fr\/compte-bancaire-dubai\/","og_locale":"fr_FR","og_type":"article","og_title":"Bienvenue - Merritt Middle East Cr\u00e9ation & assistance aux entreprises","og_description":"Des services aux entreprises pour rendre votre entreprise viable \u00e0 long terme. Tout ce que vous devez savoir pour d\u00e9marrer votre entreprise \u00e0 Duba\u00ef.","og_url":"https:\/\/merritt.ae\/fr\/compte-bancaire-dubai\/","og_site_name":"merritt.ae","article_modified_time":"2024-09-11T10:14:23+00:00","og_image":[{"width":1200,"height":630,"url":"https:\/\/merritt.ae\/wp-content\/uploads\/2021\/11\/ME-new-featured.jpg","type":"image\/jpeg"}],"twitter_card":"summary_large_image","twitter_misc":{"Dur\u00e9e de lecture estim\u00e9e":"5 minutes"},"schema":{"@context":"https:\/\/schema.org","@graph":[{"@type":"WebPage","@id":"https:\/\/merritt.ae\/fr\/compte-bancaire-dubai\/","url":"https:\/\/merritt.ae\/fr\/compte-bancaire-dubai\/","name":"Bienvenue - Merritt Middle East Cr\u00e9ation & assistance aux entreprises","isPartOf":{"@id":"https:\/\/merritt.ae\/#website"},"datePublished":"2024-01-03T06:22:09+00:00","dateModified":"2024-09-11T10:14:23+00:00","description":"Des services aux entreprises pour rendre votre entreprise viable \u00e0 long terme. Tout ce que vous devez savoir pour d\u00e9marrer votre entreprise \u00e0 Duba\u00ef.","breadcrumb":{"@id":"https:\/\/merritt.ae\/fr\/compte-bancaire-dubai\/#breadcrumb"},"inLanguage":"fr-FR","potentialAction":[{"@type":"ReadAction","target":["https:\/\/merritt.ae\/fr\/compte-bancaire-dubai\/"]}]},{"@type":"BreadcrumbList","@id":"https:\/\/merritt.ae\/fr\/compte-bancaire-dubai\/#breadcrumb","itemListElement":[{"@type":"ListItem","position":1,"name":"Home","item":"https:\/\/merritt.ae\/fr\/accueil\/"},{"@type":"ListItem","position":2,"name":"Banque \u00e0 Dubai"}]},{"@type":"WebSite","@id":"https:\/\/merritt.ae\/#website","url":"https:\/\/merritt.ae\/","name":"merritt.ae","description":"","publisher":{"@id":"https:\/\/merritt.ae\/#organization"},"potentialAction":[{"@type":"SearchAction","target":{"@type":"EntryPoint","urlTemplate":"https:\/\/merritt.ae\/?s={search_term_string}"},"query-input":{"@type":"PropertyValueSpecification","valueRequired":true,"valueName":"search_term_string"}}],"inLanguage":"fr-FR"},{"@type":"Organization","@id":"https:\/\/merritt.ae\/#organization","name":"merritt.ae","url":"https:\/\/merritt.ae\/","logo":{"@type":"ImageObject","inLanguage":"fr-FR","@id":"https:\/\/merritt.ae\/#\/schema\/logo\/image\/","url":"https:\/\/merritt.ae\/wp-content\/uploads\/2021\/11\/ME-new-featured.jpg","contentUrl":"https:\/\/merritt.ae\/wp-content\/uploads\/2021\/11\/ME-new-featured.jpg","width":1200,"height":630,"caption":"merritt.ae"},"image":{"@id":"https:\/\/merritt.ae\/#\/schema\/logo\/image\/"}}]}},"_links":{"self":[{"href":"https:\/\/merritt.ae\/fr\/wp-json\/wp\/v2\/pages\/15781","targetHints":{"allow":["GET"]}}],"collection":[{"href":"https:\/\/merritt.ae\/fr\/wp-json\/wp\/v2\/pages"}],"about":[{"href":"https:\/\/merritt.ae\/fr\/wp-json\/wp\/v2\/types\/page"}],"author":[{"embeddable":true,"href":"https:\/\/merritt.ae\/fr\/wp-json\/wp\/v2\/users\/2"}],"replies":[{"embeddable":true,"href":"https:\/\/merritt.ae\/fr\/wp-json\/wp\/v2\/comments?post=15781"}],"version-history":[{"count":5,"href":"https:\/\/merritt.ae\/fr\/wp-json\/wp\/v2\/pages\/15781\/revisions"}],"predecessor-version":[{"id":18527,"href":"https:\/\/merritt.ae\/fr\/wp-json\/wp\/v2\/pages\/15781\/revisions\/18527"}],"wp:attachment":[{"href":"https:\/\/merritt.ae\/fr\/wp-json\/wp\/v2\/media?parent=15781"}],"curies":[{"name":"wp","href":"https:\/\/api.w.org\/{rel}","templated":true}]}}