{"id":15316,"date":"2023-06-06T15:37:40","date_gmt":"2023-06-06T11:37:40","guid":{"rendered":"https:\/\/merritt.ae\/?page_id=15316"},"modified":"2023-06-06T15:51:46","modified_gmt":"2023-06-06T11:51:46","slug":"visas","status":"publish","type":"page","link":"https:\/\/merritt.ae\/fr\/residence\/visas\/","title":{"rendered":"Les diff\u00e9rents types de visas de r\u00e9sidence \u00e0 Dubai"},"content":{"rendered":"<div id='full_slider_1'  class='avia-fullwidth-slider main_color avia-shadow   avia-builder-el-0  el_before_av_textblock  avia-builder-el-first   container_wrap sidebar_right'  >\n<style type=\"text\/css\" data-created_by=\"avia_inline_auto\" id=\"style-css-av-3htfok-b62a75c90e20b007d7cfbb30b7fed260\">\n#top #wrap_all .avia-slideshow .av-slideshow-caption.av-3htfok-b62a75c90e20b007d7cfbb30b7fed260__0 .avia-caption-title{\ncolor:#ffffff;\n}\n#top .avia-slideshow .av-slideshow-caption.av-3htfok-b62a75c90e20b007d7cfbb30b7fed260__0 .avia-caption-content{\ncolor:#ffffff;\n}\n<\/style>\n<div  class='avia-slideshow av-3htfok-b62a75c90e20b007d7cfbb30b7fed260 avia-slideshow-featured av_slideshow_full avia-slide-slider av-slideshow-ui av-control-default av-slideshow-manual av-loop-once av-loop-manual-endless av-default-height-applied   avia-slideshow-1' data-slideshow-options=\"{&quot;animation&quot;:&quot;slide&quot;,&quot;autoplay&quot;:false,&quot;loop_autoplay&quot;:&quot;once&quot;,&quot;interval&quot;:5,&quot;loop_manual&quot;:&quot;manual-endless&quot;,&quot;autoplay_stopper&quot;:false,&quot;noNavigation&quot;:false,&quot;bg_slider&quot;:false,&quot;keep_padding&quot;:false,&quot;hoverpause&quot;:false,&quot;show_slide_delay&quot;:0}\"  itemprop=\"image\" itemscope=\"itemscope\" itemtype=\"https:\/\/schema.org\/ImageObject\" ><ul class='avia-slideshow-inner ' style='padding-bottom: 28.666666666667%;'><li  class='avia-slideshow-slide av-3htfok-b62a75c90e20b007d7cfbb30b7fed260__0  av-single-slide slide-1 slide-odd'><div data-rel='slideshow-1' class='avia-slide-wrap '   ><div class='av-slideshow-caption av-3htfok-b62a75c90e20b007d7cfbb30b7fed260__0 caption_fullwidth caption_center caption_center_framed caption_framed'><div class=\"container caption_container\"><div class=\"slideshow_caption\"><div class=\"slideshow_inner_caption\"><div class=\"slideshow_align_caption\"><h2 class='avia-caption-title '  itemprop=\"name\" >Les diff\u00e9rents types de visas de r\u00e9sidence \u00e0 Dubai<\/h2><\/div><\/div><\/div><\/div><\/div><img decoding=\"async\" fetchpriority=\"high\" class=\"wp-image-5696 avia-img-lazy-loading-not-5696\"  src=\"https:\/\/merritt.ae\/wp-content\/uploads\/2019\/12\/iStock_000079988733_Large-1500x430.jpg\" width=\"1500\" height=\"430\" title='iStock_000079988733_Large' alt=''  itemprop=\"thumbnailUrl\"   \/><\/div><\/li><\/ul><\/div><\/div><div id='after_full_slider_1'  class='main_color av_default_container_wrap container_wrap sidebar_right'  ><div class='container av-section-cont-open' ><div class='template-page content  av-content-small alpha units'><div class='post-entry post-entry-type-page post-entry-15316'><div class='entry-content-wrapper clearfix'>\n<section  class='av_textblock_section av-k448yeje-a7091fe579c247d2e37480059a359853 '   itemscope=\"itemscope\" itemtype=\"https:\/\/schema.org\/CreativeWork\" ><div class='avia_textblock'  itemprop=\"text\" ><p>Il existe plusieurs solutions pour obtenir un visa de r\u00e9sidence pour les Emirats:<br \/>\n\u2013\u00a0<a href=\"https:\/\/merritt.ae\/fr\/residence\/visas\/visa-residence-associe-dubai\/\">Visa de r\u00e9sidence pour les associ\u00e9s d\u2019une soci\u00e9t\u00e9 de Dubai<\/a><br \/>\n\u2013\u00a0<a href=\"https:\/\/merritt.ae\/fr\/residence\/visas\/visa-residence-freelancer-dubai\/\">Visa de r\u00e9sidence pour un freelancer \u00e0 Dubai<\/a><br \/>\n\u2013\u00a0<a href=\"https:\/\/merritt.ae\/fr\/residence\/visas\/visa-residence-salarie-dubai\/\">Visa de r\u00e9sidence pour un salari\u00e9 d\u2019une soci\u00e9t\u00e9 de Dubai<\/a><br \/>\n\u2013\u00a0<a href=\"https:\/\/merritt.ae\/fr\/residence\/visas\/visa-residence-famille-epoux-epouse-enfant-dubai\/\">Visa de r\u00e9sidence pour la famille (\u00e9poux\/\u00e9pouse\/enfant) \u00e0 Dubai<\/a><br \/>\n\u2013\u00a0<a href=\"https:\/\/merritt.ae\/fr\/residence\/visas\/visa-residence-golden-visa-dubai\/\">Visa de r\u00e9sidence pour un investisseur immobilier (Golden Visa) \u00e0 Dubai<\/a><br \/>\n\u2013\u00a0<a href=\"https:\/\/merritt.ae\/fr\/residence\/visas\/visa-residence-teletravail-dubai\/\">Visa de r\u00e9sidence pour le t\u00e9l\u00e9travail \u00e0 Dubai<\/a><\/p>\n<\/div><\/section>\n","protected":false},"excerpt":{"rendered":"","protected":false},"author":3,"featured_media":0,"parent":11127,"menu_order":2,"comment_status":"closed","ping_status":"closed","template":"","meta":{"inline_featured_image":false,"footnotes":""},"class_list":["post-15316","page","type-page","status-publish","hentry"],"yoast_head":"<!-- This site is optimized with the Yoast SEO plugin v27.5 - https:\/\/yoast.com\/product\/yoast-seo-wordpress\/ -->\n<title>Les diff\u00e9rents types de visas de r\u00e9sidence \u00e0 Dubai<\/title>\n<meta name=\"description\" content=\"Tout savoir sur les diff\u00e9rents types de visas \u00e0 r\u00e9sidence \u00e0 Dubai: associ\u00e9, salari\u00e9, freelancer, famille, golden visa, etc.\" \/>\n<meta name=\"robots\" content=\"index, follow, max-snippet:-1, max-image-preview:large, max-video-preview:-1\" \/>\n<link rel=\"canonical\" href=\"https:\/\/merritt.ae\/fr\/residence\/visas\/\" \/>\n<meta property=\"og:locale\" content=\"fr_FR\" \/>\n<meta property=\"og:type\" content=\"article\" \/>\n<meta property=\"og:title\" content=\"Les diff\u00e9rents types de visas de r\u00e9sidence \u00e0 Dubai\" \/>\n<meta property=\"og:description\" content=\"Tout savoir sur les diff\u00e9rents types de visas \u00e0 r\u00e9sidence \u00e0 Dubai: associ\u00e9, salari\u00e9, freelancer, famille, golden visa, etc.\" \/>\n<meta property=\"og:url\" content=\"https:\/\/merritt.ae\/fr\/residence\/visas\/\" \/>\n<meta property=\"og:site_name\" content=\"merritt.ae\" \/>\n<meta property=\"article:modified_time\" content=\"2023-06-06T11:51:46+00:00\" \/>\n<meta property=\"og:image\" content=\"https:\/\/merritt.ae\/wp-content\/uploads\/2021\/11\/ME-new-featured.jpg\" \/>\n\t<meta property=\"og:image:width\" content=\"1200\" \/>\n\t<meta property=\"og:image:height\" content=\"630\" \/>\n\t<meta property=\"og:image:type\" content=\"image\/jpeg\" \/>\n<meta name=\"twitter:card\" content=\"summary_large_image\" \/>\n<meta name=\"twitter:label1\" content=\"Dur\u00e9e de lecture estim\u00e9e\" \/>\n\t<meta name=\"twitter:data1\" content=\"1 minute\" \/>\n<script type=\"application\/ld+json\" class=\"yoast-schema-graph\">{\"@context\":\"https:\\\/\\\/schema.org\",\"@graph\":[{\"@type\":\"WebPage\",\"@id\":\"https:\\\/\\\/merritt.ae\\\/fr\\\/residence\\\/visas\\\/\",\"url\":\"https:\\\/\\\/merritt.ae\\\/fr\\\/residence\\\/visas\\\/\",\"name\":\"Les diff\u00e9rents types de visas de r\u00e9sidence \u00e0 Dubai\",\"isPartOf\":{\"@id\":\"https:\\\/\\\/merritt.ae\\\/#website\"},\"datePublished\":\"2023-06-06T11:37:40+00:00\",\"dateModified\":\"2023-06-06T11:51:46+00:00\",\"description\":\"Tout savoir sur les diff\u00e9rents types de visas \u00e0 r\u00e9sidence \u00e0 Dubai: associ\u00e9, salari\u00e9, freelancer, famille, golden visa, etc.\",\"breadcrumb\":{\"@id\":\"https:\\\/\\\/merritt.ae\\\/fr\\\/residence\\\/visas\\\/#breadcrumb\"},\"inLanguage\":\"fr-FR\",\"potentialAction\":[{\"@type\":\"ReadAction\",\"target\":[\"https:\\\/\\\/merritt.ae\\\/fr\\\/residence\\\/visas\\\/\"]}]},{\"@type\":\"BreadcrumbList\",\"@id\":\"https:\\\/\\\/merritt.ae\\\/fr\\\/residence\\\/visas\\\/#breadcrumb\",\"itemListElement\":[{\"@type\":\"ListItem\",\"position\":1,\"name\":\"Home\",\"item\":\"https:\\\/\\\/merritt.ae\\\/fr\\\/accueil\\\/\"},{\"@type\":\"ListItem\",\"position\":2,\"name\":\"R\u00e9sidence \u00e0 Dubai\",\"item\":\"https:\\\/\\\/merritt.ae\\\/fr\\\/residence\\\/\"},{\"@type\":\"ListItem\",\"position\":3,\"name\":\"Les diff\u00e9rents types de visas de r\u00e9sidence \u00e0 Dubai\"}]},{\"@type\":\"WebSite\",\"@id\":\"https:\\\/\\\/merritt.ae\\\/#website\",\"url\":\"https:\\\/\\\/merritt.ae\\\/\",\"name\":\"merritt.ae\",\"description\":\"\",\"publisher\":{\"@id\":\"https:\\\/\\\/merritt.ae\\\/#organization\"},\"potentialAction\":[{\"@type\":\"SearchAction\",\"target\":{\"@type\":\"EntryPoint\",\"urlTemplate\":\"https:\\\/\\\/merritt.ae\\\/?s={search_term_string}\"},\"query-input\":{\"@type\":\"PropertyValueSpecification\",\"valueRequired\":true,\"valueName\":\"search_term_string\"}}],\"inLanguage\":\"fr-FR\"},{\"@type\":\"Organization\",\"@id\":\"https:\\\/\\\/merritt.ae\\\/#organization\",\"name\":\"merritt.ae\",\"url\":\"https:\\\/\\\/merritt.ae\\\/\",\"logo\":{\"@type\":\"ImageObject\",\"inLanguage\":\"fr-FR\",\"@id\":\"https:\\\/\\\/merritt.ae\\\/#\\\/schema\\\/logo\\\/image\\\/\",\"url\":\"https:\\\/\\\/merritt.ae\\\/wp-content\\\/uploads\\\/2021\\\/11\\\/ME-new-featured.jpg\",\"contentUrl\":\"https:\\\/\\\/merritt.ae\\\/wp-content\\\/uploads\\\/2021\\\/11\\\/ME-new-featured.jpg\",\"width\":1200,\"height\":630,\"caption\":\"merritt.ae\"},\"image\":{\"@id\":\"https:\\\/\\\/merritt.ae\\\/#\\\/schema\\\/logo\\\/image\\\/\"}}]}<\/script>\n<!-- \/ Yoast SEO plugin. -->","yoast_head_json":{"title":"Les diff\u00e9rents types de visas de r\u00e9sidence \u00e0 Dubai","description":"Tout savoir sur les diff\u00e9rents types de visas \u00e0 r\u00e9sidence \u00e0 Dubai: associ\u00e9, salari\u00e9, freelancer, famille, golden visa, etc.","robots":{"index":"index","follow":"follow","max-snippet":"max-snippet:-1","max-image-preview":"max-image-preview:large","max-video-preview":"max-video-preview:-1"},"canonical":"https:\/\/merritt.ae\/fr\/residence\/visas\/","og_locale":"fr_FR","og_type":"article","og_title":"Les diff\u00e9rents types de visas de r\u00e9sidence \u00e0 Dubai","og_description":"Tout savoir sur les diff\u00e9rents types de visas \u00e0 r\u00e9sidence \u00e0 Dubai: associ\u00e9, salari\u00e9, freelancer, famille, golden visa, etc.","og_url":"https:\/\/merritt.ae\/fr\/residence\/visas\/","og_site_name":"merritt.ae","article_modified_time":"2023-06-06T11:51:46+00:00","og_image":[{"width":1200,"height":630,"url":"https:\/\/merritt.ae\/wp-content\/uploads\/2021\/11\/ME-new-featured.jpg","type":"image\/jpeg"}],"twitter_card":"summary_large_image","twitter_misc":{"Dur\u00e9e de lecture estim\u00e9e":"1 minute"},"schema":{"@context":"https:\/\/schema.org","@graph":[{"@type":"WebPage","@id":"https:\/\/merritt.ae\/fr\/residence\/visas\/","url":"https:\/\/merritt.ae\/fr\/residence\/visas\/","name":"Les diff\u00e9rents types de visas de r\u00e9sidence \u00e0 Dubai","isPartOf":{"@id":"https:\/\/merritt.ae\/#website"},"datePublished":"2023-06-06T11:37:40+00:00","dateModified":"2023-06-06T11:51:46+00:00","description":"Tout savoir sur les diff\u00e9rents types de visas \u00e0 r\u00e9sidence \u00e0 Dubai: associ\u00e9, salari\u00e9, freelancer, famille, golden visa, etc.","breadcrumb":{"@id":"https:\/\/merritt.ae\/fr\/residence\/visas\/#breadcrumb"},"inLanguage":"fr-FR","potentialAction":[{"@type":"ReadAction","target":["https:\/\/merritt.ae\/fr\/residence\/visas\/"]}]},{"@type":"BreadcrumbList","@id":"https:\/\/merritt.ae\/fr\/residence\/visas\/#breadcrumb","itemListElement":[{"@type":"ListItem","position":1,"name":"Home","item":"https:\/\/merritt.ae\/fr\/accueil\/"},{"@type":"ListItem","position":2,"name":"R\u00e9sidence \u00e0 Dubai","item":"https:\/\/merritt.ae\/fr\/residence\/"},{"@type":"ListItem","position":3,"name":"Les diff\u00e9rents types de visas de r\u00e9sidence \u00e0 Dubai"}]},{"@type":"WebSite","@id":"https:\/\/merritt.ae\/#website","url":"https:\/\/merritt.ae\/","name":"merritt.ae","description":"","publisher":{"@id":"https:\/\/merritt.ae\/#organization"},"potentialAction":[{"@type":"SearchAction","target":{"@type":"EntryPoint","urlTemplate":"https:\/\/merritt.ae\/?s={search_term_string}"},"query-input":{"@type":"PropertyValueSpecification","valueRequired":true,"valueName":"search_term_string"}}],"inLanguage":"fr-FR"},{"@type":"Organization","@id":"https:\/\/merritt.ae\/#organization","name":"merritt.ae","url":"https:\/\/merritt.ae\/","logo":{"@type":"ImageObject","inLanguage":"fr-FR","@id":"https:\/\/merritt.ae\/#\/schema\/logo\/image\/","url":"https:\/\/merritt.ae\/wp-content\/uploads\/2021\/11\/ME-new-featured.jpg","contentUrl":"https:\/\/merritt.ae\/wp-content\/uploads\/2021\/11\/ME-new-featured.jpg","width":1200,"height":630,"caption":"merritt.ae"},"image":{"@id":"https:\/\/merritt.ae\/#\/schema\/logo\/image\/"}}]}},"_links":{"self":[{"href":"https:\/\/merritt.ae\/fr\/wp-json\/wp\/v2\/pages\/15316","targetHints":{"allow":["GET"]}}],"collection":[{"href":"https:\/\/merritt.ae\/fr\/wp-json\/wp\/v2\/pages"}],"about":[{"href":"https:\/\/merritt.ae\/fr\/wp-json\/wp\/v2\/types\/page"}],"author":[{"embeddable":true,"href":"https:\/\/merritt.ae\/fr\/wp-json\/wp\/v2\/users\/3"}],"replies":[{"embeddable":true,"href":"https:\/\/merritt.ae\/fr\/wp-json\/wp\/v2\/comments?post=15316"}],"version-history":[{"count":3,"href":"https:\/\/merritt.ae\/fr\/wp-json\/wp\/v2\/pages\/15316\/revisions"}],"predecessor-version":[{"id":16029,"href":"https:\/\/merritt.ae\/fr\/wp-json\/wp\/v2\/pages\/15316\/revisions\/16029"}],"up":[{"embeddable":true,"href":"https:\/\/merritt.ae\/fr\/wp-json\/wp\/v2\/pages\/11127"}],"wp:attachment":[{"href":"https:\/\/merritt.ae\/fr\/wp-json\/wp\/v2\/media?parent=15316"}],"curies":[{"name":"wp","href":"https:\/\/api.w.org\/{rel}","templated":true}]}}