{"id":15288,"date":"2023-06-06T13:18:33","date_gmt":"2023-06-06T09:18:33","guid":{"rendered":"https:\/\/merritt.ae\/?page_id=15288"},"modified":"2023-06-06T15:47:13","modified_gmt":"2023-06-06T11:47:13","slug":"visa-residence-freelancer-dubai","status":"publish","type":"page","link":"https:\/\/merritt.ae\/fr\/residence\/visas\/visa-residence-freelancer-dubai\/","title":{"rendered":"Visa de r\u00e9sidence pour un freelancer \u00e0 Dubai"},"content":{"rendered":"<div id='full_slider_1'  class='avia-fullwidth-slider main_color avia-shadow   avia-builder-el-0  el_before_av_heading  avia-builder-el-first   container_wrap sidebar_right'  >\n<style type=\"text\/css\" data-created_by=\"avia_inline_auto\" id=\"style-css-av-3htfok-b62a75c90e20b007d7cfbb30b7fed260\">\n#top #wrap_all .avia-slideshow .av-slideshow-caption.av-3htfok-b62a75c90e20b007d7cfbb30b7fed260__0 .avia-caption-title{\ncolor:#ffffff;\n}\n#top .avia-slideshow .av-slideshow-caption.av-3htfok-b62a75c90e20b007d7cfbb30b7fed260__0 .avia-caption-content{\ncolor:#ffffff;\n}\n<\/style>\n<div  class='avia-slideshow av-3htfok-b62a75c90e20b007d7cfbb30b7fed260 avia-slideshow-featured av_slideshow_full avia-slide-slider av-slideshow-ui av-control-default av-slideshow-manual av-loop-once av-loop-manual-endless av-default-height-applied   avia-slideshow-1' data-slideshow-options=\"{&quot;animation&quot;:&quot;slide&quot;,&quot;autoplay&quot;:false,&quot;loop_autoplay&quot;:&quot;once&quot;,&quot;interval&quot;:5,&quot;loop_manual&quot;:&quot;manual-endless&quot;,&quot;autoplay_stopper&quot;:false,&quot;noNavigation&quot;:false,&quot;bg_slider&quot;:false,&quot;keep_padding&quot;:false,&quot;hoverpause&quot;:false,&quot;show_slide_delay&quot;:0}\"  itemprop=\"image\" itemscope=\"itemscope\" itemtype=\"https:\/\/schema.org\/ImageObject\" ><ul class='avia-slideshow-inner ' style='padding-bottom: 28.666666666667%;'><li  class='avia-slideshow-slide av-3htfok-b62a75c90e20b007d7cfbb30b7fed260__0  av-single-slide slide-1 slide-odd'><div data-rel='slideshow-1' class='avia-slide-wrap '   ><div class='av-slideshow-caption av-3htfok-b62a75c90e20b007d7cfbb30b7fed260__0 caption_fullwidth caption_center caption_center_framed caption_framed'><div class=\"container caption_container\"><div class=\"slideshow_caption\"><div class=\"slideshow_inner_caption\"><div class=\"slideshow_align_caption\"><h2 class='avia-caption-title '  itemprop=\"name\" >Visa de r\u00e9sidence pour un freelancer \u00e0 Dubai<\/h2><\/div><\/div><\/div><\/div><\/div><img decoding=\"async\" fetchpriority=\"high\" class=\"wp-image-5696 avia-img-lazy-loading-not-5696\"  src=\"https:\/\/merritt.ae\/wp-content\/uploads\/2019\/12\/iStock_000079988733_Large-1500x430.jpg\" width=\"1500\" height=\"430\" title='iStock_000079988733_Large' alt=''  itemprop=\"thumbnailUrl\"   \/><\/div><\/li><\/ul><\/div><\/div><div id='after_full_slider_1'  class='main_color av_default_container_wrap container_wrap sidebar_right'  ><div class='container av-section-cont-open' ><div class='template-page content  av-content-small alpha units'><div class='post-entry post-entry-type-page post-entry-15288'><div class='entry-content-wrapper clearfix'>\n\n<style type=\"text\/css\" data-created_by=\"avia_inline_auto\" id=\"style-css-av-l1m7jko1-761356f4a055bcbe89db39deb2868be0\">\n#top .av-special-heading.av-l1m7jko1-761356f4a055bcbe89db39deb2868be0{\npadding-bottom:10px;\n}\nbody .av-special-heading.av-l1m7jko1-761356f4a055bcbe89db39deb2868be0 .av-special-heading-tag .heading-char{\nfont-size:25px;\n}\n.av-special-heading.av-l1m7jko1-761356f4a055bcbe89db39deb2868be0 .av-subheading{\nfont-size:15px;\n}\n<\/style>\n<div  id=\"investor-visa\"  class='av-special-heading av-l1m7jko1-761356f4a055bcbe89db39deb2868be0 av-special-heading-h2  avia-builder-el-1  el_after_av_slideshow_full  el_before_av_textblock  avia-builder-el-first  av-linked-heading'><h2 class='av-special-heading-tag '  itemprop=\"headline\"  >Conditions pour un visa pour un freelancer \u00e0 Dubai<\/h2><div class=\"special-heading-border\"><div class=\"special-heading-inner-border\"><\/div><\/div><\/div>\n<section  class='av_textblock_section av-lik0duq1-7457b1a54ee0d5f8a62837661b037267 '   itemscope=\"itemscope\" itemtype=\"https:\/\/schema.org\/CreativeWork\" ><div class='avia_textblock'  itemprop=\"text\" ><p>Pour obtenir ce type de visa, il faut \u00eatre d\u00e9tenteur d&#8217;un permis Freelance \u00e0 Dubai.<\/p>\n<p>Il est donc requis que le permis Freelance soit d&#8217;abord \u00e9mis pour que la demande de visa puisse \u00eatre d\u00e9pos\u00e9e.<\/p>\n<\/div><\/section>\n\n<style type=\"text\/css\" data-created_by=\"avia_inline_auto\" id=\"style-css-av-lijzwbv7-c116071a09fc9be666d5459de9da8e03\">\n#top .av-special-heading.av-lijzwbv7-c116071a09fc9be666d5459de9da8e03{\npadding-bottom:10px;\n}\nbody .av-special-heading.av-lijzwbv7-c116071a09fc9be666d5459de9da8e03 .av-special-heading-tag .heading-char{\nfont-size:25px;\n}\n.av-special-heading.av-lijzwbv7-c116071a09fc9be666d5459de9da8e03 .av-subheading{\nfont-size:15px;\n}\n<\/style>\n<div  id=\"investor-visa\"  class='av-special-heading av-lijzwbv7-c116071a09fc9be666d5459de9da8e03 av-special-heading-h2  avia-builder-el-3  el_after_av_textblock  el_before_av_textblock  av-linked-heading'><h2 class='av-special-heading-tag '  itemprop=\"headline\"  >D\u00e9lais pour un visa pour un freelancer \u00e0 Dubai<\/h2><div class=\"special-heading-border\"><div class=\"special-heading-inner-border\"><\/div><\/div><\/div>\n<section  class='av_textblock_section av-lik0hxis-3cffe6f787cefa73190b8daabb2c4086 '   itemscope=\"itemscope\" itemtype=\"https:\/\/schema.org\/CreativeWork\" ><div class='avia_textblock'  itemprop=\"text\" ><p>Pour obtenir un visa pour un freelancer, vous avez 2 possibilit\u00e9s:<br \/>\n&#8211; Cas n\u00b01: vous \u00eates pr\u00e9sent \u00e0 Dubai pendant 3 semaines (du lundi matin au jeudi soir 2 semaines apr\u00e8s) pour obtenir votre visa;<br \/>\nou<br \/>\n&#8211; Cas \u00b02: nous d\u00e9posons votre dossier aupr\u00e8s des Services de l&#8217;immigration 3 semaines AVANT votre venue \u00e0 Dubai. Vous devrez alors \u00eatre pr\u00e9sent pendant seulement 6 jours ouvr\u00e9s \u00e0 Dubai (du mercredi matin au mercredi soir de la semaine suivante) pour obtenir votre visa.<\/p>\n<p>Concernant l&#8217;EmiratesID (= carte d&#8217;identit\u00e9 au format carte bancaire): il est d\u00e9sormais requis de prendre un RDV aupr\u00e8s des Autorit\u00e9s pour effectuer le &#8220;fingert print&#8221; (empreinte digitale). Actuellement le d\u00e9lai pour obtenir un RDV est de 3 semaines. Pour prendre ce RDV, il faut \u00eatre pr\u00e9sent \u00e0 Dubai et avoir d\u00e9j\u00e0 effectu\u00e9 la visite m\u00e9dicale. 2h max. sont n\u00e9cessaires pour effectuer cette prise de vos empreintes (nous vous accompagnons aussi bien s\u00fbr). L&#8217;EmiratesID sera ensuite re\u00e7ue \u00e0 notre boite postale, 7 jours ouvr\u00e9s minimum apr\u00e8s la prise de vos empreintes (pour la recevoir, votre pr\u00e9sence n&#8217;est pas requise, nous vous la conservons bien s\u00fbr si vous n&#8217;\u00eates plus pr\u00e9sent).<\/p>\n<\/div><\/section>\n\n<style type=\"text\/css\" data-created_by=\"avia_inline_auto\" id=\"style-css-av-lijzwycz-97180031b1a77c5150f6d06923a3c7c5\">\n#top .av-special-heading.av-lijzwycz-97180031b1a77c5150f6d06923a3c7c5{\npadding-bottom:10px;\n}\nbody .av-special-heading.av-lijzwycz-97180031b1a77c5150f6d06923a3c7c5 .av-special-heading-tag .heading-char{\nfont-size:25px;\n}\n.av-special-heading.av-lijzwycz-97180031b1a77c5150f6d06923a3c7c5 .av-subheading{\nfont-size:15px;\n}\n<\/style>\n<div  id=\"investor-visa\"  class='av-special-heading av-lijzwycz-97180031b1a77c5150f6d06923a3c7c5 av-special-heading-h2  avia-builder-el-5  el_after_av_textblock  el_before_av_textblock  av-linked-heading'><h2 class='av-special-heading-tag '  itemprop=\"headline\"  >Tarifs pour un visa pour un freelancer \u00e0 Dubai<\/h2><div class=\"special-heading-border\"><div class=\"special-heading-inner-border\"><\/div><\/div><\/div>\n<section  class='av_textblock_section av-k4497i1s-93780aa74ce6ccd36b1d3a916d9859ab '   itemscope=\"itemscope\" itemtype=\"https:\/\/schema.org\/CreativeWork\" ><div class='avia_textblock'  itemprop=\"text\" ><p>Les co\u00fbts sont les suivants:<br \/>\n&#8211; Frais des Autorit\u00e9s (application, Medical check, EmiratesID): AED 6 220 par 2 ans;<br \/>\n&#8211; Nos honoraires d&#8217;assistance: AED 4 000.<\/p>\n<\/div><\/section>\n\n<style type=\"text\/css\" data-created_by=\"avia_inline_auto\" id=\"style-css-av-lik6r64f-edcf0b0f5279dded6965079829f65c56\">\n#top .av-special-heading.av-lik6r64f-edcf0b0f5279dded6965079829f65c56{\npadding-bottom:10px;\n}\nbody .av-special-heading.av-lik6r64f-edcf0b0f5279dded6965079829f65c56 .av-special-heading-tag .heading-char{\nfont-size:25px;\n}\n.av-special-heading.av-lik6r64f-edcf0b0f5279dded6965079829f65c56 .av-subheading{\nfont-size:15px;\n}\n<\/style>\n<div  id=\"investor-visa\"  class='av-special-heading av-lik6r64f-edcf0b0f5279dded6965079829f65c56 av-special-heading-h2  avia-builder-el-7  el_after_av_textblock  el_before_av_textblock  av-linked-heading'><h2 class='av-special-heading-tag '  itemprop=\"headline\"  >Plus d\u2019information?<\/h2><div class=\"special-heading-border\"><div class=\"special-heading-inner-border\"><\/div><\/div><\/div>\n<section  class='av_textblock_section av-lijztwby-b57c6d5f3ac0f7a9344c4ec445be9fc2 '   itemscope=\"itemscope\" itemtype=\"https:\/\/schema.org\/CreativeWork\" ><div class='avia_textblock'  itemprop=\"text\" ><div data-getsitecontrol-inline=\"350356\"><\/div>\n<\/div><\/section>\n","protected":false},"excerpt":{"rendered":"","protected":false},"author":3,"featured_media":0,"parent":15316,"menu_order":2,"comment_status":"closed","ping_status":"closed","template":"","meta":{"inline_featured_image":false,"footnotes":""},"class_list":["post-15288","page","type-page","status-publish","hentry"],"yoast_head":"<!-- This site is optimized with the Yoast SEO plugin v26.9 - https:\/\/yoast.com\/product\/yoast-seo-wordpress\/ -->\n<title>Visa de r\u00e9sidence pour un freelancer \u00e0 Dubai<\/title>\n<meta name=\"description\" content=\"Obtenez un visa de r\u00e9sidence en tant que freelancer \u00e0 Dubai\" \/>\n<meta name=\"robots\" content=\"index, follow, max-snippet:-1, max-image-preview:large, max-video-preview:-1\" \/>\n<link rel=\"canonical\" href=\"https:\/\/merritt.ae\/fr\/residence\/visas\/visa-residence-freelancer-dubai\/\" \/>\n<meta property=\"og:locale\" content=\"fr_FR\" \/>\n<meta property=\"og:type\" content=\"article\" \/>\n<meta property=\"og:title\" content=\"Visa de r\u00e9sidence pour un freelancer \u00e0 Dubai\" \/>\n<meta property=\"og:description\" content=\"Obtenez un visa de r\u00e9sidence en tant que freelancer \u00e0 Dubai\" \/>\n<meta property=\"og:url\" content=\"https:\/\/merritt.ae\/fr\/residence\/visas\/visa-residence-freelancer-dubai\/\" \/>\n<meta property=\"og:site_name\" content=\"merritt.ae\" \/>\n<meta property=\"article:modified_time\" content=\"2023-06-06T11:47:13+00:00\" \/>\n<meta property=\"og:image\" content=\"https:\/\/merritt.ae\/wp-content\/uploads\/2021\/11\/ME-new-featured.jpg\" \/>\n\t<meta property=\"og:image:width\" content=\"1200\" \/>\n\t<meta property=\"og:image:height\" content=\"630\" \/>\n\t<meta property=\"og:image:type\" content=\"image\/jpeg\" \/>\n<meta name=\"twitter:card\" content=\"summary_large_image\" \/>\n<meta name=\"twitter:label1\" content=\"Dur\u00e9e de lecture estim\u00e9e\" \/>\n\t<meta name=\"twitter:data1\" content=\"4 minutes\" \/>\n<script type=\"application\/ld+json\" class=\"yoast-schema-graph\">{\"@context\":\"https:\/\/schema.org\",\"@graph\":[{\"@type\":\"WebPage\",\"@id\":\"https:\/\/merritt.ae\/fr\/residence\/visas\/visa-residence-freelancer-dubai\/\",\"url\":\"https:\/\/merritt.ae\/fr\/residence\/visas\/visa-residence-freelancer-dubai\/\",\"name\":\"Visa de r\u00e9sidence pour un freelancer \u00e0 Dubai\",\"isPartOf\":{\"@id\":\"https:\/\/merritt.ae\/#website\"},\"datePublished\":\"2023-06-06T09:18:33+00:00\",\"dateModified\":\"2023-06-06T11:47:13+00:00\",\"description\":\"Obtenez un visa de r\u00e9sidence en tant que freelancer \u00e0 Dubai\",\"breadcrumb\":{\"@id\":\"https:\/\/merritt.ae\/fr\/residence\/visas\/visa-residence-freelancer-dubai\/#breadcrumb\"},\"inLanguage\":\"fr-FR\",\"potentialAction\":[{\"@type\":\"ReadAction\",\"target\":[\"https:\/\/merritt.ae\/fr\/residence\/visas\/visa-residence-freelancer-dubai\/\"]}]},{\"@type\":\"BreadcrumbList\",\"@id\":\"https:\/\/merritt.ae\/fr\/residence\/visas\/visa-residence-freelancer-dubai\/#breadcrumb\",\"itemListElement\":[{\"@type\":\"ListItem\",\"position\":1,\"name\":\"Home\",\"item\":\"https:\/\/merritt.ae\/fr\/accueil\/\"},{\"@type\":\"ListItem\",\"position\":2,\"name\":\"R\u00e9sidence \u00e0 Dubai\",\"item\":\"https:\/\/merritt.ae\/fr\/residence\/\"},{\"@type\":\"ListItem\",\"position\":3,\"name\":\"Les diff\u00e9rents types de visas de r\u00e9sidence \u00e0 Dubai\",\"item\":\"https:\/\/merritt.ae\/fr\/residence\/visas\/\"},{\"@type\":\"ListItem\",\"position\":4,\"name\":\"Visa de r\u00e9sidence pour un freelancer \u00e0 Dubai\"}]},{\"@type\":\"WebSite\",\"@id\":\"https:\/\/merritt.ae\/#website\",\"url\":\"https:\/\/merritt.ae\/\",\"name\":\"merritt.ae\",\"description\":\"\",\"publisher\":{\"@id\":\"https:\/\/merritt.ae\/#organization\"},\"potentialAction\":[{\"@type\":\"SearchAction\",\"target\":{\"@type\":\"EntryPoint\",\"urlTemplate\":\"https:\/\/merritt.ae\/?s={search_term_string}\"},\"query-input\":{\"@type\":\"PropertyValueSpecification\",\"valueRequired\":true,\"valueName\":\"search_term_string\"}}],\"inLanguage\":\"fr-FR\"},{\"@type\":\"Organization\",\"@id\":\"https:\/\/merritt.ae\/#organization\",\"name\":\"merritt.ae\",\"url\":\"https:\/\/merritt.ae\/\",\"logo\":{\"@type\":\"ImageObject\",\"inLanguage\":\"fr-FR\",\"@id\":\"https:\/\/merritt.ae\/#\/schema\/logo\/image\/\",\"url\":\"https:\/\/merritt.ae\/wp-content\/uploads\/2021\/11\/ME-new-featured.jpg\",\"contentUrl\":\"https:\/\/merritt.ae\/wp-content\/uploads\/2021\/11\/ME-new-featured.jpg\",\"width\":1200,\"height\":630,\"caption\":\"merritt.ae\"},\"image\":{\"@id\":\"https:\/\/merritt.ae\/#\/schema\/logo\/image\/\"}}]}<\/script>\n<!-- \/ Yoast SEO plugin. -->","yoast_head_json":{"title":"Visa de r\u00e9sidence pour un freelancer \u00e0 Dubai","description":"Obtenez un visa de r\u00e9sidence en tant que freelancer \u00e0 Dubai","robots":{"index":"index","follow":"follow","max-snippet":"max-snippet:-1","max-image-preview":"max-image-preview:large","max-video-preview":"max-video-preview:-1"},"canonical":"https:\/\/merritt.ae\/fr\/residence\/visas\/visa-residence-freelancer-dubai\/","og_locale":"fr_FR","og_type":"article","og_title":"Visa de r\u00e9sidence pour un freelancer \u00e0 Dubai","og_description":"Obtenez un visa de r\u00e9sidence en tant que freelancer \u00e0 Dubai","og_url":"https:\/\/merritt.ae\/fr\/residence\/visas\/visa-residence-freelancer-dubai\/","og_site_name":"merritt.ae","article_modified_time":"2023-06-06T11:47:13+00:00","og_image":[{"width":1200,"height":630,"url":"https:\/\/merritt.ae\/wp-content\/uploads\/2021\/11\/ME-new-featured.jpg","type":"image\/jpeg"}],"twitter_card":"summary_large_image","twitter_misc":{"Dur\u00e9e de lecture estim\u00e9e":"4 minutes"},"schema":{"@context":"https:\/\/schema.org","@graph":[{"@type":"WebPage","@id":"https:\/\/merritt.ae\/fr\/residence\/visas\/visa-residence-freelancer-dubai\/","url":"https:\/\/merritt.ae\/fr\/residence\/visas\/visa-residence-freelancer-dubai\/","name":"Visa de r\u00e9sidence pour un freelancer \u00e0 Dubai","isPartOf":{"@id":"https:\/\/merritt.ae\/#website"},"datePublished":"2023-06-06T09:18:33+00:00","dateModified":"2023-06-06T11:47:13+00:00","description":"Obtenez un visa de r\u00e9sidence en tant que freelancer \u00e0 Dubai","breadcrumb":{"@id":"https:\/\/merritt.ae\/fr\/residence\/visas\/visa-residence-freelancer-dubai\/#breadcrumb"},"inLanguage":"fr-FR","potentialAction":[{"@type":"ReadAction","target":["https:\/\/merritt.ae\/fr\/residence\/visas\/visa-residence-freelancer-dubai\/"]}]},{"@type":"BreadcrumbList","@id":"https:\/\/merritt.ae\/fr\/residence\/visas\/visa-residence-freelancer-dubai\/#breadcrumb","itemListElement":[{"@type":"ListItem","position":1,"name":"Home","item":"https:\/\/merritt.ae\/fr\/accueil\/"},{"@type":"ListItem","position":2,"name":"R\u00e9sidence \u00e0 Dubai","item":"https:\/\/merritt.ae\/fr\/residence\/"},{"@type":"ListItem","position":3,"name":"Les diff\u00e9rents types de visas de r\u00e9sidence \u00e0 Dubai","item":"https:\/\/merritt.ae\/fr\/residence\/visas\/"},{"@type":"ListItem","position":4,"name":"Visa de r\u00e9sidence pour un freelancer \u00e0 Dubai"}]},{"@type":"WebSite","@id":"https:\/\/merritt.ae\/#website","url":"https:\/\/merritt.ae\/","name":"merritt.ae","description":"","publisher":{"@id":"https:\/\/merritt.ae\/#organization"},"potentialAction":[{"@type":"SearchAction","target":{"@type":"EntryPoint","urlTemplate":"https:\/\/merritt.ae\/?s={search_term_string}"},"query-input":{"@type":"PropertyValueSpecification","valueRequired":true,"valueName":"search_term_string"}}],"inLanguage":"fr-FR"},{"@type":"Organization","@id":"https:\/\/merritt.ae\/#organization","name":"merritt.ae","url":"https:\/\/merritt.ae\/","logo":{"@type":"ImageObject","inLanguage":"fr-FR","@id":"https:\/\/merritt.ae\/#\/schema\/logo\/image\/","url":"https:\/\/merritt.ae\/wp-content\/uploads\/2021\/11\/ME-new-featured.jpg","contentUrl":"https:\/\/merritt.ae\/wp-content\/uploads\/2021\/11\/ME-new-featured.jpg","width":1200,"height":630,"caption":"merritt.ae"},"image":{"@id":"https:\/\/merritt.ae\/#\/schema\/logo\/image\/"}}]}},"_links":{"self":[{"href":"https:\/\/merritt.ae\/fr\/wp-json\/wp\/v2\/pages\/15288","targetHints":{"allow":["GET"]}}],"collection":[{"href":"https:\/\/merritt.ae\/fr\/wp-json\/wp\/v2\/pages"}],"about":[{"href":"https:\/\/merritt.ae\/fr\/wp-json\/wp\/v2\/types\/page"}],"author":[{"embeddable":true,"href":"https:\/\/merritt.ae\/fr\/wp-json\/wp\/v2\/users\/3"}],"replies":[{"embeddable":true,"href":"https:\/\/merritt.ae\/fr\/wp-json\/wp\/v2\/comments?post=15288"}],"version-history":[{"count":6,"href":"https:\/\/merritt.ae\/fr\/wp-json\/wp\/v2\/pages\/15288\/revisions"}],"predecessor-version":[{"id":17987,"href":"https:\/\/merritt.ae\/fr\/wp-json\/wp\/v2\/pages\/15288\/revisions\/17987"}],"up":[{"embeddable":true,"href":"https:\/\/merritt.ae\/fr\/wp-json\/wp\/v2\/pages\/15316"}],"wp:attachment":[{"href":"https:\/\/merritt.ae\/fr\/wp-json\/wp\/v2\/media?parent=15288"}],"curies":[{"name":"wp","href":"https:\/\/api.w.org\/{rel}","templated":true}]}}