{"id":15002,"date":"2023-03-17T11:40:29","date_gmt":"2023-03-17T07:40:29","guid":{"rendered":"https:\/\/merritt.ae\/?page_id=15002"},"modified":"2023-03-17T11:41:37","modified_gmt":"2023-03-17T07:41:37","slug":"accompagnement-visa-residence-dubai","status":"publish","type":"page","link":"https:\/\/merritt.ae\/fr\/residence\/accompagnement-visa-residence-dubai\/","title":{"rendered":"Notre accompagnement concernant le visa de r\u00e9sidence \u00e0 Dubai"},"content":{"rendered":"<div id='full_slider_1'  class='avia-fullwidth-slider main_color avia-shadow   avia-builder-el-0  el_before_av_heading  avia-builder-el-first   container_wrap sidebar_right'  >\n<style type=\"text\/css\" data-created_by=\"avia_inline_auto\" id=\"style-css-av-3htfok-b62a75c90e20b007d7cfbb30b7fed260\">\n#top #wrap_all .avia-slideshow .av-slideshow-caption.av-3htfok-b62a75c90e20b007d7cfbb30b7fed260__0 .avia-caption-title{\ncolor:#ffffff;\n}\n#top .avia-slideshow .av-slideshow-caption.av-3htfok-b62a75c90e20b007d7cfbb30b7fed260__0 .avia-caption-content{\ncolor:#ffffff;\n}\n<\/style>\n<div  class='avia-slideshow av-3htfok-b62a75c90e20b007d7cfbb30b7fed260 avia-slideshow-featured av_slideshow_full avia-slide-slider av-slideshow-ui av-control-default av-slideshow-manual av-loop-once av-loop-manual-endless av-default-height-applied   avia-slideshow-1' data-slideshow-options=\"{&quot;animation&quot;:&quot;slide&quot;,&quot;autoplay&quot;:false,&quot;loop_autoplay&quot;:&quot;once&quot;,&quot;interval&quot;:5,&quot;loop_manual&quot;:&quot;manual-endless&quot;,&quot;autoplay_stopper&quot;:false,&quot;noNavigation&quot;:false,&quot;bg_slider&quot;:false,&quot;keep_padding&quot;:false,&quot;hoverpause&quot;:false,&quot;show_slide_delay&quot;:0}\"  itemprop=\"image\" itemscope=\"itemscope\" itemtype=\"https:\/\/schema.org\/ImageObject\" ><ul class='avia-slideshow-inner ' style='padding-bottom: 28.666666666667%;'><li  class='avia-slideshow-slide av-3htfok-b62a75c90e20b007d7cfbb30b7fed260__0  av-single-slide slide-1 slide-odd'><div data-rel='slideshow-1' class='avia-slide-wrap '   ><div class='av-slideshow-caption av-3htfok-b62a75c90e20b007d7cfbb30b7fed260__0 caption_fullwidth caption_center caption_center_framed caption_framed'><div class=\"container caption_container\"><div class=\"slideshow_caption\"><div class=\"slideshow_inner_caption\"><div class=\"slideshow_align_caption\"><h2 class='avia-caption-title '  itemprop=\"name\" >Notre accompagnement concernant le visa de r\u00e9sidence \u00e0 Dubai<\/h2><\/div><\/div><\/div><\/div><\/div><img decoding=\"async\" fetchpriority=\"high\" class=\"wp-image-5696 avia-img-lazy-loading-not-5696\"  src=\"https:\/\/merritt.ae\/wp-content\/uploads\/2019\/12\/iStock_000079988733_Large-1500x430.jpg\" width=\"1500\" height=\"430\" title='iStock_000079988733_Large' alt=''  itemprop=\"thumbnailUrl\"   \/><\/div><\/li><\/ul><\/div><\/div><div id='after_full_slider_1'  class='main_color av_default_container_wrap container_wrap sidebar_right'  ><div class='container av-section-cont-open' ><div class='template-page content  av-content-small alpha units'><div class='post-entry post-entry-type-page post-entry-15002'><div class='entry-content-wrapper clearfix'>\n\n<style type=\"text\/css\" data-created_by=\"avia_inline_auto\" id=\"style-css-av-l1m7jko1-2f1c3ea6277d51b26b55015aff924c85\">\n#top .av-special-heading.av-l1m7jko1-2f1c3ea6277d51b26b55015aff924c85{\npadding-bottom:10px;\n}\nbody .av-special-heading.av-l1m7jko1-2f1c3ea6277d51b26b55015aff924c85 .av-special-heading-tag .heading-char{\nfont-size:25px;\n}\n.av-special-heading.av-l1m7jko1-2f1c3ea6277d51b26b55015aff924c85 .av-subheading{\nfont-size:15px;\n}\n<\/style>\n<div  class='av-special-heading av-l1m7jko1-2f1c3ea6277d51b26b55015aff924c85 av-special-heading-h2  avia-builder-el-1  el_after_av_slideshow_full  el_before_av_textblock  avia-builder-el-first  av-linked-heading'><h2 class='av-special-heading-tag '  itemprop=\"headline\"  >La r\u00e9sidence \u00e0 Dubai?<\/h2><div class=\"special-heading-border\"><div class=\"special-heading-inner-border\"><\/div><\/div><\/div>\n<section  class='av_textblock_section av-k4497i1s-93780aa74ce6ccd36b1d3a916d9859ab '   itemscope=\"itemscope\" itemtype=\"https:\/\/schema.org\/CreativeWork\" ><div class='avia_textblock'  itemprop=\"text\" ><p>Quand on parle de \u00ab\u00a0r\u00e9sidence aux Emirats\u00a0\u00bb, ceci consiste \u00e0 obtenir les quatre \u00e9l\u00e9ments suivants:<br \/>\n&#8211; Visa de r\u00e9sidence (Investor\/Working\/Family Visa)<br \/>\n&#8211; Carte d\u2019identit\u00e9 (EmiratesID)<br \/>\n&#8211; Permis de conduire des Emirats (Driving License)<br \/>\n&#8211; Compte bancaire personnel aux Emirats<\/p>\n<p>Il est \u00e0 noter qu\u2019un Visa\/EmiratesID sont d\u00e9sormais requis pour ouvrir un compte bancaire professionnel et personnel dans une banque aux Emirats. Ils permettent aussi de louer un logement, acheter\/louer une voiture, etc.<\/p>\n<p>Il faut diff\u00e9rencier le visa de r\u00e9sidence de la r\u00e9sidence fiscale:<br \/>\n&#8211; Concernant le visa de r\u00e9sidence, si vous \u00eates entre 2 voyages hors de Dubai plus de 183 jours (pour un salari\u00e9) ou plus de 364 jours (pour un associ\u00e9), vous perdrez automatiquement ce visa.<br \/>\n&#8211; Concernant la r\u00e9sidence fiscale, attention \u00e0 ne pas devenir r\u00e9sident fiscal d&#8217;un autre pays que les Emirats parce que vous r\u00e9pondriez aux crit\u00e8res internes de ce pays .<\/p>\n<p><strong>Nos honoraires pour un accompagnement complet sont de AED 2000 (pour un salari\u00e9, un \u00e9poux\/\u00e9pouse\/enfant) et de AED 4000 (pour un associ\u00e9).<\/strong><\/p>\n<\/div><\/section>\n\n<style type=\"text\/css\" data-created_by=\"avia_inline_auto\" id=\"style-css-av-lfc89l9y-2a9e8415dd1f5d08a40621c6a2b2d824\">\n#top .av-special-heading.av-lfc89l9y-2a9e8415dd1f5d08a40621c6a2b2d824{\npadding-bottom:10px;\n}\nbody .av-special-heading.av-lfc89l9y-2a9e8415dd1f5d08a40621c6a2b2d824 .av-special-heading-tag .heading-char{\nfont-size:25px;\n}\n.av-special-heading.av-lfc89l9y-2a9e8415dd1f5d08a40621c6a2b2d824 .av-subheading{\nfont-size:15px;\n}\n<\/style>\n<div  class='av-special-heading av-lfc89l9y-2a9e8415dd1f5d08a40621c6a2b2d824 av-special-heading-h2  avia-builder-el-3  el_after_av_textblock  el_before_av_textblock  av-linked-heading'><h2 class='av-special-heading-tag '  itemprop=\"headline\"  >Des points \u00e0 noter en lien avec une r\u00e9sidence \u00e0 Dubai<\/h2><div class=\"special-heading-border\"><div class=\"special-heading-inner-border\"><\/div><\/div><\/div>\n<section  class='av_textblock_section av-lfc872ap-699493ee9e821c45cd94845a5d62ddf3 '   itemscope=\"itemscope\" itemtype=\"https:\/\/schema.org\/CreativeWork\" ><div class='avia_textblock'  itemprop=\"text\" ><p>Voici quelques points importants:<br \/>\n&#8211; Si un visa de r\u00e9sidence est demand\u00e9 alors que vous \u00eates pr\u00e9sent(e) aux Emirats avec un visa touristique, il y a un sur-co\u00fbt de AED 1600 pour changer son statut en un visa de r\u00e9sidence.<br \/>\n&#8211; Une assurance m\u00e9dicale locale est requise pour tout visa de r\u00e9sidence (nous pouvons vous conseiller \u00e0 ce sujet).<br \/>\n&#8211; Les visas ci-dessous sont automatiquement annul\u00e9s si son porteur passent plus de 6 mois cons\u00e9cutifs en dehors des Emirats. Pour un investor visa, cette dur\u00e9e cons\u00e9cutives en dehors du territoire est de 12 mois.<br \/>\n&#8211; Exchange Driving License: pour AED 1055, il est possible d\u2019\u00e9changer un permis de conduire \u00e9tranger avec un permis des Emirats (voir liste des pays disponibles en page suivante). Ce montant est \u00e0 payer directement sur place (nous vous assistons gratuitement pour cet \u00e9change). A noter: pour certains pays (France, Belgique, etc.), le permis initial vous est rendu avec le nouveau permis des Emirats.<\/p>\n<p>Pour un visa Famille (\u00e9poux, \u00e9pouse, enfants), il est requis que la personne qui va les sponsoriser ait d\u00e9j\u00e0 obtenu son Investor visa avant de pouvoir demander leur visa. Ce type de visa n\u2019est donc pas li\u00e9 \u00e0 la taille du bureau (partag\u00e9 ou priv\u00e9) de la soci\u00e9t\u00e9.<\/p>\n<p>Il est possible d\u2019obtenir un permis de conduire des Emirats sans repasser d\u2019examens locaux (code et conduite) si vous avez un permis d\u2019un des pays suivants: Australie, Autriche, Bahre\u00efn, Belgique, Canada, Chypre, R\u00e9publique Tch\u00e8que, Danemark, Finlande, France, Allemagne, Gr\u00e8ce, Islande, Irlande, Italie, Japon, Cor\u00e9e du Sud, Kowe\u00eft, Luxembourg, Pays-Bas, Nouvelle-Z\u00e9lande, Norv\u00e8ge, Oman, Pologne, Portugal, Qatar, Arabie Saoudite, Singapour, Slovaquie, Afrique du Sud, Espagne, Su\u00e8de, Suisse, Turquie, Royaume-Uni, \u00c9tats-Unis.<\/p>\n<\/div><\/section>\n","protected":false},"excerpt":{"rendered":"","protected":false},"author":3,"featured_media":0,"parent":11127,"menu_order":2,"comment_status":"closed","ping_status":"closed","template":"","meta":{"inline_featured_image":false,"footnotes":""},"class_list":["post-15002","page","type-page","status-publish","hentry"],"yoast_head":"<!-- This site is optimized with the Yoast SEO plugin v26.9 - https:\/\/yoast.com\/product\/yoast-seo-wordpress\/ -->\n<title>Notre accompagnement concernant le visa de r\u00e9sidence \u00e0 Dubai<\/title>\n<meta name=\"description\" content=\"Investor visa, Golden Visa, Working Visane etc. \u00e0 Dubai: nous vous assistons pour son obtention ainsi que pour l&#039;EmiratesID, permis de conduire, etc.\" \/>\n<meta name=\"robots\" content=\"index, follow, max-snippet:-1, max-image-preview:large, max-video-preview:-1\" \/>\n<link rel=\"canonical\" href=\"https:\/\/merritt.ae\/fr\/residence\/accompagnement-visa-residence-dubai\/\" \/>\n<meta property=\"og:locale\" content=\"fr_FR\" \/>\n<meta property=\"og:type\" content=\"article\" \/>\n<meta property=\"og:title\" content=\"Notre accompagnement concernant le visa de r\u00e9sidence \u00e0 Dubai\" \/>\n<meta property=\"og:description\" content=\"Investor visa, Golden Visa, Working Visane etc. \u00e0 Dubai: nous vous assistons pour son obtention ainsi que pour l&#039;EmiratesID, permis de conduire, etc.\" \/>\n<meta property=\"og:url\" content=\"https:\/\/merritt.ae\/fr\/residence\/accompagnement-visa-residence-dubai\/\" \/>\n<meta property=\"og:site_name\" content=\"merritt.ae\" \/>\n<meta property=\"article:modified_time\" content=\"2023-03-17T07:41:37+00:00\" \/>\n<meta property=\"og:image\" content=\"https:\/\/merritt.ae\/wp-content\/uploads\/2021\/11\/ME-new-featured.jpg\" \/>\n\t<meta property=\"og:image:width\" content=\"1200\" \/>\n\t<meta property=\"og:image:height\" content=\"630\" \/>\n\t<meta property=\"og:image:type\" content=\"image\/jpeg\" \/>\n<meta name=\"twitter:card\" content=\"summary_large_image\" \/>\n<meta name=\"twitter:label1\" content=\"Dur\u00e9e de lecture estim\u00e9e\" \/>\n\t<meta name=\"twitter:data1\" content=\"4 minutes\" \/>\n<script type=\"application\/ld+json\" class=\"yoast-schema-graph\">{\"@context\":\"https:\/\/schema.org\",\"@graph\":[{\"@type\":\"WebPage\",\"@id\":\"https:\/\/merritt.ae\/fr\/residence\/accompagnement-visa-residence-dubai\/\",\"url\":\"https:\/\/merritt.ae\/fr\/residence\/accompagnement-visa-residence-dubai\/\",\"name\":\"Notre accompagnement concernant le visa de r\u00e9sidence \u00e0 Dubai\",\"isPartOf\":{\"@id\":\"https:\/\/merritt.ae\/#website\"},\"datePublished\":\"2023-03-17T07:40:29+00:00\",\"dateModified\":\"2023-03-17T07:41:37+00:00\",\"description\":\"Investor visa, Golden Visa, Working Visane etc. \u00e0 Dubai: nous vous assistons pour son obtention ainsi que pour l'EmiratesID, permis de conduire, etc.\",\"breadcrumb\":{\"@id\":\"https:\/\/merritt.ae\/fr\/residence\/accompagnement-visa-residence-dubai\/#breadcrumb\"},\"inLanguage\":\"fr-FR\",\"potentialAction\":[{\"@type\":\"ReadAction\",\"target\":[\"https:\/\/merritt.ae\/fr\/residence\/accompagnement-visa-residence-dubai\/\"]}]},{\"@type\":\"BreadcrumbList\",\"@id\":\"https:\/\/merritt.ae\/fr\/residence\/accompagnement-visa-residence-dubai\/#breadcrumb\",\"itemListElement\":[{\"@type\":\"ListItem\",\"position\":1,\"name\":\"Home\",\"item\":\"https:\/\/merritt.ae\/fr\/accueil\/\"},{\"@type\":\"ListItem\",\"position\":2,\"name\":\"R\u00e9sidence \u00e0 Dubai\",\"item\":\"https:\/\/merritt.ae\/fr\/residence\/\"},{\"@type\":\"ListItem\",\"position\":3,\"name\":\"Notre accompagnement concernant le visa de r\u00e9sidence \u00e0 Dubai\"}]},{\"@type\":\"WebSite\",\"@id\":\"https:\/\/merritt.ae\/#website\",\"url\":\"https:\/\/merritt.ae\/\",\"name\":\"merritt.ae\",\"description\":\"\",\"publisher\":{\"@id\":\"https:\/\/merritt.ae\/#organization\"},\"potentialAction\":[{\"@type\":\"SearchAction\",\"target\":{\"@type\":\"EntryPoint\",\"urlTemplate\":\"https:\/\/merritt.ae\/?s={search_term_string}\"},\"query-input\":{\"@type\":\"PropertyValueSpecification\",\"valueRequired\":true,\"valueName\":\"search_term_string\"}}],\"inLanguage\":\"fr-FR\"},{\"@type\":\"Organization\",\"@id\":\"https:\/\/merritt.ae\/#organization\",\"name\":\"merritt.ae\",\"url\":\"https:\/\/merritt.ae\/\",\"logo\":{\"@type\":\"ImageObject\",\"inLanguage\":\"fr-FR\",\"@id\":\"https:\/\/merritt.ae\/#\/schema\/logo\/image\/\",\"url\":\"https:\/\/merritt.ae\/wp-content\/uploads\/2021\/11\/ME-new-featured.jpg\",\"contentUrl\":\"https:\/\/merritt.ae\/wp-content\/uploads\/2021\/11\/ME-new-featured.jpg\",\"width\":1200,\"height\":630,\"caption\":\"merritt.ae\"},\"image\":{\"@id\":\"https:\/\/merritt.ae\/#\/schema\/logo\/image\/\"}}]}<\/script>\n<!-- \/ Yoast SEO plugin. -->","yoast_head_json":{"title":"Notre accompagnement concernant le visa de r\u00e9sidence \u00e0 Dubai","description":"Investor visa, Golden Visa, Working Visane etc. \u00e0 Dubai: nous vous assistons pour son obtention ainsi que pour l'EmiratesID, permis de conduire, etc.","robots":{"index":"index","follow":"follow","max-snippet":"max-snippet:-1","max-image-preview":"max-image-preview:large","max-video-preview":"max-video-preview:-1"},"canonical":"https:\/\/merritt.ae\/fr\/residence\/accompagnement-visa-residence-dubai\/","og_locale":"fr_FR","og_type":"article","og_title":"Notre accompagnement concernant le visa de r\u00e9sidence \u00e0 Dubai","og_description":"Investor visa, Golden Visa, Working Visane etc. \u00e0 Dubai: nous vous assistons pour son obtention ainsi que pour l'EmiratesID, permis de conduire, etc.","og_url":"https:\/\/merritt.ae\/fr\/residence\/accompagnement-visa-residence-dubai\/","og_site_name":"merritt.ae","article_modified_time":"2023-03-17T07:41:37+00:00","og_image":[{"width":1200,"height":630,"url":"https:\/\/merritt.ae\/wp-content\/uploads\/2021\/11\/ME-new-featured.jpg","type":"image\/jpeg"}],"twitter_card":"summary_large_image","twitter_misc":{"Dur\u00e9e de lecture estim\u00e9e":"4 minutes"},"schema":{"@context":"https:\/\/schema.org","@graph":[{"@type":"WebPage","@id":"https:\/\/merritt.ae\/fr\/residence\/accompagnement-visa-residence-dubai\/","url":"https:\/\/merritt.ae\/fr\/residence\/accompagnement-visa-residence-dubai\/","name":"Notre accompagnement concernant le visa de r\u00e9sidence \u00e0 Dubai","isPartOf":{"@id":"https:\/\/merritt.ae\/#website"},"datePublished":"2023-03-17T07:40:29+00:00","dateModified":"2023-03-17T07:41:37+00:00","description":"Investor visa, Golden Visa, Working Visane etc. \u00e0 Dubai: nous vous assistons pour son obtention ainsi que pour l'EmiratesID, permis de conduire, etc.","breadcrumb":{"@id":"https:\/\/merritt.ae\/fr\/residence\/accompagnement-visa-residence-dubai\/#breadcrumb"},"inLanguage":"fr-FR","potentialAction":[{"@type":"ReadAction","target":["https:\/\/merritt.ae\/fr\/residence\/accompagnement-visa-residence-dubai\/"]}]},{"@type":"BreadcrumbList","@id":"https:\/\/merritt.ae\/fr\/residence\/accompagnement-visa-residence-dubai\/#breadcrumb","itemListElement":[{"@type":"ListItem","position":1,"name":"Home","item":"https:\/\/merritt.ae\/fr\/accueil\/"},{"@type":"ListItem","position":2,"name":"R\u00e9sidence \u00e0 Dubai","item":"https:\/\/merritt.ae\/fr\/residence\/"},{"@type":"ListItem","position":3,"name":"Notre accompagnement concernant le visa de r\u00e9sidence \u00e0 Dubai"}]},{"@type":"WebSite","@id":"https:\/\/merritt.ae\/#website","url":"https:\/\/merritt.ae\/","name":"merritt.ae","description":"","publisher":{"@id":"https:\/\/merritt.ae\/#organization"},"potentialAction":[{"@type":"SearchAction","target":{"@type":"EntryPoint","urlTemplate":"https:\/\/merritt.ae\/?s={search_term_string}"},"query-input":{"@type":"PropertyValueSpecification","valueRequired":true,"valueName":"search_term_string"}}],"inLanguage":"fr-FR"},{"@type":"Organization","@id":"https:\/\/merritt.ae\/#organization","name":"merritt.ae","url":"https:\/\/merritt.ae\/","logo":{"@type":"ImageObject","inLanguage":"fr-FR","@id":"https:\/\/merritt.ae\/#\/schema\/logo\/image\/","url":"https:\/\/merritt.ae\/wp-content\/uploads\/2021\/11\/ME-new-featured.jpg","contentUrl":"https:\/\/merritt.ae\/wp-content\/uploads\/2021\/11\/ME-new-featured.jpg","width":1200,"height":630,"caption":"merritt.ae"},"image":{"@id":"https:\/\/merritt.ae\/#\/schema\/logo\/image\/"}}]}},"_links":{"self":[{"href":"https:\/\/merritt.ae\/fr\/wp-json\/wp\/v2\/pages\/15002","targetHints":{"allow":["GET"]}}],"collection":[{"href":"https:\/\/merritt.ae\/fr\/wp-json\/wp\/v2\/pages"}],"about":[{"href":"https:\/\/merritt.ae\/fr\/wp-json\/wp\/v2\/types\/page"}],"author":[{"embeddable":true,"href":"https:\/\/merritt.ae\/fr\/wp-json\/wp\/v2\/users\/3"}],"replies":[{"embeddable":true,"href":"https:\/\/merritt.ae\/fr\/wp-json\/wp\/v2\/comments?post=15002"}],"version-history":[{"count":3,"href":"https:\/\/merritt.ae\/fr\/wp-json\/wp\/v2\/pages\/15002\/revisions"}],"predecessor-version":[{"id":16513,"href":"https:\/\/merritt.ae\/fr\/wp-json\/wp\/v2\/pages\/15002\/revisions\/16513"}],"up":[{"embeddable":true,"href":"https:\/\/merritt.ae\/fr\/wp-json\/wp\/v2\/pages\/11127"}],"wp:attachment":[{"href":"https:\/\/merritt.ae\/fr\/wp-json\/wp\/v2\/media?parent=15002"}],"curies":[{"name":"wp","href":"https:\/\/api.w.org\/{rel}","templated":true}]}}