{"id":14912,"date":"2023-03-07T11:17:56","date_gmt":"2023-03-07T07:17:56","guid":{"rendered":"https:\/\/merritt.ae\/?page_id=14912"},"modified":"2024-07-16T10:51:41","modified_gmt":"2024-07-16T06:51:41","slug":"location-de-voiture-a-dubai","status":"publish","type":"page","link":"https:\/\/merritt.ae\/fr\/societe\/solutions-metiers\/location-de-voiture-a-dubai\/","title":{"rendered":"Comment cr\u00e9er une entreprise mainland pour la location de v\u00e9hicule aux particuliers \u00e0 Duba\u00ef?"},"content":{"rendered":"<div id='full_slider_1'  class='avia-fullwidth-slider main_color avia-shadow   avia-builder-el-0  el_before_av_textblock  avia-builder-el-first   container_wrap sidebar_right'  >\n<style type=\"text\/css\" data-created_by=\"avia_inline_auto\" id=\"style-css-av-2157ty-4f38cf8f4ada2928c77a158bc8f4623d\">\n#top #wrap_all .avia-slideshow .av-slideshow-caption.av-2157ty-4f38cf8f4ada2928c77a158bc8f4623d__0 .avia-caption-title{\ncolor:#ffffff;\n}\n#top .avia-slideshow .av-slideshow-caption.av-2157ty-4f38cf8f4ada2928c77a158bc8f4623d__0 .avia-caption-content{\ncolor:#ffffff;\n}\n<\/style>\n<div  class='avia-slideshow av-2157ty-4f38cf8f4ada2928c77a158bc8f4623d avia-slideshow-featured av_slideshow_full avia-slide-slider av-slideshow-ui av-control-default av-slideshow-manual av-loop-once av-loop-manual-endless av-default-height-applied   avia-slideshow-1' data-slideshow-options=\"{&quot;animation&quot;:&quot;slide&quot;,&quot;autoplay&quot;:false,&quot;loop_autoplay&quot;:&quot;once&quot;,&quot;interval&quot;:5,&quot;loop_manual&quot;:&quot;manual-endless&quot;,&quot;autoplay_stopper&quot;:false,&quot;noNavigation&quot;:false,&quot;bg_slider&quot;:false,&quot;keep_padding&quot;:false,&quot;hoverpause&quot;:false,&quot;show_slide_delay&quot;:0}\"  itemprop=\"image\" itemscope=\"itemscope\" itemtype=\"https:\/\/schema.org\/ImageObject\" ><ul class='avia-slideshow-inner ' style='padding-bottom: 28.666666666667%;'><li  class='avia-slideshow-slide av-2157ty-4f38cf8f4ada2928c77a158bc8f4623d__0  av-single-slide slide-1 slide-odd'><div data-rel='slideshow-1' class='avia-slide-wrap '   ><div class='av-slideshow-caption av-2157ty-4f38cf8f4ada2928c77a158bc8f4623d__0 caption_fullwidth caption_center caption_center_framed caption_framed'><div class=\"container caption_container\"><div class=\"slideshow_caption\"><div class=\"slideshow_inner_caption\"><div class=\"slideshow_align_caption\"><h2 class='avia-caption-title '  itemprop=\"name\" >Comment cr\u00e9er une entreprise mainland pour la location de v\u00e9hicule aux particuliers \u00e0 Duba\u00ef<\/h2><\/div><\/div><\/div><\/div><\/div><img decoding=\"async\" fetchpriority=\"high\" class=\"wp-image-5697 avia-img-lazy-loading-not-5697\"  src=\"https:\/\/merritt.ae\/wp-content\/uploads\/2019\/12\/Marina-1500x430.jpg\" width=\"1500\" height=\"430\" title='Marina' alt=''  itemprop=\"thumbnailUrl\"   \/><\/div><\/li><\/ul><\/div><\/div><div id='after_full_slider_1'  class='main_color av_default_container_wrap container_wrap sidebar_right'  ><div class='container av-section-cont-open' ><div class='template-page content  av-content-small alpha units'><div class='post-entry post-entry-type-page post-entry-14912'><div class='entry-content-wrapper clearfix'>\n<section  class='av_textblock_section av-k4h3lrkf-b4a1e6ee547a89409bb95c064782db58 '   itemscope=\"itemscope\" itemtype=\"https:\/\/schema.org\/CreativeWork\" ><div class='avia_textblock'  itemprop=\"text\" ><p>La location de voiture est un secteur en plein essor aux \u00c9mirats arabes unis, en particulier \u00e0 Duba\u00ef. Avec un march\u00e9 touristique en constante expansion et une population croissante, la demande pour les services de location de voitures est en augmentation constante. Les \u00c9mirats arabes unis offrent un cadre r\u00e9glementaire favorable pour la cr\u00e9ation d&#8217;entreprises, avec des proc\u00e9dures administratives relativement simples. Les soci\u00e9t\u00e9s de location de voitures proposent des v\u00e9hicules de toutes cat\u00e9gories, des \u00e9conomiques aux voitures haut de gamme, pour r\u00e9pondre aux besoins de leurs clients. La location de voitures est devenue une activit\u00e9 lucrative pour les entrepreneurs et les investisseurs qui cherchent \u00e0 d\u00e9velopper leur activit\u00e9 dans cette r\u00e9gion dynamique et en pleine croissance.<\/p>\n<p>Si vous souhaitez cr\u00e9er une soci\u00e9t\u00e9 de location de voitures \u00e0 Dubai, voici les \u00e9tapes \u00e0 suivre :<\/p>\n<h2>1\/ Choisir le bon registre pour cr\u00e9er une entreprise aux \u00e9mirats arabes unis<\/h2>\n<p>Lorsque l&#8217;on envisage de cr\u00e9er une soci\u00e9t\u00e9 de location de voitures \u00e0 Dubai, il est important de choisir le bon registre pour enregistrer sa soci\u00e9t\u00e9. Dubai offre deux options principales : les zones franches (free zones) et le Mainland.<\/p>\n<p>Il est important de consid\u00e9rer les besoins sp\u00e9cifiques de votre entreprise lors de la prise de d\u00e9cision entre une zone franche et la Mainland. Si vous cherchez \u00e0 \u00e9tablir une pr\u00e9sence plus large \u00e0 Dubai et \u00e0 faire des affaires avec des entit\u00e9s gouvernementales, la Mainland peut \u00eatre la meilleure option pour votre entreprise.<\/p>\n<h2>2\/ Choisir un nom pour votre entreprise \u00e0 Duba\u00ef<\/h2>\n<p>Choisir un nom pour son entreprise est une \u00e9tape importante dans la cr\u00e9ation de votre soci\u00e9t\u00e9 \u00e0 Duba\u00ef. Vous devez choisir un nom qui refl\u00e8te votre entreprise et qui soit facile \u00e0 retenir pour vos clients potentiels. Il est \u00e9galement important de v\u00e9rifier que le nom est disponible et qu&#8217;il respecte les r\u00e8gles et r\u00e9glementations de Duba\u00ef. Il est \u00e9galement recommand\u00e9 de v\u00e9rifier si le nom de votre entreprise est disponible comme nom de domaine pour votre site web, car cela peut aider \u00e0 renforcer votre pr\u00e9sence en ligne.<\/p>\n<h2>2\/ R\u00e9server un nom commercial<\/h2>\n<p>L&#8217;\u00e9tape de r\u00e9servation d&#8217;un nom commercial est une \u00e9tape cruciale dans la cr\u00e9ation d&#8217;une entreprise \u00e0 Duba\u00ef. La r\u00e9servation d&#8217;un nom commercial permet de prot\u00e9ger le nom choisi pour votre entreprise avant de finaliser l&#8217;enregistrement de votre entreprise. Cela vous permet \u00e9galement d&#8217;assurer que personne d&#8217;autre n&#8217;utilisera le m\u00eame nom que vous. La r\u00e9servation d&#8217;un nom commercial peut se faire aupr\u00e8s du d\u00e9partement de l&#8217;\u00e9conomie de Duba\u00ef ou aupr\u00e8s d&#8217;un prestataire de services de cr\u00e9ation de soci\u00e9t\u00e9. Il est important de noter que la r\u00e9servation d&#8217;un nom commercial est diff\u00e9rente de l&#8217;enregistrement de l&#8217;entreprise, et que la r\u00e9servation ne garantit pas que le nom sera approuv\u00e9 lors de l&#8217;enregistrement de l&#8217;entreprise.<\/p>\n<h2>3\/ Trouver un local commercial<\/h2>\n<p>Vous devez trouver un local commercial pour votre entreprise. Les zones principales pour la cr\u00e9ation de soci\u00e9t\u00e9s sont le mainland et la free zone. Dans notre cas, nous nous int\u00e9resserons \u00e0 la cr\u00e9ation en Mainland.<br \/>\nSi vous souhaitez cr\u00e9er votre entreprise sur le mainland, vous devrez trouver un local commercial appropri\u00e9. Il faudra prendre des locaux physiques &#8211; \u00e0 la fois un bureau et un &#8220;parking&#8221; ou un garage pour vos v\u00e9hicules.<\/p>\n<h2>4\/ Obtenir une licence commerciale<\/h2>\n<p>Pour cr\u00e9er une entreprise de location de voitures, vous aurez besoin d&#8217;une licence commerciale appropri\u00e9e. Vous devrez contacter le d\u00e9partement de D\u00e9veloppement Economique de Dubai (DED) pour obtenir la licence n\u00e9cessaire. Dans notre cas, vous devrez obtenir une licence commerciale de services professionnels. L&#8217;activit\u00e9 officielle du DED est <strong>&#8220;location de voitures et transport de passagers&#8221;<\/strong> (car rent and passenger transport &#8211; <a href=\"https:\/\/eservices.dubaided.gov.ae\/\">code 771001<\/a>). Vous \u00eates autoris\u00e9 \u00e0 louer des voitures sans chauffeur pour de courtes dur\u00e9es dans le cadre de cette activit\u00e9.<\/p>\n<h2>5\/ Obtenir un permis de location de voitures<\/h2>\n<p>Vous devrez \u00e9galement demander un certificat de non-objection (NOC) pour demander une nouvelle licence commerciale relative au secteur du transport commercial (nouvelle entreprise\/succursale\/compteur) aupr\u00e8s de la <a href=\"https:\/\/www.rta.ae\/wps\/portal\/rta\/ae\/home\/rta-services\/service-details?serviceId=3704239\">Roads and Transport Authority<\/a> de Dubai plus connue sous le sigle RTA. Cette autorisation est d\u00e9livr\u00e9e sous forme de permis de location de voitures et elle est requise pour exploiter une entreprise de location de voitures dans la ville.<br \/>\nRTA est l&#8217;agence gouvernementale responsable de la r\u00e9glementation des services de transport \u00e0 Duba\u00ef. Si vous souhaitez d\u00e9marrer une entreprise de location de voitures \u00e0 Duba\u00ef, voici les principales conditions que vous devez remplir pour obtenir l&#8217;approbation de RTA :<br \/>\n&#8211; <strong>Obtenir une licence commerciale<\/strong>;<br \/>\n&#8211; <strong>Avoir une flotte de voitures approuv\u00e9e<\/strong> : les voitures doivent \u00eatre en bon \u00e9tat et r\u00e9pondre aux normes de s\u00e9curit\u00e9 \u00e9tablies par RTA. La date d&#8217;enregistrement des v\u00e9hicules doit \u00eatre de la m\u00eame ann\u00e9e ou ne doit pas d\u00e9passer 24 mois \u00e0 partir de la date de la demande d&#8217;enregistrement. Vous devez \u00e9galement fournir au moins 10 v\u00e9hicules la premi\u00e8re ann\u00e9e avec des places de stationnement attribu\u00e9es. Tous les v\u00e9hicules disponibles \u00e0 la location doivent \u00e9galement \u00eatre assur\u00e9s.<br \/>\n&#8211; <strong>Emplacement commercial<\/strong>: Vous devez avoir un emplacement commercial pour votre entreprise de location de voitures, qui doit \u00eatre conforme aux exigences de RTA en mati\u00e8re de s\u00e9curit\u00e9 et d&#8217;accessibilit\u00e9;<br \/>\n&#8211; <strong>Assurance<\/strong>: Vous devez souscrire une assurance tous risques pour votre flotte de voitures et obtenir une preuve d&#8217;assurance avant de pouvoir commencer \u00e0 louer des voitures;<br \/>\n&#8211; <strong>Respect des tarifs<\/strong>: Vous devez respecter les tarifs \u00e9tablis par RTA pour la location de voitures \u00e0 Duba\u00ef;<br \/>\n&#8211; <strong>Enregistrement aupr\u00e8s de RTA<\/strong>: Vous devez vous enregistrer aupr\u00e8s de RTA en tant qu&#8217;entreprise de location de voitures et respecter toutes les r\u00e8gles et r\u00e9glementations \u00e9tablies par l&#8217;agence.<\/p>\n<p>Le co\u00fbt de cette demande est de:<br \/>\n&#8211; <strong>AED 1 000 :<\/strong> pour l&#8217;obtention de la NOC;<br \/>\n&#8211; <strong>AED 2 000 :<\/strong> frais de formation sur le syst\u00e8me de s\u00e9curit\u00e9 des soci\u00e9t\u00e9s de location de v\u00e9hicules;<br \/>\n&#8211; <strong>AED 20 : <\/strong>frais de connaissance et d&#8217;innovation;<br \/>\n&#8211; <strong>AED 2000 : <\/strong>nos honoraires.<\/p>\n<p>Les d\u00e9tails de la RTA sur ce fichier.<iframe src=\"\/\/docs.google.com\/viewer?url=https%3A%2F%2Fmerritt.ae%2Fwp-content%2Fuploads%2F2024%2F07%2FCar-Rental-RTA.pdf&hl=en_US&embedded=true\" class=\"gde-frame\" style=\"width:100%; height:500px; border: none;\" scrolling=\"no\"><\/iframe>\n<p class=\"gde-text\"><a href=\"https:\/\/merritt.ae\/wp-content\/uploads\/2024\/07\/Car-Rental-RTA.pdf\" class=\"gde-link\">Download (PDF, 200KB)<\/a><\/p><\/p>\n<h2>6\/ Acheter des voitures pour vos clients<\/h2>\n<p>Vous devrez acheter des voitures pour votre entreprise de location de voitures. Vous pouvez les acheter localement ou les importer d&#8217;un autre pays.<\/p>\n<p>En r\u00e9sum\u00e9, pour cr\u00e9er une soci\u00e9t\u00e9 de location de voitures \u00e0 Dubai, vous devrez choisir un nom pour votre entreprise, trouver un local commercial, obtenir une licence commerciale, enregistrer votre entreprise, obtenir un permis de location de voitures, acheter des voitures et recruter du personnel.<\/p>\n<p>La date de fabrication des v\u00e9hicules doit \u00eatre \u00e9gale \u00e0 la date d&#8217;enregistrement ou ne doit pas exc\u00e9der 24 mois \u00e0 compter de la date d&#8217;enregistrement.<\/p>\n<p>Cependant, certains v\u00e9hicules sont exempts de ces conditions:<\/p>\n<ul>\n<li>Les v\u00e9hicules dont la valeur est sup\u00e9rieur \u00e0 AED 600 000 et la date de fabrication inf\u00e9rieure ou \u00e9gale \u00e0 4 ans. La valeur du v\u00e9hicule doit \u00eatre prouv\u00e9e et document\u00e9e;<\/li>\n<li>Les voitures de collection dont la date de fabrication est sup\u00e9rieure \u00e0 30 ans;<\/li>\n<li>Ainsi que les v\u00e9hicules qui n&#8217;ont jamais \u00e9t\u00e9 utilis\u00e9s.<\/li>\n<\/ul>\n<h2>7\/ F\u00e9licitations, votre licence est \u00e9mise!<\/h2>\n<p>Avec des ann\u00e9es d&#8217;exp\u00e9rience dans la cr\u00e9ation de soci\u00e9t\u00e9 \u00e0 Dubai, nous sommes en mesure de vous offrir des services complets et personnalis\u00e9s pour r\u00e9pondre \u00e0 tous vos besoins de cr\u00e9ation d&#8217;entreprise. Que vous soyez un entrepreneur d\u00e9butant ou un investisseur confirm\u00e9, notre \u00e9quipe poss\u00e8de l&#8217;expertise n\u00e9cessaire pour vous aider \u00e0 r\u00e9ussir.<\/p>\n<p>Notre exp\u00e9rience et notre connaissance du march\u00e9 local nous permettent de vous guider tout au long du processus de cr\u00e9ation d&#8217;entreprise, en vous offrant des conseils judicieux sur les r\u00e9glementations et les lois en vigueur \u00e0 Dubai. Nous travaillons en \u00e9troite collaboration avec nos clients pour comprendre leurs besoins sp\u00e9cifiques et leur fournir des solutions sur mesure qui r\u00e9pondent \u00e0 leurs exigences.<\/p>\n<p>En choisissant Merritt, vous b\u00e9n\u00e9ficierez de notre expertise, de notre savoir-faire et de notre engagement \u00e0 fournir des r\u00e9sultats exceptionnels. Nous sommes l\u00e0 pour vous aider \u00e0 r\u00e9ussir.<\/p>\n<p>Pour plus d&#8217;information, contactez-nous \u00e0 l&#8217;adresse suivante: <a href=\"mailto:support@merritt.ae\">support@merritt.ae<\/a>.<\/p>\n<\/div><\/section>\n<section  class='av_textblock_section av-l1rw9zvg-6e349c67269b28c7f6b691a25b1812b7 '   itemscope=\"itemscope\" itemtype=\"https:\/\/schema.org\/CreativeWork\" ><div class='avia_textblock'  itemprop=\"text\" ><div data-getsitecontrol-inline=\"261729\"><\/div>\n<\/div><\/section>\n","protected":false},"excerpt":{"rendered":"","protected":false},"author":2,"featured_media":0,"parent":5386,"menu_order":14,"comment_status":"closed","ping_status":"closed","template":"","meta":{"inline_featured_image":false,"footnotes":""},"class_list":["post-14912","page","type-page","status-publish","hentry"],"yoast_head":"<!-- This site is optimized with the Yoast SEO plugin v26.9 - https:\/\/yoast.com\/product\/yoast-seo-wordpress\/ -->\n<title>Entreprise \u00e0 Duba\u00ef pour la location de v\u00e9hicule aux particuliers<\/title>\n<meta name=\"description\" content=\"D\u00e9couvrez comment cr\u00e9er son entreprise \u00e0 Duba\u00ef pour la location de voitures \u00e0 Duba\u00ef et offrir un service de qualit\u00e9 aux particuliers.\" \/>\n<meta name=\"robots\" content=\"index, follow, max-snippet:-1, max-image-preview:large, max-video-preview:-1\" \/>\n<link rel=\"canonical\" href=\"https:\/\/merritt.ae\/fr\/societe\/solutions-metiers\/location-de-voiture-a-dubai\/\" \/>\n<meta property=\"og:locale\" content=\"fr_FR\" \/>\n<meta property=\"og:type\" content=\"article\" \/>\n<meta property=\"og:title\" content=\"Entreprise \u00e0 Duba\u00ef pour la location de v\u00e9hicule aux particuliers\" \/>\n<meta property=\"og:description\" content=\"D\u00e9couvrez comment cr\u00e9er son entreprise \u00e0 Duba\u00ef pour la location de voitures \u00e0 Duba\u00ef et offrir un service de qualit\u00e9 aux particuliers.\" \/>\n<meta property=\"og:url\" content=\"https:\/\/merritt.ae\/fr\/societe\/solutions-metiers\/location-de-voiture-a-dubai\/\" \/>\n<meta property=\"og:site_name\" content=\"merritt.ae\" \/>\n<meta property=\"article:modified_time\" content=\"2024-07-16T06:51:41+00:00\" \/>\n<meta property=\"og:image\" content=\"https:\/\/merritt.ae\/wp-content\/uploads\/2021\/11\/ME-new-featured.jpg\" \/>\n\t<meta property=\"og:image:width\" content=\"1200\" \/>\n\t<meta property=\"og:image:height\" content=\"630\" \/>\n\t<meta property=\"og:image:type\" content=\"image\/jpeg\" \/>\n<meta name=\"twitter:card\" content=\"summary_large_image\" \/>\n<meta name=\"twitter:label1\" content=\"Dur\u00e9e de lecture estim\u00e9e\" \/>\n\t<meta name=\"twitter:data1\" content=\"7 minutes\" \/>\n<script type=\"application\/ld+json\" class=\"yoast-schema-graph\">{\"@context\":\"https:\/\/schema.org\",\"@graph\":[{\"@type\":\"WebPage\",\"@id\":\"https:\/\/merritt.ae\/fr\/societe\/solutions-metiers\/location-de-voiture-a-dubai\/\",\"url\":\"https:\/\/merritt.ae\/fr\/societe\/solutions-metiers\/location-de-voiture-a-dubai\/\",\"name\":\"Entreprise \u00e0 Duba\u00ef pour la location de v\u00e9hicule aux particuliers\",\"isPartOf\":{\"@id\":\"https:\/\/merritt.ae\/#website\"},\"datePublished\":\"2023-03-07T07:17:56+00:00\",\"dateModified\":\"2024-07-16T06:51:41+00:00\",\"description\":\"D\u00e9couvrez comment cr\u00e9er son entreprise \u00e0 Duba\u00ef pour la location de voitures \u00e0 Duba\u00ef et offrir un service de qualit\u00e9 aux particuliers.\",\"breadcrumb\":{\"@id\":\"https:\/\/merritt.ae\/fr\/societe\/solutions-metiers\/location-de-voiture-a-dubai\/#breadcrumb\"},\"inLanguage\":\"fr-FR\",\"potentialAction\":[{\"@type\":\"ReadAction\",\"target\":[\"https:\/\/merritt.ae\/fr\/societe\/solutions-metiers\/location-de-voiture-a-dubai\/\"]}]},{\"@type\":\"BreadcrumbList\",\"@id\":\"https:\/\/merritt.ae\/fr\/societe\/solutions-metiers\/location-de-voiture-a-dubai\/#breadcrumb\",\"itemListElement\":[{\"@type\":\"ListItem\",\"position\":1,\"name\":\"Home\",\"item\":\"https:\/\/merritt.ae\/fr\/accueil\/\"},{\"@type\":\"ListItem\",\"position\":2,\"name\":\"Soci\u00e9t\u00e9 \u00e0 Dubai\",\"item\":\"https:\/\/merritt.ae\/fr\/societe\/\"},{\"@type\":\"ListItem\",\"position\":3,\"name\":\"Solutions m\u00e9tiers\",\"item\":\"https:\/\/merritt.ae\/fr\/societe\/solutions-metiers\/\"},{\"@type\":\"ListItem\",\"position\":4,\"name\":\"Comment cr\u00e9er une entreprise mainland pour la location de v\u00e9hicule aux particuliers \u00e0 Duba\u00ef?\"}]},{\"@type\":\"WebSite\",\"@id\":\"https:\/\/merritt.ae\/#website\",\"url\":\"https:\/\/merritt.ae\/\",\"name\":\"merritt.ae\",\"description\":\"\",\"publisher\":{\"@id\":\"https:\/\/merritt.ae\/#organization\"},\"potentialAction\":[{\"@type\":\"SearchAction\",\"target\":{\"@type\":\"EntryPoint\",\"urlTemplate\":\"https:\/\/merritt.ae\/?s={search_term_string}\"},\"query-input\":{\"@type\":\"PropertyValueSpecification\",\"valueRequired\":true,\"valueName\":\"search_term_string\"}}],\"inLanguage\":\"fr-FR\"},{\"@type\":\"Organization\",\"@id\":\"https:\/\/merritt.ae\/#organization\",\"name\":\"merritt.ae\",\"url\":\"https:\/\/merritt.ae\/\",\"logo\":{\"@type\":\"ImageObject\",\"inLanguage\":\"fr-FR\",\"@id\":\"https:\/\/merritt.ae\/#\/schema\/logo\/image\/\",\"url\":\"https:\/\/merritt.ae\/wp-content\/uploads\/2021\/11\/ME-new-featured.jpg\",\"contentUrl\":\"https:\/\/merritt.ae\/wp-content\/uploads\/2021\/11\/ME-new-featured.jpg\",\"width\":1200,\"height\":630,\"caption\":\"merritt.ae\"},\"image\":{\"@id\":\"https:\/\/merritt.ae\/#\/schema\/logo\/image\/\"}}]}<\/script>\n<!-- \/ Yoast SEO plugin. -->","yoast_head_json":{"title":"Entreprise \u00e0 Duba\u00ef pour la location de v\u00e9hicule aux particuliers","description":"D\u00e9couvrez comment cr\u00e9er son entreprise \u00e0 Duba\u00ef pour la location de voitures \u00e0 Duba\u00ef et offrir un service de qualit\u00e9 aux particuliers.","robots":{"index":"index","follow":"follow","max-snippet":"max-snippet:-1","max-image-preview":"max-image-preview:large","max-video-preview":"max-video-preview:-1"},"canonical":"https:\/\/merritt.ae\/fr\/societe\/solutions-metiers\/location-de-voiture-a-dubai\/","og_locale":"fr_FR","og_type":"article","og_title":"Entreprise \u00e0 Duba\u00ef pour la location de v\u00e9hicule aux particuliers","og_description":"D\u00e9couvrez comment cr\u00e9er son entreprise \u00e0 Duba\u00ef pour la location de voitures \u00e0 Duba\u00ef et offrir un service de qualit\u00e9 aux particuliers.","og_url":"https:\/\/merritt.ae\/fr\/societe\/solutions-metiers\/location-de-voiture-a-dubai\/","og_site_name":"merritt.ae","article_modified_time":"2024-07-16T06:51:41+00:00","og_image":[{"width":1200,"height":630,"url":"https:\/\/merritt.ae\/wp-content\/uploads\/2021\/11\/ME-new-featured.jpg","type":"image\/jpeg"}],"twitter_card":"summary_large_image","twitter_misc":{"Dur\u00e9e de lecture estim\u00e9e":"7 minutes"},"schema":{"@context":"https:\/\/schema.org","@graph":[{"@type":"WebPage","@id":"https:\/\/merritt.ae\/fr\/societe\/solutions-metiers\/location-de-voiture-a-dubai\/","url":"https:\/\/merritt.ae\/fr\/societe\/solutions-metiers\/location-de-voiture-a-dubai\/","name":"Entreprise \u00e0 Duba\u00ef pour la location de v\u00e9hicule aux particuliers","isPartOf":{"@id":"https:\/\/merritt.ae\/#website"},"datePublished":"2023-03-07T07:17:56+00:00","dateModified":"2024-07-16T06:51:41+00:00","description":"D\u00e9couvrez comment cr\u00e9er son entreprise \u00e0 Duba\u00ef pour la location de voitures \u00e0 Duba\u00ef et offrir un service de qualit\u00e9 aux particuliers.","breadcrumb":{"@id":"https:\/\/merritt.ae\/fr\/societe\/solutions-metiers\/location-de-voiture-a-dubai\/#breadcrumb"},"inLanguage":"fr-FR","potentialAction":[{"@type":"ReadAction","target":["https:\/\/merritt.ae\/fr\/societe\/solutions-metiers\/location-de-voiture-a-dubai\/"]}]},{"@type":"BreadcrumbList","@id":"https:\/\/merritt.ae\/fr\/societe\/solutions-metiers\/location-de-voiture-a-dubai\/#breadcrumb","itemListElement":[{"@type":"ListItem","position":1,"name":"Home","item":"https:\/\/merritt.ae\/fr\/accueil\/"},{"@type":"ListItem","position":2,"name":"Soci\u00e9t\u00e9 \u00e0 Dubai","item":"https:\/\/merritt.ae\/fr\/societe\/"},{"@type":"ListItem","position":3,"name":"Solutions m\u00e9tiers","item":"https:\/\/merritt.ae\/fr\/societe\/solutions-metiers\/"},{"@type":"ListItem","position":4,"name":"Comment cr\u00e9er une entreprise mainland pour la location de v\u00e9hicule aux particuliers \u00e0 Duba\u00ef?"}]},{"@type":"WebSite","@id":"https:\/\/merritt.ae\/#website","url":"https:\/\/merritt.ae\/","name":"merritt.ae","description":"","publisher":{"@id":"https:\/\/merritt.ae\/#organization"},"potentialAction":[{"@type":"SearchAction","target":{"@type":"EntryPoint","urlTemplate":"https:\/\/merritt.ae\/?s={search_term_string}"},"query-input":{"@type":"PropertyValueSpecification","valueRequired":true,"valueName":"search_term_string"}}],"inLanguage":"fr-FR"},{"@type":"Organization","@id":"https:\/\/merritt.ae\/#organization","name":"merritt.ae","url":"https:\/\/merritt.ae\/","logo":{"@type":"ImageObject","inLanguage":"fr-FR","@id":"https:\/\/merritt.ae\/#\/schema\/logo\/image\/","url":"https:\/\/merritt.ae\/wp-content\/uploads\/2021\/11\/ME-new-featured.jpg","contentUrl":"https:\/\/merritt.ae\/wp-content\/uploads\/2021\/11\/ME-new-featured.jpg","width":1200,"height":630,"caption":"merritt.ae"},"image":{"@id":"https:\/\/merritt.ae\/#\/schema\/logo\/image\/"}}]}},"_links":{"self":[{"href":"https:\/\/merritt.ae\/fr\/wp-json\/wp\/v2\/pages\/14912","targetHints":{"allow":["GET"]}}],"collection":[{"href":"https:\/\/merritt.ae\/fr\/wp-json\/wp\/v2\/pages"}],"about":[{"href":"https:\/\/merritt.ae\/fr\/wp-json\/wp\/v2\/types\/page"}],"author":[{"embeddable":true,"href":"https:\/\/merritt.ae\/fr\/wp-json\/wp\/v2\/users\/2"}],"replies":[{"embeddable":true,"href":"https:\/\/merritt.ae\/fr\/wp-json\/wp\/v2\/comments?post=14912"}],"version-history":[{"count":7,"href":"https:\/\/merritt.ae\/fr\/wp-json\/wp\/v2\/pages\/14912\/revisions"}],"predecessor-version":[{"id":17266,"href":"https:\/\/merritt.ae\/fr\/wp-json\/wp\/v2\/pages\/14912\/revisions\/17266"}],"up":[{"embeddable":true,"href":"https:\/\/merritt.ae\/fr\/wp-json\/wp\/v2\/pages\/5386"}],"wp:attachment":[{"href":"https:\/\/merritt.ae\/fr\/wp-json\/wp\/v2\/media?parent=14912"}],"curies":[{"name":"wp","href":"https:\/\/api.w.org\/{rel}","templated":true}]}}