{"id":14698,"date":"2023-01-31T10:23:33","date_gmt":"2023-01-31T06:23:33","guid":{"rendered":"https:\/\/merritt.ae\/?page_id=14698"},"modified":"2023-01-31T11:38:37","modified_gmt":"2023-01-31T07:38:37","slug":"cloud-kitchen-dubai","status":"publish","type":"page","link":"https:\/\/merritt.ae\/fr\/societe\/solutions-metiers\/cloud-kitchen-dubai\/","title":{"rendered":"Comment ouvrir une Cloud Kitchen \u00e0 Dubai?"},"content":{"rendered":"<div id='full_slider_1'  class='avia-fullwidth-slider main_color avia-shadow   avia-builder-el-0  el_before_av_textblock  avia-builder-el-first   container_wrap sidebar_right'  >\n<style type=\"text\/css\" data-created_by=\"avia_inline_auto\" id=\"style-css-av-2157ty-4f38cf8f4ada2928c77a158bc8f4623d\">\n#top #wrap_all .avia-slideshow .av-slideshow-caption.av-2157ty-4f38cf8f4ada2928c77a158bc8f4623d__0 .avia-caption-title{\ncolor:#ffffff;\n}\n#top .avia-slideshow .av-slideshow-caption.av-2157ty-4f38cf8f4ada2928c77a158bc8f4623d__0 .avia-caption-content{\ncolor:#ffffff;\n}\n<\/style>\n<div  class='avia-slideshow av-2157ty-4f38cf8f4ada2928c77a158bc8f4623d avia-slideshow-featured av_slideshow_full avia-slide-slider av-slideshow-ui av-control-default av-slideshow-manual av-loop-once av-loop-manual-endless av-default-height-applied   avia-slideshow-1' data-slideshow-options=\"{&quot;animation&quot;:&quot;slide&quot;,&quot;autoplay&quot;:false,&quot;loop_autoplay&quot;:&quot;once&quot;,&quot;interval&quot;:5,&quot;loop_manual&quot;:&quot;manual-endless&quot;,&quot;autoplay_stopper&quot;:false,&quot;noNavigation&quot;:false,&quot;bg_slider&quot;:false,&quot;keep_padding&quot;:false,&quot;hoverpause&quot;:false,&quot;show_slide_delay&quot;:0}\"  itemprop=\"image\" itemscope=\"itemscope\" itemtype=\"https:\/\/schema.org\/ImageObject\" ><ul class='avia-slideshow-inner ' style='padding-bottom: 28.666666666667%;'><li  class='avia-slideshow-slide av-2157ty-4f38cf8f4ada2928c77a158bc8f4623d__0  av-single-slide slide-1 slide-odd'><div data-rel='slideshow-1' class='avia-slide-wrap '   ><div class='av-slideshow-caption av-2157ty-4f38cf8f4ada2928c77a158bc8f4623d__0 caption_fullwidth caption_center caption_center_framed caption_framed'><div class=\"container caption_container\"><div class=\"slideshow_caption\"><div class=\"slideshow_inner_caption\"><div class=\"slideshow_align_caption\"><h2 class='avia-caption-title '  itemprop=\"name\" >Comment obtenir sa licence et ouvrir une Cloud Kitchen \u00e0 Dubai?<\/h2><\/div><\/div><\/div><\/div><\/div><img decoding=\"async\" fetchpriority=\"high\" class=\"wp-image-5697 avia-img-lazy-loading-not-5697\"  src=\"https:\/\/merritt.ae\/wp-content\/uploads\/2019\/12\/Marina-1500x430.jpg\" width=\"1500\" height=\"430\" title='Marina' alt=''  itemprop=\"thumbnailUrl\"   \/><\/div><\/li><\/ul><\/div><\/div><div id='after_full_slider_1'  class='main_color av_default_container_wrap container_wrap sidebar_right'  ><div class='container av-section-cont-open' ><div class='template-page content  av-content-small alpha units'><div class='post-entry post-entry-type-page post-entry-14698'><div class='entry-content-wrapper clearfix'>\n<section  class='av_textblock_section av-k4h3lrkf-68bd447110f40e89143795d5e86b5468 '   itemscope=\"itemscope\" itemtype=\"https:\/\/schema.org\/CreativeWork\" ><div class='avia_textblock'  itemprop=\"text\" ><p>La proc\u00e9dure pour louer une cloud kitchen \u00e0 Dubai requiert l\u2019obtention des licences ad\u00e9quates. Notre \u00e9quipe se charge de toutes les d\u00e9marches administratives pour vous et vous connecte avec un r\u00e9seau de cloud kitchen \u00e0 Dubai.<\/p>\n<p><strong><u>Conditions initiales<\/u><\/strong><\/p>\n<p>La premi\u00e8re \u00e9tape du processus est l\u2019obtention des licences qui vous permettront de commencer votre activit\u00e9.<\/p>\n<p><strong><em>Mais tout d\u2019abord, une Cloud Kitchen\u00a0c\u2019est quoi\u00a0? <\/em><\/strong><\/p>\n<p>Cloud Kitchen ou Dark Kitchen est le nom donn\u00e9 \u00e0 des cuisines \u00ab\u00a0\u00a0fant\u00f4mes\u00a0\u00bb ou \u00ab\u00a0restaurants virtuels\u00a0\u00bb qui permettent de pr\u00e9parer des commandes depuis des cuisines sans avoir besoin de restaurant physique pour accueillir les clients.<\/p>\n<p>Ce type de restauration est exclusivement r\u00e9serv\u00e9 \u00e0 la livraison \u00e0 domicile. C\u2019est un concept qui s\u2019est beaucoup d\u00e9velopp\u00e9 ces derni\u00e8res ann\u00e9es et qui s\u2019est accentu\u00e9 durant la pand\u00e9mie de Covid-19.<\/p>\n<p>1. Trouver votre Cloud Kitchen<\/p>\n<p>A Dubai, il existe de nombreuses soci\u00e9t\u00e9s qui vous offrent la possibilit\u00e9 de louer un espace de cuisine commerciale partag\u00e9e.<\/p>\n<p>Ces cuisines \u00e9tant conformes aux exigences de Dubai Municipalit\u00e9, cela facilitera l\u2019obtention de votre licence.<\/p>\n<p>Nous travaillons \u00e9troitement avec une soci\u00e9t\u00e9 de Cloud Kitchen ayant des cuisines partag\u00e9es qui couvrent l\u2019ensemble de Dubai.<\/p>\n<h2>2. L\u2019approbation initiale<\/h2>\n<p>Notre \u00e9quipe vous guide et vous conseille sur la structure juridique \u00e0 choisir pour votre futur Cloud Kitchen \u00e0 Dubai. Vous avez le choix entre deux options\u00a0:<\/p>\n<p><strong><em>A- Une soci\u00e9t\u00e9 en mainland :<\/em><\/strong><\/p>\n<ul>\n<li><strong>La soci\u00e9t\u00e9 LLC:<\/strong> pour ce type d\u2019entit\u00e9, la responsabilit\u00e9 est r\u00e9put\u00e9e limit\u00e9e\u00a0: Limited Liability Company. Il faudra cependant d\u00e9poser un capital minimum de AED deux (2) millions\u00a0;<\/li>\n<li><strong>La Sole Establishement<\/strong> (dans le cas d\u2019un associ\u00e9 unique) ou <strong>La Civil Company<\/strong> (dans le cas de plusieurs associ\u00e9s): pour ce type de soci\u00e9t\u00e9, la responsabilit\u00e9 est illimit\u00e9e. Aussi, vous aurez besoin d\u2019un Local Service Agent que notre cabinet peut vous assigner.<\/li>\n<\/ul>\n<p><strong><em>B- Une soci\u00e9t\u00e9 en Free zone :<\/em><\/strong><\/p>\n<ul>\n<li>Dans le cas de la Free Zone, une licence en en rapport avec les m\u00e9tiers de la restauration sera suffisante.<\/li>\n<\/ul>\n<h2>3. Immatriculation de votre soci\u00e9t\u00e9<\/h2>\n<p>Il faudra dans un premier lieu obtenir la Trade License (licence commerciale) aupr\u00e8s de DED ou de la free zone. Et ensuite obtenir une Food License (licence alimentaire) aupr\u00e8s de Dubai Municipalit\u00e9.<\/p>\n<p>Nous vous assistons dans la constitution de votre dossier pour l\u2019obtention de vos licences.<\/p>\n<h2>4. Inspection finale<\/h2>\n<p>L\u2019inspection finale est fa\u00eete par Dubai Municipality. Si la cuisine que vous louez r\u00e9pond \u00e0 l\u2019ensemble des crit\u00e8res de Dubai Municipality alors vous obtiendrez l\u2019autorisation de commencer votre activit\u00e9.<\/p>\n<p>G\u00e9n\u00e9ralement, les Cloud Kitchen respectent l\u2019ensemble des normes impos\u00e9es par Dubai Municipalit\u00e9 et vous passerez l\u2019inspection finale sans difficult\u00e9.<\/p>\n<h2>5. F\u00e9licitations, votre licence est \u00e9mise !<\/h2>\n<p>Si vous \u00eates tent\u00e9 par l\u2019exp\u00e9rience de commencer votre activit\u00e9 de Cloud Kitchen \u00e0 Dubai et que vous avez besoin d\u2019assistance, nous vous invitons \u00e0 nous rencontrer dans nos bureaux \u00e0 JLT.<\/p>\n<\/div><\/section>\n<section  class='av_textblock_section av-l1rw9zvg-6e349c67269b28c7f6b691a25b1812b7 '   itemscope=\"itemscope\" itemtype=\"https:\/\/schema.org\/CreativeWork\" ><div class='avia_textblock'  itemprop=\"text\" ><div data-getsitecontrol-inline=\"261729\"><\/div>\n<\/div><\/section>\n","protected":false},"excerpt":{"rendered":"","protected":false},"author":8,"featured_media":0,"parent":5386,"menu_order":14,"comment_status":"closed","ping_status":"closed","template":"","meta":{"inline_featured_image":false,"footnotes":""},"class_list":["post-14698","page","type-page","status-publish","hentry"],"yoast_head":"<!-- This site is optimized with the Yoast SEO plugin v26.9 - https:\/\/yoast.com\/product\/yoast-seo-wordpress\/ -->\n<title>Licence Cloud Kitchen \u00e0 Dubai<\/title>\n<meta name=\"description\" content=\"Commencer une activit\u00e9 en cloud kitchen n\u00e9cessite les licenses appropri\u00e9es. Notre \u00e9quipe vous accompagne de A \u00e0 Z.\" \/>\n<meta name=\"robots\" content=\"index, follow, max-snippet:-1, max-image-preview:large, max-video-preview:-1\" \/>\n<link rel=\"canonical\" href=\"https:\/\/merritt.ae\/company\/industry-solutions\/cloud-kitchen-dubai\/\" \/>\n<meta property=\"og:locale\" content=\"fr_FR\" \/>\n<meta property=\"og:type\" content=\"article\" \/>\n<meta property=\"og:title\" content=\"Licence Cloud Kitchen \u00e0 Dubai\" \/>\n<meta property=\"og:description\" content=\"Commencer une activit\u00e9 en cloud kitchen n\u00e9cessite les licenses appropri\u00e9es. Notre \u00e9quipe vous accompagne de A \u00e0 Z.\" \/>\n<meta property=\"og:url\" content=\"https:\/\/merritt.ae\/company\/industry-solutions\/cloud-kitchen-dubai\/\" \/>\n<meta property=\"og:site_name\" content=\"merritt.ae\" \/>\n<meta property=\"article:modified_time\" content=\"2023-01-31T07:38:37+00:00\" \/>\n<meta property=\"og:image\" content=\"https:\/\/merritt.ae\/wp-content\/uploads\/2021\/11\/ME-new-featured.jpg\" \/>\n\t<meta property=\"og:image:width\" content=\"1200\" \/>\n\t<meta property=\"og:image:height\" content=\"630\" \/>\n\t<meta property=\"og:image:type\" content=\"image\/jpeg\" \/>\n<meta name=\"twitter:card\" content=\"summary_large_image\" \/>\n<meta name=\"twitter:label1\" content=\"Dur\u00e9e de lecture estim\u00e9e\" \/>\n\t<meta name=\"twitter:data1\" content=\"3 minutes\" \/>\n<script type=\"application\/ld+json\" class=\"yoast-schema-graph\">{\"@context\":\"https:\/\/schema.org\",\"@graph\":[{\"@type\":\"WebPage\",\"@id\":\"https:\/\/merritt.ae\/company\/industry-solutions\/cloud-kitchen-dubai\/\",\"url\":\"https:\/\/merritt.ae\/company\/industry-solutions\/cloud-kitchen-dubai\/\",\"name\":\"Licence Cloud Kitchen \u00e0 Dubai\",\"isPartOf\":{\"@id\":\"https:\/\/merritt.ae\/#website\"},\"datePublished\":\"2023-01-31T06:23:33+00:00\",\"dateModified\":\"2023-01-31T07:38:37+00:00\",\"description\":\"Commencer une activit\u00e9 en cloud kitchen n\u00e9cessite les licenses appropri\u00e9es. Notre \u00e9quipe vous accompagne de A \u00e0 Z.\",\"breadcrumb\":{\"@id\":\"https:\/\/merritt.ae\/company\/industry-solutions\/cloud-kitchen-dubai\/#breadcrumb\"},\"inLanguage\":\"fr-FR\",\"potentialAction\":[{\"@type\":\"ReadAction\",\"target\":[\"https:\/\/merritt.ae\/company\/industry-solutions\/cloud-kitchen-dubai\/\"]}]},{\"@type\":\"BreadcrumbList\",\"@id\":\"https:\/\/merritt.ae\/company\/industry-solutions\/cloud-kitchen-dubai\/#breadcrumb\",\"itemListElement\":[{\"@type\":\"ListItem\",\"position\":1,\"name\":\"Home\",\"item\":\"https:\/\/merritt.ae\/fr\/accueil\/\"},{\"@type\":\"ListItem\",\"position\":2,\"name\":\"Soci\u00e9t\u00e9 \u00e0 Dubai\",\"item\":\"https:\/\/merritt.ae\/fr\/societe\/\"},{\"@type\":\"ListItem\",\"position\":3,\"name\":\"Solutions m\u00e9tiers\",\"item\":\"https:\/\/merritt.ae\/fr\/societe\/solutions-metiers\/\"},{\"@type\":\"ListItem\",\"position\":4,\"name\":\"Comment ouvrir une Cloud Kitchen \u00e0 Dubai?\"}]},{\"@type\":\"WebSite\",\"@id\":\"https:\/\/merritt.ae\/#website\",\"url\":\"https:\/\/merritt.ae\/\",\"name\":\"merritt.ae\",\"description\":\"\",\"publisher\":{\"@id\":\"https:\/\/merritt.ae\/#organization\"},\"potentialAction\":[{\"@type\":\"SearchAction\",\"target\":{\"@type\":\"EntryPoint\",\"urlTemplate\":\"https:\/\/merritt.ae\/?s={search_term_string}\"},\"query-input\":{\"@type\":\"PropertyValueSpecification\",\"valueRequired\":true,\"valueName\":\"search_term_string\"}}],\"inLanguage\":\"fr-FR\"},{\"@type\":\"Organization\",\"@id\":\"https:\/\/merritt.ae\/#organization\",\"name\":\"merritt.ae\",\"url\":\"https:\/\/merritt.ae\/\",\"logo\":{\"@type\":\"ImageObject\",\"inLanguage\":\"fr-FR\",\"@id\":\"https:\/\/merritt.ae\/#\/schema\/logo\/image\/\",\"url\":\"https:\/\/merritt.ae\/wp-content\/uploads\/2021\/11\/ME-new-featured.jpg\",\"contentUrl\":\"https:\/\/merritt.ae\/wp-content\/uploads\/2021\/11\/ME-new-featured.jpg\",\"width\":1200,\"height\":630,\"caption\":\"merritt.ae\"},\"image\":{\"@id\":\"https:\/\/merritt.ae\/#\/schema\/logo\/image\/\"}}]}<\/script>\n<!-- \/ Yoast SEO plugin. -->","yoast_head_json":{"title":"Licence Cloud Kitchen \u00e0 Dubai","description":"Commencer une activit\u00e9 en cloud kitchen n\u00e9cessite les licenses appropri\u00e9es. Notre \u00e9quipe vous accompagne de A \u00e0 Z.","robots":{"index":"index","follow":"follow","max-snippet":"max-snippet:-1","max-image-preview":"max-image-preview:large","max-video-preview":"max-video-preview:-1"},"canonical":"https:\/\/merritt.ae\/company\/industry-solutions\/cloud-kitchen-dubai\/","og_locale":"fr_FR","og_type":"article","og_title":"Licence Cloud Kitchen \u00e0 Dubai","og_description":"Commencer une activit\u00e9 en cloud kitchen n\u00e9cessite les licenses appropri\u00e9es. Notre \u00e9quipe vous accompagne de A \u00e0 Z.","og_url":"https:\/\/merritt.ae\/company\/industry-solutions\/cloud-kitchen-dubai\/","og_site_name":"merritt.ae","article_modified_time":"2023-01-31T07:38:37+00:00","og_image":[{"width":1200,"height":630,"url":"https:\/\/merritt.ae\/wp-content\/uploads\/2021\/11\/ME-new-featured.jpg","type":"image\/jpeg"}],"twitter_card":"summary_large_image","twitter_misc":{"Dur\u00e9e de lecture estim\u00e9e":"3 minutes"},"schema":{"@context":"https:\/\/schema.org","@graph":[{"@type":"WebPage","@id":"https:\/\/merritt.ae\/company\/industry-solutions\/cloud-kitchen-dubai\/","url":"https:\/\/merritt.ae\/company\/industry-solutions\/cloud-kitchen-dubai\/","name":"Licence Cloud Kitchen \u00e0 Dubai","isPartOf":{"@id":"https:\/\/merritt.ae\/#website"},"datePublished":"2023-01-31T06:23:33+00:00","dateModified":"2023-01-31T07:38:37+00:00","description":"Commencer une activit\u00e9 en cloud kitchen n\u00e9cessite les licenses appropri\u00e9es. Notre \u00e9quipe vous accompagne de A \u00e0 Z.","breadcrumb":{"@id":"https:\/\/merritt.ae\/company\/industry-solutions\/cloud-kitchen-dubai\/#breadcrumb"},"inLanguage":"fr-FR","potentialAction":[{"@type":"ReadAction","target":["https:\/\/merritt.ae\/company\/industry-solutions\/cloud-kitchen-dubai\/"]}]},{"@type":"BreadcrumbList","@id":"https:\/\/merritt.ae\/company\/industry-solutions\/cloud-kitchen-dubai\/#breadcrumb","itemListElement":[{"@type":"ListItem","position":1,"name":"Home","item":"https:\/\/merritt.ae\/fr\/accueil\/"},{"@type":"ListItem","position":2,"name":"Soci\u00e9t\u00e9 \u00e0 Dubai","item":"https:\/\/merritt.ae\/fr\/societe\/"},{"@type":"ListItem","position":3,"name":"Solutions m\u00e9tiers","item":"https:\/\/merritt.ae\/fr\/societe\/solutions-metiers\/"},{"@type":"ListItem","position":4,"name":"Comment ouvrir une Cloud Kitchen \u00e0 Dubai?"}]},{"@type":"WebSite","@id":"https:\/\/merritt.ae\/#website","url":"https:\/\/merritt.ae\/","name":"merritt.ae","description":"","publisher":{"@id":"https:\/\/merritt.ae\/#organization"},"potentialAction":[{"@type":"SearchAction","target":{"@type":"EntryPoint","urlTemplate":"https:\/\/merritt.ae\/?s={search_term_string}"},"query-input":{"@type":"PropertyValueSpecification","valueRequired":true,"valueName":"search_term_string"}}],"inLanguage":"fr-FR"},{"@type":"Organization","@id":"https:\/\/merritt.ae\/#organization","name":"merritt.ae","url":"https:\/\/merritt.ae\/","logo":{"@type":"ImageObject","inLanguage":"fr-FR","@id":"https:\/\/merritt.ae\/#\/schema\/logo\/image\/","url":"https:\/\/merritt.ae\/wp-content\/uploads\/2021\/11\/ME-new-featured.jpg","contentUrl":"https:\/\/merritt.ae\/wp-content\/uploads\/2021\/11\/ME-new-featured.jpg","width":1200,"height":630,"caption":"merritt.ae"},"image":{"@id":"https:\/\/merritt.ae\/#\/schema\/logo\/image\/"}}]}},"_links":{"self":[{"href":"https:\/\/merritt.ae\/fr\/wp-json\/wp\/v2\/pages\/14698","targetHints":{"allow":["GET"]}}],"collection":[{"href":"https:\/\/merritt.ae\/fr\/wp-json\/wp\/v2\/pages"}],"about":[{"href":"https:\/\/merritt.ae\/fr\/wp-json\/wp\/v2\/types\/page"}],"author":[{"embeddable":true,"href":"https:\/\/merritt.ae\/fr\/wp-json\/wp\/v2\/users\/8"}],"replies":[{"embeddable":true,"href":"https:\/\/merritt.ae\/fr\/wp-json\/wp\/v2\/comments?post=14698"}],"version-history":[{"count":4,"href":"https:\/\/merritt.ae\/fr\/wp-json\/wp\/v2\/pages\/14698\/revisions"}],"predecessor-version":[{"id":17260,"href":"https:\/\/merritt.ae\/fr\/wp-json\/wp\/v2\/pages\/14698\/revisions\/17260"}],"up":[{"embeddable":true,"href":"https:\/\/merritt.ae\/fr\/wp-json\/wp\/v2\/pages\/5386"}],"wp:attachment":[{"href":"https:\/\/merritt.ae\/fr\/wp-json\/wp\/v2\/media?parent=14698"}],"curies":[{"name":"wp","href":"https:\/\/api.w.org\/{rel}","templated":true}]}}