{"id":13887,"date":"2022-09-12T10:51:29","date_gmt":"2022-09-12T06:51:29","guid":{"rendered":"https:\/\/merritt.ae\/?page_id=13887"},"modified":"2025-01-21T12:36:49","modified_gmt":"2025-01-21T08:36:49","slug":"toute-la-fiscalite-et-les-taxes-appliquees-a-dubai-aux-emirats-arabes-unis","status":"publish","type":"page","link":"https:\/\/merritt.ae\/fr\/societe\/toute-la-fiscalite-et-les-taxes-appliquees-a-dubai-aux-emirats-arabes-unis\/","title":{"rendered":"Toute la fiscalit\u00e9 et les taxes appliqu\u00e9es \u00e0 Duba\u00ef aux Emirats Arabes Unis"},"content":{"rendered":"<div id='full_slider_1'  class='avia-fullwidth-slider main_color avia-shadow   avia-builder-el-0  el_before_av_textblock  avia-builder-el-first   container_wrap sidebar_right'  >\n<style type=\"text\/css\" data-created_by=\"avia_inline_auto\" id=\"style-css-av-2giuc2-4a235a3f332668bd0855cef527d737a9\">\n#top #wrap_all .avia-slideshow .av-slideshow-caption.av-2giuc2-4a235a3f332668bd0855cef527d737a9__0 .avia-caption-title{\ncolor:#ffffff;\n}\n<\/style>\n<div  class='avia-slideshow av-2giuc2-4a235a3f332668bd0855cef527d737a9 avia-slideshow-featured av_slideshow_full avia-slide-slider av-slideshow-ui av-control-default av-slideshow-manual av-loop-once av-loop-manual-endless av-default-height-applied   avia-slideshow-1' data-slideshow-options=\"{&quot;animation&quot;:&quot;slide&quot;,&quot;autoplay&quot;:false,&quot;loop_autoplay&quot;:&quot;once&quot;,&quot;interval&quot;:5,&quot;loop_manual&quot;:&quot;manual-endless&quot;,&quot;autoplay_stopper&quot;:false,&quot;noNavigation&quot;:false,&quot;bg_slider&quot;:false,&quot;keep_padding&quot;:false,&quot;hoverpause&quot;:false,&quot;show_slide_delay&quot;:0}\"  itemprop=\"image\" itemscope=\"itemscope\" itemtype=\"https:\/\/schema.org\/ImageObject\" ><ul class='avia-slideshow-inner ' style='padding-bottom: 28.666666666667%;'><li  class='avia-slideshow-slide av-2giuc2-4a235a3f332668bd0855cef527d737a9__0  av-single-slide slide-1 slide-odd'><div data-rel='slideshow-1' class='avia-slide-wrap '   ><div class='av-slideshow-caption av-2giuc2-4a235a3f332668bd0855cef527d737a9__0 caption_fullwidth caption_center caption_center_framed caption_framed'><div class=\"container caption_container\"><div class=\"slideshow_caption\"><div class=\"slideshow_inner_caption\"><div class=\"slideshow_align_caption\"><h2 class='avia-caption-title '  itemprop=\"name\" >Toute la fiscalit\u00e9 et les taxes appliqu\u00e9es \u00e0 Duba\u00ef aux Emirats Arabes Unis<\/h2><\/div><\/div><\/div><\/div><\/div><img decoding=\"async\" fetchpriority=\"high\" class=\"wp-image-5697 avia-img-lazy-loading-not-5697\"  src=\"https:\/\/merritt.ae\/wp-content\/uploads\/2019\/12\/Marina-1500x430.jpg\" width=\"1500\" height=\"430\" title='Marina' alt=''  itemprop=\"thumbnailUrl\"   \/><\/div><\/li><\/ul><\/div><\/div><div id='after_full_slider_1'  class='main_color av_default_container_wrap container_wrap sidebar_right'  ><div class='container av-section-cont-open' ><div class='template-page content  av-content-small alpha units'><div class='post-entry post-entry-type-page post-entry-13887'><div class='entry-content-wrapper clearfix'>\n<section  class='av_textblock_section av-k446eyj1-8f51e30beb6b39851366975d98fcaeee '   itemscope=\"itemscope\" itemtype=\"https:\/\/schema.org\/CreativeWork\" ><div class='avia_textblock'  itemprop=\"text\" ><p>Dubai, et de mani\u00e8re g\u00e9n\u00e9rale les \u00c9mirats Arabes Unis, est reconnu pour sa fiscalit\u00e9 avantageuse et pour n&#8217;avoir aucun imp\u00f4t, attirant ainsi de nombreux expatri\u00e9s. Contrairement \u00e0 d&#8217;autres pays, Duba\u00ef ne pr\u00e9l\u00e8ve pas d&#8217;imp\u00f4ts sur le revenu, mais cela ne signifie pas que le syst\u00e8me fiscal est exempt de toute taxation.<\/p>\n<p>D\u00e9couvrez ici un aper\u00e7u complet de la <strong>taxation \u00e0 Dubai<\/strong>.<\/p>\n<\/div><\/section>\n\n<style type=\"text\/css\" data-created_by=\"avia_inline_auto\" id=\"style-css-av-lnykupn3-1327bfcc360c60e7223813adab98e72d\">\n#top .av-special-heading.av-lnykupn3-1327bfcc360c60e7223813adab98e72d{\npadding-bottom:10px;\n}\nbody .av-special-heading.av-lnykupn3-1327bfcc360c60e7223813adab98e72d .av-special-heading-tag .heading-char{\nfont-size:25px;\n}\n.av-special-heading.av-lnykupn3-1327bfcc360c60e7223813adab98e72d .av-subheading{\nfont-size:15px;\n}\n<\/style>\n<div  class='av-special-heading av-lnykupn3-1327bfcc360c60e7223813adab98e72d av-special-heading-h2  avia-builder-el-2  el_after_av_textblock  el_before_av_textblock  av-linked-heading'><h2 class='av-special-heading-tag '  itemprop=\"headline\"  >Les taxes sur les personnes physiques<\/h2><div class=\"special-heading-border\"><div class=\"special-heading-inner-border\"><\/div><\/div><\/div>\n<section  class='av_textblock_section av-l7yejnkh-2618f5c03705053c54869fc26acb0148 '   itemscope=\"itemscope\" itemtype=\"https:\/\/schema.org\/CreativeWork\" ><div class='avia_textblock'  itemprop=\"text\" ><p>Il n&#8217;y a aucune taxe ni charge sociale applicable aux personnes physiques aux \u00c9mirats Arabes Unis. Voici les principaux avantages de la <strong>taxation \u00e0 Dubai<\/strong>\u00a0pour les particuliers:<br \/>\n&#8211; Pas d&#8217;imp\u00f4t sur le revenu<br \/>\n&#8211; Pas d&#8217;imp\u00f4t sur les plus-values<br \/>\n&#8211; Pas d&#8217;imp\u00f4t sur les dividendes re\u00e7us<br \/>\n&#8211; Pas de charge sociale<br \/>\n&#8211; Pas de taxe sur la succession<\/p>\n<\/div><\/section>\n\n<style type=\"text\/css\" data-created_by=\"avia_inline_auto\" id=\"style-css-av-lnykv229-c5d6eac29c617800c2d69b2a1eecac00\">\n#top .av-special-heading.av-lnykv229-c5d6eac29c617800c2d69b2a1eecac00{\npadding-bottom:10px;\n}\nbody .av-special-heading.av-lnykv229-c5d6eac29c617800c2d69b2a1eecac00 .av-special-heading-tag .heading-char{\nfont-size:25px;\n}\n.av-special-heading.av-lnykv229-c5d6eac29c617800c2d69b2a1eecac00 .av-subheading{\nfont-size:15px;\n}\n<\/style>\n<div  class='av-special-heading av-lnykv229-c5d6eac29c617800c2d69b2a1eecac00 av-special-heading-h2  avia-builder-el-4  el_after_av_textblock  el_before_av_textblock  av-linked-heading'><h2 class='av-special-heading-tag '  itemprop=\"headline\"  >Les taxes sur les soci\u00e9t\u00e9s et les activit\u00e9s professionnelles<\/h2><div class=\"special-heading-border\"><div class=\"special-heading-inner-border\"><\/div><\/div><\/div>\n<section  class='av_textblock_section av-lnyl1gbz-dd580bbb6f8fb3c9406487a119aab840 '   itemscope=\"itemscope\" itemtype=\"https:\/\/schema.org\/CreativeWork\" ><div class='avia_textblock'  itemprop=\"text\" ><p>La fiscalit\u00e9 sur les entreprises \u00e0 Duba\u00ef est \u00e9galement avantageuse, mais il existe quelques taxes sp\u00e9cifiques que les entreprises doivent conna\u00eetre.<\/p>\n<h3>La TVA (<em>UAE VAT<\/em>)<\/h3>\n<p>Le taux de la TVA aux \u00c9mirats est de 5% et s&#8217;applique sur les factures \u00e9mises \u00e0 destination des \u00c9mirats, sauf exceptions. La TVA est l&#8217;une des rares <strong>taxes \u00e0 Dubai<\/strong> que les entreprises doivent g\u00e9rer dans le cadre de la <strong>taxation \u00e0 Dubai<\/strong>.<\/p>\n<\/div><\/section>\n<div  class='avia-button-wrap av-lr0kv9se-b55e2526b1c28c9a05adea6835eb470a-wrap avia-button-left  avia-builder-el-6  el_after_av_textblock  el_before_av_textblock '>\n<style type=\"text\/css\" data-created_by=\"avia_inline_auto\" id=\"style-css-av-lr0kv9se-b55e2526b1c28c9a05adea6835eb470a\">\n#top #wrap_all .avia-button.av-lr0kv9se-b55e2526b1c28c9a05adea6835eb470a{\nmargin:0 0 20px 0;\n}\n<\/style>\n<a href='https:\/\/merritt.ae\/fr\/societe\/tva-aux-emirats\/'  class='avia-button av-lr0kv9se-b55e2526b1c28c9a05adea6835eb470a av-link-btn avia-icon_select-no avia-size-small avia-position-left avia-color-theme-color'   aria-label=\"En savoir plus sur la TVA aux Emirats\"><span class='avia_iconbox_title' >En savoir plus sur la TVA aux Emirats<\/span><\/a><\/div>\n<section  class='av_textblock_section av-lr0kti91-1365c08ad19c8af07b1a523558750b2c '   itemscope=\"itemscope\" itemtype=\"https:\/\/schema.org\/CreativeWork\" ><div class='avia_textblock'  itemprop=\"text\" ><h3>L\u2019imp\u00f4t sur le b\u00e9n\u00e9fice des soci\u00e9t\u00e9s (<em>Corporate Income Tax<\/em>)<\/h3>\n<p>Depuis janvier 2024, un imp\u00f4t sur les b\u00e9n\u00e9fices des soci\u00e9t\u00e9s (Corporate Income Tax) a \u00e9t\u00e9 introduit \u00e0 Dubai. Le taux est de 9% pour les soci\u00e9t\u00e9s dont les b\u00e9n\u00e9fices annuels exc\u00e8dent les AED 375 000 et la premi\u00e8re d\u00e9clarations fiscale est pr\u00e9vue pour Septembre 2025.<\/p>\n<p>Il est \u00e9galement pr\u00e9vu, une exon\u00e9ration pour les soci\u00e9t\u00e9s dont le chiffre d&#8217;affaires annuel est inf\u00e9rieur \u00e0 AED 3 millions et ce, jusqu&#8217;en 2026. Donc, pas de<strong> taxe \u00e0 Dubai<\/strong> pour ces soci\u00e9t\u00e9s!<\/p>\n<p>Les dividendes et plus-values restent non tax\u00e9s, offrant ainsi un environnement fiscal favorable pour les investisseurs.<\/p>\n<\/div><\/section>\n<div  class='avia-button-wrap av-lqxdhy2z-2ec7393ae7ce5481747f189546ff28f7-wrap avia-button-left  avia-builder-el-8  el_after_av_textblock  el_before_av_textblock '>\n<style type=\"text\/css\" data-created_by=\"avia_inline_auto\" id=\"style-css-av-lqxdhy2z-2ec7393ae7ce5481747f189546ff28f7\">\n#top #wrap_all .avia-button.av-lqxdhy2z-2ec7393ae7ce5481747f189546ff28f7{\nmargin:0 0 20px 0;\n}\n<\/style>\n<a href='https:\/\/merritt.ae\/fr\/societe\/impot-benefice-societe-emirats\/'  class='avia-button av-lqxdhy2z-2ec7393ae7ce5481747f189546ff28f7 av-link-btn avia-icon_select-no avia-size-small avia-position-left avia-color-theme-color'   aria-label=\"En savoir plus sur l\u2019imp\u00f4t sur le b\u00e9n\u00e9fice des soci\u00e9t\u00e9s\"><span class='avia_iconbox_title' >En savoir plus sur l\u2019imp\u00f4t sur le b\u00e9n\u00e9fice des soci\u00e9t\u00e9s<\/span><\/a><\/div>\n<section  class='av_textblock_section av-lqxdiey1-14dd5979a496c4ee4aabd498ca7fa08e '   itemscope=\"itemscope\" itemtype=\"https:\/\/schema.org\/CreativeWork\" ><div class='avia_textblock'  itemprop=\"text\" ><h3>Droits de douane<\/h3>\n<p>Les droits de douane sur les importations de marchandises dans les \u00c9mirats (hors Free Zones) sont de 5%. Certains produits, comme les boissons \u00e9nergisantes, l&#8217;alcool ou le porc, sont soumis \u00e0 des taxes plus \u00e9lev\u00e9es.<\/p>\n<\/div><\/section>\n\n<style type=\"text\/css\" data-created_by=\"avia_inline_auto\" id=\"style-css-av-l7yeik1e-55dffaee4c7112d06e7a42db45963392\">\n#top .av-special-heading.av-l7yeik1e-55dffaee4c7112d06e7a42db45963392{\npadding-bottom:10px;\n}\nbody .av-special-heading.av-l7yeik1e-55dffaee4c7112d06e7a42db45963392 .av-special-heading-tag .heading-char{\nfont-size:25px;\n}\n.av-special-heading.av-l7yeik1e-55dffaee4c7112d06e7a42db45963392 .av-subheading{\nfont-size:15px;\n}\n<\/style>\n<div  class='av-special-heading av-l7yeik1e-55dffaee4c7112d06e7a42db45963392 av-special-heading-h2  avia-builder-el-10  el_after_av_textblock  el_before_av_textblock  av-linked-heading'><h2 class='av-special-heading-tag '  itemprop=\"headline\"  >Autres taxes \u00e0 Dubai<\/h2><div class=\"special-heading-border\"><div class=\"special-heading-inner-border\"><\/div><\/div><\/div>\n<section  class='av_textblock_section av-lnyl98zb-1bb7a176d5cad7f2734874e1905351c2 '   itemscope=\"itemscope\" itemtype=\"https:\/\/schema.org\/CreativeWork\" ><div class='avia_textblock'  itemprop=\"text\" ><p>Il existe \u00e9galement d&#8217;autres types de <strong>taxes \u00e0 Dubai<\/strong>, bien que peu nombreuses compar\u00e9es \u00e0 celles des autres pays :<br \/>\n&#8211; Taxe fonci\u00e8re, calcul\u00e9e sur la valeur d\u2019un bien immobilier au Dubai Land Department (pay\u00e9e avec la facture d&#8217;\u00e9lectricit\u00e9 &#8211; DEWA)<br \/>\n&#8211; P\u00e9age (Salik)<br \/>\n&#8211; Taxes diverses, notamment sur les b\u00e9n\u00e9fices des banques et des soci\u00e9t\u00e9s p\u00e9troli\u00e8res, ainsi que sur l&#8217;essence, etc.<\/p>\n<\/div><\/section>\n\n<style type=\"text\/css\" data-created_by=\"avia_inline_auto\" id=\"style-css-av-lnylhfsz-b31f5fd6301237fd4ace1bd90e53ce42\">\n#top .av-special-heading.av-lnylhfsz-b31f5fd6301237fd4ace1bd90e53ce42{\npadding-bottom:10px;\n}\nbody .av-special-heading.av-lnylhfsz-b31f5fd6301237fd4ace1bd90e53ce42 .av-special-heading-tag .heading-char{\nfont-size:25px;\n}\n.av-special-heading.av-lnylhfsz-b31f5fd6301237fd4ace1bd90e53ce42 .av-subheading{\nfont-size:15px;\n}\n<\/style>\n<div  class='av-special-heading av-lnylhfsz-b31f5fd6301237fd4ace1bd90e53ce42 av-special-heading-h2  avia-builder-el-12  el_after_av_textblock  el_before_av_textblock  av-linked-heading'><h2 class='av-special-heading-tag '  itemprop=\"headline\"  >Quid de la r\u00e9sidence fiscale aux Emirats?<\/h2><div class=\"special-heading-border\"><div class=\"special-heading-inner-border\"><\/div><\/div><\/div>\n<section  class='av_textblock_section av-l7yekth2-8befb86905b6a6f5e62c88946793836b '   itemscope=\"itemscope\" itemtype=\"https:\/\/schema.org\/CreativeWork\" ><div class='avia_textblock'  itemprop=\"text\" ><p>Il est important de diff\u00e9rencier la r\u00e9sidence fiscale de la simple r\u00e9sidence \u00e0 Duba\u00ef.<\/p>\n<p>Concernant le visa de r\u00e9sidence, si vous \u00eates entre 2 voyages hors de Dubai plus de 183 jours, vous perdrez automatiquement ce visa. Ceci signifie donc que si vous quittez Dubai, vous devez revenir dans les 183 jours au moins 1 nuit pour que votre visa ne soit pas annul\u00e9. Certains investisseurs b\u00e9n\u00e9ficient d&#8217;un visa permettant d&#8217;\u00eatre en dehors du territoire plus de 12 mois.<\/p>\n<p>Pour \u00eatre r\u00e9sident fiscal, vous devez avoir s\u00e9journ\u00e9 aux \u00c9mirats au moins 90 jours au cours des 6 derniers mois.<\/p>\n<p>Il est \u00e9galement essentiel de v\u00e9rifier si vous ne devenez pas r\u00e9sident fiscal dans un autre pays en r\u00e9pondant aux crit\u00e8res internes de ce pays. La <strong>taxation \u00e0 Duba\u00ef<\/strong> offre des avantages fiscaux uniques, mais cela ne signifie pas que vous \u00e9chapperez \u00e0 la fiscalit\u00e9 d&#8217;un autre pays si vous y remplissez les conditions.<\/p>\n<p>Nous conseillons donc de r\u00e9ellement vivre \u00e0 Duba\u00ef.<\/p>\n<\/div><\/section>\n\n<style type=\"text\/css\" data-created_by=\"avia_inline_auto\" id=\"style-css-av-l7yelm0l-2783903cf764e3fd496577db8c988fc3\">\n#top .av-special-heading.av-l7yelm0l-2783903cf764e3fd496577db8c988fc3{\npadding-bottom:10px;\n}\nbody .av-special-heading.av-l7yelm0l-2783903cf764e3fd496577db8c988fc3 .av-special-heading-tag .heading-char{\nfont-size:25px;\n}\n.av-special-heading.av-l7yelm0l-2783903cf764e3fd496577db8c988fc3 .av-subheading{\nfont-size:15px;\n}\n<\/style>\n<div  class='av-special-heading av-l7yelm0l-2783903cf764e3fd496577db8c988fc3 av-special-heading-h2  avia-builder-el-14  el_after_av_textblock  el_before_av_textblock  av-linked-heading'><h2 class='av-special-heading-tag '  itemprop=\"headline\"  >Convention de double imposition?<\/h2><div class=\"special-heading-border\"><div class=\"special-heading-inner-border\"><\/div><\/div><\/div>\n<section  class='av_textblock_section av-l7yen6kz-494cbc9dea2b97d6b995fc383850018f '   itemscope=\"itemscope\" itemtype=\"https:\/\/schema.org\/CreativeWork\" ><div class='avia_textblock'  itemprop=\"text\" ><p>Il a \u00e9t\u00e9 sign\u00e9e une convention fiscale de non double imposition entre les Emirats et de nombreux autres pays (notamment entre la France et les EAU). Pour un r\u00e9sident fiscal fran\u00e7ais, cette convention est tr\u00e8s int\u00e9ressante car elle permet de r\u00e9duire l&#8217;imposition des revenus issus d&#8217;une soci\u00e9t\u00e9 aux Emirats. Les belges, suisses, etc. b\u00e9n\u00e9ficient aussi d&#8217;une convention fiscale.<\/p>\n<p>Nous vous invitons \u00e0 lire <a href=\"https:\/\/merritt.ae\/fr\/faq\/les-conventions-fiscales-signees-par-les-emirats\/\" target=\"_blank\" rel=\"noopener\">cette page \u00e0 ce sujet<\/a> pour optimiser la gestion de votre fiscalit\u00e9 internationale.<\/p>\n<\/div><\/section>\n<div  class='avia-button-wrap av-lr0l0uk5-4e952b163ccb175913d8f2ece76fc0e7-wrap avia-button-left  avia-builder-el-16  el_after_av_textblock  el_before_av_textblock '>\n<style type=\"text\/css\" data-created_by=\"avia_inline_auto\" id=\"style-css-av-lr0l0uk5-4e952b163ccb175913d8f2ece76fc0e7\">\n#top #wrap_all .avia-button.av-lr0l0uk5-4e952b163ccb175913d8f2ece76fc0e7{\nmargin:0 0 20px 0;\n}\n<\/style>\n<a href='https:\/\/merritt.ae\/fr\/faq\/les-conventions-fiscales-signees-par-les-emirats\/'  class='avia-button av-lr0l0uk5-4e952b163ccb175913d8f2ece76fc0e7 av-link-btn avia-icon_select-no avia-size-small avia-position-left avia-color-theme-color'   aria-label=\"En savoir plus sur les conventions fiscales sign\u00e9es par les Emirats\"><span class='avia_iconbox_title' >En savoir plus sur les conventions fiscales sign\u00e9es par les Emirats<\/span><\/a><\/div>\n<section  class='av_textblock_section av-m17s3o91-e52f317f5ba19fec9a637a811ef47408 '   itemscope=\"itemscope\" itemtype=\"https:\/\/schema.org\/CreativeWork\" ><div class='avia_textblock'  itemprop=\"text\" ><div data-getsitecontrol-inline=\"338720\"><\/div>\n<\/div><\/section>\n","protected":false},"excerpt":{"rendered":"","protected":false},"author":3,"featured_media":0,"parent":11084,"menu_order":5,"comment_status":"closed","ping_status":"closed","template":"","meta":{"inline_featured_image":false,"footnotes":""},"class_list":["post-13887","page","type-page","status-publish","hentry"],"yoast_head":"<!-- This site is optimized with the Yoast SEO plugin v26.9 - https:\/\/yoast.com\/product\/yoast-seo-wordpress\/ -->\n<title>Fiscalit\u00e9 \u00e0 Duba\u00ef : Taxation, Taxes et Imp\u00f4ts<\/title>\n<meta name=\"description\" content=\"Explorez la fiscalit\u00e9 \u00e0 Duba\u00ef : TVA, imp\u00f4t sur les soci\u00e9t\u00e9s, taxes locales et avantages fiscaux.\" \/>\n<meta name=\"robots\" content=\"index, follow, max-snippet:-1, max-image-preview:large, max-video-preview:-1\" \/>\n<link rel=\"canonical\" href=\"https:\/\/merritt.ae\/fr\/societe\/toute-la-fiscalite-et-les-taxes-appliquees-a-dubai-aux-emirats-arabes-unis\/\" \/>\n<meta property=\"og:locale\" content=\"fr_FR\" \/>\n<meta property=\"og:type\" content=\"article\" \/>\n<meta property=\"og:title\" content=\"Fiscalit\u00e9 \u00e0 Duba\u00ef : Taxation, Taxes et Imp\u00f4ts\" \/>\n<meta property=\"og:description\" content=\"Explorez la fiscalit\u00e9 \u00e0 Duba\u00ef : TVA, imp\u00f4t sur les soci\u00e9t\u00e9s, taxes locales et avantages fiscaux.\" \/>\n<meta property=\"og:url\" content=\"https:\/\/merritt.ae\/fr\/societe\/toute-la-fiscalite-et-les-taxes-appliquees-a-dubai-aux-emirats-arabes-unis\/\" \/>\n<meta property=\"og:site_name\" content=\"merritt.ae\" \/>\n<meta property=\"article:modified_time\" content=\"2025-01-21T08:36:49+00:00\" \/>\n<meta property=\"og:image\" content=\"https:\/\/merritt.ae\/wp-content\/uploads\/2021\/11\/ME-new-featured.jpg\" \/>\n\t<meta property=\"og:image:width\" content=\"1200\" \/>\n\t<meta property=\"og:image:height\" content=\"630\" \/>\n\t<meta property=\"og:image:type\" content=\"image\/jpeg\" \/>\n<meta name=\"twitter:card\" content=\"summary_large_image\" \/>\n<meta name=\"twitter:label1\" content=\"Dur\u00e9e de lecture estim\u00e9e\" \/>\n\t<meta name=\"twitter:data1\" content=\"4 minutes\" \/>\n<script type=\"application\/ld+json\" class=\"yoast-schema-graph\">{\"@context\":\"https:\/\/schema.org\",\"@graph\":[{\"@type\":\"WebPage\",\"@id\":\"https:\/\/merritt.ae\/fr\/societe\/toute-la-fiscalite-et-les-taxes-appliquees-a-dubai-aux-emirats-arabes-unis\/\",\"url\":\"https:\/\/merritt.ae\/fr\/societe\/toute-la-fiscalite-et-les-taxes-appliquees-a-dubai-aux-emirats-arabes-unis\/\",\"name\":\"Fiscalit\u00e9 \u00e0 Duba\u00ef : Taxation, Taxes et Imp\u00f4ts\",\"isPartOf\":{\"@id\":\"https:\/\/merritt.ae\/#website\"},\"datePublished\":\"2022-09-12T06:51:29+00:00\",\"dateModified\":\"2025-01-21T08:36:49+00:00\",\"description\":\"Explorez la fiscalit\u00e9 \u00e0 Duba\u00ef : TVA, imp\u00f4t sur les soci\u00e9t\u00e9s, taxes locales et avantages fiscaux.\",\"breadcrumb\":{\"@id\":\"https:\/\/merritt.ae\/fr\/societe\/toute-la-fiscalite-et-les-taxes-appliquees-a-dubai-aux-emirats-arabes-unis\/#breadcrumb\"},\"inLanguage\":\"fr-FR\",\"potentialAction\":[{\"@type\":\"ReadAction\",\"target\":[\"https:\/\/merritt.ae\/fr\/societe\/toute-la-fiscalite-et-les-taxes-appliquees-a-dubai-aux-emirats-arabes-unis\/\"]}]},{\"@type\":\"BreadcrumbList\",\"@id\":\"https:\/\/merritt.ae\/fr\/societe\/toute-la-fiscalite-et-les-taxes-appliquees-a-dubai-aux-emirats-arabes-unis\/#breadcrumb\",\"itemListElement\":[{\"@type\":\"ListItem\",\"position\":1,\"name\":\"Home\",\"item\":\"https:\/\/merritt.ae\/fr\/accueil\/\"},{\"@type\":\"ListItem\",\"position\":2,\"name\":\"Soci\u00e9t\u00e9 \u00e0 Dubai\",\"item\":\"https:\/\/merritt.ae\/fr\/societe\/\"},{\"@type\":\"ListItem\",\"position\":3,\"name\":\"Toute la fiscalit\u00e9 et les taxes appliqu\u00e9es \u00e0 Duba\u00ef aux Emirats Arabes Unis\"}]},{\"@type\":\"WebSite\",\"@id\":\"https:\/\/merritt.ae\/#website\",\"url\":\"https:\/\/merritt.ae\/\",\"name\":\"merritt.ae\",\"description\":\"\",\"publisher\":{\"@id\":\"https:\/\/merritt.ae\/#organization\"},\"potentialAction\":[{\"@type\":\"SearchAction\",\"target\":{\"@type\":\"EntryPoint\",\"urlTemplate\":\"https:\/\/merritt.ae\/?s={search_term_string}\"},\"query-input\":{\"@type\":\"PropertyValueSpecification\",\"valueRequired\":true,\"valueName\":\"search_term_string\"}}],\"inLanguage\":\"fr-FR\"},{\"@type\":\"Organization\",\"@id\":\"https:\/\/merritt.ae\/#organization\",\"name\":\"merritt.ae\",\"url\":\"https:\/\/merritt.ae\/\",\"logo\":{\"@type\":\"ImageObject\",\"inLanguage\":\"fr-FR\",\"@id\":\"https:\/\/merritt.ae\/#\/schema\/logo\/image\/\",\"url\":\"https:\/\/merritt.ae\/wp-content\/uploads\/2021\/11\/ME-new-featured.jpg\",\"contentUrl\":\"https:\/\/merritt.ae\/wp-content\/uploads\/2021\/11\/ME-new-featured.jpg\",\"width\":1200,\"height\":630,\"caption\":\"merritt.ae\"},\"image\":{\"@id\":\"https:\/\/merritt.ae\/#\/schema\/logo\/image\/\"}}]}<\/script>\n<!-- \/ Yoast SEO plugin. -->","yoast_head_json":{"title":"Fiscalit\u00e9 \u00e0 Duba\u00ef : Taxation, Taxes et Imp\u00f4ts","description":"Explorez la fiscalit\u00e9 \u00e0 Duba\u00ef : TVA, imp\u00f4t sur les soci\u00e9t\u00e9s, taxes locales et avantages fiscaux.","robots":{"index":"index","follow":"follow","max-snippet":"max-snippet:-1","max-image-preview":"max-image-preview:large","max-video-preview":"max-video-preview:-1"},"canonical":"https:\/\/merritt.ae\/fr\/societe\/toute-la-fiscalite-et-les-taxes-appliquees-a-dubai-aux-emirats-arabes-unis\/","og_locale":"fr_FR","og_type":"article","og_title":"Fiscalit\u00e9 \u00e0 Duba\u00ef : Taxation, Taxes et Imp\u00f4ts","og_description":"Explorez la fiscalit\u00e9 \u00e0 Duba\u00ef : TVA, imp\u00f4t sur les soci\u00e9t\u00e9s, taxes locales et avantages fiscaux.","og_url":"https:\/\/merritt.ae\/fr\/societe\/toute-la-fiscalite-et-les-taxes-appliquees-a-dubai-aux-emirats-arabes-unis\/","og_site_name":"merritt.ae","article_modified_time":"2025-01-21T08:36:49+00:00","og_image":[{"width":1200,"height":630,"url":"https:\/\/merritt.ae\/wp-content\/uploads\/2021\/11\/ME-new-featured.jpg","type":"image\/jpeg"}],"twitter_card":"summary_large_image","twitter_misc":{"Dur\u00e9e de lecture estim\u00e9e":"4 minutes"},"schema":{"@context":"https:\/\/schema.org","@graph":[{"@type":"WebPage","@id":"https:\/\/merritt.ae\/fr\/societe\/toute-la-fiscalite-et-les-taxes-appliquees-a-dubai-aux-emirats-arabes-unis\/","url":"https:\/\/merritt.ae\/fr\/societe\/toute-la-fiscalite-et-les-taxes-appliquees-a-dubai-aux-emirats-arabes-unis\/","name":"Fiscalit\u00e9 \u00e0 Duba\u00ef : Taxation, Taxes et Imp\u00f4ts","isPartOf":{"@id":"https:\/\/merritt.ae\/#website"},"datePublished":"2022-09-12T06:51:29+00:00","dateModified":"2025-01-21T08:36:49+00:00","description":"Explorez la fiscalit\u00e9 \u00e0 Duba\u00ef : TVA, imp\u00f4t sur les soci\u00e9t\u00e9s, taxes locales et avantages fiscaux.","breadcrumb":{"@id":"https:\/\/merritt.ae\/fr\/societe\/toute-la-fiscalite-et-les-taxes-appliquees-a-dubai-aux-emirats-arabes-unis\/#breadcrumb"},"inLanguage":"fr-FR","potentialAction":[{"@type":"ReadAction","target":["https:\/\/merritt.ae\/fr\/societe\/toute-la-fiscalite-et-les-taxes-appliquees-a-dubai-aux-emirats-arabes-unis\/"]}]},{"@type":"BreadcrumbList","@id":"https:\/\/merritt.ae\/fr\/societe\/toute-la-fiscalite-et-les-taxes-appliquees-a-dubai-aux-emirats-arabes-unis\/#breadcrumb","itemListElement":[{"@type":"ListItem","position":1,"name":"Home","item":"https:\/\/merritt.ae\/fr\/accueil\/"},{"@type":"ListItem","position":2,"name":"Soci\u00e9t\u00e9 \u00e0 Dubai","item":"https:\/\/merritt.ae\/fr\/societe\/"},{"@type":"ListItem","position":3,"name":"Toute la fiscalit\u00e9 et les taxes appliqu\u00e9es \u00e0 Duba\u00ef aux Emirats Arabes Unis"}]},{"@type":"WebSite","@id":"https:\/\/merritt.ae\/#website","url":"https:\/\/merritt.ae\/","name":"merritt.ae","description":"","publisher":{"@id":"https:\/\/merritt.ae\/#organization"},"potentialAction":[{"@type":"SearchAction","target":{"@type":"EntryPoint","urlTemplate":"https:\/\/merritt.ae\/?s={search_term_string}"},"query-input":{"@type":"PropertyValueSpecification","valueRequired":true,"valueName":"search_term_string"}}],"inLanguage":"fr-FR"},{"@type":"Organization","@id":"https:\/\/merritt.ae\/#organization","name":"merritt.ae","url":"https:\/\/merritt.ae\/","logo":{"@type":"ImageObject","inLanguage":"fr-FR","@id":"https:\/\/merritt.ae\/#\/schema\/logo\/image\/","url":"https:\/\/merritt.ae\/wp-content\/uploads\/2021\/11\/ME-new-featured.jpg","contentUrl":"https:\/\/merritt.ae\/wp-content\/uploads\/2021\/11\/ME-new-featured.jpg","width":1200,"height":630,"caption":"merritt.ae"},"image":{"@id":"https:\/\/merritt.ae\/#\/schema\/logo\/image\/"}}]}},"_links":{"self":[{"href":"https:\/\/merritt.ae\/fr\/wp-json\/wp\/v2\/pages\/13887","targetHints":{"allow":["GET"]}}],"collection":[{"href":"https:\/\/merritt.ae\/fr\/wp-json\/wp\/v2\/pages"}],"about":[{"href":"https:\/\/merritt.ae\/fr\/wp-json\/wp\/v2\/types\/page"}],"author":[{"embeddable":true,"href":"https:\/\/merritt.ae\/fr\/wp-json\/wp\/v2\/users\/3"}],"replies":[{"embeddable":true,"href":"https:\/\/merritt.ae\/fr\/wp-json\/wp\/v2\/comments?post=13887"}],"version-history":[{"count":17,"href":"https:\/\/merritt.ae\/fr\/wp-json\/wp\/v2\/pages\/13887\/revisions"}],"predecessor-version":[{"id":17583,"href":"https:\/\/merritt.ae\/fr\/wp-json\/wp\/v2\/pages\/13887\/revisions\/17583"}],"up":[{"embeddable":true,"href":"https:\/\/merritt.ae\/fr\/wp-json\/wp\/v2\/pages\/11084"}],"wp:attachment":[{"href":"https:\/\/merritt.ae\/fr\/wp-json\/wp\/v2\/media?parent=13887"}],"curies":[{"name":"wp","href":"https:\/\/api.w.org\/{rel}","templated":true}]}}