{"id":13712,"date":"2022-07-04T11:01:05","date_gmt":"2022-07-04T07:01:05","guid":{"rendered":"https:\/\/merritt.ae\/?page_id=13712"},"modified":"2023-03-07T10:54:00","modified_gmt":"2023-03-07T06:54:00","slug":"comment-obtenir-une-licence-de-lifestyle-coaching-a-dubai","status":"publish","type":"page","link":"https:\/\/merritt.ae\/fr\/societe\/solutions-metiers\/comment-obtenir-une-licence-de-lifestyle-coaching-a-dubai\/","title":{"rendered":"Comment obtenir une licence de lifestyle coaching \u00e0 Dubai ?"},"content":{"rendered":"<div id='full_slider_1'  class='avia-fullwidth-slider main_color avia-shadow   avia-builder-el-0  el_before_av_textblock  avia-builder-el-first   container_wrap sidebar_right'  >\n<style type=\"text\/css\" data-created_by=\"avia_inline_auto\" id=\"style-css-av-2157ty-4f38cf8f4ada2928c77a158bc8f4623d\">\n#top #wrap_all .avia-slideshow .av-slideshow-caption.av-2157ty-4f38cf8f4ada2928c77a158bc8f4623d__0 .avia-caption-title{\ncolor:#ffffff;\n}\n#top .avia-slideshow .av-slideshow-caption.av-2157ty-4f38cf8f4ada2928c77a158bc8f4623d__0 .avia-caption-content{\ncolor:#ffffff;\n}\n<\/style>\n<div  class='avia-slideshow av-2157ty-4f38cf8f4ada2928c77a158bc8f4623d avia-slideshow-featured av_slideshow_full avia-slide-slider av-slideshow-ui av-control-default av-slideshow-manual av-loop-once av-loop-manual-endless av-default-height-applied   avia-slideshow-1' data-slideshow-options=\"{&quot;animation&quot;:&quot;slide&quot;,&quot;autoplay&quot;:false,&quot;loop_autoplay&quot;:&quot;once&quot;,&quot;interval&quot;:5,&quot;loop_manual&quot;:&quot;manual-endless&quot;,&quot;autoplay_stopper&quot;:false,&quot;noNavigation&quot;:false,&quot;bg_slider&quot;:false,&quot;keep_padding&quot;:false,&quot;hoverpause&quot;:false,&quot;show_slide_delay&quot;:0}\"  itemprop=\"image\" itemscope=\"itemscope\" itemtype=\"https:\/\/schema.org\/ImageObject\" ><ul class='avia-slideshow-inner ' style='padding-bottom: 28.666666666667%;'><li  class='avia-slideshow-slide av-2157ty-4f38cf8f4ada2928c77a158bc8f4623d__0  av-single-slide slide-1 slide-odd'><div data-rel='slideshow-1' class='avia-slide-wrap '   ><div class='av-slideshow-caption av-2157ty-4f38cf8f4ada2928c77a158bc8f4623d__0 caption_fullwidth caption_center caption_center_framed caption_framed'><div class=\"container caption_container\"><div class=\"slideshow_caption\"><div class=\"slideshow_inner_caption\"><div class=\"slideshow_align_caption\"><h2 class='avia-caption-title '  itemprop=\"name\" >Comment obtenir une licence de lifestyle coaching \u00e0 Dubai ?<\/h2><\/div><\/div><\/div><\/div><\/div><img decoding=\"async\" fetchpriority=\"high\" class=\"wp-image-5697 avia-img-lazy-loading-not-5697\"  src=\"https:\/\/merritt.ae\/wp-content\/uploads\/2019\/12\/Marina-1500x430.jpg\" width=\"1500\" height=\"430\" title='Marina' alt=''  itemprop=\"thumbnailUrl\"   \/><\/div><\/li><\/ul><\/div><\/div><div id='after_full_slider_1'  class='main_color av_default_container_wrap container_wrap sidebar_right'  ><div class='container av-section-cont-open' ><div class='template-page content  av-content-small alpha units'><div class='post-entry post-entry-type-page post-entry-13712'><div class='entry-content-wrapper clearfix'>\n<section  class='av_textblock_section av-k4h3lrkf-44f752ca6790e5d23e217be6212328ae '   itemscope=\"itemscope\" itemtype=\"https:\/\/schema.org\/CreativeWork\" ><div class='avia_textblock'  itemprop=\"text\" ><p>L\u2019activit\u00e9 coaching de vie plus connue sous le nom de \u00ab\u00a0Lifestyle Coaching\u00a0\u00bb peut \u00eatre exerc\u00e9e en mainland ou en Free Zone. Le choix de la juridiction d\u00e9pend des besoins de votre future activit\u00e9.<\/p>\n<p>Cependant, peu importe la juridiction que vous choisissez, notez qu\u2019il n\u2019est pas permis \u00e0 l\u2019entreprise avec l\u2019activit\u00e9 de Lifestyle Coaching d\u2019exercer les activit\u00e9s suivantes\u00a0:<\/p>\n<ul>\n<li>sports<\/li>\n<li>entra\u00eenement de remise en forme (fitness training)<\/li>\n<li>conseils en mati\u00e8re de r\u00e9gime alimentaire et de nutrition<\/li>\n<li>toutes les th\u00e9rapies ou traitements alternatifs ou non m\u00e9dicaux<\/li>\n<\/ul>\n<p>Ces activit\u00e9s sont g\u00e9r\u00e9es par d\u2019autres autorit\u00e9s et n\u00e9cessitent diff\u00e9rentes autorisations.<\/p>\n<h2>1. L\u2019approbation initiale<\/h2>\n<p>Depuis 2020, l\u2019activit\u00e9 de Lifestyle Coaching \u00e0 Dubai n\u00e9cessite l\u2019autorisation initiale aupr\u00e8s de DED. Un bureau physique est \u00e9galement obligatoire avec une surface minimum de 20m2 pour obtenir la licence.<\/p>\n<h2>2. Le nom commercial<\/h2>\n<p>Une des \u00e9tapes cruciale est l\u2019enregistrement du nom commercial aupr\u00e8s de DED. Cette d\u00e9marche se fait en ligne et notre \u00e9quipe peut s\u2019en charger.<\/p>\n<h2>3. Signature du bail commercial (EJARI)<\/h2>\n<p>Une fois que le nom de votre nom aura \u00e9t\u00e9 r\u00e9serv\u00e9, et les autorisations obtenues, nous vous assisteront pour la signature de votre bail commercial aussi appel\u00e9 EJARI.<\/p>\n<h2>4. L\u2019approbation de l\u2019autorit\u00e9 G\u00e9n\u00e9rale du Sport (General authority of Sport)<\/h2>\n<p>Ii suffit de soumettre la demande initiale et le nom commercial avec les copies des passeports et nous aurons l&#8217;approbation.<\/p>\n<h2>5. Immatriculation de la soci\u00e9t\u00e9 :<\/h2>\n<p>Une fois toutes les \u00e9tapes ci-dessus termin\u00e9es, une des \u00e9tapes les plus importantes et l\u2019immatriculation de votre soci\u00e9t\u00e9 aupr\u00e8s du registre. Pour cette \u00e9tape, notre \u00e9quipe vous accompagne si vous \u00eates physiquement pr\u00e9sents aux Emirats Arabes Unis. Sinon, il est \u00e9galement possible de faire la signature \u00e0 distance.<\/p>\n<p>Une fois les statuts sign\u00e9s, la licence commerciale est \u00e9mise dans un d\u00e9lai de 24 heures.<\/p>\n<h2>6. F\u00e9licitations, votre licence est \u00e9mise !<\/h2>\n<p>Si vous \u00eates int\u00e9ress\u00e9 par l\u2019activit\u00e9 de lifestyle coaching \u00e0 Dubai et que vous avez besoin d\u2019assistance, nous vous invitons \u00e0 nous rencontrer dans nos bureaux \u00e0 JLT.<\/p>\n<\/div><\/section>\n<section  class='av_textblock_section av-l1rw9zvg-6e349c67269b28c7f6b691a25b1812b7 '   itemscope=\"itemscope\" itemtype=\"https:\/\/schema.org\/CreativeWork\" ><div class='avia_textblock'  itemprop=\"text\" ><div data-getsitecontrol-inline=\"261729\"><\/div>\n<\/div><\/section>\n","protected":false},"excerpt":{"rendered":"","protected":false},"author":2,"featured_media":0,"parent":5386,"menu_order":14,"comment_status":"closed","ping_status":"closed","template":"","meta":{"inline_featured_image":false,"footnotes":""},"class_list":["post-13712","page","type-page","status-publish","hentry"],"yoast_head":"<!-- This site is optimized with the Yoast SEO plugin v26.9 - https:\/\/yoast.com\/product\/yoast-seo-wordpress\/ -->\n<title>Comment obtenir une licence de lifestyle coaching \u00e0 Dubai ?<\/title>\n<meta name=\"description\" content=\"L\u2019activit\u00e9 coaching de vie plus connue sous le nom de \u00ab\u00a0Lifestyle Coaching\u00a0\u00bb peut \u00eatre exerc\u00e9e en mainland ou en Free Zone. Le choix de la juridiction d\u00e9pend des besoins de votre future activit\u00e9.\" \/>\n<meta name=\"robots\" content=\"index, follow, max-snippet:-1, max-image-preview:large, max-video-preview:-1\" \/>\n<link rel=\"canonical\" href=\"https:\/\/merritt.ae\/fr\/societe\/solutions-metiers\/comment-obtenir-une-licence-de-lifestyle-coaching-a-dubai\/\" \/>\n<meta property=\"og:locale\" content=\"fr_FR\" \/>\n<meta property=\"og:type\" content=\"article\" \/>\n<meta property=\"og:title\" content=\"Comment obtenir une licence de lifestyle coaching \u00e0 Dubai ?\" \/>\n<meta property=\"og:description\" content=\"L\u2019activit\u00e9 coaching de vie plus connue sous le nom de \u00ab\u00a0Lifestyle Coaching\u00a0\u00bb peut \u00eatre exerc\u00e9e en mainland ou en Free Zone. Le choix de la juridiction d\u00e9pend des besoins de votre future activit\u00e9.\" \/>\n<meta property=\"og:url\" content=\"https:\/\/merritt.ae\/fr\/societe\/solutions-metiers\/comment-obtenir-une-licence-de-lifestyle-coaching-a-dubai\/\" \/>\n<meta property=\"og:site_name\" content=\"merritt.ae\" \/>\n<meta property=\"article:modified_time\" content=\"2023-03-07T06:54:00+00:00\" \/>\n<meta property=\"og:image\" content=\"https:\/\/merritt.ae\/wp-content\/uploads\/2021\/11\/ME-new-featured.jpg\" \/>\n\t<meta property=\"og:image:width\" content=\"1200\" \/>\n\t<meta property=\"og:image:height\" content=\"630\" \/>\n\t<meta property=\"og:image:type\" content=\"image\/jpeg\" \/>\n<meta name=\"twitter:card\" content=\"summary_large_image\" \/>\n<meta name=\"twitter:label1\" content=\"Dur\u00e9e de lecture estim\u00e9e\" \/>\n\t<meta name=\"twitter:data1\" content=\"2 minutes\" \/>\n<script type=\"application\/ld+json\" class=\"yoast-schema-graph\">{\"@context\":\"https:\/\/schema.org\",\"@graph\":[{\"@type\":\"WebPage\",\"@id\":\"https:\/\/merritt.ae\/fr\/societe\/solutions-metiers\/comment-obtenir-une-licence-de-lifestyle-coaching-a-dubai\/\",\"url\":\"https:\/\/merritt.ae\/fr\/societe\/solutions-metiers\/comment-obtenir-une-licence-de-lifestyle-coaching-a-dubai\/\",\"name\":\"Comment obtenir une licence de lifestyle coaching \u00e0 Dubai ?\",\"isPartOf\":{\"@id\":\"https:\/\/merritt.ae\/#website\"},\"datePublished\":\"2022-07-04T07:01:05+00:00\",\"dateModified\":\"2023-03-07T06:54:00+00:00\",\"description\":\"L\u2019activit\u00e9 coaching de vie plus connue sous le nom de \u00ab\u00a0Lifestyle Coaching\u00a0\u00bb peut \u00eatre exerc\u00e9e en mainland ou en Free Zone. Le choix de la juridiction d\u00e9pend des besoins de votre future activit\u00e9.\",\"breadcrumb\":{\"@id\":\"https:\/\/merritt.ae\/fr\/societe\/solutions-metiers\/comment-obtenir-une-licence-de-lifestyle-coaching-a-dubai\/#breadcrumb\"},\"inLanguage\":\"fr-FR\",\"potentialAction\":[{\"@type\":\"ReadAction\",\"target\":[\"https:\/\/merritt.ae\/fr\/societe\/solutions-metiers\/comment-obtenir-une-licence-de-lifestyle-coaching-a-dubai\/\"]}]},{\"@type\":\"BreadcrumbList\",\"@id\":\"https:\/\/merritt.ae\/fr\/societe\/solutions-metiers\/comment-obtenir-une-licence-de-lifestyle-coaching-a-dubai\/#breadcrumb\",\"itemListElement\":[{\"@type\":\"ListItem\",\"position\":1,\"name\":\"Home\",\"item\":\"https:\/\/merritt.ae\/fr\/accueil\/\"},{\"@type\":\"ListItem\",\"position\":2,\"name\":\"Soci\u00e9t\u00e9 \u00e0 Dubai\",\"item\":\"https:\/\/merritt.ae\/fr\/societe\/\"},{\"@type\":\"ListItem\",\"position\":3,\"name\":\"Solutions m\u00e9tiers\",\"item\":\"https:\/\/merritt.ae\/fr\/societe\/solutions-metiers\/\"},{\"@type\":\"ListItem\",\"position\":4,\"name\":\"Comment obtenir une licence de lifestyle coaching \u00e0 Dubai ?\"}]},{\"@type\":\"WebSite\",\"@id\":\"https:\/\/merritt.ae\/#website\",\"url\":\"https:\/\/merritt.ae\/\",\"name\":\"merritt.ae\",\"description\":\"\",\"publisher\":{\"@id\":\"https:\/\/merritt.ae\/#organization\"},\"potentialAction\":[{\"@type\":\"SearchAction\",\"target\":{\"@type\":\"EntryPoint\",\"urlTemplate\":\"https:\/\/merritt.ae\/?s={search_term_string}\"},\"query-input\":{\"@type\":\"PropertyValueSpecification\",\"valueRequired\":true,\"valueName\":\"search_term_string\"}}],\"inLanguage\":\"fr-FR\"},{\"@type\":\"Organization\",\"@id\":\"https:\/\/merritt.ae\/#organization\",\"name\":\"merritt.ae\",\"url\":\"https:\/\/merritt.ae\/\",\"logo\":{\"@type\":\"ImageObject\",\"inLanguage\":\"fr-FR\",\"@id\":\"https:\/\/merritt.ae\/#\/schema\/logo\/image\/\",\"url\":\"https:\/\/merritt.ae\/wp-content\/uploads\/2021\/11\/ME-new-featured.jpg\",\"contentUrl\":\"https:\/\/merritt.ae\/wp-content\/uploads\/2021\/11\/ME-new-featured.jpg\",\"width\":1200,\"height\":630,\"caption\":\"merritt.ae\"},\"image\":{\"@id\":\"https:\/\/merritt.ae\/#\/schema\/logo\/image\/\"}}]}<\/script>\n<!-- \/ Yoast SEO plugin. -->","yoast_head_json":{"title":"Comment obtenir une licence de lifestyle coaching \u00e0 Dubai ?","description":"L\u2019activit\u00e9 coaching de vie plus connue sous le nom de \u00ab\u00a0Lifestyle Coaching\u00a0\u00bb peut \u00eatre exerc\u00e9e en mainland ou en Free Zone. Le choix de la juridiction d\u00e9pend des besoins de votre future activit\u00e9.","robots":{"index":"index","follow":"follow","max-snippet":"max-snippet:-1","max-image-preview":"max-image-preview:large","max-video-preview":"max-video-preview:-1"},"canonical":"https:\/\/merritt.ae\/fr\/societe\/solutions-metiers\/comment-obtenir-une-licence-de-lifestyle-coaching-a-dubai\/","og_locale":"fr_FR","og_type":"article","og_title":"Comment obtenir une licence de lifestyle coaching \u00e0 Dubai ?","og_description":"L\u2019activit\u00e9 coaching de vie plus connue sous le nom de \u00ab\u00a0Lifestyle Coaching\u00a0\u00bb peut \u00eatre exerc\u00e9e en mainland ou en Free Zone. Le choix de la juridiction d\u00e9pend des besoins de votre future activit\u00e9.","og_url":"https:\/\/merritt.ae\/fr\/societe\/solutions-metiers\/comment-obtenir-une-licence-de-lifestyle-coaching-a-dubai\/","og_site_name":"merritt.ae","article_modified_time":"2023-03-07T06:54:00+00:00","og_image":[{"width":1200,"height":630,"url":"https:\/\/merritt.ae\/wp-content\/uploads\/2021\/11\/ME-new-featured.jpg","type":"image\/jpeg"}],"twitter_card":"summary_large_image","twitter_misc":{"Dur\u00e9e de lecture estim\u00e9e":"2 minutes"},"schema":{"@context":"https:\/\/schema.org","@graph":[{"@type":"WebPage","@id":"https:\/\/merritt.ae\/fr\/societe\/solutions-metiers\/comment-obtenir-une-licence-de-lifestyle-coaching-a-dubai\/","url":"https:\/\/merritt.ae\/fr\/societe\/solutions-metiers\/comment-obtenir-une-licence-de-lifestyle-coaching-a-dubai\/","name":"Comment obtenir une licence de lifestyle coaching \u00e0 Dubai ?","isPartOf":{"@id":"https:\/\/merritt.ae\/#website"},"datePublished":"2022-07-04T07:01:05+00:00","dateModified":"2023-03-07T06:54:00+00:00","description":"L\u2019activit\u00e9 coaching de vie plus connue sous le nom de \u00ab\u00a0Lifestyle Coaching\u00a0\u00bb peut \u00eatre exerc\u00e9e en mainland ou en Free Zone. Le choix de la juridiction d\u00e9pend des besoins de votre future activit\u00e9.","breadcrumb":{"@id":"https:\/\/merritt.ae\/fr\/societe\/solutions-metiers\/comment-obtenir-une-licence-de-lifestyle-coaching-a-dubai\/#breadcrumb"},"inLanguage":"fr-FR","potentialAction":[{"@type":"ReadAction","target":["https:\/\/merritt.ae\/fr\/societe\/solutions-metiers\/comment-obtenir-une-licence-de-lifestyle-coaching-a-dubai\/"]}]},{"@type":"BreadcrumbList","@id":"https:\/\/merritt.ae\/fr\/societe\/solutions-metiers\/comment-obtenir-une-licence-de-lifestyle-coaching-a-dubai\/#breadcrumb","itemListElement":[{"@type":"ListItem","position":1,"name":"Home","item":"https:\/\/merritt.ae\/fr\/accueil\/"},{"@type":"ListItem","position":2,"name":"Soci\u00e9t\u00e9 \u00e0 Dubai","item":"https:\/\/merritt.ae\/fr\/societe\/"},{"@type":"ListItem","position":3,"name":"Solutions m\u00e9tiers","item":"https:\/\/merritt.ae\/fr\/societe\/solutions-metiers\/"},{"@type":"ListItem","position":4,"name":"Comment obtenir une licence de lifestyle coaching \u00e0 Dubai ?"}]},{"@type":"WebSite","@id":"https:\/\/merritt.ae\/#website","url":"https:\/\/merritt.ae\/","name":"merritt.ae","description":"","publisher":{"@id":"https:\/\/merritt.ae\/#organization"},"potentialAction":[{"@type":"SearchAction","target":{"@type":"EntryPoint","urlTemplate":"https:\/\/merritt.ae\/?s={search_term_string}"},"query-input":{"@type":"PropertyValueSpecification","valueRequired":true,"valueName":"search_term_string"}}],"inLanguage":"fr-FR"},{"@type":"Organization","@id":"https:\/\/merritt.ae\/#organization","name":"merritt.ae","url":"https:\/\/merritt.ae\/","logo":{"@type":"ImageObject","inLanguage":"fr-FR","@id":"https:\/\/merritt.ae\/#\/schema\/logo\/image\/","url":"https:\/\/merritt.ae\/wp-content\/uploads\/2021\/11\/ME-new-featured.jpg","contentUrl":"https:\/\/merritt.ae\/wp-content\/uploads\/2021\/11\/ME-new-featured.jpg","width":1200,"height":630,"caption":"merritt.ae"},"image":{"@id":"https:\/\/merritt.ae\/#\/schema\/logo\/image\/"}}]}},"_links":{"self":[{"href":"https:\/\/merritt.ae\/fr\/wp-json\/wp\/v2\/pages\/13712","targetHints":{"allow":["GET"]}}],"collection":[{"href":"https:\/\/merritt.ae\/fr\/wp-json\/wp\/v2\/pages"}],"about":[{"href":"https:\/\/merritt.ae\/fr\/wp-json\/wp\/v2\/types\/page"}],"author":[{"embeddable":true,"href":"https:\/\/merritt.ae\/fr\/wp-json\/wp\/v2\/users\/2"}],"replies":[{"embeddable":true,"href":"https:\/\/merritt.ae\/fr\/wp-json\/wp\/v2\/comments?post=13712"}],"version-history":[{"count":4,"href":"https:\/\/merritt.ae\/fr\/wp-json\/wp\/v2\/pages\/13712\/revisions"}],"predecessor-version":[{"id":17257,"href":"https:\/\/merritt.ae\/fr\/wp-json\/wp\/v2\/pages\/13712\/revisions\/17257"}],"up":[{"embeddable":true,"href":"https:\/\/merritt.ae\/fr\/wp-json\/wp\/v2\/pages\/5386"}],"wp:attachment":[{"href":"https:\/\/merritt.ae\/fr\/wp-json\/wp\/v2\/media?parent=13712"}],"curies":[{"name":"wp","href":"https:\/\/api.w.org\/{rel}","templated":true}]}}