{"id":13708,"date":"2022-07-04T10:51:00","date_gmt":"2022-07-04T06:51:00","guid":{"rendered":"https:\/\/merritt.ae\/?page_id=13708"},"modified":"2022-07-04T11:27:22","modified_gmt":"2022-07-04T07:27:22","slug":"comment-deposer-une-marque-aux-emirats","status":"publish","type":"page","link":"https:\/\/merritt.ae\/fr\/societe\/solutions-metiers\/comment-deposer-une-marque-aux-emirats\/","title":{"rendered":"Comment d\u00e9poser une marque aux Emirats?"},"content":{"rendered":"<div id='full_slider_1'  class='avia-fullwidth-slider main_color avia-shadow   avia-builder-el-0  el_before_av_textblock  avia-builder-el-first   container_wrap sidebar_right'  >\n<style type=\"text\/css\" data-created_by=\"avia_inline_auto\" id=\"style-css-av-2157ty-9f61beb680f2e2130ff932ad0ce0c85d\">\n#top #wrap_all .avia-slideshow .av-slideshow-caption.av-2157ty-9f61beb680f2e2130ff932ad0ce0c85d__0 .avia-caption-title{\ncolor:#ffffff;\n}\n#top .avia-slideshow .av-slideshow-caption.av-2157ty-9f61beb680f2e2130ff932ad0ce0c85d__0 .avia-caption-content{\ncolor:#ffffff;\n}\n<\/style>\n<div  class='avia-slideshow av-2157ty-9f61beb680f2e2130ff932ad0ce0c85d avia-slideshow-featured av_slideshow_full avia-slide-slider av-slideshow-ui av-control-default av-slideshow-manual av-loop-once av-loop-manual-endless av-default-height-applied   avia-slideshow-1' data-slideshow-options=\"{&quot;animation&quot;:&quot;slide&quot;,&quot;autoplay&quot;:false,&quot;loop_autoplay&quot;:&quot;once&quot;,&quot;interval&quot;:5,&quot;loop_manual&quot;:&quot;manual-endless&quot;,&quot;autoplay_stopper&quot;:false,&quot;noNavigation&quot;:false,&quot;bg_slider&quot;:false,&quot;keep_padding&quot;:false,&quot;hoverpause&quot;:false,&quot;show_slide_delay&quot;:0}\"  itemprop=\"image\" itemscope=\"itemscope\" itemtype=\"https:\/\/schema.org\/ImageObject\" ><ul class='avia-slideshow-inner ' style='padding-bottom: 28.666666666667%;'><li  class='avia-slideshow-slide av-2157ty-9f61beb680f2e2130ff932ad0ce0c85d__0  av-single-slide slide-1 slide-odd'><div data-rel='slideshow-1' class='avia-slide-wrap '   ><div class='av-slideshow-caption av-2157ty-9f61beb680f2e2130ff932ad0ce0c85d__0 caption_fullwidth caption_center caption_center_framed caption_framed'><div class=\"container caption_container\"><div class=\"slideshow_caption\"><div class=\"slideshow_inner_caption\"><div class=\"slideshow_align_caption\"><h2 class='avia-caption-title '  itemprop=\"name\" >Comment d\u00e9poser une marque aux Emirats?<\/h2><\/div><\/div><\/div><\/div><\/div><img decoding=\"async\" fetchpriority=\"high\" class=\"wp-image-5697 avia-img-lazy-loading-not-5697\"  src=\"https:\/\/merritt.ae\/wp-content\/uploads\/2019\/12\/Marina-1500x430.jpg\" width=\"1500\" height=\"430\" title='Marina' alt=''  itemprop=\"thumbnailUrl\"   \/><\/div><\/li><\/ul><\/div><\/div><div id='after_full_slider_1'  class='main_color av_default_container_wrap container_wrap sidebar_right'  ><div class='container av-section-cont-open' ><div class='template-page content  av-content-small alpha units'><div class='post-entry post-entry-type-page post-entry-13708'><div class='entry-content-wrapper clearfix'>\n<section  class='av_textblock_section av-k4h3lrkf-44f752ca6790e5d23e217be6212328ae '   itemscope=\"itemscope\" itemtype=\"https:\/\/schema.org\/CreativeWork\" ><div class='avia_textblock'  itemprop=\"text\" ><p>La proc\u00e9dure de d\u00e9p\u00f4t d\u2019une marque aux Emirats Arabes Unis prend de 1 \u00e0 6 mois. Cet enregistrement n\u2019est valide qu\u2019aux Emirats, non pas \u00e0 l\u2019international.<\/p>\n<h2>1. Marque \u00e0 d\u00e9poser<\/h2>\n<p>Choisir votre marque et v\u00e9rifier que cette derni\u00e8re est disponible et non pas utilis\u00e9e par une autre entit\u00e9. Si la marque est d\u00e9j\u00e0 utilis\u00e9e, il sera alors impossible pour vous de l\u2019enregistrer.<\/p>\n<h2>2. D\u00e9p\u00f4t de dossier<\/h2>\n<p>La demande est d\u00e9mat\u00e9rialis\u00e9e et se fait enti\u00e8rement en ligne sur le site du Minist\u00e8re de l\u2019\u00e9conomie.<\/p>\n<h2>3. Approbation<\/h2>\n<p>Apr\u00e8s examen complet de votre dossier par le Minist\u00e8re de l\u2019Economie, vous devriez recevoir l\u2019approbation dans les trente (30) jours.<\/p>\n<p><em>Attention\u00a0: tout dossier incomplet sera rejet\u00e9. Vous pourrez toujours faire appel ou modifier votre demande.<\/em><\/p>\n<h2>4. Publication dans les journaux locaux<\/h2>\n<p>Une fois la demande d\u2019enregistrement de votre marque valid\u00e9e, il faudra publier une annonce dans le journal officiel et dans deux journaux locaux en arabe &#8211; \u00e0 vos frais &#8211; pour une p\u00e9riode d&#8217;un jour.<\/p>\n<p>Apr\u00e8s la publication dans les journaux, le public dispose de trente (30) jours pour contester votre marque.<\/p>\n<h2>5. Certificat d\u2019enregistrement du nom de marque<\/h2>\n<p>Au-del\u00e0 de la p\u00e9riode des trente (30) jours, si personne ne s\u2019est manifest\u00e9 alors vous pourrez consid\u00e9rer votre marque comme \u00e9tant votre propri\u00e9t\u00e9. Le minist\u00e8re vous fournira un certificat d\u2019enregistrement de votre marque \u00e0 Dubai. Ce certificat contient des informations importantes comme\u00a0:<\/p>\n<ul>\n<li>le num\u00e9ro d&#8217;enregistrement de la marque\u00a0;<\/li>\n<li>le nom commercial\u00a0;<\/li>\n<li>le nom du propri\u00e9taire,<\/li>\n<li>la marque elle-m\u00eame\u00a0;<\/li>\n<li>une description des produits et services qui en rel\u00e8vent.<\/li>\n<\/ul>\n<p>A savoir\u00a0: une marque est enregistr\u00e9e pour une dur\u00e9e de dix (10) ans \u00e0 Dubai, apr\u00e8s quoi il faudra renouveler l\u2019enregistrement.<\/p>\n<p>Cet enregistrement n\u2019est valide qu\u2019au sein des sept (7) Emirats et non pas \u00e0 l\u2019international.<\/p>\n<\/div><\/section>\n<section  class='av_textblock_section av-l1rw9zvg-6e349c67269b28c7f6b691a25b1812b7 '   itemscope=\"itemscope\" itemtype=\"https:\/\/schema.org\/CreativeWork\" ><div class='avia_textblock'  itemprop=\"text\" ><div data-getsitecontrol-inline=\"261729\"><\/div>\n<\/div><\/section>\n","protected":false},"excerpt":{"rendered":"","protected":false},"author":2,"featured_media":0,"parent":5386,"menu_order":13,"comment_status":"closed","ping_status":"closed","template":"","meta":{"inline_featured_image":false,"footnotes":""},"class_list":["post-13708","page","type-page","status-publish","hentry"],"yoast_head":"<!-- This site is optimized with the Yoast SEO plugin v27.5 - https:\/\/yoast.com\/product\/yoast-seo-wordpress\/ -->\n<title>Comment d\u00e9poser une marque aux Emirats?<\/title>\n<meta name=\"description\" content=\"La proc\u00e9dure de d\u00e9p\u00f4t d\u2019une marque aux Emirats Arabes Unis prend de 1 \u00e0 6 mois. Cet enregistrement n\u2019est valide qu\u2019aux Emirats, non pas \u00e0 l\u2019international.\" \/>\n<meta name=\"robots\" content=\"index, follow, max-snippet:-1, max-image-preview:large, max-video-preview:-1\" \/>\n<link rel=\"canonical\" href=\"https:\/\/merritt.ae\/fr\/societe\/solutions-metiers\/comment-deposer-une-marque-aux-emirats\/\" \/>\n<meta property=\"og:locale\" content=\"fr_FR\" \/>\n<meta property=\"og:type\" content=\"article\" \/>\n<meta property=\"og:title\" content=\"Comment d\u00e9poser une marque aux Emirats?\" \/>\n<meta property=\"og:description\" content=\"La proc\u00e9dure de d\u00e9p\u00f4t d\u2019une marque aux Emirats Arabes Unis prend de 1 \u00e0 6 mois. Cet enregistrement n\u2019est valide qu\u2019aux Emirats, non pas \u00e0 l\u2019international.\" \/>\n<meta property=\"og:url\" content=\"https:\/\/merritt.ae\/fr\/societe\/solutions-metiers\/comment-deposer-une-marque-aux-emirats\/\" \/>\n<meta property=\"og:site_name\" content=\"merritt.ae\" \/>\n<meta property=\"article:modified_time\" content=\"2022-07-04T07:27:22+00:00\" \/>\n<meta property=\"og:image\" content=\"https:\/\/merritt.ae\/wp-content\/uploads\/2021\/11\/ME-new-featured.jpg\" \/>\n\t<meta property=\"og:image:width\" content=\"1200\" \/>\n\t<meta property=\"og:image:height\" content=\"630\" \/>\n\t<meta property=\"og:image:type\" content=\"image\/jpeg\" \/>\n<meta name=\"twitter:card\" content=\"summary_large_image\" \/>\n<meta name=\"twitter:label1\" content=\"Dur\u00e9e de lecture estim\u00e9e\" \/>\n\t<meta name=\"twitter:data1\" content=\"3 minutes\" \/>\n<script type=\"application\/ld+json\" class=\"yoast-schema-graph\">{\"@context\":\"https:\\\/\\\/schema.org\",\"@graph\":[{\"@type\":\"WebPage\",\"@id\":\"https:\\\/\\\/merritt.ae\\\/fr\\\/societe\\\/solutions-metiers\\\/comment-deposer-une-marque-aux-emirats\\\/\",\"url\":\"https:\\\/\\\/merritt.ae\\\/fr\\\/societe\\\/solutions-metiers\\\/comment-deposer-une-marque-aux-emirats\\\/\",\"name\":\"Comment d\u00e9poser une marque aux Emirats?\",\"isPartOf\":{\"@id\":\"https:\\\/\\\/merritt.ae\\\/#website\"},\"datePublished\":\"2022-07-04T06:51:00+00:00\",\"dateModified\":\"2022-07-04T07:27:22+00:00\",\"description\":\"La proc\u00e9dure de d\u00e9p\u00f4t d\u2019une marque aux Emirats Arabes Unis prend de 1 \u00e0 6 mois. Cet enregistrement n\u2019est valide qu\u2019aux Emirats, non pas \u00e0 l\u2019international.\",\"breadcrumb\":{\"@id\":\"https:\\\/\\\/merritt.ae\\\/fr\\\/societe\\\/solutions-metiers\\\/comment-deposer-une-marque-aux-emirats\\\/#breadcrumb\"},\"inLanguage\":\"fr-FR\",\"potentialAction\":[{\"@type\":\"ReadAction\",\"target\":[\"https:\\\/\\\/merritt.ae\\\/fr\\\/societe\\\/solutions-metiers\\\/comment-deposer-une-marque-aux-emirats\\\/\"]}]},{\"@type\":\"BreadcrumbList\",\"@id\":\"https:\\\/\\\/merritt.ae\\\/fr\\\/societe\\\/solutions-metiers\\\/comment-deposer-une-marque-aux-emirats\\\/#breadcrumb\",\"itemListElement\":[{\"@type\":\"ListItem\",\"position\":1,\"name\":\"Home\",\"item\":\"https:\\\/\\\/merritt.ae\\\/fr\\\/accueil\\\/\"},{\"@type\":\"ListItem\",\"position\":2,\"name\":\"Soci\u00e9t\u00e9 \u00e0 Dubai\",\"item\":\"https:\\\/\\\/merritt.ae\\\/fr\\\/societe\\\/\"},{\"@type\":\"ListItem\",\"position\":3,\"name\":\"Solutions m\u00e9tiers\",\"item\":\"https:\\\/\\\/merritt.ae\\\/fr\\\/societe\\\/solutions-metiers\\\/\"},{\"@type\":\"ListItem\",\"position\":4,\"name\":\"Comment d\u00e9poser une marque aux Emirats?\"}]},{\"@type\":\"WebSite\",\"@id\":\"https:\\\/\\\/merritt.ae\\\/#website\",\"url\":\"https:\\\/\\\/merritt.ae\\\/\",\"name\":\"merritt.ae\",\"description\":\"\",\"publisher\":{\"@id\":\"https:\\\/\\\/merritt.ae\\\/#organization\"},\"potentialAction\":[{\"@type\":\"SearchAction\",\"target\":{\"@type\":\"EntryPoint\",\"urlTemplate\":\"https:\\\/\\\/merritt.ae\\\/?s={search_term_string}\"},\"query-input\":{\"@type\":\"PropertyValueSpecification\",\"valueRequired\":true,\"valueName\":\"search_term_string\"}}],\"inLanguage\":\"fr-FR\"},{\"@type\":\"Organization\",\"@id\":\"https:\\\/\\\/merritt.ae\\\/#organization\",\"name\":\"merritt.ae\",\"url\":\"https:\\\/\\\/merritt.ae\\\/\",\"logo\":{\"@type\":\"ImageObject\",\"inLanguage\":\"fr-FR\",\"@id\":\"https:\\\/\\\/merritt.ae\\\/#\\\/schema\\\/logo\\\/image\\\/\",\"url\":\"https:\\\/\\\/merritt.ae\\\/wp-content\\\/uploads\\\/2021\\\/11\\\/ME-new-featured.jpg\",\"contentUrl\":\"https:\\\/\\\/merritt.ae\\\/wp-content\\\/uploads\\\/2021\\\/11\\\/ME-new-featured.jpg\",\"width\":1200,\"height\":630,\"caption\":\"merritt.ae\"},\"image\":{\"@id\":\"https:\\\/\\\/merritt.ae\\\/#\\\/schema\\\/logo\\\/image\\\/\"}}]}<\/script>\n<!-- \/ Yoast SEO plugin. -->","yoast_head_json":{"title":"Comment d\u00e9poser une marque aux Emirats?","description":"La proc\u00e9dure de d\u00e9p\u00f4t d\u2019une marque aux Emirats Arabes Unis prend de 1 \u00e0 6 mois. Cet enregistrement n\u2019est valide qu\u2019aux Emirats, non pas \u00e0 l\u2019international.","robots":{"index":"index","follow":"follow","max-snippet":"max-snippet:-1","max-image-preview":"max-image-preview:large","max-video-preview":"max-video-preview:-1"},"canonical":"https:\/\/merritt.ae\/fr\/societe\/solutions-metiers\/comment-deposer-une-marque-aux-emirats\/","og_locale":"fr_FR","og_type":"article","og_title":"Comment d\u00e9poser une marque aux Emirats?","og_description":"La proc\u00e9dure de d\u00e9p\u00f4t d\u2019une marque aux Emirats Arabes Unis prend de 1 \u00e0 6 mois. Cet enregistrement n\u2019est valide qu\u2019aux Emirats, non pas \u00e0 l\u2019international.","og_url":"https:\/\/merritt.ae\/fr\/societe\/solutions-metiers\/comment-deposer-une-marque-aux-emirats\/","og_site_name":"merritt.ae","article_modified_time":"2022-07-04T07:27:22+00:00","og_image":[{"width":1200,"height":630,"url":"https:\/\/merritt.ae\/wp-content\/uploads\/2021\/11\/ME-new-featured.jpg","type":"image\/jpeg"}],"twitter_card":"summary_large_image","twitter_misc":{"Dur\u00e9e de lecture estim\u00e9e":"3 minutes"},"schema":{"@context":"https:\/\/schema.org","@graph":[{"@type":"WebPage","@id":"https:\/\/merritt.ae\/fr\/societe\/solutions-metiers\/comment-deposer-une-marque-aux-emirats\/","url":"https:\/\/merritt.ae\/fr\/societe\/solutions-metiers\/comment-deposer-une-marque-aux-emirats\/","name":"Comment d\u00e9poser une marque aux Emirats?","isPartOf":{"@id":"https:\/\/merritt.ae\/#website"},"datePublished":"2022-07-04T06:51:00+00:00","dateModified":"2022-07-04T07:27:22+00:00","description":"La proc\u00e9dure de d\u00e9p\u00f4t d\u2019une marque aux Emirats Arabes Unis prend de 1 \u00e0 6 mois. Cet enregistrement n\u2019est valide qu\u2019aux Emirats, non pas \u00e0 l\u2019international.","breadcrumb":{"@id":"https:\/\/merritt.ae\/fr\/societe\/solutions-metiers\/comment-deposer-une-marque-aux-emirats\/#breadcrumb"},"inLanguage":"fr-FR","potentialAction":[{"@type":"ReadAction","target":["https:\/\/merritt.ae\/fr\/societe\/solutions-metiers\/comment-deposer-une-marque-aux-emirats\/"]}]},{"@type":"BreadcrumbList","@id":"https:\/\/merritt.ae\/fr\/societe\/solutions-metiers\/comment-deposer-une-marque-aux-emirats\/#breadcrumb","itemListElement":[{"@type":"ListItem","position":1,"name":"Home","item":"https:\/\/merritt.ae\/fr\/accueil\/"},{"@type":"ListItem","position":2,"name":"Soci\u00e9t\u00e9 \u00e0 Dubai","item":"https:\/\/merritt.ae\/fr\/societe\/"},{"@type":"ListItem","position":3,"name":"Solutions m\u00e9tiers","item":"https:\/\/merritt.ae\/fr\/societe\/solutions-metiers\/"},{"@type":"ListItem","position":4,"name":"Comment d\u00e9poser une marque aux Emirats?"}]},{"@type":"WebSite","@id":"https:\/\/merritt.ae\/#website","url":"https:\/\/merritt.ae\/","name":"merritt.ae","description":"","publisher":{"@id":"https:\/\/merritt.ae\/#organization"},"potentialAction":[{"@type":"SearchAction","target":{"@type":"EntryPoint","urlTemplate":"https:\/\/merritt.ae\/?s={search_term_string}"},"query-input":{"@type":"PropertyValueSpecification","valueRequired":true,"valueName":"search_term_string"}}],"inLanguage":"fr-FR"},{"@type":"Organization","@id":"https:\/\/merritt.ae\/#organization","name":"merritt.ae","url":"https:\/\/merritt.ae\/","logo":{"@type":"ImageObject","inLanguage":"fr-FR","@id":"https:\/\/merritt.ae\/#\/schema\/logo\/image\/","url":"https:\/\/merritt.ae\/wp-content\/uploads\/2021\/11\/ME-new-featured.jpg","contentUrl":"https:\/\/merritt.ae\/wp-content\/uploads\/2021\/11\/ME-new-featured.jpg","width":1200,"height":630,"caption":"merritt.ae"},"image":{"@id":"https:\/\/merritt.ae\/#\/schema\/logo\/image\/"}}]}},"_links":{"self":[{"href":"https:\/\/merritt.ae\/fr\/wp-json\/wp\/v2\/pages\/13708","targetHints":{"allow":["GET"]}}],"collection":[{"href":"https:\/\/merritt.ae\/fr\/wp-json\/wp\/v2\/pages"}],"about":[{"href":"https:\/\/merritt.ae\/fr\/wp-json\/wp\/v2\/types\/page"}],"author":[{"embeddable":true,"href":"https:\/\/merritt.ae\/fr\/wp-json\/wp\/v2\/users\/2"}],"replies":[{"embeddable":true,"href":"https:\/\/merritt.ae\/fr\/wp-json\/wp\/v2\/comments?post=13708"}],"version-history":[{"count":3,"href":"https:\/\/merritt.ae\/fr\/wp-json\/wp\/v2\/pages\/13708\/revisions"}],"predecessor-version":[{"id":17254,"href":"https:\/\/merritt.ae\/fr\/wp-json\/wp\/v2\/pages\/13708\/revisions\/17254"}],"up":[{"embeddable":true,"href":"https:\/\/merritt.ae\/fr\/wp-json\/wp\/v2\/pages\/5386"}],"wp:attachment":[{"href":"https:\/\/merritt.ae\/fr\/wp-json\/wp\/v2\/media?parent=13708"}],"curies":[{"name":"wp","href":"https:\/\/api.w.org\/{rel}","templated":true}]}}