{"id":13705,"date":"2022-07-04T10:44:09","date_gmt":"2022-07-04T06:44:09","guid":{"rendered":"https:\/\/merritt.ae\/?page_id=13705"},"modified":"2024-09-18T14:53:13","modified_gmt":"2024-09-18T10:53:13","slug":"comment-un-medecin-etranger-peux-exercer-aux-emirats","status":"publish","type":"page","link":"https:\/\/merritt.ae\/fr\/societe\/solutions-metiers\/comment-un-medecin-etranger-peux-exercer-aux-emirats\/","title":{"rendered":"Comment un m\u00e9decin \u00e9tranger peut exercer aux Emirats?"},"content":{"rendered":"<div id='full_slider_1'  class='avia-fullwidth-slider main_color avia-shadow   avia-builder-el-0  el_before_av_textblock  avia-builder-el-first   container_wrap sidebar_right'  >\n<style type=\"text\/css\" data-created_by=\"avia_inline_auto\" id=\"style-css-av-2157ty-9f61beb680f2e2130ff932ad0ce0c85d\">\n#top #wrap_all .avia-slideshow .av-slideshow-caption.av-2157ty-9f61beb680f2e2130ff932ad0ce0c85d__0 .avia-caption-title{\ncolor:#fff;\n}\n#top .avia-slideshow .av-slideshow-caption.av-2157ty-9f61beb680f2e2130ff932ad0ce0c85d__0 .avia-caption-content{\ncolor:#ffffff;\n}\n<\/style>\n<div  class='avia-slideshow av-2157ty-9f61beb680f2e2130ff932ad0ce0c85d avia-slideshow-featured av_slideshow_full avia-slide-slider av-slideshow-ui av-control-default av-slideshow-manual av-loop-once av-loop-manual-endless av-default-height-applied   avia-slideshow-1' data-slideshow-options=\"{&quot;animation&quot;:&quot;slide&quot;,&quot;autoplay&quot;:false,&quot;loop_autoplay&quot;:&quot;once&quot;,&quot;interval&quot;:5,&quot;loop_manual&quot;:&quot;manual-endless&quot;,&quot;autoplay_stopper&quot;:false,&quot;noNavigation&quot;:false,&quot;bg_slider&quot;:false,&quot;keep_padding&quot;:false,&quot;hoverpause&quot;:false,&quot;show_slide_delay&quot;:0}\"  itemprop=\"image\" itemscope=\"itemscope\" itemtype=\"https:\/\/schema.org\/ImageObject\" ><ul class='avia-slideshow-inner ' style='padding-bottom: 28.666666666667%;'><li  class='avia-slideshow-slide av-2157ty-9f61beb680f2e2130ff932ad0ce0c85d__0  av-single-slide slide-1 slide-odd'><div data-rel='slideshow-1' class='avia-slide-wrap '   ><div class='av-slideshow-caption av-2157ty-9f61beb680f2e2130ff932ad0ce0c85d__0 caption_fullwidth caption_center caption_center_framed caption_framed'><div class=\"container caption_container\"><div class=\"slideshow_caption\"><div class=\"slideshow_inner_caption\"><div class=\"slideshow_align_caption\"><h2 class='avia-caption-title '  itemprop=\"name\" >Comment un m\u00e9decin \u00e9tranger peux exercer aux Emirats?<\/h2><\/div><\/div><\/div><\/div><\/div><img decoding=\"async\" fetchpriority=\"high\" class=\"wp-image-5697 avia-img-lazy-loading-not-5697\"  src=\"https:\/\/merritt.ae\/wp-content\/uploads\/2019\/12\/Marina-1500x430.jpg\" width=\"1500\" height=\"430\" title='Marina' alt=''  itemprop=\"thumbnailUrl\"   \/><\/div><\/li><\/ul><\/div><\/div><div id='after_full_slider_1'  class='main_color av_default_container_wrap container_wrap sidebar_right'  ><div class='container av-section-cont-open' ><div class='template-page content  av-content-small alpha units'><div class='post-entry post-entry-type-page post-entry-13705'><div class='entry-content-wrapper clearfix'>\n<section  class='av_textblock_section av-k4h3lrkf-44f752ca6790e5d23e217be6212328ae '   itemscope=\"itemscope\" itemtype=\"https:\/\/schema.org\/CreativeWork\" ><div class='avia_textblock'  itemprop=\"text\" ><p>Si vous \u00e9tiez m\u00e9decin dans votre pays d\u2019origine et que vous souhaitez exercer aux Emirats, sachez qu\u2019il faudra des examens aupr\u00e8s de DHA. Le DHA d\u00e9livre des licences aux m\u00e9decins selon les titres suivants :<\/p>\n<ul>\n<li>M\u00e9decin g\u00e9n\u00e9raliste<\/li>\n<li>Sp\u00e9cialiste<\/li>\n<li>Consultant<\/li>\n<\/ul>\n<p>La proc\u00e9dure peut durer de deux (2) mois \u00e0 une (1) ann\u00e9e enti\u00e8re.<\/p>\n<h2>1. Application initiale<\/h2>\n<p>Cette premi\u00e8re \u00e9tape se fait en ligne, et il faudra fournir les documents suivants\u00a0:<\/p>\n<ul>\n<li>Les certificats d&#8217;\u00e9tudes avec les relev\u00e9s de notes reconnus par le DHA Professional Qualifications Requirements (PQR). Les certificats d&#8217;\u00e9tudes\u00a0: dipl\u00f4me, licence, dipl\u00f4me d&#8217;\u00e9tudes sup\u00e9rieures, etc.\u00a0;<\/li>\n<li>Exp\u00e9rience professionnelle r\u00e9cente bas\u00e9e sur les crit\u00e8res PQR du DHA\u00a0;<\/li>\n<li>Journal de bord des deux derni\u00e8res ann\u00e9es pour les sp\u00e9cialistes en chirurgie uniquement. Il doit \u00eatre tamponn\u00e9 et sign\u00e9 par le directeur m\u00e9dical ou une personne autoris\u00e9e\u00a0;<\/li>\n<li>Licence ou enregistrement professionnel en cours de validit\u00e9 d\u00e9livr\u00e9 par l&#8217;organisme de r\u00e9glementation m\u00e9dicale du pays d\u2019origine\u00a0;<\/li>\n<li>Certificat de bonne conduite en cours de validit\u00e9 ne datant pas de plus de six mois. Il est obligatoire pour les m\u00e9decins, les infirmi\u00e8res et les dentistes\u00a0;<\/li>\n<li>Un test d&#8217;aptitude m\u00e9dicale si le demandeur est \u00e2g\u00e9 de 65 ans ou plus. Il doit \u00eatre effectu\u00e9 uniquement par les centres de remise en forme m\u00e9dicale du DHA.<\/li>\n<\/ul>\n<h2>2. Primary Source Verification (PSV) : la v\u00e9rification \u00e0 la source<\/h2>\n<p>Apr\u00e8s la soumission et la validation de tous les documents (ce qui prend g\u00e9n\u00e9ralement deux semaines), un autre processus appel\u00e9 v\u00e9rification \u00e0 la source primaire (VSP) doit avoir lieu. La v\u00e9rification \u00e0 la source primaire consiste \u00e0 v\u00e9rifier les documents du demandeur directement \u00e0 partir de la source originale ou primaire, par une soci\u00e9t\u00e9 internationale sp\u00e9cialis\u00e9e appel\u00e9e &#8220;Dataflow&#8221;.<\/p>\n<p>Cette v\u00e9rification concerne les certificats d&#8217;\u00e9tudes, exp\u00e9rience, licence sanitaire et certificat de bonne conduite.<\/p>\n<h2>3. L\u2019\u00e9valuation<\/h2>\n<p>Le candidat devra ensuite s\u00e9lectionner la date de son \u00e9valuation (orale ou examen prometric &#8211; CBT), fournir les documents n\u00e9cessaires \u00e0 l&#8217;examen.<\/p>\n<h2>4. La licence DHA<\/h2>\n<p>Ce n\u2019est qu\u2019une fois l\u2019examen termin\u00e9 que le candidat pourra demander sa licence DHA pour pratiquer la m\u00e9decine \u00e0 Dubai.<\/p>\n<p>NB\u00a0: Les licences DHA ne sont d\u00e9livr\u00e9es qu&#8217;aux professionnels de la sant\u00e9 qui ont une offre d&#8217;emploi dans un \u00e9tablissement de sant\u00e9 reconnu par DHA. En d&#8217;autres termes, il est impossible d&#8217;obtenir la licence sans avoir trouv\u00e9 un emploi au pr\u00e9alable.<\/p>\n<\/div><\/section>\n\n<style type=\"text\/css\" data-created_by=\"avia_inline_auto\" id=\"style-css-av-m17qvb9m-cee43cb23a542cf5cfaa4cf1e1011475\">\n#top .hr.hr-invisible.av-m17qvb9m-cee43cb23a542cf5cfaa4cf1e1011475{\nheight:50px;\n}\n<\/style>\n<div  class='hr av-m17qvb9m-cee43cb23a542cf5cfaa4cf1e1011475 hr-invisible  avia-builder-el-2  el_after_av_textblock  el_before_av_textblock '><span class='hr-inner '><span class=\"hr-inner-style\"><\/span><\/span><\/div>\n<section  class='av_textblock_section av-l1rw9zvg-4483347dba52ce966a30477642a9feb5 '   itemscope=\"itemscope\" itemtype=\"https:\/\/schema.org\/CreativeWork\" ><div class='avia_textblock'  itemprop=\"text\" ><div data-getsitecontrol-inline=\"338720\"><\/div>\n<\/div><\/section>\n","protected":false},"excerpt":{"rendered":"","protected":false},"author":2,"featured_media":0,"parent":5386,"menu_order":12,"comment_status":"closed","ping_status":"closed","template":"","meta":{"inline_featured_image":false,"footnotes":""},"class_list":["post-13705","page","type-page","status-publish","hentry"],"yoast_head":"<!-- This site is optimized with the Yoast SEO plugin v26.9 - https:\/\/yoast.com\/product\/yoast-seo-wordpress\/ -->\n<title>Comment un m\u00e9decin \u00e9tranger peut exercer aux Emirats?<\/title>\n<meta name=\"description\" content=\"Si vous \u00e9tiez m\u00e9decin dans votre pays d\u2019origine et que vous souhaitez exercer aux Emirats, sachez qu\u2019il faudra des examens aupr\u00e8s de DHA.\" \/>\n<meta name=\"robots\" content=\"index, follow, max-snippet:-1, max-image-preview:large, max-video-preview:-1\" \/>\n<link rel=\"canonical\" href=\"https:\/\/merritt.ae\/fr\/societe\/solutions-metiers\/comment-un-medecin-etranger-peux-exercer-aux-emirats\/\" \/>\n<meta property=\"og:locale\" content=\"fr_FR\" \/>\n<meta property=\"og:type\" content=\"article\" \/>\n<meta property=\"og:title\" content=\"Comment un m\u00e9decin \u00e9tranger peut exercer aux Emirats?\" \/>\n<meta property=\"og:description\" content=\"Si vous \u00e9tiez m\u00e9decin dans votre pays d\u2019origine et que vous souhaitez exercer aux Emirats, sachez qu\u2019il faudra des examens aupr\u00e8s de DHA.\" \/>\n<meta property=\"og:url\" content=\"https:\/\/merritt.ae\/fr\/societe\/solutions-metiers\/comment-un-medecin-etranger-peux-exercer-aux-emirats\/\" \/>\n<meta property=\"og:site_name\" content=\"merritt.ae\" \/>\n<meta property=\"article:modified_time\" content=\"2024-09-18T10:53:13+00:00\" \/>\n<meta property=\"og:image\" content=\"https:\/\/merritt.ae\/wp-content\/uploads\/2021\/11\/ME-new-featured.jpg\" \/>\n\t<meta property=\"og:image:width\" content=\"1200\" \/>\n\t<meta property=\"og:image:height\" content=\"630\" \/>\n\t<meta property=\"og:image:type\" content=\"image\/jpeg\" \/>\n<meta name=\"twitter:card\" content=\"summary_large_image\" \/>\n<meta name=\"twitter:label1\" content=\"Dur\u00e9e de lecture estim\u00e9e\" \/>\n\t<meta name=\"twitter:data1\" content=\"2 minutes\" \/>\n<script type=\"application\/ld+json\" class=\"yoast-schema-graph\">{\"@context\":\"https:\/\/schema.org\",\"@graph\":[{\"@type\":\"WebPage\",\"@id\":\"https:\/\/merritt.ae\/fr\/societe\/solutions-metiers\/comment-un-medecin-etranger-peux-exercer-aux-emirats\/\",\"url\":\"https:\/\/merritt.ae\/fr\/societe\/solutions-metiers\/comment-un-medecin-etranger-peux-exercer-aux-emirats\/\",\"name\":\"Comment un m\u00e9decin \u00e9tranger peut exercer aux Emirats?\",\"isPartOf\":{\"@id\":\"https:\/\/merritt.ae\/#website\"},\"datePublished\":\"2022-07-04T06:44:09+00:00\",\"dateModified\":\"2024-09-18T10:53:13+00:00\",\"description\":\"Si vous \u00e9tiez m\u00e9decin dans votre pays d\u2019origine et que vous souhaitez exercer aux Emirats, sachez qu\u2019il faudra des examens aupr\u00e8s de DHA.\",\"breadcrumb\":{\"@id\":\"https:\/\/merritt.ae\/fr\/societe\/solutions-metiers\/comment-un-medecin-etranger-peux-exercer-aux-emirats\/#breadcrumb\"},\"inLanguage\":\"fr-FR\",\"potentialAction\":[{\"@type\":\"ReadAction\",\"target\":[\"https:\/\/merritt.ae\/fr\/societe\/solutions-metiers\/comment-un-medecin-etranger-peux-exercer-aux-emirats\/\"]}]},{\"@type\":\"BreadcrumbList\",\"@id\":\"https:\/\/merritt.ae\/fr\/societe\/solutions-metiers\/comment-un-medecin-etranger-peux-exercer-aux-emirats\/#breadcrumb\",\"itemListElement\":[{\"@type\":\"ListItem\",\"position\":1,\"name\":\"Home\",\"item\":\"https:\/\/merritt.ae\/fr\/accueil\/\"},{\"@type\":\"ListItem\",\"position\":2,\"name\":\"Soci\u00e9t\u00e9 \u00e0 Dubai\",\"item\":\"https:\/\/merritt.ae\/fr\/societe\/\"},{\"@type\":\"ListItem\",\"position\":3,\"name\":\"Solutions m\u00e9tiers\",\"item\":\"https:\/\/merritt.ae\/fr\/societe\/solutions-metiers\/\"},{\"@type\":\"ListItem\",\"position\":4,\"name\":\"Comment un m\u00e9decin \u00e9tranger peut exercer aux Emirats?\"}]},{\"@type\":\"WebSite\",\"@id\":\"https:\/\/merritt.ae\/#website\",\"url\":\"https:\/\/merritt.ae\/\",\"name\":\"merritt.ae\",\"description\":\"\",\"publisher\":{\"@id\":\"https:\/\/merritt.ae\/#organization\"},\"potentialAction\":[{\"@type\":\"SearchAction\",\"target\":{\"@type\":\"EntryPoint\",\"urlTemplate\":\"https:\/\/merritt.ae\/?s={search_term_string}\"},\"query-input\":{\"@type\":\"PropertyValueSpecification\",\"valueRequired\":true,\"valueName\":\"search_term_string\"}}],\"inLanguage\":\"fr-FR\"},{\"@type\":\"Organization\",\"@id\":\"https:\/\/merritt.ae\/#organization\",\"name\":\"merritt.ae\",\"url\":\"https:\/\/merritt.ae\/\",\"logo\":{\"@type\":\"ImageObject\",\"inLanguage\":\"fr-FR\",\"@id\":\"https:\/\/merritt.ae\/#\/schema\/logo\/image\/\",\"url\":\"https:\/\/merritt.ae\/wp-content\/uploads\/2021\/11\/ME-new-featured.jpg\",\"contentUrl\":\"https:\/\/merritt.ae\/wp-content\/uploads\/2021\/11\/ME-new-featured.jpg\",\"width\":1200,\"height\":630,\"caption\":\"merritt.ae\"},\"image\":{\"@id\":\"https:\/\/merritt.ae\/#\/schema\/logo\/image\/\"}}]}<\/script>\n<!-- \/ Yoast SEO plugin. -->","yoast_head_json":{"title":"Comment un m\u00e9decin \u00e9tranger peut exercer aux Emirats?","description":"Si vous \u00e9tiez m\u00e9decin dans votre pays d\u2019origine et que vous souhaitez exercer aux Emirats, sachez qu\u2019il faudra des examens aupr\u00e8s de DHA.","robots":{"index":"index","follow":"follow","max-snippet":"max-snippet:-1","max-image-preview":"max-image-preview:large","max-video-preview":"max-video-preview:-1"},"canonical":"https:\/\/merritt.ae\/fr\/societe\/solutions-metiers\/comment-un-medecin-etranger-peux-exercer-aux-emirats\/","og_locale":"fr_FR","og_type":"article","og_title":"Comment un m\u00e9decin \u00e9tranger peut exercer aux Emirats?","og_description":"Si vous \u00e9tiez m\u00e9decin dans votre pays d\u2019origine et que vous souhaitez exercer aux Emirats, sachez qu\u2019il faudra des examens aupr\u00e8s de DHA.","og_url":"https:\/\/merritt.ae\/fr\/societe\/solutions-metiers\/comment-un-medecin-etranger-peux-exercer-aux-emirats\/","og_site_name":"merritt.ae","article_modified_time":"2024-09-18T10:53:13+00:00","og_image":[{"width":1200,"height":630,"url":"https:\/\/merritt.ae\/wp-content\/uploads\/2021\/11\/ME-new-featured.jpg","type":"image\/jpeg"}],"twitter_card":"summary_large_image","twitter_misc":{"Dur\u00e9e de lecture estim\u00e9e":"2 minutes"},"schema":{"@context":"https:\/\/schema.org","@graph":[{"@type":"WebPage","@id":"https:\/\/merritt.ae\/fr\/societe\/solutions-metiers\/comment-un-medecin-etranger-peux-exercer-aux-emirats\/","url":"https:\/\/merritt.ae\/fr\/societe\/solutions-metiers\/comment-un-medecin-etranger-peux-exercer-aux-emirats\/","name":"Comment un m\u00e9decin \u00e9tranger peut exercer aux Emirats?","isPartOf":{"@id":"https:\/\/merritt.ae\/#website"},"datePublished":"2022-07-04T06:44:09+00:00","dateModified":"2024-09-18T10:53:13+00:00","description":"Si vous \u00e9tiez m\u00e9decin dans votre pays d\u2019origine et que vous souhaitez exercer aux Emirats, sachez qu\u2019il faudra des examens aupr\u00e8s de DHA.","breadcrumb":{"@id":"https:\/\/merritt.ae\/fr\/societe\/solutions-metiers\/comment-un-medecin-etranger-peux-exercer-aux-emirats\/#breadcrumb"},"inLanguage":"fr-FR","potentialAction":[{"@type":"ReadAction","target":["https:\/\/merritt.ae\/fr\/societe\/solutions-metiers\/comment-un-medecin-etranger-peux-exercer-aux-emirats\/"]}]},{"@type":"BreadcrumbList","@id":"https:\/\/merritt.ae\/fr\/societe\/solutions-metiers\/comment-un-medecin-etranger-peux-exercer-aux-emirats\/#breadcrumb","itemListElement":[{"@type":"ListItem","position":1,"name":"Home","item":"https:\/\/merritt.ae\/fr\/accueil\/"},{"@type":"ListItem","position":2,"name":"Soci\u00e9t\u00e9 \u00e0 Dubai","item":"https:\/\/merritt.ae\/fr\/societe\/"},{"@type":"ListItem","position":3,"name":"Solutions m\u00e9tiers","item":"https:\/\/merritt.ae\/fr\/societe\/solutions-metiers\/"},{"@type":"ListItem","position":4,"name":"Comment un m\u00e9decin \u00e9tranger peut exercer aux Emirats?"}]},{"@type":"WebSite","@id":"https:\/\/merritt.ae\/#website","url":"https:\/\/merritt.ae\/","name":"merritt.ae","description":"","publisher":{"@id":"https:\/\/merritt.ae\/#organization"},"potentialAction":[{"@type":"SearchAction","target":{"@type":"EntryPoint","urlTemplate":"https:\/\/merritt.ae\/?s={search_term_string}"},"query-input":{"@type":"PropertyValueSpecification","valueRequired":true,"valueName":"search_term_string"}}],"inLanguage":"fr-FR"},{"@type":"Organization","@id":"https:\/\/merritt.ae\/#organization","name":"merritt.ae","url":"https:\/\/merritt.ae\/","logo":{"@type":"ImageObject","inLanguage":"fr-FR","@id":"https:\/\/merritt.ae\/#\/schema\/logo\/image\/","url":"https:\/\/merritt.ae\/wp-content\/uploads\/2021\/11\/ME-new-featured.jpg","contentUrl":"https:\/\/merritt.ae\/wp-content\/uploads\/2021\/11\/ME-new-featured.jpg","width":1200,"height":630,"caption":"merritt.ae"},"image":{"@id":"https:\/\/merritt.ae\/#\/schema\/logo\/image\/"}}]}},"_links":{"self":[{"href":"https:\/\/merritt.ae\/fr\/wp-json\/wp\/v2\/pages\/13705","targetHints":{"allow":["GET"]}}],"collection":[{"href":"https:\/\/merritt.ae\/fr\/wp-json\/wp\/v2\/pages"}],"about":[{"href":"https:\/\/merritt.ae\/fr\/wp-json\/wp\/v2\/types\/page"}],"author":[{"embeddable":true,"href":"https:\/\/merritt.ae\/fr\/wp-json\/wp\/v2\/users\/2"}],"replies":[{"embeddable":true,"href":"https:\/\/merritt.ae\/fr\/wp-json\/wp\/v2\/comments?post=13705"}],"version-history":[{"count":8,"href":"https:\/\/merritt.ae\/fr\/wp-json\/wp\/v2\/pages\/13705\/revisions"}],"predecessor-version":[{"id":16346,"href":"https:\/\/merritt.ae\/fr\/wp-json\/wp\/v2\/pages\/13705\/revisions\/16346"}],"up":[{"embeddable":true,"href":"https:\/\/merritt.ae\/fr\/wp-json\/wp\/v2\/pages\/5386"}],"wp:attachment":[{"href":"https:\/\/merritt.ae\/fr\/wp-json\/wp\/v2\/media?parent=13705"}],"curies":[{"name":"wp","href":"https:\/\/api.w.org\/{rel}","templated":true}]}}