{"id":13545,"date":"2022-06-14T13:57:47","date_gmt":"2022-06-14T09:57:47","guid":{"rendered":"https:\/\/merritt.ae\/?page_id=13545"},"modified":"2024-07-08T16:46:01","modified_gmt":"2024-07-08T12:46:01","slug":"comment-enregistrer-un-produit-alimentaire-aux-emirats-arabe-unis","status":"publish","type":"page","link":"https:\/\/merritt.ae\/fr\/societe\/solutions-metiers\/comment-enregistrer-un-produit-alimentaire-aux-emirats-arabe-unis\/","title":{"rendered":"Comment enregistrer un produit alimentaire aux Emirats Arabe Unis ?"},"content":{"rendered":"<div id='full_slider_1'  class='avia-fullwidth-slider main_color avia-shadow   avia-builder-el-0  el_before_av_textblock  avia-builder-el-first   container_wrap sidebar_right'  >\n<style type=\"text\/css\" data-created_by=\"avia_inline_auto\" id=\"style-css-av-2157ty-9f61beb680f2e2130ff932ad0ce0c85d\">\n#top #wrap_all .avia-slideshow .av-slideshow-caption.av-2157ty-9f61beb680f2e2130ff932ad0ce0c85d__0 .avia-caption-title{\ncolor:#ffffff;\n}\n#top .avia-slideshow .av-slideshow-caption.av-2157ty-9f61beb680f2e2130ff932ad0ce0c85d__0 .avia-caption-content{\ncolor:#ffffff;\n}\n<\/style>\n<div  class='avia-slideshow av-2157ty-9f61beb680f2e2130ff932ad0ce0c85d avia-slideshow-featured av_slideshow_full avia-slide-slider av-slideshow-ui av-control-default av-slideshow-manual av-loop-once av-loop-manual-endless av-default-height-applied   avia-slideshow-1' data-slideshow-options=\"{&quot;animation&quot;:&quot;slide&quot;,&quot;autoplay&quot;:false,&quot;loop_autoplay&quot;:&quot;once&quot;,&quot;interval&quot;:5,&quot;loop_manual&quot;:&quot;manual-endless&quot;,&quot;autoplay_stopper&quot;:false,&quot;noNavigation&quot;:false,&quot;bg_slider&quot;:false,&quot;keep_padding&quot;:false,&quot;hoverpause&quot;:false,&quot;show_slide_delay&quot;:0}\"  itemprop=\"image\" itemscope=\"itemscope\" itemtype=\"https:\/\/schema.org\/ImageObject\" ><ul class='avia-slideshow-inner ' style='padding-bottom: 28.666666666667%;'><li  class='avia-slideshow-slide av-2157ty-9f61beb680f2e2130ff932ad0ce0c85d__0  av-single-slide slide-1 slide-odd'><div data-rel='slideshow-1' class='avia-slide-wrap '   ><div class='av-slideshow-caption av-2157ty-9f61beb680f2e2130ff932ad0ce0c85d__0 caption_fullwidth caption_center caption_center_framed caption_framed'><div class=\"container caption_container\"><div class=\"slideshow_caption\"><div class=\"slideshow_inner_caption\"><div class=\"slideshow_align_caption\"><h2 class='avia-caption-title '  itemprop=\"name\" >Comment enregistrer un produit alimentaire aux Emirats Arabe Unis ?<\/h2><\/div><\/div><\/div><\/div><\/div><img decoding=\"async\" fetchpriority=\"high\" class=\"wp-image-5697 avia-img-lazy-loading-not-5697\"  src=\"https:\/\/merritt.ae\/wp-content\/uploads\/2019\/12\/Marina-1500x430.jpg\" width=\"1500\" height=\"430\" title='Marina' alt=''  itemprop=\"thumbnailUrl\"   \/><\/div><\/li><\/ul><\/div><\/div><div id='after_full_slider_1'  class='main_color av_default_container_wrap container_wrap sidebar_right'  ><div class='container av-section-cont-open' ><div class='template-page content  av-content-small alpha units'><div class='post-entry post-entry-type-page post-entry-13545'><div class='entry-content-wrapper clearfix'>\n<section  class='av_textblock_section av-k4h3lrkf-44f752ca6790e5d23e217be6212328ae '   itemscope=\"itemscope\" itemtype=\"https:\/\/schema.org\/CreativeWork\" ><div class='avia_textblock'  itemprop=\"text\" ><p style=\"text-align: justify;\">Tout produit alimentaire import\u00e9 et vendu sur le territoire des Emirats Arabe Unis n\u00e9cessite un enregistrement aupr\u00e8s des autorit\u00e9s Emiratis.<\/p>\n<p style=\"text-align: justify;\">Avant toute chose, l\u2019entreprise doit \u00eatre immatricul\u00e9e aupr\u00e8s de DED et avoir une licence avec l\u2019activit\u00e9 \u00ab\u00a0trading\u00a0\u00bb. Sans \u00e7a, il sera impossible d\u2019importer quoique ce soit \u00e0 Dubai.<\/p>\n<p style=\"text-align: justify;\">Merritt Middle East, s\u2019occupe de l\u2019immatriculation de votre soci\u00e9t\u00e9 aupr\u00e8s de DED ainsi que de l\u2019enregistrement des produits sur la plateforme.<\/p>\n<p style=\"text-align: justify;\">En ce qui concerne la proc\u00e9dure, tout se fait en ligne\u00a0:<\/p>\n<h2 style=\"text-align: justify;\"><\/h2>\n<h2 style=\"text-align: justify;\"><\/h2>\n<h2 style=\"text-align: justify;\"><\/h2>\n<h2 style=\"text-align: justify;\"><\/h2>\n<\/div><\/section>\n\n<style type=\"text\/css\" data-created_by=\"avia_inline_auto\" id=\"style-css-av-l4dzub0h-00fbda4045b53c0d866395cbf0a75454\">\n#top .av-special-heading.av-l4dzub0h-00fbda4045b53c0d866395cbf0a75454{\npadding-bottom:20px;\n}\nbody .av-special-heading.av-l4dzub0h-00fbda4045b53c0d866395cbf0a75454 .av-special-heading-tag .heading-char{\nfont-size:25px;\n}\n.av-special-heading.av-l4dzub0h-00fbda4045b53c0d866395cbf0a75454 .av-subheading{\nfont-size:15px;\n}\n<\/style>\n<div  class='av-special-heading av-l4dzub0h-00fbda4045b53c0d866395cbf0a75454 av-special-heading-h2  avia-builder-el-2  el_after_av_textblock  el_before_av_heading '><h2 class='av-special-heading-tag '  itemprop=\"headline\"  >1. La premi\u00e8re \u00e9tape est l\u2019enregistrement de votre entreprise dans le syst\u00e8me ;<\/h2><div class=\"special-heading-border\"><div class=\"special-heading-inner-border\"><\/div><\/div><\/div>\n\n<style type=\"text\/css\" data-created_by=\"avia_inline_auto\" id=\"style-css-av-l4dzusvd-8a3e928a81fa77a3a8222207b97d8cb1\">\n#top .av-special-heading.av-l4dzusvd-8a3e928a81fa77a3a8222207b97d8cb1{\npadding-bottom:20px;\n}\nbody .av-special-heading.av-l4dzusvd-8a3e928a81fa77a3a8222207b97d8cb1 .av-special-heading-tag .heading-char{\nfont-size:25px;\n}\n.av-special-heading.av-l4dzusvd-8a3e928a81fa77a3a8222207b97d8cb1 .av-subheading{\nfont-size:15px;\n}\n<\/style>\n<div  class='av-special-heading av-l4dzusvd-8a3e928a81fa77a3a8222207b97d8cb1 av-special-heading-h2  avia-builder-el-3  el_after_av_heading  el_before_av_heading '><h2 class='av-special-heading-tag '  itemprop=\"headline\"  >2. Payer une caution d\u2019importation de AED 15 000 AED ;<\/h2><div class=\"special-heading-border\"><div class=\"special-heading-inner-border\"><\/div><\/div><\/div>\n\n<style type=\"text\/css\" data-created_by=\"avia_inline_auto\" id=\"style-css-av-l4dzvatt-88ad46da489c17ecb368e979247708c8\">\n#top .av-special-heading.av-l4dzvatt-88ad46da489c17ecb368e979247708c8{\npadding-bottom:20px;\n}\nbody .av-special-heading.av-l4dzvatt-88ad46da489c17ecb368e979247708c8 .av-special-heading-tag .heading-char{\nfont-size:25px;\n}\n.av-special-heading.av-l4dzvatt-88ad46da489c17ecb368e979247708c8 .av-subheading{\nfont-size:15px;\n}\n<\/style>\n<div  class='av-special-heading av-l4dzvatt-88ad46da489c17ecb368e979247708c8 av-special-heading-h2  avia-builder-el-4  el_after_av_heading  el_before_av_textblock '><h2 class='av-special-heading-tag '  itemprop=\"headline\"  >3. Pr\u00e9parer les documents requis pour l\u2019importation ;<\/h2><div class=\"special-heading-border\"><div class=\"special-heading-inner-border\"><\/div><\/div><\/div>\n<section  class='av_textblock_section av-l4dzw3ny-7cacb9902cc60b28b0e17b595e6aeac7 '   itemscope=\"itemscope\" itemtype=\"https:\/\/schema.org\/CreativeWork\" ><div class='avia_textblock'  itemprop=\"text\" ><p style=\"text-align: justify;\">a. Il faudra tout d\u2019abord t\u00e9l\u00e9chargez la photo du produit alimentaire et de son \u00e9tiquette ;<\/p>\n<p style=\"text-align: justify;\">b. L\u2019\u00e9tiquette du produit alimentaire doit \u00eatre en anglais et en arabe ;<\/p>\n<p style=\"text-align: justify;\">c. Il faudra ensuite soumettre des \u00e9chantillons de chaque produit au laboratoire des autorit\u00e9s.<\/p>\n<\/div><\/section>\n\n<style type=\"text\/css\" data-created_by=\"avia_inline_auto\" id=\"style-css-av-l4dzwsap-4fb006a4d36aee3ff657dd46678e757e\">\n#top .av-special-heading.av-l4dzwsap-4fb006a4d36aee3ff657dd46678e757e{\nmargin:0 0 20px 0;\npadding-bottom:10px;\n}\nbody .av-special-heading.av-l4dzwsap-4fb006a4d36aee3ff657dd46678e757e .av-special-heading-tag .heading-char{\nfont-size:25px;\n}\n.av-special-heading.av-l4dzwsap-4fb006a4d36aee3ff657dd46678e757e .av-subheading{\nfont-size:15px;\n}\n<\/style>\n<div  class='av-special-heading av-l4dzwsap-4fb006a4d36aee3ff657dd46678e757e av-special-heading-h2  avia-builder-el-6  el_after_av_textblock  el_before_av_textblock '><h2 class='av-special-heading-tag '  itemprop=\"headline\"  >4. Finaliser les proc\u00e9dures de consignation au port d\u2018entr\u00e9e.<\/h2><div class=\"special-heading-border\"><div class=\"special-heading-inner-border\"><\/div><\/div><\/div>\n<section  class='av_textblock_section av-l4e09t43-01ed4ae1e004e473c18e5667d019d34a '   itemscope=\"itemscope\" itemtype=\"https:\/\/schema.org\/CreativeWork\" ><div class='avia_textblock'  itemprop=\"text\" ><p style=\"text-align: justify;\">Conform\u00e9ment aux exigences des douanes de Duba\u00ef et aux besoins d\u2019inspection de la municipalit\u00e9 de Duba\u00ef.<\/p>\n<\/div><\/section>\n\n<style type=\"text\/css\" data-created_by=\"avia_inline_auto\" id=\"style-css-av-l4e0blfc-edebe7598d711b0e8c4007f07c104b72\">\n#top .av-special-heading.av-l4e0blfc-edebe7598d711b0e8c4007f07c104b72{\npadding-bottom:10px;\n}\nbody .av-special-heading.av-l4e0blfc-edebe7598d711b0e8c4007f07c104b72 .av-special-heading-tag .heading-char{\nfont-size:25px;\n}\n.av-special-heading.av-l4e0blfc-edebe7598d711b0e8c4007f07c104b72 .av-subheading{\nfont-size:15px;\n}\n<\/style>\n<div  class='av-special-heading av-l4e0blfc-edebe7598d711b0e8c4007f07c104b72 av-special-heading-h2  avia-builder-el-8  el_after_av_textblock  el_before_av_textblock '><h2 class='av-special-heading-tag '  itemprop=\"headline\"  >5. Obtenir le rapport de consignation.<\/h2><div class=\"special-heading-border\"><div class=\"special-heading-inner-border\"><\/div><\/div><\/div>\n<section  class='av_textblock_section av-l1rw9zvg-4483347dba52ce966a30477642a9feb5 '   itemscope=\"itemscope\" itemtype=\"https:\/\/schema.org\/CreativeWork\" ><div class='avia_textblock'  itemprop=\"text\" ><div>\n<p style=\"text-align: justify;\">Les frais \u00e0 pr\u00e9voir sont les suivants :<\/p>\n<ul style=\"text-align: justify;\">\n<li>Validation du label alimentaire: 10 AED (par \u00e9tiquette)<\/li>\n<li>Enregistrement des produits alimentaires sans \u00e9valuation: Gratuit<\/li>\n<li>Enregistrement d&#8217;un produit alimentaire et \u00e9valuation de l&#8217;\u00e9tiquette: 10 AED<\/li>\n<li>Frais des Autorit\u00e9s (Knowledge &amp; Innovation Fees): 20 AED<\/li>\n<\/ul>\n<p style=\"text-align: justify;\">En plus de la cr\u00e9ation de votre soci\u00e9t\u00e9, notre \u00e9quipe peut \u00e9galement vous assister pour l\u2019importation et l\u2019enregistrement de vos produits alimentaires \u00e0 Dubai (\u00e0 partir de AED 2000).<\/p>\n<\/div>\n<\/div><\/section>\n<section  class='av_textblock_section av-l56f1uoz-313c873ad63bf398ccca45f5a85cea92 '   itemscope=\"itemscope\" itemtype=\"https:\/\/schema.org\/CreativeWork\" ><div class='avia_textblock'  itemprop=\"text\" ><div data-getsitecontrol-inline=\"261729\"><\/div>\n<\/div><\/section>\n","protected":false},"excerpt":{"rendered":"","protected":false},"author":2,"featured_media":0,"parent":5386,"menu_order":9,"comment_status":"closed","ping_status":"closed","template":"","meta":{"inline_featured_image":false,"footnotes":""},"class_list":["post-13545","page","type-page","status-publish","hentry"],"yoast_head":"<!-- This site is optimized with the Yoast SEO plugin v27.5 - https:\/\/yoast.com\/product\/yoast-seo-wordpress\/ -->\n<title>Comment enregistrer un produit alimentaire aux Emirats Arabe Unis ?<\/title>\n<meta name=\"description\" content=\"Tout produit alimentaire import\u00e9 et vendu sur le territoire des Emirats Arabe Unis n\u00e9cessite un enregistrement aupr\u00e8s des autorit\u00e9s Emiratis.\" \/>\n<meta name=\"robots\" content=\"index, follow, max-snippet:-1, max-image-preview:large, max-video-preview:-1\" \/>\n<link rel=\"canonical\" href=\"https:\/\/merritt.ae\/fr\/societe\/solutions-metiers\/comment-enregistrer-un-produit-alimentaire-aux-emirats-arabe-unis\/\" \/>\n<meta property=\"og:locale\" content=\"fr_FR\" \/>\n<meta property=\"og:type\" content=\"article\" \/>\n<meta property=\"og:title\" content=\"Comment enregistrer un produit alimentaire aux Emirats Arabe Unis ?\" \/>\n<meta property=\"og:description\" content=\"Tout produit alimentaire import\u00e9 et vendu sur le territoire des Emirats Arabe Unis n\u00e9cessite un enregistrement aupr\u00e8s des autorit\u00e9s Emiratis.\" \/>\n<meta property=\"og:url\" content=\"https:\/\/merritt.ae\/fr\/societe\/solutions-metiers\/comment-enregistrer-un-produit-alimentaire-aux-emirats-arabe-unis\/\" \/>\n<meta property=\"og:site_name\" content=\"merritt.ae\" \/>\n<meta property=\"article:modified_time\" content=\"2024-07-08T12:46:01+00:00\" \/>\n<meta property=\"og:image\" content=\"https:\/\/merritt.ae\/wp-content\/uploads\/2021\/11\/ME-new-featured.jpg\" \/>\n\t<meta property=\"og:image:width\" content=\"1200\" \/>\n\t<meta property=\"og:image:height\" content=\"630\" \/>\n\t<meta property=\"og:image:type\" content=\"image\/jpeg\" \/>\n<meta name=\"twitter:card\" content=\"summary_large_image\" \/>\n<meta name=\"twitter:label1\" content=\"Dur\u00e9e de lecture estim\u00e9e\" \/>\n\t<meta name=\"twitter:data1\" content=\"3 minutes\" \/>\n<script type=\"application\/ld+json\" class=\"yoast-schema-graph\">{\"@context\":\"https:\\\/\\\/schema.org\",\"@graph\":[{\"@type\":\"WebPage\",\"@id\":\"https:\\\/\\\/merritt.ae\\\/fr\\\/societe\\\/solutions-metiers\\\/comment-enregistrer-un-produit-alimentaire-aux-emirats-arabe-unis\\\/\",\"url\":\"https:\\\/\\\/merritt.ae\\\/fr\\\/societe\\\/solutions-metiers\\\/comment-enregistrer-un-produit-alimentaire-aux-emirats-arabe-unis\\\/\",\"name\":\"Comment enregistrer un produit alimentaire aux Emirats Arabe Unis ?\",\"isPartOf\":{\"@id\":\"https:\\\/\\\/merritt.ae\\\/#website\"},\"datePublished\":\"2022-06-14T09:57:47+00:00\",\"dateModified\":\"2024-07-08T12:46:01+00:00\",\"description\":\"Tout produit alimentaire import\u00e9 et vendu sur le territoire des Emirats Arabe Unis n\u00e9cessite un enregistrement aupr\u00e8s des autorit\u00e9s Emiratis.\",\"breadcrumb\":{\"@id\":\"https:\\\/\\\/merritt.ae\\\/fr\\\/societe\\\/solutions-metiers\\\/comment-enregistrer-un-produit-alimentaire-aux-emirats-arabe-unis\\\/#breadcrumb\"},\"inLanguage\":\"fr-FR\",\"potentialAction\":[{\"@type\":\"ReadAction\",\"target\":[\"https:\\\/\\\/merritt.ae\\\/fr\\\/societe\\\/solutions-metiers\\\/comment-enregistrer-un-produit-alimentaire-aux-emirats-arabe-unis\\\/\"]}]},{\"@type\":\"BreadcrumbList\",\"@id\":\"https:\\\/\\\/merritt.ae\\\/fr\\\/societe\\\/solutions-metiers\\\/comment-enregistrer-un-produit-alimentaire-aux-emirats-arabe-unis\\\/#breadcrumb\",\"itemListElement\":[{\"@type\":\"ListItem\",\"position\":1,\"name\":\"Home\",\"item\":\"https:\\\/\\\/merritt.ae\\\/fr\\\/accueil\\\/\"},{\"@type\":\"ListItem\",\"position\":2,\"name\":\"Soci\u00e9t\u00e9 \u00e0 Dubai\",\"item\":\"https:\\\/\\\/merritt.ae\\\/fr\\\/societe\\\/\"},{\"@type\":\"ListItem\",\"position\":3,\"name\":\"Solutions m\u00e9tiers\",\"item\":\"https:\\\/\\\/merritt.ae\\\/fr\\\/societe\\\/solutions-metiers\\\/\"},{\"@type\":\"ListItem\",\"position\":4,\"name\":\"Comment enregistrer un produit alimentaire aux Emirats Arabe Unis ?\"}]},{\"@type\":\"WebSite\",\"@id\":\"https:\\\/\\\/merritt.ae\\\/#website\",\"url\":\"https:\\\/\\\/merritt.ae\\\/\",\"name\":\"merritt.ae\",\"description\":\"\",\"publisher\":{\"@id\":\"https:\\\/\\\/merritt.ae\\\/#organization\"},\"potentialAction\":[{\"@type\":\"SearchAction\",\"target\":{\"@type\":\"EntryPoint\",\"urlTemplate\":\"https:\\\/\\\/merritt.ae\\\/?s={search_term_string}\"},\"query-input\":{\"@type\":\"PropertyValueSpecification\",\"valueRequired\":true,\"valueName\":\"search_term_string\"}}],\"inLanguage\":\"fr-FR\"},{\"@type\":\"Organization\",\"@id\":\"https:\\\/\\\/merritt.ae\\\/#organization\",\"name\":\"merritt.ae\",\"url\":\"https:\\\/\\\/merritt.ae\\\/\",\"logo\":{\"@type\":\"ImageObject\",\"inLanguage\":\"fr-FR\",\"@id\":\"https:\\\/\\\/merritt.ae\\\/#\\\/schema\\\/logo\\\/image\\\/\",\"url\":\"https:\\\/\\\/merritt.ae\\\/wp-content\\\/uploads\\\/2021\\\/11\\\/ME-new-featured.jpg\",\"contentUrl\":\"https:\\\/\\\/merritt.ae\\\/wp-content\\\/uploads\\\/2021\\\/11\\\/ME-new-featured.jpg\",\"width\":1200,\"height\":630,\"caption\":\"merritt.ae\"},\"image\":{\"@id\":\"https:\\\/\\\/merritt.ae\\\/#\\\/schema\\\/logo\\\/image\\\/\"}}]}<\/script>\n<!-- \/ Yoast SEO plugin. -->","yoast_head_json":{"title":"Comment enregistrer un produit alimentaire aux Emirats Arabe Unis ?","description":"Tout produit alimentaire import\u00e9 et vendu sur le territoire des Emirats Arabe Unis n\u00e9cessite un enregistrement aupr\u00e8s des autorit\u00e9s Emiratis.","robots":{"index":"index","follow":"follow","max-snippet":"max-snippet:-1","max-image-preview":"max-image-preview:large","max-video-preview":"max-video-preview:-1"},"canonical":"https:\/\/merritt.ae\/fr\/societe\/solutions-metiers\/comment-enregistrer-un-produit-alimentaire-aux-emirats-arabe-unis\/","og_locale":"fr_FR","og_type":"article","og_title":"Comment enregistrer un produit alimentaire aux Emirats Arabe Unis ?","og_description":"Tout produit alimentaire import\u00e9 et vendu sur le territoire des Emirats Arabe Unis n\u00e9cessite un enregistrement aupr\u00e8s des autorit\u00e9s Emiratis.","og_url":"https:\/\/merritt.ae\/fr\/societe\/solutions-metiers\/comment-enregistrer-un-produit-alimentaire-aux-emirats-arabe-unis\/","og_site_name":"merritt.ae","article_modified_time":"2024-07-08T12:46:01+00:00","og_image":[{"width":1200,"height":630,"url":"https:\/\/merritt.ae\/wp-content\/uploads\/2021\/11\/ME-new-featured.jpg","type":"image\/jpeg"}],"twitter_card":"summary_large_image","twitter_misc":{"Dur\u00e9e de lecture estim\u00e9e":"3 minutes"},"schema":{"@context":"https:\/\/schema.org","@graph":[{"@type":"WebPage","@id":"https:\/\/merritt.ae\/fr\/societe\/solutions-metiers\/comment-enregistrer-un-produit-alimentaire-aux-emirats-arabe-unis\/","url":"https:\/\/merritt.ae\/fr\/societe\/solutions-metiers\/comment-enregistrer-un-produit-alimentaire-aux-emirats-arabe-unis\/","name":"Comment enregistrer un produit alimentaire aux Emirats Arabe Unis ?","isPartOf":{"@id":"https:\/\/merritt.ae\/#website"},"datePublished":"2022-06-14T09:57:47+00:00","dateModified":"2024-07-08T12:46:01+00:00","description":"Tout produit alimentaire import\u00e9 et vendu sur le territoire des Emirats Arabe Unis n\u00e9cessite un enregistrement aupr\u00e8s des autorit\u00e9s Emiratis.","breadcrumb":{"@id":"https:\/\/merritt.ae\/fr\/societe\/solutions-metiers\/comment-enregistrer-un-produit-alimentaire-aux-emirats-arabe-unis\/#breadcrumb"},"inLanguage":"fr-FR","potentialAction":[{"@type":"ReadAction","target":["https:\/\/merritt.ae\/fr\/societe\/solutions-metiers\/comment-enregistrer-un-produit-alimentaire-aux-emirats-arabe-unis\/"]}]},{"@type":"BreadcrumbList","@id":"https:\/\/merritt.ae\/fr\/societe\/solutions-metiers\/comment-enregistrer-un-produit-alimentaire-aux-emirats-arabe-unis\/#breadcrumb","itemListElement":[{"@type":"ListItem","position":1,"name":"Home","item":"https:\/\/merritt.ae\/fr\/accueil\/"},{"@type":"ListItem","position":2,"name":"Soci\u00e9t\u00e9 \u00e0 Dubai","item":"https:\/\/merritt.ae\/fr\/societe\/"},{"@type":"ListItem","position":3,"name":"Solutions m\u00e9tiers","item":"https:\/\/merritt.ae\/fr\/societe\/solutions-metiers\/"},{"@type":"ListItem","position":4,"name":"Comment enregistrer un produit alimentaire aux Emirats Arabe Unis ?"}]},{"@type":"WebSite","@id":"https:\/\/merritt.ae\/#website","url":"https:\/\/merritt.ae\/","name":"merritt.ae","description":"","publisher":{"@id":"https:\/\/merritt.ae\/#organization"},"potentialAction":[{"@type":"SearchAction","target":{"@type":"EntryPoint","urlTemplate":"https:\/\/merritt.ae\/?s={search_term_string}"},"query-input":{"@type":"PropertyValueSpecification","valueRequired":true,"valueName":"search_term_string"}}],"inLanguage":"fr-FR"},{"@type":"Organization","@id":"https:\/\/merritt.ae\/#organization","name":"merritt.ae","url":"https:\/\/merritt.ae\/","logo":{"@type":"ImageObject","inLanguage":"fr-FR","@id":"https:\/\/merritt.ae\/#\/schema\/logo\/image\/","url":"https:\/\/merritt.ae\/wp-content\/uploads\/2021\/11\/ME-new-featured.jpg","contentUrl":"https:\/\/merritt.ae\/wp-content\/uploads\/2021\/11\/ME-new-featured.jpg","width":1200,"height":630,"caption":"merritt.ae"},"image":{"@id":"https:\/\/merritt.ae\/#\/schema\/logo\/image\/"}}]}},"_links":{"self":[{"href":"https:\/\/merritt.ae\/fr\/wp-json\/wp\/v2\/pages\/13545","targetHints":{"allow":["GET"]}}],"collection":[{"href":"https:\/\/merritt.ae\/fr\/wp-json\/wp\/v2\/pages"}],"about":[{"href":"https:\/\/merritt.ae\/fr\/wp-json\/wp\/v2\/types\/page"}],"author":[{"embeddable":true,"href":"https:\/\/merritt.ae\/fr\/wp-json\/wp\/v2\/users\/2"}],"replies":[{"embeddable":true,"href":"https:\/\/merritt.ae\/fr\/wp-json\/wp\/v2\/comments?post=13545"}],"version-history":[{"count":16,"href":"https:\/\/merritt.ae\/fr\/wp-json\/wp\/v2\/pages\/13545\/revisions"}],"predecessor-version":[{"id":17314,"href":"https:\/\/merritt.ae\/fr\/wp-json\/wp\/v2\/pages\/13545\/revisions\/17314"}],"up":[{"embeddable":true,"href":"https:\/\/merritt.ae\/fr\/wp-json\/wp\/v2\/pages\/5386"}],"wp:attachment":[{"href":"https:\/\/merritt.ae\/fr\/wp-json\/wp\/v2\/media?parent=13545"}],"curies":[{"name":"wp","href":"https:\/\/api.w.org\/{rel}","templated":true}]}}