{"id":13539,"date":"2022-06-14T12:55:15","date_gmt":"2022-06-14T08:55:15","guid":{"rendered":"https:\/\/merritt.ae\/?page_id=13539"},"modified":"2022-07-04T11:22:48","modified_gmt":"2022-07-04T07:22:48","slug":"comment-ouvrir-un-restaurant-a-dubai","status":"publish","type":"page","link":"https:\/\/merritt.ae\/fr\/societe\/solutions-metiers\/comment-ouvrir-un-restaurant-a-dubai\/","title":{"rendered":"Comment ouvrir un restaurant \u00e0 Dubai ?"},"content":{"rendered":"<div id='full_slider_1'  class='avia-fullwidth-slider main_color avia-shadow   avia-builder-el-0  el_before_av_textblock  avia-builder-el-first   container_wrap sidebar_right'  >\n<style type=\"text\/css\" data-created_by=\"avia_inline_auto\" id=\"style-css-av-2157ty-9f61beb680f2e2130ff932ad0ce0c85d\">\n#top #wrap_all .avia-slideshow .av-slideshow-caption.av-2157ty-9f61beb680f2e2130ff932ad0ce0c85d__0 .avia-caption-title{\ncolor:#fff;\n}\n#top .avia-slideshow .av-slideshow-caption.av-2157ty-9f61beb680f2e2130ff932ad0ce0c85d__0 .avia-caption-content{\ncolor:#ffffff;\n}\n<\/style>\n<div  class='avia-slideshow av-2157ty-9f61beb680f2e2130ff932ad0ce0c85d avia-slideshow-featured av_slideshow_full avia-slide-slider av-slideshow-ui av-control-default av-slideshow-manual av-loop-once av-loop-manual-endless av-default-height-applied   avia-slideshow-1' data-slideshow-options=\"{&quot;animation&quot;:&quot;slide&quot;,&quot;autoplay&quot;:false,&quot;loop_autoplay&quot;:&quot;once&quot;,&quot;interval&quot;:5,&quot;loop_manual&quot;:&quot;manual-endless&quot;,&quot;autoplay_stopper&quot;:false,&quot;noNavigation&quot;:false,&quot;bg_slider&quot;:false,&quot;keep_padding&quot;:false,&quot;hoverpause&quot;:false,&quot;show_slide_delay&quot;:0}\"  itemprop=\"image\" itemscope=\"itemscope\" itemtype=\"https:\/\/schema.org\/ImageObject\" ><ul class='avia-slideshow-inner ' style='padding-bottom: 28.666666666667%;'><li  class='avia-slideshow-slide av-2157ty-9f61beb680f2e2130ff932ad0ce0c85d__0  av-single-slide slide-1 slide-odd'><div data-rel='slideshow-1' class='avia-slide-wrap '   ><div class='av-slideshow-caption av-2157ty-9f61beb680f2e2130ff932ad0ce0c85d__0 caption_fullwidth caption_center caption_center_framed caption_framed'><div class=\"container caption_container\"><div class=\"slideshow_caption\"><div class=\"slideshow_inner_caption\"><div class=\"slideshow_align_caption\"><h2 class='avia-caption-title '  itemprop=\"name\" >Comment ouvrir un restaurant \u00e0 Dubai ?<\/h2><\/div><\/div><\/div><\/div><\/div><img decoding=\"async\" fetchpriority=\"high\" class=\"wp-image-5697 avia-img-lazy-loading-not-5697\"  src=\"https:\/\/merritt.ae\/wp-content\/uploads\/2019\/12\/Marina-1500x430.jpg\" width=\"1500\" height=\"430\" title='Marina' alt=''  itemprop=\"thumbnailUrl\"   \/><\/div><\/li><\/ul><\/div><\/div><div id='after_full_slider_1'  class='main_color av_default_container_wrap container_wrap sidebar_right'  ><div class='container av-section-cont-open' ><div class='template-page content  av-content-small alpha units'><div class='post-entry post-entry-type-page post-entry-13539'><div class='entry-content-wrapper clearfix'>\n<section  class='av_textblock_section av-k4h3lrkf-44f752ca6790e5d23e217be6212328ae '   itemscope=\"itemscope\" itemtype=\"https:\/\/schema.org\/CreativeWork\" ><div class='avia_textblock'  itemprop=\"text\" ><p style=\"text-align: justify;\">La proc\u00e9dure pour ouvrir un restaurant \u00e0 Dubai peut para\u00eetre longue et compliqu\u00e9 c\u2019est pourquoi notre \u00e9quipe se charge de toutes les d\u00e9marches administratives pour vous.<\/p>\n<h2>1. Trouver un local commercial<\/h2>\n<p style=\"text-align: justify;\">La premi\u00e8re \u00e9tape du processus est la recherche du local commercial. Notez qu\u2019il sera beaucoup plus facile d\u2019obtenir l\u2019approbation de Dubai Municipality si le local commercial que vous avez choisi \u00e9tait un restaurant auparavant.<\/p>\n<p style=\"text-align: justify;\">Si le local que vous avez choisi n\u2019\u00e9tait pas un restaurant, il faudra tout reprendre de 0 et obtenir la validation de Dubai Municipalit\u00e9. Cette \u00e9tape risque de rallonger le processus d\u2019ouverture de votre restaurant.<\/p>\n<h2>2. Valider le statut juridique<\/h2>\n<p style=\"text-align: justify;\">Notre \u00e9quipe vous guide et vous conseille sur la structure juridique \u00e0 choisir pour votre futur restaurant \u00e0 Dubai. Vous avez le choix entre deux structures l\u00e9gales\u00a0:<\/p>\n<ul style=\"text-align: justify;\">\n<li><strong>La soci\u00e9t\u00e9 LLC:<\/strong> pour ce type d\u2019entit\u00e9, la responsabilit\u00e9 est r\u00e9put\u00e9e limit\u00e9e\u00a0: Limited Liability Company. Il faudra cependant d\u00e9poser un capital minimum de AED deux (2) millions\u00a0;<\/li>\n<li><strong>La Sole Establishement<\/strong> (dans le cas d\u2019un associ\u00e9 unique) ou <strong>La Civil Company<\/strong> (dans le cas de plusieurs associ\u00e9s): pour ce type de soci\u00e9t\u00e9, la responsabilit\u00e9 est illimit\u00e9e. Aussi, vous aurez besoin d\u2019un Local Service Agent que notre cabinet peut vous assigner.<\/li>\n<\/ul>\n<h2>3. Quels sont les documents n\u00e9cessaires pour l&#8217;approbation initiale\u00a0?<\/h2>\n<p style=\"text-align: justify;\">Pour toutes les \u00e9tapes \u00e9nonc\u00e9es ci-dessous, notre \u00e9quipe vous accompagne et vous conseille. Nous vous assistons dans\u00a0:<\/p>\n<ul style=\"text-align: justify;\">\n<li>Le choix du nom de l\u2019entreprise<\/li>\n<li>La validation l\u2019activit\u00e9 exacte (voulez-vous ouvrir un restaurant, un foodtruck, un caf\u00e9, un bar \u00e0 shisha, etc.\u00a0?)<\/li>\n<li>La validation du local commercial<\/li>\n<\/ul>\n<h2>4. Signature du bail commercial (EJARI)<\/h2>\n<p style=\"text-align: justify;\">Une fois que le nom de votre entreprise aura \u00e9t\u00e9 r\u00e9serv\u00e9, nous vous assisteront pour la signature de votre bail commercial aussi appel\u00e9 EJARI.<\/p>\n<h2>5. Immatriculation de la soci\u00e9t\u00e9 :<\/h2>\n<p style=\"text-align: justify;\">Une fois toutes les \u00e9tapes ci-dessus termin\u00e9es, une des \u00e9tapes les plus importantes et l\u2019immatriculation de votre soci\u00e9t\u00e9 aupr\u00e8s du registre. Pour cette \u00e9tape, notre \u00e9quipe vous accompagne si vous \u00eates physiquement pr\u00e9sents aux Emirats Arabes Unis. Sinon, il est \u00e9galement possible de faire la signature \u00e0 distance.<\/p>\n<p style=\"text-align: justify;\">Une fois les statuts sign\u00e9s, la licence commerciale est \u00e9mise dans un d\u00e9lai de 24 heures. Cette licence est une licence \u00ab\u00a0temporaire\u00a0\u00bb. Elle est soumise \u00e0 l\u2019approbation Dubai Municipality apr\u00e8s l\u2019inspection finale du local commercial (votre futur restaurant).<\/p>\n<h2>6. Inspection finale : par DM<\/h2>\n<p style=\"text-align: justify;\">L\u2019inspection finale est fa\u00eete par Dubai Municipality. Si votre restaurant r\u00e9pond \u00e0 l\u2019ensemble des crit\u00e8res de Dubai Municipality alors vous obtiendrez l\u2019autorisation de commencer votre activit\u00e9.<\/p>\n<h2>7. F\u00e9licitations, votre licence finale est \u00e9mise !<\/h2>\n<p style=\"text-align: justify;\"><strong>\u00a0<\/strong><\/p>\n<p style=\"text-align: justify;\"><strong>Note\u00a0:<\/strong><\/p>\n<p style=\"text-align: justify;\">Pour tous vos besoins de permis et licences suppl\u00e9mentaires, notre \u00e9quipe vous accompagne et se charge des d\u00e9marches administratives \u00e0 vos c\u00f4t\u00e9s.<\/p>\n<ul>\n<li style=\"text-align: justify;\"><strong>Permis pour la shisha<\/strong>: si vous souhaitez servir la shisha dans votre restaurant, cette activit\u00e9 une licence sp\u00e9cifique soumises \u00e0 des conditions (taille du local, emplacement, etc.). notre \u00e9quipe peut vous assister pour l\u2019obtention de ce permis.<\/li>\n<li style=\"text-align: justify;\"><strong>L\u2019enseigne ext\u00e9rieure de votre restaurant <\/strong>doit \u00eatre approuv\u00e9e par DED. En effet, si le nom de l\u2019enseigne est diff\u00e9rent de celui pr\u00e9sent sur la licence il faudra alors avoir une autorisation.<\/li>\n<li style=\"text-align: justify;\"><strong>Licence alcool<\/strong>: Les licences de vente d&#8217;alcool \u00e0 Duba\u00ef sont d\u00e9livr\u00e9es par le si\u00e8ge g\u00e9n\u00e9ral de la police de Duba\u00ef et DTCM. Nous vous assistons pour l\u2019obtention de la licence alcool pour votre restaurant.<\/li>\n<li style=\"text-align: justify;\"><strong>Permis pour les produits alimentaires \u00e0 base de porc<\/strong>: si vous d\u00e9cidez de servir des produits \u00e0 base de porc il faudra respecter certains emm\u00e9nagements (espace de pr\u00e9paration et de stockage d\u00e9di\u00e9, etc.)<\/li>\n<li style=\"text-align: justify;\"><strong>Foodtruck<\/strong>: si vous souhaitez vous lancer dans l\u2019aventure foodtruck sachez qu\u2019il faudra obtenir un Non-Objection Certificate (plus connu sous le nom de NOC) de RTA (Road and Transport Authority) qui indique l\u2019emplacement du foodtruck.<\/li>\n<\/ul>\n<\/div><\/section>\n<section  class='av_textblock_section av-l1rw9zvg-6e349c67269b28c7f6b691a25b1812b7 '   itemscope=\"itemscope\" itemtype=\"https:\/\/schema.org\/CreativeWork\" ><div class='avia_textblock'  itemprop=\"text\" ><div data-getsitecontrol-inline=\"261729\"><\/div>\n<\/div><\/section>\n","protected":false},"excerpt":{"rendered":"","protected":false},"author":2,"featured_media":0,"parent":5386,"menu_order":8,"comment_status":"closed","ping_status":"closed","template":"","meta":{"inline_featured_image":false,"footnotes":""},"class_list":["post-13539","page","type-page","status-publish","hentry"],"yoast_head":"<!-- This site is optimized with the Yoast SEO plugin v26.9 - https:\/\/yoast.com\/product\/yoast-seo-wordpress\/ -->\n<title>Comment ouvrir un restaurant \u00e0 Dubai ?<\/title>\n<meta name=\"description\" content=\"La proc\u00e9dure pour ouvrir un restaurant \u00e0 Dubai peut para\u00eetre longue et compliqu\u00e9 c\u2019est pourquoi notre \u00e9quipe se charge de toutes les d\u00e9marches administratives pour vous.\" \/>\n<meta name=\"robots\" content=\"index, follow, max-snippet:-1, max-image-preview:large, max-video-preview:-1\" \/>\n<link rel=\"canonical\" href=\"https:\/\/merritt.ae\/fr\/societe\/solutions-metiers\/comment-ouvrir-un-restaurant-a-dubai\/\" \/>\n<meta property=\"og:locale\" content=\"fr_FR\" \/>\n<meta property=\"og:type\" content=\"article\" \/>\n<meta property=\"og:title\" content=\"Comment ouvrir un restaurant \u00e0 Dubai ?\" \/>\n<meta property=\"og:description\" content=\"La proc\u00e9dure pour ouvrir un restaurant \u00e0 Dubai peut para\u00eetre longue et compliqu\u00e9 c\u2019est pourquoi notre \u00e9quipe se charge de toutes les d\u00e9marches administratives pour vous.\" \/>\n<meta property=\"og:url\" content=\"https:\/\/merritt.ae\/fr\/societe\/solutions-metiers\/comment-ouvrir-un-restaurant-a-dubai\/\" \/>\n<meta property=\"og:site_name\" content=\"merritt.ae\" \/>\n<meta property=\"article:modified_time\" content=\"2022-07-04T07:22:48+00:00\" \/>\n<meta property=\"og:image\" content=\"https:\/\/merritt.ae\/wp-content\/uploads\/2021\/11\/ME-new-featured.jpg\" \/>\n\t<meta property=\"og:image:width\" content=\"1200\" \/>\n\t<meta property=\"og:image:height\" content=\"630\" \/>\n\t<meta property=\"og:image:type\" content=\"image\/jpeg\" \/>\n<meta name=\"twitter:card\" content=\"summary_large_image\" \/>\n<meta name=\"twitter:label1\" content=\"Dur\u00e9e de lecture estim\u00e9e\" \/>\n\t<meta name=\"twitter:data1\" content=\"5 minutes\" \/>\n<script type=\"application\/ld+json\" class=\"yoast-schema-graph\">{\"@context\":\"https:\/\/schema.org\",\"@graph\":[{\"@type\":\"WebPage\",\"@id\":\"https:\/\/merritt.ae\/fr\/societe\/solutions-metiers\/comment-ouvrir-un-restaurant-a-dubai\/\",\"url\":\"https:\/\/merritt.ae\/fr\/societe\/solutions-metiers\/comment-ouvrir-un-restaurant-a-dubai\/\",\"name\":\"Comment ouvrir un restaurant \u00e0 Dubai ?\",\"isPartOf\":{\"@id\":\"https:\/\/merritt.ae\/#website\"},\"datePublished\":\"2022-06-14T08:55:15+00:00\",\"dateModified\":\"2022-07-04T07:22:48+00:00\",\"description\":\"La proc\u00e9dure pour ouvrir un restaurant \u00e0 Dubai peut para\u00eetre longue et compliqu\u00e9 c\u2019est pourquoi notre \u00e9quipe se charge de toutes les d\u00e9marches administratives pour vous.\",\"breadcrumb\":{\"@id\":\"https:\/\/merritt.ae\/fr\/societe\/solutions-metiers\/comment-ouvrir-un-restaurant-a-dubai\/#breadcrumb\"},\"inLanguage\":\"fr-FR\",\"potentialAction\":[{\"@type\":\"ReadAction\",\"target\":[\"https:\/\/merritt.ae\/fr\/societe\/solutions-metiers\/comment-ouvrir-un-restaurant-a-dubai\/\"]}]},{\"@type\":\"BreadcrumbList\",\"@id\":\"https:\/\/merritt.ae\/fr\/societe\/solutions-metiers\/comment-ouvrir-un-restaurant-a-dubai\/#breadcrumb\",\"itemListElement\":[{\"@type\":\"ListItem\",\"position\":1,\"name\":\"Home\",\"item\":\"https:\/\/merritt.ae\/fr\/accueil\/\"},{\"@type\":\"ListItem\",\"position\":2,\"name\":\"Soci\u00e9t\u00e9 \u00e0 Dubai\",\"item\":\"https:\/\/merritt.ae\/fr\/societe\/\"},{\"@type\":\"ListItem\",\"position\":3,\"name\":\"Solutions m\u00e9tiers\",\"item\":\"https:\/\/merritt.ae\/fr\/societe\/solutions-metiers\/\"},{\"@type\":\"ListItem\",\"position\":4,\"name\":\"Comment ouvrir un restaurant \u00e0 Dubai ?\"}]},{\"@type\":\"WebSite\",\"@id\":\"https:\/\/merritt.ae\/#website\",\"url\":\"https:\/\/merritt.ae\/\",\"name\":\"merritt.ae\",\"description\":\"\",\"publisher\":{\"@id\":\"https:\/\/merritt.ae\/#organization\"},\"potentialAction\":[{\"@type\":\"SearchAction\",\"target\":{\"@type\":\"EntryPoint\",\"urlTemplate\":\"https:\/\/merritt.ae\/?s={search_term_string}\"},\"query-input\":{\"@type\":\"PropertyValueSpecification\",\"valueRequired\":true,\"valueName\":\"search_term_string\"}}],\"inLanguage\":\"fr-FR\"},{\"@type\":\"Organization\",\"@id\":\"https:\/\/merritt.ae\/#organization\",\"name\":\"merritt.ae\",\"url\":\"https:\/\/merritt.ae\/\",\"logo\":{\"@type\":\"ImageObject\",\"inLanguage\":\"fr-FR\",\"@id\":\"https:\/\/merritt.ae\/#\/schema\/logo\/image\/\",\"url\":\"https:\/\/merritt.ae\/wp-content\/uploads\/2021\/11\/ME-new-featured.jpg\",\"contentUrl\":\"https:\/\/merritt.ae\/wp-content\/uploads\/2021\/11\/ME-new-featured.jpg\",\"width\":1200,\"height\":630,\"caption\":\"merritt.ae\"},\"image\":{\"@id\":\"https:\/\/merritt.ae\/#\/schema\/logo\/image\/\"}}]}<\/script>\n<!-- \/ Yoast SEO plugin. -->","yoast_head_json":{"title":"Comment ouvrir un restaurant \u00e0 Dubai ?","description":"La proc\u00e9dure pour ouvrir un restaurant \u00e0 Dubai peut para\u00eetre longue et compliqu\u00e9 c\u2019est pourquoi notre \u00e9quipe se charge de toutes les d\u00e9marches administratives pour vous.","robots":{"index":"index","follow":"follow","max-snippet":"max-snippet:-1","max-image-preview":"max-image-preview:large","max-video-preview":"max-video-preview:-1"},"canonical":"https:\/\/merritt.ae\/fr\/societe\/solutions-metiers\/comment-ouvrir-un-restaurant-a-dubai\/","og_locale":"fr_FR","og_type":"article","og_title":"Comment ouvrir un restaurant \u00e0 Dubai ?","og_description":"La proc\u00e9dure pour ouvrir un restaurant \u00e0 Dubai peut para\u00eetre longue et compliqu\u00e9 c\u2019est pourquoi notre \u00e9quipe se charge de toutes les d\u00e9marches administratives pour vous.","og_url":"https:\/\/merritt.ae\/fr\/societe\/solutions-metiers\/comment-ouvrir-un-restaurant-a-dubai\/","og_site_name":"merritt.ae","article_modified_time":"2022-07-04T07:22:48+00:00","og_image":[{"width":1200,"height":630,"url":"https:\/\/merritt.ae\/wp-content\/uploads\/2021\/11\/ME-new-featured.jpg","type":"image\/jpeg"}],"twitter_card":"summary_large_image","twitter_misc":{"Dur\u00e9e de lecture estim\u00e9e":"5 minutes"},"schema":{"@context":"https:\/\/schema.org","@graph":[{"@type":"WebPage","@id":"https:\/\/merritt.ae\/fr\/societe\/solutions-metiers\/comment-ouvrir-un-restaurant-a-dubai\/","url":"https:\/\/merritt.ae\/fr\/societe\/solutions-metiers\/comment-ouvrir-un-restaurant-a-dubai\/","name":"Comment ouvrir un restaurant \u00e0 Dubai ?","isPartOf":{"@id":"https:\/\/merritt.ae\/#website"},"datePublished":"2022-06-14T08:55:15+00:00","dateModified":"2022-07-04T07:22:48+00:00","description":"La proc\u00e9dure pour ouvrir un restaurant \u00e0 Dubai peut para\u00eetre longue et compliqu\u00e9 c\u2019est pourquoi notre \u00e9quipe se charge de toutes les d\u00e9marches administratives pour vous.","breadcrumb":{"@id":"https:\/\/merritt.ae\/fr\/societe\/solutions-metiers\/comment-ouvrir-un-restaurant-a-dubai\/#breadcrumb"},"inLanguage":"fr-FR","potentialAction":[{"@type":"ReadAction","target":["https:\/\/merritt.ae\/fr\/societe\/solutions-metiers\/comment-ouvrir-un-restaurant-a-dubai\/"]}]},{"@type":"BreadcrumbList","@id":"https:\/\/merritt.ae\/fr\/societe\/solutions-metiers\/comment-ouvrir-un-restaurant-a-dubai\/#breadcrumb","itemListElement":[{"@type":"ListItem","position":1,"name":"Home","item":"https:\/\/merritt.ae\/fr\/accueil\/"},{"@type":"ListItem","position":2,"name":"Soci\u00e9t\u00e9 \u00e0 Dubai","item":"https:\/\/merritt.ae\/fr\/societe\/"},{"@type":"ListItem","position":3,"name":"Solutions m\u00e9tiers","item":"https:\/\/merritt.ae\/fr\/societe\/solutions-metiers\/"},{"@type":"ListItem","position":4,"name":"Comment ouvrir un restaurant \u00e0 Dubai ?"}]},{"@type":"WebSite","@id":"https:\/\/merritt.ae\/#website","url":"https:\/\/merritt.ae\/","name":"merritt.ae","description":"","publisher":{"@id":"https:\/\/merritt.ae\/#organization"},"potentialAction":[{"@type":"SearchAction","target":{"@type":"EntryPoint","urlTemplate":"https:\/\/merritt.ae\/?s={search_term_string}"},"query-input":{"@type":"PropertyValueSpecification","valueRequired":true,"valueName":"search_term_string"}}],"inLanguage":"fr-FR"},{"@type":"Organization","@id":"https:\/\/merritt.ae\/#organization","name":"merritt.ae","url":"https:\/\/merritt.ae\/","logo":{"@type":"ImageObject","inLanguage":"fr-FR","@id":"https:\/\/merritt.ae\/#\/schema\/logo\/image\/","url":"https:\/\/merritt.ae\/wp-content\/uploads\/2021\/11\/ME-new-featured.jpg","contentUrl":"https:\/\/merritt.ae\/wp-content\/uploads\/2021\/11\/ME-new-featured.jpg","width":1200,"height":630,"caption":"merritt.ae"},"image":{"@id":"https:\/\/merritt.ae\/#\/schema\/logo\/image\/"}}]}},"_links":{"self":[{"href":"https:\/\/merritt.ae\/fr\/wp-json\/wp\/v2\/pages\/13539","targetHints":{"allow":["GET"]}}],"collection":[{"href":"https:\/\/merritt.ae\/fr\/wp-json\/wp\/v2\/pages"}],"about":[{"href":"https:\/\/merritt.ae\/fr\/wp-json\/wp\/v2\/types\/page"}],"author":[{"embeddable":true,"href":"https:\/\/merritt.ae\/fr\/wp-json\/wp\/v2\/users\/2"}],"replies":[{"embeddable":true,"href":"https:\/\/merritt.ae\/fr\/wp-json\/wp\/v2\/comments?post=13539"}],"version-history":[{"count":9,"href":"https:\/\/merritt.ae\/fr\/wp-json\/wp\/v2\/pages\/13539\/revisions"}],"predecessor-version":[{"id":17311,"href":"https:\/\/merritt.ae\/fr\/wp-json\/wp\/v2\/pages\/13539\/revisions\/17311"}],"up":[{"embeddable":true,"href":"https:\/\/merritt.ae\/fr\/wp-json\/wp\/v2\/pages\/5386"}],"wp:attachment":[{"href":"https:\/\/merritt.ae\/fr\/wp-json\/wp\/v2\/media?parent=13539"}],"curies":[{"name":"wp","href":"https:\/\/api.w.org\/{rel}","templated":true}]}}