{"id":13444,"date":"2022-05-11T14:54:19","date_gmt":"2022-05-11T10:54:19","guid":{"rendered":"https:\/\/merritt.ae\/?page_id=13444"},"modified":"2024-05-14T15:16:53","modified_gmt":"2024-05-14T11:16:53","slug":"trc-pour-societe","status":"publish","type":"page","link":"https:\/\/merritt.ae\/fr\/nos-tarifs\/trc-pour-societe\/","title":{"rendered":"Taxe Residency Certificate pour les soci\u00e9t\u00e9s"},"content":{"rendered":"<div id='full_slider_1'  class='avia-fullwidth-slider main_color avia-shadow   avia-builder-el-0  el_before_av_textblock  avia-builder-el-first   container_wrap sidebar_right'  >\n<style type=\"text\/css\" data-created_by=\"avia_inline_auto\" id=\"style-css-av-uiewbo-11911d8a2c6b6b50b29fb6ccf4c03aee\">\n#top #wrap_all .avia-slideshow .av-slideshow-caption.av-uiewbo-11911d8a2c6b6b50b29fb6ccf4c03aee__0 .avia-caption-title{\ncolor:#ffffff;\n}\n<\/style>\n<div  class='avia-slideshow av-uiewbo-11911d8a2c6b6b50b29fb6ccf4c03aee avia-slideshow-featured av_slideshow_full avia-slide-slider av-slideshow-ui av-control-default av-slideshow-manual av-loop-once av-loop-manual-endless av-default-height-applied   avia-slideshow-1' data-slideshow-options=\"{&quot;animation&quot;:&quot;slide&quot;,&quot;autoplay&quot;:false,&quot;loop_autoplay&quot;:&quot;once&quot;,&quot;interval&quot;:5,&quot;loop_manual&quot;:&quot;manual-endless&quot;,&quot;autoplay_stopper&quot;:false,&quot;noNavigation&quot;:false,&quot;bg_slider&quot;:false,&quot;keep_padding&quot;:false,&quot;hoverpause&quot;:false,&quot;show_slide_delay&quot;:0}\"  itemprop=\"image\" itemscope=\"itemscope\" itemtype=\"https:\/\/schema.org\/ImageObject\" ><ul class='avia-slideshow-inner ' style='padding-bottom: 28.666666666667%;'><li  class='avia-slideshow-slide av-uiewbo-11911d8a2c6b6b50b29fb6ccf4c03aee__0  av-single-slide slide-1 slide-odd'><div data-rel='slideshow-1' class='avia-slide-wrap '   ><div class='av-slideshow-caption av-uiewbo-11911d8a2c6b6b50b29fb6ccf4c03aee__0 caption_fullwidth caption_center caption_center_framed caption_framed'><div class=\"container caption_container\"><div class=\"slideshow_caption\"><div class=\"slideshow_inner_caption\"><div class=\"slideshow_align_caption\"><h2 class='avia-caption-title '  itemprop=\"name\" >Obtention d\u2019un Certificat de r\u00e9sidence fiscale (TRC - Tax Residency Certificate) pour une soci\u00e9t\u00e9<\/h2><\/div><\/div><\/div><\/div><\/div><img decoding=\"async\" fetchpriority=\"high\" class=\"wp-image-10468 avia-img-lazy-loading-not-10468\"  src=\"https:\/\/merritt.ae\/wp-content\/uploads\/2021\/07\/14-1500x430.png\" width=\"1500\" height=\"430\" title='14' alt=''  itemprop=\"thumbnailUrl\"   \/><\/div><\/li><\/ul><\/div><\/div><div id='after_full_slider_1'  class='main_color av_default_container_wrap container_wrap sidebar_right'  ><div class='container av-section-cont-open' ><div class='template-page content  av-content-small alpha units'><div class='post-entry post-entry-type-page post-entry-13444'><div class='entry-content-wrapper clearfix'>\n<section  class='av_textblock_section av-l32xcxaz-aba90becc557415b04ea828e672716fc '   itemscope=\"itemscope\" itemtype=\"https:\/\/schema.org\/CreativeWork\" ><div class='avia_textblock'  itemprop=\"text\" ><p>C&#8217;est la FTA (Federal Tax Administration) des Emirats qui d\u00e9livre les Certificats de R\u00e9sidence Fiscale pour les <a href=\"https:\/\/merritt.ae\/fr\/nos-tarifs\/trc-pour-particulier\/\">particuliers<\/a> et les personnes morales.<\/p>\n<h2>Les co\u00fbts d&#8217;un Certificat de R\u00e9sidence Fiscale:<\/h2>\n<p>Le co\u00fbt d&#8217;un certificat de r\u00e9sidence fiscale pour une personne morale est de AED5 250 (y compris nos honoraires).<\/p>\n<h2>La dur\u00e9e de la proc\u00e9dure<\/h2>\n<p>Il faut compter 3 jours ouvrables \u00e0 compter de la date de r\u00e9ception de la demande compl\u00e8te.<\/p>\n<h2>Quels sont les documents \u00e0 fournir?<\/h2>\n<p>Les documents \u00e0 fournir sont les suivants:<br \/>\n&#8211; Licence commerciale,<br \/>\n&#8211; Preuve d&#8217;autorisation (procuration),<br \/>\n&#8211; Copie des comptes financiers audit\u00e9s et certifi\u00e9s par un cabinet d&#8217;audit agr\u00e9\u00e9,<br \/>\n&#8211; Un relev\u00e9 bancaire \u00e9mis par une banque locale sur les 6 derniers mois de l&#8217;exercice financier li\u00e9 \u00e0 la demande.<br \/>\n&#8211; Copie certifi\u00e9e de l&#8217;acte constitutif de l&#8217;association (le cas \u00e9ch\u00e9ant).<\/p>\n<h2>Conditions<\/h2>\n<p>Le demandeur doit \u00eatre \u00e9tabli dans les Emirats Arabes Unis depuis au moins un an.<\/p>\n<\/div><\/section>\n\n<style type=\"text\/css\" data-created_by=\"avia_inline_auto\" id=\"style-css-av-lsx8vo85-01531414ae6dc54f79918240b1bf494d\">\n#top .av-special-heading.av-lsx8vo85-01531414ae6dc54f79918240b1bf494d{\npadding-bottom:10px;\n}\nbody .av-special-heading.av-lsx8vo85-01531414ae6dc54f79918240b1bf494d .av-special-heading-tag .heading-char{\nfont-size:25px;\n}\n.av-special-heading.av-lsx8vo85-01531414ae6dc54f79918240b1bf494d .av-subheading{\nfont-size:15px;\n}\n<\/style>\n<div  class='av-special-heading av-lsx8vo85-01531414ae6dc54f79918240b1bf494d av-special-heading-h1  avia-builder-el-2  el_after_av_textblock  el_before_av_textblock '><h1 class='av-special-heading-tag '  itemprop=\"headline\"  >Plus d\u2019information?<\/h1><div class=\"special-heading-border\"><div class=\"special-heading-inner-border\"><\/div><\/div><\/div>\n<section  class='av_textblock_section av-lsx8x37j-03b498f16113881e2bc9a54f0afaf550 '   itemscope=\"itemscope\" itemtype=\"https:\/\/schema.org\/CreativeWork\" ><div class='avia_textblock'  itemprop=\"text\" ><div data-getsitecontrol-inline=\"391944\"><\/div>\n<\/div><\/section>\n","protected":false},"excerpt":{"rendered":"","protected":false},"author":2,"featured_media":0,"parent":11504,"menu_order":6,"comment_status":"closed","ping_status":"closed","template":"","meta":{"inline_featured_image":false,"footnotes":""},"class_list":["post-13444","page","type-page","status-publish","hentry"],"yoast_head":"<!-- This site is optimized with the Yoast SEO plugin v26.9 - https:\/\/yoast.com\/product\/yoast-seo-wordpress\/ -->\n<title>Tax Residency Certificate \u00e0 Dubai pour une soci\u00e9t\u00e9<\/title>\n<meta name=\"description\" content=\"Nous vous assistons pour l&#039;obtention d&#039;un certificat de r\u00e9sidence fiscale (Tax Residency Certificate) \u00e0 Dubai pour une soci\u00e9t\u00e9.\" \/>\n<meta name=\"robots\" content=\"index, follow, max-snippet:-1, max-image-preview:large, max-video-preview:-1\" \/>\n<link rel=\"canonical\" href=\"https:\/\/merritt.ae\/fr\/nos-tarifs\/trc-pour-societe\/\" \/>\n<meta property=\"og:locale\" content=\"fr_FR\" \/>\n<meta property=\"og:type\" content=\"article\" \/>\n<meta property=\"og:title\" content=\"Tax Residency Certificate \u00e0 Dubai pour une soci\u00e9t\u00e9\" \/>\n<meta property=\"og:description\" content=\"Nous vous assistons pour l&#039;obtention d&#039;un certificat de r\u00e9sidence fiscale (Tax Residency Certificate) \u00e0 Dubai pour une soci\u00e9t\u00e9.\" \/>\n<meta property=\"og:url\" content=\"https:\/\/merritt.ae\/fr\/nos-tarifs\/trc-pour-societe\/\" \/>\n<meta property=\"og:site_name\" content=\"merritt.ae\" \/>\n<meta property=\"article:modified_time\" content=\"2024-05-14T11:16:53+00:00\" \/>\n<meta property=\"og:image\" content=\"https:\/\/merritt.ae\/wp-content\/uploads\/2021\/11\/ME-new-featured.jpg\" \/>\n\t<meta property=\"og:image:width\" content=\"1200\" \/>\n\t<meta property=\"og:image:height\" content=\"630\" \/>\n\t<meta property=\"og:image:type\" content=\"image\/jpeg\" \/>\n<meta name=\"twitter:card\" content=\"summary_large_image\" \/>\n<meta name=\"twitter:label1\" content=\"Dur\u00e9e de lecture estim\u00e9e\" \/>\n\t<meta name=\"twitter:data1\" content=\"2 minutes\" \/>\n<script type=\"application\/ld+json\" class=\"yoast-schema-graph\">{\"@context\":\"https:\/\/schema.org\",\"@graph\":[{\"@type\":\"WebPage\",\"@id\":\"https:\/\/merritt.ae\/fr\/nos-tarifs\/trc-pour-societe\/\",\"url\":\"https:\/\/merritt.ae\/fr\/nos-tarifs\/trc-pour-societe\/\",\"name\":\"Tax Residency Certificate \u00e0 Dubai pour une soci\u00e9t\u00e9\",\"isPartOf\":{\"@id\":\"https:\/\/merritt.ae\/#website\"},\"datePublished\":\"2022-05-11T10:54:19+00:00\",\"dateModified\":\"2024-05-14T11:16:53+00:00\",\"description\":\"Nous vous assistons pour l'obtention d'un certificat de r\u00e9sidence fiscale (Tax Residency Certificate) \u00e0 Dubai pour une soci\u00e9t\u00e9.\",\"breadcrumb\":{\"@id\":\"https:\/\/merritt.ae\/fr\/nos-tarifs\/trc-pour-societe\/#breadcrumb\"},\"inLanguage\":\"fr-FR\",\"potentialAction\":[{\"@type\":\"ReadAction\",\"target\":[\"https:\/\/merritt.ae\/fr\/nos-tarifs\/trc-pour-societe\/\"]}]},{\"@type\":\"BreadcrumbList\",\"@id\":\"https:\/\/merritt.ae\/fr\/nos-tarifs\/trc-pour-societe\/#breadcrumb\",\"itemListElement\":[{\"@type\":\"ListItem\",\"position\":1,\"name\":\"Home\",\"item\":\"https:\/\/merritt.ae\/fr\/accueil\/\"},{\"@type\":\"ListItem\",\"position\":2,\"name\":\"Tarifs\",\"item\":\"https:\/\/merritt.ae\/fr\/nos-tarifs\/\"},{\"@type\":\"ListItem\",\"position\":3,\"name\":\"Taxe Residency Certificate pour les soci\u00e9t\u00e9s\"}]},{\"@type\":\"WebSite\",\"@id\":\"https:\/\/merritt.ae\/#website\",\"url\":\"https:\/\/merritt.ae\/\",\"name\":\"merritt.ae\",\"description\":\"\",\"publisher\":{\"@id\":\"https:\/\/merritt.ae\/#organization\"},\"potentialAction\":[{\"@type\":\"SearchAction\",\"target\":{\"@type\":\"EntryPoint\",\"urlTemplate\":\"https:\/\/merritt.ae\/?s={search_term_string}\"},\"query-input\":{\"@type\":\"PropertyValueSpecification\",\"valueRequired\":true,\"valueName\":\"search_term_string\"}}],\"inLanguage\":\"fr-FR\"},{\"@type\":\"Organization\",\"@id\":\"https:\/\/merritt.ae\/#organization\",\"name\":\"merritt.ae\",\"url\":\"https:\/\/merritt.ae\/\",\"logo\":{\"@type\":\"ImageObject\",\"inLanguage\":\"fr-FR\",\"@id\":\"https:\/\/merritt.ae\/#\/schema\/logo\/image\/\",\"url\":\"https:\/\/merritt.ae\/wp-content\/uploads\/2021\/11\/ME-new-featured.jpg\",\"contentUrl\":\"https:\/\/merritt.ae\/wp-content\/uploads\/2021\/11\/ME-new-featured.jpg\",\"width\":1200,\"height\":630,\"caption\":\"merritt.ae\"},\"image\":{\"@id\":\"https:\/\/merritt.ae\/#\/schema\/logo\/image\/\"}}]}<\/script>\n<!-- \/ Yoast SEO plugin. -->","yoast_head_json":{"title":"Tax Residency Certificate \u00e0 Dubai pour une soci\u00e9t\u00e9","description":"Nous vous assistons pour l'obtention d'un certificat de r\u00e9sidence fiscale (Tax Residency Certificate) \u00e0 Dubai pour une soci\u00e9t\u00e9.","robots":{"index":"index","follow":"follow","max-snippet":"max-snippet:-1","max-image-preview":"max-image-preview:large","max-video-preview":"max-video-preview:-1"},"canonical":"https:\/\/merritt.ae\/fr\/nos-tarifs\/trc-pour-societe\/","og_locale":"fr_FR","og_type":"article","og_title":"Tax Residency Certificate \u00e0 Dubai pour une soci\u00e9t\u00e9","og_description":"Nous vous assistons pour l'obtention d'un certificat de r\u00e9sidence fiscale (Tax Residency Certificate) \u00e0 Dubai pour une soci\u00e9t\u00e9.","og_url":"https:\/\/merritt.ae\/fr\/nos-tarifs\/trc-pour-societe\/","og_site_name":"merritt.ae","article_modified_time":"2024-05-14T11:16:53+00:00","og_image":[{"width":1200,"height":630,"url":"https:\/\/merritt.ae\/wp-content\/uploads\/2021\/11\/ME-new-featured.jpg","type":"image\/jpeg"}],"twitter_card":"summary_large_image","twitter_misc":{"Dur\u00e9e de lecture estim\u00e9e":"2 minutes"},"schema":{"@context":"https:\/\/schema.org","@graph":[{"@type":"WebPage","@id":"https:\/\/merritt.ae\/fr\/nos-tarifs\/trc-pour-societe\/","url":"https:\/\/merritt.ae\/fr\/nos-tarifs\/trc-pour-societe\/","name":"Tax Residency Certificate \u00e0 Dubai pour une soci\u00e9t\u00e9","isPartOf":{"@id":"https:\/\/merritt.ae\/#website"},"datePublished":"2022-05-11T10:54:19+00:00","dateModified":"2024-05-14T11:16:53+00:00","description":"Nous vous assistons pour l'obtention d'un certificat de r\u00e9sidence fiscale (Tax Residency Certificate) \u00e0 Dubai pour une soci\u00e9t\u00e9.","breadcrumb":{"@id":"https:\/\/merritt.ae\/fr\/nos-tarifs\/trc-pour-societe\/#breadcrumb"},"inLanguage":"fr-FR","potentialAction":[{"@type":"ReadAction","target":["https:\/\/merritt.ae\/fr\/nos-tarifs\/trc-pour-societe\/"]}]},{"@type":"BreadcrumbList","@id":"https:\/\/merritt.ae\/fr\/nos-tarifs\/trc-pour-societe\/#breadcrumb","itemListElement":[{"@type":"ListItem","position":1,"name":"Home","item":"https:\/\/merritt.ae\/fr\/accueil\/"},{"@type":"ListItem","position":2,"name":"Tarifs","item":"https:\/\/merritt.ae\/fr\/nos-tarifs\/"},{"@type":"ListItem","position":3,"name":"Taxe Residency Certificate pour les soci\u00e9t\u00e9s"}]},{"@type":"WebSite","@id":"https:\/\/merritt.ae\/#website","url":"https:\/\/merritt.ae\/","name":"merritt.ae","description":"","publisher":{"@id":"https:\/\/merritt.ae\/#organization"},"potentialAction":[{"@type":"SearchAction","target":{"@type":"EntryPoint","urlTemplate":"https:\/\/merritt.ae\/?s={search_term_string}"},"query-input":{"@type":"PropertyValueSpecification","valueRequired":true,"valueName":"search_term_string"}}],"inLanguage":"fr-FR"},{"@type":"Organization","@id":"https:\/\/merritt.ae\/#organization","name":"merritt.ae","url":"https:\/\/merritt.ae\/","logo":{"@type":"ImageObject","inLanguage":"fr-FR","@id":"https:\/\/merritt.ae\/#\/schema\/logo\/image\/","url":"https:\/\/merritt.ae\/wp-content\/uploads\/2021\/11\/ME-new-featured.jpg","contentUrl":"https:\/\/merritt.ae\/wp-content\/uploads\/2021\/11\/ME-new-featured.jpg","width":1200,"height":630,"caption":"merritt.ae"},"image":{"@id":"https:\/\/merritt.ae\/#\/schema\/logo\/image\/"}}]}},"_links":{"self":[{"href":"https:\/\/merritt.ae\/fr\/wp-json\/wp\/v2\/pages\/13444","targetHints":{"allow":["GET"]}}],"collection":[{"href":"https:\/\/merritt.ae\/fr\/wp-json\/wp\/v2\/pages"}],"about":[{"href":"https:\/\/merritt.ae\/fr\/wp-json\/wp\/v2\/types\/page"}],"author":[{"embeddable":true,"href":"https:\/\/merritt.ae\/fr\/wp-json\/wp\/v2\/users\/2"}],"replies":[{"embeddable":true,"href":"https:\/\/merritt.ae\/fr\/wp-json\/wp\/v2\/comments?post=13444"}],"version-history":[{"count":10,"href":"https:\/\/merritt.ae\/fr\/wp-json\/wp\/v2\/pages\/13444\/revisions"}],"predecessor-version":[{"id":17746,"href":"https:\/\/merritt.ae\/fr\/wp-json\/wp\/v2\/pages\/13444\/revisions\/17746"}],"up":[{"embeddable":true,"href":"https:\/\/merritt.ae\/fr\/wp-json\/wp\/v2\/pages\/11504"}],"wp:attachment":[{"href":"https:\/\/merritt.ae\/fr\/wp-json\/wp\/v2\/media?parent=13444"}],"curies":[{"name":"wp","href":"https:\/\/api.w.org\/{rel}","templated":true}]}}