{"id":13026,"date":"2022-04-09T17:12:46","date_gmt":"2022-04-09T13:12:46","guid":{"rendered":"https:\/\/merritt.ae\/?page_id=13026"},"modified":"2023-03-29T10:56:53","modified_gmt":"2023-03-29T06:56:53","slug":"cryptomonnaie-et-nft","status":"publish","type":"page","link":"https:\/\/merritt.ae\/fr\/societe\/solutions-metiers\/cryptomonnaie-et-nft\/","title":{"rendered":"Cryptomonnaie et NFT"},"content":{"rendered":"<div id='full_slider_1'  class='avia-fullwidth-slider main_color avia-shadow   avia-builder-el-0  el_before_av_heading  avia-builder-el-first   container_wrap sidebar_right'  >\n<style type=\"text\/css\" data-created_by=\"avia_inline_auto\" id=\"style-css-av-2157ty-9f61beb680f2e2130ff932ad0ce0c85d\">\n#top #wrap_all .avia-slideshow .av-slideshow-caption.av-2157ty-9f61beb680f2e2130ff932ad0ce0c85d__0 .avia-caption-title{\ncolor:#ffffff;\n}\n#top .avia-slideshow .av-slideshow-caption.av-2157ty-9f61beb680f2e2130ff932ad0ce0c85d__0 .avia-caption-content{\ncolor:#ffffff;\n}\n<\/style>\n<div  class='avia-slideshow av-2157ty-9f61beb680f2e2130ff932ad0ce0c85d avia-slideshow-featured av_slideshow_full avia-slide-slider av-slideshow-ui av-control-default av-slideshow-manual av-loop-once av-loop-manual-endless av-default-height-applied   avia-slideshow-1' data-slideshow-options=\"{&quot;animation&quot;:&quot;slide&quot;,&quot;autoplay&quot;:false,&quot;loop_autoplay&quot;:&quot;once&quot;,&quot;interval&quot;:5,&quot;loop_manual&quot;:&quot;manual-endless&quot;,&quot;autoplay_stopper&quot;:false,&quot;noNavigation&quot;:false,&quot;bg_slider&quot;:false,&quot;keep_padding&quot;:false,&quot;hoverpause&quot;:false,&quot;show_slide_delay&quot;:0}\"  itemprop=\"image\" itemscope=\"itemscope\" itemtype=\"https:\/\/schema.org\/ImageObject\" ><ul class='avia-slideshow-inner ' style='padding-bottom: 28.666666666667%;'><li  class='avia-slideshow-slide av-2157ty-9f61beb680f2e2130ff932ad0ce0c85d__0  av-single-slide slide-1 slide-odd'><div data-rel='slideshow-1' class='avia-slide-wrap '   ><div class='av-slideshow-caption av-2157ty-9f61beb680f2e2130ff932ad0ce0c85d__0 caption_fullwidth caption_center caption_center_framed caption_framed'><div class=\"container caption_container\"><div class=\"slideshow_caption\"><div class=\"slideshow_inner_caption\"><div class=\"slideshow_align_caption\"><h2 class='avia-caption-title '  itemprop=\"name\" >Solutions pour les professionnels de la cryptomonnaie et du NFT<\/h2><div class='avia-caption-content av_inherit_color'  itemprop=\"description\" ><p>Une solution agr\u00e9\u00e9e \u00e0 Dubai<\/p>\n<\/div><\/div><\/div><\/div><\/div><\/div><img decoding=\"async\" fetchpriority=\"high\" class=\"wp-image-5697 avia-img-lazy-loading-not-5697\"  src=\"https:\/\/merritt.ae\/wp-content\/uploads\/2019\/12\/Marina-1500x430.jpg\" width=\"1500\" height=\"430\" title='Marina' alt=''  itemprop=\"thumbnailUrl\"   \/><\/div><\/li><\/ul><\/div><\/div><div id='after_full_slider_1'  class='main_color av_default_container_wrap container_wrap sidebar_right'  ><div class='container av-section-cont-open' ><div class='template-page content  av-content-small alpha units'><div class='post-entry post-entry-type-page post-entry-13026'><div class='entry-content-wrapper clearfix'>\n\n<style type=\"text\/css\" data-created_by=\"avia_inline_auto\" id=\"style-css-av-jpdgkb-ba603bca734cf1a49495586c1fc0bf5d\">\n#top .av-special-heading.av-jpdgkb-ba603bca734cf1a49495586c1fc0bf5d{\npadding-bottom:10px;\n}\nbody .av-special-heading.av-jpdgkb-ba603bca734cf1a49495586c1fc0bf5d .av-special-heading-tag .heading-char{\nfont-size:25px;\n}\n.av-special-heading.av-jpdgkb-ba603bca734cf1a49495586c1fc0bf5d .av-subheading{\nfont-size:15px;\n}\n<\/style>\n<div  class='av-special-heading av-jpdgkb-ba603bca734cf1a49495586c1fc0bf5d av-special-heading-h2  avia-builder-el-1  el_after_av_slideshow_full  el_before_av_textblock  avia-builder-el-first  av-linked-heading'><h2 class='av-special-heading-tag '  itemprop=\"headline\"  >Notre solution Cryptomonnaie et NFT<\/h2><div class=\"special-heading-border\"><div class=\"special-heading-inner-border\"><\/div><\/div><\/div>\n<section  class='av_textblock_section av-k4h3lrkf-44f752ca6790e5d23e217be6212328ae '   itemscope=\"itemscope\" itemtype=\"https:\/\/schema.org\/CreativeWork\" ><div class='avia_textblock'  itemprop=\"text\" ><p>Concernant une activit\u00e9 en lien avec les cryptomonnaies et les NFT, le <a href=\"https:\/\/merritt.ae\/fr\/societe\/type-de-societes\/societe-free-zone-dubai\/free-zone-dmcc-jumeirah-lake-towers-dubai\/\" target=\"_blank\" rel=\"noopener\">Registre de DMCC<\/a> propose d\u00e9sormais les licences suivantes:<\/p>\n<p>7229-99 Distributed Ledger Technology Services.<br \/>\nThis activity includes providing database management solutions and ancillary services based on distributed ledger technologies, such as Blockchain. Companies with this activities are not permitted to trade in, or setup an exchange for, currencies or crypto currencies\/commodities or provide any financial activity services, brokerage or payment processing.<\/p>\n<p>6599-92 Proprietary Trading in Crypto-commodities<br \/>\nThis activity includes the buying and selling (Proprietary Trading) of crypto-commodities developed on distributed ledger technology applications, and does not include acting as an exchange, providing brokerage services, financial services, banking services, payment processing or storage services.<\/p>\n<p>7229-97 NFTs E-Marketplace Provider<br \/>\nIncludes firms engaged in providing an online platform for the buying &amp; selling of third parties\u2019 unique digital assets (NFTs) and facilitates commercial interactions between buyer and seller in return of a commission or remuneration. The online platform cannot be used to trade or promote crypto-commodities, cryptocurrencies or NFTs covering any regulated products or securities.<\/p>\n<p>7229-98 Metaverse Service Provider<br \/>\nIncludes firms engaged in the development and hosting of digital virtual environments, which enable simulated interactions between individuals. Companies with this activity are not permitted to issue tokens which are traded on exchanges or trade in crypto commodities.<\/p>\n<p><strong>ATTENTION<\/strong>: une ouverture de compte bancaire \u00e0 Dubai pour toutes activit\u00e9s li\u00e9es \u00e0 des cryptocurrencies est toujours impossible&#8230; Mais nous avons trouv\u00e9 une solution: une banque suisse accepte l&#8217;ouverture de compte pour une soci\u00e9t\u00e9 immatriculu\u00e9e \u00e0 DMCC. Veuillez noter que cette banque exige que le Manager de la soci\u00e9t\u00e9 ait un visa de r\u00e9sidence pour les Emirats.<\/p>\n<p>Veuillez noter qu&#8217;il n&#8217;est pas requis de vous d\u00e9placer \u00e0 Dubai pour immatriculer votre soci\u00e9t\u00e9 et pour proc\u00e9der \u00e0 l&#8217;ouverture de son compte bancaire. Tout peut donc se faire \u00e0 distance!<\/p>\n<p>L&#8217;obtention d&#8217;un visa de r\u00e9sidence demande votre pr\u00e9sence \u00e0 Dubai. Mais nous pouvons dans ce cas immatriculer votre soci\u00e9t\u00e9 avant votre venue comme cela, il vous suffira de venir qu&#8217;une fois, suite \u00e0 l&#8217;immatriculation de votre soci\u00e9t\u00e9, pour obtenir votre visa.<\/p>\n<\/div><\/section>\n<section  class='av_textblock_section av-l1rw9zvg-1d0e582c1d3c82059fd06ee655fb0b8c '   itemscope=\"itemscope\" itemtype=\"https:\/\/schema.org\/CreativeWork\" ><div class='avia_textblock'  itemprop=\"text\" ><div data-getsitecontrol-inline=\"237644\"><\/div>\n<\/div><\/section>\n","protected":false},"excerpt":{"rendered":"","protected":false},"author":3,"featured_media":0,"parent":5386,"menu_order":4,"comment_status":"closed","ping_status":"closed","template":"","meta":{"inline_featured_image":false,"footnotes":""},"class_list":["post-13026","page","type-page","status-publish","hentry"],"yoast_head":"<!-- This site is optimized with the Yoast SEO plugin v27.5 - https:\/\/yoast.com\/product\/yoast-seo-wordpress\/ -->\n<title>Notre solution pour les professionnels de la cryptomonnaie et du NFT<\/title>\n<meta name=\"description\" content=\"Cryptomonnaie et NFT: Nous proposons une solution \u00e0 Dubai pour les professionnels de la cryptomonnaie et NFT avec licence et compte bancaire.\" \/>\n<meta name=\"robots\" content=\"index, follow, max-snippet:-1, max-image-preview:large, max-video-preview:-1\" \/>\n<link rel=\"canonical\" href=\"https:\/\/merritt.ae\/company\/cryptocurrency-and-nft\/\" \/>\n<meta property=\"og:locale\" content=\"fr_FR\" \/>\n<meta property=\"og:type\" content=\"article\" \/>\n<meta property=\"og:title\" content=\"Notre solution pour les professionnels de la cryptomonnaie et du NFT\" \/>\n<meta property=\"og:description\" content=\"Cryptomonnaie et NFT: Nous proposons une solution \u00e0 Dubai pour les professionnels de la cryptomonnaie et NFT avec licence et compte bancaire.\" \/>\n<meta property=\"og:url\" content=\"https:\/\/merritt.ae\/company\/cryptocurrency-and-nft\/\" \/>\n<meta property=\"og:site_name\" content=\"merritt.ae\" \/>\n<meta property=\"article:modified_time\" content=\"2023-03-29T06:56:53+00:00\" \/>\n<meta property=\"og:image\" content=\"https:\/\/merritt.ae\/wp-content\/uploads\/2021\/11\/ME-new-featured.jpg\" \/>\n\t<meta property=\"og:image:width\" content=\"1200\" \/>\n\t<meta property=\"og:image:height\" content=\"630\" \/>\n\t<meta property=\"og:image:type\" content=\"image\/jpeg\" \/>\n<meta name=\"twitter:card\" content=\"summary_large_image\" \/>\n<meta name=\"twitter:label1\" content=\"Dur\u00e9e de lecture estim\u00e9e\" \/>\n\t<meta name=\"twitter:data1\" content=\"3 minutes\" \/>\n<script type=\"application\/ld+json\" class=\"yoast-schema-graph\">{\"@context\":\"https:\\\/\\\/schema.org\",\"@graph\":[{\"@type\":\"WebPage\",\"@id\":\"https:\\\/\\\/merritt.ae\\\/company\\\/cryptocurrency-and-nft\\\/\",\"url\":\"https:\\\/\\\/merritt.ae\\\/company\\\/cryptocurrency-and-nft\\\/\",\"name\":\"Notre solution pour les professionnels de la cryptomonnaie et du NFT\",\"isPartOf\":{\"@id\":\"https:\\\/\\\/merritt.ae\\\/#website\"},\"datePublished\":\"2022-04-09T13:12:46+00:00\",\"dateModified\":\"2023-03-29T06:56:53+00:00\",\"description\":\"Cryptomonnaie et NFT: Nous proposons une solution \u00e0 Dubai pour les professionnels de la cryptomonnaie et NFT avec licence et compte bancaire.\",\"breadcrumb\":{\"@id\":\"https:\\\/\\\/merritt.ae\\\/company\\\/cryptocurrency-and-nft\\\/#breadcrumb\"},\"inLanguage\":\"fr-FR\",\"potentialAction\":[{\"@type\":\"ReadAction\",\"target\":[\"https:\\\/\\\/merritt.ae\\\/company\\\/cryptocurrency-and-nft\\\/\"]}]},{\"@type\":\"BreadcrumbList\",\"@id\":\"https:\\\/\\\/merritt.ae\\\/company\\\/cryptocurrency-and-nft\\\/#breadcrumb\",\"itemListElement\":[{\"@type\":\"ListItem\",\"position\":1,\"name\":\"Home\",\"item\":\"https:\\\/\\\/merritt.ae\\\/fr\\\/accueil\\\/\"},{\"@type\":\"ListItem\",\"position\":2,\"name\":\"Soci\u00e9t\u00e9 \u00e0 Dubai\",\"item\":\"https:\\\/\\\/merritt.ae\\\/fr\\\/societe\\\/\"},{\"@type\":\"ListItem\",\"position\":3,\"name\":\"Solutions m\u00e9tiers\",\"item\":\"https:\\\/\\\/merritt.ae\\\/fr\\\/societe\\\/solutions-metiers\\\/\"},{\"@type\":\"ListItem\",\"position\":4,\"name\":\"Cryptomonnaie et NFT\"}]},{\"@type\":\"WebSite\",\"@id\":\"https:\\\/\\\/merritt.ae\\\/#website\",\"url\":\"https:\\\/\\\/merritt.ae\\\/\",\"name\":\"merritt.ae\",\"description\":\"\",\"publisher\":{\"@id\":\"https:\\\/\\\/merritt.ae\\\/#organization\"},\"potentialAction\":[{\"@type\":\"SearchAction\",\"target\":{\"@type\":\"EntryPoint\",\"urlTemplate\":\"https:\\\/\\\/merritt.ae\\\/?s={search_term_string}\"},\"query-input\":{\"@type\":\"PropertyValueSpecification\",\"valueRequired\":true,\"valueName\":\"search_term_string\"}}],\"inLanguage\":\"fr-FR\"},{\"@type\":\"Organization\",\"@id\":\"https:\\\/\\\/merritt.ae\\\/#organization\",\"name\":\"merritt.ae\",\"url\":\"https:\\\/\\\/merritt.ae\\\/\",\"logo\":{\"@type\":\"ImageObject\",\"inLanguage\":\"fr-FR\",\"@id\":\"https:\\\/\\\/merritt.ae\\\/#\\\/schema\\\/logo\\\/image\\\/\",\"url\":\"https:\\\/\\\/merritt.ae\\\/wp-content\\\/uploads\\\/2021\\\/11\\\/ME-new-featured.jpg\",\"contentUrl\":\"https:\\\/\\\/merritt.ae\\\/wp-content\\\/uploads\\\/2021\\\/11\\\/ME-new-featured.jpg\",\"width\":1200,\"height\":630,\"caption\":\"merritt.ae\"},\"image\":{\"@id\":\"https:\\\/\\\/merritt.ae\\\/#\\\/schema\\\/logo\\\/image\\\/\"}}]}<\/script>\n<!-- \/ Yoast SEO plugin. -->","yoast_head_json":{"title":"Notre solution pour les professionnels de la cryptomonnaie et du NFT","description":"Cryptomonnaie et NFT: Nous proposons une solution \u00e0 Dubai pour les professionnels de la cryptomonnaie et NFT avec licence et compte bancaire.","robots":{"index":"index","follow":"follow","max-snippet":"max-snippet:-1","max-image-preview":"max-image-preview:large","max-video-preview":"max-video-preview:-1"},"canonical":"https:\/\/merritt.ae\/company\/cryptocurrency-and-nft\/","og_locale":"fr_FR","og_type":"article","og_title":"Notre solution pour les professionnels de la cryptomonnaie et du NFT","og_description":"Cryptomonnaie et NFT: Nous proposons une solution \u00e0 Dubai pour les professionnels de la cryptomonnaie et NFT avec licence et compte bancaire.","og_url":"https:\/\/merritt.ae\/company\/cryptocurrency-and-nft\/","og_site_name":"merritt.ae","article_modified_time":"2023-03-29T06:56:53+00:00","og_image":[{"width":1200,"height":630,"url":"https:\/\/merritt.ae\/wp-content\/uploads\/2021\/11\/ME-new-featured.jpg","type":"image\/jpeg"}],"twitter_card":"summary_large_image","twitter_misc":{"Dur\u00e9e de lecture estim\u00e9e":"3 minutes"},"schema":{"@context":"https:\/\/schema.org","@graph":[{"@type":"WebPage","@id":"https:\/\/merritt.ae\/company\/cryptocurrency-and-nft\/","url":"https:\/\/merritt.ae\/company\/cryptocurrency-and-nft\/","name":"Notre solution pour les professionnels de la cryptomonnaie et du NFT","isPartOf":{"@id":"https:\/\/merritt.ae\/#website"},"datePublished":"2022-04-09T13:12:46+00:00","dateModified":"2023-03-29T06:56:53+00:00","description":"Cryptomonnaie et NFT: Nous proposons une solution \u00e0 Dubai pour les professionnels de la cryptomonnaie et NFT avec licence et compte bancaire.","breadcrumb":{"@id":"https:\/\/merritt.ae\/company\/cryptocurrency-and-nft\/#breadcrumb"},"inLanguage":"fr-FR","potentialAction":[{"@type":"ReadAction","target":["https:\/\/merritt.ae\/company\/cryptocurrency-and-nft\/"]}]},{"@type":"BreadcrumbList","@id":"https:\/\/merritt.ae\/company\/cryptocurrency-and-nft\/#breadcrumb","itemListElement":[{"@type":"ListItem","position":1,"name":"Home","item":"https:\/\/merritt.ae\/fr\/accueil\/"},{"@type":"ListItem","position":2,"name":"Soci\u00e9t\u00e9 \u00e0 Dubai","item":"https:\/\/merritt.ae\/fr\/societe\/"},{"@type":"ListItem","position":3,"name":"Solutions m\u00e9tiers","item":"https:\/\/merritt.ae\/fr\/societe\/solutions-metiers\/"},{"@type":"ListItem","position":4,"name":"Cryptomonnaie et NFT"}]},{"@type":"WebSite","@id":"https:\/\/merritt.ae\/#website","url":"https:\/\/merritt.ae\/","name":"merritt.ae","description":"","publisher":{"@id":"https:\/\/merritt.ae\/#organization"},"potentialAction":[{"@type":"SearchAction","target":{"@type":"EntryPoint","urlTemplate":"https:\/\/merritt.ae\/?s={search_term_string}"},"query-input":{"@type":"PropertyValueSpecification","valueRequired":true,"valueName":"search_term_string"}}],"inLanguage":"fr-FR"},{"@type":"Organization","@id":"https:\/\/merritt.ae\/#organization","name":"merritt.ae","url":"https:\/\/merritt.ae\/","logo":{"@type":"ImageObject","inLanguage":"fr-FR","@id":"https:\/\/merritt.ae\/#\/schema\/logo\/image\/","url":"https:\/\/merritt.ae\/wp-content\/uploads\/2021\/11\/ME-new-featured.jpg","contentUrl":"https:\/\/merritt.ae\/wp-content\/uploads\/2021\/11\/ME-new-featured.jpg","width":1200,"height":630,"caption":"merritt.ae"},"image":{"@id":"https:\/\/merritt.ae\/#\/schema\/logo\/image\/"}}]}},"_links":{"self":[{"href":"https:\/\/merritt.ae\/fr\/wp-json\/wp\/v2\/pages\/13026","targetHints":{"allow":["GET"]}}],"collection":[{"href":"https:\/\/merritt.ae\/fr\/wp-json\/wp\/v2\/pages"}],"about":[{"href":"https:\/\/merritt.ae\/fr\/wp-json\/wp\/v2\/types\/page"}],"author":[{"embeddable":true,"href":"https:\/\/merritt.ae\/fr\/wp-json\/wp\/v2\/users\/3"}],"replies":[{"embeddable":true,"href":"https:\/\/merritt.ae\/fr\/wp-json\/wp\/v2\/comments?post=13026"}],"version-history":[{"count":9,"href":"https:\/\/merritt.ae\/fr\/wp-json\/wp\/v2\/pages\/13026\/revisions"}],"predecessor-version":[{"id":17219,"href":"https:\/\/merritt.ae\/fr\/wp-json\/wp\/v2\/pages\/13026\/revisions\/17219"}],"up":[{"embeddable":true,"href":"https:\/\/merritt.ae\/fr\/wp-json\/wp\/v2\/pages\/5386"}],"wp:attachment":[{"href":"https:\/\/merritt.ae\/fr\/wp-json\/wp\/v2\/media?parent=13026"}],"curies":[{"name":"wp","href":"https:\/\/api.w.org\/{rel}","templated":true}]}}